{"id":9324,"date":"2024-01-31T15:11:45","date_gmt":"2024-01-31T15:11:45","guid":{"rendered":"https:\/\/canaryvip.com\/?post_type=product&#038;p=9324"},"modified":"2025-08-09T13:07:49","modified_gmt":"2025-08-09T12:07:49","slug":"tigresa-luxury-yacht-tenerife","status":"publish","type":"product","link":"https:\/\/canaryvip.com\/de\/shop\/tigresa-luxury-yacht-tenerife\/","title":{"rendered":"Mieten Sie die #1, die luxuri\u00f6seste Yacht auf Teneriffa: Tigresa Boot"},"content":{"rendered":"<h2><strong>\ud83d\udee5\ufe0f Tigresa Teneriffa Yacht: Ultimativer Luxus<\/strong><\/h2>\n<p>Willkommen an Bord der Tigresa, dem H\u00f6hepunkt der Jachterlebnisse auf Teneriffa. Diese <strong>Azimut 60 Flybridge,<\/strong>\u00a0ein atemberaubendes 19,5 Meter langes Wunderwerk, bietet mehr als nur ein Schiff - es ist Ihre exklusive Eintrittskarte zu den Geheimnissen des Meeres.<\/p>\n<p>Angetrieben von leistungsstarken 800-PS-Motoren, verspricht sie sowohl eine aufregende Geschwindigkeit als auch eine ruhige Fahrt, wenn Sie sich auf Ihre einzigartige Reise begeben. <strong>Bootsfahrt auf Teneriffa.<\/strong><\/p>\n<p>Entdecken Sie, was es bedeutet, ein <strong>Privater Bootsausflug<\/strong> mit Tigresa in den kristallklaren Gew\u00e4ssern von Teneriffa.<\/p>\n<h3>\u2b50\ufe0f <strong>Unvergleichliche Opulenz an Bord<\/strong><\/h3>\n<p><span style=\"text-decoration: underline;\"><strong>Genie\u00dfen Sie die gro\u00dfz\u00fcgigen Annehmlichkeiten des Tigresa:<\/strong><\/span><\/p>\n<ul>\n<li>Zwei luxuri\u00f6se Doppelzimmer und ein gem\u00fctliches Zweibettzimmer, perfekt f\u00fcr ein intimes Yachtmiete Teneriffa Erlebnis.<\/li>\n<li>Zwei schicke B\u00e4der und ein praktisches WC verleihen Ihren Abenteuern einen Hauch von Exklusivit\u00e4t.<\/li>\n<li>Ein pr\u00e4chtiges Wohnzimmer, in dem Sie sich w\u00e4hrend Ihrer Kreuzfahrt bestens entspannen k\u00f6nnen.<\/li>\n<li>Eine voll ausgestattete K\u00fcche, die darauf vorbereitet ist, Ihre kulinarischen Erfahrungen zu verbessern, w\u00e4hrend Sie ein Boot auf Teneriffa mieten.<\/li>\n<li>50-Zoll-Plasma-TVs, die Unterhaltung mit Luxus auf Ihrer pers\u00f6nlichen Bootsfahrt auf Teneriffa verbinden.<\/li>\n<li>Zwei sonnendurchflutete Decks, ideal, um die Sonne w\u00e4hrend Ihres T\u00f6rns zu genie\u00dfen.<\/li>\n<li>Eine hochmoderne hydraulische Schwimmplattform, die Ihr Schwimmtraining aufwertet.<\/li>\n<\/ul>\n<h3>\ud83d\udea4 <strong>Der Inbegriff der VIP-Behandlung mit einer mehrsprachigen Crew<\/strong><\/h3>\n<p>Erleben Sie den pers\u00f6nlichen Service unserer erfahrenen, zweik\u00f6pfigen Crew, die sich mit den Sch\u00f6nheiten der Kanarischen Inseln bestens auskennt und Ihnen eine kulturell reichhaltige Reise w\u00e4hrend Ihrer Luxusyachtvermietung auf Teneriffa garantiert.<\/p>\n<p>Das Fachwissen unserer Crew steigert nicht nur Ihren Komfort, sondern bereichert auch Ihr Verst\u00e4ndnis f\u00fcr die lokale Kultur und Geschichte. <strong>Bootsfahrt Teneriffa<\/strong> eine denkw\u00fcrdige Erkundung.<\/p>\n<p>W\u00e4hrend Sie entlang der atemberaubenden K\u00fcste gleiten, wird unsere Crew Sie auf historische St\u00e4tten hinweisen, Ihnen die lokale Meeres\u00f6kologie erkl\u00e4ren und Ihnen helfen, das Beste zu erleben, was ein <strong>Bootsfahrt auf Teneriffa<\/strong> zu bieten hat.<\/p>\n<p>Diese Liebe zum Detail sorgt daf\u00fcr, dass Ihre Zeit an Bord \u00fcber das Gew\u00f6hnliche hinausgeht und eine einfache Yachtmiete zu einer tiefgreifenden kulturellen Reise durch die ruhigen Gew\u00e4sser Teneriffas wird.<\/p>\n<h3>\ud83c\udf0a <strong>Reibungsloses Segeln mit fortschrittlicher Technologie<\/strong><\/h3>\n<p>Genie\u00dfen Sie die Ruhe des Ozeans an Bord der Tigresa, wo unser gyroskopischer Stabilisator Seakeeper daf\u00fcr sorgt, dass Sie jeden Moment Ihrer Reise genie\u00dfen k\u00f6nnen. <a href=\"https:\/\/canaryvip.com\/de\/tenerife\/boat-excursions\/\"><strong>Bootsfahrt Teneriffa<\/strong><\/a> ist einpr\u00e4gsam und heiter zugleich.<\/p>\n<p>Sp\u00fcren Sie die Ruhe, wenn diese hochmoderne Technologie die Wellen gl\u00e4ttet, so dass Sie sich voll und ganz entspannen und die atemberaubende Aussicht auf das Meer genie\u00dfen k\u00f6nnen, ohne sich Sorgen zu machen.<\/p>\n<p>Egal, ob Sie an Deck die Sonne genie\u00dfen oder mit Blick auf das Meer speisen, die Tigresa bietet Ihnen ein ruhiges und stabiles Erlebnis, das Ihre Zeit auf See wirklich unvergesslich macht.<\/p>\n<h3>\ud83d\udd52 <strong>W\u00e4hlen Sie Ihr exklusives Abenteuer<\/strong><\/h3>\n<ul>\n<li><strong>3-Stunden-Reise:<\/strong>\u00a0Entdecken Sie die wundersch\u00f6ne S\u00fcdwestk\u00fcste Teneriffas, die sich perfekt f\u00fcr eine schnelle und dennoch beeindruckende Bootsvermietung eignet.<\/li>\n<li><strong>5-Stunden-Reise:<\/strong>\u00a0Erkunden Sie das majest\u00e4tische Los Gigantes und die bezaubernde Bucht von Masca, ideal f\u00fcr ein umfassendes Luxusyacht-Erlebnis auf Teneriffa.<\/li>\n<li><strong>Ultimative 8-Stunden-Erfahrung:<\/strong>\u00a0Begeben Sie sich auf das ultimative Abenteuer und besuchen Sie exklusive Orte unter dem majest\u00e4tischen <a href=\"https:\/\/canaryvip.com\/de\/discover-the-teide-the-ultimate-guide-iconic-volcano\/\">Berg Teide<\/a>die nur mit einer privaten Yacht zu erreichen ist.<\/li>\n<\/ul>\n<h3>\ud83d\udc2c <strong>Ethisches und luxuri\u00f6ses Whale Watching<\/strong><\/h3>\n<p>Begleiten Sie uns auf der Tigresa, die mit allen erforderlichen Genehmigungen ausgestattet ist, und erleben Sie eine respektvolle und luxuri\u00f6se Begegnung mit den Giganten des Ozeans, die Ihre Yachtmiete auf Teneriffa bereichern wird.<\/p>\n<h3>\u2705 <strong>Luxus, neu definiert: Was ist inbegriffen?<\/strong><\/h3>\n<ul>\n<li>Erstklassige Annehmlichkeiten wie eine Badeplattform und \u00fcppiger Komfort setzen neue Ma\u00dfst\u00e4be f\u00fcr Ihre Yachtmiete auf Teneriffa.<\/li>\n<li>Gaumenfreuden mit Champagner, erlesenen Weinen und exquisiten Mahlzeiten, die den Inbegriff einer luxuri\u00f6sen Schiffsreise darstellen.<\/li>\n<li>VIP-Transport von Ihrem Hotel im S\u00fcden Teneriffas, der Ihrer Bootsfahrt einen zus\u00e4tzlichen Hauch von Luxus verleiht.<\/li>\n<\/ul>\n<h3>\ud83d\udd53 <strong>Meeting Point &amp; Exklusiver Zugang<\/strong><\/h3>\n<ul>\n<li><strong>Standort:<\/strong>\u00a0Costa Adeje, Puerto Col\u00f3n. Der Beginn Ihres unvergleichlichen Jachterlebnisses auf Teneriffa.<\/li>\n<li><strong>Parken:<\/strong>\u00a0Viel Platz zu wettbewerbsf\u00e4higen Preisen macht den Einstieg in eine Luxusreise leicht.<\/li>\n<\/ul>\n<h3>\ud83d\udccd <strong>Abreise von Puerto Col\u00f3n in Costa Adeje<\/strong><\/h3>\n<p>Beginnen Sie Ihr Luxusabenteuer in Puerto Col\u00f3n, dem lebhaften Zentrum der Wassersport-Szene von Costa Adeje. Dieser prestigetr\u00e4chtige Yachthafen ist bekannt f\u00fcr seine Eleganz und moderne Raffinesse und bietet die perfekte Kulisse f\u00fcr Ihren privaten Bootsausflug.<\/p>\n<p>Sp\u00fcren Sie die pulsierende Energie der Region, wenn Sie an Bord gehen. Hier bei <a href=\"https:\/\/maps.app.goo.gl\/ocJuu7A8R1JWjPbS9\" target=\"_blank\" rel=\"noopener\">Puerto Col\u00f3n<\/a>Jede Abfahrt ist ein aufregendes Versprechen f\u00fcr unvergessliche Erlebnisse und atemberaubende Ausblicke auf die ruhigen Gew\u00e4sser Teneriffas.<\/p>\n<h4>\ud83d\udcdc <strong>Klare und pr\u00e4gnante Politik<\/strong><\/h4>\n<ul>\n<li><strong>Wetterschutz:<\/strong>\u00a0W\u00e4hlen Sie einen alternativen Termin oder erhalten Sie eine volle R\u00fcckerstattung, wenn das Wetter nicht mitspielt, damit Ihr Yachterlebnis perfekt wird.<\/li>\n<li><strong>Flexibilit\u00e4t bei der Stornierung:<\/strong>\u00a0Kostenlose Stornierung oder Umplanung bis zu 6 Tage im Voraus, um Ihren Terminw\u00fcnschen gerecht zu werden.<\/li>\n<\/ul>\n<p>Tauchen Sie mit Tigresa in das Reich des exklusiven Luxus ein.<br \/>\nBuchen Sie jetzt und genie\u00dfen Sie ein Erlebnis, bei dem Gr\u00f6\u00dfe auf Meer trifft. \ud83c\udf0a\ud83c\udf1f\ud83d\udee5\ufe0f<\/p>","protected":false},"excerpt":{"rendered":"<p><strong>\ud83d\udd0d Tigresa Yacht Tours:<\/strong><br \/>\n\u2705 Sichere Bezahlung.<br \/>\n\ud83d\udee5\ufe0f 18-Meter-Luxus-Yacht.<br \/>\n\ud83d\udc0b Sichtung von Walen und Delfinen.<br \/>\n\u23f3 T\u00e4gliche Touren von 3-8h.<br \/>\n\ud83d\udd59 Anpassbare Abfahrtszeiten.<br \/>\n\ud83c\udf7e Erfrischungsgetr\u00e4nke und Champagner.<br \/>\n\ud83c\udf74 Gourmet-Mahlzeiten und -Getr\u00e4nke.<br \/>\n\ud83d\udc65 Bis zu 12 G\u00e4ste.<br \/>\n\ud83e\udd3f Schnorchelausr\u00fcstung wird zur Verf\u00fcgung gestellt.<br \/>\n\ud83d\ude97 Transportdienstleistung inbegriffen.<br \/>\n\ud83e\udd11 Bester Preis garantiert.<br \/>\n\ud83d\udc6a Rabatte Aktiviert.<br \/>\n\ud83d\udd01 Bis zu 8 Tage K\u00fcndigungsfrist.<br \/>\n\ud83c\udf0d Mehrsprachige Besatzung.<br \/>\n\ud83c\udf1f Jetzt buchen und sparen!<br \/>\n\ud83d\udccd Abreise von <a href=\"https:\/\/maps.app.goo.gl\/ocJuu7A8R1JWjPbS9\">Puerto Colon<\/a>.<\/p>","protected":false},"featured_media":9328,"comment_status":"open","ping_status":"closed","template":"","meta":{"_acf_changed":false},"product_brand":[],"product_cat":[47],"product_tag":[],"class_list":{"0":"post-9324","1":"product","2":"type-product","3":"status-publish","4":"has-post-thumbnail","6":"product_cat-boat-hire-tenerife","7":"wcpa_has_options","9":"first","10":"instock","11":"virtual","12":"purchasable","13":"product-type-simple"},"acf":[],"wcpa_form_fields":{"wcpaData":{"product":{"product_price":2000,"price_html":"From&nbsp;<span class=\"woocommerce-Price-amount amount\"><bdi>2.000,00&nbsp;<span class=\"woocommerce-Price-currencySymbol\">&euro;<\/span><\/bdi><\/span>","original_product_price":2000,"price_including_tax":2000,"price_excluding_tax":2000,"product_id":{"parent":9324,"variation":false},"is_variable":false,"stock_status":"instock","stock_quantity":null,"parent_sku":"CV9324","product_attributes":[],"custom_fields":[],"is_taxable":false,"product_name":"Rent the #1 Luxurious Yacht in Tenerife: Tigresa Boat","hasImage":false},"fields":{"sec_365c78ffa811e8":{"extra":{"key":"sec_365c78ffa811e8","section_id":"sec_365c78ffa811e8","name":"Default","status":1,"cl_rule":"show","enableCl":false,"relations":[],"toggle":true,"title_tag":"h3","show_title":false,"showPrice":"default","form_id":9607,"form_rules":{"exclude_from_discount":true,"fee_label":"Fee","disp_hide_options_price":true,"disp_show_section_price":false,"disp_show_field_price":true,"layout_option":"standard","pric_use_as_fee":false,"process_fee_as":"woo_fee"},"layout_option":"standard"},"fields":[[{"label":"\ud83d\udcc5 Date","active":true,"required":true,"elementId":"date_465c78ffa81217","picker_type":"custom","picker_mode":"single","placeholder":"","description":"","tooltip":"","name":"date_465c78ffa81217","label_position":"default","desc_position":"default","enablePrice":false,"className":"","enableCl":false,"relations":[{"operator":"and","rules":[{"operator":"AND","rules":{"cl_field":"radio-group_565c78ffa81208","cl_relation":"is","cl_val":"3 Hour Trip"}}]}],"date_pic_inline":true,"date_pic_inline_hide":true,"min_date":{"type":"days","val":"2"},"max_date":{"type":"days","val":"365"},"date_pic_conf":{"disabledWeeks":[]},"price":"","cl_rule":"show","col":6,"type":"date","error":false,"enableDesign":false,"LabelColor":"","gt_translate_keys":["label","placeholder","description","tooltip"],"price_dependency":false,"cl_dependency":false,"value":""}],[{"contentType":"rich","active":true,"label":"","elementId":"content_765c78ffa81286","value":"<p>\ud83c\udf9f\ufe0f <strong>Reservation<\/strong>: Pay only a deposit now to reserve; the rest is due on the day of the activity upon arrival.<\/p>","inline":false,"name":"content_765c78ffa81286","enablePrice":false,"className":"","subtype":"p","enableCl":false,"relations":false,"price":"","cl_rule":"show","col":6,"type":"content","error":false,"pricingType":"custom","isTemplate":false,"is_show_price":true,"show_in_checkout":true,"gt_translate_keys":["label","value"],"price_dependency":false,"cl_dependency":false}],[{"elementId":"separator-2189502245","separatorType":"blank","className":"","height":"3","enableCl":false,"relations":false,"cl_rule":"show","col":6,"type":"separator","error":false,"gt_translate_keys":[],"price_dependency":false,"cl_dependency":false,"value":""}],[{"active":true,"col":6,"relations":false,"cl_rule":"show","enableCl":false,"price":"","enablePrice":true,"className":"","label_position":"default","desc_position":"default","type":"select","required":true,"elementId":"select_5841412719","label":"\u23f3 Trip Duration","name":"select_5841412719","values":[{"label":"3 Hours (2.000\u20ac)","value":"3","selected":false,"tempId":"aco_556","price":"300","gt_translate_keys":["label"]},{"label":"4 Hours (2.500\u20ac)","value":"4","selected":false,"tempId":"aco_557","price":"375","gt_translate_keys":["label"]},{"label":"5 Hours (3.000\u20ac)","value":"5","selected":false,"tempId":"aco_558","price":"450","gt_translate_keys":["label"]},{"label":"6 Hours (3.500\u20ac)","value":"6","selected":false,"tempId":"aco_640","price":"525","gt_translate_keys":["label"]},{"label":"7 Hours (4.000\u20ac)","value":"7","selected":false,"tempId":"aco_650","price":"600","gt_translate_keys":["label"]},{"label":"8 Hours (4.500\u20ac)","value":"8","selected":false,"tempId":"aco_660","price":"675","gt_translate_keys":["label"]}],"dropdown_type":"basic","error":false,"placeholder":"Select Trip Duration","priceOptions":"different_for_all","pricingType":"fixed","gt_translate_keys":["label","placeholder"],"price_dependency":false,"cl_dependency":false,"value":""}],[{"elementId":"separator_665c78ffa8127b","separatorType":"fill","className":"","height":"6","enableCl":false,"relations":false,"cl_rule":"show","col":6,"type":"separator","error":false,"separatorColor":"#66a6b6","gt_translate_keys":[],"price_dependency":false,"cl_dependency":false,"value":""}],[{"active":true,"col":6,"relations":false,"cl_rule":"show","enableCl":false,"price":"({field.select_5841412719.","enablePrice":true,"className":"","label_position":"default","desc_position":"default","type":"content","required":false,"elementId":"content_865c78ffa812c0","label":"Deposit Payment","name":"content_865c78ffa812c0","contentType":"plain","value":"","error":false,"pricingType":"custom","isTemplate":true,"is_show_price":true,"enableDesign":true,"scrollBar":false,"use_as_fee":false,"fee_label":"Payment Now","inline":true,"show_in_checkout":true,"subtype":"div","formulaId":"fmla_1708364241278155361","LabelSize":"14px","gt_translate_keys":["label","value"],"price_dependency":["content-0022143174"],"cl_dependency":false}],[{"contentType":"plain","active":true,"label":"Payment at Arrival","elementId":"content_465c78ffa812c9","value":"","inline":true,"show_in_checkout":true,"name":"content_465c78ffa812c9","enablePrice":true,"className":"","fee_label":"Payment at Arrival","subtype":"div","enableCl":false,"relations":false,"scrollBar":false,"enableDesign":true,"pricingType":"custom","isTemplate":true,"price":"({field.radio-group_965c78ffa8129a.quantity}*22) + ({field.radio-group_865c78ffa812a3.quantity}*11)","use_as_fee":false,"is_show_price":true,"cl_rule":"show","col":6,"type":"content","error":false,"formulaId":"fmla_1708360988969136756","LabelSize":"14px","gt_translate_keys":["label","value"],"price_dependency":["content-0022143174"],"cl_dependency":false}],[{"contentType":"plain","active":true,"label":"Total Price","elementId":"content-0022143174","value":"","inline":true,"show_in_checkout":true,"name":"content-0022143174","enablePrice":true,"className":"","fee_label":"Payment at Arrival","subtype":"div","enableCl":false,"relations":false,"scrollBar":false,"enableDesign":true,"LabelSize":"14px","pricingType":"custom","isTemplate":false,"price":"({field.content_865c78ffa812c0.price}) + ({field.content_465c78ffa812c9.price})","formulaId":"fmla_1708360988969136756","use_as_fee":false,"is_show_price":true,"cl_rule":"show","col":6,"type":"content","error":false,"gt_translate_keys":["label","value"],"price_dependency":false,"cl_dependency":false}]]},"sec_165c78ffa81315":{"extra":{"key":"sec_165c78ffa81315","section_id":"sec_165c78ffa81315","name":"Pickup Location","status":1,"cl_rule":"show","enableCl":false,"relations":[],"toggle":true,"title_tag":"h4","show_title":false,"showPrice":"default","form_id":9607,"form_rules":{"exclude_from_discount":true,"fee_label":"Fee","disp_hide_options_price":true,"disp_show_section_price":false,"disp_show_field_price":true,"layout_option":"standard","pric_use_as_fee":false,"process_fee_as":"woo_fee"},"layout_option":"standard"},"fields":[[{"elementId":"separator_965c78ffa8131e","separatorType":"blank","className":"","height":"3","enableCl":false,"relations":false,"cl_rule":"show","col":6,"type":"separator","error":false,"gt_translate_keys":[],"price_dependency":false,"cl_dependency":false,"value":""}],[{"active":true,"col":6,"relations":[{"operator":false,"rules":[{"operator":"AND","rules":{"cl_field":"radio-group_565c78ffa81208","cl_relation":"is","cl_val":"3 Hour Trip"}}]}],"cl_rule":"show","enableCl":false,"price":"","enablePrice":false,"className":"","label_position":"default","desc_position":"default","type":"select","required":false,"elementId":"select_165c78ffa81221","label":"\u23f0 Departure","name":"select_165c78ffa81221","values":[{"label":"09:00","value":"09:00","selected":false,"tempId":"aco_1471","gt_translate_keys":["label"]},{"label":"10:00","value":"10:00","selected":false,"tempId":"aco_1472","gt_translate_keys":["label"]},{"label":"11:00","value":"11:00","selected":false,"tempId":"aco_1500","gt_translate_keys":["label"]},{"label":"12:00","value":"12:00","selected":false,"tempId":"aco_1510","gt_translate_keys":["label"]},{"label":"13:00 (1:00 PM)","value":"13:00","selected":false,"tempId":"aco_1520","gt_translate_keys":["label"]},{"label":"14:00 (2:00 PM)","value":"14:00","selected":false,"tempId":"aco_1728","gt_translate_keys":["label"]},{"label":"15:00 (3:00 PM)","value":"15:00","selected":false,"tempId":"aco_1738","gt_translate_keys":["label"]},{"label":"16:00 (4:00 PM)","value":"16:00","selected":false,"tempId":"aco_1748","gt_translate_keys":["label"]},{"label":"17:00 (5:00 PM)","value":"17:00","selected":false,"tempId":"aco_1912","gt_translate_keys":["label"]},{"label":"18:00 (6:00 PM)","value":"18:00","selected":false,"tempId":"aco_1922","gt_translate_keys":["label"]}],"dropdown_type":"basic","error":false,"placeholder":"Whichever Time is Best","gt_translate_keys":["label","placeholder"],"price_dependency":false,"cl_dependency":false,"value":""}],[{"elementId":"separator-6457332782","separatorType":"blank","className":"","height":"3","enableCl":false,"relations":false,"cl_rule":"show","col":6,"type":"separator","error":false,"gt_translate_keys":[],"price_dependency":false,"cl_dependency":false,"value":""}],[{"active":true,"col":6,"relations":[{"operator":false,"rules":[{"operator":false,"rules":{"cl_field":"radio-group_565c78ffa81208","cl_relation":"is_not","cl_val":"4.5 Hour Trip from North Tenerife"}}]}],"cl_rule":"show","enableCl":false,"price":"","enablePrice":false,"className":"","label_position":"default","desc_position":"default","type":"text","subtype":"text","required":false,"elementId":"text_565c78ffa81326","label":"\ud83d\ude8c Pickup Location","name":"text_565c78ffa81326","value":"","error":false,"description":"Free pick-up service in Tenerife South. Simply provide your address or hotel name.","repeater":false,"repeater_field_label":"{field_label}","repeater_bind":"","gt_translate_keys":["label","description","value","repeater_field_label"],"price_dependency":false,"cl_dependency":false}]]}},"config":{"price_override":"always","enable_recaptcha":false,"bind_quantity":false,"quantity_bind_formula":false,"disp_summ_show_option_price":true,"disp_summ_show_product_price":false,"disp_summ_show_total_price":false,"disp_summ_show_fee":true,"disp_summ_show_discount":true,"summary_title":"","options_total_label":"Options Price","total_label":"Deposit Amount","options_product_label":"Product Price","fee_label":"Fee","discount_label":"Discount","has_price":true,"has_quantity_formula":false},"mc_unit":1,"tax_rate":1,"tax_rate_real":1,"discount":{"percentage":0,"fixed":0},"design":{"conf":{"LabelPosition":"above","DescPosition":"above","UploadField":"custom_1","QuantityFieldStyle":"custom_1"},"css":{"LeftLabelWidth":"120px"}},"formulas":{"fmla_1708360988969136756":"(({field.select_5841412719.value}>=8)?(3825):(({field.select_5841412719.value}>=7)?(3400):(({field.select_5841412719.value}>=6)?(2975):(({field.select_5841412719.value}>=5)?(2550):(({field.select_5841412719.value}>=4)?(2125):(({field.select_5841412719.value}>=3)?(1700):(0)))))))","fmla_1708364241278155361":"(({field.select_5841412719.value}>=8)?({field.select_5841412719.price}):(({field.select_5841412719.value}>=7)?({field.select_5841412719.price}):(({field.select_5841412719.value}>=6)?({field.select_5841412719.price}):(({field.select_5841412719.value}>=5)?({field.select_5841412719.price}):(({field.select_5841412719.value}>=4)?({field.select_5841412719.price}):(({field.select_5841412719.value}>=3)?({field.select_5841412719.price}):(0)))))))"},"lookuptables":[],"clones":false,"cartKey":false}},"_links":{"self":[{"href":"https:\/\/canaryvip.com\/de\/wp-json\/wp\/v2\/product\/9324","targetHints":{"allow":["GET"]}}],"collection":[{"href":"https:\/\/canaryvip.com\/de\/wp-json\/wp\/v2\/product"}],"about":[{"href":"https:\/\/canaryvip.com\/de\/wp-json\/wp\/v2\/types\/product"}],"replies":[{"embeddable":true,"href":"https:\/\/canaryvip.com\/de\/wp-json\/wp\/v2\/comments?post=9324"}],"wp:featuredmedia":[{"embeddable":true,"href":"https:\/\/canaryvip.com\/de\/wp-json\/wp\/v2\/media\/9328"}],"wp:attachment":[{"href":"https:\/\/canaryvip.com\/de\/wp-json\/wp\/v2\/media?parent=9324"}],"wp:term":[{"taxonomy":"product_brand","embeddable":true,"href":"https:\/\/canaryvip.com\/de\/wp-json\/wp\/v2\/product_brand?post=9324"},{"taxonomy":"product_cat","embeddable":true,"href":"https:\/\/canaryvip.com\/de\/wp-json\/wp\/v2\/product_cat?post=9324"},{"taxonomy":"product_tag","embeddable":true,"href":"https:\/\/canaryvip.com\/de\/wp-json\/wp\/v2\/product_tag?post=9324"}],"curies":[{"name":"wp","href":"https:\/\/api.w.org\/{rel}","templated":true}]}}