{"id":8824,"date":"2024-01-15T13:42:01","date_gmt":"2024-01-15T13:42:01","guid":{"rendered":"https:\/\/canaryvip.com\/?post_type=product&#038;p=8824"},"modified":"2025-09-19T12:00:53","modified_gmt":"2025-09-19T11:00:53","slug":"siam-park-vip-villa","status":"publish","type":"product","link":"https:\/\/canaryvip.com\/de\/shop\/siam-park-vip-villa\/","title":{"rendered":"Siam Park VIP-Villa"},"content":{"rendered":"<section class=\"l-section wpb_row height_medium\"><div class=\"l-section-h i-cf\"><div class=\"g-cols vc_row via_flex valign_top type_default stacking_default\"><div class=\"vc_col-sm-12 wpb_column vc_column_container\"><div class=\"vc_column-inner\"><div class=\"wpb_wrapper\"><div class=\"wpb_text_column\"><div class=\"wpb_wrapper\"><h2>\ud83c\udf34 <strong>Siam Park VIP Villa Erfahrung mit CanaryVIP<\/strong><\/h2>\n<p>Willkommen auf dem Gipfel des Luxus im Siam Park auf Teneriffa. Als Oase f\u00fcr Wasserliebhaber, <strong>Siam-Park<\/strong> ist bekannt f\u00fcr seine aufregenden Fahrten und malerischen Landschaften. Von der adrenalingeladenen <strong>Turm der Macht<\/strong> zur heiteren <strong>Mai Thai Fluss,<\/strong>\u00a0wir bieten etwas f\u00fcr jede Art von Abenteurer. Erh\u00f6hen Sie Ihren Besuch mit diesem exklusiven VIP-Villa-Erlebnis, bei dem Raffinesse und Aufregung zusammenkommen.<\/p>\n<h3><strong>\ud83c\udf1f Luxuri\u00f6se VIP-Villa-Annehmlichkeiten<\/strong><\/h3>\n<ul>\n<li><strong>Thai-inspirierte Eleganz:<\/strong> Die VIP-Villa, die mit thail\u00e4ndischer Eleganz geschm\u00fcckt ist, bietet einen friedlichen und luxuri\u00f6sen R\u00fcckzugsort.<\/li>\n<li><strong>H\u00f6chster Komfort:<\/strong> Entspannen Sie sich in der Extravaganz mit Pl\u00fcschsofas, privaten Terrassenduschen und Liegest\u00fchlen.<\/li>\n<li><strong>Handt\u00fccher und private Dusche:<\/strong> Frische Handt\u00fccher und eine eigene Dusche stehen Ihnen zur Verf\u00fcgung.<\/li>\n<li><strong>Klimatisierung:<\/strong> Hochmoderne Ventilatoren sorgen f\u00fcr eine angenehme Atmosph\u00e4re.<\/li>\n<li><strong>Sichere Aufbewahrung von Wertsachen:<\/strong> F\u00fcr die Sicherheit Ihrer Habseligkeiten steht ein Schlie\u00dffach zur Verf\u00fcgung.<\/li>\n<li><strong>Private Terrasse mit Liegest\u00fchlen:<\/strong> Genie\u00dfen Sie ein Sonnenbad oder entspannen Sie sich im Schatten auf Ihrer exklusiven Terrasse.<\/li>\n<li><strong>Pers\u00f6nlicher Jacuzzi:<\/strong> Tauchen Sie ein in die Entspannung mit Ihrem eigenen privaten Jacuzzi, einem Symbol f\u00fcr ultimativen Luxus.<\/li>\n<\/ul>\n<h3><strong>\ud83c\udfa5 Villa Unterhaltung &amp; Komfort<\/strong><\/h3>\n<ul>\n<li><strong>TV- und Lounge-Bereich:<\/strong> Eine gem\u00fctliche Lounge mit einem Fernseher, um Ihre Lieblingssendungen zu genie\u00dfen.<\/li>\n<li><strong>Gut gef\u00fcllte Minibar:<\/strong> Eine Auswahl an Getr\u00e4nken in der Minibar stillt jeden Durst.<\/li>\n<li><strong>All-Inclusive-Verpflegung:<\/strong> Genie\u00dfen Sie eine vielf\u00e4ltige Auswahl an kulinarischen K\u00f6stlichkeiten in unseren erstklassigen Restaurants.<\/li>\n<li><strong>Getr\u00e4nke und Eiscreme:<\/strong> Unbegrenzter Zugang zu Softdrinks, Bier, Wasser und Eiscreme.<\/li>\n<\/ul>\n<h3><strong>Bevorzugter Zugang zu den Attraktionen mit VIP Fast Pass:<\/strong><\/h3>\n<ul>\n<li><strong>Ganzt\u00e4giger Fast Pass:<\/strong> Umgehen Sie die Warteschlangen, um sofortigen Zugang zu allen Attraktionen zu erhalten und Ihr Vergn\u00fcgen zu maximieren.<\/li>\n<\/ul>\n<h3><strong>\ud83c\udf74 All-Inclusive-Verpflegung und unbegrenzte Auswahl an Getr\u00e4nken:<\/strong><\/h3>\n<ul>\n<li><strong>Unbegrenzte kulinarische Auswahl:<\/strong> G\u00f6nnen Sie sich ein All-inclusive-Restaurant-Erlebnis mit einer Vielzahl von Optionen, die \u00fcberall im Park verf\u00fcgbar sind.<\/li>\n<li><strong>Unbegrenzte Anzahl von Getr\u00e4nken:<\/strong> Genie\u00dfen Sie unbegrenzten Zugang zu einer Vielzahl von kostenlosen Getr\u00e4nken, damit Sie w\u00e4hrend Ihres gesamten Aufenthalts erfrischt bleiben.<\/li>\n<\/ul>\n<h3><strong>\ud83d\udcb0 Au\u00dfergew\u00f6hnliche Preisgestaltung und Wert<\/strong><\/h3>\n<ul>\n<li><strong>Inklusivpreis:<\/strong> Die VIP-Villa ist f\u00fcr 1215 \u20ac erh\u00e4ltlich und bietet Platz f\u00fcr bis zu 8 Personen. Sie gew\u00e4hrleistet Privatsph\u00e4re und Exklusivit\u00e4t sowohl f\u00fcr kleine als auch f\u00fcr gr\u00f6\u00dfere Gruppen.<\/li>\n<li><strong>Zus\u00e4tzliche G\u00e4steunterk\u00fcnfte:<\/strong> Die Villa kann bis zu 12 G\u00e4ste beherbergen, mit einer zus\u00e4tzlichen Geb\u00fchr von 151\u20ac pro Person \u00fcber die ersten acht hinaus.<\/li>\n<\/ul>\n<h3><strong>\ud83d\ude8c Bequemer und kostenloser Transport<\/strong><\/h3>\n<ul>\n<li><strong>Stressfreies Reisen:<\/strong> Nutzen Sie den kostenlosen Siam Park Bus Service f\u00fcr einen einfachen und bequemen Transport.<\/li>\n<li><strong>Umfangreiche Abholstellen:<\/strong> Mehrere Abholstellen auf Teneriffa f\u00fcr m\u00fchelosen Zugang.<\/li>\n<\/ul>\n<h3><strong>\u23f0 Planen Sie Ihren ultimativen Besuch<\/strong><\/h3>\n<ul>\n<li><strong>Ganzj\u00e4hrige Verf\u00fcgbarkeit:<\/strong> Ge\u00f6ffnet im Sommer (10 - 18 Uhr) und im Winter (10 - 17 Uhr).<\/li>\n<li><strong>Beste Lage:<\/strong> Das Hotel liegt an der lebhaften Costa Adeje und bietet atemberaubende Ausblicke und leichten Zugang.<\/li>\n<\/ul>\n<h3><b>\u274c Widerrufsbelehrung<\/b><\/h3>\n<ul>\n<li style=\"font-weight: 400;\" aria-level=\"1\"><span style=\"font-weight: 400;\">G\u00e4ste, die absagen <\/span><b>mindestens einen Monat vor dem geplanten Dienst<\/b><span style=\"font-weight: 400;\"> erhalten eine <\/span><b>vollst\u00e4ndige Erstattung<\/b><span style=\"font-weight: 400;\">.<\/span>&nbsp;<\/li>\n<li style=\"font-weight: 400;\" aria-level=\"1\"><span style=\"font-weight: 400;\">Eingereichte Annullierungen <\/span><b>von einem Monat bis zu 7 Tagen vorher<\/b><span style=\"font-weight: 400;\"> zum Dienst unterliegen einer <\/span><b>60% Stornogeb\u00fchr<\/b><span style=\"font-weight: 400;\">.<\/span>&nbsp;<\/li>\n<li style=\"font-weight: 400;\" aria-level=\"1\"><span style=\"font-weight: 400;\">Vorgenommene Annullierungen <\/span><b>innerhalb von 7 Tagen nach dem geplanten Termin<\/b><span style=\"font-weight: 400;\"> sind <\/span><b>nicht erstattungsf\u00e4hig<\/b><span style=\"font-weight: 400;\">.<\/span><\/li>\n<\/ul>\n<h3><strong>\ud83d\udd14 Ihr Deluxe CanaryVIP-Erlebnis<\/strong><\/h3>\n<ul>\n<li><strong>Treten Sie ein in den Luxus:<\/strong> Verbessern Sie Ihren Besuch im Siam Park mit einem Aufenthalt in der VIP-Villa.<\/li>\n<li><strong>Unvergessliche Momente schaffen:<\/strong> Buchen Sie jetzt f\u00fcr ein Erlebnis voller Gr\u00f6\u00dfe, Aufregung und unvergesslicher Erinnerungen.<\/li>\n<\/ul>\n<p>Ob Sie einen bedeutenden Meilenstein feiern oder eine besondere Veranstaltung organisieren, die <strong>VIP-Villa im Siam Park Teneriffa<\/strong> bietet eine unvergleichliche Mischung aus Luxus und Exklusivit\u00e4t. Perfekt f\u00fcr gr\u00f6\u00dfere Gruppen, verbindet es aufregende Attraktionen mit ruhiger Entspannung.<\/p>\n<p>Buchen Sie jetzt mit CanaryVIP f\u00fcr ein unvergessliches Abenteuer in der Siam Park VIP Villa!<\/p>\n<\/div><\/div><\/div><\/div><\/div><\/div><\/div><\/section>","protected":false},"excerpt":{"rendered":"<p><strong>\ud83d\udd0d Siam Park Villa:<\/strong><br \/>\n\u2705 Sichere Bezahlung.<br \/>\n\ud83d\ude80 Ganzt\u00e4giger VIP-Schnellpass.<br \/>\n\ud83d\udc68\u200d\ud83d\udc69\u200d\ud83d\udc66 Preis f\u00fcr 8 G\u00e4ste.<br \/>\n\ud83d\udc65 Geeignet f\u00fcr bis zu 12 Personen.<br \/>\n\ud83d\udca6 Terrasse Jacuzzi.<br \/>\n\ud83d\udd10 Schlie\u00dffach und Handt\u00fccher inbegriffen.<br \/>\n\ud83c\udf54 Unbegrenzte Lebensmittel.<br \/>\n\ud83c\udf7a Unbegrenzt Softdrinks und Bier.<br \/>\n\ud83e\udd11 Bester Preis garantiert.<br \/>\n\ud83d\ude8d Kostenloser Shuttle-Bus.<br \/>\n\ud83c\udf0d Unterst\u00fctzung in mehreren Sprachen.<br \/>\n\ud83c\udf1f Jetzt buchen und sparen!<br \/>\n\ud83d\udc32 Entdecken <a href=\"https:\/\/canaryvip.com\/de\/product-category\/tenerife\/theme-parks-tenerife\/siam-park-tickets\/\">alle Siam Park Tickets hier<\/a>!<br \/>\n\ud83d\udccd Finden <a href=\"https:\/\/maps.app.goo.gl\/UfftQG3CrqW5R81r9\">Siam Park auf Google Maps<\/a>!<\/p>","protected":false},"featured_media":8825,"comment_status":"open","ping_status":"closed","template":"","meta":{"_acf_changed":false},"product_brand":[],"product_cat":[55,54],"product_tag":[],"class_list":{"0":"post-8824","1":"product","2":"type-product","3":"status-publish","4":"has-post-thumbnail","6":"product_cat-siam-park-tickets","7":"product_cat-theme-parks","8":"wcpa_has_options","10":"first","11":"instock","12":"virtual","13":"purchasable","14":"product-type-simple"},"acf":[],"wcpa_form_fields":{"wcpaData":{"product":{"product_price":1320,"price_html":"From&nbsp;<span class=\"woocommerce-Price-amount amount\"><bdi>1.320,00&nbsp;<span class=\"woocommerce-Price-currencySymbol\">&euro;<\/span><\/bdi><\/span>","original_product_price":1320,"price_including_tax":1320,"price_excluding_tax":1320,"product_id":{"parent":8824,"variation":false},"is_variable":false,"stock_status":"instock","stock_quantity":null,"parent_sku":"CV8824","product_attributes":[],"custom_fields":[],"is_taxable":false,"product_name":"Siam Park VIP Villa","hasImage":false},"fields":{"sec_165dcc0a3c8397":{"extra":{"key":"sec_165dcc0a3c8397","section_id":"sec_165dcc0a3c8397","name":"Default","status":1,"cl_rule":"show","enableCl":false,"relations":[],"toggle":true,"title_tag":"h3","show_title":false,"showPrice":"default","form_id":10124,"form_rules":{"exclude_from_discount":true,"fee_label":"Fee","disp_hide_options_price":true,"disp_show_section_price":false,"disp_show_field_price":true,"layout_option":"standard","pric_use_as_fee":false,"process_fee_as":"woo_fee"},"layout_option":"standard"},"fields":[[{"active":true,"col":6,"relations":false,"cl_rule":"show","enableCl":false,"price":"","enablePrice":false,"className":"","label_position":"default","desc_position":"default","type":"date","required":false,"elementId":"date_1065dcc0a3c83b7","name":"date_1065dcc0a3c83b7","label":"\ud83d\udcc5 Date","picker_type":"custom","picker_mode":"single","error":false,"date_pic_inline":true,"date_pic_inline_hide":true,"min_date":{"type":"days","val":"3"},"max_date":{"type":"days_from_min","val":"500"},"date_pic_conf":{"disabledDates":["2025-05-26 to 2025-05-27","2025-06-01 to 2025-06-04","2025-06-12 to 2025-06-17","2025-06-18 to 2025-06-19","2025-06-20","2025-06-21","2025-06-22","2025-06-23","2025-06-24","2025-06-25","2025-06-26 to 2025-06-27","2025-06-28 to 2025-06-29","2025-07-01 to 2025-07-02","2025-07-03","2025-07-04","2025-07-05","2025-07-06","2025-07-07","2025-07-08","2025-07-09","2025-07-10","2025-07-11","2025-07-12","2025-07-13","2025-07-14","2025-07-15","2025-07-16","2025-07-17","2025-07-18 to 2025-07-25","2025-07-26","2025-07-27","2025-07-28","2025-07-29","2025-07-30","2025-07-31","2025-08-01","2025-08-02","2025-08-03","2025-08-04","2025-08-05 to 2025-08-07","2025-08-08","2025-08-09 to 2025-08-10","2025-08-11 to 2025-08-14","2025-08-15 to 2025-08-16","2025-08-17","2025-08-18","2025-08-21","2025-08-22","2025-08-23","2025-08-24 to 2025-08-26","2025-08-27","2025-08-28 to 2025-08-30","2025-08-31","2025-08-19 to 2025-08-20"]},"isWeightTemplate":false,"isTemplate":false,"min_quantity":"1","quantity_decimal":false,"quantity_step":"1","quantity_label":"Quantity","repeater_field_label":"{field_label}","repeater_bind":"","gt_translate_keys":["label","repeater_field_label","quantity_label"],"price_dependency":false,"cl_dependency":false,"value":""}],[{"active":true,"col":6,"relations":false,"cl_rule":"show","enableCl":false,"price":"","enablePrice":true,"className":"","label_position":"default","desc_position":"default","type":"select","required":false,"elementId":"select_1065dcc0a3c83c4","label":"\ud83d\udc64 Group Size","name":"select_1065dcc0a3c83c4","values":[{"label":"1 Person (1.320\u20ac)","value":"1 Person","selected":false,"tempId":"aco_670","price":"1320","gt_translate_keys":["label"]},{"label":"2 People (1.320\u20ac)","value":"2 People","selected":false,"tempId":"aco_671","price":"1320","gt_translate_keys":["label"]},{"label":"3 People (1.320\u20ac)","value":"3 People","selected":false,"tempId":"aco_672","price":"1320","gt_translate_keys":["label"]},{"label":"4 People (1.320\u20ac)","value":"4 People","selected":false,"tempId":"aco_898","price":"1320","gt_translate_keys":["label"]},{"label":"5 People (1.320\u20ac)","value":"5 People","selected":false,"tempId":"aco_908","price":"1320","gt_translate_keys":["label"]},{"label":"6 People (1.320\u20ac)","value":"6 People","selected":false,"tempId":"aco_1062","price":"1320","gt_translate_keys":["label"]},{"label":"7 People (1.320\u20ac)","value":"7 People","selected":false,"tempId":"aco_2967","price":"1320","gt_translate_keys":["label"]},{"label":"8 People (1.320\u20ac)","value":"8 People","selected":false,"tempId":"aco_3049","price":"1320","gt_translate_keys":["label"]},{"label":"\u2500 Beyond 8 people, each extra person costs \u20ac165 \u2500","value":"\u2500 Beyond 8 people, each extra person costs \u20ac165 \u2500","selected":false,"tempId":"aco_1784","price":"1320","gt_translate_keys":["label"]},{"label":"9 People (1.485\u20ac)","value":"9 People","selected":false,"tempId":"aco_3131","price":"1485","gt_translate_keys":["label"]},{"label":"10 People (1.650\u20ac)","value":"10 People","selected":false,"tempId":"aco_3213","price":"1650","gt_translate_keys":["label"]},{"label":"11 People (1.815\u20ac)","value":"11 People","selected":false,"tempId":"aco_3722","price":"1815","gt_translate_keys":["label"]},{"label":"12 People (1.980\u20ac)","value":"12 People","selected":false,"tempId":"aco_3732","price":"1980","gt_translate_keys":["label"]}],"dropdown_type":"basic","error":false,"placeholder":"None","priceOptions":"different_for_all","pricingType":"fixed","gt_translate_keys":["label","placeholder"],"price_dependency":false,"cl_dependency":false,"value":""}]]}},"config":{"price_override":"always","enable_recaptcha":false,"bind_quantity":false,"quantity_bind_formula":false,"disp_summ_show_option_price":false,"disp_summ_show_product_price":false,"disp_summ_show_total_price":true,"disp_summ_show_fee":false,"disp_summ_show_discount":false,"summary_title":"","options_total_label":"Options Price","total_label":"Total","options_product_label":"Product Price","fee_label":"Fee","discount_label":"Discount","has_price":true,"has_quantity_formula":false},"mc_unit":1,"tax_rate":1,"tax_rate_real":1,"discount":{"percentage":0,"fixed":0},"design":{"conf":{"LabelPosition":"above","DescPosition":"above","UploadField":"custom_1","QuantityFieldStyle":"custom_1"},"css":{"LeftLabelWidth":"120px"}},"formulas":[],"lookuptables":[],"clones":false,"cartKey":false}},"_links":{"self":[{"href":"https:\/\/canaryvip.com\/de\/wp-json\/wp\/v2\/product\/8824","targetHints":{"allow":["GET"]}}],"collection":[{"href":"https:\/\/canaryvip.com\/de\/wp-json\/wp\/v2\/product"}],"about":[{"href":"https:\/\/canaryvip.com\/de\/wp-json\/wp\/v2\/types\/product"}],"replies":[{"embeddable":true,"href":"https:\/\/canaryvip.com\/de\/wp-json\/wp\/v2\/comments?post=8824"}],"wp:featuredmedia":[{"embeddable":true,"href":"https:\/\/canaryvip.com\/de\/wp-json\/wp\/v2\/media\/8825"}],"wp:attachment":[{"href":"https:\/\/canaryvip.com\/de\/wp-json\/wp\/v2\/media?parent=8824"}],"wp:term":[{"taxonomy":"product_brand","embeddable":true,"href":"https:\/\/canaryvip.com\/de\/wp-json\/wp\/v2\/product_brand?post=8824"},{"taxonomy":"product_cat","embeddable":true,"href":"https:\/\/canaryvip.com\/de\/wp-json\/wp\/v2\/product_cat?post=8824"},{"taxonomy":"product_tag","embeddable":true,"href":"https:\/\/canaryvip.com\/de\/wp-json\/wp\/v2\/product_tag?post=8824"}],"curies":[{"name":"wp","href":"https:\/\/api.w.org\/{rel}","templated":true}]}}