{"id":8821,"date":"2024-01-15T13:32:07","date_gmt":"2024-01-15T13:32:07","guid":{"rendered":"https:\/\/canaryvip.com\/?post_type=product&#038;p=8821"},"modified":"2025-09-19T12:00:06","modified_gmt":"2025-09-19T11:00:06","slug":"siam-park-vip-house","status":"publish","type":"product","link":"https:\/\/canaryvip.com\/de\/shop\/siam-park-vip-house\/","title":{"rendered":"Siam Park VIP-Haus"},"content":{"rendered":"<section class=\"l-section wpb_row height_medium\"><div class=\"l-section-h i-cf\"><div class=\"g-cols vc_row via_flex valign_top type_default stacking_default\"><div class=\"vc_col-sm-12 wpb_column vc_column_container\"><div class=\"vc_column-inner\"><div class=\"wpb_wrapper\"><div class=\"wpb_text_column\"><div class=\"wpb_wrapper\"><p>\ud83c\udfdd\ufe0f <strong>Siam Park VIP Haus Erfahrung mit CanaryVIP<\/strong><\/p>\n<div class=\"min-h-&#091;20px&#093; text-message flex flex-col items-start gap-3 whitespace-pre-wrap break-words &#091;.text-message+&amp;&#093;:mt-5 overflow-x-auto\" data-message-author-role=\"assistant\" data-message-id=\"8a8a1897-a3c1-4569-9988-c0ed1c1bc6da\">\n<div class=\"markdown prose w-full break-words dark:prose-invert light\">\n<p>Willkommen im Siam Park, einem Paradies f\u00fcr Wasserratten auf Teneriffa. Ber\u00fchmt f\u00fcr seine aufregenden Fahrgesch\u00e4fte und malerischen Landschaften, bietet der Park ein Abenteuer wie kein anderes. Von den aufregenden <strong>Turm der Macht<\/strong> zur ruhigen <strong>Mai Thai Fluss,<\/strong>\u00a0gibt es f\u00fcr jede Art von Nervenkitzel ein passendes Erlebnis. Erh\u00f6hen Sie jetzt Ihren Besuch mit <strong>CanaryVIPs exklusive VIP-Haus-Erfahrung,<\/strong>\u00a0wo Luxus auf Abenteuer trifft.<\/p>\n<h3>\ud83c\udf1f <strong>Premium VIP Haus Annehmlichkeiten<\/strong><\/h3>\n<ul>\n<li><strong>Thail\u00e4ndische Eleganz<\/strong>: Das VIP-Haus ist von der thail\u00e4ndischen \u00c4sthetik inspiriert und bietet eine Oase der Ruhe und des Luxus.<\/li>\n<li><strong>\u00dcberlegener Komfort<\/strong>: Entspannen Sie sich stilvoll mit Pl\u00fcschsofas, privaten Terrassenduschen und Sonnenliegen.<\/li>\n<li><strong>Handt\u00fccher und Dusche<\/strong>: Frische Handt\u00fccher warten auf Sie, und jedes Haus verf\u00fcgt \u00fcber eine eigene Dusche f\u00fcr h\u00f6chsten Komfort.<\/li>\n<li><strong>Klimatisierung<\/strong>: Mit unseren hochmodernen Ventilatoren behalten Sie einen k\u00fchlen Kopf.<\/li>\n<li><strong>Sicherheit von Wertsachen<\/strong>: Bewahren Sie Ihr Hab und Gut sicher in einem unserer Schlie\u00dff\u00e4cher auf.<\/li>\n<li><strong>Terrasse mit Liegest\u00fchlen<\/strong>: Genie\u00dfen Sie die Sonne oder den Schatten auf Ihrer privaten Terrasse, die mit bequemen Liegest\u00fchlen ausgestattet ist.<\/li>\n<li><strong>Private Terrasse Jacuzzi<\/strong>: G\u00f6nnen Sie sich die ultimative Entspannung in Ihrem exklusiven Jacuzzi, dem Kronjuwel des Komforts.<\/li>\n<\/ul>\n<h3>\ud83c\udfa5 <strong>Unterhaltung und Entspannung im Haus<\/strong><\/h3>\n<ul>\n<li><strong>TV und Aufenthaltsraum<\/strong>: Entspannen Sie sich mit Ihren Lieblingssendungen auf unserem hauseigenen Fernseher und machen Sie es sich auf dem bequemen Sofa bequem.<\/li>\n<li><strong>Minibar<\/strong>: Eine Minibar mit einer Vielzahl von Getr\u00e4nken, die jeden Durst stillen.<\/li>\n<li><strong>All-inclusive-Service<\/strong>: Unsere Restaurants bieten eine breite Palette an kulinarischen K\u00f6stlichkeiten an.<\/li>\n<li><strong>Getr\u00e4nke &amp; Eiscreme<\/strong>: Genie\u00dfen Sie unbegrenzt Softdrinks, Biere, Wasser und Eis.<\/li>\n<\/ul>\n<h3>\ud83c\udfa2 <strong>Exklusiver Zugang mit VIP Fast Pass<\/strong><\/h3>\n<ul>\n<li><strong>Ganzt\u00e4giger Fast Pass<\/strong>: Erleben Sie sofortigen Zugang zu allen Attraktionen, ohne Schlange stehen zu m\u00fcssen, und erh\u00f6hen Sie so Ihren Spa\u00df.<\/li>\n<\/ul>\n<h3>\ud83c\udf74 <strong>All-Inclusive-Speisen und Getr\u00e4nke<\/strong><\/h3>\n<ul>\n<li><strong>Vielf\u00e4ltige kulinarische Optionen<\/strong>: Im Park gibt es eine F\u00fclle von Restaurants f\u00fcr jeden Geschmack.<\/li>\n<li><strong>Unbegrenzte Anzahl von Getr\u00e4nken<\/strong>: Bleiben Sie erfrischt mit einer Reihe von kostenlosen Getr\u00e4nken.<\/li>\n<\/ul>\n<h3>\ud83d\udcb0 <strong>Au\u00dfergew\u00f6hnliche Preisgestaltung und Wert<\/strong><\/h3>\n<\/div>\n<\/div>\n<div class=\"min-h-&#091;20px&#093; text-message flex flex-col items-start gap-3 whitespace-pre-wrap break-words &#091;.text-message+&amp;&#093;:mt-5 overflow-x-auto\" data-message-author-role=\"assistant\" data-message-id=\"cc56ef15-39ff-4986-80a9-f3d468fc7369\">\n<div class=\"markdown prose w-full break-words dark:prose-invert light\">\n<ul>\n<li><strong>Inklusivpreis<\/strong>: Das VIP-Haus kostet 910 \u20ac und bietet Platz f\u00fcr bis zu 6 Personen. Der Preis garantiert Exklusivit\u00e4t und Privatsph\u00e4re sowohl f\u00fcr kleine als auch f\u00fcr gr\u00f6\u00dfere Gruppen.<\/li>\n<li><strong>Zus\u00e4tzliche Flexibilit\u00e4t f\u00fcr G\u00e4ste<\/strong>: Das Haus kann bis zu 10 Personen beherbergen. Eine zus\u00e4tzliche Geb\u00fchr von 151 \u20ac pro Person wird f\u00fcr jeden Gast \u00fcber die ersten sechs hinaus berechnet.<\/li>\n<\/ul>\n<h3>\ud83d\ude8c <strong>Bequemer und kostenloser Transport<\/strong><\/h3>\n<ul>\n<li><strong>Stressfreier Transit<\/strong>: Nutzen Sie den kostenlosen Siam Park Bus Service f\u00fcr einen einfachen Transport.<\/li>\n<li><strong>Umfassende Deckung<\/strong>: Mehrere Abholstellen auf Teneriffa f\u00fcr einen bequemen Zugang.<\/li>\n<\/ul>\n<h3>\u23f0 <strong>Planen Sie Ihr ultimatives Erlebnis<\/strong><\/h3>\n<ul>\n<li><strong>Ganzj\u00e4hrige Verf\u00fcgbarkeit<\/strong>: Ge\u00f6ffnet im Sommer (10 - 18 Uhr) und im Winter (10 - 17 Uhr).<\/li>\n<li><strong>Erstklassiger Standort<\/strong>: An der pulsierenden Costa Adeje gelegen, bietet es einen atemberaubenden Ausblick und ist leicht zu erreichen.<\/li>\n<\/ul>\n<h3><b>\u274c Stornierungsbedingungen<\/b><\/h3>\n<ul>\n<li style=\"font-weight: 400;\" aria-level=\"1\"><span style=\"font-weight: 400;\">Vorgenommene Annullierungen <\/span><b>30 Tage oder mehr vor dem Datum der Aktivit\u00e4t<\/b><span style=\"font-weight: 400;\"> wird keine Strafe verh\u00e4ngt.<\/span>&nbsp;<\/li>\n<li style=\"font-weight: 400;\" aria-level=\"1\"><span style=\"font-weight: 400;\">Vorgenommene Annullierungen <\/span><b>zwischen 30 Tagen und 7 Tagen vor dem geplanten Termin<\/b><span style=\"font-weight: 400;\"> f\u00fchrt zu einer <\/span><b>60% Ladung<\/b><span style=\"font-weight: 400;\"> des Buchungsbetrags.<\/span>&nbsp;<\/li>\n<li style=\"font-weight: 400;\" aria-level=\"1\"><span style=\"font-weight: 400;\">Vorgenommene Annullierungen <\/span><b>weniger als 7 Tage vor der Aktivit\u00e4t<\/b><span style=\"font-weight: 400;\"> f\u00fchrt zu einer <\/span><b>100% Ladung<\/b><span style=\"font-weight: 400;\"> des Buchungsbetrags.<\/span><\/li>\n<\/ul>\n<h4>\ud83d\udd14 <strong>Ihr luxuri\u00f6ses Abenteuer mit CanaryVIP<\/strong><\/h4>\n<ul>\n<li><strong>Schritt in die Opulenz<\/strong>: Verbessern Sie Ihren Besuch im Siam Park mit einem Aufenthalt im VIP-Haus.<\/li>\n<li><strong>Bleibende Erinnerungen schaffen<\/strong>: Buchen Sie jetzt eine Reise voller Luxus, Aufregung und unvergesslicher Momente.<\/li>\n<\/ul>\n<\/div>\n<\/div>\n<\/div><\/div><\/div><\/div><\/div><\/div><\/div><\/section>","protected":false},"excerpt":{"rendered":"<p><strong>\ud83d\udd0d Siam Park House:<\/strong><br \/>\n\u2705 Sichere Bezahlung.<br \/>\n\ud83d\ude80 Ganzt\u00e4giger VIP-Schnellpass.<br \/>\n\ud83d\udc68\u200d\ud83d\udc69\u200d\ud83d\udc66 Preis f\u00fcr 6 G\u00e4ste.<br \/>\n\ud83d\udc65 Platz f\u00fcr bis zu 10 Personen.<br \/>\n\ud83d\udca6 Private Terrasse Jacuzzi.<br \/>\n\ud83d\udd10 Schlie\u00dffach und Handt\u00fccher inklusive.<br \/>\n\ud83c\udf54 Unbegrenzte Lebensmittel.<br \/>\n\ud83c\udf7a Unbegrenzt alkoholfreie Getr\u00e4nke und Bier.<br \/>\n\ud83c\udfe0 Mehr Platz? <a href=\"https:\/\/canaryvip.com\/de\/shop\/siam-park-vip-villa\/\">Besuchen Sie die Siam Park Villa<\/a>.<br \/>\n\ud83e\udd11 Bester Preis garantiert.<br \/>\n\ud83d\ude8d Kostenloser Shuttle-Bus.<br \/>\n\ud83c\udf0d Unterst\u00fctzung in mehreren Sprachen.<br \/>\n\ud83c\udf1f Jetzt buchen und sparen!<br \/>\n\ud83d\udc32 Entdecken <a href=\"https:\/\/canaryvip.com\/de\/product-category\/tenerife\/theme-parks-tenerife\/siam-park-tickets\/\">alle Siam Park Tickets hier<\/a>!<br \/>\n\ud83d\udccd Finden <a href=\"https:\/\/maps.app.goo.gl\/UfftQG3CrqW5R81r9\">Siam Park auf Google Maps<\/a>!<\/p>","protected":false},"featured_media":8827,"comment_status":"open","ping_status":"closed","template":"","meta":{"_acf_changed":false},"product_brand":[],"product_cat":[54,55],"product_tag":[],"class_list":{"0":"post-8821","1":"product","2":"type-product","3":"status-publish","4":"has-post-thumbnail","6":"product_cat-theme-parks","7":"product_cat-siam-park-tickets","8":"wcpa_has_options","10":"first","11":"instock","12":"virtual","13":"purchasable","14":"product-type-simple"},"acf":[],"wcpa_form_fields":{"wcpaData":{"product":{"product_price":990,"price_html":"From&nbsp;<span class=\"woocommerce-Price-amount amount\"><bdi>990,00&nbsp;<span class=\"woocommerce-Price-currencySymbol\">&euro;<\/span><\/bdi><\/span>","original_product_price":990,"price_including_tax":990,"price_excluding_tax":990,"product_id":{"parent":8821,"variation":false},"is_variable":false,"stock_status":"instock","stock_quantity":null,"parent_sku":"CV8821","product_attributes":[],"custom_fields":[],"is_taxable":false,"product_name":"Siam Park VIP House","hasImage":false},"fields":{"sec_865dcbfa9364bf":{"extra":{"key":"sec_865dcbfa9364bf","section_id":"sec_865dcbfa9364bf","name":"Default","status":1,"cl_rule":"show","enableCl":false,"relations":[],"toggle":true,"title_tag":"h3","show_title":false,"showPrice":"default","form_id":10123,"form_rules":{"exclude_from_discount":true,"fee_label":"Fee","disp_hide_options_price":true,"disp_show_section_price":false,"disp_show_field_price":true,"layout_option":"standard","pric_use_as_fee":false,"process_fee_as":"woo_fee"},"layout_option":"standard"},"fields":[[{"active":true,"col":6,"relations":false,"cl_rule":"show","enableCl":false,"price":"","enablePrice":false,"className":"","label_position":"default","desc_position":"default","type":"date","required":false,"elementId":"date_565dcbfa9364dd","name":"date_565dcbfa9364dd","label":"\ud83d\udcc5 Date","picker_type":"custom","picker_mode":"single","error":false,"date_pic_inline":true,"date_pic_inline_hide":true,"min_date":{"type":"days","val":"3"},"max_date":{"type":"days_from_min","val":"500"},"date_pic_conf":{"disabledDates":["2024-06-18 to 2024-06-30","2024-07-01 to 2024-08-15","2024-08-16 to 2024-08-20","2024-08-21","2024-08-22 to 2024-08-23","2024-08-24","2024-08-25 to 2024-08-29","2024-08-30","2025-05-26 to 2025-05-29","2025-06-02","2025-06-20","2025-06-21 to 2025-06-24","2025-06-25","2025-06-26 to 2025-06-27","2025-06-30","2025-07-01","2025-07-03","2025-07-04","2025-07-06","2025-07-07 to 2025-07-08","2025-07-09","2025-07-10 to 2025-07-13","2025-07-14 to 2025-07-15","2025-07-16 to 2025-07-17","2025-07-18","2025-07-19","2025-07-20","2025-07-21","2025-07-22","2025-07-23","2025-07-24","2025-07-25","2025-07-26","2025-07-27","2025-07-28 to 2025-07-31","2025-08-01","2025-08-02","2025-08-03","2025-08-04","2025-08-05","2025-08-06","2025-08-07","2025-08-08 to 2025-08-09","2025-08-10","2025-08-11 to 2025-08-12","2025-08-13","2025-08-14","2025-08-15","2025-08-16 to 2025-08-18","2025-08-19","2025-08-20","2025-08-21","2025-08-22","2025-08-23","2025-08-24","2025-08-25","2025-08-26","2025-08-27","2025-08-28 to 2025-08-31","2026-03-31 to 2026-04-11"]},"isWeightTemplate":false,"isTemplate":false,"min_quantity":"1","quantity_decimal":false,"quantity_step":"1","quantity_label":"Quantity","repeater_field_label":"{field_label}","repeater_bind":"","gt_translate_keys":["label","repeater_field_label","quantity_label"],"price_dependency":false,"cl_dependency":false,"value":""}],[{"active":true,"col":6,"relations":false,"cl_rule":"show","enableCl":false,"price":"","enablePrice":true,"className":"","label_position":"default","desc_position":"default","type":"select","required":false,"elementId":"select_965dcbfa9364eb","label":"\ud83d\udc64 Group Size","name":"select_965dcbfa9364eb","values":[{"label":"1 Person (990\u20ac)","value":"1 Person","selected":false,"tempId":"aco_670","price":"990","gt_translate_keys":["label"]},{"label":"2 People (990\u20ac)","value":"2 People","selected":false,"tempId":"aco_671","price":"990","gt_translate_keys":["label"]},{"label":"3 People (990\u20ac)","value":"3 People","selected":false,"tempId":"aco_672","price":"990","gt_translate_keys":["label"]},{"label":"4 People (990\u20ac)","value":"4 People","selected":false,"tempId":"aco_898","price":"990","gt_translate_keys":["label"]},{"label":"5 People (990\u20ac)","value":"5 People","selected":false,"tempId":"aco_908","price":"990","gt_translate_keys":["label"]},{"label":"6 People (990\u20ac)","value":"6 People","selected":false,"tempId":"aco_1062","price":"990","gt_translate_keys":["label"]},{"label":"\u2500 Beyond 6 people, each extra person costs \u20ac165 \u2500","value":"\u2500 Beyond 6 people, each extra person costs \u20ac165 \u2500","selected":false,"tempId":"aco_1784","price":"990","gt_translate_keys":["label"]},{"label":"7 People (1.155\u20ac)","value":"7 People","selected":false,"tempId":"aco_2967","price":"1155","gt_translate_keys":["label"]},{"label":"8 People (1.320\u20ac)","value":"8 People","selected":false,"tempId":"aco_3049","price":"1320","gt_translate_keys":["label"]},{"label":"9 People (1.485\u20ac)","value":"9 People","selected":false,"tempId":"aco_3131","price":"1485","gt_translate_keys":["label"]},{"label":"10 People (1.650\u20ac)","value":"10 People","selected":false,"tempId":"aco_3213","price":"1650","gt_translate_keys":["label"]}],"dropdown_type":"basic","error":false,"placeholder":"None","priceOptions":"different_for_all","pricingType":"fixed","gt_translate_keys":["label","placeholder"],"price_dependency":false,"cl_dependency":false,"value":""}]]}},"config":{"price_override":"always","enable_recaptcha":false,"bind_quantity":false,"quantity_bind_formula":false,"disp_summ_show_option_price":false,"disp_summ_show_product_price":false,"disp_summ_show_total_price":true,"disp_summ_show_fee":false,"disp_summ_show_discount":false,"summary_title":"","options_total_label":"Options Price","total_label":"Total","options_product_label":"Product Price","fee_label":"Fee","discount_label":"Discount","has_price":true,"has_quantity_formula":false},"mc_unit":1,"tax_rate":1,"tax_rate_real":1,"discount":{"percentage":0,"fixed":0},"design":{"conf":{"LabelPosition":"above","DescPosition":"above","UploadField":"custom_1","QuantityFieldStyle":"custom_1"},"css":{"LeftLabelWidth":"120px"}},"formulas":[],"lookuptables":[],"clones":false,"cartKey":false}},"_links":{"self":[{"href":"https:\/\/canaryvip.com\/de\/wp-json\/wp\/v2\/product\/8821","targetHints":{"allow":["GET"]}}],"collection":[{"href":"https:\/\/canaryvip.com\/de\/wp-json\/wp\/v2\/product"}],"about":[{"href":"https:\/\/canaryvip.com\/de\/wp-json\/wp\/v2\/types\/product"}],"replies":[{"embeddable":true,"href":"https:\/\/canaryvip.com\/de\/wp-json\/wp\/v2\/comments?post=8821"}],"wp:featuredmedia":[{"embeddable":true,"href":"https:\/\/canaryvip.com\/de\/wp-json\/wp\/v2\/media\/8827"}],"wp:attachment":[{"href":"https:\/\/canaryvip.com\/de\/wp-json\/wp\/v2\/media?parent=8821"}],"wp:term":[{"taxonomy":"product_brand","embeddable":true,"href":"https:\/\/canaryvip.com\/de\/wp-json\/wp\/v2\/product_brand?post=8821"},{"taxonomy":"product_cat","embeddable":true,"href":"https:\/\/canaryvip.com\/de\/wp-json\/wp\/v2\/product_cat?post=8821"},{"taxonomy":"product_tag","embeddable":true,"href":"https:\/\/canaryvip.com\/de\/wp-json\/wp\/v2\/product_tag?post=8821"}],"curies":[{"name":"wp","href":"https:\/\/api.w.org\/{rel}","templated":true}]}}