{"id":8817,"date":"2024-01-15T12:16:37","date_gmt":"2024-01-15T12:16:37","guid":{"rendered":"https:\/\/canaryvip.com\/?post_type=product&#038;p=8817"},"modified":"2025-09-19T12:01:26","modified_gmt":"2025-09-19T11:01:26","slug":"siam-park-vip-cabin","status":"publish","type":"product","link":"https:\/\/canaryvip.com\/de\/shop\/siam-park-vip-cabin\/","title":{"rendered":"Siam Park VIP-Kabine"},"content":{"rendered":"<section class=\"l-section wpb_row height_medium\"><div class=\"l-section-h i-cf\"><div class=\"g-cols vc_row via_flex valign_top type_default stacking_default\"><div class=\"vc_col-sm-12 wpb_column vc_column_container\"><div class=\"vc_column-inner\"><div class=\"wpb_wrapper\"><div class=\"wpb_text_column\"><div class=\"wpb_wrapper\"><h2><strong>\ud83c\udfdd\ufe0f Siam Park VIP Cabana Erfahrung mit CanaryVIP<\/strong><\/h2>\n<p>Willkommen im Siam Park, Teneriffas erstem Wasserparadies, das f\u00fcr seine aufregenden Fahrgesch\u00e4fte, seine atemberaubenden Landschaften und das ultimative Wasserabenteuer bekannt ist. Von der adrenalingeladenen <strong>Turm der Macht<\/strong> zum entspannenden <strong>Mai Thai Fluss,<\/strong>\u00a0es ist f\u00fcr jeden etwas dabei. Tauchen Sie ein in eine Welt, in der Aufregung auf Entspannung trifft, und machen Sie Ihren Besuch unvergesslich mit dem <strong>VIP-Kabinen-Erlebnis. <\/strong><\/p>\n<p>Entdecken Sie, warum Siam Park das ultimative Ziel f\u00fcr Familienspa\u00df, Entspannung und Abenteuer in einem tropischen Paradies ist. Erleben Sie das Beste an Wasserunterhaltung und schaffen Sie Erinnerungen, die ein Leben lang halten werden.<\/p>\n<h3><strong>\ud83c\udf1f Exklusive Cabana-Auswahl<\/strong><\/h3>\n<ul>\n<li><strong>Thai-inspirierte Themen<\/strong>: W\u00e4hlen Sie zwischen Cabana Phuket, Chiang Mai oder Rataburi, jeweils ein ruhiges, von Thailand inspiriertes Refugium.<\/li>\n<li><strong>Unerreichter Komfort<\/strong>: Pl\u00fcschsofas, private Terrassenduschen und Sonnenliegen sorgen f\u00fcr ultimative Entspannung und Luxus.<\/li>\n<li><strong>Inklusive Handt\u00fccher<\/strong>: Sie brauchen sich keine Sorgen um Handt\u00fccher zu machen, sie werden Ihnen zur Verf\u00fcgung gestellt.<\/li>\n<li><strong>Ventilator f\u00fcr Komfort<\/strong>: Bleiben Sie mit dem mitgelieferten Ventilator k\u00fchl.<\/li>\n<li><strong>Sichern Sie Ihr Hab und Gut<\/strong>: Nutzen Sie das Schlie\u00dffach f\u00fcr Ihren Seelenfrieden.<\/li>\n<\/ul>\n<h3><strong>\ud83c\udfa5 In-Cabana-Unterhaltung &amp; Komfort<\/strong><\/h3>\n<ul>\n<li><strong>TV und DVD-Spieler<\/strong>: Jede Cabana ist mit einem Fernseher und einem DVD-Spieler ausgestattet, um Sie zu unterhalten.<\/li>\n<li><strong>Erfrischungen zur Hand<\/strong>: Eine Minibar mit einer Vielzahl von Getr\u00e4nken, die Ihren Vorlieben entsprechen.<\/li>\n<\/ul>\n<h3><strong>\ud83c\udfa2 Bevorzugter Zugang mit VIP Fast Pass<\/strong><\/h3>\n<ul>\n<li><strong>Sofortige Attraktion Eintritt<\/strong>: Mit den speziellen Armb\u00e4ndern f\u00fcr VIP-G\u00e4ste haben Sie sofortigen Zugang zu allen Attraktionen und k\u00f6nnen so die Warteschlangen umgehen und Ihren Spa\u00df maximieren.<\/li>\n<\/ul>\n<h3>\ud83c\udf74 <strong>All-Inclusive-Speisen und Getr\u00e4nke<\/strong><\/h3>\n<ul>\n<li><strong>Vielf\u00e4ltige Speisem\u00f6glichkeiten<\/strong>: Im Park gibt es eine gro\u00dfe Auswahl an kulinarischen Angeboten f\u00fcr alle Geschm\u00e4cker.<\/li>\n<li><strong>Unbegrenzte Anzahl von Getr\u00e4nken<\/strong>: Erfrischungsgetr\u00e4nke, Biere, Wasser und Eis sind kostenlos und sorgen f\u00fcr Ihre Fl\u00fcssigkeitszufuhr und Zufriedenheit.<\/li>\n<\/ul>\n<h3><strong>\ud83d\udcb0 Au\u00dfergew\u00f6hnliche Preisgestaltung und Wert<\/strong><\/h3>\n<ul>\n<li><strong>Umfassender Satz<\/strong>: Die VIP-Kabine kostet 610 \u20ac und bietet Platz f\u00fcr 1 bis 4 Personen. Egal, ob Sie alleine oder zu viert unterwegs sind, der Preis bleibt derselbe und garantiert Exklusivit\u00e4t und Privatsph\u00e4re.<\/li>\n<li><strong>Zus\u00e4tzliche Flexibilit\u00e4t f\u00fcr G\u00e4ste<\/strong>: Wenn Ihre Gruppe aus mehr als vier Personen besteht, haben Sie die M\u00f6glichkeit, bis zu 2 weitere G\u00e4ste f\u00fcr jeweils 151 \u20ac hinzuzuf\u00fcgen, so dass es f\u00fcr verschiedene Gruppengr\u00f6\u00dfen geeignet ist.<\/li>\n<li><strong>Sommer-Sonderpreise:<\/strong> Sichern Sie sich diese Preise auch in den verkehrsreichen Sommermonaten Juli und August.<\/li>\n<li><strong>Vorteil der fr\u00fchen Buchung:<\/strong> Vermeiden Sie Preiserh\u00f6hungen, indem Sie jetzt buchen - sichern Sie sich den heutigen Preis f\u00fcr Ihren n\u00e4chsten Besuch!<\/li>\n<\/ul>\n<h3><strong>\ud83d\ude8c Bequemer und kostenloser Transport<\/strong><\/h3>\n<ul>\n<li><strong>Stressfreies Reisen<\/strong>: Nutzen Sie den kostenlosen Siam Park Bus Service, der Ihnen regelm\u00e4\u00dfige und bequeme Transportm\u00f6glichkeiten bietet.<\/li>\n<li><strong>Breite Abdeckung<\/strong>: Mehrere Abholstellen auf Teneriffa f\u00fcr einen einfachen Zugang zum und vom Park.<\/li>\n<\/ul>\n<h3><strong>\u23f0 Planen Sie Ihr ultimatives Erlebnis<\/strong><\/h3>\n<ul>\n<li><strong>Ganzj\u00e4hrig ge\u00f6ffnet<\/strong>: Sommer (10.00 - 18.00 Uhr), Winter (10.00 - 17.00 Uhr).<\/li>\n<li><strong>Zug\u00e4nglich und landschaftlich reizvoll<\/strong>: Das Hotel liegt an der lebhaften Costa Adeje und verbindet sch\u00f6ne Aussichten mit guter Erreichbarkeit.<\/li>\n<\/ul>\n<h3><strong>\ud83d\udd14 Ihr luxuri\u00f6ses Abenteuer wartet auf Sie mit CanaryVIP<\/strong><\/h3>\n<ul>\n<li><strong>Schritt in den Luxus<\/strong>: Werten Sie Ihren Besuch im Siam Park mit einem Aufenthalt in einer VIP-Kabine auf.<\/li>\n<li><strong>Unvergessliche Erinnerungen schaffen<\/strong>: Buchen Sie noch heute und begeben Sie sich auf eine Reise voller Luxus, Aufregung und unvergesslicher Momente.<\/li>\n<\/ul>\n<h3><b>Stornierungsbedingungen<\/b><\/h3>\n<ul>\n<li style=\"font-weight: 400;\" aria-level=\"1\"><span style=\"font-weight: 400;\">Stornierte Buchungen <\/span><b>einen Monat oder mehr vor dem Datum der Aktivit\u00e4t<\/b><span style=\"font-weight: 400;\"> werden nicht berechnet.<\/span>&nbsp;<\/li>\n<li style=\"font-weight: 400;\" aria-level=\"1\"><span style=\"font-weight: 400;\">Stornierte Buchungen <\/span><b>zwischen einem Monat und 7 Tagen vorher<\/b><span style=\"font-weight: 400;\"> wird berechnet <\/span><b>60% des Gesamtbetrags<\/b><span style=\"font-weight: 400;\">.<\/span>&nbsp;<\/li>\n<li style=\"font-weight: 400;\" aria-level=\"1\"><span style=\"font-weight: 400;\">Stornierte Buchungen <\/span><b>weniger als 7 Tage im Voraus<\/b><span style=\"font-weight: 400;\"> wird berechnet <\/span><b>den vollen Betrag (100%)<\/b><span style=\"font-weight: 400;\">.<\/span><\/li>\n<\/ul>\n<h3>\ud83c\udf1f Erh\u00f6hen Sie Ihr Abenteuer mit CanaryVIP<\/h3>\n<p>Buchen Sie noch heute Ihr VIP-Cabana-Erlebnis bei CanaryVIP und machen Sie Ihren Besuch bei Siam Park zu einem luxuri\u00f6sen und unvergesslichen Erlebnis. Genie\u00dfen Sie exklusive Vorteile, bevorzugten Zugang und au\u00dfergew\u00f6hnlichen Komfort, der jeden Moment Ihres Abenteuers zu etwas ganz Besonderem macht.<\/p>\n<p>Lassen Sie sich diese Gelegenheit nicht entgehen, in Teneriffas erstem Wasserreich bleibende Erinnerungen zu schaffen. Sichern Sie sich jetzt Ihre VIP-Cabana und begeben Sie sich auf die ultimative Reise der Entspannung, der Aufregung und des Luxus!<\/p>\n<\/div><\/div><\/div><\/div><\/div><\/div><\/div><\/section>","protected":false},"excerpt":{"rendered":"<p><strong>\ud83d\udd0d Siam Park Cabana:<\/strong><br \/>\n\u2705 Sichere Bezahlung.<br \/>\n\ud83d\ude80 Ganzt\u00e4giger VIP-Schnellpass.<br \/>\n\ud83d\udc68\u200d\ud83d\udc69\u200d\ud83d\udc66 Preis f\u00fcr 4 G\u00e4ste.<br \/>\n\ud83d\udc65 Geeignet f\u00fcr bis zu 6 Personen.<br \/>\n\ud83d\udd10 Schlie\u00dffach und Handt\u00fccher inklusive.<br \/>\n\ud83c\udf54 Unbegrenzte Lebensmittel.<br \/>\n\ud83c\udf7a Unbegrenzt Softdrinks und Bier.<br \/>\n\ud83c\udfe0 Mehr Platz? Sehen Sie sich den <a href=\"https:\/\/canaryvip.com\/de\/shop\/siam-park-vip-house\/\">Siam Park Haus<\/a>.<br \/>\n\ud83e\udd11 Bester Preis garantiert.<br \/>\n\ud83d\ude8d Kostenloser Shuttle-Bus.<br \/>\n\ud83c\udf0d Unterst\u00fctzung in mehreren Sprachen.<br \/>\n\ud83c\udf1f Jetzt buchen und sparen!<br \/>\n\ud83d\udc32 Entdecken <a href=\"https:\/\/canaryvip.com\/de\/product-category\/tenerife\/theme-parks-tenerife\/siam-park-tickets\/\">alle Siam Park Tickets hier<\/a>!<br \/>\n\ud83d\udccd Finden <a href=\"https:\/\/maps.app.goo.gl\/UfftQG3CrqW5R81r9\">Siam Park auf Google Maps<\/a>!<\/p>","protected":false},"featured_media":8819,"comment_status":"open","ping_status":"closed","template":"","meta":{"_acf_changed":false},"product_brand":[],"product_cat":[54,55],"product_tag":[],"class_list":{"0":"post-8817","1":"product","2":"type-product","3":"status-publish","4":"has-post-thumbnail","6":"product_cat-theme-parks","7":"product_cat-siam-park-tickets","8":"wcpa_has_options","10":"first","11":"instock","12":"virtual","13":"purchasable","14":"product-type-simple"},"acf":[],"wcpa_form_fields":{"wcpaData":{"product":{"product_price":660,"price_html":"From&nbsp;<span class=\"woocommerce-Price-amount amount\"><bdi>660,00&nbsp;<span class=\"woocommerce-Price-currencySymbol\">&euro;<\/span><\/bdi><\/span>","original_product_price":660,"price_including_tax":660,"price_excluding_tax":660,"product_id":{"parent":8817,"variation":false},"is_variable":false,"stock_status":"instock","stock_quantity":null,"parent_sku":"CV8817","product_attributes":[],"custom_fields":[],"is_taxable":false,"product_name":"Siam Park VIP Cabin","hasImage":false},"fields":{"sec_765dcbaa6daedc":{"extra":{"key":"sec_765dcbaa6daedc","section_id":"sec_765dcbaa6daedc","name":"Default","status":1,"cl_rule":"show","enableCl":false,"relations":[],"toggle":true,"title_tag":"h3","show_title":false,"showPrice":"default","form_id":10122,"form_rules":{"exclude_from_discount":true,"fee_label":"Fee","disp_hide_options_price":true,"disp_show_section_price":false,"disp_show_field_price":true,"layout_option":"standard","pric_use_as_fee":false,"process_fee_as":"woo_fee"},"layout_option":"standard"},"fields":[[{"active":true,"col":6,"relations":false,"cl_rule":"show","enableCl":false,"price":"","enablePrice":false,"className":"","label_position":"default","desc_position":"default","type":"date","required":false,"elementId":"date_9651671511","name":"date_9651671511","label":"\ud83d\udcc5 Date","picker_type":"custom","picker_mode":"single","error":false,"date_pic_inline":true,"date_pic_inline_hide":true,"min_date":{"type":"days","val":"3"},"max_date":{"type":"days_from_min","val":"700"},"date_pic_conf":{"disabledDates":["2025-07-01 to 2025-08-31","2025-10-01 to 2025-11-01","2026-04-01","2026-04-02 to 2026-04-07","2026-04-08"],"enabledDates":[]},"isWeightTemplate":false,"isTemplate":false,"min_quantity":"1","quantity_decimal":false,"quantity_step":"1","quantity_label":"Quantity","repeater_field_label":"{field_label}","repeater_bind":"","gt_translate_keys":["label","repeater_field_label","quantity_label"],"price_dependency":false,"cl_dependency":false,"value":""}],[{"active":true,"col":6,"relations":false,"cl_rule":"show","enableCl":false,"price":"","enablePrice":true,"className":"","label_position":"default","desc_position":"default","type":"select","required":false,"elementId":"select_5229375457","label":"\ud83d\udc64 Group Size","name":"select_5229375457","values":[{"label":"1 Person (660\u20ac)","value":"1 Person","selected":false,"tempId":"aco_670","price":"660","gt_translate_keys":["label"]},{"label":"2 People (660\u20ac)","value":"2 People","selected":false,"tempId":"aco_671","price":"660","gt_translate_keys":["label"]},{"label":"3 People (660\u20ac)","value":"3 People","selected":false,"tempId":"aco_672","price":"660","gt_translate_keys":["label"]},{"label":"4 People (660\u20ac)","value":"4 People","selected":false,"tempId":"aco_898","price":"660","gt_translate_keys":["label"]},{"label":"\u2500 Beyond 4 people, each extra person costs \u20ac165 \u2500","value":"\u2500 Beyond 4 people, each extra person costs \u20ac165 \u2500","selected":false,"tempId":"aco_1784","price":"660","gt_translate_keys":["label"]},{"label":"5 People (825\u20ac)","value":"5 People","selected":false,"tempId":"aco_908","price":"825","gt_translate_keys":["label"]},{"label":"6 People (990\u20ac)","value":"6 People","selected":false,"tempId":"aco_1062","price":"990","gt_translate_keys":["label"]}],"dropdown_type":"basic","error":false,"placeholder":"None","priceOptions":"different_for_all","pricingType":"fixed","gt_translate_keys":["label","placeholder"],"price_dependency":false,"cl_dependency":false,"value":""}]]}},"config":{"price_override":"always","enable_recaptcha":false,"bind_quantity":false,"quantity_bind_formula":false,"disp_summ_show_option_price":false,"disp_summ_show_product_price":false,"disp_summ_show_total_price":true,"disp_summ_show_fee":false,"disp_summ_show_discount":false,"summary_title":"","options_total_label":"Options Price","total_label":"Total","options_product_label":"Product Price","fee_label":"Fee","discount_label":"Discount","has_price":true,"has_quantity_formula":false},"mc_unit":1,"tax_rate":1,"tax_rate_real":1,"discount":{"percentage":0,"fixed":0},"design":{"conf":{"LabelPosition":"above","DescPosition":"above","UploadField":"custom_1","QuantityFieldStyle":"custom_1"},"css":{"LeftLabelWidth":"120px"}},"formulas":[],"lookuptables":[],"clones":false,"cartKey":false}},"_links":{"self":[{"href":"https:\/\/canaryvip.com\/de\/wp-json\/wp\/v2\/product\/8817","targetHints":{"allow":["GET"]}}],"collection":[{"href":"https:\/\/canaryvip.com\/de\/wp-json\/wp\/v2\/product"}],"about":[{"href":"https:\/\/canaryvip.com\/de\/wp-json\/wp\/v2\/types\/product"}],"replies":[{"embeddable":true,"href":"https:\/\/canaryvip.com\/de\/wp-json\/wp\/v2\/comments?post=8817"}],"wp:featuredmedia":[{"embeddable":true,"href":"https:\/\/canaryvip.com\/de\/wp-json\/wp\/v2\/media\/8819"}],"wp:attachment":[{"href":"https:\/\/canaryvip.com\/de\/wp-json\/wp\/v2\/media?parent=8817"}],"wp:term":[{"taxonomy":"product_brand","embeddable":true,"href":"https:\/\/canaryvip.com\/de\/wp-json\/wp\/v2\/product_brand?post=8817"},{"taxonomy":"product_cat","embeddable":true,"href":"https:\/\/canaryvip.com\/de\/wp-json\/wp\/v2\/product_cat?post=8817"},{"taxonomy":"product_tag","embeddable":true,"href":"https:\/\/canaryvip.com\/de\/wp-json\/wp\/v2\/product_tag?post=8817"}],"curies":[{"name":"wp","href":"https:\/\/api.w.org\/{rel}","templated":true}]}}