{"id":16530,"date":"2026-01-17T17:42:14","date_gmt":"2026-01-17T17:42:14","guid":{"rendered":"https:\/\/canaryvip.com\/?post_type=product&#038;p=16530"},"modified":"2026-02-03T12:44:44","modified_gmt":"2026-02-03T12:44:44","slug":"bubble-room-experience-in-tenerife-with-private-jacuzzi","status":"publish","type":"product","link":"https:\/\/canaryvip.com\/de\/shop\/bubble-room-experience-in-tenerife-with-private-jacuzzi\/","title":{"rendered":"Bubble Room Experience auf Teneriffa mit privatem Jacuzzi"},"content":{"rendered":"<h2><strong>\u2728 Eine romantische Nacht inmitten von Natur und Meerblick<\/strong><\/h2>\n<p>Genie\u00dfen Sie einen wirklich anderen Aufenthalt mit diesem <strong>Bubble Room Teneriffa Erfahrung<\/strong>, f\u00fcr Paare, die sich Privatsph\u00e4re, Komfort und eine besondere Atmosph\u00e4re w\u00fcnschen. Dieses exklusive Erlebnis bietet <strong>eine Nacht f\u00fcr zwei Personen<\/strong> in einer transparenten Blasen-Suite mit <strong>privater Jacuzzi<\/strong>, Die Villa bietet einen herrlichen Panoramablick auf den Ozean und ist ganz mit der Natur verbunden.<\/p>\n<p>In einer ruhigen Gegend der Insel gelegen, ist dieses <strong>Blasenerlebnis Teneriffa<\/strong> ist perfekt, wenn Sie auf der Suche nach etwas Romantischem, Intimen und Unvergesslichem sind.<\/p>\n<h3><strong>\u2b50 Ein einzigartiger Aufenthalt in einem Bubble Room auf Teneriffa<\/strong><\/h3>\n<p>Diese Bubble-Suiten sind f\u00fcr G\u00e4ste gedacht, die mehr wollen als eine normale Hotelnacht. Schlafen unter dem Sternenhimmel mit 180\u00b0-Blick auf den Ozean und die nahe gelegenen Inseln macht dieses Erlebnis zu etwas ganz Besonderem.<\/p>\n<ul>\n<li>Exklusive Blasen-Suite von <strong>25 m\u00b2<\/strong>.<\/li>\n<li>Konzipiert f\u00fcr <strong>2 Personen<\/strong>.<\/li>\n<li><strong>Privater Jacuzzi<\/strong> enthalten.<\/li>\n<li>Privates balinesisches Bett im Freien.<\/li>\n<li>Panoramablick auf den Ozean und die umliegenden Inseln.<\/li>\n<li>Rundes Bett und intime Atmosph\u00e4re.<\/li>\n<\/ul>\n<p>Es ist eine ideale Wahl f\u00fcr Paare, die eine <strong>Sprudelraum Teneriffa<\/strong> das sich privat, friedlich und anders als alles andere auf der Insel anf\u00fchlt.<\/p>\n<h3><strong>\ud83d\udcab Komfort, Privatsph\u00e4re und durchdachte Details<\/strong><\/h3>\n<p>Jedes Zimmer ist mit allem ausgestattet, was man f\u00fcr einen komfortablen und erholsamen Aufenthalt braucht.<\/p>\n<ul>\n<li>Privates Badezimmer in der Suite.<\/li>\n<li>Klimatisierung.<\/li>\n<li>Fernsehen.<\/li>\n<li>WiFi und Internet.<\/li>\n<li>Handt\u00fccher und Haartrockner.<\/li>\n<li>Annehmlichkeiten im Badezimmer.<\/li>\n<li>K\u00fchlschrank im Zimmer.<\/li>\n<\/ul>\n<p>Die G\u00e4ste haben auch Zugang zu Gemeinschaftsbereichen, die das Erlebnis vervollst\u00e4ndigen:<\/p>\n<ul>\n<li>Infinity-Pool am Strand.<\/li>\n<li>Gemeinsamer K\u00fcchenbereich.<\/li>\n<li>Privatparkplatz inklusive.<\/li>\n<\/ul>\n<h3><strong>\ud83d\udc96 Perfekt f\u00fcr romantische Ausfl\u00fcge<\/strong><\/h3>\n<p>Diese <strong>Blasenerlebnis Teneriffa<\/strong> ist besonders beliebt f\u00fcr:<\/p>\n<ul>\n<li>Romantische Fluchten.<\/li>\n<li>Jahrestage.<\/li>\n<li>Heiratsantr\u00e4ge.<\/li>\n<li>Besondere Feierlichkeiten.<\/li>\n<li>V\u00f6llige Abkopplung und Entspannung.<\/li>\n<\/ul>\n<p>Extras, romantische Dekorationen und zus\u00e4tzliche Dienstleistungen k\u00f6nnen hinzugef\u00fcgt werden, um den Aufenthalt zu personalisieren und ein noch unvergesslicheres Erlebnis zu schaffen.<\/p>\n<h3><strong>\ud83d\udd52 Informationen zum Ein- und Auschecken<\/strong><\/h3>\n<ul>\n<li><strong>Einchecken:<\/strong> Ab 14:00 Uhr.<\/li>\n<li><strong>Auschecken:<\/strong> Vor 12:00 Uhr.<\/li>\n<\/ul>\n<p>Wenn am Anreisetag ein Whirlpool zur Verf\u00fcgung steht, kann ein fr\u00fcher Check-in m\u00f6glich sein. Ist dies nicht der Fall, k\u00f6nnen die G\u00e4ste gerne fr\u00fcher anreisen und den Pool und die Gemeinschaftsbereiche nutzen, bis die Blase fertig ist.<\/p>\n<h3><strong>\ud83d\udccd Standort<\/strong><\/h3>\n<p>Die Blasenr\u00e4ume befinden sich in <strong>Alaya Resort Teneriffa<\/strong>, in Gu\u00eda de Isora, einer ruhigen und privaten Gegend, die f\u00fcr ihre nat\u00fcrliche Sch\u00f6nheit und die freie Aussicht bekannt ist.<\/p>\n<ul>\n<li>Ruhige und abgelegene Lage.<\/li>\n<li>Panoramablick auf das Meer und die Insel.<\/li>\n<li>Vollst\u00e4ndig asphaltierte Zufahrtsstra\u00dfe, mit einigen Kurven.<\/li>\n<li>Auto empfohlen, da ein Teil des Charmes die Reise zu diesem besonderen Ort ist.<\/li>\n<\/ul>\n<h3><strong>\ud83d\udcdc Buchungs- und Stornierungsbedingungen<\/strong><\/h3>\n<p>Bitte lesen Sie die Bedingungen sorgf\u00e4ltig durch, bevor Sie dieses Bubble Room Teneriffa Erlebnis buchen.<\/p>\n<ul>\n<li><strong>Kostenlose Stornierung bis zu 14 Tage vor Anreise.<\/strong><\/li>\n<li>Bei Stornierungen nach diesem Zeitraum ist keine R\u00fcckerstattung m\u00f6glich.<\/li>\n<li>Das Rauchen ist in den Bubble Rooms nicht erlaubt.<\/li>\n<li>Haustiere sind nicht erlaubt.<\/li>\n<\/ul>\n<h3><strong>\ud83c\udf0c Teneriffa einmal anders erleben<\/strong><\/h3>\n<p>Wenn Sie auf der Suche nach einer romantischen Nacht, einem einzigartigen Aufenthalt oder einem unvergesslichen Erlebnis sind <strong>Sprudelraum Teneriffa<\/strong>, Dieses Erlebnis bietet Privatsph\u00e4re, Komfort und eine magische Umgebung, die ihresgleichen sucht.<\/p>\n<p>Unter <strong>CanaryVIP<\/strong>, w\u00e4hlen wir sorgf\u00e4ltig aus und bieten einzigartige Erlebnisse wie dieses <strong>Blasenerlebnis Teneriffa<\/strong>, mit klaren Informationen und vertrauensw\u00fcrdigen Partnern, die die Buchung erleichtern.<\/p>\n<p>\u2728 Buchen Sie Ihr <strong>Bubble Room Experience Teneriffa<\/strong> und genie\u00dfen Sie eine unvergessliche Nacht zu zweit unter dem Sternenhimmel.<\/p>","protected":false},"excerpt":{"rendered":"<p>\ud83d\udd0d <strong>Blasenerfahrung:<br \/>\n<\/strong>\u2705 Sichere Bezahlung.<br \/>\n\ud83d\udc65 Bis zu 2 pro Bubble Room.<br \/>\n\ud83d\ude80 Einzigartige Erfahrung auf Teneriffa.<br \/>\n\u2764\ufe0f Romantische Dekoration verf\u00fcgbar.<br \/>\n\ud83d\udcc5 T\u00e4glich verf\u00fcgbare Zimmer.<br \/>\n\ud83e\udd11 Bestpreis-Garantie.<br \/>\n\ud83d\udc6a Geeignet f\u00fcr Paare.<br \/>\n\ud83d\udd01 7 Tage Stornierungsbedingungen.<br \/>\n\ud83c\udf1f Fr\u00fch buchen &amp; sparen!<br \/>\n\ud83d\udccdLage im S\u00fcden Teneriffas.<\/p>","protected":false},"featured_media":16584,"comment_status":"open","ping_status":"closed","template":"","meta":{"_acf_changed":false},"product_brand":[],"product_cat":[146],"product_tag":[],"class_list":{"0":"post-16530","1":"product","2":"type-product","3":"status-publish","4":"has-post-thumbnail","6":"product_cat-experiences-stays","7":"wcpa_has_options","9":"first","10":"instock","11":"sale","12":"virtual","13":"purchasable","14":"product-type-simple"},"acf":[],"wcpa_form_fields":{"wcpaData":{"product":{"product_price":220,"price_html":"From&nbsp;<del aria-hidden=\"true\"><span class=\"woocommerce-Price-amount amount\"><bdi>300,00&nbsp;<span class=\"woocommerce-Price-currencySymbol\">&euro;<\/span><\/bdi><\/span><\/del> <span class=\"screen-reader-text\">Urspr\u00fcnglicher Preis war: 300,00&nbsp;&euro;<\/span><ins aria-hidden=\"true\"><span class=\"woocommerce-Price-amount amount\"><bdi>220,00&nbsp;<span class=\"woocommerce-Price-currencySymbol\">&euro;<\/span><\/bdi><\/span><\/ins><span class=\"screen-reader-text\">Aktueller Preis ist: 220,00&nbsp;&euro;.<\/span>","original_product_price":300,"price_including_tax":220,"price_excluding_tax":220,"product_id":{"parent":16530,"variation":false},"is_variable":false,"stock_status":"instock","stock_quantity":null,"parent_sku":"CV16530","product_attributes":[],"custom_fields":[],"is_taxable":false,"product_name":"Bubble Room Experience in Tenerife with Private Jacuzzi","hasImage":false},"fields":{"sec_9696bca7546921":{"extra":{"key":"sec_9696bca7546921","section_id":"sec_9696bca7546921","name":"Default","status":1,"cl_rule":"show","enableCl":false,"relations":[],"toggle":true,"title_tag":"h3","show_title":false,"showPrice":"default","form_id":16576,"form_rules":{"exclude_from_discount":true,"fee_label":"Fee","disp_hide_options_price":true,"disp_show_section_price":false,"disp_show_field_price":true,"layout_option":"standard","pric_use_as_fee":false,"process_fee_as":"woo_fee"},"layout_option":"standard"},"fields":[[{"active":true,"col":6,"relations":false,"cl_rule":"show","enableCl":false,"price":"","enablePrice":true,"className":"","label_position":"default","desc_position":"default","type":"select","required":false,"elementId":"select_2543581118","label":"Number of Nights","name":"select_2543581118","values":[{"label":"1 Night (220\u20ac)","value":"1 night","selected":false,"tempId":"aco_452","price":"220","gt_translate_keys":["label"]},{"label":"2 Nights (430\u20ac)","value":"2 nights","selected":false,"tempId":"aco_453","price":"430","gt_translate_keys":["label"]},{"label":"3 Night (610\u20ac)","value":"3 nights","selected":false,"tempId":"aco_454","price":"610","gt_translate_keys":["label"]},{"label":"4 Nights (800\u20ac)","value":"4 nights","selected":false,"tempId":"aco_797","price":"800","gt_translate_keys":["label"]}],"isWeightTemplate":false,"error":false,"isTemplate":false,"min_quantity":"1","quantity_decimal":false,"quantity_step":"1","quantity_label":"Quantity","repeater_field_label":"{field_label}","repeater_bind":"","dropdown_type":"basic","priceOptions":"different_for_all","pricingType":"fixed","enableDesign":false,"gt_translate_keys":["label","repeater_field_label","quantity_label"],"price_dependency":false,"cl_dependency":false,"value":""}],[{"active":true,"col":6,"relations":false,"cl_rule":"show","enableCl":false,"price":"","enablePrice":false,"className":"","label_position":"default","desc_position":"default","type":"separator","required":false,"elementId":"separator_7826151522","label":"Separator Field","height":"3","separatorType":"blank","error":false,"gt_translate_keys":["label"],"price_dependency":false,"cl_dependency":false,"value":""}],[{"active":true,"col":6,"relations":false,"cl_rule":"show","enableCl":false,"price":"","enablePrice":false,"className":"","label_position":"default","desc_position":"default","type":"content","required":false,"elementId":"content_2250022845","label":"","name":"content_2250022845","contentType":"rich","value":"<p>Offer an unforgettable experience in Tenerife with Bubble Rooms. A unique getaway featuring a private jacuzzi, a heated beach-style pool, spectacular views and a one-of-a-kind stay designed to relax and disconnect.<\/p>\n<p>Once the gift voucher is purchased, the recipient must contact the accommodation directly to select the preferred dates for the stay. The voucher is valid for 6 months from the date of purchase.<\/p>\n<p>The voucher is valid for the standard rate and cannot be used on special dates such as Valentine\u2019s Day, public holidays or other periods with different pricing. If the stay is booked on a date with a higher rate, the corresponding price difference must be paid.<\/p>","isTemplate":false,"error":false,"enableDesign":true,"DescSize":"14","gt_translate_keys":["label","value"],"price_dependency":false,"cl_dependency":false}]]}},"config":{"price_override":"if_gt_zero","enable_recaptcha":false,"bind_quantity":false,"quantity_bind_formula":false,"disp_summ_show_option_price":true,"disp_summ_show_product_price":true,"disp_summ_show_total_price":true,"disp_summ_show_fee":true,"disp_summ_show_discount":true,"summary_title":"","options_total_label":"Options Price","total_label":"Total","options_product_label":"Product Price","fee_label":"Fee","discount_label":"Discount","has_price":true,"has_quantity_formula":false},"mc_unit":1,"tax_rate":1,"tax_rate_real":1,"discount":{"percentage":0,"fixed":0},"design":{"conf":{"LabelPosition":"above","DescPosition":"above","UploadField":"custom_1","QuantityFieldStyle":"custom_1"},"css":{"LeftLabelWidth":"120px"}},"formulas":[],"lookuptables":[],"clones":false,"cartKey":false}},"_links":{"self":[{"href":"https:\/\/canaryvip.com\/de\/wp-json\/wp\/v2\/product\/16530","targetHints":{"allow":["GET"]}}],"collection":[{"href":"https:\/\/canaryvip.com\/de\/wp-json\/wp\/v2\/product"}],"about":[{"href":"https:\/\/canaryvip.com\/de\/wp-json\/wp\/v2\/types\/product"}],"replies":[{"embeddable":true,"href":"https:\/\/canaryvip.com\/de\/wp-json\/wp\/v2\/comments?post=16530"}],"wp:featuredmedia":[{"embeddable":true,"href":"https:\/\/canaryvip.com\/de\/wp-json\/wp\/v2\/media\/16584"}],"wp:attachment":[{"href":"https:\/\/canaryvip.com\/de\/wp-json\/wp\/v2\/media?parent=16530"}],"wp:term":[{"taxonomy":"product_brand","embeddable":true,"href":"https:\/\/canaryvip.com\/de\/wp-json\/wp\/v2\/product_brand?post=16530"},{"taxonomy":"product_cat","embeddable":true,"href":"https:\/\/canaryvip.com\/de\/wp-json\/wp\/v2\/product_cat?post=16530"},{"taxonomy":"product_tag","embeddable":true,"href":"https:\/\/canaryvip.com\/de\/wp-json\/wp\/v2\/product_tag?post=16530"}],"curies":[{"name":"wp","href":"https:\/\/api.w.org\/{rel}","templated":true}]}}