{"id":15724,"date":"2025-08-24T11:35:32","date_gmt":"2025-08-24T10:35:32","guid":{"rendered":"https:\/\/canaryvip.com\/?post_type=product&#038;p=15724"},"modified":"2025-09-06T09:56:39","modified_gmt":"2025-09-06T08:56:39","slug":"neptuno-yacht-charter-tenerife","status":"publish","type":"product","link":"https:\/\/canaryvip.com\/de\/shop\/neptuno-yacht-charter-tenerife\/","title":{"rendered":"Neptuno Yacht Charter Teneriffa"},"content":{"rendered":"<h2>\ud83d\udee5\ufe0f Neptuno Yachtcharter Teneriffa<\/h2>\n<p>Unter <strong>CanaryVIP<\/strong> bieten wir Ihnen die M\u00f6glichkeit, ein exklusives Abenteuer an Bord der <strong>Neptuno Yacht,<\/strong> eine der wenigen privaten Yachten auf Teneriffa, die f\u00fcr <strong>Wal- und Delfinbeobachtung.<\/strong> Mit einer Kapazit\u00e4t f\u00fcr bis zu <strong>22 Passagiere,<\/strong> Diese Yacht ist eine seltene Option auf Teneriffa, wo die meisten privaten Boote auf 12 Personen beschr\u00e4nkt sind. Sie ist die perfekte Wahl f\u00fcr gr\u00f6\u00dfere Gruppen, die einen unvergesslichen Tag auf dem Meer verbringen m\u00f6chten.<\/p>\n<p>Die Jacht verf\u00fcgt \u00fcber <strong>zwei offene Decks,<\/strong> eine kleine Innenlounge und eine Toilette f\u00fcr Ihren Komfort. Das 1973 erbaute und 2018 komplett renovierte Neptuno kombiniert zeitloses Design mit modernen Updates und bietet eine einzigartige und entspannte Atmosph\u00e4re.<\/p>\n<h3>\ud83c\udf0a Privat-Charter von 3 bis 8 Stunden<\/h3>\n<p>W\u00e4hlen Sie die L\u00e4nge Ihres privaten Charters entsprechend Ihren Pl\u00e4nen:<\/p>\n<ul>\n<li><strong>3 Stunden:<\/strong> Ein kurzes, aber umfassendes Erlebnis mit Wal- und Delfinbeobachtung, Schwimmen und Schnorcheln in wundersch\u00f6nen Buchten.<\/li>\n<li><strong>4-5 Stunden:<\/strong> Sie haben mehr Zeit zum Entspannen, Sonnenbaden und Erkunden der S\u00fcdk\u00fcste, w\u00e4hrend Sie gleichzeitig die M\u00f6glichkeit haben, Wildtiere zu beobachten.<\/li>\n<li><strong>6-7 Stunden:<\/strong> Ein ganzt\u00e4giges Abenteuer mit l\u00e4ngeren Stopps, ideal f\u00fcr besondere Anl\u00e4sse mit der Familie oder Freunden.<\/li>\n<li><strong>8 Stunden:<\/strong> Der ultimative private Yachtcharter auf Teneriffa, der ein ganzt\u00e4giges Erlebnis bietet, um versteckte Buchten zu entdecken und das Meer in Ihrem eigenen Tempo zu genie\u00dfen.<\/li>\n<\/ul>\n<h3>\ud83d\udc2c Wale und Delfine beobachten<\/h3>\n<p>Einer der H\u00f6hepunkte der Neptuno Yacht ist die offizielle Lizenz zur Wal- und Delfinbeobachtung. Abfahren von <strong>Puerto de Los Cristianos<\/strong> (Exkursionspier, Zone B) bringt Sie die Yacht in Gebiete, in denen das ganze Jahr \u00fcber Grindwale und Gro\u00dfe T\u00fcmmler leben. Teneriffa gilt als eines der besten Reiseziele weltweit f\u00fcr diese Aktivit\u00e4t, und sie auf einer privaten Yacht zu erleben, macht sie noch besonderer.<\/p>\n<h3>\ud83c\udf7d\ufe0f Essen und Getr\u00e4nke an Bord<\/h3>\n<p>Genie\u00dfen Sie frisch zubereitete Mahlzeiten, Obst und eine Auswahl an Getr\u00e4nken wie Wasser, Softdrinks, Bier, Wein und Cava.<\/p>\n<p>W\u00e4hrend der gesamten Fahrt stehen Erfrischungen zur Verf\u00fcgung, so dass sich jeder w\u00e4hrend der Fahrt wohl f\u00fchlt.<\/p>\n<h3>\ud83c\udfa3 Aktivit\u00e4ten und Extras<\/h3>\n<ul>\n<li>Schnorchelausr\u00fcstung wird f\u00fcr Badestopps zur Verf\u00fcgung gestellt.<\/li>\n<li>Angelruten f\u00fcr Freizeitangler sind auf Anfrage erh\u00e4ltlich.<\/li>\n<li>Viel Platz an Deck zum Sonnenbaden, Entspannen und Feiern an Bord.<\/li>\n<\/ul>\n<h3>\ud83d\udccd Neptuno Yacht Details<\/h3>\n<ul>\n<li><strong>L\u00e4nge:<\/strong> 13 Meter<\/li>\n<li><strong>Maximale Kapazit\u00e4t:<\/strong> 22 Fahrg\u00e4ste<\/li>\n<\/ul>\n<h3>\ud83d\udcbc Was Sie mitbringen sollten<\/h3>\n<ul>\n<li>Sonnencreme, Sonnenbrille, Handtuch und eine Kamera, um die Tierwelt und die Aussicht festzuhalten.<\/li>\n<li>In den k\u00fchleren Monaten wird eine leichte Jacke empfohlen.<\/li>\n<\/ul>\n<h3>\ud83d\udccb Stornierungsbedingungen<\/h3>\n<p>Wir verstehen, dass sich Pl\u00e4ne \u00e4ndern k\u00f6nnen. Hier sind die Stornierungsbedingungen f\u00fcr Neptuno Yacht:<\/p>\n<ul>\n<li><strong>Private Charters:<\/strong> Stornierungen, die mehr als 7 Tage vor der Abreise erfolgen, werden vollst\u00e4ndig erstattet. Keine R\u00fcckerstattung bei Stornierungen innerhalb von 7 Tagen oder Nichterscheinen.<\/li>\n<li><strong>Schlechtes Wetter:<\/strong> Wenn der Kapit\u00e4n die Bedingungen f\u00fcr unsicher h\u00e4lt, wird Ihnen angeboten, den Termin zu verschieben oder eine volle R\u00fcckerstattung zu erhalten.<\/li>\n<li><strong>Fr\u00fche R\u00fcckgaben:<\/strong> Auf Wunsch des Gastes verk\u00fcrzte Fahrten (z. B. bei Seekrankheit) werden nicht erstattet.<\/li>\n<\/ul>\n<h3>\ud83c\udf89 Warum Neptuno Yacht buchen mit CanaryVIP<\/h3>\n<ul>\n<li><strong>Lizenz zur Beobachtung von Walen und Delfinen:<\/strong> Eine der wenigen privaten Yachten auf Teneriffa, die sich diesen erstaunlichen Tieren n\u00e4hern d\u00fcrfen.<\/li>\n<li><strong>Platz f\u00fcr gro\u00dfe Gruppen:<\/strong> Er ist f\u00fcr bis zu 22 G\u00e4ste zugelassen und eignet sich perfekt f\u00fcr Geburtstage, Firmenveranstaltungen oder Familienfeiern.<\/li>\n<li><strong>Ausgezeichneter Wert:<\/strong> Ein komfortables <a href=\"https:\/\/canaryvip.com\/de\/tenerife\/yacht-tenerife\/\">Jacht Teneriffa<\/a> Option mit Essen, Getr\u00e4nken und einer erfahrenen lokalen Crew.<\/li>\n<\/ul>\n<h3>\ud83d\udccc Schlussgedanken<\/h3>\n<p>Die <strong>Neptuno Yacht Charter Teneriffa<\/strong> ist mehr als nur ein Bootsverleih. Es ist Ihr Tor zur Walbeobachtung, zu Delfinbegegnungen, zum Schwimmen und zum Entspannen mit Freunden oder der Familie in absoluter Privatsph\u00e4re. Mit Charterzeiten von 3 bis 8 Stunden, flexiblem Catering und einer Kapazit\u00e4t f\u00fcr 22 G\u00e4ste ist es eine der besten M\u00f6glichkeiten, um <a href=\"https:\/\/canaryvip.com\/de\/tenerife\/rent-a-boat-tenerife\/\">ein Boot auf Teneriffa mieten<\/a> mit Selbstvertrauen und Stil.<\/p>\n<p>Buchen Sie noch heute bei <strong>CanaryVIP<\/strong> und genie\u00dfen Sie ein wahrhaft einzigartiges privates Jachterlebnis auf dem Atlantik.<\/p>","protected":false},"excerpt":{"rendered":"<p><strong>\ud83d\udd0d Neptuno Yacht Teneriffa:<\/strong><br \/>\n\u2705 Sichere Bezahlung.<br \/>\n\ud83d\udd10 Private F\u00fchrungen verf\u00fcgbar<br \/>\n\ud83d\udc0b Sichtung von Walen und Delfinen.<br \/>\n\ud83d\ude80 T\u00e4gliche Touren<br \/>\n\ud83c\udf05 Touren bei Sonnenuntergang verf\u00fcgbar.<br \/>\n\ud83e\uddc3 Essen und Getr\u00e4nke inbegriffen.<br \/>\n\ud83d\udc65 Bis zu 22 Personen.<br \/>\n\ud83d\udebd Toilette an Bord.<br \/>\n\ud83e\udd3f Schnorchelausr\u00fcstung wird gestellt.<br \/>\n\ud83e\udd11 Bester Preis garantiert.<br \/>\n\ud83d\udc6a Rabatte Aktiviert.<br \/>\n\ud83d\udd01 Bis zu 5 Tage Stornierung.<br \/>\n\ud83c\udf0d Mehrsprachige Leitf\u00e4den.<br \/>\n\ud83c\udf1f Jetzt buchen und sparen!<br \/>\n\ud83d\udccd Abreise von <a href=\"https:\/\/maps.app.goo.gl\/HatmLZkFA7oLCfX57\">Los Cristianos<\/a>.<\/p>","protected":false},"featured_media":15725,"comment_status":"open","ping_status":"closed","template":"","meta":{"_acf_changed":false},"product_brand":[],"product_cat":[47],"product_tag":[],"class_list":{"0":"post-15724","1":"product","2":"type-product","3":"status-publish","4":"has-post-thumbnail","6":"product_cat-boat-hire-tenerife","7":"wcpa_has_options","9":"first","10":"instock","11":"sale","12":"virtual","13":"purchasable","14":"product-type-simple"},"acf":[],"wcpa_form_fields":{"wcpaData":{"product":{"product_price":765,"price_html":"From&nbsp;<del aria-hidden=\"true\"><span class=\"woocommerce-Price-amount amount\"><bdi>900,00&nbsp;<span class=\"woocommerce-Price-currencySymbol\">&euro;<\/span><\/bdi><\/span><\/del> <span class=\"screen-reader-text\">Urspr\u00fcnglicher Preis war: 900,00&nbsp;&euro;<\/span><ins aria-hidden=\"true\"><span class=\"woocommerce-Price-amount amount\"><bdi>765,00&nbsp;<span class=\"woocommerce-Price-currencySymbol\">&euro;<\/span><\/bdi><\/span><\/ins><span class=\"screen-reader-text\">Aktueller Preis ist: 765,00&nbsp;&euro;.<\/span>","original_product_price":900,"price_including_tax":765,"price_excluding_tax":765,"product_id":{"parent":15724,"variation":false},"is_variable":false,"stock_status":"instock","stock_quantity":null,"parent_sku":"CV15724","product_attributes":[],"custom_fields":[],"is_taxable":false,"product_name":"Neptuno Yacht Charter Tenerife","hasImage":false},"fields":{"sec_068b85c6eaafb2":{"extra":{"key":"sec_068b85c6eaafb2","section_id":"sec_068b85c6eaafb2","name":"Private Charter","status":1,"cl_rule":"show","enableCl":false,"relations":[{"operator":false,"rules":[{"operator":"AND","rules":{"cl_field":"radio-group_768b85c6eaaf46","cl_relation":"is","cl_val":"Private Charter"}}]}],"toggle":true,"title_tag":"h4","show_title":false,"showPrice":"default","repeater_section_field_label":"{field_label}","repeater_section_label":"{section_name}","repeater_bind":"","form_id":15819,"form_rules":{"exclude_from_discount":true,"fee_label":"Fee","disp_hide_options_price":true,"disp_show_section_price":false,"disp_show_field_price":true,"layout_option":"standard","pric_use_as_fee":false,"process_fee_as":"woo_fee"},"layout_option":"standard"},"fields":[[{"label":"\ud83d\udcc5 Date","active":true,"required":true,"elementId":"date_368b85c6eaafbc","picker_type":"custom","picker_mode":"single","placeholder":"","description":"","tooltip":"","name":"date_368b85c6eaafbc","label_position":"default","desc_position":"default","enablePrice":false,"className":"","enableCl":false,"relations":[{"operator":"and","rules":[{"operator":"AND","rules":{"cl_field":"radio-group_367e16bf8dd4f5","cl_relation":"is","cl_val":"3 Hour Trip"}}]}],"enableDesign":false,"LabelColor":"","date_pic_inline":true,"date_pic_inline_hide":true,"min_date":{"type":"days","val":"2"},"max_date":{"type":"days","val":"365"},"date_pic_conf":{"disabledWeeks":[]},"price":"","cl_rule":"show","col":6,"type":"date","error":false,"isWeightTemplate":false,"isTemplate":false,"min_quantity":"1","quantity_decimal":false,"quantity_step":"1","quantity_label":"Quantity","repeater_field_label":"{field_label}","repeater_bind":"","gt_translate_keys":["label","placeholder","description","tooltip","repeater_field_label","quantity_label"],"price_dependency":false,"cl_dependency":false,"value":""}],[{"active":true,"col":6,"relations":false,"cl_rule":"show","enableCl":false,"price":"","enablePrice":true,"className":"","label_position":"default","desc_position":"default","type":"select","required":false,"elementId":"select_668b85c6eaafc6","label":"\u231b\ufe0f Charter Duration (From 765\u20ac)","name":"select_668b85c6eaafc6","values":[{"label":"3 Hours (From 765\u20ac)","value":"3","selected":false,"tempId":"aco_3241","price":"765","options_cl":false,"relations":[{"operator":false,"rules":[{"operator":"AND","rules":{"cl_field":"","cl_relation":"","cl_val":""}}]}],"cl_rule":"show","gt_translate_keys":["label"]},{"label":"4 Hours (From 985\u20ac)","value":"4","selected":false,"tempId":"aco_2149","price":"985","gt_translate_keys":["label"]},{"label":"5 Hours (From 1.225\u20ac)","value":"5","selected":false,"tempId":"aco_468","price":"1225","gt_translate_keys":["label"]},{"label":"6 Hours (From 1.465\u20ac)","value":"6","selected":false,"tempId":"aco_505","price":"1465","gt_translate_keys":["label"]},{"label":"7 Hours (From 1.700\u20ac)","value":"7","selected":false,"tempId":"aco_542","price":"1700","gt_translate_keys":["label"]},{"label":"8 Hours (From 1.960\u20ac)","value":"8","selected":false,"tempId":"aco_579","price":"1960","gt_translate_keys":["label"]}],"dropdown_type":"basic","error":false,"placeholder":"Select Duration Time","priceOptions":"different_for_all","pricingType":"fixed","is_show_price":false,"isWeightTemplate":false,"isTemplate":false,"min_quantity":"1","quantity_decimal":false,"quantity_step":"1","quantity_label":"Quantity","repeater_field_label":"{field_label}","repeater_bind":"","gt_translate_keys":["label","placeholder","repeater_field_label","quantity_label"],"price_dependency":false,"cl_dependency":false,"value":""}],[{"label":"\u23f0 Departure","active":true,"required":true,"elementId":"select_468b85c6eaafd0","dropdown_type":"basic","placeholder":"Select Departure Time","name":"select_468b85c6eaafd0","label_position":"default","desc_position":"default","enablePrice":true,"className":"","enableCl":false,"relations":[{"operator":false,"rules":[{"operator":"AND","rules":{"cl_field":"date_367e16bf8dd504","cl_relation":"week_day_is","cl_val":[1]}}]}],"values":[{"label":"9:30","value":"9:30","selected":false,"tempId":"aco_2695","price":"0","gt_translate_keys":["label"]},{"label":"12:30","value":"12:30","selected":false,"tempId":"aco_2329","price":"0","gt_translate_keys":["label"]},{"label":"15:30","value":"15:30","selected":false,"tempId":"aco_2457","price":"0","gt_translate_keys":["label"]},{"label":"17:00","value":"17:00","selected":false,"tempId":"aco_19","price":"100","gt_translate_keys":["label"]}],"price":"","cl_rule":"show","col":6,"type":"select","error":false,"priceOptions":"different_for_all","pricingType":"fixed","is_show_price":true,"isWeightTemplate":false,"isTemplate":false,"min_quantity":"1","quantity_decimal":false,"quantity_step":"1","quantity_label":"Quantity","repeater_field_label":"{field_label}","repeater_bind":"","gt_translate_keys":["label","placeholder","repeater_field_label","quantity_label"],"price_dependency":false,"cl_dependency":false,"value":""}],[{"active":true,"col":6,"relations":false,"cl_rule":"show","enableCl":false,"price":"","enablePrice":true,"className":"","label_position":"default","desc_position":"default","type":"select","required":false,"elementId":"select_3142719928","label":"\ud83d\udc65 Amount of People","name":"select_3142719928","values":[{"label":"1 Person","value":"1 Person","selected":false,"tempId":"aco_1169","options_cl":false,"relations":[{"operator":false,"rules":[{"operator":"AND","rules":{"cl_field":"","cl_relation":"","cl_val":""}}]}],"cl_rule":"show","gt_translate_keys":["label"]},{"label":"2 People","value":"2 People","selected":false,"tempId":"aco_1170","gt_translate_keys":["label"]},{"label":"3 People","value":"3 People","selected":false,"tempId":"aco_1171","gt_translate_keys":["label"]},{"label":"4 People","value":"4 People","selected":false,"tempId":"aco_1397","gt_translate_keys":["label"]},{"label":"5 People (+20\u20ac)","value":"5 People","selected":false,"tempId":"aco_2351","price":"20","gt_translate_keys":["label"]},{"label":"6 People (+30\u20ac)","value":"6 People","selected":false,"tempId":"aco_1461","price":"30","gt_translate_keys":["label"]},{"label":"7 People (+40\u20ac)","value":"7 People","selected":false,"tempId":"aco_1507","price":"40","gt_translate_keys":["label"]},{"label":"8 People (+50\u20ac)","value":"8 People","selected":false,"tempId":"aco_1553","price":"50","gt_translate_keys":["label"]},{"label":"9 People (+60\u20ac)","value":"9 People","selected":false,"tempId":"aco_1563","price":"60","gt_translate_keys":["label"]},{"label":"10 People (+70\u20ac)","value":"10 People","selected":false,"tempId":"aco_1573","price":"70","gt_translate_keys":["label"]},{"label":"11 People (+80\u20ac)","value":"11 People","selected":false,"tempId":"aco_1583","price":"80","gt_translate_keys":["label"]},{"label":"12 People (+90\u20ac)","value":"12 People","selected":false,"tempId":"aco_1746","price":"90","gt_translate_keys":["label"]},{"label":"13 People (+100\u20ac)","value":"13 People","selected":false,"tempId":"aco_1756","price":"100","gt_translate_keys":["label"]},{"label":"14 People (+110\u20ac)","value":"14 People","selected":false,"tempId":"aco_1766","price":"110","gt_translate_keys":["label"]},{"label":"15 People (+120\u20ac)","value":"15 People","selected":false,"tempId":"aco_1911","price":"120","gt_translate_keys":["label"]},{"label":"16 People (+130\u20ac)","value":"16 People","selected":false,"tempId":"aco_1957","price":"130","gt_translate_keys":["label"]},{"label":"17 People (+140\u20ac)","value":"17 People","selected":false,"tempId":"aco_2003","price":"140","gt_translate_keys":["label"]},{"label":"18 People (+150\u20ac)","value":"18 People","selected":false,"tempId":"aco_2049","price":"150","gt_translate_keys":["label"]},{"label":"19 People (+160\u20ac)","value":"19 People","selected":false,"tempId":"aco_2113","price":"160","gt_translate_keys":["label"]},{"label":"20 People (+170\u20ac)","value":"20 People","selected":false,"tempId":"aco_2159","price":"170","gt_translate_keys":["label"]},{"label":"21 People (+180\u20ac)","value":"21 People","selected":false,"tempId":"aco_2205","price":"180","gt_translate_keys":["label"]},{"label":"22 People (+190\u20ac)","value":"22 People","selected":false,"tempId":"aco_2269","price":"190","gt_translate_keys":["label"]}],"isWeightTemplate":false,"error":false,"isTemplate":false,"min_quantity":"1","quantity_decimal":false,"quantity_step":"1","quantity_label":"Quantity","repeater_field_label":"{field_label}","repeater_bind":"","dropdown_type":"basic","priceOptions":"different_for_all","pricingType":"fixed","is_show_price":false,"gt_translate_keys":["label","repeater_field_label","quantity_label"],"price_dependency":false,"cl_dependency":false,"value":""}],[{"active":true,"col":6,"relations":false,"cl_rule":"show","enableCl":false,"price":"","enablePrice":false,"className":"","label_position":"default","desc_position":"default","type":"separator","required":false,"elementId":"separator_368b85c6eaafe4","label":"Separator Field","height":"3","separatorType":"blank","error":false,"gt_translate_keys":["label"],"price_dependency":false,"cl_dependency":false,"value":""}],[{"active":true,"col":6,"relations":[{"operator":false,"rules":[{"operator":"AND","rules":{"cl_field":"","cl_relation":"","cl_val":""}}]}],"cl_rule":"show","enableCl":false,"price":"","enablePrice":false,"className":"","label_position":"default","desc_position":"default","type":"content","required":false,"elementId":"content_1542895609","label":"","name":"content_1542895609","contentType":"rich","value":"<p>Please note that any tour that remains on the water after 17:00 will have an additional cost of \u20ac100, to be paid directly on the boat.<\/p>","isTemplate":false,"error":false,"enableDesign":true,"DescColor":"#0042ff","show_in_checkout":true,"gt_translate_keys":["label","value"],"price_dependency":false,"cl_dependency":false}]]}},"config":{"price_override":"always","enable_recaptcha":false,"bind_quantity":false,"quantity_bind_formula":false,"disp_summ_show_option_price":true,"disp_summ_show_product_price":false,"disp_summ_show_total_price":true,"disp_summ_show_fee":true,"disp_summ_show_discount":true,"summary_title":"","options_total_label":"Options Price","total_label":"Total Amount Now","options_product_label":"Product Price","fee_label":"Fee","discount_label":"Discount","has_price":true,"has_quantity_formula":false},"mc_unit":1,"tax_rate":1,"tax_rate_real":1,"discount":{"percentage":0,"fixed":0},"design":{"conf":{"LabelPosition":"above","DescPosition":"above","UploadField":"custom_1","QuantityFieldStyle":"custom_1"},"css":{"LeftLabelWidth":"120px"}},"formulas":{"fmla_1708364241278155361":"(({field.select_668b85c6eaafc6.value}>=4)?(150+({field.number_268b85c6eaafd9.value}*5)):(({field.select_668b85c6eaafc6.value}>=3)?(100+({field.number_268b85c6eaafd9.value}*5)):(0)))","fmla_1742826688120818082":"(({field.select_668b85c6eaafc6.value}>=4)?(1500+{field.select_468b85c6eaafd0.price}):(({field.select_668b85c6eaafc6.value}>=3)?(750+{field.select_468b85c6eaafd0.price}):(0)))"},"lookuptables":[],"clones":false,"cartKey":false}},"_links":{"self":[{"href":"https:\/\/canaryvip.com\/de\/wp-json\/wp\/v2\/product\/15724","targetHints":{"allow":["GET"]}}],"collection":[{"href":"https:\/\/canaryvip.com\/de\/wp-json\/wp\/v2\/product"}],"about":[{"href":"https:\/\/canaryvip.com\/de\/wp-json\/wp\/v2\/types\/product"}],"replies":[{"embeddable":true,"href":"https:\/\/canaryvip.com\/de\/wp-json\/wp\/v2\/comments?post=15724"}],"wp:featuredmedia":[{"embeddable":true,"href":"https:\/\/canaryvip.com\/de\/wp-json\/wp\/v2\/media\/15725"}],"wp:attachment":[{"href":"https:\/\/canaryvip.com\/de\/wp-json\/wp\/v2\/media?parent=15724"}],"wp:term":[{"taxonomy":"product_brand","embeddable":true,"href":"https:\/\/canaryvip.com\/de\/wp-json\/wp\/v2\/product_brand?post=15724"},{"taxonomy":"product_cat","embeddable":true,"href":"https:\/\/canaryvip.com\/de\/wp-json\/wp\/v2\/product_cat?post=15724"},{"taxonomy":"product_tag","embeddable":true,"href":"https:\/\/canaryvip.com\/de\/wp-json\/wp\/v2\/product_tag?post=15724"}],"curies":[{"name":"wp","href":"https:\/\/api.w.org\/{rel}","templated":true}]}}