{"id":15386,"date":"2025-08-07T14:09:56","date_gmt":"2025-08-07T13:09:56","guid":{"rendered":"https:\/\/canaryvip.com\/?post_type=product&#038;p=15386"},"modified":"2025-08-09T13:45:20","modified_gmt":"2025-08-09T12:45:20","slug":"crazy-ufo-twister-tenerife","status":"publish","type":"product","link":"https:\/\/canaryvip.com\/de\/shop\/crazy-ufo-twister-tenerife\/","title":{"rendered":"Verr\u00fccktes UFO &amp; Twister Teneriffa"},"content":{"rendered":"<h2><strong>\ud83d\ude80 Crazy UFO Teneriffa - Hochgeschwindigkeits-Spa\u00df auf dem Wasser<\/strong><\/h2>\n<p>Lust auf eine wilde Fahrt? Springen Sie auf die <strong>Verr\u00fccktes UFO Teneriffa<\/strong> und machen Sie sich bereit f\u00fcr eine intensive Mischung aus Geschwindigkeit, Spritzern und purem Adrenalin. Dies ist eine der aufregendsten <strong>Wassersport auf Teneriffa<\/strong>Das Hotel ist ideal f\u00fcr Familien, Paare oder Gruppen von Freunden, die etwas Unvergessliches in Costa Adeje erleben m\u00f6chten.<\/p>\n<h3><strong>\ud83c\udf0a Abreise von Puerto Col\u00f3n<\/strong><\/h3>\n<ul>\n<li><strong>Einfacher Zugang:<\/strong> Ihr Abenteuer beginnt mit <a href=\"https:\/\/maps.app.goo.gl\/bkqEhAxsobcjz9wG9\" target=\"_blank\" rel=\"noopener\">Puerto Col\u00f3n<\/a>einer der beliebtesten H\u00e4fen im S\u00fcden von Teneriffa. Er ist leicht zu erreichen und von einer tollen Strandatmosph\u00e4re umgeben.<\/li>\n<li><strong>Kurzbesprechung:<\/strong> Vor der Fahrt erhalten Sie eine Sicherheitseinweisung durch die erfahrene Crew, um sicherzustellen, dass alles f\u00fcr ein sicheres und lustiges Erlebnis vorbereitet ist.<\/li>\n<\/ul>\n<h3><strong>\u2728 Warum die verr\u00fcckte UFO-Fahrt auf Teneriffa?<\/strong><\/h3>\n<ul>\n<li><strong>Intensives Adrenalin:<\/strong> Dies ist keine gew\u00f6hnliche aufblasbare Fahrt. Das Crazy UFO dreht sich, gleitet und springt \u00fcber die Wellen auf eine Art und Weise, die Sie zum Lachen und Schreien bringen wird.<\/li>\n<li><strong>Perfekt f\u00fcr alle:<\/strong> Sie m\u00fcssen kein Profi sein. Egal, ob es Ihre erste Wasseraktivit\u00e4t oder Ihre zehnte ist, diese Fahrt ist sicher und macht jedem Spa\u00df - vom Anf\u00e4nger bis zum Nervenkitzel.<\/li>\n<li><strong>Atemberaubende Aussichten:<\/strong> W\u00e4hrend Sie \u00fcber den Ozean fliegen, sollten Sie sich einen Moment Zeit nehmen, um die wundersch\u00f6ne K\u00fcste von Playa de las Am\u00e9ricas und das glitzernde Wasser des Atlantiks zu bewundern.<\/li>\n<\/ul>\n<h3><strong>\ud83d\udcb6 Gro\u00dfer Wert f\u00fcr eine kurze, aber intensive Fahrt<\/strong><\/h3>\n<ul>\n<li><strong>Dauer:<\/strong> Ein 15-min\u00fctiger, spannender Ritt voller Action.<\/li>\n<li><strong>Erschwinglicher Preis:<\/strong> Eine unterhaltsame und erschwingliche Option f\u00fcr diejenigen, die aufregende <strong>Wasseraktivit\u00e4ten auf Teneriffa<\/strong> ohne ein Verm\u00f6gen auszugeben.<\/li>\n<li><strong>Fotos verf\u00fcgbar:<\/strong> Vergessen Sie nicht, sich die Bilder Ihrer Fahrt anzusehen, die Sie kaufen k\u00f6nnen - Sie werden einen Beweis f\u00fcr diese wilden Gesichter haben wollen!<\/li>\n<\/ul>\n<h3><strong>\u2696\ufe0f Flexible Buchung und Stornierung<\/strong><\/h3>\n<ul>\n<li><strong>Einfach zu buchen:<\/strong> Bei CanaryVIP k\u00f6nnen Sie Ihre Crazy UFO Fahrt schnell und einfach buchen. W\u00e4hlen Sie einfach Ihr Datum und sichern Sie sich Ihren Platz.<\/li>\n<li><strong>Kostenlose Stornierung:<\/strong> Ge\u00e4nderte Pl\u00e4ne? Kein Problem! Sie k\u00f6nnen Ihre Reservierung bis zu 24 Stunden vor der Aktivit\u00e4t stornieren und erhalten eine volle R\u00fcckerstattung. Kein Stress, keine Sorgen.<\/li>\n<\/ul>\n<h3><strong>\u2705 Was ist bei der verr\u00fcckten UFO-Fahrt auf Teneriffa inbegriffen?<\/strong><\/h3>\n<ul>\n<li>Schwimmwesten und Sicherheitsausr\u00fcstung f\u00fcr alle Teilnehmer.<\/li>\n<li>15 Minuten Hochgeschwindigkeits-Action auf der H\u00fcpfburg Crazy UFO.<\/li>\n<li>Professionelle und freundliche Mitarbeiter sorgen f\u00fcr eine sichere und unterhaltsame Zeit.<\/li>\n<li>Optional k\u00f6nnen Sie Fotos von Ihrer Fahrt machen, um die Erinnerungen lebendig zu halten.<\/li>\n<\/ul>\n<h3><strong>\ud83c\udfaf Warum bei CanaryVIP buchen?<\/strong><\/h3>\n<ul>\n<li>Wir arbeiten mit den am besten bewerteten Wassersportunternehmen auf Teneriffa zusammen, um nur die besten und sichersten Erfahrungen anzubieten.<\/li>\n<li>Wir sind auf Teneriffa ans\u00e4ssig und stehen Ihnen vor und nach Ihrer Buchung mit Rat und Tat zur Seite.<\/li>\n<li>Sie k\u00f6nnen dies mit anderen <strong>Wasseraktivit\u00e4ten auf Teneriffa<\/strong> wie <a href=\"https:\/\/canaryvip.com\/de\/shop\/jetski-tenerife\/\">Jet-Ski-Fahrten<\/a>, <a href=\"https:\/\/canaryvip.com\/de\/shop\/parasailing-tenerife\/\">Parasailing<\/a> oder <a href=\"https:\/\/canaryvip.com\/de\/tenerife\/boat-excursions\/\">Bootstouren<\/a>-alle im selben Gebiet!<\/li>\n<\/ul>\n<h3><strong>\ud83c\udf92 Was Sie mitbringen sollten<\/strong><\/h3>\n<ul>\n<li><strong>Bademode:<\/strong> Du wirst nass werden! Kommen Sie wasserfest gekleidet und bereit, Spa\u00df zu haben.<\/li>\n<li><strong>Sonnenschutz:<\/strong> Nehmen Sie Sonnenschutzmittel mit, besonders an sonnigen Tagen.<\/li>\n<li><strong>Lassen Sie Wertsachen zur\u00fcck:<\/strong> Am Hafen gibt es sichere Abstellr\u00e4ume, in denen Sie Ihre Sachen w\u00e4hrend der Fahrt lassen k\u00f6nnen.<\/li>\n<\/ul>\n<h3>\u2753 <strong>H\u00e4ufig gestellte Fragen<\/strong><\/h3>\n<ul>\n<li><strong>Ist das verr\u00fcckte UFO sicher?<\/strong> Unbedingt. Die Sicherheit hat oberste Priorit\u00e4t. Die Fahrt wird von geschulten Fachleuten beaufsichtigt und alle Teilnehmer tragen Schwimmwesten.<\/li>\n<li><strong>Muss ich schwimmen k\u00f6nnen?<\/strong> Es ist keine Schwimmerfahrung erforderlich. Sie werden jederzeit eine Schwimmweste tragen.<\/li>\n<li><strong>Wie hoch ist das Mindestalter?<\/strong> Kinder ab 10 Jahren k\u00f6nnen in der Regel mitfahren, aber im Zweifelsfall fragen Sie uns am besten vor der Buchung.<\/li>\n<\/ul>\n<h4><strong>\ud83c\udf1e Mach dich bereit zum Schreien, Lachen und Planschen!<\/strong><\/h4>\n<p>Verpassen Sie nicht eine der unterhaltsamsten <strong>Wassersport auf Teneriffa<\/strong>. Buchen Sie Ihr <strong>Verr\u00fccktes UFO Teneriffa<\/strong> Fahren Sie noch heute mit CanaryVIP und erleben Sie den Nervenkitzel des Fliegens \u00fcber die Wellen bei einer der aufregendsten Wasseraktivit\u00e4ten, die die Insel zu bieten hat.<\/p>","protected":false},"excerpt":{"rendered":"<p>\ud83d\udd0d<strong> Verr\u00fccktes UFO &amp; Twister Teneriffa:<br \/>\n<\/strong>\u2705 Sichere Bezahlung.<br \/>\n\ud83d\udc65 Bis zu 8 Fahrer pro Fahrt.<br \/>\n\ud83d\ude80 Die Fahrten dauern 15 Minuten.<br \/>\n\ud83c\udfde\ufe0f Hochgeschwindigkeitsfahrten.<br \/>\n\ud83d\udd59 W\u00e4hrend des ganzen Tages.<br \/>\n\ud83d\udcc5 T\u00e4glich verf\u00fcgbar.<br \/>\n\ud83e\udd11 Bester Preis garantiert.<br \/>\n\ud83d\udc6a Erm\u00e4\u00dfigungen f\u00fcr Gruppen.<br \/>\n\ud83d\udd01 24 Stunden Stornierungsbedingungen.<br \/>\n\ud83c\udf0d Mehrsprachige Unterst\u00fctzung.<br \/>\n\ud83c\udf1f Buchen Sie im Voraus, um zu sparen.<br \/>\n\ud83d\udccd Abreise von <a href=\"https:\/\/maps.app.goo.gl\/bkqEhAxsobcjz9wG9\">Puerto Col\u00f3n<\/a>.<\/p>","protected":false},"featured_media":15388,"comment_status":"open","ping_status":"closed","template":"","meta":{"_acf_changed":false},"product_brand":[],"product_cat":[53],"product_tag":[],"class_list":{"0":"post-15386","1":"product","2":"type-product","3":"status-publish","4":"has-post-thumbnail","6":"product_cat-water-sports","7":"wcpa_has_options","9":"first","10":"instock","11":"virtual","12":"purchasable","13":"product-type-simple"},"acf":[],"wcpa_form_fields":{"wcpaData":{"product":{"product_price":18,"price_html":"From&nbsp;<span class=\"woocommerce-Price-amount amount\"><bdi>18,00&nbsp;<span class=\"woocommerce-Price-currencySymbol\">&euro;<\/span><\/bdi><\/span>","original_product_price":18,"price_including_tax":18,"price_excluding_tax":18,"product_id":{"parent":15386,"variation":false},"is_variable":false,"stock_status":"instock","stock_quantity":null,"parent_sku":"CV15386","product_attributes":[],"custom_fields":[],"is_taxable":false,"product_name":"Crazy UFO & Twister Tenerife","hasImage":false},"fields":{"sec_16894ab7dd6246":{"extra":{"key":"sec_16894ab7dd6246","section_id":"sec_16894ab7dd6246","name":"Default","status":1,"cl_rule":"show","enableCl":false,"relations":[],"toggle":true,"title_tag":"h3","show_title":false,"showPrice":"default","form_id":15391,"form_rules":{"exclude_from_discount":true,"fee_label":"Fee","disp_hide_options_price":true,"disp_show_section_price":false,"disp_show_field_price":true,"layout_option":"standard","pric_use_as_fee":false,"process_fee_as":"woo_fee"},"layout_option":"standard"},"fields":[[{"label":"\ud83d\udcc5 Date","active":true,"required":true,"elementId":"date_26894ab7dd6265","picker_type":"custom","picker_mode":"single","placeholder":"","description":"","tooltip":"","name":"date_26894ab7dd6265","label_position":"default","desc_position":"default","enablePrice":false,"className":"","enableCl":false,"relations":[{"operator":"and","rules":[{"operator":"AND","rules":{"cl_field":"radio-group_5661bc90f5e8f5","cl_relation":"is_not_empty","cl_val":"3 Hour Trip"}}]}],"date_pic_inline":true,"date_pic_inline_hide":true,"min_date":{"type":"days","val":"1"},"max_date":{"type":"days","val":"365"},"date_pic_conf":{"disabledWeeks":[]},"price":"","cl_rule":"show","col":6,"type":"date","error":false,"enableDesign":false,"LabelColor":"","isWeightTemplate":false,"isTemplate":false,"min_quantity":"1","quantity_decimal":false,"quantity_step":"1","quantity_label":"Quantity","repeater_field_label":"{field_label}","repeater_bind":"","gt_translate_keys":["label","placeholder","description","tooltip","repeater_field_label","quantity_label"],"price_dependency":false,"cl_dependency":false,"value":""}],[{"active":true,"col":6,"relations":false,"cl_rule":"show","enableCl":false,"price":"","enablePrice":false,"className":"","label_position":"default","desc_position":"default","type":"select","required":true,"elementId":"select_66894ab7dd6273","label":"\u23f0 Departure Time","name":"select_66894ab7dd6273","values":[{"label":"Whichever Time is Best","value":"Whichever Time is Best","selected":false,"tempId":"aco_312","gt_translate_keys":["label"]},{"label":"10:00","value":"10:00","selected":false,"tempId":"aco_313","gt_translate_keys":["label"]},{"label":"11:00","value":"11:00","selected":false,"tempId":"aco_314","gt_translate_keys":["label"]},{"label":"12:00","value":"12:00","selected":false,"tempId":"aco_711","gt_translate_keys":["label"]},{"label":"13:00","value":"13:00","selected":false,"tempId":"aco_721","gt_translate_keys":["label"]},{"label":"14:00","value":"14:00","selected":false,"tempId":"aco_983","gt_translate_keys":["label"]},{"label":"15:00","value":"15:00","selected":false,"tempId":"aco_993","gt_translate_keys":["label"]},{"label":"16:00","value":"16:00","selected":false,"tempId":"aco_1183","gt_translate_keys":["label"]}],"dropdown_type":"basic","error":false,"multiple":false,"placeholder":"None","isWeightTemplate":false,"isTemplate":false,"min_quantity":"1","quantity_decimal":false,"quantity_step":"1","quantity_label":"Quantity","repeater_field_label":"{field_label}","repeater_bind":"","gt_translate_keys":["label","placeholder","repeater_field_label","quantity_label"],"price_dependency":false,"cl_dependency":false,"value":""}],[{"active":true,"col":6,"relations":[{"operator":false,"rules":[{"operator":"AND","rules":{"cl_field":"","cl_relation":"","cl_val":""}}]}],"cl_rule":"show","enableCl":true,"price":"18","enablePrice":true,"className":"","label_position":"default","desc_position":"default","type":"radio-group","required":false,"elementId":"radio-group_76894ab7dd6281","label":"","name":"radio-group_76894ab7dd6281","values":[{"label":"\ud83d\udc64 People (18\u20ac)","value":"People","selected":true,"tempId":"aco_32","tooltip":"","description":"","gt_translate_keys":["label","tooltip","description"]}],"layOut":"","error":false,"checkUi":"button","priceOptions":"fixed_for_all","pricingType":"fixed","enable_quantity":true,"quantity_label":"","min_quantity":"0","options_tooltip":true,"options_description":true,"is_show_price":true,"isWeightTemplate":false,"isTemplate":false,"quantity_decimal":false,"quantity_step":"1","repeater_field_label":"{field_label}","repeater_bind":"","gt_translate_keys":["label","repeater_field_label","quantity_label"],"price_dependency":false,"cl_dependency":false,"value":""}],[{"active":true,"col":6,"relations":false,"cl_rule":"show","enableCl":false,"price":"","enablePrice":false,"className":"","label_position":"default","desc_position":"default","type":"separator","required":false,"elementId":"separator_16894ab7dd628d","label":"Separator Field","height":"6","separatorType":"fill","error":false,"separatorColor":"#66a5b6","gt_translate_keys":["label"],"price_dependency":false,"cl_dependency":false,"value":""}],[{"active":true,"col":6,"relations":false,"cl_rule":"show","enableCl":false,"price":"{field.radio-group_76894ab7dd6281.quantity}*6","enablePrice":true,"className":"","label_position":"default","desc_position":"default","type":"content","required":false,"elementId":"content_66894ab7dd6297","label":"Deposit Now","name":"content_66894ab7dd6297","contentType":"plain","value":"","error":false,"subtype":"div","inline":true,"show_in_checkout":true,"pricingType":"custom","isTemplate":false,"gt_translate_keys":["label","value"],"price_dependency":false,"cl_dependency":false}],[{"contentType":"plain","active":true,"label":"Payment at Arrival","elementId":"content_96894ab7dd62a1","value":"","inline":true,"show_in_checkout":true,"name":"content_96894ab7dd62a1","enablePrice":true,"className":"","subtype":"div","enableCl":false,"relations":false,"pricingType":"custom","isTemplate":false,"price":"{field.radio-group_76894ab7dd6281.quantity}*12","is_show_price":true,"cl_rule":"show","col":6,"type":"content","error":false,"gt_translate_keys":["label","value"],"price_dependency":false,"cl_dependency":false}],[{"contentType":"plain","active":true,"label":"Total Price","elementId":"content_76894ab7dd62ab","value":"","inline":true,"show_in_checkout":true,"name":"content_76894ab7dd62ab","enablePrice":true,"className":"","subtype":"div","enableCl":false,"relations":false,"pricingType":"custom","isTemplate":false,"price":"{field.radio-group_76894ab7dd6281.quantity}*18","is_show_price":true,"cl_rule":"show","col":6,"type":"content","error":false,"gt_translate_keys":["label","value"],"price_dependency":false,"cl_dependency":false}]]}},"config":{"price_override":"always","enable_recaptcha":false,"bind_quantity":false,"quantity_bind_formula":false,"disp_summ_show_option_price":true,"disp_summ_show_product_price":false,"disp_summ_show_total_price":true,"disp_summ_show_fee":true,"disp_summ_show_discount":true,"summary_title":"","options_total_label":"Options Price","total_label":"Total Amount","options_product_label":"Product Price","fee_label":"Fee","discount_label":"Discount","has_price":true,"has_quantity_formula":false},"mc_unit":1,"tax_rate":1,"tax_rate_real":1,"discount":{"percentage":0,"fixed":0},"design":{"conf":{"LabelPosition":"above","DescPosition":"above","UploadField":"custom_1","QuantityFieldStyle":"custom_1"},"css":{"LeftLabelWidth":"120px"}},"formulas":[],"lookuptables":[],"clones":false,"cartKey":false}},"_links":{"self":[{"href":"https:\/\/canaryvip.com\/de\/wp-json\/wp\/v2\/product\/15386","targetHints":{"allow":["GET"]}}],"collection":[{"href":"https:\/\/canaryvip.com\/de\/wp-json\/wp\/v2\/product"}],"about":[{"href":"https:\/\/canaryvip.com\/de\/wp-json\/wp\/v2\/types\/product"}],"replies":[{"embeddable":true,"href":"https:\/\/canaryvip.com\/de\/wp-json\/wp\/v2\/comments?post=15386"}],"wp:featuredmedia":[{"embeddable":true,"href":"https:\/\/canaryvip.com\/de\/wp-json\/wp\/v2\/media\/15388"}],"wp:attachment":[{"href":"https:\/\/canaryvip.com\/de\/wp-json\/wp\/v2\/media?parent=15386"}],"wp:term":[{"taxonomy":"product_brand","embeddable":true,"href":"https:\/\/canaryvip.com\/de\/wp-json\/wp\/v2\/product_brand?post=15386"},{"taxonomy":"product_cat","embeddable":true,"href":"https:\/\/canaryvip.com\/de\/wp-json\/wp\/v2\/product_cat?post=15386"},{"taxonomy":"product_tag","embeddable":true,"href":"https:\/\/canaryvip.com\/de\/wp-json\/wp\/v2\/product_tag?post=15386"}],"curies":[{"name":"wp","href":"https:\/\/api.w.org\/{rel}","templated":true}]}}