{"id":14642,"date":"2025-05-26T18:12:56","date_gmt":"2025-05-26T17:12:56","guid":{"rendered":"https:\/\/canaryvip.com\/?post_type=product&#038;p=14642"},"modified":"2025-10-02T11:19:56","modified_gmt":"2025-10-02T10:19:56","slug":"skyline-boat-charter-tenerife","status":"publish","type":"product","link":"https:\/\/canaryvip.com\/de\/shop\/skyline-boat-charter-tenerife\/","title":{"rendered":"Skyline Bootscharter Teneriffa"},"content":{"rendered":"<h2>\ud83d\udea4 Yachtvermietung Teneriffa: Skyline Boat Experience<\/h2>\n<p class=\"translation-block\"><strong>Skyline Cruiser<\/strong> ist eine exklusive <strong>Yacht auf Teneriffa<\/strong>, die ein luxuri\u00f6ses Erlebnis an Bord einer 42 Fu\u00df langen Fairline-Motoryacht bietet. Mit Platz f\u00fcr bis zu 12 G\u00e4ste ist sie die ideale Wahl f\u00fcr kleine Gruppen, die Privatsph\u00e4re, Komfort und eine entspannte Atmosph\u00e4re auf dem Atlantik suchen.<\/p>\n<p class=\"translation-block\">Von Puerto Col\u00f3n aus ist dieser <strong>Skyline Boot Teneriffa<\/strong> Charter perfekt f\u00fcr alle, die sich entspannen, die S\u00fcdk\u00fcste der Insel erkunden oder Delfine und Wale in ihrem nat\u00fcrlichen Lebensraum beobachten m\u00f6chten. Es ist eine der stilvollsten M\u00f6glichkeiten, <strong>ein Boot auf Teneriffa zu mieten<\/strong> und die Insel vom Meer aus zu entdecken.<\/p>\n<h3>\ud83c\udf05 W\u00e4hlen Sie Ihre Abfahrtszeit<\/h3>\n<p class=\"translation-block\"><strong>Drei Abfahrten pro Tag<\/strong> stehen zur Verf\u00fcgung, um verschiedenen Zeitpl\u00e4nen gerecht zu werden:<\/p>\n<ul>\n<li>\ud83d\udd58 9:45<\/li>\n<li>\ud83d\udd50 13:15<\/li>\n<li>\ud83d\udd5f 16:20<\/li>\n<\/ul>\n<p class=\"translation-block\">Die Einschiffung erfolgt im <a href=\"https:\/\/maps.app.goo.gl\/f5R77mRQ2HgpADy77\" target=\"_blank\" rel=\"noopener\">Hafen Puerto Col\u00f3n in Costa Adeje.<\/a><\/p>\n<h3>\ud83c\udf0a Was Sie an Bord erwartet<\/h3>\n<ul>\n<li class=\"translation-block\"><strong>Tierbeobachtung:<\/strong> Das Boot segelt 3 Meilen vor der K\u00fcste, um Delfine, Wale und andere Meeresbewohner im offenen Meer zu beobachten.<\/li>\n<li class=\"translation-block\"><strong>Entspanntes Cruisen:<\/strong> Die G\u00e4ste k\u00f6nnen sich im schattigen Lounge-Bereich entspannen oder am Bug ein Sonnenbad nehmen und dabei den Panoramablick auf das Meer genie\u00dfen.<\/li>\n<li class=\"translation-block\"><strong>Badestopp:<\/strong> Ein ruhiger Halt in einer Bucht bietet Zeit zum Schwimmen, Schnorcheln oder einfach zum Entspannen im Wasser.<\/li>\n<li class=\"translation-block\"><strong>K\u00fcstenr\u00fcckweg:<\/strong> Der R\u00fcckweg bietet Ausblicke auf ikonische Orte wie die Hippie-H\u00f6hlen und die vulkanischen Klippen an der S\u00fcdk\u00fcste.<\/li>\n<\/ul>\n<h3>\ud83c\udf74 Essen und Getr\u00e4nke inbegriffen<\/h3>\n<p class=\"translation-block\">Diese <strong>Jachtvermietung auf Teneriffa<\/strong> umfasst eine Vielzahl von Snacks wie spanisches Omelett, Pizza, Wurst, K\u00e4se, Kirschtomaten mit Oliven\u00f6l und Oregano, N\u00fcsse und frisches Obst der Saison. Zu den Getr\u00e4nken geh\u00f6ren Wasser, Softdrinks, Bier, Wein und Cava.<\/p>\n<p>F\u00fcr G\u00e4ste mit Di\u00e4tbeschr\u00e4nkungen oder -vorlieben k\u00f6nnen nach vorheriger Anmeldung alternative Men\u00fcs zusammengestellt werden.<\/p>\n<h3>\ud83e\udd3f Schnorcheln &amp; Entspannen<\/h3>\n<ul>\n<li class=\"translation-block\"><strong>Schnorchelausr\u00fcstung und Handt\u00fccher:<\/strong> Werden an Bord zur Verf\u00fcgung gestellt, damit die G\u00e4ste das Wasser bequem und ohne Probleme genie\u00dfen k\u00f6nnen.<\/li>\n<li class=\"translation-block\"><strong>Versteckte Buchten:<\/strong> Die Stopps werden an ruhigen, stillen Orten eingelegt, die sich perfekt zum Schwimmen und Schnorcheln abseits der Menschenmassen eignen.<\/li>\n<\/ul>\n<h3>\ud83d\udccd Abfahrt von Puerto Col\u00f3n<\/h3>\n<ul>\n<li><strong>Treffpunkt:<\/strong> Yachthafen Puerto Col\u00f3n, Costa Adeje. <a href=\"https:\/\/maps.app.goo.gl\/f5R77mRQ2HgpADy77\" target=\"_blank\" rel=\"noopener\">Ansicht auf Google Maps<\/a><\/li>\n<li><strong>Ankunftszeit:<\/strong> Die G\u00e4ste werden gebeten, 30 Minuten vor der Abfahrt einzutreffen, um einen reibungslosen Check-in zu gew\u00e4hrleisten.<\/li>\n<\/ul>\n<h3>\ud83d\udccb Was ist inbegriffen und was sollte man mitbringen?<\/h3>\n<ul>\n<li><strong>Eingeschlossen:<\/strong> Kapit\u00e4n und Mannschaft, Snacks, Getr\u00e4nke, Handt\u00fccher, Schnorchelausr\u00fcstung und Versicherung.<\/li>\n<li><strong>Es wird empfohlen, mitzubringen:<\/strong> Badesachen, Handtuch, Sonnencreme, Sonnenbrille und eine leichte Jacke f\u00fcr k\u00fchlere Tage.<\/li>\n<\/ul>\n<h3>\ud83d\udcb3 Details zu Buchung und Bezahlung<\/h3>\n<ul>\n<li><strong>Buchungsvorgang:<\/strong> Der Gesamtbetrag ist bei der Buchung zu entrichten.<\/li>\n<li><strong>Kundenbetreuung:<\/strong> CanaryVIP bietet Unterst\u00fctzung vor und nach der Buchung, um einen reibungslosen Ablauf zu gew\u00e4hrleisten.<\/li>\n<\/ul>\n<h3>\u2757 Stornierungsbedingungen<\/h3>\n<p>Die Stornierungsbedingungen f\u00fcr Skyline Boat Tenerife sind wie folgt:<\/p>\n<ul>\n<li><strong>Mehr als 5 Tage vor der Abreise:<\/strong> Vollst\u00e4ndige Erstattung.<\/li>\n<li><strong>3 bis 5 Tage vorher:<\/strong> 50% der Kaution zur\u00fcckerstattet.<\/li>\n<li><strong>Weniger als 72 Stunden vorher:<\/strong> Die Kaution wird nicht zur\u00fcckerstattet.<\/li>\n<li><strong>Nichterscheinen oder versp\u00e4tete Ankunft:<\/strong> Keine Erstattung.<\/li>\n<li><strong>Witterungsbedingte Annullierungen:<\/strong> Wenn der Kapit\u00e4n die Bedingungen f\u00fcr unsicher h\u00e4lt, wird eine volle R\u00fcckerstattung oder eine Verlegung des Termins angeboten.<\/li>\n<\/ul>\n<h3>\u2728 Warum Skyline Boat Tenerife mit CanaryVIP buchen?<\/h3>\n<ul>\n<li><strong>High-End-Yacht-Erlebnis:<\/strong> Ein luxuri\u00f6ses Boot mit begrenzter Kapazit\u00e4t f\u00fcr einen pers\u00f6nlichen und komfortablen Ausflug.<\/li>\n<li><strong>All-inclusive-Angebot:<\/strong> Snacks, Getr\u00e4nke, Schnorchelausr\u00fcstung und Handt\u00fccher sind im Preis inbegriffen.<\/li>\n<li><strong>Perfekt f\u00fcr besondere Anl\u00e4sse:<\/strong> Ideal f\u00fcr Geburtstage, Jubil\u00e4en, romantische Ausfl\u00fcge oder einen erstklassigen Tag auf dem Meer.<\/li>\n<\/ul>\n<h3>\ud83d\udccc Schlussgedanken<\/h3>\n<p class=\"translation-block\">F\u00fcr Reisende, die ein <strong>Boot auf Teneriffa mieten<\/strong> und ein hochwertiges, entspannendes Erlebnis auf dem Meer genie\u00dfen m\u00f6chten, ist <strong>Skyline Boat Tenerife<\/strong> eine der besten M\u00f6glichkeiten. Mit t\u00e4glichen Abfahrten, All-inclusive-Service und atemberaubenden Aussichten bietet diese <a href=\"https:\/\/canaryvip.com\/de\/tenerife\/boat-hire-tenerife\/\" target=\"_self\"><strong>private Bootstour Teneriffa<\/strong><\/a> Komfort, Sch\u00f6nheit und unvergessliche Erinnerungen.<\/p>\n<p class=\"translation-block\">Buchungen k\u00f6nnen ganz einfach \u00fcber <strong>CanaryVIP<\/strong>, Ihren zuverl\u00e4ssigen Partner f\u00fcr erstklassige Ausfl\u00fcge auf den Kanarischen Inseln, vorgenommen werden.<\/p>","protected":false},"excerpt":{"rendered":"<p><strong>\ud83d\udd0d Skyline Boot Teneriffa:<\/strong><br \/>\n<span>\u2705 Sichere Bezahlung.<\/span><br \/>\n<span>\ud83d\udc65 Gemeinsame Touren verf\u00fcgbar.<br \/>\n\ud83d\udd10 Private F\u00fchrungen verf\u00fcgbar.<\/span><br \/>\n<span>\ud83d\udc0b Sichtung von Walen und Delfinen.<\/span><br \/>\n<span>\ud83d\ude80 F\u00fchrungen von 3h.<\/span><br \/>\n<span>\ud83d\udd59 9:45, 13:15, 16:20.<br \/>\n<\/span>\ud83c\udf05 Touren bei Sonnenuntergang verf\u00fcgbar.<br \/>\n<span>\ud83e\uddc3 Snacks und Getr\u00e4nke inbegriffen.<\/span><br \/>\n<span>\ud83d\udc65 Bis zu 12 Personen.<\/span><br \/>\n<span>\ud83e\udd3f Schnorchelausr\u00fcstung wird gestellt.<\/span><br \/>\n<span>\ud83e\udd11 Bester Preis garantiert.<\/span><br \/>\n<span>\ud83d\udc6a Rabatte Aktiviert.<\/span><br \/>\n<span>\ud83d\udd01 Bis zu 5 Tage Stornierung.<\/span><br \/>\n<span>\ud83c\udf0d Mehrsprachige Leitf\u00e4den.<\/span><br \/>\n<span>\ud83c\udf1f Jetzt buchen und sparen!<\/span><br \/>\n<span>\ud83d\udccd Abreise von\u00a0<\/span><a href=\"https:\/\/www.google.com\/maps\/place\/Puerto+Col%C3%B3n\/@28.0783432,-16.7368735,18.52z\/data=!4m6!3m5!1s0xc6a9743509c9ebf:0xd62345524f768247!8m2!3d28.0789928!4d-16.7359737!16s%2Fg%2F11c6cqryw_?entry=tts\">Puerto Colon<\/a><span>.<\/span><\/p>","protected":false},"featured_media":14645,"comment_status":"open","ping_status":"closed","template":"","meta":{"_acf_changed":false},"product_brand":[],"product_cat":[47,46],"product_tag":[],"class_list":{"0":"post-14642","1":"product","2":"type-product","3":"status-publish","4":"has-post-thumbnail","6":"product_cat-boat-hire-tenerife","7":"product_cat-boat-excursions","8":"wcpa_has_options","10":"first","11":"instock","12":"virtual","13":"purchasable","14":"product-type-simple"},"acf":[],"wcpa_form_fields":{"wcpaData":{"product":{"product_price":65,"price_html":"From&nbsp;<span class=\"woocommerce-Price-amount amount\"><bdi>65,00&nbsp;<span class=\"woocommerce-Price-currencySymbol\">&euro;<\/span><\/bdi><\/span>","original_product_price":65,"price_including_tax":65,"price_excluding_tax":65,"product_id":{"parent":14642,"variation":false},"is_variable":false,"stock_status":"instock","stock_quantity":null,"parent_sku":"CV14642","product_attributes":[],"custom_fields":[],"is_taxable":false,"product_name":"Skyline Boat Charter Tenerife","hasImage":false},"fields":{"sec_56836ef2832367":{"extra":{"key":"sec_56836ef2832367","section_id":"sec_56836ef2832367","name":"Trip Duration","status":1,"cl_rule":"show","enableCl":false,"relations":[],"toggle":true,"title_tag":"h4","show_title":false,"showPrice":"default","form_id":14657,"form_rules":{"exclude_from_discount":true,"fee_label":"Fee","disp_hide_options_price":true,"disp_show_section_price":false,"disp_show_field_price":true,"layout_option":"standard","pric_use_as_fee":false,"process_fee_as":"woo_fee"},"layout_option":"standard"},"fields":[[{"active":true,"col":6,"relations":false,"cl_rule":"show","enableCl":false,"price":"","enablePrice":false,"className":"","label_position":"default","desc_position":"default","type":"radio-group","required":false,"elementId":"radio-group_26836ef2832388","label":"\u231b\ufe0f Trip Duration","name":"radio-group_26836ef2832388","values":[{"label":"3 Hour Shared Trip (65\u20ac)","value":"Shared 3H","selected":false,"tempId":"aco_148","description":"Whale and dolphin sightings. Includes snacks, drinks, and snorkeling. Daily at 9:45.","gt_translate_keys":["label","description"]},{"label":"Private Charter (650\u20ac)","value":"Private Charter","selected":false,"tempId":"aco_149","description":"Sail Tenerife\u2019s coast on a private yacht. Spot dolphins and whales, Includes Spanish snacks, drinks, and snorkeling. 3 hour charters.","gt_translate_keys":["label","description"]}],"layOut":"","error":false,"checkUi":"toggle","options_description":true,"gt_translate_keys":["label"],"price_dependency":false,"cl_dependency":[false,false],"value":""}]]},"sec_36836ef2832389":{"extra":{"key":"sec_36836ef2832389","section_id":"sec_36836ef2832389","name":"Shared Trip","status":1,"cl_rule":"show","enableCl":true,"relations":[{"operator":false,"rules":[{"operator":"AND","rules":{"cl_field":"radio-group_26836ef2832388","cl_relation":"is","cl_val":"Shared 3H"}}]}],"toggle":true,"title_tag":"h4","show_title":false,"showPrice":"default","form_id":14657,"form_rules":{"exclude_from_discount":true,"fee_label":"Fee","disp_hide_options_price":true,"disp_show_section_price":false,"disp_show_field_price":true,"layout_option":"standard","pric_use_as_fee":false,"process_fee_as":"woo_fee"},"layout_option":"standard"},"fields":[[{"label":"\ud83d\udcc5 Date","active":true,"required":true,"elementId":"date_46836ef2832396","picker_type":"custom","picker_mode":"single","placeholder":"","description":"","tooltip":"","name":"date_46836ef2832396","label_position":"default","desc_position":"default","enablePrice":false,"className":"","enableCl":false,"relations":[{"operator":"and","rules":[{"operator":"AND","rules":{"cl_field":"radio-group_367e16bf8dd4f5","cl_relation":"is","cl_val":"3 Hour Trip"}}]}],"enableDesign":false,"LabelColor":"","date_pic_inline":true,"date_pic_inline_hide":true,"min_date":{"type":"days","val":""},"max_date":{"type":"days","val":"365"},"date_pic_conf":{"disabledWeeks":[],"disabledDates":["2025-12-01 to 2025-12-14"]},"price":"","cl_rule":"show","col":6,"type":"date","error":false,"isWeightTemplate":false,"isTemplate":false,"min_quantity":"1","quantity_decimal":false,"quantity_step":"1","quantity_label":"Quantity","repeater_field_label":"{field_label}","repeater_bind":"","date_conf_custom":{"minDate":"let d = new Date();\nif (d.getHours() >= 18) {\n  d.setDate(d.getDate() + 2);\n} else {\n  d.setDate(d.getDate() + 1);\n}\nreturn d;"},"gt_translate_keys":["label","placeholder","description","tooltip","repeater_field_label","quantity_label"],"price_dependency":false,"cl_dependency":false,"value":""}],[{"label":"\u23f0 Departure","active":true,"required":true,"elementId":"select_96836ef28323a1","dropdown_type":"basic","placeholder":"Select Departure Time","name":"select_96836ef28323a1","label_position":"default","desc_position":"default","enablePrice":false,"className":"","enableCl":false,"relations":[{"operator":false,"rules":[{"operator":"AND","rules":{"cl_field":"date_367e16bf8dd504","cl_relation":"week_day_is","cl_val":[1]}}]}],"values":[{"label":"9:45","value":"9:45","selected":true,"tempId":"aco_2695","gt_translate_keys":["label"]}],"price":"","cl_rule":"show","col":6,"type":"select","error":false,"gt_translate_keys":["label","placeholder"],"price_dependency":false,"cl_dependency":false,"value":""}],[{"active":true,"col":6,"relations":false,"cl_rule":"show","enableCl":false,"price":"","enablePrice":false,"className":"","label_position":"default","desc_position":"default","type":"separator","required":false,"elementId":"separator_106836ef28323ac","label":"Separator Field","height":"4","separatorType":"blank","error":false,"gt_translate_keys":["label"],"price_dependency":false,"cl_dependency":false,"value":""}],[{"active":true,"col":6,"relations":false,"cl_rule":"show","enableCl":false,"price":"65","enablePrice":true,"className":"","label_position":"default","desc_position":"default","type":"radio-group","required":false,"elementId":"radio-group_76836ef28323b7","label":"","name":"radio-group_76836ef28323b7","values":[{"label":"\ud83d\udc64 Adult (65\u20ac)","value":"Adult","selected":true,"tempId":"aco_2419","tooltip":"+12 Years","price":"50","gt_translate_keys":["label","tooltip"]}],"layOut":"","error":false,"checkUi":"button","options_description":true,"options_tooltip":true,"priceOptions":"fixed_for_all","pricingType":"fixed","is_show_price":false,"enable_quantity":true,"quantity_decimal":false,"quantity_step":"1","quantity_label":"","min_quantity":"0","max_quantity":"22","gt_translate_keys":["label","quantity_label"],"price_dependency":false,"cl_dependency":false,"value":""}],[{"label":"","active":true,"required":false,"elementId":"radio-group_26836ef28323c2","name":"radio-group_26836ef28323c2","label_position":"default","desc_position":"default","enablePrice":true,"className":"","enableCl":false,"relations":false,"enable_quantity":true,"quantity_label":"","quantity_step":"1","quantity_decimal":false,"min_quantity":"0","checkUi":"button","layOut":"","options_tooltip":true,"options_description":true,"values":[{"label":"\ud83d\udc66 Child (45\u20ac)","value":"Child","selected":true,"tempId":"aco_2419","tooltip":"2-12 Years","price":"40","gt_translate_keys":["label","tooltip"]}],"priceOptions":"fixed_for_all","pricingType":"fixed","price":"45","is_show_price":false,"cl_rule":"show","col":6,"type":"radio-group","error":false,"max_quantity":"22","gt_translate_keys":["label","quantity_label"],"price_dependency":false,"cl_dependency":false,"value":""}]]},"sec_06836ef28323e8":{"extra":{"key":"sec_06836ef28323e8","section_id":"sec_06836ef28323e8","name":"Private Charter","status":1,"cl_rule":"show","enableCl":true,"relations":[{"operator":false,"rules":[{"operator":"AND","rules":{"cl_field":"radio-group_26836ef2832388","cl_relation":"is","cl_val":"Private Charter"}}]}],"toggle":true,"title_tag":"h4","show_title":false,"showPrice":"default","form_id":14657,"form_rules":{"exclude_from_discount":true,"fee_label":"Fee","disp_hide_options_price":true,"disp_show_section_price":false,"disp_show_field_price":true,"layout_option":"standard","pric_use_as_fee":false,"process_fee_as":"woo_fee"},"layout_option":"standard"},"fields":[[{"label":"\ud83d\udcc5 Date","active":true,"required":true,"elementId":"date_36836ef28323f1","picker_type":"custom","picker_mode":"single","placeholder":"","description":"","tooltip":"","name":"date_36836ef28323f1","label_position":"default","desc_position":"default","enablePrice":false,"className":"","enableCl":false,"relations":[{"operator":"and","rules":[{"operator":"AND","rules":{"cl_field":"radio-group_367e16bf8dd4f5","cl_relation":"is","cl_val":"3 Hour Trip"}}]}],"enableDesign":false,"LabelColor":"","date_pic_inline":true,"date_pic_inline_hide":true,"min_date":"","max_date":{"type":"days","val":"365"},"date_pic_conf":{"disabledWeeks":[],"disabledDates":["2025-12-01 to 2025-12-14"]},"price":"","cl_rule":"show","col":6,"type":"date","error":false,"isWeightTemplate":false,"isTemplate":false,"min_quantity":"1","quantity_decimal":false,"quantity_step":"1","quantity_label":"Quantity","repeater_field_label":"{field_label}","repeater_bind":"","date_conf_custom":{"minDate":"let d = new Date();\nif (d.getHours() >= 18) {\n  d.setDate(d.getDate() + 2);\n} else {\n  d.setDate(d.getDate() + 1);\n}\nreturn d;"},"gt_translate_keys":["label","placeholder","description","tooltip","repeater_field_label","quantity_label"],"price_dependency":false,"cl_dependency":false,"value":""}],[{"label":"\u23f0 Departure","active":true,"required":true,"elementId":"select_86836ef28323fa","dropdown_type":"basic","placeholder":"Select Departure Time","name":"select_86836ef28323fa","label_position":"default","desc_position":"default","enablePrice":false,"className":"","enableCl":false,"relations":[{"operator":false,"rules":[{"operator":"AND","rules":{"cl_field":"date_367e16bf8dd504","cl_relation":"week_day_is","cl_val":[1]}}]}],"values":[{"label":"9:45","value":"9:45","selected":false,"tempId":"aco_2695","gt_translate_keys":["label"]},{"label":"13:15","value":"13:15","selected":false,"tempId":"aco_2329","gt_translate_keys":["label"]},{"label":"16:20","value":"16:20","selected":false,"tempId":"aco_2457","gt_translate_keys":["label"]}],"price":"","cl_rule":"show","col":6,"type":"select","error":false,"gt_translate_keys":["label","placeholder"],"price_dependency":false,"cl_dependency":false,"value":""}],[{"active":true,"col":6,"relations":false,"cl_rule":"show","enableCl":false,"price":"5","enablePrice":false,"className":"","label_position":"default","desc_position":"default","type":"number","required":false,"elementId":"number_26836ef2832403","label":"\ud83d\udc65 Amount of People","name":"number_26836ef2832403","value":"","error":false,"pricingType":"multiply","enable_quantity":false,"quantity_decimal":false,"quantity_step":"1","quantity_label":"Quantity","min":"1","max":"12","placeholder":"Up to 12 People","is_show_price":true,"gt_translate_keys":["label","placeholder","value","quantity_label"],"price_dependency":false,"cl_dependency":false}],[{"active":true,"col":6,"relations":false,"cl_rule":"show","enableCl":false,"price":"","enablePrice":true,"className":"","label_position":"default","desc_position":"default","type":"select","required":false,"elementId":"select_86836ef283240b","label":"\u231b\ufe0f Charter Duration (From 650\u20ac)","name":"select_86836ef283240b","values":[{"label":"3 Hours (650\u20ac)","value":"1","selected":true,"tempId":"aco_3241","price":"650","gt_translate_keys":["label"]}],"dropdown_type":"basic","error":false,"placeholder":"Select Duration Time","priceOptions":"different_for_all","pricingType":"fixed","is_show_price":false,"gt_translate_keys":["label","placeholder"],"price_dependency":false,"cl_dependency":false,"value":""}]]}},"config":{"price_override":"always","enable_recaptcha":false,"bind_quantity":false,"quantity_bind_formula":false,"disp_summ_show_option_price":true,"disp_summ_show_product_price":false,"disp_summ_show_total_price":true,"disp_summ_show_fee":true,"disp_summ_show_discount":true,"summary_title":"","options_total_label":"Options Price","total_label":"Total Amount Now","options_product_label":"Product Price","fee_label":"Fee","discount_label":"Discount","has_price":true,"has_quantity_formula":false},"mc_unit":1,"tax_rate":1,"tax_rate_real":1,"discount":{"percentage":0,"fixed":0},"design":{"conf":{"LabelPosition":"above","DescPosition":"above","UploadField":"custom_1","QuantityFieldStyle":"custom_1"},"css":{"LeftLabelWidth":"120px"}},"formulas":{"fmla_1708364241278155361":"(({field.select_267e16bf8dd55e.value}>=4)?(200+({field.number_8810219193.value}*5)):(({field.select_267e16bf8dd55e.value}>=3)?(100+({field.number_8810219193.value}*5)):(0)))","fmla_1742826688120818082":"(({field.select_267e16bf8dd55e.value}>=4)?(1250):(({field.select_267e16bf8dd55e.value}>=3)?(650):(0)))"},"lookuptables":[],"clones":false,"cartKey":false}},"_links":{"self":[{"href":"https:\/\/canaryvip.com\/de\/wp-json\/wp\/v2\/product\/14642","targetHints":{"allow":["GET"]}}],"collection":[{"href":"https:\/\/canaryvip.com\/de\/wp-json\/wp\/v2\/product"}],"about":[{"href":"https:\/\/canaryvip.com\/de\/wp-json\/wp\/v2\/types\/product"}],"replies":[{"embeddable":true,"href":"https:\/\/canaryvip.com\/de\/wp-json\/wp\/v2\/comments?post=14642"}],"wp:featuredmedia":[{"embeddable":true,"href":"https:\/\/canaryvip.com\/de\/wp-json\/wp\/v2\/media\/14645"}],"wp:attachment":[{"href":"https:\/\/canaryvip.com\/de\/wp-json\/wp\/v2\/media?parent=14642"}],"wp:term":[{"taxonomy":"product_brand","embeddable":true,"href":"https:\/\/canaryvip.com\/de\/wp-json\/wp\/v2\/product_brand?post=14642"},{"taxonomy":"product_cat","embeddable":true,"href":"https:\/\/canaryvip.com\/de\/wp-json\/wp\/v2\/product_cat?post=14642"},{"taxonomy":"product_tag","embeddable":true,"href":"https:\/\/canaryvip.com\/de\/wp-json\/wp\/v2\/product_tag?post=14642"}],"curies":[{"name":"wp","href":"https:\/\/api.w.org\/{rel}","templated":true}]}}