{"id":13568,"date":"2025-01-14T17:37:29","date_gmt":"2025-01-14T17:37:29","guid":{"rendered":"https:\/\/canaryvip.com\/?post_type=product&#038;p=13568"},"modified":"2026-02-06T11:13:54","modified_gmt":"2026-02-06T11:13:54","slug":"peter-pan-pirate-ship-tenerife","status":"publish","type":"product","link":"https:\/\/canaryvip.com\/de\/shop\/peter-pan-pirate-ship-tenerife\/","title":{"rendered":"Peter Pan Piratenschiff Teneriffa"},"content":{"rendered":"<section class=\"l-section wpb_row height_medium\"><div class=\"l-section-h i-cf\"><div class=\"g-cols vc_row via_flex valign_top type_default stacking_default\"><div class=\"vc_col-sm-12 wpb_column vc_column_container\"><div class=\"vc_column-inner\"><div class=\"wpb_wrapper\"><div class=\"wpb_text_column\"><div class=\"wpb_wrapper\"><h2>\ud83d\udea2 Entdecke das Peter Pan Piratenschiff<\/h2>\n<p class=\"translation-block\">Sie suchen nach einer etwas anderen <strong>Bootstour auf Teneriffa<\/strong>? Gehen Sie an Bord des <strong>Peter Pan Pirate Ship<\/strong>, einem authentischen portugiesischen Schoner voller Charme und Abenteuer. Egal, ob Sie mit der Familie, Freunden oder Ihrem Partner unterwegs sind, dieses Erlebnis bietet die perfekte Mischung aus Spannung, Entspannung und atemberaubenden Ausblicken auf die S\u00fcdk\u00fcste Teneriffas.<\/p>\n<p>Das Schiff ist mit zwei Badezimmern, einer schattigen Lounge, einem gro\u00dfen Tisch in der Mitte und einem Oberdeck ausgestattet, das zum Sonnenbaden auf dem Atlantik einl\u00e4dt.<\/p>\n<h3>\ud83d\udc2c Wale und Delfine in freier Wildbahn sehen<\/h3>\n<p class=\"translation-block\">Vom Hafen von <strong>Los Cristianos<\/strong> aus f\u00fchrt diese <strong>Teneriffa-Bootsfahrt<\/strong> zu einem der besten Orte der Kanarischen Inseln, um wilde Delfine und Grindwale aus n\u00e4chster N\u00e4he zu beobachten. Nach der Meeressafari ankert das Boot in der N\u00e4he der wundersch\u00f6nen Meeresschutzgebiete von Palm-Mar oder La Caleta, wo Sie die M\u00f6glichkeit haben, in kristallklarem Wasser zu schwimmen.<\/p>\n<h3>\ud83d\udd52 Tour Optionen &amp; Verf\u00fcgbarkeit<\/h3>\n<ul>\n<li><strong>2-st\u00fcndige Tour:<\/strong> Ein schnelles und unterhaltsames Abenteuer auf See, um Grindwale\/Delfine zu beobachten. <em>Essen und Getr\u00e4nke sind nicht inbegriffen, k\u00f6nnen aber an Bord gekauft werden.<\/em><\/li>\n<li class=\"translation-block\"><strong>3-st\u00fcndige Tour:<\/strong> Beinhaltet Schwimmen und ein komplettes Mittagessen mit Getr\u00e4nken. Abfahrt um 10:00 Uhr. <strong>Diese Version ist nur f\u00fcr eine begrenzte Zeit verf\u00fcgbar.<\/strong> \u00dcberpr\u00fcfen Sie den Buchungskalender f\u00fcr verf\u00fcgbare Termine.<\/li>\n<\/ul>\n<h3>\ud83c\udf7d\ufe0f Mittagessen und Getr\u00e4nke (nur in der 3-st\u00fcndigen Tour enthalten)<\/h3>\n<ul>\n<li><strong>Mittagsmen\u00fc:<\/strong> Reis mit Gem\u00fcse, Fleischb\u00e4llchen, Salat, Brot und frisches Obst.<\/li>\n<li><strong>Die Getr\u00e4nke:<\/strong> Wasser und alkoholfreie Getr\u00e4nke. Bier und Wein werden zum Mittagessen serviert.<\/li>\n<\/ul>\n<h3>\ud83c\udf1f Warum die Peter Pan Bootstour?<\/h3>\n<ul>\n<li>Familienfreundliches Piratenschiff mit viel Platz und schattigen Sitzgelegenheiten.<\/li>\n<li>Oberdeck f\u00fcr Sonnenanbeter und unschlagbare Ausblicke auf die K\u00fcste.<\/li>\n<li>Abfahrt von Los Cristianos, einem bequemen und zentralen Ort im S\u00fcden von Teneriffa.<\/li>\n<\/ul>\n<h3>\ud83d\udcac Buchungs- und Stornierungsbedingungen<\/h3>\n<ul>\n<li><strong>Mehr als 48 Stunden im Voraus:<\/strong> 90% Erstattung (10% wird zur Bearbeitung aufbewahrt).<\/li>\n<li><strong>Weniger als 48 Stunden oder Nichterscheinen:<\/strong> Keine Erstattung.<\/li>\n<li>Wenn die Tour aufgrund des Wetters oder aus anderen Gr\u00fcnden abgesagt wird, erhalten Sie eine volle R\u00fcckerstattung oder die M\u00f6glichkeit, die Tour zu verschieben.<\/li>\n<\/ul>\n<h3>\ud83d\udccd Ort der Abreise<\/h3>\n<p class=\"translation-block\">Das <strong>Peter Pan Piratenschiff<\/strong> f\u00e4hrt vom <a href=\"https:\/\/maps.app.goo.gl\/zqPYNAARb6LiE5tZ7\" target=\"_blank\" rel=\"noopener\">Los Cristianos Hafen<\/a> ab. Bitte erscheinen Sie mindestens 30 Minuten vor Ihrer Abfahrtszeit, um ein reibungsloses Einsteigen zu gew\u00e4hrleisten.<\/p>\n<h3>\ud83c\udf34 Buchen Sie Ihre Bootsfahrt auf Teneriffa mit CanaryVIP<\/h3>\n<p class=\"translation-block\">Bei CanaryVIP haben wir uns auf <strong>unvergessliche Bootstouren auf Teneriffa<\/strong> spezialisiert. Das Peter Pan Piratenschiff ist eines unserer beliebtesten Angebote - eine Mischung aus Abenteuer, Natur und Entspannung auf dem offenen Meer.<\/p>\n<p>Egal, ob Sie mit Kindern, Freunden oder als Paar unterwegs sind, dies ist die perfekte Art, die K\u00fcste und die Unterwasserwelt Teneriffas zu genie\u00dfen.<\/p>\n<p class=\"translation-block\">\ud83d\udc49 <strong>Verpassen Sie nichts - buchen Sie jetzt Ihren Platz!<\/strong> Die 3-st\u00fcndige Tour mit Mittagessen und Getr\u00e4nken ist nur f\u00fcr eine begrenzte Zeit verf\u00fcgbar.<\/p>\n<\/div><\/div><\/div><\/div><\/div><\/div><\/div><\/section>","protected":false},"excerpt":{"rendered":"<p><strong>\ud83d\udd0d Peter Pan Boot Teneriffa:<\/strong><br \/>\n<span>\u2705 Sichere Bezahlung.<\/span><br \/>\n<span>\ud83d\udc0b Sichtung von Walen und Delfinen.<br \/>\n<\/span><span>\ud83d\ude80 2H Touren.<br \/>\n\ud83d\udd59 T\u00e4glich um 10:00, 12:00 und 14:00 Uhr.<br \/>\n<\/span><span>\ud83d\udc65 Bis zu 60 Personen.<\/span><span><br \/>\n\ud83d\ude8c Abholung im S\u00fcden Teneriffas.<br \/>\n<\/span>\ud83d\udebd Toilette an Bord.<br \/>\n<span>\ud83e\udd11 Bester Preis garantiert.<\/span><br \/>\n<span>\ud83d\udc6a Rabatte Aktiviert.<\/span><br \/>\n<span>\ud83d\udd01 Bis zu 48h Stornierung.<\/span><br \/>\n<span>\ud83c\udf0d Mehrsprachige Leitf\u00e4den.<\/span><br \/>\n<span>\ud83c\udf1f Jetzt buchen und sparen!<\/span><br \/>\n<span>\ud83d\udccd Abreise von <a href=\"https:\/\/maps.app.goo.gl\/US7ie1SCwfu1Mhxm7\">Los Cristianos<\/a>.<\/span><\/p>","protected":false},"featured_media":13574,"comment_status":"open","ping_status":"closed","template":"","meta":{"_acf_changed":false},"product_brand":[],"product_cat":[46],"product_tag":[],"class_list":{"0":"post-13568","1":"product","2":"type-product","3":"status-publish","4":"has-post-thumbnail","6":"product_cat-boat-excursions","7":"wcpa_has_options","9":"first","10":"instock","11":"virtual","12":"purchasable","13":"product-type-simple"},"acf":[],"wcpa_form_fields":{"wcpaData":{"product":{"product_price":27,"price_html":"From&nbsp;<span class=\"woocommerce-Price-amount amount\"><bdi>27,00&nbsp;<span class=\"woocommerce-Price-currencySymbol\">&euro;<\/span><\/bdi><\/span>","original_product_price":27,"price_including_tax":27,"price_excluding_tax":27,"product_id":{"parent":13568,"variation":false},"is_variable":false,"stock_status":"instock","stock_quantity":null,"parent_sku":"CV13568","product_attributes":[],"custom_fields":[],"is_taxable":false,"product_name":"Peter Pan Pirate Ship Tenerife","hasImage":false},"fields":{"sec_h1a2har211":{"extra":{"key":"sec_h1a2har211","section_id":"sec_h1a2har211","name":"Tour Duration","status":1,"cl_rule":"show","enableCl":false,"relations":[],"toggle":true,"title_tag":"h4","show_title":false,"showPrice":"default","form_id":13569,"form_rules":{"exclude_from_discount":true,"fee_label":"Fee","disp_hide_options_price":true,"disp_show_section_price":false,"disp_show_field_price":true,"layout_option":"standard","pric_use_as_fee":false,"process_fee_as":"woo_fee"},"layout_option":"standard"},"fields":[[{"active":true,"col":6,"relations":false,"cl_rule":"show","enableCl":false,"price":"","enablePrice":false,"className":"","label_position":"default","desc_position":"default","type":"content","required":false,"elementId":"content_7231531275","label":"","name":"content_7231531275","contentType":"rich","value":"<p><strong>Free Pick-up available only at 12:00.<\/strong><\/p>","error":false,"gt_translate_keys":["label","value"],"price_dependency":false,"cl_dependency":false}],[{"active":true,"col":6,"relations":false,"cl_rule":"show","enableCl":false,"price":"","enablePrice":false,"className":"","label_position":"default","desc_position":"default","type":"radio-group","required":false,"elementId":"radio_0409611974","label":"\u2693\ufe0f Select Tour","name":"radio_0409611974","values":[{"label":"2 Hour Tour (27\u20ac)","value":"2H Tour","selected":true,"tempId":"aco_2005","gt_translate_keys":["label"]}],"layOut":"","error":false,"checkUi":"toggle","gt_translate_keys":["label"],"price_dependency":false,"cl_dependency":[false],"value":""}]]},"sec_06786a3ea7a85a":{"extra":{"key":"sec_06786a3ea7a85a","section_id":"sec_06786a3ea7a85a","name":"2H Tour","status":1,"cl_rule":"show","enableCl":true,"relations":[{"operator":false,"rules":[{"operator":"AND","rules":{"cl_field":"radio_0409611974","cl_relation":"is","cl_val":"2H Tour"}}]}],"toggle":true,"title_tag":"h4","show_title":false,"showPrice":"default","form_id":13569,"form_rules":{"exclude_from_discount":true,"fee_label":"Fee","disp_hide_options_price":true,"disp_show_section_price":false,"disp_show_field_price":true,"layout_option":"standard","pric_use_as_fee":false,"process_fee_as":"woo_fee"},"layout_option":"standard"},"fields":[[{"active":true,"col":6,"relations":false,"cl_rule":"show","enableCl":false,"price":"","enablePrice":false,"className":"","label_position":"default","desc_position":"default","type":"select","required":true,"elementId":"select_7343277180","label":"\u23f0 Departure","name":"select_7343277180","values":[{"label":"10:00","value":"10:00","selected":false,"tempId":"aco_842","gt_translate_keys":["label"]},{"label":"12:00","value":"12:00","selected":false,"tempId":"aco_843","gt_translate_keys":["label"]},{"label":"14:00","value":"14:00","selected":false,"tempId":"aco_844","gt_translate_keys":["label"]}],"dropdown_type":"basic","error":false,"tooltip":"","placeholder":"Select Departure Time","isWeightTemplate":false,"isTemplate":false,"min_quantity":"1","quantity_decimal":false,"quantity_step":"1","quantity_label":"Quantity","repeater_field_label":"{field_label}","repeater_bind":"","gt_translate_keys":["label","placeholder","tooltip","repeater_field_label","quantity_label"],"price_dependency":false,"cl_dependency":["date_86786a3ea7a859","date-4560181145","date-0582083876","text_16786a3ea7a89a"],"value":""}],[{"label":"\ud83d\udcc5 Date","active":true,"required":true,"elementId":"date_86786a3ea7a859","picker_type":"custom","picker_mode":"single","placeholder":"","description":"","tooltip":"","name":"date_86786a3ea7a859","label_position":"default","desc_position":"default","enablePrice":false,"className":"","enableCl":true,"relations":[{"operator":"and","rules":[{"operator":"AND","rules":{"cl_field":"select_7343277180","cl_relation":"is","cl_val":"10:00"}}]}],"enableDesign":false,"LabelColor":"","date_pic_inline":true,"date_pic_inline_hide":true,"min_date":{"type":"days","val":"0"},"max_date":{"type":"days","val":"180"},"date_pic_conf":{"disabledWeeks":[],"disabledDates":["2025-03-12 to 2025-03-30","2025-04-17 to 2025-04-24","2025-05-10","2025-05-15","2025-05-20","2025-05-29","2026-02-18"]},"price":"","cl_rule":"show","col":6,"type":"date","error":false,"isWeightTemplate":false,"isTemplate":false,"min_quantity":"1","quantity_decimal":false,"quantity_step":"1","quantity_label":"Quantity","repeater_field_label":"{field_label}","repeater_bind":"","gt_translate_keys":["label","placeholder","description","tooltip","repeater_field_label","quantity_label"],"price_dependency":false,"cl_dependency":false,"value":""}],[{"label":"\ud83d\udcc5 Date","active":true,"required":true,"elementId":"date-4560181145","picker_type":"custom","picker_mode":"single","placeholder":"","description":"","tooltip":"","name":"date-4560181145","label_position":"default","desc_position":"default","enablePrice":false,"className":"","enableCl":true,"relations":[{"operator":"and","rules":[{"operator":"AND","rules":{"cl_field":"select_7343277180","cl_relation":"is","cl_val":"12:00"}}]}],"enableDesign":false,"LabelColor":"","date_pic_inline":true,"date_pic_inline_hide":true,"min_date":{"type":"days","val":"0"},"max_date":{"type":"days","val":"180"},"date_pic_conf":{"disabledWeeks":[],"disabledDates":["2025-01-18","2025-01-30","2025-02-09","2025-03-12 to 2025-03-30","2025-04-17 to 2025-04-24","2025-05-10","2025-05-15","2025-05-20","2026-02-18"]},"price":"","cl_rule":"show","col":6,"type":"date","error":false,"isWeightTemplate":false,"isTemplate":false,"min_quantity":"1","quantity_decimal":false,"quantity_step":"1","quantity_label":"Quantity","repeater_field_label":"{field_label}","repeater_bind":"","gt_translate_keys":["label","placeholder","description","tooltip","repeater_field_label","quantity_label"],"price_dependency":false,"cl_dependency":false,"value":""}],[{"label":"\ud83d\udcc5 Date","active":true,"required":true,"elementId":"date-0582083876","picker_type":"custom","picker_mode":"single","placeholder":"","description":"","tooltip":"","name":"date-0582083876","label_position":"default","desc_position":"default","enablePrice":false,"className":"","enableCl":true,"relations":[{"operator":"and","rules":[{"operator":"AND","rules":{"cl_field":"select_7343277180","cl_relation":"is","cl_val":"14:00"}}]}],"enableDesign":false,"LabelColor":"","date_pic_inline":true,"date_pic_inline_hide":true,"min_date":{"type":"days","val":"0"},"max_date":{"type":"days","val":"180"},"date_pic_conf":{"disabledWeeks":[],"disabledDates":["2025-01-18","2025-01-30","2025-02-09","2025-03-12 to 2025-03-30","2025-04-17 to 2025-04-24","2025-05-08","2025-05-10","2025-05-15","2025-05-20","2026-02-18"]},"price":"","cl_rule":"show","col":6,"type":"date","error":false,"isWeightTemplate":false,"isTemplate":false,"min_quantity":"1","quantity_decimal":false,"quantity_step":"1","quantity_label":"Quantity","repeater_field_label":"{field_label}","repeater_bind":"","gt_translate_keys":["label","placeholder","description","tooltip","repeater_field_label","quantity_label"],"price_dependency":false,"cl_dependency":false,"value":""}],[{"contentType":"plain","active":true,"label":"People","elementId":"content_16786a3ea7a866","value":"","inline":false,"show_in_checkout":true,"name":"content_16786a3ea7a866","enablePrice":false,"className":"","enableCl":false,"relations":false,"price":"","cl_rule":"show","col":6,"type":"content","gt_translate_keys":["label","value"],"price_dependency":false,"cl_dependency":false}],[{"label":"","active":true,"required":false,"elementId":"radio-group_66786a3ea7a871","name":"radio-group_66786a3ea7a871","label_position":"default","desc_position":"default","enablePrice":true,"className":"","enableCl":false,"relations":[{"operator":false,"rules":[{"operator":"AND","rules":{"cl_field":"","cl_relation":"","cl_val":""}}]}],"enable_quantity":true,"quantity_label":"","min_quantity":"0","checkUi":"button","layOut":"","options_tooltip":true,"options_description":true,"values":[{"label":"\ud83d\udc64 Adult (27\u20ac)","value":"Adult","selected":true,"tempId":"aco_32","tooltip":"+12 Years","description":"","gt_translate_keys":["label","tooltip","description"]}],"priceOptions":"fixed_for_all","pricingType":"fixed","price":"27","cl_rule":"show","col":6,"type":"radio-group","error":false,"gt_translate_keys":["label","quantity_label"],"price_dependency":false,"cl_dependency":false,"value":""}],[{"label":"","active":true,"required":false,"elementId":"radio-group_06786a3ea7a87c","name":"radio-group_06786a3ea7a87c","label_position":"default","desc_position":"default","enablePrice":true,"className":"","enableCl":false,"relations":false,"enable_quantity":true,"quantity_label":"","min_quantity":"0","checkUi":"button","layOut":"","options_tooltip":true,"options_description":true,"values":[{"label":"\ud83d\udc66 Child (13\u20ac)","value":"Child","selected":true,"tempId":"aco_32","tooltip":"3-11 Years","description":"","gt_translate_keys":["label","tooltip","description"]}],"priceOptions":"fixed_for_all","pricingType":"fixed","price":"13","cl_rule":"show","col":6,"type":"radio-group","error":false,"gt_translate_keys":["label","quantity_label"],"price_dependency":false,"cl_dependency":false,"value":""}],[{"label":"","active":true,"required":false,"elementId":"radio-group_86786a3ea7a887","name":"radio-group_86786a3ea7a887","label_position":"default","desc_position":"default","enablePrice":true,"className":"","enableCl":false,"relations":false,"enable_quantity":true,"quantity_label":"","min_quantity":"0","checkUi":"button","layOut":"","options_tooltip":true,"options_description":true,"values":[{"label":"\ud83d\udc76 Infant (Free)","value":"Infant","selected":true,"tempId":"aco_32","tooltip":"0-2 Years","description":"","gt_translate_keys":["label","tooltip","description"]}],"priceOptions":"fixed_for_all","pricingType":"fixed","price":"0","cl_rule":"show","col":6,"type":"radio-group","error":false,"gt_translate_keys":["label","quantity_label"],"price_dependency":false,"cl_dependency":false,"value":""}],[{"elementId":"separator_96786a3ea7a891","separatorType":"blank","className":"","height":"7","enableCl":false,"relations":false,"cl_rule":"show","col":6,"type":"separator","gt_translate_keys":[],"price_dependency":false,"cl_dependency":false,"value":""}],[{"label":"\ud83d\ude8c Pickup Location","active":true,"required":false,"elementId":"text_16786a3ea7a89a","value":"","description":"Free pick-up service in South Tenerife. Simply provide your address or hotel name.","name":"text_16786a3ea7a89a","label_position":"default","desc_position":"default","enablePrice":false,"className":"","enableCl":true,"relations":[{"operator":false,"rules":[{"operator":"AND","rules":{"cl_field":"select_7343277180","cl_relation":"is","cl_val":"12:00"}}]}],"subtype":"text","price":"{field.radio-group_66786a3ea7a871.quantity}*4.5","cl_rule":"show","col":6,"type":"text","error":false,"pricingType":"custom","isTemplate":false,"gt_translate_keys":["label","description","value"],"price_dependency":false,"cl_dependency":false}]]}},"config":{"price_override":"always","enable_recaptcha":false,"bind_quantity":false,"quantity_bind_formula":false,"disp_summ_show_option_price":true,"disp_summ_show_product_price":false,"disp_summ_show_total_price":true,"disp_summ_show_fee":true,"disp_summ_show_discount":true,"summary_title":"","options_total_label":"Options Price","total_label":"Total Amount","options_product_label":"Product Price","fee_label":"Fee","discount_label":"Discount","has_price":true,"has_quantity_formula":false},"mc_unit":1,"tax_rate":1,"tax_rate_real":1,"discount":{"percentage":0,"fixed":0},"design":{"conf":{"LabelPosition":"above","DescPosition":"above","UploadField":"custom_1","QuantityFieldStyle":"custom_1"},"css":{"LeftLabelWidth":"120px"}},"formulas":[],"lookuptables":[],"clones":false,"cartKey":false}},"_links":{"self":[{"href":"https:\/\/canaryvip.com\/de\/wp-json\/wp\/v2\/product\/13568","targetHints":{"allow":["GET"]}}],"collection":[{"href":"https:\/\/canaryvip.com\/de\/wp-json\/wp\/v2\/product"}],"about":[{"href":"https:\/\/canaryvip.com\/de\/wp-json\/wp\/v2\/types\/product"}],"replies":[{"embeddable":true,"href":"https:\/\/canaryvip.com\/de\/wp-json\/wp\/v2\/comments?post=13568"}],"wp:featuredmedia":[{"embeddable":true,"href":"https:\/\/canaryvip.com\/de\/wp-json\/wp\/v2\/media\/13574"}],"wp:attachment":[{"href":"https:\/\/canaryvip.com\/de\/wp-json\/wp\/v2\/media?parent=13568"}],"wp:term":[{"taxonomy":"product_brand","embeddable":true,"href":"https:\/\/canaryvip.com\/de\/wp-json\/wp\/v2\/product_brand?post=13568"},{"taxonomy":"product_cat","embeddable":true,"href":"https:\/\/canaryvip.com\/de\/wp-json\/wp\/v2\/product_cat?post=13568"},{"taxonomy":"product_tag","embeddable":true,"href":"https:\/\/canaryvip.com\/de\/wp-json\/wp\/v2\/product_tag?post=13568"}],"curies":[{"name":"wp","href":"https:\/\/api.w.org\/{rel}","templated":true}]}}