{"id":12949,"date":"2024-08-19T12:56:56","date_gmt":"2024-08-19T11:56:56","guid":{"rendered":"https:\/\/canaryvip.com\/?post_type=product&#038;p=12949"},"modified":"2025-08-09T13:58:46","modified_gmt":"2025-08-09T12:58:46","slug":"sunkiss-boat-charter-gran-canaria","status":"publish","type":"product","link":"https:\/\/canaryvip.com\/de\/shop\/sunkiss-boat-charter-gran-canaria\/","title":{"rendered":"Sunkiss Bootscharter<br\/>Gran Canaria"},"content":{"rendered":"<h2>\ud83d\udee5\ufe0f Sunkiss Bootscharter Gran Canaria<\/h2>\n<p>Erleben Sie die Sch\u00f6nheit Gran Canarias vom Komfort des <strong>Sunkiss Bootscharter<\/strong>eine private und luxuri\u00f6se M\u00f6glichkeit, die atemberaubende S\u00fcdk\u00fcste der Insel zu erkunden. Mit Platz f\u00fcr bis zu 8 Passagiere, ist diese exklusive <strong>Bootsvermietung auf Gran Canaria<\/strong> ist ideal f\u00fcr Paare, Familien oder kleine Gruppen, die ein einzigartiges und entspannendes Abenteuer suchen.<\/p>\n<p>Bei CanaryVIP machen wir die Buchung Ihrer <a href=\"https:\/\/canaryvip.com\/de\/gran-canaria\/\"><strong>Boot mieten Puerto Mog\u00e1n<\/strong><\/a> Wir sorgen daf\u00fcr, dass Sie Ihren perfekten Tag auf dem Wasser genie\u00dfen k\u00f6nnen, indem wir uns um jedes Detail k\u00fcmmern.<\/p>\n<h3>\u2b50\ufe0f Warum Sunkiss Bootscharter auf Gran Canaria w\u00e4hlen?<\/h3>\n<p>Hier ist der Grund f\u00fcr die <strong>Sunkiss Bootscharter<\/strong> ist eine der besten M\u00f6glichkeiten f\u00fcr einen privaten und unvergesslichen Tag auf dem Meer:<\/p>\n<h4><strong>Private und intime Erfahrung<\/strong><\/h4>\n<p>Genie\u00dfen Sie eine exklusive Reise nur mit Ihrer Gruppe. Mit einer maximalen Kapazit\u00e4t von 8 Personen bietet diese Privatyacht einen pers\u00f6nlichen und ruhigen Rahmen, ideal f\u00fcr besondere Anl\u00e4sse oder einen entspannenden Ausflug.<\/p>\n<h4><strong>Eleganter Komfort<\/strong><\/h4>\n<p>Segeln Sie an Bord einer wundersch\u00f6n gepflegten 12-Meter-Yacht mit bequemen Sitzgelegenheiten, schattigen Bereichen und einem ger\u00e4umigen Deck zum Sonnenbaden. Genie\u00dfen Sie den atemberaubenden Panoramablick auf die K\u00fcste Gran Canarias und entspannen Sie sich stilvoll.<\/p>\n<h4><strong>Schnorchel-Abenteuer<\/strong><\/h4>\n<p>Ankern Sie in einer abgelegenen Bucht, um in kristallklarem Wasser zu schwimmen und mit der bereitgestellten Ausr\u00fcstung zu schnorcheln. Entdecken Sie die lebendige Unterwasserwelt Gran Canarias oder entspannen Sie einfach an Deck und genie\u00dfen Sie die ruhige Atmosph\u00e4re.<\/p>\n<h3>\ud83d\udea4 Sunkiss Bootsfahrt Optionen<\/h3>\n<p>W\u00e4hlen Sie die Reisedauer, die Ihrem Zeitplan und Ihren W\u00fcnschen entspricht:<\/p>\n<ul>\n<li><strong>3-st\u00fcndiger privater Charter:<\/strong> Ein perfekter Kurzurlaub, um die K\u00fcste Gran Canarias zu erkunden und ein erfrischendes Bad zu nehmen oder zu schnorcheln.<\/li>\n<li><strong>6-st\u00fcndiger Privat-Charter:<\/strong> Tauchen Sie tiefer in die nat\u00fcrliche Sch\u00f6nheit der Insel ein und haben Sie mehr Zeit, sich zu entspannen und versteckte Orte zu erkunden.<\/li>\n<li><strong>8-Stunden-Privat-Charter:<\/strong> Ein ganzt\u00e4giges Abenteuer, bei dem Sie die ultimative Entspannung und Erkundung erleben, mit zus\u00e4tzlicher Zeit, um mehrere Buchten zu besuchen und das Beste von Gran Canaria zu genie\u00dfen.<\/li>\n<\/ul>\n<h3>\ud83e\udd42 Was ist in Ihrem Sunkiss-Charter inbegriffen?<\/h3>\n<p>Ihr <strong>Bootsvermietung auf Gran Canaria<\/strong> umfasst:<\/p>\n<ul>\n<li>Snacks, einschlie\u00dflich Chips und N\u00fcsse.<\/li>\n<li>Getr\u00e4nke wie Bier, Softdrinks und Wasser.<\/li>\n<li>Schnorchelausr\u00fcstung (Masken und Flossen) zur Erkundung der Unterwasserwelt.<\/li>\n<li>Versicherung f\u00fcr eine sorgenfreie Erfahrung.<\/li>\n<li>Optionaler Transport von und zu den Hotels im S\u00fcden Gran Canarias.<\/li>\n<li>Optionales Mittagessen (10 \u20ac pro Person, auf Anfrage bei der Buchung).<\/li>\n<\/ul>\n<h3>\ud83d\udccd Einzelheiten zur Abreise<\/h3>\n<ul>\n<li><strong>Standort:<\/strong> <a href=\"https:\/\/maps.app.goo.gl\/Xhe545W98um3rx6W8\" target=\"_new\" rel=\"noopener\"><span>Puerto<\/span><span> Mog\u00e1n<\/span><span>, Oma<\/span><span> Kanarische Inseln<\/span><\/a>.<\/li>\n<li><strong>Abfahrtszeiten:<\/strong> 09:00, 12:00 und 15:00 Uhr.<\/li>\n<li><strong>Transport:<\/strong> F\u00fcr zus\u00e4tzlichen Komfort ist ein Abholservice verf\u00fcgbar.<\/li>\n<\/ul>\n<p>Wir empfehlen, mindestens 15 Minuten vor der Abfahrt einzutreffen, um einen reibungslosen Start in Ihr Abenteuer zu gew\u00e4hrleisten.<\/p>\n<h3>\u2705 Transparente Widerrufsbelehrung<\/h3>\n<p>Ihr Seelenfrieden steht bei uns an erster Stelle - mit klaren und flexiblen Stornierungsoptionen:<\/p>\n<ul>\n<li><strong>Wettergarantie:<\/strong> Bei unsicheren Witterungsbedingungen k\u00f6nnen Sie den Termin verschieben oder erhalten eine volle R\u00fcckerstattung.<\/li>\n<li><strong>Flexible Stornierungen:<\/strong> Stornieren oder verschieben Sie Ihre Reise bis zu 8 Tage vor der Abreise kostenlos. Bei Stornierungen innerhalb von 8 Tagen vor der geplanten Abfahrt wird die Anzahlung nicht erstattet.<\/li>\n<\/ul>\n<h3>\ud83d\udc68\u200d\u2708\ufe0f Tipps f\u00fcr Ihr Sunkiss-Boot-Abenteuer<\/h3>\n<p>Machen Sie mit diesen einfachen Tipps das Beste aus Ihrem Tag:<\/p>\n<ul>\n<li>Bringen Sie Badekleidung, Sonnenschutzmittel und ein Handtuch mit.<\/li>\n<li>Tragen Sie bequeme, dem Wetter angepasste Kleidung.<\/li>\n<li>Halten Sie Ihr CanaryVIP-Ticket bereit, entweder auf Ihrem Handy oder ausgedruckt.<\/li>\n<li>Essen Sie vorher eine leichte Mahlzeit, um Seekrankheit zu vermeiden.<\/li>\n<\/ul>\n<h3>\ud83c\udf1f Warum mit CanaryVIP buchen?<\/h3>\n<p>Bei CanaryVIP sind wir darauf spezialisiert, die besten <strong>Boot mieten Puerto Mog\u00e1n<\/strong> und <strong>Luxusyachtvermietung auf Gran Canaria<\/strong>. Von privaten Chartern wie Sunkiss bis hin zu ma\u00dfgeschneiderten Erlebnissen - wir sorgen daf\u00fcr, dass jeder Moment auf dem Wasser unvergesslich wird.<\/p>\n<p>Buchen Sie Ihr <strong>Sunkiss Bootscharter<\/strong> und genie\u00dfen Sie eine Reise voller Entspannung, Abenteuer und atemberaubender Ausblicke auf Gran Canaria.<\/p>\n<p>\ud83d\udc49 <a href=\"https:\/\/canaryvip.com\/de\/\" target=\"_new\" rel=\"noopener\"><span>Reserve<\/span><span> Jetzt<\/span><\/a> und schaffen Sie Erinnerungen, die ein Leben lang halten werden!<\/p>","protected":false},"excerpt":{"rendered":"<p><strong>\ud83d\udd0d Magic Island Gran Canaria:<\/strong><br \/>\n\u2705 Sichere Bezahlung.<br \/>\n\ud83d\udd10 Private Touren.<br \/>\n\ud83d\udee5\ufe0f 12m Yacht Komfort.<br \/>\nT\u00e4gliche Touren von 3H, 6H &amp; 8H.<br \/>\n\ud83d\udd59 Unterschiedliche Abfahrtszeiten.<br \/>\n\ud83d\udc65 Bis zu 8 G\u00e4ste.<br \/>\n\ud83e\udd3f Schnorchelausr\u00fcstung wird zur Verf\u00fcgung gestellt.<br \/>\n\ud83d\ude8c Abholung und R\u00fcckgabe.<br \/>\n\ud83e\udd11 Bester Preis garantiert.<br \/>\n\ud83d\udc6a Rabatte Aktiviert.<br \/>\n\ud83d\udd01 Bis zu 8 Tage K\u00fcndigungsfrist.<br \/>\n\ud83c\udf0d Mehrsprachige Besatzung.<br \/>\n\ud83c\udf1f Fr\u00fch buchen &amp; sparen!<br \/>\n\ud83d\udccd Abreise von <a href=\"https:\/\/maps.app.goo.gl\/4TJkgAg6UBpnsyhm9\">Puerto de Mog\u00e1n<\/a>.<\/p>","protected":false},"featured_media":12950,"comment_status":"open","ping_status":"closed","template":"","meta":{"_acf_changed":false},"product_brand":[],"product_cat":[132],"product_tag":[],"class_list":{"0":"post-12949","1":"product","2":"type-product","3":"status-publish","4":"has-post-thumbnail","6":"product_cat-boat-hire-gran-canaria","7":"wcpa_has_options","9":"first","10":"instock","11":"virtual","12":"purchasable","13":"product-type-simple"},"acf":[],"wcpa_form_fields":{"wcpaData":{"product":{"product_price":399,"price_html":"From&nbsp;<span class=\"woocommerce-Price-amount amount\"><bdi>399,00&nbsp;<span class=\"woocommerce-Price-currencySymbol\">&euro;<\/span><\/bdi><\/span>","original_product_price":399,"price_including_tax":399,"price_excluding_tax":399,"product_id":{"parent":12949,"variation":false},"is_variable":false,"stock_status":"instock","stock_quantity":null,"parent_sku":"CV12949","product_attributes":[],"custom_fields":[],"is_taxable":false,"product_name":"Sunkiss Boat Charter<br\/>Gran Canaria","hasImage":false},"fields":{"sec_667811df8760f9":{"extra":{"key":"sec_667811df8760f9","section_id":"sec_667811df8760f9","name":"Default","status":1,"cl_rule":"show","enableCl":false,"relations":[],"toggle":true,"title_tag":"h3","show_title":false,"showPrice":"default","form_id":13536,"form_rules":{"exclude_from_discount":true,"fee_label":"Fee","disp_hide_options_price":true,"disp_show_section_price":false,"disp_show_field_price":true,"layout_option":"standard","pric_use_as_fee":false,"process_fee_as":"woo_fee"},"layout_option":"standard"},"fields":[[{"label":"\ud83d\udcc5 Date","active":true,"required":true,"elementId":"date_567811df876119","picker_type":"custom","picker_mode":"single","placeholder":"","description":"","tooltip":"","name":"date_567811df876119","label_position":"default","desc_position":"default","enablePrice":false,"className":"","enableCl":false,"relations":[{"operator":"and","rules":[{"operator":"AND","rules":{"cl_field":"radio-group_565c78ffa81208","cl_relation":"is","cl_val":"3 Hour Trip"}}]}],"date_pic_inline":true,"date_pic_inline_hide":true,"min_date":{"type":"days","val":"2"},"max_date":{"type":"days","val":"365"},"date_pic_conf":{"disabledWeeks":[]},"price":"","cl_rule":"show","col":6,"type":"date","error":false,"enableDesign":false,"LabelColor":"","gt_translate_keys":["label","placeholder","description","tooltip"],"price_dependency":false,"cl_dependency":false,"value":""}],[{"elementId":"separator_267811df876128","separatorType":"blank","className":"","height":"3","enableCl":false,"relations":false,"cl_rule":"show","col":6,"type":"separator","error":false,"gt_translate_keys":[],"price_dependency":false,"cl_dependency":false,"value":""}],[{"active":true,"col":6,"relations":false,"cl_rule":"show","enableCl":false,"price":"","enablePrice":true,"className":"","label_position":"default","desc_position":"default","type":"select","required":true,"elementId":"select_267811df876133","label":"\u23f3 Trip Duration","name":"select_267811df876133","values":[{"label":"3 Hours (399\u20ac)","value":"3","selected":false,"tempId":"aco_556","price":"399","gt_translate_keys":["label"]},{"label":"6 Hours (700\u20ac)","value":"6","selected":false,"tempId":"aco_122","price":"700","gt_translate_keys":["label"]},{"label":"8 Hours (900\u20ac)","value":"8","selected":false,"tempId":"aco_41","price":"900","gt_translate_keys":["label"]}],"dropdown_type":"basic","error":false,"placeholder":"Select Trip Duration","priceOptions":"different_for_all","pricingType":"fixed","is_show_price":false,"gt_translate_keys":["label","placeholder"],"price_dependency":false,"cl_dependency":false,"value":""}],[{"label":"\u2705 Number of People","active":true,"required":true,"elementId":"select_667811df87613d","dropdown_type":"basic","placeholder":"Select Number of People","name":"select_667811df87613d","label_position":"default","desc_position":"default","enablePrice":false,"className":"","enableCl":false,"relations":[{"operator":false,"rules":[{"operator":"AND","rules":{"cl_field":"radio-group_565c78ffa81208","cl_relation":"is","cl_val":"3 Hour Trip"}}]}],"values":[{"label":"1 person","value":"1","selected":false,"tempId":"aco_1471","price":"0","gt_translate_keys":["label"]},{"label":"2 people","value":"2","selected":false,"tempId":"aco_1472","price":"0","gt_translate_keys":["label"]},{"label":"3 people","value":"3","selected":false,"tempId":"aco_1500","price":"0","gt_translate_keys":["label"]},{"label":"4 people","value":"4","selected":false,"tempId":"aco_1510","price":"0","gt_translate_keys":["label"]},{"label":"5 people","value":"5","selected":false,"tempId":"aco_1520","price":"0","gt_translate_keys":["label"]},{"label":"6 people","value":"6","selected":false,"tempId":"aco_1728","price":"0","gt_translate_keys":["label"]},{"label":"7 people","value":"7","selected":false,"tempId":"aco_1738","price":"0","gt_translate_keys":["label"]},{"label":"8 people","value":"8","selected":false,"tempId":"aco_1748","price":"0","gt_translate_keys":["label"]}],"price":"","cl_rule":"show","col":6,"type":"select","error":false,"priceOptions":"different_for_all","pricingType":"fixed","is_show_price":false,"gt_translate_keys":["label","placeholder"],"price_dependency":["select_067811df876146"],"cl_dependency":false,"value":""}],[{"active":true,"col":6,"relations":false,"cl_rule":"show","enableCl":false,"price":"","enablePrice":true,"className":"","label_position":"default","desc_position":"default","type":"select","required":false,"elementId":"select_067811df876146","label":"\ud83c\udf57 Meal (+10\u20ac\/person)","name":"select_067811df876146","values":[{"label":"No","value":"No","selected":false,"tempId":"aco_2562","price":"","gt_translate_keys":["label"]},{"label":"Yes (+10\u20ac\/person)","value":"Yes","selected":false,"tempId":"aco_2563","price":"{field.select_667811df87613d.value}*10","gt_translate_keys":["label"]}],"dropdown_type":"basic","error":false,"description":"Snacks and drinks are included. If you want an extra meal, please select this option. The meal is marinated chicken with mojo potatoes and coleslaw. Payment due at arrival the day of the tour.","priceOptions":"different_for_all","pricingType":"custom","isTemplate":false,"is_show_price":true,"gt_translate_keys":["label","description"],"price_dependency":false,"cl_dependency":false,"value":""}]]},"sec_167811df876147":{"extra":{"key":"sec_167811df876147","section_id":"sec_167811df876147","name":"Pickup Location","status":1,"cl_rule":"show","enableCl":false,"relations":[],"toggle":true,"title_tag":"h4","show_title":false,"showPrice":"default","form_id":13536,"form_rules":{"exclude_from_discount":true,"fee_label":"Fee","disp_hide_options_price":true,"disp_show_section_price":false,"disp_show_field_price":true,"layout_option":"standard","pric_use_as_fee":false,"process_fee_as":"woo_fee"},"layout_option":"standard"},"fields":[[{"elementId":"separator_1067811df876152","separatorType":"blank","className":"","height":"3","enableCl":false,"relations":false,"cl_rule":"show","col":6,"type":"separator","error":false,"gt_translate_keys":[],"price_dependency":false,"cl_dependency":false,"value":""}],[{"active":true,"col":6,"relations":[{"operator":false,"rules":[{"operator":"AND","rules":{"cl_field":"radio-group_565c78ffa81208","cl_relation":"is","cl_val":"3 Hour Trip"}}]}],"cl_rule":"show","enableCl":false,"price":"","enablePrice":false,"className":"","label_position":"default","desc_position":"default","type":"select","required":false,"elementId":"select_667811df87615b","label":"\u23f0 Departure","name":"select_667811df87615b","values":[{"label":"09:00","value":"09:00","selected":false,"tempId":"aco_1471","gt_translate_keys":["label"]},{"label":"12:00","value":"12:00","selected":false,"tempId":"aco_1510","gt_translate_keys":["label"]},{"label":"15:00","value":"15:00","selected":false,"tempId":"aco_1738","gt_translate_keys":["label"]}],"dropdown_type":"basic","error":false,"placeholder":"Whichever Time is Best","gt_translate_keys":["label","placeholder"],"price_dependency":false,"cl_dependency":false,"value":""}],[{"elementId":"separator_767811df876165","separatorType":"blank","className":"","height":"1","enableCl":false,"relations":false,"cl_rule":"show","col":6,"type":"separator","gt_translate_keys":[],"price_dependency":false,"cl_dependency":false,"value":""}],[{"elementId":"separator_967811df876170","separatorType":"blank","className":"","height":"1","enableCl":false,"relations":false,"cl_rule":"show","col":6,"type":"separator","error":false,"gt_translate_keys":[],"price_dependency":false,"cl_dependency":false,"value":""}],[{"active":true,"col":6,"relations":false,"cl_rule":"show","enableCl":false,"price":"","enablePrice":false,"className":"","label_position":"default","desc_position":"default","type":"text","subtype":"text","required":false,"elementId":"text_967811df876178","label":"\ud83d\ude8c Pickup Location","name":"text_967811df876178","value":"","error":false,"description":"Pick-up service in some locations. Simply provide your address or hotel name. (+2\u20ac\/person paid at pickup to the driver)","gt_translate_keys":["label","description","value"],"price_dependency":false,"cl_dependency":false}]]}},"config":{"price_override":"always","enable_recaptcha":false,"bind_quantity":false,"quantity_bind_formula":false,"disp_summ_show_option_price":true,"disp_summ_show_product_price":false,"disp_summ_show_total_price":true,"disp_summ_show_fee":true,"disp_summ_show_discount":true,"summary_title":"","options_total_label":"Options Price","total_label":"Total Amount","options_product_label":"Product Price","fee_label":"Fee","discount_label":"Discount","has_price":true,"has_quantity_formula":false},"mc_unit":1,"tax_rate":1,"tax_rate_real":1,"discount":{"percentage":0,"fixed":0},"design":{"conf":{"LabelPosition":"above","DescPosition":"above","UploadField":"custom_1","QuantityFieldStyle":"custom_1"},"css":{"LeftLabelWidth":"120px"}},"formulas":{"fmla_1708364241278155361":"(({field.select_3666b1eb2b11fe.value}>=8)?(1400):(({field.select_3666b1eb2b11fe.value}>=7)?(1225):(({field.select_3666b1eb2b11fe.value}>=6)?(1050):(({field.select_3666b1eb2b11fe.value}>=5)?(875):(({field.select_3666b1eb2b11fe.value}>=4)?(700):(({field.select_3666b1eb2b11fe.value}>=3)?(500):(0)))))))","fmla_1718295979528641619":"(({field.select_3666b1eb2b11fe.value}>=8)?(280):(({field.select_3666b1eb2b11fe.value}>=7)?(205):(({field.select_3666b1eb2b11fe.value}>=6)?(150):(({field.select_3666b1eb2b11fe.value}>=5)?(175):(({field.select_3666b1eb2b11fe.value}>=4)?(200):(({field.select_3666b1eb2b11fe.value}>=3)?(150):(0)))))))"},"lookuptables":[],"clones":false,"cartKey":false}},"_links":{"self":[{"href":"https:\/\/canaryvip.com\/de\/wp-json\/wp\/v2\/product\/12949","targetHints":{"allow":["GET"]}}],"collection":[{"href":"https:\/\/canaryvip.com\/de\/wp-json\/wp\/v2\/product"}],"about":[{"href":"https:\/\/canaryvip.com\/de\/wp-json\/wp\/v2\/types\/product"}],"replies":[{"embeddable":true,"href":"https:\/\/canaryvip.com\/de\/wp-json\/wp\/v2\/comments?post=12949"}],"wp:featuredmedia":[{"embeddable":true,"href":"https:\/\/canaryvip.com\/de\/wp-json\/wp\/v2\/media\/12950"}],"wp:attachment":[{"href":"https:\/\/canaryvip.com\/de\/wp-json\/wp\/v2\/media?parent=12949"}],"wp:term":[{"taxonomy":"product_brand","embeddable":true,"href":"https:\/\/canaryvip.com\/de\/wp-json\/wp\/v2\/product_brand?post=12949"},{"taxonomy":"product_cat","embeddable":true,"href":"https:\/\/canaryvip.com\/de\/wp-json\/wp\/v2\/product_cat?post=12949"},{"taxonomy":"product_tag","embeddable":true,"href":"https:\/\/canaryvip.com\/de\/wp-json\/wp\/v2\/product_tag?post=12949"}],"curies":[{"name":"wp","href":"https:\/\/api.w.org\/{rel}","templated":true}]}}