{"id":11971,"date":"2024-06-22T22:45:14","date_gmt":"2024-06-22T21:45:14","guid":{"rendered":"https:\/\/canaryvip.com\/?post_type=product&#038;p=11971"},"modified":"2025-08-09T14:04:29","modified_gmt":"2025-08-09T13:04:29","slug":"silvia-yacht-charter-gran-canaria","status":"publish","type":"product","link":"https:\/\/canaryvip.com\/de\/shop\/silvia-yacht-charter-gran-canaria\/","title":{"rendered":"Silvia: Yachtcharter<br\/>Gran Canaria"},"content":{"rendered":"<h2>\ud83d\udee5\ufe0f Silvia Yachtcharter Gran Canaria mit CanaryVIP<\/h2>\n<p>Entdecken Sie den Zauber der Kanarischen Inseln an Bord der <strong>Silvia Yacht Charter<\/strong>ist eine exklusive und luxuri\u00f6se M\u00f6glichkeit, die atemberaubende K\u00fcste Gran Canarias zu erkunden. Mit Platz f\u00fcr bis zu 8 G\u00e4ste, bietet dieses elegante <strong>private Bootsvermietung auf Gran Canaria<\/strong> ist der perfekte Ort f\u00fcr kleine Gruppen, die Entspannung, Abenteuer und unvergessliche Erinnerungen suchen.<\/p>\n<p>Wir von CanaryVIP machen es Ihnen leicht, in den Genuss dieser <strong>Jacht mieten Gran Canaria<\/strong> Erfahrung mit einem nahtlosen Buchungsprozess und au\u00dfergew\u00f6hnlichem Service.<\/p>\n<h3>\u2b50\ufe0f Warum Silvia Yacht Charter in Gran Canaria w\u00e4hlen?<\/h3>\n<p>Hier ist der Grund f\u00fcr die <strong>Silvia Yacht Charter<\/strong> ist eine der besten Optionen f\u00fcr Ihr n\u00e4chstes Abenteuer:<\/p>\n<h4><strong>Private und exklusive Erfahrung<\/strong><\/h4>\n<p>Mit einer Gesamtkapazit\u00e4t von 8 Personen ist diese private Yacht perfekt f\u00fcr intime Zusammenk\u00fcnfte, sei es ein Familienausflug, eine romantische Flucht oder eine besondere Feier.<\/p>\n<h4><strong>Komfort und Raffinesse<\/strong><\/h4>\n<p>Entspannen Sie sich auf der ger\u00e4umigen 13-Meter-Yacht, die \u00fcber ein gepflegtes und elegantes Interieur verf\u00fcgt. Genie\u00dfen Sie den Panoramablick aus dem Salon, entspannen Sie auf dem Deck oder genie\u00dfen Sie die Sonne, w\u00e4hrend Sie von der atemberaubenden Sch\u00f6nheit der K\u00fcste Gran Canarias umgeben sind.<\/p>\n<h4><strong>Aufregende Wasseraktivit\u00e4ten<\/strong><\/h4>\n<p>Ihr <strong>Bootsvermietung auf Gran Canaria<\/strong> bietet eine F\u00fclle von Optionen, um Sie zu unterhalten:<\/p>\n<ul>\n<li><strong>\ud83e\udd3f Schnorchelausr\u00fcstung:<\/strong> Entdecke die Unterwasserwelt mit der mitgelieferten Maske und den Flossen.<\/li>\n<li><strong>\ud83c\udf4c Bananenboot-Fahrt:<\/strong> Bringen Sie Ihren Tag mit einer kostenlosen Bananenboot-Tour in Schwung.<\/li>\n<li><strong>\ud83c\udfc4\u200d\u2640\ufe0f Paddle Board Verwendung:<\/strong> Versuchen Sie Stand-up-Paddleboarding und genie\u00dfen Sie die ruhigen Gew\u00e4sser auf unterhaltsame und entspannende Weise.<\/li>\n<li>F\u00fcr ein komplettes Abenteuer gibt es auch Erm\u00e4\u00dfigungen auf zus\u00e4tzliche Wassersportarten.<\/li>\n<\/ul>\n<h3>\ud83d\udea4 Silvia Yacht Reiseoptionen<\/h3>\n<p>W\u00e4hlen Sie zwischen zwei Reisedauern, die Ihrem Zeitplan und Ihren Vorlieben entsprechen:<\/p>\n<ul>\n<li><strong>3-st\u00fcndiger privater Charter:<\/strong> Ein kurzer, aber luxuri\u00f6ser Kurzurlaub mit viel Zeit zum Schwimmen, Schnorcheln und Entspannen.\n<ul>\n<li>Abfahrtszeiten: 09:00-12:00, 12:00-15:00, oder 15:00-18:00.<\/li>\n<\/ul>\n<\/li>\n<li><strong>6-st\u00fcndiger Privat-Charter:<\/strong> Eine ausgedehnte Reise, auf der Sie die nat\u00fcrliche Sch\u00f6nheit Gran Canarias voll und ganz genie\u00dfen k\u00f6nnen.\n<ul>\n<li>Abfahrtszeiten: 09:00-15:00, 12:00-18:00 oder 15:00-21:00 (nur in der Sommersaison).<\/li>\n<\/ul>\n<\/li>\n<\/ul>\n<h3>\ud83e\udd42 Was ist in Ihrem Yachtcharter inbegriffen<\/h3>\n<p>Ihr <strong>Jacht mieten Gran Canaria<\/strong> enth\u00e4lt alles, was Sie f\u00fcr einen unvergesslichen Tag auf See brauchen:<\/p>\n<ul>\n<li>Snacks wie Chips und N\u00fcsse.<\/li>\n<li>Getr\u00e4nke an einer offenen Bar, einschlie\u00dflich Bier, Softdrinks und Wasser.<\/li>\n<li>Schnorchelausr\u00fcstung, Nutzung des Paddelboards und eine kostenlose Fahrt mit dem Bananenboot.<\/li>\n<li>Transport von und zu den Hotels im S\u00fcden Gran Canarias (falls gew\u00fcnscht).<\/li>\n<li>Versicherung f\u00fcr Ihren Seelenfrieden.<\/li>\n<li>Optionales Mittagessen (10 \u20ac pro Person, auf Anfrage bei der Buchung).<\/li>\n<\/ul>\n<h3>\ud83d\udccd Einzelheiten zur Abreise<\/h3>\n<ul>\n<li><strong>Standort:<\/strong> <a href=\"https:\/\/maps.app.goo.gl\/Xhe545W98um3rx6W8\" target=\"_blank\" rel=\"noopener\">Puerto de Mog\u00e1n<\/a>Gran Canaria.<\/li>\n<li><strong>Transport:<\/strong> Optionaler Abholservice f\u00fcr zus\u00e4tzlichen Komfort verf\u00fcgbar.<\/li>\n<li><strong>Zeiten:<\/strong> Mehrere Abfahrten t\u00e4glich, um Ihren Zeitplan zu erf\u00fcllen.<\/li>\n<\/ul>\n<h3>\u2705 Transparente Widerrufsbelehrung<\/h3>\n<p>Wir legen gro\u00dfen Wert auf Ihren Seelenfrieden mit klaren und flexiblen Stornierungsbedingungen:<\/p>\n<ul>\n<li><strong>Wettergarantie:<\/strong> Bei unsicherem Wetter k\u00f6nnen Sie den Termin verschieben oder erhalten eine volle R\u00fcckerstattung.<\/li>\n<li><strong>Flexible Stornierungen:<\/strong> Stornieren oder verschieben Sie Ihre Reise bis zu 8 Tage vor der Abreise kostenlos. Bei Stornierungen innerhalb von 8 Tagen vor der geplanten Abfahrt wird die Anzahlung nicht erstattet.<\/li>\n<\/ul>\n<h3>\ud83d\udc68\u200d\u2708\ufe0f Tipps f\u00fcr Ihr Silvia Yacht Abenteuer<\/h3>\n<p>Optimieren Sie Ihren Tag auf See mit diesen Tipps:<\/p>\n<ul>\n<li>Bringen Sie Badekleidung, ein Handtuch und Sonnenschutzmittel mit.<\/li>\n<li>Tragen Sie bequeme, dem Wetter angepasste Kleidung.<\/li>\n<li>Halten Sie Ihr CanaryVIP-Ticket bereit, entweder auf Ihrem Handy oder ausgedruckt.<\/li>\n<li>Essen Sie vorher eine leichte Mahlzeit, um Seekrankheit zu vermeiden.<\/li>\n<\/ul>\n<h3>\ud83c\udf1f Warum mit CanaryVIP buchen?<\/h3>\n<p>Bei CanaryVIP ist es unsere Leidenschaft, unvergessliche Erlebnisse auf dem Wasser zu schaffen. Egal, ob Sie auf der Suche nach einem <strong>Luxusyacht auf Gran Canaria<\/strong> oder ein unterhaltsames Abenteuer, wir bieten das Beste <a href=\"https:\/\/canaryvip.com\/de\/shop\/magic-island-yacht-charter-gran-canaria\/\"><strong>Bootsvermietung auf Gran Canaria<\/strong><\/a> Optionen, die auf Ihre Bed\u00fcrfnisse zugeschnitten sind.<\/p>\n<p>Buchen Sie Ihr <strong>Silvia Yacht Charter<\/strong> und begeben Sie sich auf eine Reise voller Entspannung, Abenteuer und atemberaubender Aussichten.<\/p>\n<p>\ud83d\udc49 <a href=\"https:\/\/canaryvip.com\/de\/\" target=\"_new\" rel=\"noopener\"><span>Reserve<\/span><span> Jetzt<\/span><\/a> und erh\u00f6hen Sie Ihr Urlaubserlebnis!<\/p>","protected":false},"excerpt":{"rendered":"<p><strong>\ud83d\udd0d Magic Island Gran Canaria:<\/strong><br \/>\n\u2705 Sichere Bezahlung.<br \/>\n\ud83d\udd10 Private Touren.<br \/>\n\ud83d\udee5\ufe0f 13m Yacht Komfort.<br \/>\n\u23f3 T\u00e4gliche F\u00fchrungen von 3H &amp; 6H.<br \/>\n\ud83d\udd59 Unterschiedliche Abfahrtszeiten.<br \/>\n\ud83d\udc65 Bis zu 12 G\u00e4ste.<br \/>\n\ud83e\udd3f Schnorchelausr\u00fcstung wird zur Verf\u00fcgung gestellt.<br \/>\n\ud83d\ude8c Abholung und R\u00fcckgabe.<br \/>\n\ud83e\udd11 Bester Preis garantiert.<br \/>\n\ud83d\udc6a Rabatte Aktiviert.<br \/>\n\ud83d\udd01 Bis zu 8 Tage K\u00fcndigungsfrist.<br \/>\n\ud83c\udf0d Mehrsprachige Besatzung.<br \/>\n\ud83c\udf1f Fr\u00fch buchen &amp; sparen!<br \/>\n\ud83d\udccd Abreise von <a href=\"https:\/\/maps.app.goo.gl\/4TJkgAg6UBpnsyhm9\">Puerto de Mog\u00e1n<\/a>.<\/p>","protected":false},"featured_media":12219,"comment_status":"open","ping_status":"closed","template":"","meta":{"_acf_changed":false},"product_brand":[],"product_cat":[132],"product_tag":[],"class_list":{"0":"post-11971","1":"product","2":"type-product","3":"status-publish","4":"has-post-thumbnail","6":"product_cat-boat-hire-gran-canaria","7":"wcpa_has_options","9":"first","10":"instock","11":"virtual","12":"purchasable","13":"product-type-simple"},"acf":[],"wcpa_form_fields":{"wcpaData":{"product":{"product_price":450,"price_html":"From&nbsp;<span class=\"woocommerce-Price-amount amount\"><bdi>450,00&nbsp;<span class=\"woocommerce-Price-currencySymbol\">&euro;<\/span><\/bdi><\/span>","original_product_price":450,"price_including_tax":450,"price_excluding_tax":450,"product_id":{"parent":11971,"variation":false},"is_variable":false,"stock_status":"instock","stock_quantity":null,"parent_sku":"CV11971","product_attributes":[],"custom_fields":[],"is_taxable":false,"product_name":"Silvia: Yacht Charter<br\/>Gran Canaria","hasImage":false},"fields":{"sec_26687d4f04b1a4":{"extra":{"key":"sec_26687d4f04b1a4","section_id":"sec_26687d4f04b1a4","name":"Default","status":1,"cl_rule":"show","enableCl":false,"relations":[],"toggle":true,"title_tag":"h3","show_title":false,"showPrice":"default","form_id":12255,"form_rules":{"exclude_from_discount":true,"fee_label":"Fee","disp_hide_options_price":true,"disp_show_section_price":false,"disp_show_field_price":true,"layout_option":"standard","pric_use_as_fee":false,"process_fee_as":"woo_fee"},"layout_option":"standard"},"fields":[[{"label":"\ud83d\udcc5 Date","active":true,"required":true,"elementId":"date_106687d4f04b1c4","picker_type":"custom","picker_mode":"single","placeholder":"","description":"","tooltip":"","name":"date_106687d4f04b1c4","label_position":"default","desc_position":"default","enablePrice":false,"className":"","enableCl":false,"relations":[{"operator":"and","rules":[{"operator":"AND","rules":{"cl_field":"radio-group_565c78ffa81208","cl_relation":"is","cl_val":"3 Hour Trip"}}]}],"date_pic_inline":true,"date_pic_inline_hide":true,"min_date":{"type":"days","val":"2"},"max_date":{"type":"days","val":"365"},"date_pic_conf":{"disabledWeeks":[]},"price":"","cl_rule":"show","col":6,"type":"date","error":false,"enableDesign":false,"LabelColor":"","gt_translate_keys":["label","placeholder","description","tooltip"],"price_dependency":false,"cl_dependency":false,"value":""}],[{"elementId":"separator_76687d4f04b1e0","separatorType":"blank","className":"","height":"3","enableCl":false,"relations":false,"cl_rule":"show","col":6,"type":"separator","error":false,"gt_translate_keys":[],"price_dependency":false,"cl_dependency":false,"value":""}],[{"active":true,"col":6,"relations":false,"cl_rule":"show","enableCl":false,"price":"","enablePrice":true,"className":"","label_position":"default","desc_position":"default","type":"select","required":true,"elementId":"select_96687d4f04b1ea","label":"\u23f3 Trip Duration","name":"select_96687d4f04b1ea","values":[{"label":"3 Hours (450\u20ac)","value":"3","selected":false,"tempId":"aco_556","price":"450","gt_translate_keys":["label"]},{"label":"6 Hours (800\u20ac)","value":"6","selected":false,"tempId":"aco_122","price":"800","gt_translate_keys":["label"]}],"dropdown_type":"basic","error":false,"placeholder":"Select Trip Duration","priceOptions":"different_for_all","pricingType":"fixed","is_show_price":false,"gt_translate_keys":["label","placeholder"],"price_dependency":false,"cl_dependency":false,"value":""}],[{"label":"\u2705 Number of People","active":true,"required":true,"elementId":"select_86687d4f04b1f4","dropdown_type":"basic","placeholder":"Select Number of People","name":"select_86687d4f04b1f4","label_position":"default","desc_position":"default","enablePrice":false,"className":"","enableCl":false,"relations":[{"operator":false,"rules":[{"operator":"AND","rules":{"cl_field":"radio-group_565c78ffa81208","cl_relation":"is","cl_val":"3 Hour Trip"}}]}],"values":[{"label":"1 person","value":"1","selected":false,"tempId":"aco_1471","price":"0","gt_translate_keys":["label"]},{"label":"2 people","value":"2","selected":false,"tempId":"aco_1472","price":"0","gt_translate_keys":["label"]},{"label":"3 people","value":"3","selected":false,"tempId":"aco_1500","price":"0","gt_translate_keys":["label"]},{"label":"4 people","value":"4","selected":false,"tempId":"aco_1510","price":"0","gt_translate_keys":["label"]},{"label":"5 people","value":"5","selected":false,"tempId":"aco_1520","price":"0","gt_translate_keys":["label"]},{"label":"6 people","value":"6","selected":false,"tempId":"aco_1728","price":"0","gt_translate_keys":["label"]},{"label":"7 people","value":"7","selected":false,"tempId":"aco_1738","price":"0","gt_translate_keys":["label"]},{"label":"8 people","value":"8","selected":false,"tempId":"aco_1748","price":"0","gt_translate_keys":["label"]}],"price":"","cl_rule":"show","col":6,"type":"select","error":false,"priceOptions":"different_for_all","pricingType":"fixed","is_show_price":false,"gt_translate_keys":["label","placeholder"],"price_dependency":["select_86687d4f04b1fe"],"cl_dependency":false,"value":""}],[{"active":true,"col":6,"relations":false,"cl_rule":"show","enableCl":false,"price":"","enablePrice":true,"className":"","label_position":"default","desc_position":"default","type":"select","required":false,"elementId":"select_86687d4f04b1fe","label":"\ud83c\udf57 Meal (+10\u20ac\/person)","name":"select_86687d4f04b1fe","values":[{"label":"No","value":"No","selected":false,"tempId":"aco_2562","price":"","gt_translate_keys":["label"]},{"label":"Yes (+10\u20ac\/person)","value":"Yes","selected":false,"tempId":"aco_2563","price":"{field.select_86687d4f04b1f4.value}*10","gt_translate_keys":["label"]}],"dropdown_type":"basic","error":false,"description":"Snacks and drinks are included. If you want an extra meal, please select this option. The meal is marinated chicken with mojo potatoes and coleslaw.","priceOptions":"different_for_all","pricingType":"custom","isTemplate":false,"is_show_price":true,"gt_translate_keys":["label","description"],"price_dependency":false,"cl_dependency":false,"value":""}]]},"sec_106687d4f04b227":{"extra":{"key":"sec_106687d4f04b227","section_id":"sec_106687d4f04b227","name":"Pickup Location","status":1,"cl_rule":"show","enableCl":false,"relations":[],"toggle":true,"title_tag":"h4","show_title":false,"showPrice":"default","form_id":12255,"form_rules":{"exclude_from_discount":true,"fee_label":"Fee","disp_hide_options_price":true,"disp_show_section_price":false,"disp_show_field_price":true,"layout_option":"standard","pric_use_as_fee":false,"process_fee_as":"woo_fee"},"layout_option":"standard"},"fields":[[{"elementId":"separator_16687d4f04b232","separatorType":"blank","className":"","height":"3","enableCl":false,"relations":false,"cl_rule":"show","col":6,"type":"separator","error":false,"gt_translate_keys":[],"price_dependency":false,"cl_dependency":false,"value":""}],[{"active":true,"col":6,"relations":[{"operator":false,"rules":[{"operator":"AND","rules":{"cl_field":"radio-group_565c78ffa81208","cl_relation":"is","cl_val":"3 Hour Trip"}}]}],"cl_rule":"show","enableCl":false,"price":"","enablePrice":false,"className":"","label_position":"default","desc_position":"default","type":"select","required":false,"elementId":"select_66687d4f04b23c","label":"\u23f0 Departure","name":"select_66687d4f04b23c","values":[{"label":"09:00","value":"09:00","selected":false,"tempId":"aco_1471","gt_translate_keys":["label"]},{"label":"12:00","value":"12:00","selected":false,"tempId":"aco_1510","gt_translate_keys":["label"]},{"label":"15:00","value":"15:00","selected":false,"tempId":"aco_1738","gt_translate_keys":["label"]}],"dropdown_type":"basic","error":false,"placeholder":"Whichever Time is Best","gt_translate_keys":["label","placeholder"],"price_dependency":false,"cl_dependency":false,"value":""}],[{"elementId":"separator_86687d4f04b246","separatorType":"blank","className":"","height":"1","enableCl":false,"relations":false,"cl_rule":"show","col":6,"type":"separator","gt_translate_keys":[],"price_dependency":false,"cl_dependency":false,"value":""}],[{"elementId":"separator_86687d4f04b250","separatorType":"blank","className":"","height":"1","enableCl":false,"relations":false,"cl_rule":"show","col":6,"type":"separator","error":false,"gt_translate_keys":[],"price_dependency":false,"cl_dependency":false,"value":""}],[{"active":true,"col":6,"relations":false,"cl_rule":"show","enableCl":false,"price":"","enablePrice":false,"className":"","label_position":"default","desc_position":"default","type":"text","subtype":"text","required":false,"elementId":"text_66687d4f04b259","label":"\ud83d\ude8c Pickup Location","name":"text_66687d4f04b259","value":"","error":false,"description":"Pick-up service in some locations. Simply provide your address or hotel name. (+2\u20ac\/person paid at pickup to the driver)","gt_translate_keys":["label","description","value"],"price_dependency":false,"cl_dependency":false}]]}},"config":{"price_override":"always","enable_recaptcha":false,"bind_quantity":false,"quantity_bind_formula":false,"disp_summ_show_option_price":true,"disp_summ_show_product_price":false,"disp_summ_show_total_price":true,"disp_summ_show_fee":true,"disp_summ_show_discount":true,"summary_title":"","options_total_label":"Options Price","total_label":"Total Amount","options_product_label":"Product Price","fee_label":"Fee","discount_label":"Discount","has_price":true,"has_quantity_formula":false},"mc_unit":1,"tax_rate":1,"tax_rate_real":1,"discount":{"percentage":0,"fixed":0},"design":{"conf":{"LabelPosition":"above","DescPosition":"above","UploadField":"custom_1","QuantityFieldStyle":"custom_1"},"css":{"LeftLabelWidth":"120px"}},"formulas":{"fmla_1708364241278155361":"(({field.select_3666b1eb2b11fe.value}>=8)?(1400):(({field.select_3666b1eb2b11fe.value}>=7)?(1225):(({field.select_3666b1eb2b11fe.value}>=6)?(1050):(({field.select_3666b1eb2b11fe.value}>=5)?(875):(({field.select_3666b1eb2b11fe.value}>=4)?(700):(({field.select_3666b1eb2b11fe.value}>=3)?(500):(0)))))))","fmla_1718295979528641619":"(({field.select_3666b1eb2b11fe.value}>=8)?(280):(({field.select_3666b1eb2b11fe.value}>=7)?(205):(({field.select_3666b1eb2b11fe.value}>=6)?(150):(({field.select_3666b1eb2b11fe.value}>=5)?(175):(({field.select_3666b1eb2b11fe.value}>=4)?(200):(({field.select_3666b1eb2b11fe.value}>=3)?(150):(0)))))))"},"lookuptables":[],"clones":false,"cartKey":false}},"_links":{"self":[{"href":"https:\/\/canaryvip.com\/de\/wp-json\/wp\/v2\/product\/11971","targetHints":{"allow":["GET"]}}],"collection":[{"href":"https:\/\/canaryvip.com\/de\/wp-json\/wp\/v2\/product"}],"about":[{"href":"https:\/\/canaryvip.com\/de\/wp-json\/wp\/v2\/types\/product"}],"replies":[{"embeddable":true,"href":"https:\/\/canaryvip.com\/de\/wp-json\/wp\/v2\/comments?post=11971"}],"wp:featuredmedia":[{"embeddable":true,"href":"https:\/\/canaryvip.com\/de\/wp-json\/wp\/v2\/media\/12219"}],"wp:attachment":[{"href":"https:\/\/canaryvip.com\/de\/wp-json\/wp\/v2\/media?parent=11971"}],"wp:term":[{"taxonomy":"product_brand","embeddable":true,"href":"https:\/\/canaryvip.com\/de\/wp-json\/wp\/v2\/product_brand?post=11971"},{"taxonomy":"product_cat","embeddable":true,"href":"https:\/\/canaryvip.com\/de\/wp-json\/wp\/v2\/product_cat?post=11971"},{"taxonomy":"product_tag","embeddable":true,"href":"https:\/\/canaryvip.com\/de\/wp-json\/wp\/v2\/product_tag?post=11971"}],"curies":[{"name":"wp","href":"https:\/\/api.w.org\/{rel}","templated":true}]}}