{"id":11626,"date":"2024-06-06T11:14:41","date_gmt":"2024-06-06T10:14:41","guid":{"rendered":"https:\/\/canaryvip.com\/?post_type=product&#038;p=11626"},"modified":"2026-04-10T14:33:12","modified_gmt":"2026-04-10T13:33:12","slug":"natural-pools-masca-los-gigantes-tour","status":"publish","type":"product","link":"https:\/\/canaryvip.com\/de\/shop\/natural-pools-masca-los-gigantes-tour\/","title":{"rendered":"Nat\u00fcrliche Pools, Masca &amp; Los Gigantes Tour + Picknick"},"content":{"rendered":"<h2>\ud83c\udf0a \u00dcber Masca, Naturpools &amp; Los Gigantes Tour<\/h2>\n<p>Entdecken Sie eine der vollst\u00e4ndigsten <strong>Gef\u00fchrte Touren auf Teneriffa<\/strong> mit diesem unvergesslichen Erlebnis, das Natur, lokale Kultur und atemberaubende Aussichten verbindet. Bei CanaryVIP bieten wir Ihnen die M\u00f6glichkeit, die verborgenen Sch\u00e4tze der Insel auf dieser <strong>gef\u00fchrte Masca-Tour<\/strong>, mit dramatischen Klippen, traditionellen D\u00f6rfern und dem ber\u00fchmten <strong>Naturschwimmbecken Teneriffa<\/strong> ist bekannt f\u00fcr.<\/p>\n<p>Diese Tour ist f\u00fcr Reisende gedacht, die Teneriffa von einer anderen Seite kennenlernen m\u00f6chten, in einer kleinen Gruppe, mit einer pers\u00f6nlichen und entspannten Atmosph\u00e4re.<\/p>\n<h3>H\u00f6hepunkte der Tour: Masca, Nat\u00fcrliche Pools &amp; Los Gigantes<\/h3>\n<ul>\n<li>\ud83c\udf04 <strong>Panoramablick:<\/strong> Genie\u00dfen Sie den atemberaubenden Blick \u00fcber das Masca-Tal, eine der eindrucksvollsten Landschaften Teneriffas.<\/li>\n<li>\ud83c\udfd8\ufe0f <strong>Dorf Masca:<\/strong> Verbringen Sie etwa 1 Stunde mit der Erkundung dieses charmanten Bergdorfs. Schlendern Sie durch die engen Gassen, entdecken Sie lokale Produkte und genie\u00dfen Sie die einzigartige Atmosph\u00e4re.<\/li>\n<li>\ud83c\udfd4\ufe0f <strong>Los Gigantes Klippen:<\/strong> Besuchen Sie die ber\u00fchmten Klippen, die sich bis zu 600 Meter \u00fcber den Ozean erheben und eines der Wahrzeichen der Insel sind.<\/li>\n<li>\ud83c\udfca <strong>Nat\u00fcrliche vulkanische Pools und Picknick:<\/strong> Erfrischen Sie sich in nat\u00fcrlichen vulkanischen Pools am Meer und genie\u00dfen Sie ein entspannendes Picknick in einer wundersch\u00f6nen K\u00fcstenlandschaft.<\/li>\n<\/ul>\n<h3>Was ist in Ihrem Erlebnis inbegriffen?<\/h3>\n<ul>\n<li>\ud83e\uddd1\u200d\ud83c\udfeb Ortskundiger F\u00fchrer mit fundierten Kenntnissen der Region.<\/li>\n<li>\ud83d\udee0\ufe0f Alle f\u00fcr die Aktivit\u00e4t erforderlichen Ausr\u00fcstungsgegenst\u00e4nde.<\/li>\n<li>\ud83d\udee1\ufe0f Aktivit\u00e4tsversicherung f\u00fcr Ihren Seelenfrieden.<\/li>\n<li>\ud83d\ude90 Transport vom\/zum Treffpunkt in einem komfortablen 9-Sitzer-Van.<\/li>\n<li>\ud83d\udcf8 Fotos und Videos von Ihrem Erlebnis, um unvergessliche Erinnerungen mit nach Hause zu nehmen.<\/li>\n<\/ul>\n<h3>Wichtige Details zur Tour<\/h3>\n<ul>\n<li>\ud83d\udd52 <strong>Startzeit:<\/strong> Winter um 15:00 Uhr | Sommer um 16:00 Uhr.<\/li>\n<li>\u23f3 <strong>Dauer:<\/strong> Ungef\u00e4hr 5 Stunden.<\/li>\n<li>\ud83d\udc65 <strong>Erfahrung in kleinen Gruppen:<\/strong> Begrenzte Anzahl von Pl\u00e4tzen f\u00fcr eine pers\u00f6nlichere Tour.<\/li>\n<li>\ud83d\udccd <strong>Transport:<\/strong> Reisen Sie in einem komfortablen 9-sitzigen Van.<\/li>\n<li>\ud83e\udde5 <strong>Was Sie mitbringen sollten:<\/strong> Bequeme Kleidung, Badekleidung und ein Handtuch f\u00fcr die Naturpools.<\/li>\n<\/ul>\n<h3>Wichtige Informationen und Richtlinien<\/h3>\n<ul>\n<li>\ud83d\udd04 <strong>Stornierungsbedingungen:<\/strong> Eine kostenlose Stornierung ist m\u00f6glich, wenn sie mindestens 72 Stunden im Voraus f\u00fcr Buchungen von bis zu 3 Personen beantragt wird. F\u00fcr Buchungen von mehr als 3 Personen ist eine K\u00fcndigungsfrist von mindestens 5 Tagen erforderlich. F\u00fcr Gruppen mit mehr als 7 Personen muss die Stornierung mindestens 10 Tage im Voraus erfolgen. Aufgrund der begrenzten Verf\u00fcgbarkeit und der kleinen Gruppengr\u00f6\u00dfe werden versp\u00e4tete Stornierungen oder Nichterscheinen in voller H\u00f6he in Rechnung gestellt. Wir empfehlen immer, Ihre Pl\u00e4ne fr\u00fchzeitig zu best\u00e4tigen.<\/li>\n<li>\ud83d\udd52 <strong>P\u00fcnktlichkeit:<\/strong> Bitte erscheinen Sie p\u00fcnktlich am Treffpunkt, um einen reibungslosen Start der Gruppe zu gew\u00e4hrleisten.<\/li>\n<li>\u26a0\ufe0f <strong>Begrenzte Verf\u00fcgbarkeit:<\/strong> Dieses Erlebnis findet in kleinen Gruppen statt, daher sind die Pl\u00e4tze sehr begrenzt und in der Regel schnell ausgebucht.<\/li>\n<\/ul>\n<h4>Unterst\u00fctzung auf Tournee<\/h4>\n<ul>\n<li>\u2714\ufe0f Bei CanaryVIP w\u00e4hlen wir Erfahrungen sorgf\u00e4ltig aus, um Qualit\u00e4t und Sicherheit zu gew\u00e4hrleisten.<\/li>\n<li>\ud83d\udde3\ufe0f W\u00e4hrend der Tour k\u00f6nnen Sie sich jederzeit direkt an Ihren Reiseleiter wenden, wenn Sie Hilfe ben\u00f6tigen.<\/li>\n<li>\ud83d\udcde Unser Team steht Ihnen vor und nach Ihrer Buchung zur Verf\u00fcgung, wenn Sie Hilfe ben\u00f6tigen oder Fragen haben.<\/li>\n<\/ul>\n<h3>\ud83c\udf0a\ud83c\udfd4\ufe0f Buchen Sie Ihre Masca &amp; Natural Pools Tour noch heute<\/h3>\n<p>Wenn Sie nach einem der besten <strong>Gef\u00fchrte Touren auf Teneriffa<\/strong>, Dieses Erlebnis vereint alles: Berge, Meer, Kultur und Entspannung. Vom einzigartigen Charme des Dorfes Masca bis zum erfrischenden <strong>Naturschwimmbecken Teneriffa<\/strong> bietet, ist jeder Moment so gestaltet, dass er im Ged\u00e4chtnis bleibt.<\/p>\n<p>Wir von CanaryVIP machen die Buchung einfach und zuverl\u00e4ssig, damit Sie sich ganz auf Ihre Reise konzentrieren k\u00f6nnen. Egal, ob Sie Teneriffa zum ersten Mal besuchen oder zur\u00fcckkehren, um mehr zu entdecken, diese <strong>gef\u00fchrte Masca-Tour<\/strong> ist ein unverzichtbares Erlebnis.<\/p>\n<p>Sichern Sie sich jetzt Ihren Platz und entdecken Sie Teneriffa auf eine andere Art.<\/p>","protected":false},"excerpt":{"rendered":"<p><strong>\ud83d\udd0d Details zur Tour:<\/strong><br \/>\n\u2705 Sichere Bezahlung.<br \/>\n\ud83c\udf04 Erkunden Sie das Dorf Masca.<br \/>\n\ud83d\udca6 Naturpools entdecken.<br \/>\n\ud83c\udfd4\ufe0f Besuchen Sie die Klippe von Los Gigantes.<br \/>\n\ud83e\udd6a Picknick inklusive.<br \/>\n\ud83d\udcc5 Jeden Tag.<br \/>\n\u23f0 Dauer Etwa 5h.<br \/>\n\ud83d\ude8c VAN f\u00fcr bis zu 9 Personen.<br \/>\n\ud83d\ude90 Abholung und R\u00fcckgabe vom Hotel.<br \/>\n\ud83d\udd04 72 Stunden kostenlose Stornierung.<br \/>\n\ud83e\udd11 Bester Preis garantiert.<br \/>\n\ud83c\udf81 Gruppenerm\u00e4\u00dfigungen verf\u00fcgbar.<br \/>\n\ud83c\udf1f Jetzt buchen und sparen!<\/p>","protected":false},"featured_media":16977,"comment_status":"open","ping_status":"closed","template":"","meta":{"_acf_changed":false},"product_brand":[],"product_cat":[52],"product_tag":[],"class_list":{"0":"post-11626","1":"product","2":"type-product","3":"status-publish","4":"has-post-thumbnail","6":"product_cat-bus-tours","7":"wcpa_has_options","9":"first","10":"instock","11":"sale","12":"virtual","13":"purchasable","14":"product-type-simple"},"acf":[],"wcpa_form_fields":{"wcpaData":{"product":{"product_price":85,"price_html":"From&nbsp;<del aria-hidden=\"true\"><span class=\"woocommerce-Price-amount amount\"><bdi>90,00&nbsp;<span class=\"woocommerce-Price-currencySymbol\">&euro;<\/span><\/bdi><\/span><\/del> <span class=\"screen-reader-text\">Urspr\u00fcnglicher Preis war: 90,00&nbsp;&euro;<\/span><ins aria-hidden=\"true\"><span class=\"woocommerce-Price-amount amount\"><bdi>85,00&nbsp;<span class=\"woocommerce-Price-currencySymbol\">&euro;<\/span><\/bdi><\/span><\/ins><span class=\"screen-reader-text\">Aktueller Preis ist: 85,00&nbsp;&euro;.<\/span>","original_product_price":90,"price_including_tax":85,"price_excluding_tax":85,"product_id":{"parent":11626,"variation":false},"is_variable":false,"stock_status":"instock","stock_quantity":null,"parent_sku":"CV11626","product_attributes":[],"custom_fields":[],"is_taxable":false,"product_name":"Natural Pools, Masca & Los Gigantes Tour + Picnic","hasImage":false},"fields":{"sec_169cd3c7b1d53f":{"extra":{"key":"sec_169cd3c7b1d53f","section_id":"sec_169cd3c7b1d53f","name":"South Tenerife","status":1,"cl_rule":"show","enableCl":false,"relations":[{"operator":false,"rules":[{"operator":"AND","rules":{"cl_field":"radio-group_665df45fcbc30b","cl_relation":"is","cl_val":"Siam Park Regular Tickets"}}]}],"toggle":true,"title_tag":"h4","show_title":false,"showPrice":"default","form_id":16980,"form_rules":{"exclude_from_discount":true,"fee_label":"Fee","disp_hide_options_price":true,"disp_show_section_price":false,"disp_show_field_price":true,"layout_option":"standard","pric_use_as_fee":false,"process_fee_as":"woo_fee"},"layout_option":"standard"},"fields":[[{"label":"\ud83d\udcc5 Date","active":true,"required":true,"elementId":"date_869cd3c7b1d560","picker_type":"custom","picker_mode":"single","placeholder":"","description":"","tooltip":"","name":"date_869cd3c7b1d560","label_position":"default","desc_position":"default","enablePrice":false,"className":"","enableCl":false,"relations":[{"operator":"and","rules":[{"operator":"AND","rules":{"cl_field":"radio-group_665df45fcbc30b","cl_relation":"is","cl_val":"3 Hour Trip"}}]}],"date_pic_inline":true,"date_pic_inline_hide":true,"min_date":{"type":"days","val":"2"},"max_date":{"type":"days","val":"180"},"date_pic_conf":{"disabledWeeks":[],"enabledDates":[]},"price":"","cl_rule":"show","col":6,"type":"date","error":false,"enableDesign":false,"LabelColor":"","value":"2024-07-04","isWeightTemplate":false,"isTemplate":false,"min_quantity":"1","quantity_decimal":false,"quantity_step":"1","quantity_label":"Quantity","repeater_field_label":"{field_label}","repeater_bind":"","gt_translate_keys":["label","placeholder","description","value","tooltip","repeater_field_label","quantity_label"],"price_dependency":false,"cl_dependency":false}],[{"elementId":"separator_569cd3c7b1d57a","separatorType":"blank","className":"","height":"10","enableCl":false,"relations":false,"cl_rule":"show","col":6,"type":"separator","gt_translate_keys":[],"price_dependency":false,"cl_dependency":false,"value":""}],[{"active":true,"col":6,"relations":false,"cl_rule":"show","enableCl":false,"price":"","enablePrice":false,"className":"","label_position":"default","desc_position":"default","type":"content","required":false,"elementId":"content_369cd3c7b1d585","label":"People","name":"content_369cd3c7b1d585","contentType":"plain","value":"","error":false,"show_in_checkout":true,"inline":false,"gt_translate_keys":["label","value"],"price_dependency":false,"cl_dependency":false}],[{"active":true,"col":6,"relations":[{"operator":false,"rules":[{"operator":"AND","rules":{"cl_field":"","cl_relation":"","cl_val":""}}]}],"cl_rule":"show","enableCl":true,"price":"85","enablePrice":true,"className":"","label_position":"default","desc_position":"default","type":"radio-group","required":false,"elementId":"radio-group_969cd3c7b1d590","label":"","name":"radio-group_969cd3c7b1d590","values":[{"label":"\ud83d\udc64 People (85\u20ac)","value":"Adult","selected":true,"tempId":"aco_32","tooltip":"+12 Years","description":"","gt_translate_keys":["label","tooltip","description"]}],"layOut":"","error":false,"checkUi":"button","priceOptions":"fixed_for_all","pricingType":"fixed","enable_quantity":true,"quantity_label":"","min_quantity":"0","options_tooltip":true,"options_description":true,"isWeightTemplate":false,"isTemplate":false,"quantity_decimal":false,"quantity_step":"1","repeater_field_label":"{field_label}","repeater_bind":"","gt_translate_keys":["label","repeater_field_label","quantity_label"],"price_dependency":false,"cl_dependency":false,"value":""}],[{"active":true,"col":6,"relations":false,"cl_rule":"show","enableCl":false,"price":"","enablePrice":false,"className":"","label_position":"default","desc_position":"default","type":"separator","required":false,"elementId":"separator_269cd3c7b1d5af","label":"Separator Field","height":"7","separatorType":"blank","error":false,"gt_translate_keys":["label"],"price_dependency":false,"cl_dependency":false,"value":""}],[{"active":true,"col":6,"relations":false,"cl_rule":"show","enableCl":false,"price":"","enablePrice":false,"className":"","label_position":"default","desc_position":"default","type":"text","subtype":"text","required":false,"elementId":"text_369cd3c7b1d5b8","label":"\ud83d\ude8c Pickup Location","name":"text_369cd3c7b1d5b8","value":"","description":"Pick-up service in South Tenerife. Simply provide your address or hotel name.","error":false,"isWeightTemplate":false,"isTemplate":false,"min_quantity":"1","quantity_decimal":false,"quantity_step":"1","quantity_label":"Quantity","repeater_field_label":"{field_label}","repeater_bind":"","gt_translate_keys":["label","description","value","repeater_field_label","quantity_label"],"price_dependency":false,"cl_dependency":false}]]}},"config":{"price_override":"always","enable_recaptcha":false,"bind_quantity":false,"quantity_bind_formula":false,"disp_summ_show_option_price":true,"disp_summ_show_product_price":false,"disp_summ_show_total_price":true,"disp_summ_show_fee":true,"disp_summ_show_discount":true,"summary_title":"","options_total_label":"Options Price","total_label":"Total Amount","options_product_label":"Product Price","fee_label":"Fee","discount_label":"Discount","has_price":true,"has_quantity_formula":false},"mc_unit":1,"tax_rate":1,"tax_rate_real":1,"discount":{"percentage":0,"fixed":0},"design":{"conf":{"LabelPosition":"above","DescPosition":"above","UploadField":"custom_1","QuantityFieldStyle":"custom_1"},"css":{"LeftLabelWidth":"120px"}},"formulas":[],"lookuptables":[],"clones":false,"cartKey":false}},"_links":{"self":[{"href":"https:\/\/canaryvip.com\/de\/wp-json\/wp\/v2\/product\/11626","targetHints":{"allow":["GET"]}}],"collection":[{"href":"https:\/\/canaryvip.com\/de\/wp-json\/wp\/v2\/product"}],"about":[{"href":"https:\/\/canaryvip.com\/de\/wp-json\/wp\/v2\/types\/product"}],"replies":[{"embeddable":true,"href":"https:\/\/canaryvip.com\/de\/wp-json\/wp\/v2\/comments?post=11626"}],"wp:featuredmedia":[{"embeddable":true,"href":"https:\/\/canaryvip.com\/de\/wp-json\/wp\/v2\/media\/16977"}],"wp:attachment":[{"href":"https:\/\/canaryvip.com\/de\/wp-json\/wp\/v2\/media?parent=11626"}],"wp:term":[{"taxonomy":"product_brand","embeddable":true,"href":"https:\/\/canaryvip.com\/de\/wp-json\/wp\/v2\/product_brand?post=11626"},{"taxonomy":"product_cat","embeddable":true,"href":"https:\/\/canaryvip.com\/de\/wp-json\/wp\/v2\/product_cat?post=11626"},{"taxonomy":"product_tag","embeddable":true,"href":"https:\/\/canaryvip.com\/de\/wp-json\/wp\/v2\/product_tag?post=11626"}],"curies":[{"name":"wp","href":"https:\/\/api.w.org\/{rel}","templated":true}]}}