{"id":11043,"date":"2024-04-11T00:15:30","date_gmt":"2024-04-10T23:15:30","guid":{"rendered":"https:\/\/canaryvip.com\/?post_type=product&#038;p=11043"},"modified":"2025-08-09T12:45:04","modified_gmt":"2025-08-09T11:45:04","slug":"jeep-teide-masca-guided-tour","status":"publish","type":"product","link":"https:\/\/canaryvip.com\/de\/shop\/jeep-teide-masca-guided-tour\/","title":{"rendered":"Teide &amp; Masca Jeep Safari Teneriffa"},"content":{"rendered":"<h2>\ud83c\udf1f Entdecken <strong>Teide und Masca mit unserem Jeep gef\u00fchrte Tour<\/strong> \ud83d\ude99<\/h2>\n<p>Begeben Sie sich mit CanaryVIP auf eine fesselnde Reise, bei der wir Sie auf eine exklusive Erkundung der sch\u00f6nsten Landschaften und malerischen D\u00f6rfer Teneriffas mit unserer Teide &amp; Masca Jeep Guided Tour mitnehmen. Perfekt f\u00fcr Familien, Einzelpersonen oder kleine Gruppen, garantiert dieses Abenteuer ein intimes und unvergessliches Erlebnis f\u00fcr bis zu 8 Personen pro Jeep.<\/p>\n<p>Tauchen Sie tiefer in das Herz Teneriffas ein und erleben Sie die atemberaubende Sch\u00f6nheit der Natur und das reiche kulturelle Erbe in unseren robusten, gel\u00e4ndeg\u00e4ngigen 4\u00d74-Jeeps, die von unseren erfahrenen und mehrsprachigen Fahrern gef\u00fchrt werden.<\/p>\n<h3><strong>Erweiterte Abenteuer-Highlights: Teide &amp; Masca<\/strong><\/h3>\n<ul>\n<li>\ud83c\udf0b <strong>Pico Viejo<\/strong>: Erleben Sie die atemberaubende Sch\u00f6nheit des Pico Viejo. Bekannt f\u00fcr seinen markanten, mehrfarbigen Krater mit einem Durchmesser von 800 Metern, ist dieser ikonische Vulkan eine Sehensw\u00fcrdigkeit, die unvergleichliche Ausblicke und eine lebendige Darstellung der Kunstfertigkeit der Natur bietet.<\/li>\n<li>\ud83c\udfdc\ufe0f <strong>Roques de Garc\u00eda<\/strong>: Bestaunen Sie die Roques de Garc\u00eda, hoch aufragende Felsformationen, die den Himmel \u00fcber dem Teide-Nationalpark zieren. Diese eigent\u00fcmlichen Strukturen, die aus verschiedenen Materialschichten bestehen, geh\u00f6ren zu den einzigartigen Attraktionen der Tour.<\/li>\n<li>\ud83c\udf04 <strong>Aripe und Chirche<\/strong>: Schlendern Sie durch die charmanten Stra\u00dfen von Aripe und Chirche, malerische D\u00f6rfer mit origineller Architektur aus dem 18. und 19. Jahrhundert. Erleben Sie das authentische Landleben Teneriffas, umgeben von Natur und Ruhe.<\/li>\n<li>\ud83c\udfde\ufe0f <strong>Teide-Nationalpark<\/strong>: Erkunden Sie den von der UNESCO zum Weltnaturerbe erkl\u00e4rten Teide-Nationalpark, ein Naturwunderland, das vom majest\u00e4tischen Berg Teide beherrscht wird. Seine vielf\u00e4ltigen Farben, die Tierwelt und die surrealen Landschaften machen den Park zum Mittelpunkt unseres Ausflugs.<\/li>\n<li>\ud83c\udf32 <strong>Vilaflor<\/strong>: Besuchen Sie Vilaflor, das inmitten von Pinienb\u00e4umen in der N\u00e4he des Vulkangipfels liegt. Entdecken Sie die Ruhe des Lebens in dieser H\u00f6he, genie\u00dfen Sie die saubere Luft und den atemberaubenden Blick auf den Nationalpark.<\/li>\n<li>\ud83c\udfde\ufe0f <strong>Masca<\/strong>: Lassen Sie sich von Masca verzaubern, einem der malerischsten D\u00f6rfer Teneriffas, das die kanarische Naturarchitektur verk\u00f6rpert. Auf unserer Tour k\u00f6nnen Sie diesen charmanten Ort aus erster Hand kennenlernen.<\/li>\n<\/ul>\n<h3><strong>Erweiterte Tour-Details:<\/strong><\/h3>\n<ul>\n<li>\ud83d\ude99 <strong>Fahrzeuge &amp; Transport:<\/strong> Mit unseren Jeeps mit Allradantrieb durchqueren Sie unwegsames Gel\u00e4nde und erleben ein komfortables und spannendes Abenteuer. Bei Touren, die eine \u00dcberfahrt zwischen den Inseln beinhalten, ist der F\u00e4hrtransfer inbegriffen und sorgt f\u00fcr ein nahtloses Erlebnis.<\/li>\n<li>\ud83d\udc65 <strong>Kleingruppen-Garantie:<\/strong> Genie\u00dfen Sie ein individuelleres Abenteuer in kleinen Gruppen mit maximal 8 Passagieren pro Jeep, einschlie\u00dflich des Fahrers, als Teil eines Konvois.<\/li>\n<li>\ud83d\udd12 <strong>Private Option verf\u00fcgbar:<\/strong> F\u00fcr ein exklusives Erlebnis entscheiden Sie sich f\u00fcr unsere VIP- oder Privatf\u00fchrung, bei der Sie Ihre Reisebegleiter selbst ausw\u00e4hlen k\u00f6nnen.<\/li>\n<li>\ud83d\udd01 <strong>Inklusive Transport:<\/strong> Wir bieten einen bequemen Abhol- und Bringservice von Ihrer Unterkunft oder einem nahegelegenen Ort, so dass Sie von Anfang bis Ende einen reibungslosen Ablauf haben.<\/li>\n<\/ul>\n<h3><strong>Umfassende Informationen zur Tour:<\/strong><\/h3>\n<ul>\n<li>\ud83d\udd58 <strong>Dauer und Zeiten:<\/strong> Die Tour dauert ca. 7 Stunden, von 09:00 Uhr morgens bis 16:00 Uhr nachmittags, und erm\u00f6glicht es Ihnen, die Sch\u00f6nheit Teneriffas in vollen Z\u00fcgen zu genie\u00dfen.<\/li>\n<li>\ud83d\uddd3\ufe0f <strong>Verf\u00fcgbare Tage:<\/strong> Sie k\u00f6nnen sich von Montag bis Samstag auf dieses Abenteuer einlassen und Ihren Zeitplan flexibel gestalten.<\/li>\n<li>\ud83c\udf0d <strong>Angebotene Sprachen:<\/strong> Unsere F\u00fchrungen werden in mehreren Sprachen durchgef\u00fchrt, darunter Spanisch, Englisch, Deutsch, Franz\u00f6sisch, Italienisch, Niederl\u00e4ndisch und Polnisch, und richten sich an ein internationales Publikum.<\/li>\n<\/ul>\n<h3><strong>Aktualisierte Buchungs- und Stornierungsbedingungen:<\/strong><\/h3>\n<ul>\n<li>\ud83d\udd04 <strong>Flexible Stornierungen:<\/strong> Wir wissen, dass sich Pl\u00e4ne \u00e4ndern k\u00f6nnen. Deshalb bieten wir Ihnen die M\u00f6glichkeit, Ihre Tour bis zu 24 Stunden im Voraus zu stornieren oder zu verschieben, damit Sie sich keine Sorgen machen m\u00fcssen.<\/li>\n<li>\u26c5 <strong>Wettergarantie:<\/strong> Sollten ung\u00fcnstige Wetterbedingungen eine Absage der Tour erforderlich machen, haben Sie die M\u00f6glichkeit, die Tour zu verschieben oder eine volle R\u00fcckerstattung zu erhalten, was eine sorgenfreie Buchung gew\u00e4hrleistet.<\/li>\n<li>\ud83d\udce9 <strong>Einfacher Kontakt:<\/strong> F\u00fcr Anfragen oder Anpassungen, einfach <a href=\"https:\/\/canaryvip.com\/de\/contact\/\">Erreichen Sie uns<\/a>und wir werden daf\u00fcr sorgen, dass Ihre Bed\u00fcrfnisse erf\u00fcllt werden.<\/li>\n<\/ul>\n<h4><strong>Reservieren Sie jetzt Ihr Jeep-Abenteuer auf Teneriffa!<\/strong><\/h4>\n<p>Lassen Sie sich diese einmalige Gelegenheit nicht entgehen, mit CanaryVIP die Sch\u00f6nheiten Teneriffas zu erkunden. Von der vulkanischen Majest\u00e4t der <a href=\"https:\/\/canaryvip.com\/de\/discover-the-teide-the-ultimate-guide-iconic-volcano\/\">Teide-Nationalpark<\/a> bis zum historischen Reiz von Masca und dar\u00fcber hinaus, begeben Sie sich auf eine Reise voller Sch\u00f6nheit, Abenteuer und Geschichten, die es zu entdecken gilt.<\/p>","protected":false},"excerpt":{"rendered":"<p><strong>\ud83d\udd0d H\u00f6hepunkte der Tour:<\/strong><br \/>\n\u2705 Sichere Bezahlung.<br \/>\n\ud83d\uddfb Besuchen Sie den Teide-Nationalpark.<br \/>\n\ud83d\udee4\ufe0f Besuchen Sie das Dorf Masca.<br \/>\n\u23f0 Dauer Etwa 7 Stunden.<br \/>\n\ud83d\udcc5 Montag bis Samstag.<br \/>\n\ud83d\ude8c Abholung und R\u00fcckgabe im Hotel.<br \/>\n\ud83d\udd04 24 Stunden kostenlose Stornierung.<br \/>\n\ud83e\udd11 Bester Preis garantiert.<br \/>\n\ud83c\udf81 Gruppenerm\u00e4\u00dfigungen verf\u00fcgbar.<br \/>\n\ud83c\udf0d Unterst\u00fctzung in mehreren Sprachen.<br \/>\n\ud83c\udf1f Jetzt buchen und sparen!<\/p>","protected":false},"featured_media":11145,"comment_status":"open","ping_status":"closed","template":"","meta":{"_acf_changed":false},"product_brand":[],"product_cat":[67],"product_tag":[],"class_list":{"0":"post-11043","1":"product","2":"type-product","3":"status-publish","4":"has-post-thumbnail","6":"product_cat-jeep-tours","7":"wcpa_has_options","9":"first","10":"instock","11":"virtual","12":"purchasable","13":"product-type-simple"},"acf":[],"wcpa_form_fields":{"wcpaData":{"product":{"product_price":66,"price_html":"From&nbsp;<span class=\"woocommerce-Price-amount amount\"><bdi>66,00&nbsp;<span class=\"woocommerce-Price-currencySymbol\">&euro;<\/span><\/bdi><\/span>","original_product_price":66,"price_including_tax":66,"price_excluding_tax":66,"product_id":{"parent":11043,"variation":false},"is_variable":false,"stock_status":"instock","stock_quantity":null,"parent_sku":"CV11043","product_attributes":[],"custom_fields":[],"is_taxable":false,"product_name":"Teide & Masca Jeep Safari Tenerife","hasImage":false},"fields":{"sec_2661916538e0c2":{"extra":{"key":"sec_2661916538e0c2","section_id":"sec_2661916538e0c2","name":"Tickets","status":1,"cl_rule":"show","enableCl":false,"relations":[{"operator":false,"rules":[{"operator":"AND","rules":{"cl_field":"radio-group_665df45fcbc30b","cl_relation":"is","cl_val":"Siam Park Regular Tickets"}}]}],"toggle":true,"title_tag":"h4","show_title":false,"showPrice":"default","form_id":11191,"form_rules":{"exclude_from_discount":true,"fee_label":"Fee","disp_hide_options_price":true,"disp_show_section_price":false,"disp_show_field_price":true,"layout_option":"standard","pric_use_as_fee":false,"process_fee_as":"woo_fee"},"layout_option":"standard"},"fields":[[{"active":true,"col":6,"relations":false,"cl_rule":"show","enableCl":false,"price":"","enablePrice":false,"className":"","label_position":"default","desc_position":"default","type":"select","required":true,"elementId":"select_9661916538e0e4","label":"\ud83c\udf0e Language","name":"select_9661916538e0e4","values":[{"label":"English","value":"English","selected":false,"tempId":"aco_1213","gt_translate_keys":["label"]},{"label":"Dutch","value":"Dutch","selected":false,"tempId":"aco_693","gt_translate_keys":["label"]},{"label":"German","value":"German","selected":false,"tempId":"aco_1567","gt_translate_keys":["label"]},{"label":"French","value":"French","selected":false,"tempId":"aco_1215","gt_translate_keys":["label"]},{"label":"Polish","value":"Polish","selected":false,"tempId":"aco_1212","gt_translate_keys":["label"]},{"label":"Italian","value":"Italian","selected":false,"tempId":"aco_611","gt_translate_keys":["label"]},{"label":"Spanish","value":"Spanish","selected":false,"tempId":"aco_1214","gt_translate_keys":["label"]}],"dropdown_type":"basic","error":false,"placeholder":"Select Language","gt_translate_keys":["label","placeholder"],"price_dependency":false,"cl_dependency":["date_8661916538e0f2","date_8661916538e0f2","date_8661916538e0f2","date_8661916538e0f2","date_6661916538e0fc","date_1661916538e106","date_8661916538e10f","radio-group_10661916538e130","radio-group-3329476112","radio-group_2661916538e13c","radio-group-3332331927","radio-group_6661916538e147"],"value":""}],[{"label":"\ud83d\udcc5 Date","active":true,"required":true,"elementId":"date_8661916538e0f2","picker_type":"custom","picker_mode":"single","placeholder":"","description":"","tooltip":"","name":"date_8661916538e0f2","label_position":"default","desc_position":"default","enablePrice":false,"className":"","enableCl":true,"relations":[{"operator":"and","rules":[{"operator":"or","rules":{"cl_field":"select_9661916538e0e4","cl_relation":"is","cl_val":"Dutch"}},{"operator":"or","rules":{"cl_field":"select_9661916538e0e4","cl_relation":"is","cl_val":"German"}},{"operator":"or","rules":{"cl_field":"select_9661916538e0e4","cl_relation":"is","cl_val":"French"}},{"operator":"AND","rules":{"cl_field":"select_9661916538e0e4","cl_relation":"is","cl_val":"English"}}]}],"date_pic_inline":true,"date_pic_inline_hide":true,"min_date":{"type":"days","val":"4"},"max_date":{"type":"days","val":"80"},"date_pic_conf":{"disabledWeeks":[0],"disabledDates":["2025-04-11"]},"price":"","cl_rule":"show","col":6,"type":"date","error":false,"enableDesign":false,"LabelColor":"","isWeightTemplate":false,"isTemplate":false,"min_quantity":"1","quantity_decimal":false,"quantity_step":"1","quantity_label":"Quantity","repeater_field_label":"{field_label}","repeater_bind":"","gt_translate_keys":["label","placeholder","description","tooltip","repeater_field_label","quantity_label"],"price_dependency":false,"cl_dependency":false,"value":""}],[{"label":"\ud83d\udcc5 Date","active":true,"required":true,"elementId":"date_6661916538e0fc","picker_type":"custom","picker_mode":"single","placeholder":"","description":"","tooltip":"","name":"date_6661916538e0fc","label_position":"default","desc_position":"default","enablePrice":false,"className":"","enableCl":true,"relations":[{"operator":"and","rules":[{"operator":false,"rules":{"cl_field":"select_9661916538e0e4","cl_relation":"is","cl_val":"Spanish"}}]}],"enableDesign":false,"LabelColor":"","date_pic_inline":true,"date_pic_inline_hide":true,"min_date":{"type":"days","val":"4"},"max_date":{"type":"days","val":"365"},"date_pic_conf":{"disabledWeeks":[0,1,3,5,6]},"price":"","cl_rule":"show","col":6,"type":"date","error":false,"isWeightTemplate":false,"isTemplate":false,"min_quantity":"1","quantity_decimal":false,"quantity_step":"1","quantity_label":"Quantity","repeater_field_label":"{field_label}","repeater_bind":"","gt_translate_keys":["label","placeholder","description","tooltip","repeater_field_label","quantity_label"],"price_dependency":false,"cl_dependency":false,"value":""}],[{"label":"\ud83d\udcc5 Date","active":true,"required":true,"elementId":"date_1661916538e106","picker_type":"custom","picker_mode":"single","placeholder":"","description":"","tooltip":"","name":"date_1661916538e106","label_position":"default","desc_position":"default","enablePrice":false,"className":"","enableCl":true,"relations":[{"operator":"and","rules":[{"operator":false,"rules":{"cl_field":"select_9661916538e0e4","cl_relation":"is","cl_val":"Polish"}}]}],"enableDesign":false,"LabelColor":"","date_pic_inline":true,"date_pic_inline_hide":true,"min_date":{"type":"days","val":"4"},"max_date":{"type":"days","val":"365"},"date_pic_conf":{"disabledWeeks":[0,1,3,4,5,6]},"price":"","cl_rule":"show","col":6,"type":"date","error":false,"isWeightTemplate":false,"isTemplate":false,"min_quantity":"1","quantity_decimal":false,"quantity_step":"1","quantity_label":"Quantity","repeater_field_label":"{field_label}","repeater_bind":"","gt_translate_keys":["label","placeholder","description","tooltip","repeater_field_label","quantity_label"],"price_dependency":false,"cl_dependency":false,"value":""}],[{"label":"\ud83d\udcc5 Date","active":true,"required":true,"elementId":"date_8661916538e10f","picker_type":"custom","picker_mode":"single","placeholder":"","description":"","tooltip":"","name":"date_8661916538e10f","label_position":"default","desc_position":"default","enablePrice":false,"className":"","enableCl":true,"relations":[{"operator":"and","rules":[{"operator":false,"rules":{"cl_field":"select_9661916538e0e4","cl_relation":"is","cl_val":"Italian"}}]}],"enableDesign":false,"LabelColor":"","date_pic_inline":true,"date_pic_inline_hide":true,"min_date":{"type":"days","val":"4"},"max_date":{"type":"days","val":"365"},"date_pic_conf":{"disabledWeeks":[0,1,2,5,4]},"price":"","cl_rule":"show","col":6,"type":"date","error":false,"isWeightTemplate":false,"isTemplate":false,"min_quantity":"1","quantity_decimal":false,"quantity_step":"1","quantity_label":"Quantity","repeater_field_label":"{field_label}","repeater_bind":"","gt_translate_keys":["label","placeholder","description","tooltip","repeater_field_label","quantity_label"],"price_dependency":false,"cl_dependency":false,"value":""}],[{"elementId":"separator_7661916538e11a","separatorType":"blank","className":"","height":"10","enableCl":false,"relations":false,"cl_rule":"show","col":6,"type":"separator","gt_translate_keys":[],"price_dependency":false,"cl_dependency":false,"value":""}],[{"active":true,"col":6,"relations":[{"operator":false,"rules":[{"operator":"AND","rules":{"cl_field":"select_9661916538e0e4","cl_relation":"is_not","cl_val":"Polish"}}]}],"cl_rule":"show","enableCl":true,"price":"66","enablePrice":true,"className":"","label_position":"default","desc_position":"default","type":"radio-group","required":false,"elementId":"radio-group_10661916538e130","label":"","name":"radio-group_10661916538e130","values":[{"label":"\ud83d\udc64 Adult (66\u20ac)","value":"Adult","selected":true,"tempId":"aco_32","tooltip":"+12 Years","description":"","gt_translate_keys":["label","tooltip","description"]}],"layOut":"","error":false,"checkUi":"button","priceOptions":"fixed_for_all","pricingType":"fixed","enable_quantity":true,"quantity_label":"","min_quantity":"0","options_tooltip":true,"options_description":true,"gt_translate_keys":["label","quantity_label"],"price_dependency":false,"cl_dependency":false,"value":""}],[{"label":"","active":true,"required":false,"elementId":"radio-group-3329476112","name":"radio-group-3329476112","label_position":"default","desc_position":"default","enablePrice":true,"className":"","enableCl":true,"relations":[{"operator":false,"rules":[{"operator":"AND","rules":{"cl_field":"select_9661916538e0e4","cl_relation":"is","cl_val":"Polish"}}]}],"enable_quantity":true,"quantity_label":"","min_quantity":"0","checkUi":"button","layOut":"","options_tooltip":true,"options_description":true,"values":[{"label":"\ud83d\udc64 Adult (70\u20ac)","value":"Adult","selected":true,"tempId":"aco_32","tooltip":"+12 Years","description":"","gt_translate_keys":["label","tooltip","description"]}],"priceOptions":"fixed_for_all","pricingType":"fixed","price":"70","cl_rule":"show","col":6,"type":"radio-group","error":false,"gt_translate_keys":["label","quantity_label"],"price_dependency":false,"cl_dependency":false,"value":""}],[{"label":"","active":true,"required":false,"elementId":"radio-group_2661916538e13c","name":"radio-group_2661916538e13c","label_position":"default","desc_position":"default","enablePrice":true,"className":"","enableCl":true,"relations":[{"operator":false,"rules":[{"operator":"AND","rules":{"cl_field":"select_9661916538e0e4","cl_relation":"is_not","cl_val":"Polish"}}]}],"enable_quantity":true,"quantity_label":"","min_quantity":"0","checkUi":"button","layOut":"","values":[{"label":"\ud83d\udc66 Child (52\u20ac)","value":"Child","selected":true,"tempId":"aco_32","tooltip":"3-11 Years","description":"","gt_translate_keys":["label","tooltip","description"]}],"priceOptions":"fixed_for_all","pricingType":"fixed","price":"52","cl_rule":"show","col":6,"type":"radio-group","error":false,"options_tooltip":true,"options_description":true,"gt_translate_keys":["label","quantity_label"],"price_dependency":false,"cl_dependency":false,"value":""}],[{"label":"","active":true,"required":false,"elementId":"radio-group-3332331927","name":"radio-group-3332331927","label_position":"default","desc_position":"default","enablePrice":true,"className":"","enableCl":true,"relations":[{"operator":false,"rules":[{"operator":"AND","rules":{"cl_field":"select_9661916538e0e4","cl_relation":"is","cl_val":"Polish"}}]}],"enable_quantity":true,"quantity_label":"","min_quantity":"0","checkUi":"button","layOut":"","options_tooltip":true,"options_description":true,"values":[{"label":"\ud83d\udc66 Child (55\u20ac)","value":"Child","selected":true,"tempId":"aco_32","tooltip":"3-11 Years","description":"","gt_translate_keys":["label","tooltip","description"]}],"priceOptions":"fixed_for_all","pricingType":"fixed","price":"55","cl_rule":"show","col":6,"type":"radio-group","error":false,"gt_translate_keys":["label","quantity_label"],"price_dependency":false,"cl_dependency":false,"value":""}],[{"label":"","active":true,"required":false,"elementId":"radio-group_6661916538e147","name":"radio-group_6661916538e147","label_position":"default","desc_position":"default","enablePrice":true,"className":"","enableCl":true,"relations":[{"operator":false,"rules":[{"operator":"AND","rules":{"cl_field":"select_9661916538e0e4","cl_relation":"is_not_empty","cl_val":""}}]}],"enable_quantity":true,"quantity_label":"","min_quantity":"0","checkUi":"button","layOut":"","options_tooltip":true,"options_description":true,"values":[{"label":"\ud83d\udc76 Toddler (Free)","value":"Toddler","selected":true,"tempId":"aco_32","tooltip":"0-2 Years","description":"","gt_translate_keys":["label","tooltip","description"]}],"priceOptions":"fixed_for_all","pricingType":"fixed","price":"0","cl_rule":"show","col":6,"type":"radio-group","error":false,"gt_translate_keys":["label","quantity_label"],"price_dependency":false,"cl_dependency":false,"value":""}],[{"active":true,"col":6,"relations":false,"cl_rule":"show","enableCl":false,"price":"","enablePrice":false,"className":"","label_position":"default","desc_position":"default","type":"separator","required":false,"elementId":"separator_6661916538e151","label":"Separator Field","height":"7","separatorType":"blank","error":false,"gt_translate_keys":["label"],"price_dependency":false,"cl_dependency":false,"value":""}],[{"active":true,"col":6,"relations":false,"cl_rule":"show","enableCl":false,"price":"","enablePrice":false,"className":"","label_position":"default","desc_position":"default","type":"text","subtype":"text","required":false,"elementId":"text_4661916538e15b","label":"\ud83d\ude8c Pickup Location","name":"text_4661916538e15b","value":"","description":"Free pick-up service in Tenerife South. Simply provide your address or hotel name.","error":false,"gt_translate_keys":["label","description","value"],"price_dependency":false,"cl_dependency":false}]]}},"config":{"price_override":"always","enable_recaptcha":false,"bind_quantity":false,"quantity_bind_formula":false,"disp_summ_show_option_price":true,"disp_summ_show_product_price":false,"disp_summ_show_total_price":true,"disp_summ_show_fee":true,"disp_summ_show_discount":true,"summary_title":"","options_total_label":"Options Price","total_label":"Total Amount","options_product_label":"Product Price","fee_label":"Fee","discount_label":"Discount","has_price":true,"has_quantity_formula":false},"mc_unit":1,"tax_rate":1,"tax_rate_real":1,"discount":{"percentage":0,"fixed":0},"design":{"conf":{"LabelPosition":"above","DescPosition":"above","UploadField":"custom_1","QuantityFieldStyle":"custom_1"},"css":{"LeftLabelWidth":"120px"}},"formulas":[],"lookuptables":[],"clones":false,"cartKey":false}},"_links":{"self":[{"href":"https:\/\/canaryvip.com\/de\/wp-json\/wp\/v2\/product\/11043","targetHints":{"allow":["GET"]}}],"collection":[{"href":"https:\/\/canaryvip.com\/de\/wp-json\/wp\/v2\/product"}],"about":[{"href":"https:\/\/canaryvip.com\/de\/wp-json\/wp\/v2\/types\/product"}],"replies":[{"embeddable":true,"href":"https:\/\/canaryvip.com\/de\/wp-json\/wp\/v2\/comments?post=11043"}],"wp:featuredmedia":[{"embeddable":true,"href":"https:\/\/canaryvip.com\/de\/wp-json\/wp\/v2\/media\/11145"}],"wp:attachment":[{"href":"https:\/\/canaryvip.com\/de\/wp-json\/wp\/v2\/media?parent=11043"}],"wp:term":[{"taxonomy":"product_brand","embeddable":true,"href":"https:\/\/canaryvip.com\/de\/wp-json\/wp\/v2\/product_brand?post=11043"},{"taxonomy":"product_cat","embeddable":true,"href":"https:\/\/canaryvip.com\/de\/wp-json\/wp\/v2\/product_cat?post=11043"},{"taxonomy":"product_tag","embeddable":true,"href":"https:\/\/canaryvip.com\/de\/wp-json\/wp\/v2\/product_tag?post=11043"}],"curies":[{"name":"wp","href":"https:\/\/api.w.org\/{rel}","templated":true}]}}