{"id":10522,"date":"2024-03-23T17:19:31","date_gmt":"2024-03-23T17:19:31","guid":{"rendered":"https:\/\/canaryvip.com\/?post_type=product&#038;p=10522"},"modified":"2026-01-01T21:05:33","modified_gmt":"2026-01-01T21:05:33","slug":"submarine-tenerife","status":"publish","type":"product","link":"https:\/\/canaryvip.com\/de\/shop\/submarine-tenerife\/","title":{"rendered":"U-Boot-Safari Teneriffa"},"content":{"rendered":"<h2>\ud83c\udf0a Tauchen Sie tief mit Submarine Safari Teneriffa<\/h2>\n<p>Erleben Sie das ultimative Abenteuer mit unserem <strong>U-Boot-Safari Teneriffa,<\/strong>\u00a0wo aufregende Entdeckungen auf lehrreiche Erkundungen unter den Wellen treffen. Diese einzigartige Reise l\u00e4dt Sie dazu ein, die verborgenen Wunder des Ozeans zu entdecken und ist ein Muss f\u00fcr jeden Entdecker. Auch wenn die Sichtungen von Meereslebewesen variieren, ist die Essenz dieser Reise ein zwingender Grund, sich auf die Reise zu begeben. <strong>U-Boot Teneriffa<\/strong> Abenteuer.<\/p>\n<h4><strong>Erkunden Sie Teneriffa mit dem Gelben U-Boot, dem Wahrzeichen der Insel<\/strong><\/h4>\n<p>Unser ikonisches gelbes U-Boot, ein technisches Wunderwerk, taucht zwischen 30 und 60 Metern in die Tiefen des Ozeans ab. Erleben Sie die faszinierende Sch\u00f6nheit der Unterwasserwelt und erfahren Sie von unserer erfahrenen Crew an Bord mehr \u00fcber die Funktionsweise des U-Boots. <strong>U-Boot-Safari Teneriffa.<\/strong><\/p>\n<h4><strong>Submarine Teneriffa, eine spektakul\u00e4re Unterwassertour<\/strong><\/h4>\n<p>Unser U-Boot ist f\u00fcr die ultimative Unterwassererkundung konzipiert und bietet intime Einblicke in die Meereswelt. W\u00e4hrend Begegnungen mit Walen und Delfinen in den Sommermonaten seltener sind <strong>U-Boot-Safari Teneriffa,<\/strong>\u00a0ermutigen wir unsere G\u00e4ste zur Erkundung unserer <a href=\"https:\/\/canaryvip.com\/de\/tenerife\/boat-excursions\/?swcfpc=1\">Bootstouren zur Wal- und Delfinbeobachtung auf Teneriffa<\/a> um die Chance zu haben, diese gro\u00dfartigen Kreaturen aus einer einzigartigen Perspektive zu erleben.<\/p>\n<h2>\ud83d\udea4 Bereiten Sie sich auf Ihr U-Boot-Safari-Abenteuer auf Teneriffa vor<\/h2>\n<p>Beginnen Sie Ihr Abenteuer mit einer umfassenden Sicherheitseinweisung, bevor Sie an Bord gehen. Wenn Sie sich in Ihrem Sitz, der mit einem Sichtfenster ausgestattet ist, niederlassen, k\u00f6nnen Sie sich von den atemberaubenden Szenen w\u00e4hrend der Fahrt verzaubern lassen. <strong>U-Boot-Safari Teneriffa.<\/strong><\/p>\n<h4><strong>Entdecken Sie die marine Biodiversit\u00e4t der Kanarischen Inseln<\/strong><\/h4>\n<p>In den Gew\u00e4ssern rund um die Kanarischen Inseln wimmelt es nur so von Leben. Sie bieten eine atemberaubende Schau von einheimischen Fischen, Stachelrochen und, wenn das Gl\u00fcck es zul\u00e4sst, Delfinen oder Walen, die Ihre <strong>U-Boot Teneriffa<\/strong> Erfahrung.<\/p>\n<h4><strong>Ein verbessertes Unterwasser-Sicht-Erlebnis<\/strong><\/h4>\n<p>Unser U-Boot ist mit pers\u00f6nlichen TV-Bildschirmen an jeder Aussichtsplattform ausgestattet, die alternative Perspektiven und wertvolle Informationen \u00fcber die Fahrt des U-Boots, einschlie\u00dflich Tiefe und Temperatur, bieten und so Ihre Reise bereichern. <strong>U-Boot-Safari Teneriffa<\/strong> Abenteuer.<\/p>\n<h2>\u2728 Wichtige Informationen f\u00fcr Ihre Unterwassersafari auf Teneriffa<\/h2>\n<p>Unser un\u00fcbertroffenes gelbes U-Boot garantiert eine bequeme und sichere Erkundung f\u00fcr alle, was es zur ersten Wahl f\u00fcr eine <strong>U-Boot Teneriffa<\/strong> Abenteuer.<\/p>\n<h4><strong>U-Boot-Safari Teneriffa, was Sie wissen m\u00fcssen<\/strong><\/h4>\n<p>Bei einer ungef\u00e4hren Dauer von einer Stunde stehen Ihre Sicherheit und Ihr Komfort im Vordergrund. F\u00fcr Gruppenbuchungen gibt es spezielle Rabatte, was diese Aktivit\u00e4t zu einer perfekten Gruppenaktivit\u00e4t macht.<\/p>\n<h4><strong>Was Sie sehen werden<\/strong><\/h4>\n<p>Bereiten Sie sich auf Begegnungen mit den verschiedensten Meeresbewohnern vor. Unser U-Boot ist mit speziellen Funktionen ausgestattet, die Ihr Seherlebnis verbessern und daf\u00fcr sorgen, dass jeder Moment an Bord unvergesslich ist.<\/p>\n<h4><strong>Bevor Sie an Bord gehen<\/strong><\/h4>\n<p>Haben Sie Ihre <strong>CanaryVIP<\/strong> Halten Sie Ihr Ticket bereit und denken Sie an eventuelle Vorkehrungen gegen Reisekrankheit. Dieses familienfreundliche Abenteuer ist f\u00fcr Teilnehmer ab 2 Jahren geeignet, wobei Kinder unter 16 Jahren von einem Erwachsenen begleitet werden m\u00fcssen.<\/p>\n<h3>\ud83d\ude99 Kostenlose Abholung, Treffen und Informationen zur Politik<\/h3>\n<p>Ihr <strong>U-Boot Teneriffa<\/strong> Das Abenteuer beginnt bei <a href=\"https:\/\/maps.app.goo.gl\/NhudtS2DwkDHnEAP8\" target=\"_blank\" rel=\"noopener\">Yachthafen Puerto Amarilla<\/a> in San Miguel de Abona. Bitte stellen Sie sicher, dass Sie mindestens 15 Minuten vor Abfahrt mit Ihrem Ticket eintreffen, um einen reibungslosen Start zu gew\u00e4hrleisten.<\/p>\n<h4><strong>Kostenlose und kostenpflichtige Abholservices<\/strong><\/h4>\n<p>F\u00fcr Ihre Bequemlichkeit bieten wir einen kostenlosen Abholservice von Orten im S\u00fcden Teneriffas an, damit Sie uns einfach und bequem erreichen k\u00f6nnen. F\u00fcr unsere G\u00e4ste, die im Norden Teneriffas wohnen, bieten wir au\u00dferdem einen kostenpflichtigen Abholservice an, der es ihnen erm\u00f6glicht, unser einzigartiges Erlebnis von \u00fcberall auf der Insel aus zu genie\u00dfen.<\/p>\n<h4><strong>Nahtlose Stornierung f\u00fcr Ihre Bequemlichkeit<\/strong><\/h4>\n<p>Wir bieten Ihnen die Flexibilit\u00e4t, Ihre Tour bis zu 24 Stunden vorher zu stornieren oder zu verschieben, ohne dass Ihnen zus\u00e4tzliche Kosten entstehen. Versp\u00e4tete Stornierungen oder Nichterscheinen sind geb\u00fchrenpflichtig, da wir uns der Fairness gegen\u00fcber allen unseren G\u00e4sten verpflichtet f\u00fchlen.<\/p>\n<p>Nehmen Sie an CanaryVIP teil und erleben Sie eine unvergleichliche <strong>U-Boot-Safari Teneriffa,<\/strong>\u00a0wo wir Sicherheit, Vergn\u00fcgen und Respekt f\u00fcr die Meeresumwelt zu einer au\u00dfergew\u00f6hnlichen Erkundung der Tiefen des Ozeans verbinden. Sind Sie bereit f\u00fcr das Abenteuer? Tauchen Sie mit uns ein und entdecken Sie die Geheimnisse der Unterwasserwelt!<\/p>","protected":false},"excerpt":{"rendered":"<p><strong>\ud83d\udd0d U-Boot Teneriffa:<\/strong><br \/>\n\u2705 Sichere Bezahlung.<br \/>\n\ud83d\udc1f Entdecken Sie das Leben im Meer.<br \/>\n\ud83d\ude80 1h Fahrten.<br \/>\n<span>\ud83d\udd59 Mehrere Zeitrahmen.<\/span><br \/>\n\ud83d\udcc5 Jeden Tag au\u00dfer Samstag.<br \/>\n\ud83e\udd11 Bester Preis garantiert.<br \/>\n\ud83d\udc6a Rabatte Aktiviert.<br \/>\n\ud83d\udd01 Bis zu 24h Stornierung.<br \/>\n\ud83c\udf0d Mehrsprachige Besatzung.<br \/>\n\ud83c\udf1f Jetzt buchen und sparen!<br \/>\n\ud83d\udccd Abreise von <a href=\"https:\/\/maps.app.goo.gl\/aeD9xSzsoLo9TsdF8\" target=\"_blank\" rel=\"noopener\">Amarilla Golf<\/a>.<\/p>","protected":false},"featured_media":10706,"comment_status":"open","ping_status":"closed","template":"","meta":{"_acf_changed":false},"product_brand":[],"product_cat":[46],"product_tag":[],"class_list":{"0":"post-10522","1":"product","2":"type-product","3":"status-publish","4":"has-post-thumbnail","6":"product_cat-boat-excursions","7":"wcpa_has_options","9":"first","10":"instock","11":"virtual","12":"purchasable","13":"product-type-simple"},"acf":[],"wcpa_form_fields":{"wcpaData":{"product":{"product_price":61,"price_html":"From&nbsp;<span class=\"woocommerce-Price-amount amount\"><bdi>61,00&nbsp;<span class=\"woocommerce-Price-currencySymbol\">&euro;<\/span><\/bdi><\/span>","original_product_price":61,"price_including_tax":61,"price_excluding_tax":61,"product_id":{"parent":10522,"variation":false},"is_variable":false,"stock_status":"instock","stock_quantity":null,"parent_sku":"CV10522","product_attributes":[],"custom_fields":[],"is_taxable":false,"product_name":"Submarine Safari Tenerife","hasImage":false},"fields":{"sec_7661bc90f5e8c6":{"extra":{"key":"sec_7661bc90f5e8c6","section_id":"sec_7661bc90f5e8c6","name":"Default","status":1,"cl_rule":"show","enableCl":false,"relations":[],"toggle":true,"title_tag":"h3","show_title":false,"showPrice":"default","form_id":11259,"form_rules":{"exclude_from_discount":true,"fee_label":"Fee","disp_hide_options_price":true,"disp_show_section_price":false,"disp_show_field_price":true,"layout_option":"standard","pric_use_as_fee":false,"process_fee_as":"woo_fee"},"layout_option":"standard"},"fields":[[{"label":"\ud83d\udcc5 Date","active":true,"required":true,"elementId":"date_9661bc90f5e8e5","picker_type":"custom","picker_mode":"single","placeholder":"","description":"","tooltip":"","name":"date_9661bc90f5e8e5","label_position":"default","desc_position":"default","enablePrice":false,"className":"","enableCl":false,"relations":[{"operator":"and","rules":[{"operator":"AND","rules":{"cl_field":"radio-group_5661bc90f5e8f5","cl_relation":"is_not_empty","cl_val":"3 Hour Trip"}}]}],"date_pic_inline":true,"date_pic_inline_hide":true,"min_date":{"type":"days","val":"2"},"max_date":{"type":"days","val":"365"},"date_pic_conf":{"disabledWeeks":[6],"disabledDates":["2024-05-19 to 2024-05-25"]},"price":"","cl_rule":"show","col":6,"type":"date","error":false,"enableDesign":false,"LabelColor":"","gt_translate_keys":["label","placeholder","description","tooltip"],"price_dependency":false,"cl_dependency":false,"value":""}],[{"active":true,"col":6,"relations":false,"cl_rule":"show","enableCl":false,"price":"","enablePrice":false,"className":"","label_position":"default","desc_position":"default","type":"content","required":false,"elementId":"content_10661bc90f5e917","label":"People","name":"content_10661bc90f5e917","contentType":"plain","value":"","error":false,"show_in_checkout":true,"inline":false,"gt_translate_keys":["label","value"],"price_dependency":false,"cl_dependency":false}],[{"active":true,"col":6,"relations":[{"operator":false,"rules":[{"operator":"AND","rules":{"cl_field":"","cl_relation":"","cl_val":""}}]}],"cl_rule":"show","enableCl":true,"price":"61","enablePrice":true,"className":"","label_position":"default","desc_position":"default","type":"radio-group","required":false,"elementId":"radio-group_5661bc90f5e923","label":"","name":"radio-group_5661bc90f5e923","values":[{"label":"\ud83d\udc64 Adult (61\u20ac)","value":"Adult","selected":true,"tempId":"aco_32","tooltip":"+15 Years","description":"","gt_translate_keys":["label","tooltip","description"]}],"layOut":"","error":false,"checkUi":"button","priceOptions":"fixed_for_all","pricingType":"fixed","enable_quantity":true,"quantity_label":"","min_quantity":"0","options_tooltip":true,"options_description":true,"gt_translate_keys":["label","quantity_label"],"price_dependency":false,"cl_dependency":false,"value":""}],[{"label":"","active":true,"required":false,"elementId":"radio-group_6661bc90f5e92d","name":"radio-group_6661bc90f5e92d","label_position":"default","desc_position":"default","enablePrice":true,"className":"","enableCl":true,"relations":[{"operator":false,"rules":[{"operator":"AND","rules":{"cl_field":"","cl_relation":"","cl_val":""}}]}],"enable_quantity":true,"quantity_label":"","min_quantity":"0","checkUi":"button","layOut":"","options_tooltip":true,"options_description":true,"values":[{"label":"\ud83d\udc66 Child (37\u20ac)","value":"Child","selected":true,"tempId":"aco_32","tooltip":"2-14 Years","description":"","gt_translate_keys":["label","tooltip","description"]}],"priceOptions":"fixed_for_all","pricingType":"fixed","price":"37","cl_rule":"show","col":6,"type":"radio-group","error":false,"gt_translate_keys":["label","quantity_label"],"price_dependency":false,"cl_dependency":false,"value":""}],[{"active":true,"col":6,"relations":false,"cl_rule":"show","enableCl":false,"price":"","enablePrice":false,"className":"","label_position":"default","desc_position":"default","type":"select","required":false,"elementId":"select_2793421639","label":"\ud83c\udf0e Tour Language","name":"select_2793421639","values":[{"label":"\ud83c\uddec\ud83c\udde7 English","value":"English","selected":false,"tempId":"aco_744","gt_translate_keys":["label"]},{"label":"\ud83c\uddea\ud83c\uddf8 Spanish","value":"Spanish","selected":false,"tempId":"aco_754","gt_translate_keys":["label"]},{"label":"\ud83c\udde9\ud83c\uddf0 Danish","value":"Danish","selected":false,"tempId":"aco_354","gt_translate_keys":["label"]},{"label":"\ud83c\udde9\ud83c\uddea Deutsch","value":"Deutsch","selected":false,"tempId":"aco_355","gt_translate_keys":["label"]},{"label":"\ud83c\uddf3\ud83c\uddf1 Dutch","value":"Dutch","selected":false,"tempId":"aco_356","gt_translate_keys":["label"]},{"label":"\ud83c\uddeb\ud83c\uddee Finnish","value":"Finnish","selected":false,"tempId":"aco_1070","gt_translate_keys":["label"]},{"label":"\ud83c\uddeb\ud83c\uddf7 French","value":"French","selected":false,"tempId":"aco_1278","gt_translate_keys":["label"]},{"label":"\ud83c\udded\ud83c\uddfa Hungarian","value":"Hungarian","selected":false,"tempId":"aco_1396","gt_translate_keys":["label"]},{"label":"\ud83c\uddee\ud83c\uddf9 Italian","value":"Italian","selected":false,"tempId":"aco_1568","gt_translate_keys":["label"]},{"label":"\ud83c\uddf5\ud83c\uddf1 Polish","value":"Polish","selected":false,"tempId":"aco_1650","gt_translate_keys":["label"]},{"label":"\ud83c\uddf7\ud83c\uddf4 Romanian","value":"Romanian","selected":false,"tempId":"aco_1660","gt_translate_keys":["label"]},{"label":"\ud83c\uddf8\ud83c\uddea Swedish","value":"Swedish","selected":false,"tempId":"aco_1922","gt_translate_keys":["label"]}],"dropdown_type":"basic","error":false,"placeholder":"Select Preferred Language","gt_translate_keys":["label","placeholder"],"price_dependency":false,"cl_dependency":false,"value":""}]]},"sec_10661bc90f5e958":{"extra":{"key":"sec_10661bc90f5e958","section_id":"sec_10661bc90f5e958","name":"Shuttle Service?","status":1,"cl_rule":"show","enableCl":false,"relations":[{"operator":false,"rules":[{"operator":"AND","rules":{"cl_field":"radio-group_5661bc90f5e8f5","cl_relation":"is_not_empty","cl_val":""}}]}],"toggle":true,"title_tag":"h4","show_title":false,"showPrice":"default","form_id":11259,"form_rules":{"exclude_from_discount":true,"fee_label":"Fee","disp_hide_options_price":true,"disp_show_section_price":false,"disp_show_field_price":true,"layout_option":"standard","pric_use_as_fee":false,"process_fee_as":"woo_fee"},"layout_option":"standard"},"fields":[[{"active":true,"col":6,"relations":false,"cl_rule":"show","enableCl":false,"price":"","enablePrice":false,"className":"","label_position":"default","desc_position":"default","type":"separator","required":false,"elementId":"separator_2797064121","label":"Separator Field","height":"4","separatorType":"blank","error":false,"gt_translate_keys":["label"],"price_dependency":false,"cl_dependency":false,"value":""}],[{"active":true,"col":6,"relations":[{"operator":false,"rules":[{"operator":"or","rules":{"cl_field":"checkbox_9661bc90f5e962","cl_relation":"is_empty","cl_val":"Adult (57\u20ac)"}},{"operator":"AND","rules":{"cl_field":"checkbox_9661bc90f5e962","cl_relation":"is","cl_val":false}}]}],"cl_rule":"show","enableCl":true,"price":"","enablePrice":false,"className":"","label_position":"default","desc_position":"default","type":"text","subtype":"text","required":false,"elementId":"text_4981331526","label":"\ud83d\ude8c South Tenerife Free Pickup","name":"text_4981331526","value":"","description":"Free pick-up service in Tenerife South. Simply provide your address or hotel name.","error":false,"gt_translate_keys":["label","description","value"],"price_dependency":false,"cl_dependency":false}],[{"active":true,"col":6,"relations":false,"cl_rule":"show","enableCl":false,"price":"","enablePrice":false,"className":"","label_position":"default","desc_position":"default","type":"separator","required":false,"elementId":"separator_8316621916","label":"Separator Field","height":"10","separatorType":"blank","gt_translate_keys":["label"],"price_dependency":false,"cl_dependency":false,"value":""}],[{"active":true,"col":6,"relations":false,"cl_rule":"show","enableCl":false,"price":"({field.radio-group_5661bc90f5e923.quantity}*13)+({field.radio-group_6661bc90f5e92d.quantity}*8)","enablePrice":true,"className":"","label_position":"default","desc_position":"below","type":"checkbox","required":false,"elementId":"checkbox_9661bc90f5e962","label":"Pickup from North Tenerife? (13\u20ac)","name":"checkbox_9661bc90f5e962","value":"","check_value":"Yes","checkUi":"toggle","error":false,"description":"Pick-up from your hotel in North Tenerife available for an extra \u20ac13\/adult and \u20ac8\/child.","pricingType":"custom","isTemplate":false,"gt_translate_keys":["label","description","value","check_value"],"price_dependency":false,"cl_dependency":["text_4981331526","text_4981331526","text-6367321769"]}],[{"label":"\ud83d\ude8c North Tenerife Pickup Location","active":true,"required":false,"elementId":"text-6367321769","value":"","description":"Pick-up service in Tenerife North. Simply provide your address or hotel name.","name":"text-6367321769","label_position":"default","desc_position":"default","enablePrice":false,"className":"","enableCl":true,"relations":[{"operator":false,"rules":[{"operator":"AND","rules":{"cl_field":"checkbox_9661bc90f5e962","cl_relation":"is","cl_val":true}}]}],"subtype":"text","price":"","cl_rule":"show","col":6,"type":"text","error":false,"gt_translate_keys":["label","description","value"],"price_dependency":false,"cl_dependency":false}]]}},"config":{"price_override":"always","enable_recaptcha":false,"bind_quantity":false,"quantity_bind_formula":false,"disp_summ_show_option_price":true,"disp_summ_show_product_price":false,"disp_summ_show_total_price":true,"disp_summ_show_fee":true,"disp_summ_show_discount":true,"summary_title":"","options_total_label":"Options Price","total_label":"Total Amount","options_product_label":"Product Price","fee_label":"Fee","discount_label":"Discount","has_price":true,"has_quantity_formula":false},"mc_unit":1,"tax_rate":1,"tax_rate_real":1,"discount":{"percentage":0,"fixed":0},"design":{"conf":{"LabelPosition":"above","DescPosition":"above","UploadField":"custom_1","QuantityFieldStyle":"custom_1"},"css":{"LeftLabelWidth":"120px"}},"formulas":[],"lookuptables":[],"clones":false,"cartKey":false}},"_links":{"self":[{"href":"https:\/\/canaryvip.com\/de\/wp-json\/wp\/v2\/product\/10522","targetHints":{"allow":["GET"]}}],"collection":[{"href":"https:\/\/canaryvip.com\/de\/wp-json\/wp\/v2\/product"}],"about":[{"href":"https:\/\/canaryvip.com\/de\/wp-json\/wp\/v2\/types\/product"}],"replies":[{"embeddable":true,"href":"https:\/\/canaryvip.com\/de\/wp-json\/wp\/v2\/comments?post=10522"}],"wp:featuredmedia":[{"embeddable":true,"href":"https:\/\/canaryvip.com\/de\/wp-json\/wp\/v2\/media\/10706"}],"wp:attachment":[{"href":"https:\/\/canaryvip.com\/de\/wp-json\/wp\/v2\/media?parent=10522"}],"wp:term":[{"taxonomy":"product_brand","embeddable":true,"href":"https:\/\/canaryvip.com\/de\/wp-json\/wp\/v2\/product_brand?post=10522"},{"taxonomy":"product_cat","embeddable":true,"href":"https:\/\/canaryvip.com\/de\/wp-json\/wp\/v2\/product_cat?post=10522"},{"taxonomy":"product_tag","embeddable":true,"href":"https:\/\/canaryvip.com\/de\/wp-json\/wp\/v2\/product_tag?post=10522"}],"curies":[{"name":"wp","href":"https:\/\/api.w.org\/{rel}","templated":true}]}}