{"id":10465,"date":"2024-03-22T00:31:19","date_gmt":"2024-03-22T00:31:19","guid":{"rendered":"https:\/\/canaryvip.com\/?post_type=product&#038;p=10465"},"modified":"2025-08-09T12:48:53","modified_gmt":"2025-08-09T11:48:53","slug":"kayaking-tenerife","status":"publish","type":"product","link":"https:\/\/canaryvip.com\/de\/shop\/kayaking-tenerife\/","title":{"rendered":"Kajakfahren mit Schildkr\u00f6ten Teneriffa"},"content":{"rendered":"<h2><strong>\ud83d\udea3 Kajakfahren auf Teneriffa - Paddeln durch das Paradies<\/strong><\/h2>\n<p>Entdecken Sie die Sch\u00f6nheit der ruhigen Gew\u00e4sser Teneriffas mit unserem unvergleichlichen <strong>Kajak-Abenteuer.<\/strong>\u00a0Sp\u00fcren Sie die Freude, durch das Meer zu gleiten, wo sich die Aufregung des aktiven Sports mit der beruhigenden Umarmung der Natur verbindet. Mit unserem <strong>Kajakfahren Teneriffa<\/strong> Touren, Zeugen <a href=\"https:\/\/canaryvip.com\/de\/tenerife\/boat-excursions\/\"><strong>Delfinsichtungen<\/strong><\/a> und <strong>Schnorcheln mit Schildkr\u00f6ten<\/strong> auf respektvolle, nicht aufdringliche Weise und bietet einen idealen R\u00fcckzugsort f\u00fcr Naturliebhaber.<\/p>\n<h3><strong>\u23f1\ufe0f Erkundung des Ozeans mit Kajakfahren auf Teneriffa<\/strong><\/h3>\n<ul>\n<li><strong>Abenteuer:<\/strong> Starten Sie Ihr <strong>Kajakfahren Teneriffa<\/strong> Die Reise beginnt an der K\u00fcste von Los Cristianos und ist eine Mischung aus Wassersport und dem Reiz des offenen Meeres. Unsere Touren versprechen kr\u00e4ftiges Paddeln und pers\u00f6nliche Begegnungen mit dem pulsierenden Meeresleben Teneriffas.<\/li>\n<li><strong>Merkmale:<\/strong> Obwohl die Sichtungen von Wildtieren variieren k\u00f6nnen, ist es unser Bestreben, ein au\u00dfergew\u00f6hnliches Erlebnis zu bieten. <strong>Kajakfahren Teneriffa<\/strong> Erfahrung bleibt konstant.<\/li>\n<li><strong>Zus\u00e4tzliche Perks:<\/strong> Neben dem Nervenkitzel beim Kajakfahren k\u00f6nnen Sie auch die Gelegenheit nutzen, in den kristallklaren Gew\u00e4ssern von Palm Mar zu schnorcheln, einem Zufluchtsort f\u00fcr Meeresschildkr\u00f6ten und eine Vielzahl von Meeresarten. Dies bereichert Ihr Abenteuer und erm\u00f6glicht Ihnen, die Wunder des Meeres aus n\u00e4chster N\u00e4he zu erleben.<\/li>\n<\/ul>\n<h3><strong>\ud83c\udf0a Begegnung mit Meereslebewesen beim Kajakfahren auf Teneriffa<\/strong><\/h3>\n<ul>\n<li><strong>Erfahrung:<\/strong> Paddeln Sie durch die ruhigen Gew\u00e4sser Teneriffas auf unserer <strong>Kajaktouren<\/strong> f\u00fcr die M\u00f6glichkeit, Delfine in ihrer nat\u00fcrlichen Umgebung zu beobachten. Das Schwimmen mit Delfinen ist zwar nicht erlaubt, aber unsere Touren vermitteln ein Gef\u00fchl des Respekts und der Ehrfurcht vor diesen gro\u00dfartigen Gesch\u00f6pfen.<\/li>\n<li><strong>H\u00f6hepunkte:<\/strong> Beim Schnorcheln tauchen Sie in die Unterwasserwelt ein, wobei die Wahrscheinlichkeit gro\u00df ist, neben Schildkr\u00f6ten und Rochen zu schwimmen und die Pracht und Vielfalt der Unterwasserwelt Teneriffas zu bewundern.<\/li>\n<li><strong>Bequemlichkeit:<\/strong> Entscheiden Sie sich gegen einen geringen Aufpreis f\u00fcr unseren stressfreien Abholservice, der Ihnen einen reibungslosen Start in Ihren Urlaub garantiert. <strong>Kajakfahren Teneriffa<\/strong> Abenteuer. Wir stellen Ihren Komfort in den Vordergrund und sorgen daf\u00fcr, dass jeder Teil Ihrer Reise reibungslos verl\u00e4uft.<\/li>\n<\/ul>\n<h3>\ud83c\udf1f Wichtige Informationen f\u00fcr Ihr Kajak-Erlebnis auf Teneriffa<\/h3>\n<ul>\n<li><strong>Sicherheitsgarantie<\/strong>: Alle <strong>Kajakfahren Teneriffa<\/strong> Tour wird durch unser Engagement f\u00fcr die Sicherheit unterst\u00fctzt. Wir f\u00fchren vor jeder Tour eine ausf\u00fchrliche Sicherheitseinweisung durch und statten alle Teilnehmer mit der notwendigen Ausr\u00fcstung aus, einschlie\u00dflich Schwimmwesten und Schnorchelsets, um ein sicheres und angenehmes Abenteuer zu gew\u00e4hrleisten.<\/li>\n<li><strong>Mehrsprachige Leitf\u00e4den<\/strong>: Unsere geschulten Reiseleiter sprechen Englisch und Spanisch und liefern pers\u00f6nliche und informative Kommentare w\u00e4hrend Ihrer Reise. <strong>Kajakfahren Teneriffa<\/strong> Ausflug. Dies sorgt f\u00fcr eine einladende Atmosph\u00e4re f\u00fcr internationale Abenteurer und macht jeden Moment Ihrer Tour sowohl spannend als auch lehrreich.<\/li>\n<li><strong>Fachkundige Unterweisung<\/strong>: Vor Ihrer <strong>Kajakfahren Teneriffa<\/strong> unser Team gibt Ihnen fachkundige Tipps zu Kajaktechniken und Sicherheitspraktiken. Egal, ob Sie Anf\u00e4nger sind oder schon Erfahrung haben, unsere Anleitung soll Ihr Selbstvertrauen und Ihre Freude am Wasser steigern.<\/li>\n<\/ul>\n<h3>\ud83d\udcc5 <strong>Sichern Sie sich Ihr Kajak-Abenteuer auf Teneriffa und buchen Sie jetzt<\/strong><\/h3>\n<p>Unser <strong>Kajak-Touren auf Teneriffa<\/strong> sind so konzipiert, dass sie Sie in die Naturwunder der Insel eintauchen lassen und Ihnen ein einzigartiges Erlebnis bieten, das Sie eng mit dem Meer verbindet.<br \/>\nDa die Pl\u00e4tze schnell belegt sind, empfehlen wir eine fr\u00fchzeitige Buchung. W\u00e4hlen Sie <strong>CanaryVIP<\/strong> f\u00fcr einen reibungslosen Buchungsprozess, der Ihnen einen Platz in diesem Wasserparadies sichert.<\/p>\n<h3>\u2705 <strong>Was ist in Ihrer Kajakreise auf Teneriffa inbegriffen?<\/strong><\/h3>\n<ul>\n<li>Optionaler Abhol- und Bringservice gegen eine geringe Geb\u00fchr, der Ihr Abenteuer noch bequemer macht.<\/li>\n<li>Eine gef\u00fchrte Tour, die von erfahrenen Ausbildern geleitet wird und Kajak- und Schnorchelausfl\u00fcge miteinander verbindet.<\/li>\n<li>Ungef\u00e4hr 1,5 Stunden Kajakfahren, erg\u00e4nzt durch eine 30-min\u00fctige Schnorchelpartie zur Erkundung der Unterwasserwelt.<\/li>\n<li>Schlie\u00dff\u00e4cher, in denen Sie Ihre Sachen sicher aufbewahren k\u00f6nnen, w\u00e4hrend Sie die Wassererlebnisse genie\u00dfen.<\/li>\n<li>Ein mehrsprachiger F\u00fchrer sorgt f\u00fcr eine klare Kommunikation und ein reichhaltiges Erlebnis.<\/li>\n<\/ul>\n<h3><strong>\u2696\ufe0f Buchungs- und Stornierungsbedingungen f\u00fcr Kajakfahren auf Teneriffa:<\/strong><\/h3>\n<ul>\n<li><strong>Planen Sie im Voraus:<\/strong> Buchen Sie fr\u00fchzeitig, um sich Ihren Platz zu sichern, und profitieren Sie von einem Sonderrabatt durch CanaryVIP. Denken Sie daran, dass Kajakabenteuer, insbesondere solche, die Begegnungen mit Wildtieren bieten, sehr gefragt sind.<\/li>\n<li><strong>Flexible Stornierungen:<\/strong> Das Leben kann unberechenbar sein. Stornieren Sie bis zu 24 Stunden vor Ihrer Tour und Sie erhalten eine volle R\u00fcckerstattung. F\u00fcr ein stressfreies Erlebnis verstehen wir die Notwendigkeit von Flexibilit\u00e4t.<\/li>\n<li><strong>Anforderungen an die Teilnehmer:<\/strong> Geeignet f\u00fcr Personen, die einigerma\u00dfen fit sind und sich im Wasser wohlf\u00fchlen. Es sind keine Vorkenntnisse im Kajakfahren erforderlich, aber die Teilnehmer sollten f\u00fcr die Schnorchel-Session schwimmen k\u00f6nnen.<\/li>\n<\/ul>\n<h3><strong>\ud83c\udf92 Vorbereitung auf Ihr Kajakabenteuer:<\/strong><\/h3>\n<ul>\n<li><strong>Was Sie mitbringen sollten:<\/strong> Komfort ist entscheidend f\u00fcr Ihr Abenteuer. Ziehen Sie an k\u00fchleren Tagen Ihre Badehose unter einem Neoprenanzug an. Flip-Flops sind nicht zu empfehlen, aber festes Schuhwerk ist f\u00fcr die Reise unerl\u00e4sslich. Vergessen Sie nicht, Sonnencreme, einen Hut f\u00fcr die Ausfl\u00fcge am Tag und ein Handtuch f\u00fcr die Zeit nach dem Schnorcheln einzupacken.<\/li>\n<li><strong>Foto-Erinnerungen:<\/strong> Obwohl wir keinen Fotoservice anbieten, k\u00f6nnen Sie gerne Ihre Kamera oder Ihr Handy mitbringen, um die atemberaubende Aussicht festzuhalten. Bitte beachten Sie, dass das Mitf\u00fchren dieser Gegenst\u00e4nde auf eigene Gefahr erfolgt.<\/li>\n<li><strong>Gesundheit und Sicherheit:<\/strong> Um die Sicherheit und Zufriedenheit aller Teilnehmer zu gew\u00e4hrleisten, wird diese Aktivit\u00e4t nicht f\u00fcr Personen empfohlen, die schwanger sind (\u00fcber 5 Monate). Es ist wichtig, dass alle Kajakfahrer \u00fcber grundlegende Schwimmkenntnisse verf\u00fcgen, insbesondere f\u00fcr den Schnorchelteil der Tour.<\/li>\n<\/ul>\n<h3>\u2753 <strong>FAQs: Ihre Kajak-Fragen werden beantwortet<\/strong><\/h3>\n<ul>\n<li><strong>Brauche ich Vorkenntnisse im Kajakfahren?<\/strong> Keineswegs, unsere Guides werden Ihnen die grundlegenden Paddeltechniken beibringen. F\u00fchlen Sie sich einfach wohl im Wasser und seien Sie bereit f\u00fcr einen spannenden Tag.<\/li>\n<li><strong>Was soll ich anziehen?<\/strong> Neben Badeanzug und Sonnencreme ist es ratsam, an k\u00fchleren Tagen einen Neoprenanzug zu tragen. Wir stellen die notwendige Sicherheits- und Schnorchelausr\u00fcstung zur Verf\u00fcgung.<\/li>\n<li><strong>Gibt es Altersbeschr\u00e4nkungen?<\/strong> Kajakfahrer m\u00fcssen mindestens 6 Jahre alt sein. Kinder zwischen 6 und 11 Jahren m\u00fcssen von einem Erwachsenen begleitet werden.<\/li>\n<li><strong>Kann ich das Kajak wechseln?<\/strong> Nat\u00fcrlich k\u00f6nnen Sie w\u00e4hlen, ob Sie alleine, mit einem Partner oder in einer Dreiergruppe kajaken m\u00f6chten, ohne dass sich der Preis \u00e4ndert.<\/li>\n<\/ul>\n<h4><strong>\ud83c\udf1e Bereit, das Meer zu umarmen?<\/strong><\/h4>\n<p>Tauchen Sie ein in ein unvergessliches Kajakerlebnis vor der K\u00fcste Teneriffas. Ob Sie durch die Gew\u00e4sser von Los Cristianos navigieren, die <strong>Delphine,<\/strong>\u00a0oder <strong>Schnorcheln mit Schildkr\u00f6ten,<\/strong>\u00a0Ihr Abenteuer mit <strong>CanaryVIP<\/strong> verspricht eine Mischung aus Sch\u00f6nheit, Heiterkeit und bleibenden Erinnerungen zu werden.<br \/>\nBuchen Sie noch heute Ihren Platz und lassen Sie sich von den Wundern des Ozeans \u00fcberraschen! \ud83d\udea3\u200d\u2640\ufe0f\ud83d\udc2c\ud83d\udc22<\/p>\n<p>F\u00fcr ein unvergleichliches Abenteuer in den unber\u00fchrten Gew\u00e4ssern Teneriffas, buchen Sie Ihre Kajaktour noch heute bei uns!<\/p>","protected":false},"excerpt":{"rendered":"<p><strong>\ud83d\udd0d Kajakfahren auf Teneriffa:<\/strong><br \/>\n\u2705 Sichere Bezahlung.<br \/>\n\ud83d\udc0b Delfin- und Schildkr\u00f6ten-Sichtungen.<br \/>\n\ud83d\ude80 2h Abenteuer.<br \/>\n\ud83e\udd3f Schnorchelausr\u00fcstung wird gestellt.<br \/>\n\ud83d\udd59 Mehrere Abfahrtszeiten.<br \/>\n\ud83d\udcc5 T\u00e4glich verf\u00fcgbar.<br \/>\n\ud83e\udd11 Bester Preis garantiert.<br \/>\n\ud83d\ude8d Optionaler Shuttle-Service.<br \/>\n\ud83d\udc6a Familien- und Gruppenerm\u00e4\u00dfigungen.<br \/>\n\ud83d\udd01 24 Stunden Stornierungsbedingungen.<br \/>\n\ud83c\udf0d Englische und spanische Leitf\u00e4den.<br \/>\n\ud83c\udf1f Fr\u00fch buchen &amp; sparen.<br \/>\n\ud83d\udccd Abreise von <a href=\"https:\/\/maps.app.goo.gl\/g9c9rZaJv7igjr3t8\">Los Cristianos<\/a>.<\/p>","protected":false},"featured_media":10794,"comment_status":"open","ping_status":"closed","template":"","meta":{"_acf_changed":false},"product_brand":[],"product_cat":[53],"product_tag":[],"class_list":{"0":"post-10465","1":"product","2":"type-product","3":"status-publish","4":"has-post-thumbnail","6":"product_cat-water-sports","7":"wcpa_has_options","9":"first","10":"instock","11":"sale","12":"virtual","13":"purchasable","14":"product-type-simple"},"acf":[],"wcpa_form_fields":{"wcpaData":{"product":{"product_price":35,"price_html":"From&nbsp;<del aria-hidden=\"true\"><span class=\"woocommerce-Price-amount amount\"><bdi>45,00&nbsp;<span class=\"woocommerce-Price-currencySymbol\">&euro;<\/span><\/bdi><\/span><\/del> <span class=\"screen-reader-text\">Urspr\u00fcnglicher Preis war: 45,00&nbsp;&euro;<\/span><ins aria-hidden=\"true\"><span class=\"woocommerce-Price-amount amount\"><bdi>35,00&nbsp;<span class=\"woocommerce-Price-currencySymbol\">&euro;<\/span><\/bdi><\/span><\/ins><span class=\"screen-reader-text\">Aktueller Preis ist: 35,00&nbsp;&euro;.<\/span>","original_product_price":45,"price_including_tax":35,"price_excluding_tax":35,"product_id":{"parent":10465,"variation":false},"is_variable":false,"stock_status":"instock","stock_quantity":null,"parent_sku":"CV10465","product_attributes":[],"custom_fields":[],"is_taxable":false,"product_name":"Kayaking with Turtles Tenerife","hasImage":false},"fields":{"sec_1066337d57eb5e3":{"extra":{"key":"sec_1066337d57eb5e3","section_id":"sec_1066337d57eb5e3","name":"Default","status":1,"cl_rule":"show","enableCl":false,"relations":[],"toggle":true,"title_tag":"h3","show_title":false,"showPrice":"default","form_id":11372,"form_rules":{"exclude_from_discount":true,"fee_label":"Fee","disp_hide_options_price":true,"disp_show_section_price":false,"disp_show_field_price":true,"layout_option":"standard","pric_use_as_fee":false,"process_fee_as":"woo_fee"},"layout_option":"standard"},"fields":[[{"label":"\ud83d\udcc5 Date","active":true,"required":true,"elementId":"date_666337d57eb607","picker_type":"custom","picker_mode":"single","placeholder":"","description":"","tooltip":"","name":"date_666337d57eb607","label_position":"default","desc_position":"default","enablePrice":false,"className":"","enableCl":false,"relations":[{"operator":"and","rules":[{"operator":"AND","rules":{"cl_field":"radio-group_5661bc90f5e8f5","cl_relation":"is_not_empty","cl_val":"3 Hour Trip"}}]}],"date_pic_inline":true,"date_pic_inline_hide":true,"min_date":{"type":"days","val":"0"},"max_date":{"type":"days","val":"365"},"date_pic_conf":{"disabledWeeks":[]},"price":"","cl_rule":"show","col":6,"type":"date","error":false,"enableDesign":false,"LabelColor":"","gt_translate_keys":["label","placeholder","description","tooltip"],"price_dependency":false,"cl_dependency":false,"value":""}],[{"active":true,"col":6,"relations":false,"cl_rule":"show","enableCl":false,"price":"","enablePrice":false,"className":"","label_position":"default","desc_position":"default","type":"select","required":true,"elementId":"select_566337d57eb62f","label":"\u23f0 Departure Time","name":"select_566337d57eb62f","values":[{"label":"Whichever Time is Best","value":"Whichever Time is Best","selected":false,"tempId":"aco_312","gt_translate_keys":["label"]},{"label":"10:00","value":"10:00","selected":false,"tempId":"aco_313","gt_translate_keys":["label"]},{"label":"12:30 (12:30 PM)","value":"12:30","selected":false,"tempId":"aco_314","gt_translate_keys":["label"]},{"label":"14:00 (2:00 PM)","value":"14:00","selected":false,"tempId":"aco_711","gt_translate_keys":["label"]}],"dropdown_type":"basic","error":false,"multiple":false,"placeholder":"None","gt_translate_keys":["label","placeholder"],"price_dependency":false,"cl_dependency":false,"value":""}],[{"active":true,"col":6,"relations":false,"cl_rule":"show","enableCl":false,"price":"","enablePrice":false,"className":"","label_position":"default","desc_position":"default","type":"content","required":false,"elementId":"content_1042762875","label":"","name":"content_1042762875","contentType":"rich","value":"<p>\ud83c\udf9f\ufe0f <strong>Reservation<\/strong>: Pay only a deposit now to reserve; the rest is due on the day of the activity upon arrival.<\/p>","show_in_checkout":true,"error":false,"gt_translate_keys":["label","value"],"price_dependency":false,"cl_dependency":false}],[{"active":true,"col":6,"relations":[{"operator":false,"rules":[{"operator":"AND","rules":{"cl_field":"","cl_relation":"","cl_val":""}}]}],"cl_rule":"show","enableCl":true,"price":"35","enablePrice":true,"className":"","label_position":"default","desc_position":"default","type":"radio-group","required":false,"elementId":"radio-group_166337d57eb617","label":"","name":"radio-group_166337d57eb617","values":[{"label":"\ud83d\udc64 Adult (35\u20ac)","value":"Adult","selected":true,"tempId":"aco_32","tooltip":"+11 Years","description":"","gt_translate_keys":["label","tooltip","description"]}],"layOut":"","error":false,"checkUi":"button","priceOptions":"fixed_for_all","pricingType":"fixed","enable_quantity":true,"quantity_label":"","min_quantity":"0","options_tooltip":true,"options_description":true,"is_show_price":true,"gt_translate_keys":["label","quantity_label"],"price_dependency":false,"cl_dependency":false,"value":""}],[{"label":"","active":true,"required":false,"elementId":"radio-group_166337d57eb624","name":"radio-group_166337d57eb624","label_position":"default","desc_position":"default","enablePrice":true,"className":"","enableCl":true,"relations":[{"operator":false,"rules":[{"operator":"AND","rules":{"cl_field":"","cl_relation":"","cl_val":""}}]}],"enable_quantity":true,"quantity_label":"","min_quantity":"0","checkUi":"button","layOut":"","options_tooltip":true,"options_description":true,"values":[{"label":"\ud83d\udc66 Child (20\u20ac)","value":"Child","selected":true,"tempId":"aco_32","tooltip":"6-10 Years","description":"","gt_translate_keys":["label","tooltip","description"]}],"priceOptions":"fixed_for_all","pricingType":"fixed","price":"20","cl_rule":"show","col":6,"type":"radio-group","error":false,"is_show_price":true,"gt_translate_keys":["label","quantity_label"],"price_dependency":false,"cl_dependency":false,"value":""}],[{"active":true,"col":6,"relations":false,"cl_rule":"show","enableCl":false,"price":"","enablePrice":false,"className":"","label_position":"default","desc_position":"default","type":"separator","required":false,"elementId":"separator_9019492152","label":"Separator Field","height":"6","separatorType":"fill","error":false,"separatorColor":"#66a6b6","gt_translate_keys":["label"],"price_dependency":false,"cl_dependency":false,"value":""}],[{"active":true,"col":6,"relations":false,"cl_rule":"show","enableCl":false,"price":"({field.radio-group_166337d57eb617.quantity}*10)+({field.radio-group_166337d57eb624.quantity}*7.50)","enablePrice":true,"className":"","label_position":"default","desc_position":"default","type":"content","required":false,"elementId":"content_8712621725","label":"Deposit Now","name":"content_8712621725","contentType":"plain","value":"","error":false,"pricingType":"custom","isTemplate":false,"is_show_price":false,"show_in_checkout":true,"enableDesign":true,"LabelSize":"14px","inline":true,"gt_translate_keys":["label","value"],"price_dependency":["content-8850121983"],"cl_dependency":false}],[{"contentType":"plain","active":true,"label":"Payment at Arrival","elementId":"content-8797651822","value":"","name":"content-8797651822","enablePrice":true,"className":"","enableCl":false,"relations":false,"price":"({field.radio-group_166337d57eb617.quantity}*25)+({field.radio-group_166337d57eb624.quantity}*12.50)","cl_rule":"show","col":6,"type":"content","error":false,"is_show_price":true,"pricingType":"custom","isTemplate":false,"show_in_checkout":true,"enableDesign":true,"LabelSize":"14px","inline":true,"gt_translate_keys":["label","value"],"price_dependency":["content-8850121983"],"cl_dependency":false}],[{"contentType":"plain","active":true,"label":"Total Amount","elementId":"content-8850121983","value":"","name":"content-8850121983","enablePrice":true,"className":"","enableCl":false,"relations":false,"price":"{field.content_8712621725.price}+{field.content-8797651822.price}","cl_rule":"show","col":6,"type":"content","error":false,"is_show_price":true,"pricingType":"custom","isTemplate":false,"show_in_checkout":true,"enableDesign":true,"LabelSize":"14px","inline":true,"gt_translate_keys":["label","value"],"price_dependency":false,"cl_dependency":false}]]},"sec_he1t7j115":{"extra":{"key":"sec_he1t7j115","section_id":"sec_he1t7j115","name":"Pickup","status":1,"cl_rule":"show","enableCl":false,"relations":[],"toggle":true,"title_tag":"h4","show_title":false,"showPrice":"default","form_id":11372,"form_rules":{"exclude_from_discount":true,"fee_label":"Fee","disp_hide_options_price":true,"disp_show_section_price":false,"disp_show_field_price":true,"layout_option":"standard","pric_use_as_fee":false,"process_fee_as":"woo_fee"},"layout_option":"standard"},"fields":[[{"active":true,"col":6,"relations":false,"cl_rule":"show","enableCl":false,"price":"","enablePrice":false,"className":"","label_position":"default","desc_position":"default","type":"text","subtype":"text","required":false,"elementId":"text_0736264724","label":"\ud83d\ude8c Pickup Location","name":"text_0736264724","value":"","error":false,"description":"Pick-up service in Tenerife South available for an extra 2\u20ac per person, to be paid on arrival. Please provide your address or hotel name to book the shuttle service; if not needed, leave it blank. | For Callao Salvaje and Palm-Mar, the extra cost is 4\u20ac per person | El M\u00e9dano: 15\u20ac per car | Golf del Sur: 10\u20ac per car.","gt_translate_keys":["label","description","value"],"price_dependency":false,"cl_dependency":false}]]}},"config":{"price_override":"always","enable_recaptcha":false,"bind_quantity":false,"quantity_bind_formula":false,"disp_summ_show_option_price":true,"disp_summ_show_product_price":false,"disp_summ_show_total_price":false,"disp_summ_show_fee":true,"disp_summ_show_discount":true,"summary_title":"","options_total_label":"Options Price","total_label":"Total Amount","options_product_label":"Product Price","fee_label":"Fee","discount_label":"Discount","has_price":true,"has_quantity_formula":false},"mc_unit":1,"tax_rate":1,"tax_rate_real":1,"discount":{"percentage":0,"fixed":0},"design":{"conf":{"LabelPosition":"above","DescPosition":"above","UploadField":"custom_1","QuantityFieldStyle":"custom_1"},"css":{"LeftLabelWidth":"120px"}},"formulas":[],"lookuptables":[],"clones":false,"cartKey":false}},"_links":{"self":[{"href":"https:\/\/canaryvip.com\/de\/wp-json\/wp\/v2\/product\/10465","targetHints":{"allow":["GET"]}}],"collection":[{"href":"https:\/\/canaryvip.com\/de\/wp-json\/wp\/v2\/product"}],"about":[{"href":"https:\/\/canaryvip.com\/de\/wp-json\/wp\/v2\/types\/product"}],"replies":[{"embeddable":true,"href":"https:\/\/canaryvip.com\/de\/wp-json\/wp\/v2\/comments?post=10465"}],"wp:featuredmedia":[{"embeddable":true,"href":"https:\/\/canaryvip.com\/de\/wp-json\/wp\/v2\/media\/10794"}],"wp:attachment":[{"href":"https:\/\/canaryvip.com\/de\/wp-json\/wp\/v2\/media?parent=10465"}],"wp:term":[{"taxonomy":"product_brand","embeddable":true,"href":"https:\/\/canaryvip.com\/de\/wp-json\/wp\/v2\/product_brand?post=10465"},{"taxonomy":"product_cat","embeddable":true,"href":"https:\/\/canaryvip.com\/de\/wp-json\/wp\/v2\/product_cat?post=10465"},{"taxonomy":"product_tag","embeddable":true,"href":"https:\/\/canaryvip.com\/de\/wp-json\/wp\/v2\/product_tag?post=10465"}],"curies":[{"name":"wp","href":"https:\/\/api.w.org\/{rel}","templated":true}]}}