{"id":9195,"date":"2024-01-28T19:23:23","date_gmt":"2024-01-28T19:23:23","guid":{"rendered":"https:\/\/canaryvip.com\/?page_id=9195"},"modified":"2026-03-04T18:17:48","modified_gmt":"2026-03-04T18:17:48","slug":"collaborate-with-canaryvip","status":"publish","type":"page","link":"https:\/\/canaryvip.com\/de\/collaborate-with-canaryvip\/","title":{"rendered":"Partnerschaft mit CanaryVIP: Bieten Sie Ihre Erfahrungen internationalen Reisenden an"},"content":{"rendered":"<p>Werden Sie Partner von CanaryVIP und stellen Sie Ihre Aktivit\u00e4ten Reisenden aus aller Welt vor. Da unsere Plattform auf Teneriffa, Gran Canaria, Fuerteventura, Lanzarote, La Palma und El Hierro weiter w\u00e4chst, sind wir aktiv auf der Suche nach Kooperationen mit professionellen Aktivit\u00e4tsanbietern und Reiseveranstaltern.<\/p>\n<p>Unser Ziel ist einfach: Wir wollen hochwertige lokale Erlebnisse mit internationalen Besuchern verbinden, die das Beste entdecken wollen, was die Kanarischen Inseln zu bieten haben.<\/p>\n<h2>Reise- und Aktivit\u00e4tsveranstalter<\/h2>\n<p>Wenn Sie Ausfl\u00fcge, Bootstouren, Outdoor-Abenteuer, Wassersport, gef\u00fchrte Erlebnisse oder andere einzigartige Aktivit\u00e4ten auf den Kanarischen Inseln anbieten, kann CanaryVIP Ihnen helfen, ein gr\u00f6\u00dferes Publikum zu erreichen.<\/p>\n<p>\u00dcber unsere Plattform kann Ihre Aktivit\u00e4t bei internationalen Reisenden, die aktiv nach Aktivit\u00e4ten w\u00e4hrend ihres Aufenthalts auf den Kanarischen Inseln suchen, bekannt gemacht werden.<\/p>\n<p>Durch eine Partnerschaft mit CanaryVIP kann Ihre T\u00e4tigkeit von folgenden Vorteilen profitieren:<\/p>\n<p>- Erh\u00f6hter Bekanntheitsgrad bei internationalen Besuchern<br \/>\n- Zus\u00e4tzliche Buchungen \u00fcber unsere Online-Plattform<br \/>\n- Werbung \u00fcber unsere digitalen Marketingkan\u00e4le<br \/>\n- Ein einfaches und transparentes Modell der Zusammenarbeit<\/p>\n<p>Wir arbeiten mit sorgf\u00e4ltig ausgew\u00e4hlten Partnern zusammen, die professionelle, sichere und unvergessliche Erlebnisse f\u00fcr Besucher bieten.<\/p>\n<h2>Voraussetzungen f\u00fcr die Zusammenarbeit<\/h2>\n<p>Um unseren Kunden ein optimales Erlebnis zu bieten, arbeiten wir mit Betreibern zusammen, die professionelle und rechtliche Standards erf\u00fcllen. Dazu geh\u00f6ren die entsprechenden Lizenzen, Versicherungen und die Einhaltung lokaler Vorschriften, sofern zutreffend.<\/p>\n<p>Wir sch\u00e4tzen Partner, die zuverl\u00e4ssig sind, klar kommunizieren und ein hohes Serviceniveau f\u00fcr die G\u00e4ste aufrechterhalten.<\/p>\n<h2>Aktivit\u00e4ten, die wir suchen<\/h2>\n<p>Wir sind daran interessiert, mit einer Vielzahl von Anbietern von Aktivit\u00e4ten auf den Kanarischen Inseln zusammenzuarbeiten, z. B:<\/p>\n<p>- Bootstouren und private Yachtcharter<br \/>\n- Ausfl\u00fcge zur Beobachtung von Walen und Delfinen<br \/>\n- Jetski und Wassersportaktivit\u00e4ten<br \/>\n- Quad- und Buggy-Abenteuer<br \/>\n- Wandern und Naturerlebnisse<br \/>\n- Kulturelle und gef\u00fchrte Erlebnisse<br \/>\n- Tauchen, Schnorcheln und Meeresaktivit\u00e4ten<\/p>\n<p>Wenn Sie ein einzigartiges Erlebnis anbieten, das Besuchern der Kanarischen Inseln gefallen w\u00fcrde, w\u00fcrden wir uns freuen, von Ihnen zu h\u00f6ren.<\/p>\n<h2>Steigern Sie Ihre Buchungen mit CanaryVIP<\/h2>\n<p>Unser Ziel ist es, die lokalen Anbieter zu unterst\u00fctzen und es den Reisenden zu erleichtern, authentische Erlebnisse auf den Kanarischen Inseln zu entdecken und zu buchen.<\/p>\n<p>Wenn Sie m\u00f6chten, dass Ihre Ausfl\u00fcge oder Dienstleistungen auf CanaryVIP vorgestellt werden, kontaktieren Sie unser Team und erz\u00e4hlen Sie uns mehr \u00fcber Ihre Aktivit\u00e4t.<\/p>\n<p><strong>Sind Sie an einer Zusammenarbeit interessiert? Nehmen Sie noch heute Kontakt mit uns auf und lassen Sie uns gemeinsam herausfinden, wie wir wachsen k\u00f6nnen.<\/strong><\/p>","protected":false},"excerpt":{"rendered":"<p>Become a partner of CanaryVIP and showcase your activities to travelers from around the world. As our platform continues to grow across Tenerife, Gran Canaria, Fuerteventura, Lanzarote, La Palma, and El Hierro, we are actively looking to collaborate with professional activity providers and tour operators. Our goal is simple: connect high-quality local experiences with international&#8230;<\/p>","protected":false},"author":1,"featured_media":0,"parent":0,"menu_order":0,"comment_status":"closed","ping_status":"closed","template":"","meta":{"_acf_changed":false,"footnotes":""},"class_list":["post-9195","page","type-page","status-publish","hentry"],"acf":[],"_links":{"self":[{"href":"https:\/\/canaryvip.com\/de\/wp-json\/wp\/v2\/pages\/9195","targetHints":{"allow":["GET"]}}],"collection":[{"href":"https:\/\/canaryvip.com\/de\/wp-json\/wp\/v2\/pages"}],"about":[{"href":"https:\/\/canaryvip.com\/de\/wp-json\/wp\/v2\/types\/page"}],"author":[{"embeddable":true,"href":"https:\/\/canaryvip.com\/de\/wp-json\/wp\/v2\/users\/1"}],"replies":[{"embeddable":true,"href":"https:\/\/canaryvip.com\/de\/wp-json\/wp\/v2\/comments?post=9195"}],"version-history":[{"count":8,"href":"https:\/\/canaryvip.com\/de\/wp-json\/wp\/v2\/pages\/9195\/revisions"}],"predecessor-version":[{"id":16786,"href":"https:\/\/canaryvip.com\/de\/wp-json\/wp\/v2\/pages\/9195\/revisions\/16786"}],"wp:attachment":[{"href":"https:\/\/canaryvip.com\/de\/wp-json\/wp\/v2\/media?parent=9195"}],"curies":[{"name":"wp","href":"https:\/\/api.w.org\/{rel}","templated":true}]}}