{"id":14018,"date":"2025-03-20T01:29:58","date_gmt":"2025-03-20T01:29:58","guid":{"rendered":"https:\/\/canaryvip.com\/?page_id=14018"},"modified":"2026-03-07T10:04:29","modified_gmt":"2026-03-07T10:04:29","slug":"cookie-policy","status":"publish","type":"page","link":"https:\/\/canaryvip.com\/de\/cookie-policy\/","title":{"rendered":"Cookie-Richtlinie"},"content":{"rendered":"<section class=\"l-section wpb_row us_custom_5cd26a65 height_auto\"><div class=\"l-section-h i-cf\"><div class=\"g-cols vc_row via_flex valign_top type_default stacking_default\"><div class=\"vc_col-sm-12 wpb_column vc_column_container\"><div class=\"vc_column-inner\"><div class=\"wpb_wrapper\"><div class=\"wpb_text_column\"><div class=\"wpb_wrapper\"><h2>1. Was diese Police abdeckt<\/h2>\n<p>Diese Cookie-Richtlinie erkl\u00e4rt, wie CanaryVIP.com Cookies und \u00e4hnliche Tracking-Technologien verwendet, wenn Sie unsere Website besuchen. Wenn Sie auf unserer Website weitersurfen, erkl\u00e4ren Sie sich mit der Verwendung von Cookies wie in diesem Dokument beschrieben einverstanden.<\/p>\n<p>Cookies sind kleine Textdateien, die auf Ihrem Ger\u00e4t gespeichert werden, wenn Sie eine Website besuchen. Sie dienen verschiedenen Zwecken: Sie verbessern Ihr Surferlebnis, analysieren, wie die Website genutzt wird, und erm\u00f6glichen es uns, relevantere Inhalte zu liefern. Einige Cookies sind unbedingt erforderlich, damit die Website \u00fcberhaupt funktionieren kann.<\/p>\n<hr \/>\n<h2>2. Arten von Cookies, die wir verwenden<\/h2>\n<h3>2.1 Unverzichtbare Cookies (Strictly Necessary)<\/h3>\n<p>Diese Cookies sind f\u00fcr die Kernfunktionen unserer Website unerl\u00e4sslich. Sie erm\u00f6glichen grundlegende Funktionen wie die Seitennavigation, den Zugang zu sicheren Bereichen und die Zahlungsabwicklung. Die Website kann ohne sie nicht richtig funktionieren und sie k\u00f6nnen nicht deaktiviert werden.<\/p>\n<h3>2.2 Analytische Cookies<\/h3>\n<p>Analytics-Cookies erm\u00f6glichen es uns zu verstehen, wie Besucher mit unserer Website interagieren. Sie helfen uns, die Leistung von Inhalten zu messen, Nutzungsmuster zu erkennen und die allgemeine Benutzerfreundlichkeit zu verbessern. Wir verwenden <strong>Google Analytics<\/strong> zu diesem Zweck (<a href=\"https:\/\/policies.google.com\/privacy\" target=\"_blank\" rel=\"noopener\">Google-Datenschutzbestimmungen<\/a>).<\/p>\n<h3>2.3 Werbe- und Marketing-Cookies<\/h3>\n<p>Diese Cookies werden platziert, um Ihnen auf der Grundlage Ihrer Browsing-Aktivit\u00e4ten Werbung anzuzeigen, die Ihren Interessen entspricht. Wir arbeiten mit Werbeplattformen Dritter zusammen, darunter <strong>Google-Anzeigen<\/strong>, <strong>Meta (Facebook und Instagram)<\/strong>und <strong>TikTok-Anzeigen<\/strong> um personalisierte Werbung zu schalten. Sie k\u00f6nnen die Datenpraktiken von Meta in deren <a href=\"https:\/\/www.facebook.com\/privacy\/policy\" target=\"_blank\" rel=\"noopener\">Datenschutzbestimmungen<\/a>.<\/p>\n<h3>2.4 Vorzugs-Cookies<\/h3>\n<p>Pr\u00e4ferenz-Cookies speichern die von Ihnen auf unserer Website getroffenen Entscheidungen, wie z. B. Ihre Sprache, W\u00e4hrung, Standorteinstellungen, bevorzugte Zahlungsmethode oder aktive Anmeldesitzung. Sie erm\u00f6glichen es uns, Ihnen bei einem erneuten Besuch eine individuellere Erfahrung zu bieten.<\/p>\n<hr \/>\n<h2>3. Wie wir Ihr Einverst\u00e4ndnis einholen<\/h2>\n<p>Wenn Sie unsere Website zum ersten Mal besuchen, wird ein Cookie-Banner angezeigt, der Ihnen die folgenden Optionen bietet:<\/p>\n<ul>\n<li><strong>Alle Cookies akzeptieren<\/strong> um die volle Bandbreite an Funktionalit\u00e4t und Personalisierung zu erm\u00f6glichen.<\/li>\n<li><strong>Unwichtige Cookies ablehnen<\/strong> das Tracking auf das absolut Notwendige zu beschr\u00e4nken.<\/li>\n<li><strong>Anpassen Ihrer Einstellungen<\/strong> Sie k\u00f6nnen genau festlegen, welche Kategorien von Cookies Sie zulassen.<\/li>\n<\/ul>\n<p>Sie k\u00f6nnen Ihre Cookie-Einstellungen jederzeit \u00e4ndern, indem Sie auf die Schaltfl\u00e4che <strong>\u201cCookie-Einstellungen\u201d<\/strong> Link in der Fu\u00dfzeile unserer Website.<\/p>\n<hr \/>\n<h2>4. Verwaltung und L\u00f6schung von Cookies<\/h2>\n<p>Die meisten Browser erm\u00f6glichen es Ihnen, Cookies \u00fcber ihre Einstellungen zu kontrollieren oder zu blockieren. Nachstehend finden Sie direkte Links zu Anleitungen f\u00fcr die Verwaltung von Cookies in den g\u00e4ngigsten Browsern:<\/p>\n<ul>\n<li><strong>Google Chrome:<\/strong> <a href=\"https:\/\/support.google.com\/accounts\/answer\/32050\" target=\"_blank\" rel=\"noopener\">Cookies verwalten<\/a><\/li>\n<li><strong>Mozilla Firefox:<\/strong> <a href=\"https:\/\/support.mozilla.org\/en-US\/kb\/enable-and-disable-cookies-website-preferences\" target=\"_blank\" rel=\"noopener\">Cookies verwalten<\/a><\/li>\n<li><strong>Safari:<\/strong> <a href=\"https:\/\/support.apple.com\/en-us\/HT201265\" target=\"_blank\" rel=\"noopener\">Cookies verwalten<\/a><\/li>\n<li><strong>Microsoft Edge:<\/strong> <a href=\"https:\/\/support.microsoft.com\/en-us\/help\/4027947\/microsoft-edge-delete-cookies\" target=\"_blank\" rel=\"noopener\">Cookies verwalten<\/a><\/li>\n<\/ul>\n<p>Wenn Sie das Tracking durch Google Analytics deaktivieren m\u00f6chten, k\u00f6nnen Sie dies hier tun: <a href=\"https:\/\/tools.google.com\/dlpage\/gaoptout\" target=\"_blank\" rel=\"noopener\">Google Analytics Opt-Out Browser Add-on<\/a>.<\/p>\n<hr \/>\n<h2>5. Cookies von Drittanbietern<\/h2>\n<p>Bestimmte in unsere Website integrierte Dienste Dritter k\u00f6nnen ihre eigenen Cookies auf Ihrem Ger\u00e4t platzieren. Diese Dienste umfassen:<\/p>\n<ul>\n<li><strong>Google Analytics<\/strong> (<a href=\"https:\/\/policies.google.com\/privacy\" target=\"_blank\" rel=\"noopener\">Datenschutzbestimmungen<\/a>)<\/li>\n<li><strong>Meta (Facebook- und Instagram-Anzeigen)<\/strong> (<a href=\"https:\/\/www.facebook.com\/privacy\/policy\" target=\"_blank\" rel=\"noopener\">Datenschutzbestimmungen<\/a>)<\/li>\n<li><strong>TikTok-Anzeigen<\/strong> (<a href=\"https:\/\/www.tiktok.com\/legal\/privacy-policy\" target=\"_blank\" rel=\"noopener\">Datenschutzbestimmungen<\/a>)<\/li>\n<\/ul>\n<p>Jedes dieser Unternehmen verarbeitet Daten gem\u00e4\u00df seiner eigenen Datenschutzrichtlinie. CanaryVIP hat keinen Einfluss darauf, wie diese Dritten mit den durch ihre Cookies gesammelten Daten umgehen.<\/p>\n<hr \/>\n<h2>6. Aktualisierungen dieser Richtlinie<\/h2>\n<p>CanaryVIP kann diese Cookie-Richtlinie von Zeit zu Zeit \u00fcberarbeiten. Alle Aktualisierungen werden auf dieser Seite ver\u00f6ffentlicht. Wir empfehlen, diese Richtlinie regelm\u00e4\u00dfig zu \u00fcberpr\u00fcfen, um dar\u00fcber informiert zu bleiben, wie wir Cookies verwenden.<\/p>\n<hr \/>\n<h2>7. Kontakt<\/h2>\n<p>Wenn Sie Fragen zu dieser Cookie-Richtlinie oder zur Verwendung von Cookies auf unserer Website haben, k\u00f6nnen Sie uns unter folgender Adresse erreichen:<\/p>\n<p>\ud83d\udce7 <strong>E-Mail:<\/strong> <a href=\"mailto:info@canaryvip.com\">info@canaryvip.com<\/a><\/p>\n<\/div><\/div><\/div><\/div><\/div><\/div><\/div><\/section>","protected":false},"excerpt":{"rendered":"1. What This Policy Covers This Cookie Policy explains how CanaryVIP.com uses cookies and similar tracking technologies when you visit our website. By continuing to browse our site, you agree to the use of cookies as described in this document. Cookies are small text files that are placed on your device when you visit a...","protected":false},"author":1,"featured_media":0,"parent":0,"menu_order":0,"comment_status":"closed","ping_status":"closed","template":"","meta":{"_acf_changed":false,"footnotes":""},"class_list":["post-14018","page","type-page","status-publish","hentry"],"acf":[],"_links":{"self":[{"href":"https:\/\/canaryvip.com\/de\/wp-json\/wp\/v2\/pages\/14018","targetHints":{"allow":["GET"]}}],"collection":[{"href":"https:\/\/canaryvip.com\/de\/wp-json\/wp\/v2\/pages"}],"about":[{"href":"https:\/\/canaryvip.com\/de\/wp-json\/wp\/v2\/types\/page"}],"author":[{"embeddable":true,"href":"https:\/\/canaryvip.com\/de\/wp-json\/wp\/v2\/users\/1"}],"replies":[{"embeddable":true,"href":"https:\/\/canaryvip.com\/de\/wp-json\/wp\/v2\/comments?post=14018"}],"version-history":[{"count":4,"href":"https:\/\/canaryvip.com\/de\/wp-json\/wp\/v2\/pages\/14018\/revisions"}],"predecessor-version":[{"id":16858,"href":"https:\/\/canaryvip.com\/de\/wp-json\/wp\/v2\/pages\/14018\/revisions\/16858"}],"wp:attachment":[{"href":"https:\/\/canaryvip.com\/de\/wp-json\/wp\/v2\/media?parent=14018"}],"curies":[{"name":"wp","href":"https:\/\/api.w.org\/{rel}","templated":true}]}}