{"id":13824,"date":"2025-02-24T13:59:27","date_gmt":"2025-02-24T13:59:27","guid":{"rendered":"https:\/\/canaryvip.com\/?page_id=13824"},"modified":"2025-02-24T15:06:00","modified_gmt":"2025-02-24T15:06:00","slug":"about-us","status":"publish","type":"page","link":"https:\/\/canaryvip.com\/de\/about-us\/","title":{"rendered":"\u00dcber uns"},"content":{"rendered":"<section class=\"l-section wpb_row height_medium width_custom\" style=\"--site-content-width:700px;\"><div class=\"l-section-h i-cf\"><div class=\"g-cols vc_row via_flex valign_top type_default stacking_default\"><div class=\"vc_col-sm-12 wpb_column vc_column_container\"><div class=\"vc_column-inner\"><div class=\"wpb_wrapper\"><h1 class=\"w-text\"><span class=\"w-text-h\"><span class=\"w-text-value\">\u00dcber uns - CanaryVIP<\/span><\/span><\/h1><h2 class=\"w-text us_custom_fe162ea1\"><span class=\"w-text-h\"><span class=\"w-text-value\">Wer wir sind<\/span><\/span><\/h2><div class=\"wpb_text_column\"><div class=\"wpb_wrapper\"><p>CanaryVIP ist eine erstklassige Online-Plattform, die die besten Aktivit\u00e4ten und Ausfl\u00fcge auf den Kanarischen Inseln anbietet. Als Teil von Tu Nido Tenerife, einer der besten Immobilienagenturen auf Teneriffa mit mehr als 20 Jahren Erfahrung im Bereich Immobilien und Immobilienbau, bieten wir seit 2010 unvergessliche Erlebnisse auf den Kanarischen Inseln.<\/p>\n<\/div><\/div><\/div><\/div><\/div><div class=\"vc_col-sm-12 wpb_column vc_column_container\"><div class=\"vc_column-inner\"><div class=\"wpb_wrapper\"><h2 class=\"w-text us_custom_9d8033b1\"><span class=\"w-text-h\"><span class=\"w-text-value\">Unsere Reise<\/span><\/span><\/h2><div class=\"wpb_text_column\"><div class=\"wpb_wrapper\"><p data-pm-slice=\"1 1 &#091;&#093;\"><span>Unser Unternehmen widmet sich seit 2003 dem Bauwesen auf Teneriffa und hat sich dabei eine solide Grundlage im Immobiliensektor geschaffen. Im Jahr 2010 erweiterten wir unsere Dienstleistungen unter dem Namen Tu Nido Tenerife und arbeiteten von einem B\u00fcro in Playa Fa\u00f1ab\u00e9 aus. Als unser Gesch\u00e4ft wuchs, zogen wir an die Plaza Fa\u00f1ab\u00e9 um und expandierten sp\u00e4ter mit einem zweiten B\u00fcro in Vista Sur. Heute befindet sich unser neuer Hauptsitz in Madro\u00f1al de Fa\u00f1ab\u00e9, wo sowohl Tu Nido Tenerife als auch CanaryVIP t\u00e4tig sind, um unseren Kunden weiterhin erstklassige Dienstleistungen zu bieten.<\/span><\/p>\n<\/div><\/div><\/div><\/div><\/div><div class=\"vc_col-sm-12 wpb_column vc_column_container\"><div class=\"vc_column-inner\"><div class=\"wpb_wrapper\"><div class=\"w-image us_custom_af6a9b6a align_none\"><div class=\"w-image-h\"><img decoding=\"async\" width=\"1024\" height=\"683\" src=\"https:\/\/canaryvip.com\/wp-content\/uploads\/2025\/02\/TuNido-Office_Web-1.webp\" class=\"attachment-large size-large\" alt=\"B\u00fcro\" loading=\"lazy\" srcset=\"https:\/\/canaryvip.com\/wp-content\/uploads\/2025\/02\/TuNido-Office_Web-1.webp 1024w, https:\/\/canaryvip.com\/wp-content\/uploads\/2025\/02\/TuNido-Office_Web-1-300x200.webp 300w, https:\/\/canaryvip.com\/wp-content\/uploads\/2025\/02\/TuNido-Office_Web-1-18x12.webp 18w, https:\/\/canaryvip.com\/wp-content\/uploads\/2025\/02\/TuNido-Office_Web-1-600x400.webp 600w\" sizes=\"auto, (max-width: 1024px) 100vw, 1024px\" title=\"\"><\/div><\/div><h2 class=\"w-text us_custom_9d8033b1\"><span class=\"w-text-h\"><span class=\"w-text-value\">Die Geburt von CanaryVIP<\/span><\/span><\/h2><div class=\"wpb_text_column\"><div class=\"wpb_wrapper\"><p data-pm-slice=\"1 1 &#091;&#093;\"><span>Im Jahr 2024 haben wir die strategische Entscheidung getroffen, unser Gesch\u00e4ft mit Aktivit\u00e4ten und Ausfl\u00fcgen von Tu Nido Tenerife zu trennen und CanaryVIP als eigenst\u00e4ndige Marke zu gr\u00fcnden, die sich ausschlie\u00dflich auf touristische Erlebnisse auf den Kanarischen Inseln konzentriert. W\u00e4hrend Tu Nido Tenerife weiterhin ein etablierter Name in der <a href=\"https:\/\/www.tunidotenerife.com\/en\/inmobiliaria-tenerife\/\" target=\"_blank\" rel=\"noopener\">Immobilien Teneriffa<\/a> Sektor, <strong>CanaryVIP<\/strong> hat sich schnell zu einer f\u00fchrenden Online-Marke entwickelt, die es den Besuchern einfacher denn je macht, unglaubliche Aktivit\u00e4ten, Touren und Abenteuer auf den Inseln zu buchen.<\/span><\/p>\n<\/div><\/div><div class=\"w-html us_custom_af6a9b6a\"><iframe src=\"https:\/\/www.google.com\/maps\/embed?pb=!1m18!1m12!1m3!1d5215.387122659485!2d-16.72642792321668!3d28.09472697596261!2m3!1f0!2f0!3f0!3m2!1i1024!2i768!4f13.1!3m3!1m2!1s0xc6a996288a2335b%3A0x6e5358268b00a79!2sCanaryVIP%20-%20Tours%20and%20Excursions!5e1!3m2!1sen!2ses!4v1740406697434!5m2!1sen!2ses\" width=\"700\" height=\"300\" style=\"border:0;\" allowfullscreen=\"\" loading=\"lazy\" referrerpolicy=\"no-referrer-when-downgrade\"><\/iframe><\/div><\/div><\/div><\/div><div class=\"vc_col-sm-12 wpb_column vc_column_container\"><div class=\"vc_column-inner\"><div class=\"wpb_wrapper\"><h2 class=\"w-text us_custom_9d8033b1\"><span class=\"w-text-h\"><span class=\"w-text-value\">Unser Auftrag<\/span><\/span><\/h2><div class=\"wpb_text_column\"><div class=\"wpb_wrapper\"><p data-pm-slice=\"1 1 &#091;&#093;\"><span>Wir von CanaryVIP haben es uns zur Aufgabe gemacht, einzigartige, hochwertige Erlebnisse zu bieten, die das Beste der Kanarischen Inseln zeigen. Egal, ob Sie Bootstouren, Wassersport, Wanderabenteuer oder exklusive Privatausfl\u00fcge suchen, wir sorgen f\u00fcr eine unvergessliche Reise, die auf Ihre Bed\u00fcrfnisse zugeschnitten ist.<\/span><\/p>\n<\/div><\/div><div class=\"w-separator size_medium\"><\/div><\/div><\/div><\/div><\/div><\/div><\/section>","protected":false},"excerpt":{"rendered":"\u00dcber uns - CanaryVIPWer wir sindCanaryVIP ist eine erstklassige Online-Plattform, die die besten Aktivit\u00e4ten und Ausfl\u00fcge auf den Kanarischen Inseln anbietet. Als Teil von Tu Nido Tenerife, einer der besten Immobilienagenturen auf Teneriffa mit mehr als 20 Jahren Erfahrung im Bereich Immobilien und Immobilienbau, bieten wir unvergessliche...","protected":false},"author":1,"featured_media":0,"parent":0,"menu_order":0,"comment_status":"closed","ping_status":"closed","template":"","meta":{"_acf_changed":false,"footnotes":""},"class_list":["post-13824","page","type-page","status-publish","hentry"],"acf":[],"_links":{"self":[{"href":"https:\/\/canaryvip.com\/de\/wp-json\/wp\/v2\/pages\/13824","targetHints":{"allow":["GET"]}}],"collection":[{"href":"https:\/\/canaryvip.com\/de\/wp-json\/wp\/v2\/pages"}],"about":[{"href":"https:\/\/canaryvip.com\/de\/wp-json\/wp\/v2\/types\/page"}],"author":[{"embeddable":true,"href":"https:\/\/canaryvip.com\/de\/wp-json\/wp\/v2\/users\/1"}],"replies":[{"embeddable":true,"href":"https:\/\/canaryvip.com\/de\/wp-json\/wp\/v2\/comments?post=13824"}],"version-history":[{"count":5,"href":"https:\/\/canaryvip.com\/de\/wp-json\/wp\/v2\/pages\/13824\/revisions"}],"predecessor-version":[{"id":13832,"href":"https:\/\/canaryvip.com\/de\/wp-json\/wp\/v2\/pages\/13824\/revisions\/13832"}],"wp:attachment":[{"href":"https:\/\/canaryvip.com\/de\/wp-json\/wp\/v2\/media?parent=13824"}],"curies":[{"name":"wp","href":"https:\/\/api.w.org\/{rel}","templated":true}]}}