{"id":9834,"date":"2024-02-15T22:11:39","date_gmt":"2024-02-15T22:11:39","guid":{"rendered":"https:\/\/canaryvip.com\/?post_type=product&#038;p=9834"},"modified":"2025-08-09T12:53:55","modified_gmt":"2025-08-09T11:53:55","slug":"forestal-park-tenerife","status":"publish","type":"product","link":"https:\/\/canaryvip.com\/da\/shop\/forestal-park-tenerife\/","title":{"rendered":"Forestal Park Tenerife"},"content":{"rendered":"<h2><strong>\ud83c\udf32 Forestal Park Tenerife: Dyk ned i naturens legeplads!<\/strong><\/h2>\n<p>Tag p\u00e5 et eventyr som intet andet p\u00e5 <strong>Forestal Park Tenerife,<\/strong> hvor friluftslivets sp\u00e6nding m\u00f8der den fredfyldte sk\u00f8nhed i de hundrede\u00e5rige fyrreskove. Oplev sp\u00e6ndingen ved at navigere gennem den st\u00f8rste sv\u00e6vebane- og eventyrpark p\u00e5 De Kanariske \u00d8er. Med over 90 unikke udfordringer i stor h\u00f8jde, herunder h\u00e6ngebroer, net, lianer og betagende sv\u00e6vebaner, vil din eventyrlyst stige til nye h\u00f8jder.<\/p>\n<h3><strong>\ud83c\udfa2 Hvorfor v\u00e6lge vores eventyr?<\/strong><\/h3>\n<ul>\n<li><strong>Garanteret sjov:<\/strong> Sikr dig din plads ved at booke p\u00e5 forh\u00e5nd, og undg\u00e5 skuffelsen over en fyldt park.<\/li>\n<li><strong>Eksklusive rabatter:<\/strong> F\u00e5 eksklusive rabatter, n\u00e5r du booker dit n\u00e6ste eventyr hos os!<\/li>\n<li><strong>Fleksible planer:<\/strong> \u00c6ndring af planer? Vores lempelige afbestillingsregler d\u00e6kker dig.<\/li>\n<li><strong>Insiderr\u00e5dgivning:<\/strong> Drag fordel af vores f\u00f8rsteh\u00e5ndserfaringer og anbefalinger til det bedste eventyr.<\/li>\n<\/ul>\n<h3><strong>\ud83d\udc65 Teambuilding og gruppeoplevelser<\/strong><\/h3>\n<p>L\u00f8ft kammeratskabet og skab varige forbindelser i enhver gruppe gennem vores forskellige teambuilding-eventyr. <strong>Forestal Park Tenerife<\/strong> tilbyder en karakteristisk kulisse, der er perfekt til at styrke hold\u00e5nden blandt <strong>virksomhedsgrupper,<\/strong>\u00a0fejrer s\u00e6rlige \u00f8jeblikke med <strong>venner,<\/strong>\u00a0markerer milep\u00e6le som <strong>f\u00f8dselsdage,<\/strong>\u00a0eller bringe <strong>store familiesammenkomster<\/strong> t\u00e6ttere sammen.<\/p>\n<p>t\u00e6ttere sammen. Vores omhyggeligt udformede udfordringer underholder ikke kun, men fremmer ogs\u00e5 teamwork, kommunikation og en f\u00e6lles f\u00f8lelse af triumf og sammenhold p\u00e5 tv\u00e6rs af alle typer grupper. Uanset om du \u00f8nsker at styrke virksomhedsteams, skabe uforglemmelige f\u00f8dselsdagsminder, forene venner i eventyr eller samle storfamilier til en dag med sjov, sikrer vores park en inkluderende, engagerende og mindev\u00e6rdig oplevelse for alle.<\/p>\n<h3><strong>\ud83d\udee0\ufe0f G\u00f8r dig klar til dit eventyr<\/strong><\/h3>\n<ul>\n<li><strong>Book i forvejen:<\/strong> Garanter din adgang ved at booke i forvejen.<\/li>\n<li><strong>Tips til ankomsten<\/strong>: Beliggende i La Esperanza, r\u00e5der vi g\u00e6ster, der bor p\u00e5 Tenerife Syd, til at planl\u00e6gge deres bes\u00f8g omhyggeligt p\u00e5 forh\u00e5nd, da rejsen i bil tager mindst 1 time. Tag h\u00f8jde for eventuelle forsinkelser p\u00e5 grund af lokale cyklister og vejforholdene i bjergene for at sikre en problemfri og rettidig ankomst.<\/li>\n<li><strong>Kl\u00e6d dig rigtigt p\u00e5:<\/strong> Tag passende t\u00f8j p\u00e5 til en aktiv dag udend\u00f8rs.<\/li>\n<li><strong>F\u00f8r bes\u00f8get:<\/strong> Check ind 30 minutter f\u00f8r din booking for at blive bekendt med parkens faciliteter.<\/li>\n<\/ul>\n<h3><strong>\ud83c\udf33 Eventyret venter ved hvert hj\u00f8rne<\/strong><\/h3>\n<ul>\n<li><strong>Forskellige udfordringer:<\/strong> Fra rolige vandreture til ekstrem sp\u00e6nding - vores park henvender sig til alle niveauer af eventyrlystne.<\/li>\n<li><strong>Konstant sikkerhed:<\/strong> Vores professionelle team s\u00f8rger for, at du altid er sikkert forbundet, s\u00e5 du f\u00e5r en bekymringsfri oplevelse.<\/li>\n<li><strong>Mere at udforske:<\/strong> Oplev det store udvalg af eventyr, som Tenerife har at byde p\u00e5 uden for tr\u00e6toppene.<\/li>\n<\/ul>\n<h3><strong>\ud83c\udfde\ufe0f Funktioner i vores udend\u00f8rs park<\/strong><\/h3>\n<ul>\n<li><strong>Uds\u00f8gt natur:<\/strong> Fordyb dig i den frodige biodiversitet i Tenerifes skove.<\/li>\n<li><strong>Aktiviteter for alle:<\/strong> Nyd en r\u00e6kke udfordringer i tr\u00e6toppene, der passer til alle aldre og niveauer.<\/li>\n<li><strong>Ekspertr\u00e5dgivning:<\/strong> Vores kvalificerede instrukt\u00f8rer sikrer et sjovt og sikkert eventyr for alle.<\/li>\n<li><strong>Milj\u00f8bevidst:<\/strong> Vores engagement i b\u00e6redygtighed betyder, at vi nyder naturen uden at skade den.<\/li>\n<li><strong>Faciliteter:<\/strong> Tank op i vores caf\u00e9, og benyt vores rene faciliteter til en behagelig dag.<\/li>\n<\/ul>\n<h3><strong>\ud83d\udcc5 Planl\u00e6g dit bes\u00f8g<\/strong><\/h3>\n<ul>\n<li><strong>Timer med eventyr:<\/strong> \u00c5bent dagligt fra 10:00 til 18:00. S\u00f8rg for at ankomme senest kl. 16.30 for sidste indgang.<\/li>\n<li><strong>Nem online booking:<\/strong> Spring k\u00f8erne over ved at booke dine billetter online. Se efter s\u00e6rlige priser og rabatter!<\/li>\n<\/ul>\n<h3><strong>\ud83d\udee1\ufe0f Booking af tryghed<\/strong><\/h3>\n<ul>\n<li><strong>\u00d8jeblikkelig bekr\u00e6ftelse:<\/strong> Modtag en bekr\u00e6ftelsesmail med dine bookingoplysninger og et unikt referencenummer.<\/li>\n<li><strong>S\u00e6rlige tilbud:<\/strong> Alle bookinger kommer med en s\u00e6rlig rabat til dit n\u00e6ste eventyr, plus grupperabatter.<\/li>\n<li><strong>Forpligtelse til sikkerhed:<\/strong> Overholdelse af vores sikkerhedsretningslinjer er afg\u00f8rende for et sjovt og sikkert bes\u00f8g.<\/li>\n<li><strong>Hensynsfuld aflysning:<\/strong> Fleksible afbestillingsregler, der tillader gratis \u00e6ndringer op til 48 timer f\u00f8r din booking. Afbestillinger inden for 48 timer p\u00e5l\u00e6gges et gebyr p\u00e5 50%, og udeblivelser refunderes ikke.<\/li>\n<\/ul>\n<h4><strong>\ud83c\udf04 Klar til at opleve det ultimative udend\u00f8rs eventyr?<\/strong><\/h4>\n<p>Tag med os p\u00e5 en rejse gennem tr\u00e6toppene, og oplev Tenerifes naturlige sk\u00f8nhed fra oven. Book dit eventyr nu, og tr\u00e6d ind i en verden af sp\u00e6nding og opdagelse! \ud83c\udf32\ud83c\udfde\ufe0f<\/p>","protected":false},"excerpt":{"rendered":"<p>\ud83d\udd0d <strong>Forestal Park Tenerife<\/strong>:<br \/>\n\u2705 Sikker betaling.<br \/>\n\ud83c\udf32 St\u00f8rste Zip Line &amp; Adventure Park.<br \/>\n\ud83d\udc64 Aktiviteter for alle aldre.<br \/>\n\ud83d\udd56 \u00c5bent 10:00 - 18:00.<br \/>\n\ud83d\udcc5 Fre, l\u00f8r &amp; s\u00f8n.<br \/>\n\ud83d\ude97 Parkering til r\u00e5dighed for bes\u00f8gende.<br \/>\n\ud83e\udd7e Sikkerhedsudstyr stilles til r\u00e5dighed.<br \/>\n\ud83e\udd11 Garanteret bedste pris.<br \/>\n\ud83d\udc68\u200d\ud83d\udc69\u200d\ud83d\udc67\u200d\ud83d\udc66 Gruppe- og familierabatter.<br \/>\n\ud83c\udf10 Flersproget personale.<br \/>\n\ud83c\udf32 Forudbestilling anbefales.<br \/>\n\ud83d\udccd Beliggende i <a href=\"https:\/\/maps.app.goo.gl\/JbRxgrnnevPucnau9\">La Esperanza, Tenerife<\/a>.<\/p>","protected":false},"featured_media":9837,"comment_status":"open","ping_status":"closed","template":"","meta":{"_acf_changed":false},"product_brand":[],"product_cat":[82],"product_tag":[],"class_list":{"0":"post-9834","1":"product","2":"type-product","3":"status-publish","4":"has-post-thumbnail","6":"product_cat-fun-activities","7":"wcpa_has_options","9":"first","10":"instock","11":"virtual","12":"purchasable","13":"product-type-simple"},"acf":[],"wcpa_form_fields":{"wcpaData":{"product":{"product_price":26,"price_html":"From&nbsp;<span class=\"woocommerce-Price-amount amount\"><bdi>26,00&nbsp;<span class=\"woocommerce-Price-currencySymbol\">&euro;<\/span><\/bdi><\/span>","original_product_price":26,"price_including_tax":26,"price_excluding_tax":26,"product_id":{"parent":9834,"variation":false},"is_variable":false,"stock_status":"instock","stock_quantity":null,"parent_sku":"CV9834","product_attributes":[],"custom_fields":[],"is_taxable":false,"product_name":"Forestal Park Tenerife","hasImage":false},"fields":{"sec_465e50fd642ff4":{"extra":{"key":"sec_465e50fd642ff4","section_id":"sec_465e50fd642ff4","name":"Default","status":1,"cl_rule":"show","enableCl":false,"relations":[],"toggle":true,"title_tag":"h3","show_title":false,"showPrice":"default","form_id":10220,"form_rules":{"exclude_from_discount":true,"fee_label":"Fee","disp_hide_options_price":true,"disp_show_section_price":false,"disp_show_field_price":true,"layout_option":"standard","pric_use_as_fee":false,"process_fee_as":"woo_fee"},"layout_option":"standard"},"fields":[[{"label":"\ud83d\udcc5 Date","active":true,"required":true,"elementId":"date_365e50fd643030","picker_type":"custom","picker_mode":"single","placeholder":"","description":"","tooltip":"","name":"date_365e50fd643030","label_position":"default","desc_position":"default","enablePrice":false,"className":"","enableCl":false,"relations":[{"operator":"and","rules":[{"operator":"AND","rules":{"cl_field":"radio-group_365e50fd643015","cl_relation":"is","cl_val":"3 Hour Trip"}}]}],"date_pic_inline":true,"date_pic_inline_hide":true,"min_date":{"type":"days","val":"2"},"max_date":{"type":"days","val":"365"},"date_pic_conf":{"disabledWeeks":[1,2,3,4]},"price":"","cl_rule":"show","col":6,"type":"date","error":false,"enableDesign":false,"LabelColor":"","gt_translate_keys":["label","placeholder","description","tooltip"],"price_dependency":false,"cl_dependency":false,"value":""}],[{"active":true,"col":6,"relations":[{"operator":false,"rules":[{"operator":"AND","rules":{"cl_field":"","cl_relation":"","cl_val":""}}]}],"cl_rule":"show","enableCl":false,"price":"","enablePrice":false,"className":"","label_position":"default","desc_position":"default","type":"radio-group","required":true,"elementId":"radio-group_365e50fd643015","label":"\ud83c\udf1f Type of Ticket","name":"radio-group_365e50fd643015","values":[{"label":"Regular Tickets (26\u20ac)","value":"Regular Tickets","selected":false,"tempId":"aco_28","description":"Regular Admission Tickets.","gt_translate_keys":["label","description"]},{"label":"Resident Tickets (22\u20ac)","value":"Resident Tickets","selected":false,"tempId":"aco_30","description":"Regular Tickets for Canary Island Residents. You must present a valid document as proof of residency.","gt_translate_keys":["label","description"]}],"layOut":"","error":false,"checkUi":"toggle","enableDesign":false,"scrollBar":false,"description":"","other":false,"options_description":true,"show_selected_option":false,"gt_translate_keys":["label","description"],"price_dependency":false,"cl_dependency":[false,false],"value":""}]]},"sec_665e50fd643017":{"extra":{"key":"sec_665e50fd643017","section_id":"sec_665e50fd643017","name":"Regular Tickets","status":1,"cl_rule":"show","enableCl":true,"relations":[{"operator":false,"rules":[{"operator":"AND","rules":{"cl_field":"radio-group_365e50fd643015","cl_relation":"is","cl_val":"Regular Tickets"}}]}],"toggle":true,"title_tag":"h4","show_title":false,"showPrice":"default","form_id":10220,"form_rules":{"exclude_from_discount":true,"fee_label":"Fee","disp_hide_options_price":true,"disp_show_section_price":false,"disp_show_field_price":true,"layout_option":"standard","pric_use_as_fee":false,"process_fee_as":"woo_fee"},"layout_option":"standard"},"fields":[[{"elementId":"separator_1065e50fd64303b","separatorType":"blank","className":"","height":"10","enableCl":false,"relations":false,"cl_rule":"show","col":6,"type":"separator","gt_translate_keys":[],"price_dependency":false,"cl_dependency":false,"value":""}],[{"active":true,"col":6,"relations":false,"cl_rule":"show","enableCl":false,"price":"","enablePrice":false,"className":"","label_position":"default","desc_position":"default","type":"content","required":false,"elementId":"content_565e50fd643045","label":"People","name":"content_565e50fd643045","contentType":"plain","value":"","error":false,"show_in_checkout":true,"inline":false,"gt_translate_keys":["label","value"],"price_dependency":false,"cl_dependency":false}],[{"active":true,"col":6,"relations":[{"operator":false,"rules":[{"operator":"AND","rules":{"cl_field":"","cl_relation":"","cl_val":""}}]}],"cl_rule":"show","enableCl":true,"price":"26","enablePrice":true,"className":"","label_position":"default","desc_position":"default","type":"radio-group","required":false,"elementId":"radio-group_565e50fd643051","label":"","name":"radio-group_565e50fd643051","values":[{"label":"\ud83d\udc64 Adult (26\u20ac)","value":"Adult (26<\u20ac)","selected":true,"tempId":"aco_32","tooltip":"+13 Years","description":"","gt_translate_keys":["label","tooltip","description"]}],"layOut":"","error":false,"checkUi":"button","priceOptions":"fixed_for_all","pricingType":"fixed","enable_quantity":true,"quantity_label":"","min_quantity":"0","options_tooltip":true,"options_description":true,"gt_translate_keys":["label","quantity_label"],"price_dependency":false,"cl_dependency":false,"value":""}],[{"label":"","active":true,"required":false,"elementId":"radio-group_965e50fd64305c","name":"radio-group_965e50fd64305c","label_position":"default","desc_position":"default","enablePrice":true,"className":"","enableCl":false,"relations":false,"enable_quantity":true,"quantity_label":"","min_quantity":"0","checkUi":"button","layOut":"","values":[{"label":"\ud83d\udc66 Child (21\u20ac)","value":"Child (21\u20ac)","selected":true,"tempId":"aco_32","tooltip":"5-12 Years","description":"","gt_translate_keys":["label","tooltip","description"]}],"priceOptions":"fixed_for_all","pricingType":"fixed","price":"21","cl_rule":"show","col":6,"type":"radio-group","error":false,"options_tooltip":true,"options_description":true,"gt_translate_keys":["label","quantity_label"],"price_dependency":false,"cl_dependency":false,"value":""}]]},"sec_965e50fd6430a4":{"extra":{"key":"sec_965e50fd6430a4","section_id":"sec_965e50fd6430a4","name":"Resident Tickets","status":1,"cl_rule":"show","enableCl":true,"relations":[{"operator":false,"rules":[{"operator":"AND","rules":{"cl_field":"radio-group_365e50fd643015","cl_relation":"is","cl_val":"Resident Tickets"}}]}],"toggle":true,"title_tag":"h4","show_title":false,"showPrice":"default","form_id":10220,"form_rules":{"exclude_from_discount":true,"fee_label":"Fee","disp_hide_options_price":true,"disp_show_section_price":false,"disp_show_field_price":true,"layout_option":"standard","pric_use_as_fee":false,"process_fee_as":"woo_fee"},"layout_option":"standard"},"fields":[[{"elementId":"separator_465e50fd6430c1","separatorType":"blank","className":"","height":"10","enableCl":false,"relations":false,"cl_rule":"show","col":6,"type":"separator","gt_translate_keys":[],"price_dependency":false,"cl_dependency":false,"value":""}],[{"contentType":"plain","active":true,"label":"People","elementId":"content_865e50fd6430cb","value":"","inline":false,"show_in_checkout":true,"name":"content_865e50fd6430cb","enablePrice":false,"className":"","enableCl":false,"relations":false,"price":"","cl_rule":"show","col":6,"type":"content","gt_translate_keys":["label","value"],"price_dependency":false,"cl_dependency":false}],[{"label":"","active":true,"required":false,"elementId":"radio-group_665e50fd6430d6","name":"radio-group_665e50fd6430d6","label_position":"default","desc_position":"default","enablePrice":true,"className":"","enableCl":true,"relations":[{"operator":false,"rules":[{"operator":"AND","rules":{"cl_field":"","cl_relation":"","cl_val":""}}]}],"enable_quantity":true,"quantity_label":"","min_quantity":"0","checkUi":"button","layOut":"","options_tooltip":true,"values":[{"label":"\ud83d\udc64 Adult (22\u20ac)","value":"Adult (22\u20ac)","selected":true,"tempId":"aco_32","tooltip":"+13 Years","gt_translate_keys":["label","tooltip"]}],"priceOptions":"fixed_for_all","pricingType":"fixed","price":"22","cl_rule":"show","col":6,"type":"radio-group","error":false,"gt_translate_keys":["label","quantity_label"],"price_dependency":false,"cl_dependency":false,"value":""}],[{"label":"","active":true,"required":false,"elementId":"radio-group_465e50fd6430e0","name":"radio-group_465e50fd6430e0","label_position":"default","desc_position":"default","enablePrice":true,"className":"","enableCl":false,"relations":false,"enable_quantity":true,"quantity_label":"","min_quantity":"0","checkUi":"button","layOut":"","options_tooltip":true,"values":[{"label":"\ud83d\udc66 Child (15\u20ac)","value":"Children (15\u20ac)","selected":true,"tempId":"aco_32","tooltip":"5-12 Years","gt_translate_keys":["label","tooltip"]}],"priceOptions":"fixed_for_all","pricingType":"fixed","price":"15","cl_rule":"show","col":6,"type":"radio-group","error":false,"gt_translate_keys":["label","quantity_label"],"price_dependency":false,"cl_dependency":false,"value":""}]]}},"config":{"price_override":"always","enable_recaptcha":false,"bind_quantity":false,"quantity_bind_formula":false,"disp_summ_show_option_price":true,"disp_summ_show_product_price":false,"disp_summ_show_total_price":true,"disp_summ_show_fee":true,"disp_summ_show_discount":true,"summary_title":"","options_total_label":"Options Price","total_label":"Total Amount","options_product_label":"Product Price","fee_label":"Fee","discount_label":"Discount","has_price":true,"has_quantity_formula":false},"mc_unit":1,"tax_rate":1,"tax_rate_real":1,"discount":{"percentage":0,"fixed":0},"design":{"conf":{"LabelPosition":"above","DescPosition":"above","UploadField":"custom_1","QuantityFieldStyle":"custom_1"},"css":{"LeftLabelWidth":"120px"}},"formulas":[],"lookuptables":[],"clones":false,"cartKey":false}},"_links":{"self":[{"href":"https:\/\/canaryvip.com\/da\/wp-json\/wp\/v2\/product\/9834","targetHints":{"allow":["GET"]}}],"collection":[{"href":"https:\/\/canaryvip.com\/da\/wp-json\/wp\/v2\/product"}],"about":[{"href":"https:\/\/canaryvip.com\/da\/wp-json\/wp\/v2\/types\/product"}],"replies":[{"embeddable":true,"href":"https:\/\/canaryvip.com\/da\/wp-json\/wp\/v2\/comments?post=9834"}],"wp:featuredmedia":[{"embeddable":true,"href":"https:\/\/canaryvip.com\/da\/wp-json\/wp\/v2\/media\/9837"}],"wp:attachment":[{"href":"https:\/\/canaryvip.com\/da\/wp-json\/wp\/v2\/media?parent=9834"}],"wp:term":[{"taxonomy":"product_brand","embeddable":true,"href":"https:\/\/canaryvip.com\/da\/wp-json\/wp\/v2\/product_brand?post=9834"},{"taxonomy":"product_cat","embeddable":true,"href":"https:\/\/canaryvip.com\/da\/wp-json\/wp\/v2\/product_cat?post=9834"},{"taxonomy":"product_tag","embeddable":true,"href":"https:\/\/canaryvip.com\/da\/wp-json\/wp\/v2\/product_tag?post=9834"}],"curies":[{"name":"wp","href":"https:\/\/api.w.org\/{rel}","templated":true}]}}