{"id":9654,"date":"2024-02-11T16:27:15","date_gmt":"2024-02-11T16:27:15","guid":{"rendered":"https:\/\/canaryvip.com\/?post_type=product&#038;p=9654"},"modified":"2026-03-26T13:04:23","modified_gmt":"2026-03-26T13:04:23","slug":"book-scandal-dinner-show","status":"publish","type":"product","link":"https:\/\/canaryvip.com\/da\/shop\/book-scandal-dinner-show\/","title":{"rendered":"Scandal Middagsshow p\u00e5 Tenerife"},"content":{"rendered":"<h2><strong>\ud83c\udfad Scandal Burlesque Middagsshow<\/strong><\/h2>\n<p>En aften med luksus, humor og f\u00e6ngslende optr\u00e6dener tilbydes p\u00e5 <strong>Scandal Burlesque-middagsshow.<\/strong> Denne begivenhed, der er designet til dem, der s\u00f8ger en oph\u00f8jet aften ude, kombinerer burleskens tiltr\u00e6kningskraft med engagerende komedie, magi og musikalske numre. <strong>CanaryVIP<\/strong> inviterer b\u00e5de lokale og bes\u00f8gende til en mindev\u00e6rdig oplevelse.<\/p>\n<h3><strong>\ud83c\udf7d\ufe0f Luksuri\u00f8s spisning p\u00e5 GF Victoria 5*<\/strong><\/h3>\n<ul>\n<li><strong>Placering:<\/strong> Den prestigefyldte <a href=\"https:\/\/www.google.com\/maps\/place\/GF+Victoria\/@28.0917871,-16.7412967,17z\/data=!3m1!4b1!4m9!3m8!1s0xc6a974d01c4268f:0x3c0e40669a61bb47!5m2!4m1!1i2!8m2!3d28.0917871!4d-16.7387218!16s%2Fg%2F11bvv59vv2?entry=tts&amp;g_ep=EgoyMDI0MDUwOC4wKgBIAVAD\" target=\"_blank\" rel=\"noopener\">GF Victoria<\/a> Et 5* hotel i Costa Adeje fungerer som m\u00f8dested og giver en perfekt blanding af bekvemmelighed og storhed til en uforglemmelig aften.<\/li>\n<li><strong>K\u00f8kken:<\/strong> G\u00e6sterne kan nyde en overd\u00e5dig 5-retters menu, omhyggeligt tilberedt af de fineste ingredienser og serveret med professionel elegance. Hver ret lover at fortrylle smagsl\u00f8gene med kulinariske l\u00e6kkerier.<\/li>\n<\/ul>\n<h3><strong>\ud83d\udd70\ufe0f Rejseplan for aftenen<\/strong><\/h3>\n<ul>\n<li><strong>Tidsplan:<\/strong> Aftenen starter kl. 20.00, og forestillingerne begynder kl. 20.30 og varer ca. 3 timer. Efter showet er g\u00e6sterne inviteret til hotellets Skybar til en forl\u00e6nget aften med afslapning og cocktails i en fantastisk kulisse.<\/li>\n<li><strong>P\u00e5kl\u00e6dning:<\/strong> G\u00e6sterne opfordres til at omfavne aftenen i stilfuldt aftenst\u00f8j, der afspejler arrangementets sofistikerede atmosf\u00e6re. Denne sammenkomst er beregnet til g\u00e6ster p\u00e5 16 \u00e5r og derover, hvilket sikrer en moden og elegant oplevelse.<\/li>\n<\/ul>\n<h3><strong>\ud83c\udf9f\ufe0f V\u00e6lg din perfekte aften<\/strong><\/h3>\n<ul>\n<li><strong>Golden Pass:<\/strong> Dyk ned i showet med en gourmet-smagemenu, ledsaget af en r\u00e6kke ubegr\u00e6nsede drinks til en virkelig fork\u00e6lende aften.<\/li>\n<li><strong>Platin-oplevelse:<\/strong> For et ekstra lag af luksus inkluderer Platinum Experience alle fordelene ved Golden Pass plus privatliv ved dit eget bord, hvilket g\u00f8r aftenen endnu mere speciel.<\/li>\n<\/ul>\n<h3><strong>\ud83d\udccd Din plads til spektaklet<\/strong><\/h3>\n<ul>\n<li>Lokalet er omhyggeligt indrettet for at sikre, at alle g\u00e6ster har frit udsyn til scenen, s\u00e5 man kan nyde hver eneste forestilling fra alle vinkler.<\/li>\n<\/ul>\n<h3><strong>\ud83c\udf89 Skr\u00e6ddersyede fester<\/strong><\/h3>\n<ul>\n<li>S\u00e6rlige lejligheder, fra f\u00f8dselsdage til virksomhedssamlinger, med plads til grupper p\u00e5 30 til 150, kan markeres. Eventteamet er klar til at skr\u00e6ddersy aftener til perfektion.<\/li>\n<\/ul>\n<h3><strong>\ud83c\udf1f Essensen af det burleske show:<\/strong><\/h3>\n<ul>\n<li><strong>Interaktiv underholdning:<\/strong> De optr\u00e6dende g\u00e5r i direkte dialog med publikum og skaber en intim og livlig atmosf\u00e6re, der betager og begejstrer.<\/li>\n<li><strong>En rig variation af handlinger:<\/strong> Forestillingen byder p\u00e5 en varieret og sp\u00e6ndende oplevelse med hvert nummer, fra klassisk burlesque til moderne fortolkninger.<\/li>\n<\/ul>\n<h3><strong>\ud83c\udf72 En menu til enhver gane:<\/strong><\/h3>\n<p>Et varieret udvalg af menuer er designet til at im\u00f8dekomme enhver smag, herunder vegetariske og veganske muligheder efter anmodning. De uds\u00f8gte tilbud inkluderer:<\/p>\n<ul>\n<li>Knasende l\u00e6kkerier ledsaget af raita, r\u00f8get majscreme med et strejf af koriander og saftigt iberisk svinek\u00f8d.<\/li>\n<li>Delikat tilberedt paccheri-pasta med en fyldig svamperagout, der er krydret med syltede ingredienser.<\/li>\n<li>M\u00f8rt tilberedt sort gris med sataysauce og en kreativt pr\u00e6senteret faux risotto.<\/li>\n<li>En dessertfinale med macarons med r\u00f8de b\u00e6r og hvid chokolade.<\/li>\n<\/ul>\n<h3><strong>\u2696\ufe0f Reservations- og afbestillingsregler:<\/strong><\/h3>\n<ul>\n<li><strong>Book i forvejen for at f\u00e5 fordele:<\/strong> Ved at booke p\u00e5 forh\u00e5nd sikrer man sig de bedste priser og forenkler planl\u00e6gningsprocessen.<\/li>\n<li><strong>Fleksible aflysninger:<\/strong> Gratis afbestilling tilbydes op til 48 timer f\u00f8r det planlagte showtime, hvilket giver mulighed for fleksibilitet i planerne.<\/li>\n<li><strong>Gruppebookinger forenklet:<\/strong> For selskaber p\u00e5 mere end 6 personer er der en simpel afbestillingspolitik op til 4 dage f\u00f8r arrangementet. Afbestillinger foretaget 2 til 4 dage f\u00f8r arrangementet er berettiget til en 50% refusion.<\/li>\n<\/ul>\n<h3><strong>\ud83c\udf92 G\u00f8r dig klar til natten:<\/strong><\/h3>\n<ul>\n<li><strong>P\u00e5kl\u00e6dningskode:<\/strong> G\u00e6sterne r\u00e5des til at tage deres fineste aftenbekl\u00e6dning p\u00e5 for at matche arrangementets elegante rammer. Mens jeans og en p\u00e6n t-shirt er acceptabelt, frar\u00e5des sportst\u00f8j og herreshorts for at bevare den eksklusive atmosf\u00e6re.<\/li>\n<li><strong>Information om parkering:<\/strong> Der er praktisk parkering n\u00e6r Plaza del Duque indk\u00f8bscenter, en kort g\u00e5tur fra stedet, hvilket sikrer nem adgang for alle g\u00e6ster.<\/li>\n<\/ul>\n<h4><strong>\ud83c\udf1f En uforglemmelig aften venter<\/strong><\/h4>\n<p>Scandal Burlesque <a href=\"https:\/\/canaryvip.com\/da\/tenerife\/evening-shows\/\">Middagsshow<\/a> lover at blive h\u00f8jdepunktet p\u00e5 dit bes\u00f8g p\u00e5 Tenerife med <strong>CanaryVIP.<\/strong>\u00a0K\u00f8b dine billetter nu til en uovertruffen blanding af underholdning, spisning og natursk\u00f8nne udsigter. \ud83c\udf0c\ud83c\udf78<\/p>","protected":false},"excerpt":{"rendered":"<p><strong>\ud83d\udd0d Scandal Show Highlights:<\/strong><br \/>\n\u2705 Sikker betaling.<br \/>\n\ud83d\udc83 Show i burlesque-stil.<br \/>\n\ud83d\udd59 Hver l\u00f8rdag kl. 20.30.<br \/>\n\ud83c\udf5b Middag inkluderet.<br \/>\n\ud83c\udf77 Vin og l\u00e6skedrikke inkluderet.<br \/>\n\ud83c\udf0d Engelsk og spansk V\u00e6rt.<br \/>\n\u2705 +16 Kun for voksne.<br \/>\n\ud83d\ude80 Meget popul\u00e6r!<br \/>\n\ud83e\udd11 Garanteret bedste pris.<br \/>\n\ud83d\udc6a Rabatter ved gruppebookinger.<br \/>\n\ud83d\udd01 Gratis afbestilling op til 48 timer.<br \/>\n\ud83c\udf1f Book tidligt, der bliver hurtigt fyldt op!<br \/>\n\ud83d\udccd Sted p\u00e5 <a href=\"https:\/\/maps.app.goo.gl\/boB3JcWYHb8AiGY58\">Hotel GF Victoria<\/a>.<\/p>","protected":false},"featured_media":9659,"comment_status":"open","ping_status":"closed","template":"","meta":{"_acf_changed":false},"product_brand":[],"product_cat":[59],"product_tag":[],"class_list":{"0":"post-9654","1":"product","2":"type-product","3":"status-publish","4":"has-post-thumbnail","6":"product_cat-evening-shows","7":"wcpa_has_options","9":"first","10":"instock","11":"virtual","12":"purchasable","13":"product-type-simple"},"acf":[],"wcpa_form_fields":{"wcpaData":{"product":{"product_price":94,"price_html":"From&nbsp;<span class=\"woocommerce-Price-amount amount\"><bdi>94,00&nbsp;<span class=\"woocommerce-Price-currencySymbol\">&euro;<\/span><\/bdi><\/span>","original_product_price":94,"price_including_tax":94,"price_excluding_tax":94,"product_id":{"parent":9654,"variation":false},"is_variable":false,"stock_status":"instock","stock_quantity":null,"parent_sku":"CV9654","product_attributes":[],"custom_fields":[],"is_taxable":false,"product_name":"Scandal Dinner Show Tenerife","hasImage":false},"fields":{"sec_165e506ca90d2c":{"extra":{"key":"sec_165e506ca90d2c","section_id":"sec_165e506ca90d2c","name":"Default","status":1,"cl_rule":"show","enableCl":false,"relations":[],"toggle":true,"title_tag":"h3","show_title":false,"showPrice":"default","form_id":10217,"form_rules":{"exclude_from_discount":true,"fee_label":"Fee","disp_hide_options_price":true,"disp_show_section_price":false,"disp_show_field_price":true,"layout_option":"standard","pric_use_as_fee":false,"process_fee_as":"woo_fee"},"layout_option":"standard"},"fields":[[{"label":"\ud83d\udcc5 Date","active":true,"required":true,"elementId":"date_265e506ca90d6a","picker_type":"custom","picker_mode":"single","placeholder":"","description":"","tooltip":"","name":"date_265e506ca90d6a","label_position":"default","desc_position":"default","enablePrice":false,"className":"","enableCl":false,"relations":[{"operator":"and","rules":[{"operator":"AND","rules":{"cl_field":"radio-group_765e506ca90d4e","cl_relation":"is_not_empty","cl_val":"3 Hour Trip"}}]}],"date_pic_inline":true,"date_pic_inline_hide":true,"min_date":{"type":"days","val":"1"},"max_date":{"type":"days","val":"180"},"date_pic_conf":{"disabledWeeks":[0,1,2,3,4,5],"disabledDates":["2024-05-25","2024-08-10","2024-11-02","2024-12-14","2024-12-27 to 2024-12-28"]},"price":"","cl_rule":"show","col":6,"type":"date","error":false,"enableDesign":false,"LabelColor":"","date_conf_custom":{"minDate":"let d = new Date();\nif (d.getHours() >= 18) {\n  d.setDate(d.getDate() + 3);\n} else if (d.getHours() >= 12) {\n  d.setDate(d.getDate() + 1);\n} else {\nd.setDate(d.getDate());\n}\nreturn d;"},"isWeightTemplate":false,"isTemplate":false,"min_quantity":"1","quantity_decimal":false,"quantity_step":"1","quantity_label":"Quantity","repeater_field_label":"{field_label}","repeater_bind":"","gt_translate_keys":["label","placeholder","description","tooltip","repeater_field_label","quantity_label"],"price_dependency":false,"cl_dependency":["radio-group_765e506ca90d4e","radio-group_765e506ca90d4e"],"value":""}],[{"active":true,"col":6,"relations":[{"operator":false,"rules":[{"operator":"AND","rules":{"cl_field":"","cl_relation":"","cl_val":""}}]}],"cl_rule":"show","enableCl":false,"price":"","enablePrice":false,"className":"","label_position":"default","desc_position":"default","type":"radio-group","required":true,"elementId":"radio-group_765e506ca90d4e","label":"\ud83c\udf1f Type of Ticket","name":"radio-group_765e506ca90d4e","values":[{"label":"Gold Entrance (94\u20ac)","value":"Gold Entrance","selected":false,"tempId":"aco_28","description":"Enjoy the live show, tasting menu, and unlimited drinks.","gt_translate_keys":["label","description"]},{"label":"Platinum Entrance (114\u20ac)","value":"Platinum Entrance","selected":false,"tempId":"aco_29","description":"Enjoy the live show, tasting menu, unlimited drinks, and a private table.","options_cl":true,"relations":[{"operator":false,"rules":[{"operator":"or","rules":{"cl_field":"date_265e506ca90d6a","cl_relation":"is","cl_val":"2026-04-02"}},{"operator":false,"rules":{"cl_field":"date_265e506ca90d6a","cl_relation":"is","cl_val":"2026-03-26"}}]}],"cl_rule":"hide","gt_translate_keys":["label","description"]}],"layOut":"","error":false,"checkUi":"toggle","enableDesign":false,"scrollBar":false,"description":"","other":false,"options_description":true,"show_selected_option":false,"isWeightTemplate":false,"isTemplate":false,"min_quantity":"1","quantity_decimal":false,"quantity_step":"1","quantity_label":"Quantity","repeater_field_label":"{field_label}","repeater_bind":"","gt_translate_keys":["label","description","repeater_field_label","quantity_label"],"price_dependency":false,"cl_dependency":[false,false],"value":""}]]},"sec_965e506ca90d50":{"extra":{"key":"sec_965e506ca90d50","section_id":"sec_965e506ca90d50","name":"Gold","status":1,"cl_rule":"show","enableCl":true,"relations":[{"operator":false,"rules":[{"operator":"AND","rules":{"cl_field":"radio-group_765e506ca90d4e","cl_relation":"is","cl_val":"Gold Entrance"}}]}],"toggle":true,"title_tag":"h4","show_title":false,"showPrice":"default","form_id":10217,"form_rules":{"exclude_from_discount":true,"fee_label":"Fee","disp_hide_options_price":true,"disp_show_section_price":false,"disp_show_field_price":true,"layout_option":"standard","pric_use_as_fee":false,"process_fee_as":"woo_fee"},"layout_option":"standard"},"fields":[[{"elementId":"separator_765e506ca90d74","separatorType":"blank","className":"","height":"10","enableCl":false,"relations":false,"cl_rule":"show","col":6,"type":"separator","gt_translate_keys":[],"price_dependency":false,"cl_dependency":false,"value":""}],[{"active":true,"col":6,"relations":false,"cl_rule":"show","enableCl":false,"price":"","enablePrice":false,"className":"","label_position":"default","desc_position":"default","type":"content","required":false,"elementId":"content_365e506ca90d7f","label":"People","name":"content_365e506ca90d7f","contentType":"plain","value":"","error":false,"show_in_checkout":true,"inline":false,"gt_translate_keys":["label","value"],"price_dependency":false,"cl_dependency":false}],[{"active":true,"col":6,"relations":[{"operator":false,"rules":[{"operator":"AND","rules":{"cl_field":"","cl_relation":"","cl_val":""}}]}],"cl_rule":"show","enableCl":true,"price":"94","enablePrice":true,"className":"","label_position":"default","desc_position":"default","type":"radio-group","required":false,"elementId":"radio-group_265e506ca90d8a","label":"","name":"radio-group_265e506ca90d8a","values":[{"label":"\ud83d\udc64 Adult (94\u20ac)","value":"Adult","selected":true,"tempId":"aco_32","tooltip":"+16 Years","description":"","gt_translate_keys":["label","tooltip","description"]}],"layOut":"","error":false,"checkUi":"button","priceOptions":"fixed_for_all","pricingType":"fixed","enable_quantity":true,"quantity_label":"","min_quantity":"0","options_tooltip":true,"options_description":true,"gt_translate_keys":["label","quantity_label"],"price_dependency":false,"cl_dependency":false,"value":""}]]},"sec_365e506ca90da0":{"extra":{"key":"sec_365e506ca90da0","section_id":"sec_365e506ca90da0","name":"Platinum","status":1,"cl_rule":"show","enableCl":true,"relations":[{"operator":false,"rules":[{"operator":"AND","rules":{"cl_field":"radio-group_765e506ca90d4e","cl_relation":"is","cl_val":"Platinum Entrance"}}]}],"toggle":true,"title_tag":"h4","show_title":false,"showPrice":"default","form_id":10217,"form_rules":{"exclude_from_discount":true,"fee_label":"Fee","disp_hide_options_price":true,"disp_show_section_price":false,"disp_show_field_price":true,"layout_option":"standard","pric_use_as_fee":false,"process_fee_as":"woo_fee"},"layout_option":"standard"},"fields":[[{"elementId":"separator_565e506ca90daa","separatorType":"blank","className":"","height":"8","enableCl":false,"relations":false,"cl_rule":"show","col":6,"type":"separator","error":false,"gt_translate_keys":[],"price_dependency":false,"cl_dependency":false,"value":""}],[{"contentType":"plain","active":true,"label":"People","elementId":"content_365e506ca90dc6","value":"","inline":false,"show_in_checkout":true,"name":"content_365e506ca90dc6","enablePrice":false,"className":"","enableCl":false,"relations":false,"price":"","cl_rule":"show","col":6,"type":"content","gt_translate_keys":["label","value"],"price_dependency":false,"cl_dependency":false}],[{"label":"","active":true,"required":false,"elementId":"radio-group_365e506ca90dd1","name":"radio-group_365e506ca90dd1","label_position":"default","desc_position":"default","enablePrice":true,"className":"","enableCl":false,"relations":[{"operator":false,"rules":[{"operator":"AND","rules":{"cl_field":"","cl_relation":"","cl_val":""}}]}],"enable_quantity":true,"quantity_label":"","min_quantity":"0","checkUi":"button","layOut":"","options_tooltip":true,"values":[{"label":"\ud83d\udc64 Adult (114\u20ac)","value":"Adult","selected":true,"tempId":"aco_32","tooltip":"+16 Years","gt_translate_keys":["label","tooltip"]}],"priceOptions":"fixed_for_all","pricingType":"fixed","price":"114","cl_rule":"show","col":6,"type":"radio-group","error":false,"isWeightTemplate":false,"isTemplate":false,"quantity_decimal":false,"quantity_step":"1","repeater_field_label":"{field_label}","repeater_bind":"","gt_translate_keys":["label","repeater_field_label","quantity_label"],"price_dependency":false,"cl_dependency":false,"value":""}]]}},"config":{"price_override":"always","enable_recaptcha":false,"bind_quantity":false,"quantity_bind_formula":false,"disp_summ_show_option_price":true,"disp_summ_show_product_price":false,"disp_summ_show_total_price":true,"disp_summ_show_fee":true,"disp_summ_show_discount":true,"summary_title":"","options_total_label":"Options Price","total_label":"Total Amount","options_product_label":"Product Price","fee_label":"Fee","discount_label":"Discount","has_price":true,"has_quantity_formula":false},"mc_unit":1,"tax_rate":1,"tax_rate_real":1,"discount":{"percentage":0,"fixed":0},"design":{"conf":{"LabelPosition":"above","DescPosition":"above","UploadField":"custom_1","QuantityFieldStyle":"custom_1"},"css":{"LeftLabelWidth":"120px"}},"formulas":[],"lookuptables":[],"clones":false,"cartKey":false}},"_links":{"self":[{"href":"https:\/\/canaryvip.com\/da\/wp-json\/wp\/v2\/product\/9654","targetHints":{"allow":["GET"]}}],"collection":[{"href":"https:\/\/canaryvip.com\/da\/wp-json\/wp\/v2\/product"}],"about":[{"href":"https:\/\/canaryvip.com\/da\/wp-json\/wp\/v2\/types\/product"}],"replies":[{"embeddable":true,"href":"https:\/\/canaryvip.com\/da\/wp-json\/wp\/v2\/comments?post=9654"}],"wp:featuredmedia":[{"embeddable":true,"href":"https:\/\/canaryvip.com\/da\/wp-json\/wp\/v2\/media\/9659"}],"wp:attachment":[{"href":"https:\/\/canaryvip.com\/da\/wp-json\/wp\/v2\/media?parent=9654"}],"wp:term":[{"taxonomy":"product_brand","embeddable":true,"href":"https:\/\/canaryvip.com\/da\/wp-json\/wp\/v2\/product_brand?post=9654"},{"taxonomy":"product_cat","embeddable":true,"href":"https:\/\/canaryvip.com\/da\/wp-json\/wp\/v2\/product_cat?post=9654"},{"taxonomy":"product_tag","embeddable":true,"href":"https:\/\/canaryvip.com\/da\/wp-json\/wp\/v2\/product_tag?post=9654"}],"curies":[{"name":"wp","href":"https:\/\/api.w.org\/{rel}","templated":true}]}}