{"id":9493,"date":"2024-02-05T22:56:26","date_gmt":"2024-02-05T22:56:26","guid":{"rendered":"https:\/\/canaryvip.com\/?post_type=product&#038;p=9493"},"modified":"2025-08-09T12:59:18","modified_gmt":"2025-08-09T11:59:18","slug":"jungle-park-tickets","status":"publish","type":"product","link":"https:\/\/canaryvip.com\/da\/shop\/jungle-park-tickets\/","title":{"rendered":"K\u00f8b billetter til Jungle Park"},"content":{"rendered":"<h2>\ud83e\udd85 <strong>Jungle Park Tenerife: Et safarieventyr og paradis for vilde dyr<\/strong><\/h2>\n<p><strong>\u23f0 Udforsk hver dag:<\/strong> Eventyret venter fra kl. 10.00 til 17.30 og byder p\u00e5 en hel dag med udforskning og opdagelse.<\/p>\n<p>\ud83d\udccd <strong>Din safari venter:<\/strong> Oplev Tenerifes vilde side i Chayofa's Jungle Park, en fordybende oplevelse, der blander en zoologisk have og en botanisk have i et stort junglelandskab. Planl\u00e6g dit bes\u00f8g ved at <a href=\"https:\/\/maps.app.goo.gl\/K7g47iUPFiKyfYdU9\" target=\"_blank\" rel=\"noopener\">Find parken p\u00e5 Google Maps<\/a>.<\/p>\n<p>\ud83c\udf92 <strong>Essentielle eventyr:<\/strong> Pak til en dag i junglen med solcreme, behagelige vandresko, og glem ikke dit kamera til de mange fotomuligheder blandt eksotiske dyr og frodig natur.<\/p>\n<p>\ud83d\udca7 <strong>Opfrisk og tank op:<\/strong> Inde i parken er der forskellige muligheder for at f\u00e5 noget at drikke og spise, s\u00e5 alle f\u00e5r en behagelig og forn\u00f8jelig dag.<\/p>\n<p>\ud83c\udfab <strong>Hurtig adgang:<\/strong> Undg\u00e5 ventetiden med forh\u00e5ndsk\u00f8bte CanaryVIP-billetter, der giver hurtigere adgang for dem, der er forberedt, sammenlignet med bes\u00f8gende, der k\u00f8ber billetter ved ankomsten.<\/p>\n<p>\ud83d\ude8c <strong>Shuttle til junglen:<\/strong> Benyt dig af den gratis shuttleservice, der k\u00f8rer rundt fra det sydlige Tenerife og sikrer en direkte og bekvem rute til Jungle Park.<\/p>\n<p>\ud83c\udf1f <strong>CanaryVIP-eksklusiver:<\/strong> Booking med CanaryVIP sikrer ikke kun din adgang, men giver dig ogs\u00e5 adgang til s\u00e6rlige rabatter, prioriteret adgang og meget mere, hvilket forbedrer dit bes\u00f8g i Jungle Park.<\/p>\n<ul>\n<li><strong>\u00d8jeblikkelige besparelser:<\/strong> L\u00e5s op for eksklusive rabatter med det samme, n\u00e5r du booker hos os.<\/li>\n<li><strong>Mere for mindre:<\/strong> Tjek vores kombinationsbilletter for endnu st\u00f8rre besparelser og dobbelt s\u00e5 meget sjov.<\/li>\n<li><strong>Bekymringsfri planl\u00e6gning:<\/strong> F\u00e5 ro i sindet med muligheden for at aflyse op til 72 timer f\u00f8r dit planlagte bes\u00f8g.<\/li>\n<\/ul>\n<p>\ud83d\udc3e <strong>M\u00f8d vores dyrestjerner:<\/strong> Jungle Park er hjemsted for et mangfoldigt dyreliv, lige fra de legesyge orangutanger, gibboner og kapuciner i vores primatreservat til de majest\u00e6tiske leoparder og jaguarer i vores reservat for store katte. G\u00e5 ikke glip af pingvinerne, s\u00f8l\u00f8verne, surikaterne, vaskebj\u00f8rnene og vores imponerende samling af krybdyr med slanger, skildpadder, krokodiller og kaimaner.<\/p>\n<p>\ud83e\udd9c <strong>H\u00f8jdepunkter fra Showtime:<\/strong> Vores daglige s\u00f8l\u00f8veshow kl. 13.30 er en sjov oplevelse, mens rovfugleshowet kl. 12.30 viser den utrolige smidighed hos vores fjerede venner, herunder den storsl\u00e5ede skaldede \u00f8rn. Disse shows er ikke bare underholdende, men ogs\u00e5 l\u00e6rerige og giver indsigt i disse fantastiske skabningers liv.<\/p>\n<p>\ud83d\udc68\u200d\ud83d\udc69\u200d\ud83d\udc67\u200d\ud83d\udc66 <strong>Et familieeventyr:<\/strong> Jungle Park tilbyder sp\u00e6ndende safarier, rolige vandreture i naturen og interaktive m\u00f8der med dyr, perfekt for bes\u00f8gende i alle aldre. Deltag i s\u00e6rlige ture i parken, eller pr\u00f8v vores bobsl\u00e6dek\u00f8rsel gennem junglen, hvis du vil have ekstra sp\u00e6nding.<\/p>\n<h3>\ud83d\ude8c Gratis afhentningsservice<\/h3>\n<p><strong>S\u00f8ml\u00f8s shuttle-forbindelse:<\/strong> Benyt vores gratis shuttleservice til en stressfri tur fra det sydlige Tenerife til Jungle Park. S\u00f8rg for, at dit eventyr begynder og slutter uden problemer.<\/p>\n<p><strong>Shuttle-tidsplan og returnering:<\/strong> Nyd bekvemme afhentninger fra Costa Adeje, Playa de Las Am\u00e9ricas og Los Cristianos, hvilket g\u00f8r dit bes\u00f8g i Jungle Park nemt. Vores gratis daglige busservice forbinder dig ubesv\u00e6ret:<\/p>\n<ul>\n<li><a href=\"https:\/\/canaryvip.com\/da\/shop\/aqualand-tickets\/\">Aqualand<\/a> Costa Adeje: 9:30 | 10:45<\/li>\n<li>H. Labranda Suites Costa Adeje: 9:35 | 10:50<\/li>\n<li>The Duke Shops Shopping Center: 9:35 | 10:55<\/li>\n<li>Hotel Sunwing Fa\u00f1ab\u00e9: 9:40 | 11:00<\/li>\n<li>Hotel Allsun Hibiscos: 9:45 | 11:05<\/li>\n<li>Calle Llanos De Troya: 9:50 | 11:35<\/li>\n<li>Bar Leonardo's: 9:55 | 11:40<\/li>\n<li>Hotel Best Tenerife: 10:00 | 11:45<\/li>\n<li>Pasarela indk\u00f8bscenter \"La Pepa\": 10:10 | 11:50<\/li>\n<li>Hotel Sol Arona Tenerife: 10:15 | 11:55<\/li>\n<\/ul>\n<p><strong>Returtider<\/strong>: 16:30 | 17:30.<\/p>\n<p>Bem\u00e6rk, at der er et begr\u00e6nset antal pladser i shuttlen, og at de udbydes efter f\u00f8rst-til-m\u00f8lle-princippet uden forudg\u00e5ende reservation.<\/p>\n<h3>\ud83d\udd25 <strong>Book nu og f\u00e5 eksklusive Jungle Park-tilbud<\/strong><\/h3>\n<p>Fordyb dig i den vilde sk\u00f8nhed i Tenerifes junglepark med CanaryVIP. Sikr dig de bedste tilbud, nyd problemfri adgang, og skab uforglemmelige minder i Chayofas frodige omgivelser.<\/p>\n<p>Dyk ned i en verden, hvor dyreliv og eventyr m\u00f8des i Tenerifes junglepark, hvor alle stier f\u00f8rer til opdagelse, og hvert m\u00f8de er en historie, der venter p\u00e5 at blive fortalt. Book din rejse i dag, og slip den indre opdagelsesrejsende l\u00f8s!<\/p>","protected":false},"excerpt":{"rendered":"<p><strong>\ud83d\udd0d Jungle Park Highligts:<\/strong><br \/>\n\u2705 Sikker betaling.<br \/>\n\ud83d\ude80 Hurtig adgang for indehavere af pas.<br \/>\n\ud83e\udd85 Adgang til alle shows.<br \/>\n\ud83d\udd59 \u00c5bent fra 10:00 til 17:30.<br \/>\n\ud83e\udd11 Garanteret bedste pris.<br \/>\n\ud83d\ude8d Gratis shuttlebus.<br \/>\n\ud83d\udc6a Rabatter ved gruppebookinger.<br \/>\n\ud83d\udd01 Op til 72 timer Annullering.<br \/>\n\ud83c\udf0d Underst\u00f8ttelse p\u00e5 flere sprog.<br \/>\n\ud83c\udf1f Book nu og spar!<br \/>\n\ud83d\udccd Find <a href=\"https:\/\/maps.app.goo.gl\/K7g47iUPFiKyfYdU9\">Jungle Park p\u00e5 kort<\/a>.<\/p>","protected":false},"featured_media":9501,"comment_status":"open","ping_status":"closed","template":"","meta":{"_acf_changed":false},"product_brand":[],"product_cat":[54],"product_tag":[],"class_list":{"0":"post-9493","1":"product","2":"type-product","3":"status-publish","4":"has-post-thumbnail","6":"product_cat-theme-parks","7":"wcpa_has_options","9":"first","10":"instock","11":"virtual","12":"purchasable","13":"product-type-simple"},"acf":[],"wcpa_form_fields":{"wcpaData":{"product":{"product_price":35,"price_html":"From&nbsp;<span class=\"woocommerce-Price-amount amount\"><bdi>35,00&nbsp;<span class=\"woocommerce-Price-currencySymbol\">&euro;<\/span><\/bdi><\/span>","original_product_price":35,"price_including_tax":35,"price_excluding_tax":35,"product_id":{"parent":9493,"variation":false},"is_variable":false,"stock_status":"instock","stock_quantity":null,"parent_sku":"CV9493","product_attributes":[],"custom_fields":[],"is_taxable":false,"product_name":"Buy Jungle Park Tickets","hasImage":false},"fields":{"sec_065df48f68f816":{"extra":{"key":"sec_065df48f68f816","section_id":"sec_065df48f68f816","name":"Jungle Park Tickets","status":1,"cl_rule":"show","enableCl":false,"relations":[{"operator":false,"rules":[{"operator":"AND","rules":{"cl_field":"radio-group_665df45fcbc30b","cl_relation":"is","cl_val":"Siam Park Regular Tickets"}}]}],"toggle":true,"title_tag":"h4","show_title":false,"showPrice":"default","form_id":10144,"form_rules":{"exclude_from_discount":true,"fee_label":"Fee","disp_hide_options_price":true,"disp_show_section_price":false,"disp_show_field_price":true,"layout_option":"standard","pric_use_as_fee":false,"process_fee_as":"woo_fee"},"layout_option":"standard"},"fields":[[{"label":"\ud83d\udcc5 Date","active":true,"required":true,"elementId":"date_365df48f68f836","picker_type":"custom","picker_mode":"single","placeholder":"","description":"","tooltip":"","name":"date_365df48f68f836","label_position":"default","desc_position":"default","enablePrice":false,"className":"","enableCl":false,"relations":[{"operator":"and","rules":[{"operator":"AND","rules":{"cl_field":"radio-group_665df45fcbc30b","cl_relation":"is","cl_val":"3 Hour Trip"}}]}],"date_pic_inline":true,"date_pic_inline_hide":true,"min_date":{"type":"days","val":"0"},"max_date":{"type":"days","val":"365"},"date_pic_conf":{"disabledWeeks":[]},"price":"","cl_rule":"show","col":6,"type":"date","error":false,"enableDesign":false,"LabelColor":"","gt_translate_keys":["label","placeholder","description","tooltip"],"price_dependency":false,"cl_dependency":false,"value":""}],[{"elementId":"separator_765df48f68f845","separatorType":"blank","className":"","height":"10","enableCl":false,"relations":false,"cl_rule":"show","col":6,"type":"separator","gt_translate_keys":[],"price_dependency":false,"cl_dependency":false,"value":""}],[{"active":true,"col":6,"relations":false,"cl_rule":"show","enableCl":false,"price":"","enablePrice":false,"className":"","label_position":"default","desc_position":"default","type":"content","required":false,"elementId":"content_265df48f68f851","label":"People","name":"content_265df48f68f851","contentType":"plain","value":"","error":false,"show_in_checkout":true,"inline":false,"gt_translate_keys":["label","value"],"price_dependency":false,"cl_dependency":false}],[{"active":true,"col":6,"relations":[{"operator":false,"rules":[{"operator":"AND","rules":{"cl_field":"","cl_relation":"","cl_val":""}}]}],"cl_rule":"show","enableCl":false,"price":"35","enablePrice":true,"className":"","label_position":"default","desc_position":"default","type":"radio-group","required":false,"elementId":"radio-group_165df48f68f85d","label":"","name":"radio-group_165df48f68f85d","values":[{"label":"\ud83d\udc64 Adult (35\u20ac)","value":"Adult","selected":true,"tempId":"aco_32","tooltip":"+11 Years","description":"","gt_translate_keys":["label","tooltip","description"]}],"layOut":"","error":false,"checkUi":"button","priceOptions":"fixed_for_all","pricingType":"fixed","enable_quantity":true,"quantity_label":"","min_quantity":"0","options_tooltip":true,"options_description":true,"isWeightTemplate":false,"isTemplate":false,"quantity_decimal":false,"quantity_step":"1","repeater_field_label":"{field_label}","repeater_bind":"","gt_translate_keys":["label","repeater_field_label","quantity_label"],"price_dependency":false,"cl_dependency":false,"value":""}],[{"label":"","active":true,"required":false,"elementId":"radio-group_265df48f68f868","name":"radio-group_265df48f68f868","label_position":"default","desc_position":"default","enablePrice":true,"className":"","enableCl":false,"relations":false,"enable_quantity":true,"quantity_label":"","min_quantity":"0","checkUi":"button","layOut":"","values":[{"label":"\ud83d\udc66 Child (29\u20ac)","value":"Child","selected":true,"tempId":"aco_32","tooltip":"5-10 Years","description":"","gt_translate_keys":["label","tooltip","description"]}],"priceOptions":"fixed_for_all","pricingType":"fixed","price":"29","cl_rule":"show","col":6,"type":"radio-group","error":false,"options_tooltip":true,"options_description":true,"isWeightTemplate":false,"isTemplate":false,"quantity_decimal":false,"quantity_step":"1","repeater_field_label":"{field_label}","repeater_bind":"","gt_translate_keys":["label","repeater_field_label","quantity_label"],"price_dependency":false,"cl_dependency":false,"value":""}],[{"label":"","active":true,"required":false,"elementId":"radio-group_1065df48f68f873","name":"radio-group_1065df48f68f873","label_position":"default","desc_position":"default","enablePrice":true,"className":"","enableCl":false,"relations":false,"enable_quantity":true,"quantity_label":"","min_quantity":"0","checkUi":"button","layOut":"","values":[{"label":"\ud83d\udc76 Toddler (16\u20ac)","value":"Toddler","selected":true,"tempId":"aco_32","tooltip":"3-4 Years","gt_translate_keys":["label","tooltip"]}],"priceOptions":"fixed_for_all","pricingType":"fixed","price":"16","cl_rule":"show","col":6,"type":"radio-group","error":false,"options_tooltip":true,"isWeightTemplate":false,"isTemplate":false,"quantity_decimal":false,"quantity_step":"1","repeater_field_label":"{field_label}","repeater_bind":"","gt_translate_keys":["label","repeater_field_label","quantity_label"],"price_dependency":false,"cl_dependency":false,"value":""}]]}},"config":{"price_override":"always","enable_recaptcha":false,"bind_quantity":false,"quantity_bind_formula":false,"disp_summ_show_option_price":true,"disp_summ_show_product_price":false,"disp_summ_show_total_price":true,"disp_summ_show_fee":true,"disp_summ_show_discount":true,"summary_title":"","options_total_label":"Options Price","total_label":"Total Amount","options_product_label":"Product Price","fee_label":"Fee","discount_label":"Discount","has_price":true,"has_quantity_formula":false},"mc_unit":1,"tax_rate":1,"tax_rate_real":1,"discount":{"percentage":0,"fixed":0},"design":{"conf":{"LabelPosition":"above","DescPosition":"above","UploadField":"custom_1","QuantityFieldStyle":"custom_1"},"css":{"LeftLabelWidth":"120px"}},"formulas":[],"lookuptables":[],"clones":false,"cartKey":false}},"_links":{"self":[{"href":"https:\/\/canaryvip.com\/da\/wp-json\/wp\/v2\/product\/9493","targetHints":{"allow":["GET"]}}],"collection":[{"href":"https:\/\/canaryvip.com\/da\/wp-json\/wp\/v2\/product"}],"about":[{"href":"https:\/\/canaryvip.com\/da\/wp-json\/wp\/v2\/types\/product"}],"replies":[{"embeddable":true,"href":"https:\/\/canaryvip.com\/da\/wp-json\/wp\/v2\/comments?post=9493"}],"wp:featuredmedia":[{"embeddable":true,"href":"https:\/\/canaryvip.com\/da\/wp-json\/wp\/v2\/media\/9501"}],"wp:attachment":[{"href":"https:\/\/canaryvip.com\/da\/wp-json\/wp\/v2\/media?parent=9493"}],"wp:term":[{"taxonomy":"product_brand","embeddable":true,"href":"https:\/\/canaryvip.com\/da\/wp-json\/wp\/v2\/product_brand?post=9493"},{"taxonomy":"product_cat","embeddable":true,"href":"https:\/\/canaryvip.com\/da\/wp-json\/wp\/v2\/product_cat?post=9493"},{"taxonomy":"product_tag","embeddable":true,"href":"https:\/\/canaryvip.com\/da\/wp-json\/wp\/v2\/product_tag?post=9493"}],"curies":[{"name":"wp","href":"https:\/\/api.w.org\/{rel}","templated":true}]}}