{"id":9488,"date":"2024-02-05T21:54:37","date_gmt":"2024-02-05T21:54:37","guid":{"rendered":"https:\/\/canaryvip.com\/?post_type=product&#038;p=9488"},"modified":"2025-08-09T13:00:03","modified_gmt":"2025-08-09T12:00:03","slug":"aqualand-tickets","status":"publish","type":"product","link":"https:\/\/canaryvip.com\/da\/shop\/aqualand-tickets\/","title":{"rendered":"K\u00f8b billetter til Aqualand"},"content":{"rendered":"<h2>\ud83c\udf0a <strong>Aqualand Costa Adeje: Dyk ned i sjov og eventyr!<\/strong><\/h2>\n<ul>\n<li><strong>\u00c5bent hver dag:<\/strong> Plask og leg fra kl. 10 til 17, s\u00e5 du er sikret en dag fuld af sjov og sp\u00e6nding.<\/li>\n<li><strong>Bekvemt placeret:<\/strong> Aqualand ligger i det livlige Costa Adeje-omr\u00e5de og lover en let tilg\u00e6ngelig dag for alle.<\/li>\n<li><strong>Billetfleksibilitet:<\/strong> Dit eventyr venter med billetter, der er gyldige i 90 dage efter k\u00f8bet, hvilket giver dig frihed til at v\u00e6lge den perfekte dag til dit bes\u00f8g.<\/li>\n<\/ul>\n<p>\ud83d\udccd <strong>Det bedste sted:<\/strong> Aqualand ligger i det travle ferieomr\u00e5de Costa Adeje, som er en vigtig destination for vandparkentusiaster.<br \/>\nFor anvisninger, ubesv\u00e6ret <a href=\"https:\/\/maps.app.goo.gl\/A5TcFcUtHUGD1ykJ7\" target=\"_blank\" rel=\"noopener\">Find Aqualand p\u00e5 Google Maps<\/a> og planl\u00e6g din plaske-tastiske dag p\u00e5 forh\u00e5nd.<\/p>\n<p>\ud83c\udf92 <strong>Forbered dig p\u00e5 eventyr:<\/strong> Glem ikke solcreme, badet\u00f8j og h\u00e5ndkl\u00e6de til en dag med sol og sjov. Du kan leje et skab til at opbevare dine ejendele sikkert.<\/p>\n<p>\ud83d\udca7 <strong>V\u00e6skestation:<\/strong> Medbring vand, s\u00e5 du kan holde dig hydreret under solen, og der er mulighed for at k\u00f8be mad og drikke inde i parken.<\/p>\n<p>\ud83c\udfab <strong>S\u00f8ml\u00f8s indgang:<\/strong> Med CanaryVIP-billetter kan du springe k\u00f8erne over og k\u00f8be billetter p\u00e5 stedet og f\u00e5 hurtigere adgang. Forudk\u00f8bte billetter betyder, at du nemt kan starte dit Aqualand-eventyr.<\/p>\n<p>\ud83d\ude8c <strong>Gratis Aqualand Shuttle:<\/strong> Benyt dig af Aqualands eksklusive gratis shuttleservice for nem transport fra forskellige steder i det sydlige Tenerife.<\/p>\n<p>\ud83c\udf1f <strong>Eksklusive CanaryVIP-fordele:<\/strong> Nyd s\u00e6rlige rabatter og fordele, n\u00e5r du booker dine Aqualand-billetter hos os! B\u00e5de voksne og b\u00f8rn kan se frem til en dag med uovertruffen sjov til konkurrencedygtige priser.<\/p>\n<ul>\n<li><strong>\u00d8jeblikkelige rabatter:<\/strong> Sikre dine billetter gennem CanaryVIP og f\u00e5 besparelser med det samme.<\/li>\n<li><strong>Prioriteret adgang:<\/strong> G\u00e5 uden om k\u00f8erne, og dyk direkte ned i handlingen.<\/li>\n<li><strong>Tilbud med v\u00e6rdi:<\/strong> Hold \u00f8je med vores kombinationstilbud med <a href=\"https:\/\/canaryvip.com\/da\/shop\/aqualand-jungle-park-2park\/\">Aqualand og Jungle Park<\/a>og maksimerer din forn\u00f8jelse, mens du sparer penge.<\/li>\n<li><strong>Fleksibel afbestilling:<\/strong> \u00c6ndrede planer? Aflys op til 72 timer f\u00f8r dit bes\u00f8g og f\u00e5 alle pengene tilbage.<\/li>\n<\/ul>\n<p>\ud83d\udc2c <strong>Et must-see delfinshow:<\/strong> G\u00e5 ikke glip af de fortryllende delfinforestillinger kl. 15.30 hver dag, som er gratis inkluderet i din entr\u00e9 til parken.<\/p>\n<p>\ud83d\udc6a <strong>Familievenlig sjov:<\/strong> Aqualand tilbyder en perfekt blanding af sp\u00e6ndende rutsjebaner til de adrenalins\u00f8gende og blide legeomr\u00e5der til de sm\u00e5, hvilket sikrer en mindev\u00e6rdig dag for hele familien.<\/p>\n<h2>\ud83d\ude8c Eksklusiv Aqualand Shuttle Service<\/h2>\n<p><strong>S\u00f8ml\u00f8s shuttle-oplevelse:<\/strong> L\u00f8ft dit Aqualand-bes\u00f8g med vores gratis shuttleservice, der tilbyder en stressfri rejse til parken. Gl\u00e6d dig over vores gratis busservice, der forbinder Los Cristianos, Playa De las Am\u00e9ricas og Costa Adeje til en ubesv\u00e6ret og forn\u00f8jelig dag.<\/p>\n<p><span style=\"text-decoration: underline;\"><strong>Tidsplan for gratis shuttle:<\/strong><\/span><\/p>\n<ul>\n<li><strong>Ruter:<\/strong> Los Cristianos - Playa De las Am\u00e9ricas - Costa Adeje<\/li>\n<li><strong>Busstoppesteder og tider:<\/strong>\n<ul>\n<li>Pasarela indk\u00f8bscenter: 9:30 | 10:30 | 11:30<\/li>\n<li>Hotel Sol Arona Tenerife: 9:35 | 10:35 | 11:35<\/li>\n<li>Hotel Best Tenerife: 9:40 | 10:40 | 11:40<\/li>\n<li>Bar Leonardo's: 9:45 | 10:45 | 11:45<\/li>\n<li>Llanos de Troya Street: 9:50 | 10:50 | 11:50<\/li>\n<li>H. Labranda Suites Costa Adeje: 10:05 | 11:05 | 12:05<\/li>\n<li>The Duke Shops Shopping Center: 10:05 | 11:05 | 12:05<\/li>\n<li>Hotel Sunwing Fa\u00f1ab\u00e9: 10:10 | 11:10 | 12:10<\/li>\n<\/ul>\n<\/li>\n<\/ul>\n<p><strong>Returtider:<\/strong> 16:30 og 17:15.<\/p>\n<p>Bem\u00e6rk venligst, at der er et begr\u00e6nset antal pladser p\u00e5 hver shuttletur, og de bes\u00e6ttes efter f\u00f8rst-til-m\u00f8lle-princippet uden forudg\u00e5ende reservation. S\u00f8rg for en problemfri start og afslutning p\u00e5 dit Aqualand-eventyr ved at ankomme tidligt til dit udpegede afhentningssted.<\/p>\n<h3>\ud83d\udd25 <strong>G\u00e5 ikke glip af noget: Eksklusive tilbud p\u00e5 CanaryVIP.com<\/strong><\/h3>\n<p>Er du klar til en sp\u00e6ndende dag p\u00e5 Aqualand Costa Adeje?<\/p>\n<p>Bog med <strong>CanaryVIP<\/strong> for at f\u00e5 de bedste priser og en problemfri oplevelse, komplet med specialtilbud og en venlig afbestillingspolitik. Lav et plask og skab uforglemmelige minder!<\/p>","protected":false},"excerpt":{"rendered":"<p><strong>\ud83d\udd0d Adgangskort til Aqualand:<\/strong><br \/>\n\u2705 Sikker betaling.<br \/>\n\ud83d\ude80 Hurtig adgang for indehavere af pas.<br \/>\n\ud83c\udf0a Adgang til alle sp\u00e6ndende forlystelser.<br \/>\n\ud83d\udc2c Inkluderet delfinshow.<br \/>\n\ud83d\udd59 \u00c5bent fra 10:00 til 17:00.<br \/>\n\ud83e\udd11 Garanteret bedste pris.<br \/>\n\ud83d\ude8d Gratis shuttlebus.<br \/>\n\ud83d\udc6a Rabatter ved gruppebookinger.<br \/>\n\ud83d\udd01 Op til 72 timer Annullering.<br \/>\n\ud83c\udf0d Underst\u00f8ttelse p\u00e5 flere sprog.<br \/>\n\ud83c\udf1f Book nu og spar!<br \/>\n\ud83d\udccd Find <a href=\"https:\/\/maps.app.goo.gl\/A5TcFcUtHUGD1ykJ7\">Aqualand p\u00e5 kort<\/a>.<\/p>","protected":false},"featured_media":9492,"comment_status":"open","ping_status":"closed","template":"","meta":{"_acf_changed":false},"product_brand":[],"product_cat":[54],"product_tag":[],"class_list":{"0":"post-9488","1":"product","2":"type-product","3":"status-publish","4":"has-post-thumbnail","6":"product_cat-theme-parks","7":"wcpa_has_options","9":"first","10":"instock","11":"virtual","12":"purchasable","13":"product-type-simple"},"acf":[],"wcpa_form_fields":{"wcpaData":{"product":{"product_price":36,"price_html":"From&nbsp;<span class=\"woocommerce-Price-amount amount\"><bdi>36,00&nbsp;<span class=\"woocommerce-Price-currencySymbol\">&euro;<\/span><\/bdi><\/span>","original_product_price":36,"price_including_tax":36,"price_excluding_tax":36,"product_id":{"parent":9488,"variation":false},"is_variable":false,"stock_status":"instock","stock_quantity":null,"parent_sku":"CV9488","product_attributes":[],"custom_fields":[],"is_taxable":false,"product_name":"Buy Aqualand Tickets","hasImage":false},"fields":{"sec_665df45fcbc30e":{"extra":{"key":"sec_665df45fcbc30e","section_id":"sec_665df45fcbc30e","name":"Aqualand Tickets","status":1,"cl_rule":"show","enableCl":false,"relations":[{"operator":false,"rules":[{"operator":"AND","rules":{"cl_field":"radio-group_665df45fcbc30b","cl_relation":"is","cl_val":"Siam Park Regular Tickets"}}]}],"toggle":true,"title_tag":"h4","show_title":false,"showPrice":"default","form_id":10143,"form_rules":{"exclude_from_discount":true,"fee_label":"Fee","disp_hide_options_price":true,"disp_show_section_price":false,"disp_show_field_price":true,"layout_option":"standard","pric_use_as_fee":false,"process_fee_as":"woo_fee"},"layout_option":"standard"},"fields":[[{"label":"\ud83d\udcc5 Date","active":true,"required":true,"elementId":"date_365df45fcbc347","picker_type":"custom","picker_mode":"single","placeholder":"","description":"","tooltip":"","name":"date_365df45fcbc347","label_position":"default","desc_position":"default","enablePrice":false,"className":"","enableCl":false,"relations":[{"operator":"and","rules":[{"operator":"AND","rules":{"cl_field":"radio-group_665df45fcbc30b","cl_relation":"is","cl_val":"3 Hour Trip"}}]}],"date_pic_inline":true,"date_pic_inline_hide":true,"min_date":{"type":"days","val":"0"},"max_date":{"type":"days","val":"365"},"date_pic_conf":{"disabledWeeks":[]},"price":"","cl_rule":"show","col":6,"type":"date","error":false,"enableDesign":false,"LabelColor":"","gt_translate_keys":["label","placeholder","description","tooltip"],"price_dependency":false,"cl_dependency":false,"value":""}],[{"elementId":"separator_865df45fcbc360","separatorType":"blank","className":"","height":"10","enableCl":false,"relations":false,"cl_rule":"show","col":6,"type":"separator","gt_translate_keys":[],"price_dependency":false,"cl_dependency":false,"value":""}],[{"active":true,"col":6,"relations":false,"cl_rule":"show","enableCl":false,"price":"","enablePrice":false,"className":"","label_position":"default","desc_position":"default","type":"content","required":false,"elementId":"content_265df45fcbc377","label":"People","name":"content_265df45fcbc377","contentType":"plain","value":"","error":false,"show_in_checkout":true,"inline":false,"gt_translate_keys":["label","value"],"price_dependency":false,"cl_dependency":false}],[{"active":true,"col":6,"relations":[{"operator":false,"rules":[{"operator":"AND","rules":{"cl_field":"","cl_relation":"","cl_val":""}}]}],"cl_rule":"show","enableCl":true,"price":"36","enablePrice":true,"className":"","label_position":"default","desc_position":"default","type":"radio-group","required":false,"elementId":"radio-group_365df45fcbc390","label":"","name":"radio-group_365df45fcbc390","values":[{"label":"\ud83d\udc64 Adult (36\u20ac)","value":"Adult","selected":true,"tempId":"aco_32","tooltip":"+11 Years","description":"","gt_translate_keys":["label","tooltip","description"]}],"layOut":"","error":false,"checkUi":"button","priceOptions":"fixed_for_all","pricingType":"fixed","enable_quantity":true,"quantity_label":"","min_quantity":"0","options_tooltip":true,"options_description":true,"gt_translate_keys":["label","quantity_label"],"price_dependency":false,"cl_dependency":false,"value":""}],[{"label":"","active":true,"required":false,"elementId":"radio-group_565df45fcbc3a8","name":"radio-group_565df45fcbc3a8","label_position":"default","desc_position":"default","enablePrice":true,"className":"","enableCl":false,"relations":false,"enable_quantity":true,"quantity_label":"","min_quantity":"0","checkUi":"button","layOut":"","values":[{"label":"\ud83d\udc66 Child (29\u20ac)","value":"Child","selected":true,"tempId":"aco_32","tooltip":"5-10 Years","description":"","gt_translate_keys":["label","tooltip","description"]}],"priceOptions":"fixed_for_all","pricingType":"fixed","price":"29","cl_rule":"show","col":6,"type":"radio-group","error":false,"options_tooltip":true,"options_description":true,"gt_translate_keys":["label","quantity_label"],"price_dependency":false,"cl_dependency":false,"value":""}],[{"label":"","active":true,"required":false,"elementId":"radio-group_865df45fcbc3bf","name":"radio-group_865df45fcbc3bf","label_position":"default","desc_position":"default","enablePrice":true,"className":"","enableCl":false,"relations":false,"enable_quantity":true,"quantity_label":"","min_quantity":"0","checkUi":"button","layOut":"","values":[{"label":"\ud83d\udc76 Toddler (16\u20ac)","value":"Toddler","selected":true,"tempId":"aco_32","tooltip":"3-4 Years","gt_translate_keys":["label","tooltip"]}],"priceOptions":"fixed_for_all","pricingType":"fixed","price":"16","cl_rule":"show","col":6,"type":"radio-group","error":false,"options_tooltip":true,"gt_translate_keys":["label","quantity_label"],"price_dependency":false,"cl_dependency":false,"value":""}]]}},"config":{"price_override":"always","enable_recaptcha":false,"bind_quantity":false,"quantity_bind_formula":false,"disp_summ_show_option_price":true,"disp_summ_show_product_price":false,"disp_summ_show_total_price":true,"disp_summ_show_fee":true,"disp_summ_show_discount":true,"summary_title":"","options_total_label":"Options Price","total_label":"Total Amount","options_product_label":"Product Price","fee_label":"Fee","discount_label":"Discount","has_price":true,"has_quantity_formula":false},"mc_unit":1,"tax_rate":1,"tax_rate_real":1,"discount":{"percentage":0,"fixed":0},"design":{"conf":{"LabelPosition":"above","DescPosition":"above","UploadField":"custom_1","QuantityFieldStyle":"custom_1"},"css":{"LeftLabelWidth":"120px"}},"formulas":[],"lookuptables":[],"clones":false,"cartKey":false}},"_links":{"self":[{"href":"https:\/\/canaryvip.com\/da\/wp-json\/wp\/v2\/product\/9488","targetHints":{"allow":["GET"]}}],"collection":[{"href":"https:\/\/canaryvip.com\/da\/wp-json\/wp\/v2\/product"}],"about":[{"href":"https:\/\/canaryvip.com\/da\/wp-json\/wp\/v2\/types\/product"}],"replies":[{"embeddable":true,"href":"https:\/\/canaryvip.com\/da\/wp-json\/wp\/v2\/comments?post=9488"}],"wp:featuredmedia":[{"embeddable":true,"href":"https:\/\/canaryvip.com\/da\/wp-json\/wp\/v2\/media\/9492"}],"wp:attachment":[{"href":"https:\/\/canaryvip.com\/da\/wp-json\/wp\/v2\/media?parent=9488"}],"wp:term":[{"taxonomy":"product_brand","embeddable":true,"href":"https:\/\/canaryvip.com\/da\/wp-json\/wp\/v2\/product_brand?post=9488"},{"taxonomy":"product_cat","embeddable":true,"href":"https:\/\/canaryvip.com\/da\/wp-json\/wp\/v2\/product_cat?post=9488"},{"taxonomy":"product_tag","embeddable":true,"href":"https:\/\/canaryvip.com\/da\/wp-json\/wp\/v2\/product_tag?post=9488"}],"curies":[{"name":"wp","href":"https:\/\/api.w.org\/{rel}","templated":true}]}}