{"id":9324,"date":"2024-01-31T15:11:45","date_gmt":"2024-01-31T15:11:45","guid":{"rendered":"https:\/\/canaryvip.com\/?post_type=product&#038;p=9324"},"modified":"2025-08-09T13:07:49","modified_gmt":"2025-08-09T12:07:49","slug":"tigresa-luxury-yacht-tenerife","status":"publish","type":"product","link":"https:\/\/canaryvip.com\/da\/shop\/tigresa-luxury-yacht-tenerife\/","title":{"rendered":"Lej den #1 mest luksuri\u00f8se yacht p\u00e5 Tenerife: Tigresa b\u00e5d"},"content":{"rendered":"<h2><strong>\ud83d\udee5\ufe0f Tigresa Tenerife Yacht: Ultimativ luksus<\/strong><\/h2>\n<p>Velkommen om bord p\u00e5 Tigresa, h\u00f8jdepunktet af yachtoplevelser p\u00e5 Tenerife. Denne <strong>Azimut 60 Flybridge,<\/strong>\u00a0et fantastisk vidunder p\u00e5 19,5 meter, tilbyder mere end bare et fart\u00f8j - det er din eksklusive billet til havets hemmeligheder.<\/p>\n<p>Drevet af potente 800 hk-motorer lover den b\u00e5de sp\u00e6ndende fart og en j\u00e6vn sejlads, n\u00e5r du begiver dig ud p\u00e5 din unikke rejse. <strong>B\u00e5dtur p\u00e5 Tenerife.<\/strong><\/p>\n<p>Opdag, hvad det vil sige at nyde en <strong>privat b\u00e5dudflugt<\/strong> med Tigresa i det krystalklare vand p\u00e5 Tenerife.<\/p>\n<h3>\u2b50\ufe0f <strong>Uovertruffen overd\u00e5dighed om bord<\/strong><\/h3>\n<p><span style=\"text-decoration: underline;\"><strong>Gl\u00e6d dig over de overd\u00e5dige faciliteter i Tigresa:<\/strong><\/span><\/p>\n<ul>\n<li>To luksuri\u00f8se dobbeltv\u00e6relser og et hyggeligt twin-v\u00e6relse, perfekt til en intim oplevelse med at leje en yacht p\u00e5 Tenerife.<\/li>\n<li>To smarte badev\u00e6relser og et praktisk toilet tilf\u00f8jer et strejf af eksklusivitet til dine eventyr.<\/li>\n<li>En overd\u00e5dig stue, designet til maksimal afslapning, mens du sejler.<\/li>\n<li>Et fuldt udstyret k\u00f8kken, der er klar til at forbedre dine kulinariske oplevelser, n\u00e5r du lejer en b\u00e5d p\u00e5 Tenerife.<\/li>\n<li>50\" plasma-tv, der kombinerer underholdning med luksus p\u00e5 din personlige b\u00e5dtur p\u00e5 Tenerife.<\/li>\n<li>To solbeskinnede d\u00e6k, ideelt til at nyde solen under din sejltur.<\/li>\n<li>En banebrydende hydraulisk sv\u00f8mmeplatform, der l\u00f8fter dine sv\u00f8mmesessioner.<\/li>\n<\/ul>\n<h3>\ud83d\udea4 <strong>Indbegrebet af VIP-behandling med en flersproget bes\u00e6tning<\/strong><\/h3>\n<p>Oplev personlig service fra vores dygtige bes\u00e6tning p\u00e5 to personer, som er velbevandret i De Kanariske \u00d8ers pragt og sikrer en kulturelt rig rejse under din leje af luksusyacht p\u00e5 Tenerife.<\/p>\n<p>Vores bes\u00e6tnings ekspertise forbedrer ikke kun din komfort, men beriger ogs\u00e5 din forst\u00e5else af den lokale kultur og historie, hvilket g\u00f8r hver eneste dag til en oplevelse. <strong>B\u00e5dtur p\u00e5 Tenerife<\/strong> en mindev\u00e6rdig udforskning.<\/p>\n<p>Mens du glider langs den betagende kystlinje, vil vores bes\u00e6tning udpege historiske steder, forklare den lokale marine \u00f8kologi og hj\u00e6lpe dig med at opleve det allerbedste, som en <strong>B\u00e5dtur p\u00e5 Tenerife<\/strong> har at byde p\u00e5.<\/p>\n<p>Denne opm\u00e6rksomhed p\u00e5 detaljer sikrer, at din tid om bord overskrider det almindelige og g\u00f8r en simpel yachtleje til en dybtg\u00e5ende kulturel rejse over Tenerifes fredfyldte farvande.<\/p>\n<h3>\ud83c\udf0a <strong>Glat sejlads med avanceret teknologi<\/strong><\/h3>\n<p>Nyd havets ro om bord p\u00e5 Tigresa, hvor vores Seakeeper Gyroscopic Stabilizer sikrer hvert \u00f8jeblik af din sejlads. <a href=\"https:\/\/canaryvip.com\/da\/tenerife\/boat-excursions\/\"><strong>B\u00e5dtur p\u00e5 Tenerife<\/strong><\/a> er b\u00e5de mindev\u00e6rdig og fredfyldt.<\/p>\n<p>M\u00e6rk freden, n\u00e5r denne banebrydende teknologi udj\u00e6vner b\u00f8lgerne, s\u00e5 du kan slappe helt af og nyde den fantastiske havudsigt uden at bekymre dig om noget som helst.<\/p>\n<p>Uanset om du nyder solen p\u00e5 d\u00e6kket eller spiser med udsigt, tilbyder Tigresa en rolig og stabil oplevelse, der g\u00f8r din tid til s\u00f8s uforglemmelig.<\/p>\n<h3>\ud83d\udd52 <strong>V\u00e6lg dit eksklusive eventyr<\/strong><\/h3>\n<ul>\n<li><strong>3-timers rejse:<\/strong>\u00a0Oplev Tenerifes smukke sydvestlige kyst, som er perfekt til en hurtig, men fantastisk oplevelse med b\u00e5dudlejning.<\/li>\n<li><strong>5-timers rejse:<\/strong>\u00a0Udforsk majest\u00e6tiske Los Gigantes og den fortryllende Masca-bugt, der er ideel til en omfattende luksusyacht-oplevelse p\u00e5 Tenerife.<\/li>\n<li><strong>8 timers ultimativ oplevelse:<\/strong>\u00a0Tag af sted p\u00e5 det ultimative eventyr og bes\u00f8g eksklusive steder under den majest\u00e6tiske <a href=\"https:\/\/canaryvip.com\/da\/discover-the-teide-the-ultimate-guide-iconic-volcano\/\">Teide-bjerget<\/a>som kun kan n\u00e5s med en privat yacht.<\/li>\n<\/ul>\n<h3>\ud83d\udc2c <strong>Etisk og luksuri\u00f8s hvalsafari<\/strong><\/h3>\n<p>Tag med os p\u00e5 Tigresa, der er udstyret med alle n\u00f8dvendige tilladelser, til et respektfuldt og luksuri\u00f8st m\u00f8de med havets k\u00e6mper, der forbedrer din oplevelse med at leje en yacht p\u00e5 Tenerife.<\/p>\n<h3>\u2705 <strong>Luksus, omdefineret: Hvad er inkluderet?<\/strong><\/h3>\n<ul>\n<li>F\u00f8rsteklasses faciliteter, herunder en badeplatform og overd\u00e5dige bekvemmeligheder, s\u00e6tter en ny standard for din yachtudlejning p\u00e5 Tenerife.<\/li>\n<li>Gourmetgodbidder med champagne, fine vine og uds\u00f8gte m\u00e5ltider er indbegrebet af luksuri\u00f8se b\u00e5drejser.<\/li>\n<li>VIP-transport fra dit hotel i det sydlige Tenerife, hvilket giver et ekstra lag af luksus til din b\u00e5dtur.<\/li>\n<\/ul>\n<h3>\ud83d\udd53 <strong>M\u00f8dested og eksklusiv adgang<\/strong><\/h3>\n<ul>\n<li><strong>Placering:<\/strong>\u00a0Costa Adeje, Puerto Col\u00f3n. Starten p\u00e5 din uovertrufne yachtoplevelse p\u00e5 Tenerife.<\/li>\n<li><strong>Parkering:<\/strong>\u00a0Masser af plads til konkurrencedygtige priser g\u00f8r det nemt at starte din luksusrejse.<\/li>\n<\/ul>\n<h3>\ud83d\udccd <strong>Afgang fra Puerto Col\u00f3n i Costa Adeje<\/strong><\/h3>\n<p>Start dit luksuseventyr i Puerto Col\u00f3n, det livlige centrum for Costa Adejes maritime scene. Denne prestigefyldte marina er kendt for sin elegance og moderne raffinement og er den perfekte kulisse for din private b\u00e5dtur.<\/p>\n<p>M\u00e6rk omr\u00e5dets pulserende energi, n\u00e5r du g\u00e5r om bord. Her p\u00e5 <a href=\"https:\/\/maps.app.goo.gl\/ocJuu7A8R1JWjPbS9\" target=\"_blank\" rel=\"noopener\">Puerto Col\u00f3n<\/a>Hver afgang er et sp\u00e6ndende l\u00f8fte om uforglemmelige oplevelser og betagende udsigter langs Tenerifes rolige vand.<\/p>\n<h4>\ud83d\udcdc <strong>Klar og pr\u00e6cis politik<\/strong><\/h4>\n<ul>\n<li><strong>Vejret er sikret:<\/strong>\u00a0V\u00e6lg en alternativ dato, eller f\u00e5 pengene tilbage, hvis vejret ikke arter sig, s\u00e5 din yachtoplevelse bliver fejlfri.<\/li>\n<li><strong>Fleksibilitet ved afbestilling:<\/strong>\u00a0Gratis afbestilling eller oml\u00e6gning op til 6 dage i forvejen for at im\u00f8dekomme dine planl\u00e6gningsbehov.<\/li>\n<\/ul>\n<p>Dyk ned i en verden af eksklusiv luksus med Tigresa.<br \/>\nBook nu og f\u00e5 en oplevelse, hvor storhed m\u00f8der havet. \ud83c\udf0a\ud83c\udf1f\ud83d\udee5\ufe0f<\/p>","protected":false},"excerpt":{"rendered":"<p><strong>\ud83d\udd0d Tigresa Yacht Tours:<\/strong><br \/>\n\u2705 Sikker betaling.<br \/>\n\ud83d\udee5\ufe0f 18 meter luksusyacht.<br \/>\n\ud83d\udc0b Observation af hvaler og delfiner.<br \/>\n\u23f3 Daglige ture p\u00e5 3-8 timer.<br \/>\n\ud83d\udd59 Afgangstider, der kan tilpasses.<br \/>\n\ud83c\udf7e Forfriskninger og champagne.<br \/>\n\ud83c\udf74 Gourmetm\u00e5ltider og -drikkevarer.<br \/>\n\ud83d\udc65 Op til 12 g\u00e6ster.<br \/>\n\ud83e\udd3f Snorkeludstyr stilles til r\u00e5dighed.<br \/>\n\ud83d\ude97 Transportservice inkluderet.<br \/>\n\ud83e\udd11 Garanteret bedste pris.<br \/>\n\ud83d\udc6a Rabatter aktiveret.<br \/>\n\ud83d\udd01 Op til 8 dages fortrydelsesret.<br \/>\n\ud83c\udf0d Flersproget bes\u00e6tning.<br \/>\n\ud83c\udf1f Book nu og spar!<br \/>\n\ud83d\udccd Afgang fra <a href=\"https:\/\/maps.app.goo.gl\/ocJuu7A8R1JWjPbS9\">Puerto Colon<\/a>.<\/p>","protected":false},"featured_media":9328,"comment_status":"open","ping_status":"closed","template":"","meta":{"_acf_changed":false},"product_brand":[],"product_cat":[47],"product_tag":[],"class_list":{"0":"post-9324","1":"product","2":"type-product","3":"status-publish","4":"has-post-thumbnail","6":"product_cat-boat-hire-tenerife","7":"wcpa_has_options","9":"first","10":"instock","11":"virtual","12":"purchasable","13":"product-type-simple"},"acf":[],"wcpa_form_fields":{"wcpaData":{"product":{"product_price":2000,"price_html":"From&nbsp;<span class=\"woocommerce-Price-amount amount\"><bdi>2.000,00&nbsp;<span class=\"woocommerce-Price-currencySymbol\">&euro;<\/span><\/bdi><\/span>","original_product_price":2000,"price_including_tax":2000,"price_excluding_tax":2000,"product_id":{"parent":9324,"variation":false},"is_variable":false,"stock_status":"instock","stock_quantity":null,"parent_sku":"CV9324","product_attributes":[],"custom_fields":[],"is_taxable":false,"product_name":"Rent the #1 Luxurious Yacht in Tenerife: Tigresa Boat","hasImage":false},"fields":{"sec_365c78ffa811e8":{"extra":{"key":"sec_365c78ffa811e8","section_id":"sec_365c78ffa811e8","name":"Default","status":1,"cl_rule":"show","enableCl":false,"relations":[],"toggle":true,"title_tag":"h3","show_title":false,"showPrice":"default","form_id":9607,"form_rules":{"exclude_from_discount":true,"fee_label":"Fee","disp_hide_options_price":true,"disp_show_section_price":false,"disp_show_field_price":true,"layout_option":"standard","pric_use_as_fee":false,"process_fee_as":"woo_fee"},"layout_option":"standard"},"fields":[[{"label":"\ud83d\udcc5 Date","active":true,"required":true,"elementId":"date_465c78ffa81217","picker_type":"custom","picker_mode":"single","placeholder":"","description":"","tooltip":"","name":"date_465c78ffa81217","label_position":"default","desc_position":"default","enablePrice":false,"className":"","enableCl":false,"relations":[{"operator":"and","rules":[{"operator":"AND","rules":{"cl_field":"radio-group_565c78ffa81208","cl_relation":"is","cl_val":"3 Hour Trip"}}]}],"date_pic_inline":true,"date_pic_inline_hide":true,"min_date":{"type":"days","val":"2"},"max_date":{"type":"days","val":"365"},"date_pic_conf":{"disabledWeeks":[]},"price":"","cl_rule":"show","col":6,"type":"date","error":false,"enableDesign":false,"LabelColor":"","gt_translate_keys":["label","placeholder","description","tooltip"],"price_dependency":false,"cl_dependency":false,"value":""}],[{"contentType":"rich","active":true,"label":"","elementId":"content_765c78ffa81286","value":"<p>\ud83c\udf9f\ufe0f <strong>Reservation<\/strong>: Pay only a deposit now to reserve; the rest is due on the day of the activity upon arrival.<\/p>","inline":false,"name":"content_765c78ffa81286","enablePrice":false,"className":"","subtype":"p","enableCl":false,"relations":false,"price":"","cl_rule":"show","col":6,"type":"content","error":false,"pricingType":"custom","isTemplate":false,"is_show_price":true,"show_in_checkout":true,"gt_translate_keys":["label","value"],"price_dependency":false,"cl_dependency":false}],[{"elementId":"separator-2189502245","separatorType":"blank","className":"","height":"3","enableCl":false,"relations":false,"cl_rule":"show","col":6,"type":"separator","error":false,"gt_translate_keys":[],"price_dependency":false,"cl_dependency":false,"value":""}],[{"active":true,"col":6,"relations":false,"cl_rule":"show","enableCl":false,"price":"","enablePrice":true,"className":"","label_position":"default","desc_position":"default","type":"select","required":true,"elementId":"select_5841412719","label":"\u23f3 Trip Duration","name":"select_5841412719","values":[{"label":"3 Hours (2.000\u20ac)","value":"3","selected":false,"tempId":"aco_556","price":"300","gt_translate_keys":["label"]},{"label":"4 Hours (2.500\u20ac)","value":"4","selected":false,"tempId":"aco_557","price":"375","gt_translate_keys":["label"]},{"label":"5 Hours (3.000\u20ac)","value":"5","selected":false,"tempId":"aco_558","price":"450","gt_translate_keys":["label"]},{"label":"6 Hours (3.500\u20ac)","value":"6","selected":false,"tempId":"aco_640","price":"525","gt_translate_keys":["label"]},{"label":"7 Hours (4.000\u20ac)","value":"7","selected":false,"tempId":"aco_650","price":"600","gt_translate_keys":["label"]},{"label":"8 Hours (4.500\u20ac)","value":"8","selected":false,"tempId":"aco_660","price":"675","gt_translate_keys":["label"]}],"dropdown_type":"basic","error":false,"placeholder":"Select Trip Duration","priceOptions":"different_for_all","pricingType":"fixed","gt_translate_keys":["label","placeholder"],"price_dependency":false,"cl_dependency":false,"value":""}],[{"elementId":"separator_665c78ffa8127b","separatorType":"fill","className":"","height":"6","enableCl":false,"relations":false,"cl_rule":"show","col":6,"type":"separator","error":false,"separatorColor":"#66a6b6","gt_translate_keys":[],"price_dependency":false,"cl_dependency":false,"value":""}],[{"active":true,"col":6,"relations":false,"cl_rule":"show","enableCl":false,"price":"({field.select_5841412719.","enablePrice":true,"className":"","label_position":"default","desc_position":"default","type":"content","required":false,"elementId":"content_865c78ffa812c0","label":"Deposit Payment","name":"content_865c78ffa812c0","contentType":"plain","value":"","error":false,"pricingType":"custom","isTemplate":true,"is_show_price":true,"enableDesign":true,"scrollBar":false,"use_as_fee":false,"fee_label":"Payment Now","inline":true,"show_in_checkout":true,"subtype":"div","formulaId":"fmla_1708364241278155361","LabelSize":"14px","gt_translate_keys":["label","value"],"price_dependency":["content-0022143174"],"cl_dependency":false}],[{"contentType":"plain","active":true,"label":"Payment at Arrival","elementId":"content_465c78ffa812c9","value":"","inline":true,"show_in_checkout":true,"name":"content_465c78ffa812c9","enablePrice":true,"className":"","fee_label":"Payment at Arrival","subtype":"div","enableCl":false,"relations":false,"scrollBar":false,"enableDesign":true,"pricingType":"custom","isTemplate":true,"price":"({field.radio-group_965c78ffa8129a.quantity}*22) + ({field.radio-group_865c78ffa812a3.quantity}*11)","use_as_fee":false,"is_show_price":true,"cl_rule":"show","col":6,"type":"content","error":false,"formulaId":"fmla_1708360988969136756","LabelSize":"14px","gt_translate_keys":["label","value"],"price_dependency":["content-0022143174"],"cl_dependency":false}],[{"contentType":"plain","active":true,"label":"Total Price","elementId":"content-0022143174","value":"","inline":true,"show_in_checkout":true,"name":"content-0022143174","enablePrice":true,"className":"","fee_label":"Payment at Arrival","subtype":"div","enableCl":false,"relations":false,"scrollBar":false,"enableDesign":true,"LabelSize":"14px","pricingType":"custom","isTemplate":false,"price":"({field.content_865c78ffa812c0.price}) + ({field.content_465c78ffa812c9.price})","formulaId":"fmla_1708360988969136756","use_as_fee":false,"is_show_price":true,"cl_rule":"show","col":6,"type":"content","error":false,"gt_translate_keys":["label","value"],"price_dependency":false,"cl_dependency":false}]]},"sec_165c78ffa81315":{"extra":{"key":"sec_165c78ffa81315","section_id":"sec_165c78ffa81315","name":"Pickup Location","status":1,"cl_rule":"show","enableCl":false,"relations":[],"toggle":true,"title_tag":"h4","show_title":false,"showPrice":"default","form_id":9607,"form_rules":{"exclude_from_discount":true,"fee_label":"Fee","disp_hide_options_price":true,"disp_show_section_price":false,"disp_show_field_price":true,"layout_option":"standard","pric_use_as_fee":false,"process_fee_as":"woo_fee"},"layout_option":"standard"},"fields":[[{"elementId":"separator_965c78ffa8131e","separatorType":"blank","className":"","height":"3","enableCl":false,"relations":false,"cl_rule":"show","col":6,"type":"separator","error":false,"gt_translate_keys":[],"price_dependency":false,"cl_dependency":false,"value":""}],[{"active":true,"col":6,"relations":[{"operator":false,"rules":[{"operator":"AND","rules":{"cl_field":"radio-group_565c78ffa81208","cl_relation":"is","cl_val":"3 Hour Trip"}}]}],"cl_rule":"show","enableCl":false,"price":"","enablePrice":false,"className":"","label_position":"default","desc_position":"default","type":"select","required":false,"elementId":"select_165c78ffa81221","label":"\u23f0 Departure","name":"select_165c78ffa81221","values":[{"label":"09:00","value":"09:00","selected":false,"tempId":"aco_1471","gt_translate_keys":["label"]},{"label":"10:00","value":"10:00","selected":false,"tempId":"aco_1472","gt_translate_keys":["label"]},{"label":"11:00","value":"11:00","selected":false,"tempId":"aco_1500","gt_translate_keys":["label"]},{"label":"12:00","value":"12:00","selected":false,"tempId":"aco_1510","gt_translate_keys":["label"]},{"label":"13:00 (1:00 PM)","value":"13:00","selected":false,"tempId":"aco_1520","gt_translate_keys":["label"]},{"label":"14:00 (2:00 PM)","value":"14:00","selected":false,"tempId":"aco_1728","gt_translate_keys":["label"]},{"label":"15:00 (3:00 PM)","value":"15:00","selected":false,"tempId":"aco_1738","gt_translate_keys":["label"]},{"label":"16:00 (4:00 PM)","value":"16:00","selected":false,"tempId":"aco_1748","gt_translate_keys":["label"]},{"label":"17:00 (5:00 PM)","value":"17:00","selected":false,"tempId":"aco_1912","gt_translate_keys":["label"]},{"label":"18:00 (6:00 PM)","value":"18:00","selected":false,"tempId":"aco_1922","gt_translate_keys":["label"]}],"dropdown_type":"basic","error":false,"placeholder":"Whichever Time is Best","gt_translate_keys":["label","placeholder"],"price_dependency":false,"cl_dependency":false,"value":""}],[{"elementId":"separator-6457332782","separatorType":"blank","className":"","height":"3","enableCl":false,"relations":false,"cl_rule":"show","col":6,"type":"separator","error":false,"gt_translate_keys":[],"price_dependency":false,"cl_dependency":false,"value":""}],[{"active":true,"col":6,"relations":[{"operator":false,"rules":[{"operator":false,"rules":{"cl_field":"radio-group_565c78ffa81208","cl_relation":"is_not","cl_val":"4.5 Hour Trip from North Tenerife"}}]}],"cl_rule":"show","enableCl":false,"price":"","enablePrice":false,"className":"","label_position":"default","desc_position":"default","type":"text","subtype":"text","required":false,"elementId":"text_565c78ffa81326","label":"\ud83d\ude8c Pickup Location","name":"text_565c78ffa81326","value":"","error":false,"description":"Free pick-up service in Tenerife South. Simply provide your address or hotel name.","repeater":false,"repeater_field_label":"{field_label}","repeater_bind":"","gt_translate_keys":["label","description","value","repeater_field_label"],"price_dependency":false,"cl_dependency":false}]]}},"config":{"price_override":"always","enable_recaptcha":false,"bind_quantity":false,"quantity_bind_formula":false,"disp_summ_show_option_price":true,"disp_summ_show_product_price":false,"disp_summ_show_total_price":false,"disp_summ_show_fee":true,"disp_summ_show_discount":true,"summary_title":"","options_total_label":"Options Price","total_label":"Deposit Amount","options_product_label":"Product Price","fee_label":"Fee","discount_label":"Discount","has_price":true,"has_quantity_formula":false},"mc_unit":1,"tax_rate":1,"tax_rate_real":1,"discount":{"percentage":0,"fixed":0},"design":{"conf":{"LabelPosition":"above","DescPosition":"above","UploadField":"custom_1","QuantityFieldStyle":"custom_1"},"css":{"LeftLabelWidth":"120px"}},"formulas":{"fmla_1708360988969136756":"(({field.select_5841412719.value}>=8)?(3825):(({field.select_5841412719.value}>=7)?(3400):(({field.select_5841412719.value}>=6)?(2975):(({field.select_5841412719.value}>=5)?(2550):(({field.select_5841412719.value}>=4)?(2125):(({field.select_5841412719.value}>=3)?(1700):(0)))))))","fmla_1708364241278155361":"(({field.select_5841412719.value}>=8)?({field.select_5841412719.price}):(({field.select_5841412719.value}>=7)?({field.select_5841412719.price}):(({field.select_5841412719.value}>=6)?({field.select_5841412719.price}):(({field.select_5841412719.value}>=5)?({field.select_5841412719.price}):(({field.select_5841412719.value}>=4)?({field.select_5841412719.price}):(({field.select_5841412719.value}>=3)?({field.select_5841412719.price}):(0)))))))"},"lookuptables":[],"clones":false,"cartKey":false}},"_links":{"self":[{"href":"https:\/\/canaryvip.com\/da\/wp-json\/wp\/v2\/product\/9324","targetHints":{"allow":["GET"]}}],"collection":[{"href":"https:\/\/canaryvip.com\/da\/wp-json\/wp\/v2\/product"}],"about":[{"href":"https:\/\/canaryvip.com\/da\/wp-json\/wp\/v2\/types\/product"}],"replies":[{"embeddable":true,"href":"https:\/\/canaryvip.com\/da\/wp-json\/wp\/v2\/comments?post=9324"}],"wp:featuredmedia":[{"embeddable":true,"href":"https:\/\/canaryvip.com\/da\/wp-json\/wp\/v2\/media\/9328"}],"wp:attachment":[{"href":"https:\/\/canaryvip.com\/da\/wp-json\/wp\/v2\/media?parent=9324"}],"wp:term":[{"taxonomy":"product_brand","embeddable":true,"href":"https:\/\/canaryvip.com\/da\/wp-json\/wp\/v2\/product_brand?post=9324"},{"taxonomy":"product_cat","embeddable":true,"href":"https:\/\/canaryvip.com\/da\/wp-json\/wp\/v2\/product_cat?post=9324"},{"taxonomy":"product_tag","embeddable":true,"href":"https:\/\/canaryvip.com\/da\/wp-json\/wp\/v2\/product_tag?post=9324"}],"curies":[{"name":"wp","href":"https:\/\/api.w.org\/{rel}","templated":true}]}}