{"id":8824,"date":"2024-01-15T13:42:01","date_gmt":"2024-01-15T13:42:01","guid":{"rendered":"https:\/\/canaryvip.com\/?post_type=product&#038;p=8824"},"modified":"2025-09-19T12:00:53","modified_gmt":"2025-09-19T11:00:53","slug":"siam-park-vip-villa","status":"publish","type":"product","link":"https:\/\/canaryvip.com\/da\/shop\/siam-park-vip-villa\/","title":{"rendered":"Siam Park VIP Villa"},"content":{"rendered":"<section class=\"l-section wpb_row height_medium\"><div class=\"l-section-h i-cf\"><div class=\"g-cols vc_row via_flex valign_top type_default stacking_default\"><div class=\"vc_col-sm-12 wpb_column vc_column_container\"><div class=\"vc_column-inner\"><div class=\"wpb_wrapper\"><div class=\"wpb_text_column\"><div class=\"wpb_wrapper\"><h2>\ud83c\udf34 <strong>Siam Park VIP Villa-oplevelse med CanaryVIP<\/strong><\/h2>\n<p>Velkommen til toppen af luksus i Siam Park p\u00e5 Tenerife. Som en oase for vandentusiaster, <strong>Siam Park<\/strong> er kendt for sine sp\u00e6ndende forlystelser og maleriske landskaber. Fra den adrenalinpumpende <strong>Tower of Power<\/strong> til den fredfyldte <strong>Mai Thai-floden,<\/strong>\u00a0vi im\u00f8dekommer alle slags eventyrere. L\u00f8ft dit bes\u00f8g med denne eksklusive VIP-villaoplevelse, hvor raffinement og sp\u00e6nding g\u00e5r op i en h\u00f8jere enhed.<\/p>\n<h3><strong>\ud83c\udf1f Luksuri\u00f8se VIP-villa-faciliteter<\/strong><\/h3>\n<ul>\n<li><strong>Thai-inspireret elegance:<\/strong> VIP-villaen, der er udsmykket med thailandsk elegance, tilbyder et fredeligt og luksuri\u00f8st tilflugtssted.<\/li>\n<li><strong>H\u00f8jeste komfort:<\/strong> Slap af i ekstravagance med plyssofaer, private terrassebrusere og liggestole.<\/li>\n<li><strong>H\u00e5ndkl\u00e6der og eget brusebad:<\/strong> Der er friske h\u00e5ndkl\u00e6der og et privat brusebad til din bekvemmelighed.<\/li>\n<li><strong>Klimakontrol:<\/strong> Topmoderne ventilatorer til at opretholde en behagelig atmosf\u00e6re.<\/li>\n<li><strong>Sikker opbevaring af v\u00e6rdigenstande:<\/strong> Der er en sikkerhedsboks til r\u00e5dighed til opbevaring af dine ejendele.<\/li>\n<li><strong>Privat terrasse med solsenge:<\/strong> Nyd at solbade eller slappe af i skyggen p\u00e5 din eksklusive terrasse.<\/li>\n<li><strong>Personlig jacuzzi:<\/strong> Dyk ned i afslapning med din egen private jacuzzi, et symbol p\u00e5 ultimativ luksus.<\/li>\n<\/ul>\n<h3><strong>\ud83c\udfa5 Underholdning og komfort i villaen<\/strong><\/h3>\n<ul>\n<li><strong>TV- og loungeomr\u00e5de:<\/strong> En komfortabel lounge med et tv, hvor du kan nyde dine yndlingsserier.<\/li>\n<li><strong>Velassorteret minibar:<\/strong> I minibaren er der et udvalg af drikkevarer til at stille enhver t\u00f8rst.<\/li>\n<li><strong>Spisning med alt inklusive:<\/strong> Nyd et varieret udvalg af kulinariske l\u00e6kkerier p\u00e5 vores f\u00f8rsteklasses restauranter.<\/li>\n<li><strong>Drikkevarer og is:<\/strong> Ubegr\u00e6nset adgang til sodavand, \u00f8l, vand og is.<\/li>\n<\/ul>\n<h3><strong>\ud83c\udfa2 Prioriteret adgang til attraktioner med VIP Fast Pass:<\/strong><\/h3>\n<ul>\n<li><strong>Fast Pass til hele dagen:<\/strong> G\u00e5 uden om k\u00f8erne og f\u00e5 \u00f8jeblikkelig adgang til alle attraktioner, s\u00e5 du f\u00e5r mest muligt ud af det.<\/li>\n<\/ul>\n<h3><strong>\ud83c\udf74 All-inclusive spisning og ubegr\u00e6nsede drikkevaremuligheder:<\/strong><\/h3>\n<ul>\n<li><strong>Ubegr\u00e6nset kulinarisk udvalg:<\/strong> Fork\u00e6l dig selv med en altomfattende spiseoplevelse med et bredt udvalg af muligheder i hele parken.<\/li>\n<li><strong>Ubegr\u00e6nset antal drikkevarer:<\/strong> Nyd ubegr\u00e6nset adgang til et bredt udvalg af gratis drikkevarer, s\u00e5 du kan holde dig forfrisket under hele dit bes\u00f8g.<\/li>\n<\/ul>\n<h3><strong>\ud83d\udcb0 Enest\u00e5ende priser og v\u00e6rdi<\/strong><\/h3>\n<ul>\n<li><strong>Inklusive pris:<\/strong> VIP-villaen koster 1215 \u20ac og har plads til op til 8 g\u00e6ster, hvilket sikrer privatliv og eksklusivitet for b\u00e5de sm\u00e5 og store grupper.<\/li>\n<li><strong>Ekstra g\u00e6steindkvartering:<\/strong> Villaen kan huse op til 12 g\u00e6ster, med et ekstra gebyr p\u00e5 151 \u20ac pr. person ud over de f\u00f8rste otte.<\/li>\n<\/ul>\n<h3><strong>\ud83d\ude8c Praktisk og gratis transport<\/strong><\/h3>\n<ul>\n<li><strong>Stressfri rejse:<\/strong> Benyt den gratis Siam Park Bus Service til nem og bekvem transport.<\/li>\n<li><strong>Omfattende afhentningssteder:<\/strong> Flere opsamlingssteder p\u00e5 Tenerife for nem adgang.<\/li>\n<\/ul>\n<h3><strong>\u23f0 Planl\u00e6g dit ultimative bes\u00f8g<\/strong><\/h3>\n<ul>\n<li><strong>Tilg\u00e6ngelighed \u00e5ret rundt:<\/strong> \u00c5bent om sommeren (kl. 10-18) og om vinteren (kl. 10-17).<\/li>\n<li><strong>F\u00f8rsteklasses beliggenhed:<\/strong> Beliggende i det pulserende Costa Adeje, med en fantastisk udsigt og nem adgang.<\/li>\n<\/ul>\n<h3><b>\u274c Vilk\u00e5r for afbestilling<\/b><\/h3>\n<ul>\n<li style=\"font-weight: 400;\" aria-level=\"1\"><span style=\"font-weight: 400;\">G\u00e6ster, der aflyser <\/span><b>mindst en m\u00e5ned f\u00f8r den planlagte service<\/b><span style=\"font-weight: 400;\"> vil modtage en <\/span><b>fuld tilbagebetaling<\/b><span style=\"font-weight: 400;\">.<\/span>&nbsp;<\/li>\n<li style=\"font-weight: 400;\" aria-level=\"1\"><span style=\"font-weight: 400;\">Indsendte aflysninger <\/span><b>fra en m\u00e5ned op til 7 dage f\u00f8r<\/b><span style=\"font-weight: 400;\"> til tjenesten er underlagt en <\/span><b>60% afbestillingsgebyr<\/b><span style=\"font-weight: 400;\">.<\/span>&nbsp;<\/li>\n<li style=\"font-weight: 400;\" aria-level=\"1\"><span style=\"font-weight: 400;\">Aflysninger foretaget <\/span><b>inden for 7 dage efter den planlagte dato<\/b><span style=\"font-weight: 400;\"> er <\/span><b>ikke-refunderbar<\/b><span style=\"font-weight: 400;\">.<\/span><\/li>\n<\/ul>\n<h3><strong>\ud83d\udd14 Din Deluxe CanaryVIP-oplevelse<\/strong><\/h3>\n<ul>\n<li><strong>Tr\u00e6d ind i luksus:<\/strong> G\u00f8r dit bes\u00f8g i Siam Park endnu bedre med et ophold i VIP Villa.<\/li>\n<li><strong>Skab mindev\u00e6rdige \u00f8jeblikke:<\/strong> Book nu til en oplevelse fyldt med storhed, sp\u00e6nding og uforglemmelige minder.<\/li>\n<\/ul>\n<p>Uanset om du fejrer en vigtig milep\u00e6l eller organiserer en s\u00e6rlig begivenhed, er <strong>VIP-villa p\u00e5 Siam Park Tenerife<\/strong> tilbyder en uovertruffen blanding af luksus og eksklusivitet. Det er perfekt til st\u00f8rre grupper og kombinerer sp\u00e6ndende attraktioner med fredfyldt afslapning.<\/p>\n<p>Book nu med CanaryVIP til et overd\u00e5digt og uforglemmeligt eventyr i Siam Park VIP Villa!<\/p>\n<\/div><\/div><\/div><\/div><\/div><\/div><\/div><\/section>","protected":false},"excerpt":{"rendered":"<p><strong>\ud83d\udd0d Siam Park Villa:<\/strong><br \/>\n\u2705 Sikker betaling.<br \/>\n\ud83d\ude80 VIP Fast Pass til hele dagen.<br \/>\n\ud83d\udc68\u200d\ud83d\udc69\u200d\ud83d\udc66 Pris for 8 g\u00e6ster.<br \/>\n\ud83d\udc65 Passer til op til 12 personer.<br \/>\n\ud83d\udca6 Jacuzzi p\u00e5 terrassen.<br \/>\n\ud83d\udd10 Skab og h\u00e5ndkl\u00e6der inkluderet.<br \/>\n\ud83c\udf54 Ubegr\u00e6nset mad.<br \/>\n\ud83c\udf7a Ubegr\u00e6nset antal l\u00e6skedrikke og \u00f8l.<br \/>\n\ud83e\udd11 Garanteret bedste pris.<br \/>\n\ud83d\ude8d Gratis shuttlebus.<br \/>\n\ud83c\udf0d Underst\u00f8ttelse p\u00e5 flere sprog.<br \/>\n\ud83c\udf1f Book nu og spar!<br \/>\n\ud83d\udc32 Opdag <a href=\"https:\/\/canaryvip.com\/da\/product-category\/tenerife\/theme-parks-tenerife\/siam-park-tickets\/\">alle Siam Park-billetter her<\/a>!<br \/>\n\ud83d\udccd Find <a href=\"https:\/\/maps.app.goo.gl\/UfftQG3CrqW5R81r9\">Siam Park p\u00e5 Google Maps<\/a>!<\/p>","protected":false},"featured_media":8825,"comment_status":"open","ping_status":"closed","template":"","meta":{"_acf_changed":false},"product_brand":[],"product_cat":[54,55],"product_tag":[],"class_list":{"0":"post-8824","1":"product","2":"type-product","3":"status-publish","4":"has-post-thumbnail","6":"product_cat-theme-parks","7":"product_cat-siam-park-tickets","8":"wcpa_has_options","10":"first","11":"instock","12":"virtual","13":"purchasable","14":"product-type-simple"},"acf":[],"wcpa_form_fields":{"wcpaData":{"product":{"product_price":1320,"price_html":"From&nbsp;<span class=\"woocommerce-Price-amount amount\"><bdi>1.320,00&nbsp;<span class=\"woocommerce-Price-currencySymbol\">&euro;<\/span><\/bdi><\/span>","original_product_price":1320,"price_including_tax":1320,"price_excluding_tax":1320,"product_id":{"parent":8824,"variation":false},"is_variable":false,"stock_status":"instock","stock_quantity":null,"parent_sku":"CV8824","product_attributes":[],"custom_fields":[],"is_taxable":false,"product_name":"Siam Park VIP Villa","hasImage":false},"fields":{"sec_165dcc0a3c8397":{"extra":{"key":"sec_165dcc0a3c8397","section_id":"sec_165dcc0a3c8397","name":"Default","status":1,"cl_rule":"show","enableCl":false,"relations":[],"toggle":true,"title_tag":"h3","show_title":false,"showPrice":"default","form_id":10124,"form_rules":{"exclude_from_discount":true,"fee_label":"Fee","disp_hide_options_price":true,"disp_show_section_price":false,"disp_show_field_price":true,"layout_option":"standard","pric_use_as_fee":false,"process_fee_as":"woo_fee"},"layout_option":"standard"},"fields":[[{"active":true,"col":6,"relations":false,"cl_rule":"show","enableCl":false,"price":"","enablePrice":false,"className":"","label_position":"default","desc_position":"default","type":"date","required":false,"elementId":"date_1065dcc0a3c83b7","name":"date_1065dcc0a3c83b7","label":"\ud83d\udcc5 Date","picker_type":"custom","picker_mode":"single","error":false,"date_pic_inline":true,"date_pic_inline_hide":true,"min_date":{"type":"days","val":"3"},"max_date":{"type":"days_from_min","val":"500"},"date_pic_conf":{"disabledDates":["2025-05-26 to 2025-05-27","2025-06-01 to 2025-06-04","2025-06-12 to 2025-06-17","2025-06-18 to 2025-06-19","2025-06-20","2025-06-21","2025-06-22","2025-06-23","2025-06-24","2025-06-25","2025-06-26 to 2025-06-27","2025-06-28 to 2025-06-29","2025-07-01 to 2025-07-02","2025-07-03","2025-07-04","2025-07-05","2025-07-06","2025-07-07","2025-07-08","2025-07-09","2025-07-10","2025-07-11","2025-07-12","2025-07-13","2025-07-14","2025-07-15","2025-07-16","2025-07-17","2025-07-18 to 2025-07-25","2025-07-26","2025-07-27","2025-07-28","2025-07-29","2025-07-30","2025-07-31","2025-08-01","2025-08-02","2025-08-03","2025-08-04","2025-08-05 to 2025-08-07","2025-08-08","2025-08-09 to 2025-08-10","2025-08-11 to 2025-08-14","2025-08-15 to 2025-08-16","2025-08-17","2025-08-18","2025-08-21","2025-08-22","2025-08-23","2025-08-24 to 2025-08-26","2025-08-27","2025-08-28 to 2025-08-30","2025-08-31","2025-08-19 to 2025-08-20"]},"isWeightTemplate":false,"isTemplate":false,"min_quantity":"1","quantity_decimal":false,"quantity_step":"1","quantity_label":"Quantity","repeater_field_label":"{field_label}","repeater_bind":"","gt_translate_keys":["label","repeater_field_label","quantity_label"],"price_dependency":false,"cl_dependency":false,"value":""}],[{"active":true,"col":6,"relations":false,"cl_rule":"show","enableCl":false,"price":"","enablePrice":true,"className":"","label_position":"default","desc_position":"default","type":"select","required":false,"elementId":"select_1065dcc0a3c83c4","label":"\ud83d\udc64 Group Size","name":"select_1065dcc0a3c83c4","values":[{"label":"1 Person (1.320\u20ac)","value":"1 Person","selected":false,"tempId":"aco_670","price":"1320","gt_translate_keys":["label"]},{"label":"2 People (1.320\u20ac)","value":"2 People","selected":false,"tempId":"aco_671","price":"1320","gt_translate_keys":["label"]},{"label":"3 People (1.320\u20ac)","value":"3 People","selected":false,"tempId":"aco_672","price":"1320","gt_translate_keys":["label"]},{"label":"4 People (1.320\u20ac)","value":"4 People","selected":false,"tempId":"aco_898","price":"1320","gt_translate_keys":["label"]},{"label":"5 People (1.320\u20ac)","value":"5 People","selected":false,"tempId":"aco_908","price":"1320","gt_translate_keys":["label"]},{"label":"6 People (1.320\u20ac)","value":"6 People","selected":false,"tempId":"aco_1062","price":"1320","gt_translate_keys":["label"]},{"label":"7 People (1.320\u20ac)","value":"7 People","selected":false,"tempId":"aco_2967","price":"1320","gt_translate_keys":["label"]},{"label":"8 People (1.320\u20ac)","value":"8 People","selected":false,"tempId":"aco_3049","price":"1320","gt_translate_keys":["label"]},{"label":"\u2500 Beyond 8 people, each extra person costs \u20ac165 \u2500","value":"\u2500 Beyond 8 people, each extra person costs \u20ac165 \u2500","selected":false,"tempId":"aco_1784","price":"1320","gt_translate_keys":["label"]},{"label":"9 People (1.485\u20ac)","value":"9 People","selected":false,"tempId":"aco_3131","price":"1485","gt_translate_keys":["label"]},{"label":"10 People (1.650\u20ac)","value":"10 People","selected":false,"tempId":"aco_3213","price":"1650","gt_translate_keys":["label"]},{"label":"11 People (1.815\u20ac)","value":"11 People","selected":false,"tempId":"aco_3722","price":"1815","gt_translate_keys":["label"]},{"label":"12 People (1.980\u20ac)","value":"12 People","selected":false,"tempId":"aco_3732","price":"1980","gt_translate_keys":["label"]}],"dropdown_type":"basic","error":false,"placeholder":"None","priceOptions":"different_for_all","pricingType":"fixed","gt_translate_keys":["label","placeholder"],"price_dependency":false,"cl_dependency":false,"value":""}]]}},"config":{"price_override":"always","enable_recaptcha":false,"bind_quantity":false,"quantity_bind_formula":false,"disp_summ_show_option_price":false,"disp_summ_show_product_price":false,"disp_summ_show_total_price":true,"disp_summ_show_fee":false,"disp_summ_show_discount":false,"summary_title":"","options_total_label":"Options Price","total_label":"Total","options_product_label":"Product Price","fee_label":"Fee","discount_label":"Discount","has_price":true,"has_quantity_formula":false},"mc_unit":1,"tax_rate":1,"tax_rate_real":1,"discount":{"percentage":0,"fixed":0},"design":{"conf":{"LabelPosition":"above","DescPosition":"above","UploadField":"custom_1","QuantityFieldStyle":"custom_1"},"css":{"LeftLabelWidth":"120px"}},"formulas":[],"lookuptables":[],"clones":false,"cartKey":false}},"_links":{"self":[{"href":"https:\/\/canaryvip.com\/da\/wp-json\/wp\/v2\/product\/8824","targetHints":{"allow":["GET"]}}],"collection":[{"href":"https:\/\/canaryvip.com\/da\/wp-json\/wp\/v2\/product"}],"about":[{"href":"https:\/\/canaryvip.com\/da\/wp-json\/wp\/v2\/types\/product"}],"replies":[{"embeddable":true,"href":"https:\/\/canaryvip.com\/da\/wp-json\/wp\/v2\/comments?post=8824"}],"wp:featuredmedia":[{"embeddable":true,"href":"https:\/\/canaryvip.com\/da\/wp-json\/wp\/v2\/media\/8825"}],"wp:attachment":[{"href":"https:\/\/canaryvip.com\/da\/wp-json\/wp\/v2\/media?parent=8824"}],"wp:term":[{"taxonomy":"product_brand","embeddable":true,"href":"https:\/\/canaryvip.com\/da\/wp-json\/wp\/v2\/product_brand?post=8824"},{"taxonomy":"product_cat","embeddable":true,"href":"https:\/\/canaryvip.com\/da\/wp-json\/wp\/v2\/product_cat?post=8824"},{"taxonomy":"product_tag","embeddable":true,"href":"https:\/\/canaryvip.com\/da\/wp-json\/wp\/v2\/product_tag?post=8824"}],"curies":[{"name":"wp","href":"https:\/\/api.w.org\/{rel}","templated":true}]}}