{"id":8821,"date":"2024-01-15T13:32:07","date_gmt":"2024-01-15T13:32:07","guid":{"rendered":"https:\/\/canaryvip.com\/?post_type=product&#038;p=8821"},"modified":"2025-09-19T12:00:06","modified_gmt":"2025-09-19T11:00:06","slug":"siam-park-vip-house","status":"publish","type":"product","link":"https:\/\/canaryvip.com\/da\/shop\/siam-park-vip-house\/","title":{"rendered":"Siam Park VIP House"},"content":{"rendered":"<section class=\"l-section wpb_row height_medium\"><div class=\"l-section-h i-cf\"><div class=\"g-cols vc_row via_flex valign_top type_default stacking_default\"><div class=\"vc_col-sm-12 wpb_column vc_column_container\"><div class=\"vc_column-inner\"><div class=\"wpb_wrapper\"><div class=\"wpb_text_column\"><div class=\"wpb_wrapper\"><p>\ud83c\udfdd\ufe0f <strong>Siam Park VIP House-oplevelse med CanaryVIP<\/strong><\/p>\n<div class=\"min-h-&#091;20px&#093; text-message flex flex-col items-start gap-3 whitespace-pre-wrap break-words &#091;.text-message+&amp;&#093;:mt-5 overflow-x-auto\" data-message-author-role=\"assistant\" data-message-id=\"8a8a1897-a3c1-4569-9988-c0ed1c1bc6da\">\n<div class=\"markdown prose w-full break-words dark:prose-invert light\">\n<p>Velkommen til Siam Park, et paradis for vandentusiaster p\u00e5 Tenerife. Parken er kendt for sine sp\u00e6ndende forlystelser og maleriske landskaber og tilbyder et eventyr som intet andet. Fra de sp\u00e6ndende <strong>Tower of Power<\/strong> til den rolige <strong>Mai Thai-floden,<\/strong>\u00a0er der en oplevelse for enhver slags sp\u00e6ndingss\u00f8gende. Nu kan du g\u00f8re dit bes\u00f8g endnu bedre med <strong>CanaryVIP's eksklusive VIP House-oplevelse,<\/strong>\u00a0hvor luksus m\u00f8der eventyr.<\/p>\n<h3>\ud83c\udf1f <strong>Premium VIP-husets faciliteter<\/strong><\/h3>\n<ul>\n<li><strong>Thai Elegance<\/strong>: VIP House er inspireret af thailandsk \u00e6stetik og tilbyder en oase af ro og luksus.<\/li>\n<li><strong>Overlegen komfort<\/strong>: Slap af i stil med bl\u00f8de sofaer, private terrassebrusere og liggestole.<\/li>\n<li><strong>H\u00e5ndkl\u00e6der og brusebad<\/strong>: Friske h\u00e5ndkl\u00e6der venter p\u00e5 dig, og hvert hus har sit eget private brusebad for den st\u00f8rste bekvemmelighed.<\/li>\n<li><strong>Klimakontrol<\/strong>: Hold hovedet koldt med vores topmoderne ventilatorer.<\/li>\n<li><strong>Sikkerhed for v\u00e6rdigenstande<\/strong>: Opbevar dine ejendele sikkert i vores sikkerhedsboks.<\/li>\n<li><strong>Terrasse med solsenge<\/strong>: Nyd solen eller skyggen p\u00e5 din private terrasse, der er udstyret med komfortable liggestole.<\/li>\n<li><strong>Privat terrasse med jacuzzi<\/strong>: Nyd den ultimative afslapning i din eksklusive jacuzzi, kronjuvelen inden for komfort.<\/li>\n<\/ul>\n<h3>\ud83c\udfa5 <strong>Underholdning og afslapning i huset<\/strong><\/h3>\n<ul>\n<li><strong>TV og lounge<\/strong>: Slap af med dine yndlingsprogrammer p\u00e5 vores eget tv, og slap af i den behagelige sofa.<\/li>\n<li><strong>Minibar<\/strong>: En minibar med et udvalg af drikkevarer til at slukke enhver t\u00f8rst.<\/li>\n<li><strong>Alt-inklusive service<\/strong>: Nyd en bred vifte af kulinariske l\u00e6kkerier p\u00e5 vores restauranter.<\/li>\n<li><strong>Drikkevarer og is<\/strong>: Nyd ubegr\u00e6nset sodavand, \u00f8l, vand og is.<\/li>\n<\/ul>\n<h3>\ud83c\udfa2 <strong>Eksklusiv adgang med VIP Fast Pass<\/strong><\/h3>\n<ul>\n<li><strong>Fast Pass til hele dagen<\/strong>: Oplev \u00f8jeblikkelig adgang til alle forlystelser uden at skulle st\u00e5 i k\u00f8, hvilket g\u00f8r det endnu sjovere.<\/li>\n<\/ul>\n<h3>\ud83c\udf74 <strong>Spisning og drikkevarer med alt inklusive<\/strong><\/h3>\n<ul>\n<li><strong>Store kulinariske muligheder<\/strong>: Der er et v\u00e6ld af spisesteder i parken til alle ganer.<\/li>\n<li><strong>Ubegr\u00e6nset antal drikkevarer<\/strong>: Hold dig forfrisket med et udvalg af gratis drikkevarer.<\/li>\n<\/ul>\n<h3>\ud83d\udcb0 <strong>Enest\u00e5ende priser og v\u00e6rdi<\/strong><\/h3>\n<\/div>\n<\/div>\n<div class=\"min-h-&#091;20px&#093; text-message flex flex-col items-start gap-3 whitespace-pre-wrap break-words &#091;.text-message+&amp;&#093;:mt-5 overflow-x-auto\" data-message-author-role=\"assistant\" data-message-id=\"cc56ef15-39ff-4986-80a9-f3d468fc7369\">\n<div class=\"markdown prose w-full break-words dark:prose-invert light\">\n<ul>\n<li><strong>Inklusive pris<\/strong>: VIP-huset koster 910 \u20ac og har plads til op til 6 g\u00e6ster. Prisen sikrer eksklusivitet og privatliv for b\u00e5de sm\u00e5 og store grupper.<\/li>\n<li><strong>Ekstra g\u00e6stefleksibilitet<\/strong>: Huset kan rumme op til 10 g\u00e6ster. Der opkr\u00e6ves et ekstra gebyr p\u00e5 151 \u20ac pr. person for hver g\u00e6st ud over de f\u00f8rste seks.<\/li>\n<\/ul>\n<h3>\ud83d\ude8c <strong>Praktisk og gratis transport<\/strong><\/h3>\n<ul>\n<li><strong>Stressfri transport<\/strong>: Benyt dig af den gratis Siam Park Bus Service for nem transport.<\/li>\n<li><strong>Omfattende d\u00e6kning<\/strong>: Flere opsamlingssteder p\u00e5 Tenerife for nem adgang.<\/li>\n<\/ul>\n<h3>\u23f0 <strong>Planl\u00e6g din ultimative oplevelse<\/strong><\/h3>\n<ul>\n<li><strong>Tilg\u00e6ngelighed \u00e5ret rundt<\/strong>: \u00c5bent b\u00e5de sommer (kl. 10-18) og vinter (kl. 10-17).<\/li>\n<li><strong>F\u00f8rsteklasses beliggenhed<\/strong>: Beliggende i det pulserende Costa Adeje, med en fantastisk udsigt og nem adgang.<\/li>\n<\/ul>\n<h3><b>\u274c Afbestillingsregler<\/b><\/h3>\n<ul>\n<li style=\"font-weight: 400;\" aria-level=\"1\"><span style=\"font-weight: 400;\">Aflysninger foretaget <\/span><b>30 dage eller mere f\u00f8r aktivitetsdatoen<\/b><span style=\"font-weight: 400;\"> vil ikke p\u00e5drage sig nogen straf.<\/span>&nbsp;<\/li>\n<li style=\"font-weight: 400;\" aria-level=\"1\"><span style=\"font-weight: 400;\">Aflysninger foretaget <\/span><b>mellem 30 dage og 7 dage f\u00f8r den planlagte dato<\/b><span style=\"font-weight: 400;\"> vil resultere i en <\/span><b>60% opladning<\/b><span style=\"font-weight: 400;\"> af bookingbel\u00f8bet.<\/span>&nbsp;<\/li>\n<li style=\"font-weight: 400;\" aria-level=\"1\"><span style=\"font-weight: 400;\">Aflysninger foretaget <\/span><b>mindre end 7 dage f\u00f8r aktiviteten<\/b><span style=\"font-weight: 400;\"> vil resultere i en <\/span><b>100% opladning<\/b><span style=\"font-weight: 400;\"> af bookingbel\u00f8bet.<\/span><\/li>\n<\/ul>\n<h4>\ud83d\udd14 <strong>Dit luksuri\u00f8se eventyr med CanaryVIP<\/strong><\/h4>\n<ul>\n<li><strong>Tr\u00e6d ind i overd\u00e5digheden<\/strong>: Opgrader dit bes\u00f8g i Siam Park med et ophold i VIP-huset.<\/li>\n<li><strong>Skab varige minder<\/strong>: Book nu til en rejse fyldt med luksus, sp\u00e6nding og uforglemmelige \u00f8jeblikke.<\/li>\n<\/ul>\n<\/div>\n<\/div>\n<\/div><\/div><\/div><\/div><\/div><\/div><\/div><\/section>","protected":false},"excerpt":{"rendered":"<p><strong>\ud83d\udd0d Siam Park House:<\/strong><br \/>\n\u2705 Sikker betaling.<br \/>\n\ud83d\ude80 VIP Fast Pass til hele dagen.<br \/>\n\ud83d\udc68\u200d\ud83d\udc69\u200d\ud83d\udc66 Pris for 6 g\u00e6ster.<br \/>\n\ud83d\udc65 Passer til op til 10 personer.<br \/>\n\ud83d\udca6 Jacuzzi p\u00e5 privat terrasse.<br \/>\n\ud83d\udd10 Skab og h\u00e5ndkl\u00e6der inkluderet.<br \/>\n\ud83c\udf54 Ubegr\u00e6nset mad.<br \/>\n\ud83c\udf7a Ubegr\u00e6nset sodavand og \u00f8l.<br \/>\n\ud83c\udfe0 Mere plads? <a href=\"https:\/\/canaryvip.com\/da\/shop\/siam-park-vip-villa\/\">Tjek Siam Park Villa ud<\/a>.<br \/>\n\ud83e\udd11 Garanteret bedste pris.<br \/>\n\ud83d\ude8d Gratis shuttlebus.<br \/>\n\ud83c\udf0d Underst\u00f8ttelse p\u00e5 flere sprog.<br \/>\n\ud83c\udf1f Book nu og spar!<br \/>\n\ud83d\udc32 Opdag <a href=\"https:\/\/canaryvip.com\/da\/product-category\/tenerife\/theme-parks-tenerife\/siam-park-tickets\/\">alle Siam Park-billetter her<\/a>!<br \/>\n\ud83d\udccd Find <a href=\"https:\/\/maps.app.goo.gl\/UfftQG3CrqW5R81r9\">Siam Park p\u00e5 Google Maps<\/a>!<\/p>","protected":false},"featured_media":8827,"comment_status":"open","ping_status":"closed","template":"","meta":{"_acf_changed":false},"product_brand":[],"product_cat":[54,55],"product_tag":[],"class_list":{"0":"post-8821","1":"product","2":"type-product","3":"status-publish","4":"has-post-thumbnail","6":"product_cat-theme-parks","7":"product_cat-siam-park-tickets","8":"wcpa_has_options","10":"first","11":"instock","12":"virtual","13":"purchasable","14":"product-type-simple"},"acf":[],"wcpa_form_fields":{"wcpaData":{"product":{"product_price":990,"price_html":"From&nbsp;<span class=\"woocommerce-Price-amount amount\"><bdi>990,00&nbsp;<span class=\"woocommerce-Price-currencySymbol\">&euro;<\/span><\/bdi><\/span>","original_product_price":990,"price_including_tax":990,"price_excluding_tax":990,"product_id":{"parent":8821,"variation":false},"is_variable":false,"stock_status":"instock","stock_quantity":null,"parent_sku":"CV8821","product_attributes":[],"custom_fields":[],"is_taxable":false,"product_name":"Siam Park VIP House","hasImage":false},"fields":{"sec_865dcbfa9364bf":{"extra":{"key":"sec_865dcbfa9364bf","section_id":"sec_865dcbfa9364bf","name":"Default","status":1,"cl_rule":"show","enableCl":false,"relations":[],"toggle":true,"title_tag":"h3","show_title":false,"showPrice":"default","form_id":10123,"form_rules":{"exclude_from_discount":true,"fee_label":"Fee","disp_hide_options_price":true,"disp_show_section_price":false,"disp_show_field_price":true,"layout_option":"standard","pric_use_as_fee":false,"process_fee_as":"woo_fee"},"layout_option":"standard"},"fields":[[{"active":true,"col":6,"relations":false,"cl_rule":"show","enableCl":false,"price":"","enablePrice":false,"className":"","label_position":"default","desc_position":"default","type":"date","required":false,"elementId":"date_565dcbfa9364dd","name":"date_565dcbfa9364dd","label":"\ud83d\udcc5 Date","picker_type":"custom","picker_mode":"single","error":false,"date_pic_inline":true,"date_pic_inline_hide":true,"min_date":{"type":"days","val":"3"},"max_date":{"type":"days_from_min","val":"500"},"date_pic_conf":{"disabledDates":["2024-06-18 to 2024-06-30","2024-07-01 to 2024-08-15","2024-08-16 to 2024-08-20","2024-08-21","2024-08-22 to 2024-08-23","2024-08-24","2024-08-25 to 2024-08-29","2024-08-30","2025-05-26 to 2025-05-29","2025-06-02","2025-06-20","2025-06-21 to 2025-06-24","2025-06-25","2025-06-26 to 2025-06-27","2025-06-30","2025-07-01","2025-07-03","2025-07-04","2025-07-06","2025-07-07 to 2025-07-08","2025-07-09","2025-07-10 to 2025-07-13","2025-07-14 to 2025-07-15","2025-07-16 to 2025-07-17","2025-07-18","2025-07-19","2025-07-20","2025-07-21","2025-07-22","2025-07-23","2025-07-24","2025-07-25","2025-07-26","2025-07-27","2025-07-28 to 2025-07-31","2025-08-01","2025-08-02","2025-08-03","2025-08-04","2025-08-05","2025-08-06","2025-08-07","2025-08-08 to 2025-08-09","2025-08-10","2025-08-11 to 2025-08-12","2025-08-13","2025-08-14","2025-08-15","2025-08-16 to 2025-08-18","2025-08-19","2025-08-20","2025-08-21","2025-08-22","2025-08-23","2025-08-24","2025-08-25","2025-08-26","2025-08-27","2025-08-28 to 2025-08-31","2026-03-31 to 2026-04-11"]},"isWeightTemplate":false,"isTemplate":false,"min_quantity":"1","quantity_decimal":false,"quantity_step":"1","quantity_label":"Quantity","repeater_field_label":"{field_label}","repeater_bind":"","gt_translate_keys":["label","repeater_field_label","quantity_label"],"price_dependency":false,"cl_dependency":false,"value":""}],[{"active":true,"col":6,"relations":false,"cl_rule":"show","enableCl":false,"price":"","enablePrice":true,"className":"","label_position":"default","desc_position":"default","type":"select","required":false,"elementId":"select_965dcbfa9364eb","label":"\ud83d\udc64 Group Size","name":"select_965dcbfa9364eb","values":[{"label":"1 Person (990\u20ac)","value":"1 Person","selected":false,"tempId":"aco_670","price":"990","gt_translate_keys":["label"]},{"label":"2 People (990\u20ac)","value":"2 People","selected":false,"tempId":"aco_671","price":"990","gt_translate_keys":["label"]},{"label":"3 People (990\u20ac)","value":"3 People","selected":false,"tempId":"aco_672","price":"990","gt_translate_keys":["label"]},{"label":"4 People (990\u20ac)","value":"4 People","selected":false,"tempId":"aco_898","price":"990","gt_translate_keys":["label"]},{"label":"5 People (990\u20ac)","value":"5 People","selected":false,"tempId":"aco_908","price":"990","gt_translate_keys":["label"]},{"label":"6 People (990\u20ac)","value":"6 People","selected":false,"tempId":"aco_1062","price":"990","gt_translate_keys":["label"]},{"label":"\u2500 Beyond 6 people, each extra person costs \u20ac165 \u2500","value":"\u2500 Beyond 6 people, each extra person costs \u20ac165 \u2500","selected":false,"tempId":"aco_1784","price":"990","gt_translate_keys":["label"]},{"label":"7 People (1.155\u20ac)","value":"7 People","selected":false,"tempId":"aco_2967","price":"1155","gt_translate_keys":["label"]},{"label":"8 People (1.320\u20ac)","value":"8 People","selected":false,"tempId":"aco_3049","price":"1320","gt_translate_keys":["label"]},{"label":"9 People (1.485\u20ac)","value":"9 People","selected":false,"tempId":"aco_3131","price":"1485","gt_translate_keys":["label"]},{"label":"10 People (1.650\u20ac)","value":"10 People","selected":false,"tempId":"aco_3213","price":"1650","gt_translate_keys":["label"]}],"dropdown_type":"basic","error":false,"placeholder":"None","priceOptions":"different_for_all","pricingType":"fixed","gt_translate_keys":["label","placeholder"],"price_dependency":false,"cl_dependency":false,"value":""}]]}},"config":{"price_override":"always","enable_recaptcha":false,"bind_quantity":false,"quantity_bind_formula":false,"disp_summ_show_option_price":false,"disp_summ_show_product_price":false,"disp_summ_show_total_price":true,"disp_summ_show_fee":false,"disp_summ_show_discount":false,"summary_title":"","options_total_label":"Options Price","total_label":"Total","options_product_label":"Product Price","fee_label":"Fee","discount_label":"Discount","has_price":true,"has_quantity_formula":false},"mc_unit":1,"tax_rate":1,"tax_rate_real":1,"discount":{"percentage":0,"fixed":0},"design":{"conf":{"LabelPosition":"above","DescPosition":"above","UploadField":"custom_1","QuantityFieldStyle":"custom_1"},"css":{"LeftLabelWidth":"120px"}},"formulas":[],"lookuptables":[],"clones":false,"cartKey":false}},"_links":{"self":[{"href":"https:\/\/canaryvip.com\/da\/wp-json\/wp\/v2\/product\/8821","targetHints":{"allow":["GET"]}}],"collection":[{"href":"https:\/\/canaryvip.com\/da\/wp-json\/wp\/v2\/product"}],"about":[{"href":"https:\/\/canaryvip.com\/da\/wp-json\/wp\/v2\/types\/product"}],"replies":[{"embeddable":true,"href":"https:\/\/canaryvip.com\/da\/wp-json\/wp\/v2\/comments?post=8821"}],"wp:featuredmedia":[{"embeddable":true,"href":"https:\/\/canaryvip.com\/da\/wp-json\/wp\/v2\/media\/8827"}],"wp:attachment":[{"href":"https:\/\/canaryvip.com\/da\/wp-json\/wp\/v2\/media?parent=8821"}],"wp:term":[{"taxonomy":"product_brand","embeddable":true,"href":"https:\/\/canaryvip.com\/da\/wp-json\/wp\/v2\/product_brand?post=8821"},{"taxonomy":"product_cat","embeddable":true,"href":"https:\/\/canaryvip.com\/da\/wp-json\/wp\/v2\/product_cat?post=8821"},{"taxonomy":"product_tag","embeddable":true,"href":"https:\/\/canaryvip.com\/da\/wp-json\/wp\/v2\/product_tag?post=8821"}],"curies":[{"name":"wp","href":"https:\/\/api.w.org\/{rel}","templated":true}]}}