{"id":8817,"date":"2024-01-15T12:16:37","date_gmt":"2024-01-15T12:16:37","guid":{"rendered":"https:\/\/canaryvip.com\/?post_type=product&#038;p=8817"},"modified":"2025-09-19T12:01:26","modified_gmt":"2025-09-19T11:01:26","slug":"siam-park-vip-cabin","status":"publish","type":"product","link":"https:\/\/canaryvip.com\/da\/shop\/siam-park-vip-cabin\/","title":{"rendered":"Siam Park VIP-hytte"},"content":{"rendered":"<section class=\"l-section wpb_row height_medium\"><div class=\"l-section-h i-cf\"><div class=\"g-cols vc_row via_flex valign_top type_default stacking_default\"><div class=\"vc_col-sm-12 wpb_column vc_column_container\"><div class=\"vc_column-inner\"><div class=\"wpb_wrapper\"><div class=\"wpb_text_column\"><div class=\"wpb_wrapper\"><h2><strong>\ud83c\udfdd\ufe0f Siam Park VIP Cabana-oplevelse med CanaryVIP<\/strong><\/h2>\n<p>Velkommen til Siam Park, Tenerifes f\u00f8rende vandland, der er kendt for sine sp\u00e6ndende forlystelser, fantastiske scenerier og det ultimative vandeventyr. Fra den adrenalinpumpende <strong>Tower of Power<\/strong> til den afslappende <strong>Mai Thai-floden,<\/strong>\u00a0Der er noget for enhver smag. Dyk ned i en verden, hvor sp\u00e6nding og afslapning m\u00f8des, og g\u00f8r dit bes\u00f8g uforglemmeligt med <strong>VIP Cabana-oplevelse. <\/strong><\/p>\n<p>Opdag, hvorfor Siam Park er den ultimative destination for familiesjov, afslapning og eventyr i et tropisk paradis. Oplev det bedste inden for vandunderholdning, og skab minder, der varer hele livet.<\/p>\n<h3><strong>\ud83c\udf1f Eksklusivt udvalg af cabanaer<\/strong><\/h3>\n<ul>\n<li><strong>Thai-inspirerede temaer<\/strong>: V\u00e6lg mellem Cabana Phuket, Chiang Mai eller Rataburi, som hver is\u00e6r er et fredfyldt thai-inspireret fristed.<\/li>\n<li><strong>Uovertruffen komfort<\/strong>: Nyd plyssofaer, private terrassebrusere og liggestole for den ultimative afslapning og luksus.<\/li>\n<li><strong>H\u00e5ndkl\u00e6der inkluderet<\/strong>: Du beh\u00f8ver ikke at bekymre dig om at pakke h\u00e5ndkl\u00e6der; de er til r\u00e5dighed for din bekvemmelighed.<\/li>\n<li><strong>Ventilator til komfort<\/strong>: Hold dig afk\u00f8let med den medf\u00f8lgende ventilator.<\/li>\n<li><strong>Sikre dine ejendele<\/strong>: Brug sikkerhedsboksen for at f\u00e5 ro i sindet.<\/li>\n<\/ul>\n<h3><strong>\ud83c\udfa5 Underholdning og komfort i kabinen<\/strong><\/h3>\n<ul>\n<li><strong>TV og DVD-afspiller<\/strong>: Hver cabana er udstyret med tv og dvd-afspiller til underholdning.<\/li>\n<li><strong>Forfriskninger ved h\u00e5nden<\/strong>: En minibar med et udvalg af drikkevarer, der passer til dine pr\u00e6ferencer.<\/li>\n<\/ul>\n<h3><strong>\ud83c\udfa2 Prioriteret adgang med VIP Fast Pass<\/strong><\/h3>\n<ul>\n<li><strong>\u00d8jeblikkelig adgang til attraktioner<\/strong>: Med s\u00e6rlige armb\u00e5nd til VIP-g\u00e6ster f\u00e5r du \u00f8jeblikkelig adgang til alle forlystelser, g\u00e5r uden om k\u00f8erne og f\u00e5r mest muligt ud af din tid.<\/li>\n<\/ul>\n<h3>\ud83c\udf74 <strong>Spisning og drikkevarer med alt inklusive<\/strong><\/h3>\n<ul>\n<li><strong>Forskellige spisemuligheder<\/strong>: Fork\u00e6l dig selv med en r\u00e6kke kulinariske valgmuligheder i parken, der passer til enhver smag.<\/li>\n<li><strong>Ubegr\u00e6nset antal drikkevarer<\/strong>: Nyd gratis sodavand, \u00f8l, vand og is, s\u00e5 du er sikret v\u00e6ske og tilfredshed.<\/li>\n<\/ul>\n<h3><strong>\ud83d\udcb0 Enest\u00e5ende priser og v\u00e6rdi<\/strong><\/h3>\n<ul>\n<li><strong>Omfattende sats<\/strong>: VIP Cabana koster 610 \u20ac og har plads til 1 til 4 g\u00e6ster. Uanset om det er et soloeventyr eller en gruppe p\u00e5 fire, forbliver prisen den samme, hvilket sikrer eksklusivitet og privatliv.<\/li>\n<li><strong>Ekstra g\u00e6stefleksibilitet<\/strong>: Hvis din gruppe er p\u00e5 mere end fire, har du mulighed for at tilf\u00f8je op til 2 ekstra g\u00e6ster for 151 \u20ac hver, hvilket g\u00f8r det alsidigt til forskellige gruppest\u00f8rrelser.<\/li>\n<li><strong>S\u00e6rlige sommerpriser:<\/strong> Du kan sikre dig disse priser selv i de travle sommerm\u00e5neder juli og august.<\/li>\n<li><strong>Fordel ved tidlig booking:<\/strong> Undg\u00e5 prisstigninger ved at booke nu - sikr dig dagens pris til dit fremtidige bes\u00f8g!<\/li>\n<\/ul>\n<h3><strong>\ud83d\ude8c Praktisk og gratis transport<\/strong><\/h3>\n<ul>\n<li><strong>Stressfri rejse<\/strong>: Benyt dig af den gratis Siam Park Bus Service, som tilbyder regelm\u00e6ssig og bekvem transport.<\/li>\n<li><strong>Bred d\u00e6kning<\/strong>: Flere opsamlingssteder p\u00e5 Tenerife for nem adgang til og fra parken.<\/li>\n<\/ul>\n<h3><strong>\u23f0 Planl\u00e6g din ultimative oplevelse<\/strong><\/h3>\n<ul>\n<li><strong>\u00c5bent hele \u00e5ret<\/strong>: Sommer (kl. 10-18), vinter (kl. 10-17).<\/li>\n<li><strong>Tilg\u00e6ngelig og natursk\u00f8n<\/strong>: Beliggende i det pulserende Costa Adeje, der blander smuk udsigt med let tilg\u00e6ngelighed.<\/li>\n<\/ul>\n<h3><strong>\ud83d\udd14 Dit luksuri\u00f8se eventyr venter med CanaryVIP<\/strong><\/h3>\n<ul>\n<li><strong>Tr\u00e6d ind i luksus<\/strong>: L\u00f8ft dit bes\u00f8g i Siam Park med et ophold i en VIP Cabana.<\/li>\n<li><strong>Skab uforglemmelige minder<\/strong>: Book i dag og tag p\u00e5 en rejse med luksus, sp\u00e6nding og uforglemmelige \u00f8jeblikke.<\/li>\n<\/ul>\n<h3><b>\u274c Betingelser for afbestilling<\/b><\/h3>\n<ul>\n<li style=\"font-weight: 400;\" aria-level=\"1\"><span style=\"font-weight: 400;\">Annullerede bookinger <\/span><b>en m\u00e5ned eller mere f\u00f8r aktivitetsdatoen<\/b><span style=\"font-weight: 400;\"> vil ikke blive opkr\u00e6vet.<\/span>&nbsp;<\/li>\n<li style=\"font-weight: 400;\" aria-level=\"1\"><span style=\"font-weight: 400;\">Annullerede bookinger <\/span><b>mellem en m\u00e5ned og 7 dage f\u00f8r<\/b><span style=\"font-weight: 400;\"> vil blive opkr\u00e6vet <\/span><b>60% af det samlede bel\u00f8b<\/b><span style=\"font-weight: 400;\">.<\/span>&nbsp;<\/li>\n<li style=\"font-weight: 400;\" aria-level=\"1\"><span style=\"font-weight: 400;\">Annullerede bookinger <\/span><b>mindre end 7 dage i forvejen<\/b><span style=\"font-weight: 400;\"> vil blive opkr\u00e6vet <\/span><b>det fulde bel\u00f8b (100%)<\/b><span style=\"font-weight: 400;\">.<\/span><\/li>\n<\/ul>\n<h3>\ud83c\udf1f L\u00f8ft dit eventyr med CanaryVIP<\/h3>\n<p>Book din VIP Cabana-oplevelse med CanaryVIP i dag, og s\u00f8rg for, at dit bes\u00f8g p\u00e5 Siam Park bliver en oplevelse af luksus og uforglemmelige \u00f8jeblikke. Nyd eksklusive fordele, prioriteret adgang og enest\u00e5ende komfort, der g\u00f8r hvert \u00f8jeblik af dit eventyr helt specielt.<\/p>\n<p>G\u00e5 ikke glip af denne mulighed for at skabe varige minder i Tenerifes f\u00f8rende vandland. Sikr dig din VIP-cabana nu, og begiv dig ud p\u00e5 den ultimative rejse med afslapning, sp\u00e6nding og luksus!<\/p>\n<\/div><\/div><\/div><\/div><\/div><\/div><\/div><\/section>","protected":false},"excerpt":{"rendered":"<p><strong>\ud83d\udd0d Siam Park Cabana:<\/strong><br \/>\n\u2705 Sikker betaling.<br \/>\n\ud83d\ude80 VIP Fast Pass til hele dagen.<br \/>\n\ud83d\udc68\u200d\ud83d\udc69\u200d\ud83d\udc66 Pris for 4 g\u00e6ster.<br \/>\n\ud83d\udc65 Passer til op til 6 personer.<br \/>\n\ud83d\udd10 Skab og h\u00e5ndkl\u00e6der inkluderet.<br \/>\n\ud83c\udf54 Ubegr\u00e6nset mad.<br \/>\n\ud83c\udf7a Ubegr\u00e6nset antal l\u00e6skedrikke og \u00f8l.<br \/>\n\ud83c\udfe0 Mere plads? Tjek den <a href=\"https:\/\/canaryvip.com\/da\/shop\/siam-park-vip-house\/\">Siam Park House<\/a>.<br \/>\n\ud83e\udd11 Garanteret bedste pris.<br \/>\n\ud83d\ude8d Gratis shuttlebus.<br \/>\n\ud83c\udf0d Underst\u00f8ttelse p\u00e5 flere sprog.<br \/>\n\ud83c\udf1f Book nu og spar!<br \/>\n\ud83d\udc32 Opdag <a href=\"https:\/\/canaryvip.com\/da\/product-category\/tenerife\/theme-parks-tenerife\/siam-park-tickets\/\">alle Siam Park-billetter her<\/a>!<br \/>\n\ud83d\udccd Find <a href=\"https:\/\/maps.app.goo.gl\/UfftQG3CrqW5R81r9\">Siam Park p\u00e5 Google Maps<\/a>!<\/p>","protected":false},"featured_media":8819,"comment_status":"open","ping_status":"closed","template":"","meta":{"_acf_changed":false},"product_brand":[],"product_cat":[54,55],"product_tag":[],"class_list":{"0":"post-8817","1":"product","2":"type-product","3":"status-publish","4":"has-post-thumbnail","6":"product_cat-theme-parks","7":"product_cat-siam-park-tickets","8":"wcpa_has_options","10":"first","11":"instock","12":"virtual","13":"purchasable","14":"product-type-simple"},"acf":[],"wcpa_form_fields":{"wcpaData":{"product":{"product_price":660,"price_html":"From&nbsp;<span class=\"woocommerce-Price-amount amount\"><bdi>660,00&nbsp;<span class=\"woocommerce-Price-currencySymbol\">&euro;<\/span><\/bdi><\/span>","original_product_price":660,"price_including_tax":660,"price_excluding_tax":660,"product_id":{"parent":8817,"variation":false},"is_variable":false,"stock_status":"instock","stock_quantity":null,"parent_sku":"CV8817","product_attributes":[],"custom_fields":[],"is_taxable":false,"product_name":"Siam Park VIP Cabin","hasImage":false},"fields":{"sec_765dcbaa6daedc":{"extra":{"key":"sec_765dcbaa6daedc","section_id":"sec_765dcbaa6daedc","name":"Default","status":1,"cl_rule":"show","enableCl":false,"relations":[],"toggle":true,"title_tag":"h3","show_title":false,"showPrice":"default","form_id":10122,"form_rules":{"exclude_from_discount":true,"fee_label":"Fee","disp_hide_options_price":true,"disp_show_section_price":false,"disp_show_field_price":true,"layout_option":"standard","pric_use_as_fee":false,"process_fee_as":"woo_fee"},"layout_option":"standard"},"fields":[[{"active":true,"col":6,"relations":false,"cl_rule":"show","enableCl":false,"price":"","enablePrice":false,"className":"","label_position":"default","desc_position":"default","type":"date","required":false,"elementId":"date_9651671511","name":"date_9651671511","label":"\ud83d\udcc5 Date","picker_type":"custom","picker_mode":"single","error":false,"date_pic_inline":true,"date_pic_inline_hide":true,"min_date":{"type":"days","val":"3"},"max_date":{"type":"days_from_min","val":"700"},"date_pic_conf":{"disabledDates":["2025-07-01 to 2025-08-31","2025-10-01 to 2025-11-01","2026-04-01","2026-04-02 to 2026-04-07","2026-04-08"],"enabledDates":[]},"isWeightTemplate":false,"isTemplate":false,"min_quantity":"1","quantity_decimal":false,"quantity_step":"1","quantity_label":"Quantity","repeater_field_label":"{field_label}","repeater_bind":"","gt_translate_keys":["label","repeater_field_label","quantity_label"],"price_dependency":false,"cl_dependency":false,"value":""}],[{"active":true,"col":6,"relations":false,"cl_rule":"show","enableCl":false,"price":"","enablePrice":true,"className":"","label_position":"default","desc_position":"default","type":"select","required":false,"elementId":"select_5229375457","label":"\ud83d\udc64 Group Size","name":"select_5229375457","values":[{"label":"1 Person (660\u20ac)","value":"1 Person","selected":false,"tempId":"aco_670","price":"660","gt_translate_keys":["label"]},{"label":"2 People (660\u20ac)","value":"2 People","selected":false,"tempId":"aco_671","price":"660","gt_translate_keys":["label"]},{"label":"3 People (660\u20ac)","value":"3 People","selected":false,"tempId":"aco_672","price":"660","gt_translate_keys":["label"]},{"label":"4 People (660\u20ac)","value":"4 People","selected":false,"tempId":"aco_898","price":"660","gt_translate_keys":["label"]},{"label":"\u2500 Beyond 4 people, each extra person costs \u20ac165 \u2500","value":"\u2500 Beyond 4 people, each extra person costs \u20ac165 \u2500","selected":false,"tempId":"aco_1784","price":"660","gt_translate_keys":["label"]},{"label":"5 People (825\u20ac)","value":"5 People","selected":false,"tempId":"aco_908","price":"825","gt_translate_keys":["label"]},{"label":"6 People (990\u20ac)","value":"6 People","selected":false,"tempId":"aco_1062","price":"990","gt_translate_keys":["label"]}],"dropdown_type":"basic","error":false,"placeholder":"None","priceOptions":"different_for_all","pricingType":"fixed","gt_translate_keys":["label","placeholder"],"price_dependency":false,"cl_dependency":false,"value":""}]]}},"config":{"price_override":"always","enable_recaptcha":false,"bind_quantity":false,"quantity_bind_formula":false,"disp_summ_show_option_price":false,"disp_summ_show_product_price":false,"disp_summ_show_total_price":true,"disp_summ_show_fee":false,"disp_summ_show_discount":false,"summary_title":"","options_total_label":"Options Price","total_label":"Total","options_product_label":"Product Price","fee_label":"Fee","discount_label":"Discount","has_price":true,"has_quantity_formula":false},"mc_unit":1,"tax_rate":1,"tax_rate_real":1,"discount":{"percentage":0,"fixed":0},"design":{"conf":{"LabelPosition":"above","DescPosition":"above","UploadField":"custom_1","QuantityFieldStyle":"custom_1"},"css":{"LeftLabelWidth":"120px"}},"formulas":[],"lookuptables":[],"clones":false,"cartKey":false}},"_links":{"self":[{"href":"https:\/\/canaryvip.com\/da\/wp-json\/wp\/v2\/product\/8817","targetHints":{"allow":["GET"]}}],"collection":[{"href":"https:\/\/canaryvip.com\/da\/wp-json\/wp\/v2\/product"}],"about":[{"href":"https:\/\/canaryvip.com\/da\/wp-json\/wp\/v2\/types\/product"}],"replies":[{"embeddable":true,"href":"https:\/\/canaryvip.com\/da\/wp-json\/wp\/v2\/comments?post=8817"}],"wp:featuredmedia":[{"embeddable":true,"href":"https:\/\/canaryvip.com\/da\/wp-json\/wp\/v2\/media\/8819"}],"wp:attachment":[{"href":"https:\/\/canaryvip.com\/da\/wp-json\/wp\/v2\/media?parent=8817"}],"wp:term":[{"taxonomy":"product_brand","embeddable":true,"href":"https:\/\/canaryvip.com\/da\/wp-json\/wp\/v2\/product_brand?post=8817"},{"taxonomy":"product_cat","embeddable":true,"href":"https:\/\/canaryvip.com\/da\/wp-json\/wp\/v2\/product_cat?post=8817"},{"taxonomy":"product_tag","embeddable":true,"href":"https:\/\/canaryvip.com\/da\/wp-json\/wp\/v2\/product_tag?post=8817"}],"curies":[{"name":"wp","href":"https:\/\/api.w.org\/{rel}","templated":true}]}}