{"id":15796,"date":"2025-09-01T21:32:54","date_gmt":"2025-09-01T20:32:54","guid":{"rendered":"https:\/\/canaryvip.com\/?post_type=product&#038;p=15796"},"modified":"2025-12-09T16:40:27","modified_gmt":"2025-12-09T16:40:27","slug":"royal-ocean-private-yacht-tenerife","status":"publish","type":"product","link":"https:\/\/canaryvip.com\/da\/shop\/royal-ocean-private-yacht-tenerife\/","title":{"rendered":"Royal Ocean Privat Yacht Tenerife"},"content":{"rendered":"<h2><strong>\ud83c\udf0a Royal Ocean Private Yacht Charter p\u00e5 Tenerife<\/strong><\/h2>\n<p>G\u00e5 om bord p\u00e5 <strong>Royal Ocean<\/strong>, en elegant <strong>Princess 440 Flybridge yacht<\/strong> der m\u00e5ler 14 meter, og begav sig ud p\u00e5 en spektakul\u00e6r <a href=\"https:\/\/canaryvip.com\/da\/tenerife\/boat-hire-tenerife\/\">Yachtcharter i Tenerife<\/a>. Denne f\u00f8rsteklasses oplevelse kombinerer elegance, komfort og eventyr, hvilket g\u00f8r den til det perfekte valg til en romantisk flugt, en familieudflugt eller en fest med vennerne.<\/p>\n<p>N\u00e5r du sejler langs Tenerifes sydkyst, der er beskyttet mod vind af majest\u00e6tiske bjerge, kan du nyde roligt hav, solskin n\u00e6sten \u00e5ret rundt og nogle af de bedste muligheder for at se p\u00e5 havlivet p\u00e5 De Kanariske \u00d8er.<\/p>\n<h3>\u2b50\ufe0f <strong>Uovertruffen komfort og gourmetoplevelse<\/strong><\/h3>\n<p><span style=\"text-decoration: underline;\"><strong>Hvorfor denne yachtudlejning p\u00e5 Tenerife er noget helt s\u00e6rligt:<\/strong><\/span><\/p>\n<ul>\n<li>Rummelig <strong>Princess 440 Flybridge<\/strong> med 14 meters l\u00e6ngde, indend\u00f8rs lounge, flybridge og solbadningsomr\u00e5der til op til 10 g\u00e6ster.<\/li>\n<li>F\u00f8rsteklasses spiseoplevelse: retter tilberedt af kokken, kanariske specialiteter og friske delikatesser.<\/li>\n<li>Ubegr\u00e6nset antal drikkevarer, herunder cava, cocktails og l\u00e6skedrikke.<\/li>\n<li>Luksustransfer med en Mercedes-minibus for op til 8 passagerer.<\/li>\n<\/ul>\n<h3>\ud83d\udd52 <strong>Fleksible muligheder for privat charter<\/strong><\/h3>\n<p>V\u00e6lg den rute og varighed, der passer bedst til dine planer:<\/p>\n<ul>\n<li><strong>3-4 timers rejseplan til Los Cristianos<\/strong>: Se hvaler og delfiner, f\u00f8r du sejler langs sydkysten. L\u00e6g til i en skjult bugt n\u00e6r Los Cristianos eller Yellow Mountain, hvor du kan sv\u00f8mme, snorkle og st\u00e5 p\u00e5 paddleboard med tapas, frisk frugt og drikkevarer om bord.<\/li>\n<li><strong>5-6 timers rejseplan for Puertito<\/strong>: Forl\u00e6ng dit eventyr med mere tid p\u00e5 havet. Efter at have set p\u00e5 livet i havet kan du nyde en gourmetforret med jam\u00f3n, oste og laks p\u00e5 vej til Puertito Bay. Sv\u00f8m, snorkel eller slap af, f\u00f8r du udforsker en anden afsidesliggende bugt.<\/li>\n<li><strong>7-8 timers rejseplan til Los Gigantes<\/strong>: Den ultimative mulighed for yachtcharter p\u00e5 Tenerife. Sejl mod de t\u00e5rnh\u00f8je Los Gigantes-klipper, kast anker ved Masca Bay, og nyd snorkling, paddleboarding og en komplet frokostmenu. Undervejs kan du beundre grotter, skjulte strande og en betagende udsigt over Teide.<\/li>\n<li><strong>Privat krydstogt ved solnedgang<\/strong>: En romantisk aftenoplevelse. Oplev solnedgangen over Atlanterhavet, mens du nyder cava, cocktails og kokketilberedte bidder. Perfekt til frierier, jubil\u00e6er eller bare til at nyde Tenerifes mest magiske udsigt.<\/li>\n<\/ul>\n<h4>\ud83d\udc2c <strong>Hvalsafari under Barco Azul-flaget<\/strong><\/h4>\n<p>Den <strong>Royal Ocean<\/strong> sejler stolt under det officielle <em>Barco Azul<\/em> licens, hvilket sikrer etisk og b\u00e6redygtig hval- og delfinsafari. Med en succesrate p\u00e5 99% vil du sandsynligvis st\u00f8de p\u00e5 grindehvaler og flaskehalsdelfiner \u00e5ret rundt sammen med vandrende arter p\u00e5 bestemte tidspunkter af \u00e5ret.<\/p>\n<h3>\u2705 <strong>H\u00f8jdepunkter ved leje af privat yacht p\u00e5 Tenerife<\/strong><\/h3>\n<ul>\n<li>Personlige ruter og fleksible tidsplaner designet efter dine pr\u00e6ferencer.<\/li>\n<li>F\u00f8rsteklasses faciliteter om bord, herunder SUP-boards, snorkeludstyr og rummelige loungeomr\u00e5der.<\/li>\n<li>Professionel bes\u00e6tning, der s\u00f8rger for sikkerhed, komfort og opm\u00e6rksom service p\u00e5 hele turen.<\/li>\n<li>Uforglemmelig udsigt over Teide, Los Cristianos-klipperne, Masca-bugten og Tenerifes sydlige kystlinje.<\/li>\n<\/ul>\n<h4>\ud83c\udf89 <strong>Perfekt til events og s\u00e6rlige fester<\/strong><\/h4>\n<p>Chartering af <strong>Royal Ocean<\/strong> handler ikke kun om at sejle, det er en ekstraordin\u00e6r m\u00e5de at fejre livets st\u00f8rste \u00f8jeblikke p\u00e5. Uanset om det er en f\u00f8dselsdag, et frieri, en bryllupsrejse, en polterabend eller et jubil\u00e6um, s\u00e5 skaber denne yachtudlejning p\u00e5 Tenerife minder, der varer hele livet. G\u00e6sterne kan nyde spisning i restaurantkvalitet, luksusdrinks og Atlanterhavets fantastiske kulisse.<\/p>\n<p>Efter aftale kan en professionel fotograf ogs\u00e5 inviteres om bord for at forevige hvert \u00f8jeblik.<\/p>\n<h4>\ud83d\ude90 <strong>S\u00f8ml\u00f8se overf\u00f8rsler<\/strong><\/h4>\n<p>For ekstra komfort tilbyder Royal Ocean luksustransport med en Mercedes-minibus til grupper p\u00e5 op til 8 personer, som bringer jer direkte til marinaen.<\/p>\n<h4>\ud83d\udcdc <strong>Booking- og afbestillingspolitik<\/strong><\/h4>\n<ul>\n<li><strong>Fleksible aflysninger:<\/strong> Gratis afbestilling op til 4 dage f\u00f8r korte ture (3-4 timer). For l\u00e6ngere ture (5-8 timer) er afbestilling op til 6 dage i forvejen gratis. Afbud refunderes ikke.<\/li>\n<li>Giv os besked om kostbehov mindst 48 timer f\u00f8r afrejse, s\u00e5 vi kan forberede en skr\u00e6ddersyet menu.<\/li>\n<\/ul>\n<h4>\ud83d\udd53 <strong>Nem ombordstigning<\/strong><\/h4>\n<ul>\n<li>Afgang fra Marina del Sur, Las Galletas.<\/li>\n<li>Kom venligst til m\u00f8destedet 15 minutter f\u00f8r afgang for at sikre en smidig ombordstigning.<\/li>\n<\/ul>\n<p>Hos CanaryVIP g\u00f8r vi det nemt at leje en b\u00e5d p\u00e5 Tenerife og nyde de mest eksklusive oplevelser p\u00e5 \u00f8en. Med Royal Ocean vil du opdage, hvorfor yachtudlejning p\u00e5 Tenerife er en af de mest uforglemmelige m\u00e5der at udforske Atlanterhavet p\u00e5.<\/p>\n<p>\ud83c\udf1f Bestil din <strong>Royal Ocean Privat Yacht Charter<\/strong> i dag, og g\u00f8r din ferie p\u00e5 Tenerife til et luksuseventyr til s\u00f8s.<\/p>","protected":false},"excerpt":{"rendered":"<p><span>\ud83d\udd0d <\/span><strong>Royal Ocean Yacht:<\/strong><br \/>\n<span>\u2705 Sikker betaling.<br \/>\n<\/span>\ud83d\udc65 F\u00e6lles ture.<br \/>\n<span>\ud83d\udd10 Private ture.<\/span><br \/>\n<span>\ud83d\udee5\ufe0f 14 meter yacht.<\/span><br \/>\n<span>\u23f3 Daglige ture p\u00e5 3-8 timer.<\/span><br \/>\n<span>\ud83d\udd59 Afgangstider, der kan tilpasses.<\/span><br \/>\n<span>\ud83c\udf74 M\u00e5ltider og drikkevarer inkluderet.<\/span><br \/>\n<span>\ud83d\udc65 Op til 10 g\u00e6ster.<\/span><br \/>\n<span>\ud83c\udfc4\u200d\u2640\ufe0f Paddle Board inkluderet.<\/span><br \/>\n<span>\ud83e\udd3f Snorkeludstyr stilles til r\u00e5dighed.<\/span><br \/>\n<span>\ud83d\udd0a Spil din musik.<\/span><br \/>\n<span>\ud83d\ude97 Transportservice inkluderet.<\/span><br \/>\n<span>\ud83e\udd11 Garanteret bedste pris.<\/span><br \/>\n<span>\ud83d\udc6a Rabatter aktiveret.<\/span><br \/>\n<span>\ud83d\udd01 Op til 4 dages afbestilling.<\/span><br \/>\n<span>\ud83c\udf0d Flersproget bes\u00e6tning.<\/span><br \/>\n<span>\ud83c\udf1f Book tidligt og spar!<\/span><br \/>\n<span>\ud83d\udccd Afgang fra\u00a0<\/span><a href=\"https:\/\/www.google.com\/maps\/place\/Marina+del+Sur+Tenerife.+Puerto+de+Las+Galletas.\/@28.0069667,-16.6636839,16z\/data=!3m1!4b1!4m6!3m5!1s0xc6aa271048d957b:0x66913daf70f663b3!8m2!3d28.006962!4d-16.661109!16s%2Fg%2F1tfzyr98?entry=tts\">Las Galletas<\/a><span>.<\/span><\/p>","protected":false},"featured_media":15937,"comment_status":"open","ping_status":"closed","template":"","meta":{"_acf_changed":false},"product_brand":[],"product_cat":[47,46],"product_tag":[],"class_list":{"0":"post-15796","1":"product","2":"type-product","3":"status-publish","4":"has-post-thumbnail","6":"product_cat-boat-hire-tenerife","7":"product_cat-boat-excursions","8":"wcpa_has_options","10":"first","11":"instock","12":"virtual","13":"purchasable","14":"product-type-simple"},"acf":[],"wcpa_form_fields":{"wcpaData":{"product":{"product_price":750,"price_html":"From&nbsp;<span class=\"woocommerce-Price-amount amount\"><bdi>750,00&nbsp;<span class=\"woocommerce-Price-currencySymbol\">&euro;<\/span><\/bdi><\/span>","original_product_price":750,"price_including_tax":750,"price_excluding_tax":750,"product_id":{"parent":15796,"variation":false},"is_variable":false,"stock_status":"instock","stock_quantity":null,"parent_sku":"CV15796","product_attributes":[],"custom_fields":[],"is_taxable":false,"product_name":"Royal Ocean Private Yacht Tenerife","hasImage":false},"fields":{"sec_868cd7750f2713":{"extra":{"key":"sec_868cd7750f2713","section_id":"sec_868cd7750f2713","name":"Default","status":1,"cl_rule":"show","enableCl":false,"relations":[],"toggle":true,"title_tag":"h3","show_title":false,"showPrice":"default","form_id":15949,"form_rules":{"exclude_from_discount":true,"fee_label":"Fee","disp_hide_options_price":true,"disp_show_section_price":false,"disp_show_field_price":true,"layout_option":"standard","pric_use_as_fee":false,"process_fee_as":"woo_fee"},"layout_option":"standard"},"fields":[[{"active":true,"col":6,"relations":[{"operator":false,"rules":[{"operator":"AND","rules":{"cl_field":"","cl_relation":"","cl_val":""}}]}],"cl_rule":"show","enableCl":false,"price":"","enablePrice":false,"className":"","label_position":"default","desc_position":"default","type":"radio-group","required":true,"elementId":"radio-group_1068cd7750f2744","label":"\u231b\ufe0f Trip Duration","name":"radio-group_1068cd7750f2744","values":[{"label":"3 Hour Shared Trip (86\u20ac)","value":"3 Hour Trip","selected":false,"tempId":"aco_32","description":"Whale and dolphin sightings. Includes food and drinks. Daily at Different Hours.","gt_translate_keys":["label","description"]},{"label":"Private Charter (From 750\u20ac)","value":"Private Charter (From 670\u20ac)","selected":false,"tempId":"aco_33","description":"Explore Tenerife\u2019s coast on a luxury yacht. Private charters include drinks, tapas, swim stops, whale watching and flexible routes from 3\u20138 hours.","gt_translate_keys":["label","description"]}],"layOut":"","error":false,"checkUi":"toggle","enableDesign":false,"scrollBar":false,"description":"","other":false,"options_description":true,"show_selected_option":false,"isWeightTemplate":false,"isTemplate":false,"min_quantity":"1","quantity_decimal":false,"quantity_step":"1","quantity_label":"Quantity","repeater_field_label":"{field_label}","repeater_bind":"","gt_translate_keys":["label","description","repeater_field_label","quantity_label"],"price_dependency":false,"cl_dependency":[false,false],"value":""}]]},"sec_468cd7750f2746":{"extra":{"key":"sec_468cd7750f2746","section_id":"sec_468cd7750f2746","name":"3H Shared Trip","status":1,"cl_rule":"show","enableCl":true,"relations":[{"operator":false,"rules":[{"operator":"AND","rules":{"cl_field":"radio-group_1068cd7750f2744","cl_relation":"is","cl_val":"3 Hour Trip"}}]}],"toggle":true,"title_tag":"h4","show_title":false,"showPrice":"default","form_id":15949,"form_rules":{"exclude_from_discount":true,"fee_label":"Fee","disp_hide_options_price":true,"disp_show_section_price":false,"disp_show_field_price":true,"layout_option":"standard","pric_use_as_fee":false,"process_fee_as":"woo_fee"},"layout_option":"standard"},"fields":[[{"label":"\ud83d\udcc5 Date","active":true,"required":true,"elementId":"date_268cd7750f2754","picker_type":"custom","picker_mode":"single","placeholder":"","description":"","tooltip":"","name":"date_268cd7750f2754","label_position":"default","desc_position":"default","enablePrice":false,"className":"","enableCl":false,"relations":[{"operator":"and","rules":[{"operator":"AND","rules":{"cl_field":"radio-group_1068cd7750f2744","cl_relation":"is","cl_val":"3 Hour Trip"}}]}],"enableDesign":false,"LabelColor":"","date_pic_inline":true,"date_pic_inline_hide":true,"min_date":{"type":"days","val":"2"},"max_date":{"type":"days","val":"365"},"date_pic_conf":{"disabledWeeks":[],"disabledDates":["2025-09-19","2025-09-21","2025-09-23","2025-09-29","2025-10-07","2025-10-12","2025-10-13","2025-10-19","2025-10-20"]},"price":"","cl_rule":"show","col":6,"type":"date","error":false,"date_conf_custom":{},"isWeightTemplate":false,"isTemplate":false,"min_quantity":"1","quantity_decimal":false,"quantity_step":"1","quantity_label":"Quantity","repeater_field_label":"{field_label}","repeater_bind":"","gt_translate_keys":["label","placeholder","description","tooltip","repeater_field_label","quantity_label"],"price_dependency":false,"cl_dependency":false,"value":""}],[{"label":"\u23f0 Departure","active":true,"required":true,"elementId":"select_1068cd7750f275f","dropdown_type":"basic","name":"select_1068cd7750f275f","label_position":"default","desc_position":"default","enablePrice":false,"className":"","enableCl":false,"relations":[{"operator":false,"rules":[{"operator":"AND","rules":{"cl_field":"date_268cd7750f2754","cl_relation":"week_day_is","cl_val":[1]}}]}],"values":[{"label":"10:00","value":"10:00","selected":false,"tempId":"aco_2695","options_cl":true,"relations":[],"cl_rule":"show","gt_translate_keys":["label"]},{"label":"14:00","value":"14:00","selected":false,"tempId":"aco_2696","options_cl":true,"relations":[],"cl_rule":"show","gt_translate_keys":["label"]}],"price":"","cl_rule":"show","col":6,"type":"select","error":false,"placeholder":"Select Departure Time","isWeightTemplate":false,"isTemplate":false,"min_quantity":"1","quantity_decimal":false,"quantity_step":"1","quantity_label":"Quantity","repeater_field_label":"{field_label}","repeater_bind":"","gt_translate_keys":["label","placeholder","repeater_field_label","quantity_label"],"price_dependency":false,"cl_dependency":false,"value":""}],[{"active":true,"col":6,"relations":false,"cl_rule":"show","enableCl":false,"price":"","enablePrice":false,"className":"","label_position":"default","desc_position":"default","type":"content","required":false,"elementId":"content_268cd7750f277e","label":"People","name":"content_268cd7750f277e","contentType":"plain","value":"","error":false,"show_in_checkout":true,"inline":false,"gt_translate_keys":["label","value"],"price_dependency":false,"cl_dependency":false}],[{"active":true,"col":6,"relations":[{"operator":false,"rules":[{"operator":"AND","rules":{"cl_field":"","cl_relation":"","cl_val":""}}]}],"cl_rule":"show","enableCl":false,"price":"89","enablePrice":true,"className":"","label_position":"default","desc_position":"default","type":"radio-group","required":false,"elementId":"radio-group_868cd7750f2789","label":"","name":"radio-group_868cd7750f2789","values":[{"label":"\ud83d\udc64 Adult (89\u20ac)","value":"Adult","selected":true,"tempId":"aco_32","tooltip":"+12 Years","description":"","gt_translate_keys":["label","tooltip","description"]}],"layOut":"","error":false,"checkUi":"button","priceOptions":"fixed_for_all","pricingType":"fixed","enable_quantity":true,"quantity_label":"","min_quantity":"0","options_tooltip":true,"options_description":true,"is_show_price":false,"isWeightTemplate":false,"isTemplate":false,"quantity_decimal":false,"quantity_step":"1","repeater_field_label":"{field_label}","repeater_bind":"","gt_translate_keys":["label","repeater_field_label","quantity_label"],"price_dependency":false,"cl_dependency":false,"value":""}],[{"label":"","active":true,"required":false,"elementId":"radio-group_568cd7750f2794","name":"radio-group_568cd7750f2794","label_position":"default","desc_position":"default","enablePrice":true,"className":"","enableCl":false,"relations":false,"enable_quantity":true,"quantity_label":"","min_quantity":"0","checkUi":"button","layOut":"","values":[{"label":"\ud83d\udc66 Child (66\u20ac)","value":"Child","selected":true,"tempId":"aco_32","tooltip":"3-11 Years","description":"","gt_translate_keys":["label","tooltip","description"]}],"priceOptions":"fixed_for_all","pricingType":"fixed","price":"66","cl_rule":"show","col":6,"type":"radio-group","error":false,"options_tooltip":true,"options_description":true,"is_show_price":false,"isWeightTemplate":false,"isTemplate":false,"quantity_decimal":false,"quantity_step":"1","repeater_field_label":"{field_label}","repeater_bind":"","gt_translate_keys":["label","repeater_field_label","quantity_label"],"price_dependency":false,"cl_dependency":false,"value":""}]]},"sec_1068cd7750f27a0":{"extra":{"key":"sec_1068cd7750f27a0","section_id":"sec_1068cd7750f27a0","name":"Private Charter","status":1,"cl_rule":"show","enableCl":true,"relations":[{"operator":false,"rules":[{"operator":"AND","rules":{"cl_field":"radio-group_1068cd7750f2744","cl_relation":"is","cl_val":"Private Charter (From 670\u20ac)"}}]}],"toggle":true,"title_tag":"h4","show_title":false,"showPrice":"default","form_id":15949,"form_rules":{"exclude_from_discount":true,"fee_label":"Fee","disp_hide_options_price":true,"disp_show_section_price":false,"disp_show_field_price":true,"layout_option":"standard","pric_use_as_fee":false,"process_fee_as":"woo_fee"},"layout_option":"standard"},"fields":[[{"label":"\ud83d\udcc5 Date","active":true,"required":true,"elementId":"date-4966732090","picker_type":"custom","picker_mode":"single","placeholder":"","description":"","tooltip":"","name":"date-4966732090","label_position":"default","desc_position":"default","enablePrice":false,"className":"","enableCl":false,"relations":[{"operator":"and","rules":[{"operator":"AND","rules":{"cl_field":"radio-group_1068cd7750f2744","cl_relation":"is","cl_val":"3 Hour Trip"}}]}],"repeater_bind":"","repeater_field_label":"{field_label}","enableDesign":false,"LabelColor":"","quantity_label":"Quantity","quantity_step":"1","quantity_decimal":false,"min_quantity":"1","date_pic_inline":true,"date_pic_inline_hide":true,"min_date":{"type":"days","val":"1"},"max_date":{"type":"days","val":"365"},"date_pic_conf":{"disabledWeeks":[],"disabledDates":["2025-09-19","2025-09-21","2025-09-23","2025-09-29","2025-10-07","2025-10-12","2025-10-13","2025-10-19","2025-10-20"]},"date_conf_custom":{},"isTemplate":false,"price":"","isWeightTemplate":false,"cl_rule":"show","col":6,"type":"date","error":false,"gt_translate_keys":["label","placeholder","description","tooltip","repeater_field_label","quantity_label"],"price_dependency":false,"cl_dependency":false,"value":""}],[{"label":"\u23f0 Departure","active":true,"required":true,"elementId":"select_068cd7750f27b3","dropdown_type":"basic","placeholder":"Select Departure Time","name":"select_068cd7750f27b3","label_position":"default","desc_position":"default","enablePrice":false,"className":"","enableCl":false,"relations":[{"operator":false,"rules":[{"operator":"AND","rules":{"cl_field":"date_268cd7750f2754","cl_relation":"week_day_is","cl_val":[1]}}]}],"values":[{"label":"10:00","value":"10:00","selected":false,"tempId":"aco_2696","gt_translate_keys":["label"]},{"label":"14:00","value":"14:00","selected":false,"tempId":"aco_2457","gt_translate_keys":["label"]},{"label":"18:00","value":"18:00","selected":false,"tempId":"aco_91","gt_translate_keys":["label"]}],"price":"","cl_rule":"show","col":6,"type":"select","error":false,"isWeightTemplate":false,"isTemplate":false,"min_quantity":"1","quantity_decimal":false,"quantity_step":"1","quantity_label":"Quantity","repeater_field_label":"{field_label}","repeater_bind":"","gt_translate_keys":["label","placeholder","repeater_field_label","quantity_label"],"price_dependency":false,"cl_dependency":false,"value":""}],[{"label":"\ud83d\udc65 Amount of People","active":true,"required":true,"elementId":"select_1068cd7750f27bc","dropdown_type":"basic","placeholder":"Select Departure Time","name":"select_1068cd7750f27bc","label_position":"default","desc_position":"default","enablePrice":false,"className":"","enableCl":false,"relations":[{"operator":false,"rules":[{"operator":"AND","rules":{"cl_field":"date_268cd7750f2754","cl_relation":"week_day_is","cl_val":[1]}}]}],"values":[{"label":"1 Person","value":"1 Person","selected":false,"tempId":"aco_2695","gt_translate_keys":["label"]},{"label":"2 People","value":"2 People","selected":false,"tempId":"aco_2696","gt_translate_keys":["label"]},{"label":"3 People","value":"3 People","selected":false,"tempId":"aco_3399","gt_translate_keys":["label"]},{"label":"4 People","value":"4 People","selected":false,"tempId":"aco_3409","gt_translate_keys":["label"]},{"label":"5 People","value":"5 People","selected":false,"tempId":"aco_3519","gt_translate_keys":["label"]},{"label":"6 People","value":"6 People","selected":false,"tempId":"aco_3529","gt_translate_keys":["label"]},{"label":"7 People","value":"7 People","selected":false,"tempId":"aco_3557","gt_translate_keys":["label"]},{"label":"8 People","value":"8 People","selected":false,"tempId":"aco_3594","gt_translate_keys":["label"]},{"label":"9 People","value":"9 People","selected":false,"tempId":"aco_3604","gt_translate_keys":["label"]},{"label":"10 People","value":"10 People","selected":false,"tempId":"aco_3722","gt_translate_keys":["label"]}],"price":"","cl_rule":"show","col":6,"type":"select","error":false,"isWeightTemplate":false,"isTemplate":false,"min_quantity":"1","quantity_decimal":false,"quantity_step":"1","quantity_label":"Quantity","repeater_field_label":"{field_label}","repeater_bind":"","gt_translate_keys":["label","placeholder","repeater_field_label","quantity_label"],"price_dependency":false,"cl_dependency":false,"value":""}],[{"active":true,"col":6,"relations":false,"cl_rule":"show","enableCl":false,"price":"","enablePrice":true,"className":"","label_position":"default","desc_position":"default","type":"select","required":false,"elementId":"select_668cd7750f27c5","label":"\u231b\ufe0f Charter Duration (From 750\u20ac)","name":"select_668cd7750f27c5","values":[{"label":"3 Hours (750\u20ac)","value":"3","selected":false,"tempId":"aco_3241","price":"750","gt_translate_keys":["label"]},{"label":"4 Hours (880\u20ac)","value":"4","selected":false,"tempId":"aco_349","price":"880","gt_translate_keys":["label"]},{"label":"5 Hours (1.050\u20ac)","value":"5","selected":false,"tempId":"aco_2139","price":"1050","gt_translate_keys":["label"]},{"label":"6 Hours (1.230\u20ac)","value":"6","selected":false,"tempId":"aco_2149","price":"1230","gt_translate_keys":["label"]},{"label":"7 Hours (1.400\u20ac)","value":"7","selected":false,"tempId":"aco_1706","price":"1400","gt_translate_keys":["label"]},{"label":"8 Hours (1.570\u20ac)","value":"8","selected":false,"tempId":"aco_2393","price":"1570","gt_translate_keys":["label"]}],"dropdown_type":"basic","error":false,"placeholder":"Select Duration Time","priceOptions":"different_for_all","pricingType":"fixed","is_show_price":false,"isWeightTemplate":false,"isTemplate":false,"min_quantity":"1","quantity_decimal":false,"quantity_step":"1","quantity_label":"Quantity","repeater_field_label":"{field_label}","repeater_bind":"","gt_translate_keys":["label","placeholder","repeater_field_label","quantity_label"],"price_dependency":false,"cl_dependency":false,"value":""}],[{"active":true,"col":6,"relations":false,"cl_rule":"show","enableCl":false,"price":"","enablePrice":false,"className":"","label_position":"default","desc_position":"default","type":"separator","required":false,"elementId":"separator_768cd7750f27d0","label":"Separator Field","height":"3","separatorType":"blank","error":false,"gt_translate_keys":["label"],"price_dependency":false,"cl_dependency":false,"value":""}]]}},"config":{"price_override":"always","enable_recaptcha":false,"bind_quantity":false,"quantity_bind_formula":false,"disp_summ_show_option_price":true,"disp_summ_show_product_price":false,"disp_summ_show_total_price":true,"disp_summ_show_fee":true,"disp_summ_show_discount":true,"summary_title":"","options_total_label":"Options Price","total_label":"Total Amount Now","options_product_label":"Product Price","fee_label":"Fee","discount_label":"Discount","has_price":true,"has_quantity_formula":false},"mc_unit":1,"tax_rate":1,"tax_rate_real":1,"discount":{"percentage":0,"fixed":0},"design":{"conf":{"LabelPosition":"above","DescPosition":"above","UploadField":"custom_1","QuantityFieldStyle":"custom_1"},"css":{"LeftLabelWidth":"120px"}},"formulas":{"fmla_1708364241278155361":"(({field.select_668cd7750f27c5.value}>=8)?(335.50):(({field.select_668cd7750f27c5.value}>=6)?(269):(({field.select_668cd7750f27c5.value}>=5)?(252.50):(({field.select_668cd7750f27c5.value}>=4)?(282.50):(({field.select_668cd7750f27c5.value}>=3)?(193.50):(0))))))","fmla_1741607919311571987":"(({field.select_668cd7750f27c5.value}>=8)?(1334.50):(({field.select_668cd7750f27c5.value}>=6)?(1071):(({field.select_668cd7750f27c5.value}>=5)?(977.50):(({field.select_668cd7750f27c5.value}>=4)?(807.50):(({field.select_668cd7750f27c5.value}>=3)?(756.50):(0))))))"},"lookuptables":[],"clones":false,"cartKey":false}},"_links":{"self":[{"href":"https:\/\/canaryvip.com\/da\/wp-json\/wp\/v2\/product\/15796","targetHints":{"allow":["GET"]}}],"collection":[{"href":"https:\/\/canaryvip.com\/da\/wp-json\/wp\/v2\/product"}],"about":[{"href":"https:\/\/canaryvip.com\/da\/wp-json\/wp\/v2\/types\/product"}],"replies":[{"embeddable":true,"href":"https:\/\/canaryvip.com\/da\/wp-json\/wp\/v2\/comments?post=15796"}],"wp:featuredmedia":[{"embeddable":true,"href":"https:\/\/canaryvip.com\/da\/wp-json\/wp\/v2\/media\/15937"}],"wp:attachment":[{"href":"https:\/\/canaryvip.com\/da\/wp-json\/wp\/v2\/media?parent=15796"}],"wp:term":[{"taxonomy":"product_brand","embeddable":true,"href":"https:\/\/canaryvip.com\/da\/wp-json\/wp\/v2\/product_brand?post=15796"},{"taxonomy":"product_cat","embeddable":true,"href":"https:\/\/canaryvip.com\/da\/wp-json\/wp\/v2\/product_cat?post=15796"},{"taxonomy":"product_tag","embeddable":true,"href":"https:\/\/canaryvip.com\/da\/wp-json\/wp\/v2\/product_tag?post=15796"}],"curies":[{"name":"wp","href":"https:\/\/api.w.org\/{rel}","templated":true}]}}