{"id":15724,"date":"2025-08-24T11:35:32","date_gmt":"2025-08-24T10:35:32","guid":{"rendered":"https:\/\/canaryvip.com\/?post_type=product&#038;p=15724"},"modified":"2025-09-06T09:56:39","modified_gmt":"2025-09-06T08:56:39","slug":"neptuno-yacht-charter-tenerife","status":"publish","type":"product","link":"https:\/\/canaryvip.com\/da\/shop\/neptuno-yacht-charter-tenerife\/","title":{"rendered":"Neptuno Yacht Charter Tenerife"},"content":{"rendered":"<h2>\ud83d\udee5\ufe0f Neptuno Yacht Charter Tenerife<\/h2>\n<p>P\u00e5 <strong>CanaryVIP<\/strong> tilbyder vi dig chancen for at nyde et eksklusivt eventyr om bord p\u00e5 <strong>Neptuno Yacht,<\/strong> en af de f\u00e5 private yachter p\u00e5 Tenerife med licens til <strong>hvalsafari og delfinsafari.<\/strong> Med kapacitet til op til <strong>22 passagerer,<\/strong> Denne yacht er en sj\u00e6lden mulighed p\u00e5 Tenerife, hvor de fleste private b\u00e5de er begr\u00e6nset til 12 personer. Det er det perfekte valg for st\u00f8rre grupper, der \u00f8nsker at dele en uforglemmelig dag til s\u00f8s.<\/p>\n<p>Yachten er udstyret med <strong>to \u00e5bne d\u00e6k,<\/strong> en lille indvendig lounge og et toilet til din komfort. Neptuno blev oprindeligt bygget i 1973 og totalrenoveret i 2018 og kombinerer tidl\u00f8st design med moderne opdateringer for at skabe en unik og afslappet atmosf\u00e6re.<\/p>\n<h3>\ud83c\udf0a Privatcharter fra 3 til 8 timer<\/h3>\n<p>V\u00e6lg l\u00e6ngden p\u00e5 dit private charter, s\u00e5 det passer til dine planer:<\/p>\n<ul>\n<li><strong>3 timer:<\/strong> En kort, men komplet oplevelse med hval- og delfinsafari, sv\u00f8mning og snorkling i smukke bugter.<\/li>\n<li><strong>4-5 timer:<\/strong> Mere tid til at slappe af, solbade og udforske den sydlige kystlinje, mens du nyder godt af de mange muligheder for at se p\u00e5 dyrelivet.<\/li>\n<li><strong>6-7 timer:<\/strong> Et heldagseventyr med l\u00e6ngere stop, perfekt til at fejre s\u00e6rlige lejligheder med familie eller venner.<\/li>\n<li><strong>8 timer:<\/strong> Den ultimative private yacht p\u00e5 Tenerife, der tilbyder en heldagsoplevelse, hvor du kan opdage skjulte bugter og nyde havet i dit eget tempo.<\/li>\n<\/ul>\n<h3>\ud83d\udc2c Hval- og delfinsafari<\/h3>\n<p>Et af h\u00f8jdepunkterne p\u00e5 Neptuno Yacht er dens officielle licens til hval- og delfinsafari. Med afgang fra <strong>Puerto de Los Cristianos<\/strong> (Excursion Pier, Zone B) tager yachten dig med til omr\u00e5der, hvor der bor grindehvaler og flaskehalsdelfiner \u00e5ret rundt. Tenerife anses for at v\u00e6re en af de bedste destinationer i verden til denne aktivitet, og at opleve den p\u00e5 en privat yacht g\u00f8r den endnu mere speciel.<\/p>\n<h3>\ud83c\udf7d\ufe0f Mad og drikke om bord<\/h3>\n<p>Nyd frisklavede m\u00e5ltider, frugt og et udvalg af drikkevarer, herunder vand, l\u00e6skedrikke, \u00f8l, vin og cava.<\/p>\n<p>Der er forfriskninger til r\u00e5dighed under hele turen, s\u00e5 alle kan f\u00f8le sig godt tilpas.<\/p>\n<h3>\ud83c\udfa3 Aktiviteter og ekstramateriale<\/h3>\n<ul>\n<li>Snorkeludstyr stilles til r\u00e5dighed ved sv\u00f8mmestop.<\/li>\n<li>Fiskest\u00e6nger til fritidsfiskeri f\u00e5s p\u00e5 foresp\u00f8rgsel.<\/li>\n<li>Masser af d\u00e6ksplads til at solbade, slappe af og feste om bord.<\/li>\n<\/ul>\n<h3>\ud83d\udccd Neptuno Yacht Detaljer<\/h3>\n<ul>\n<li><strong>L\u00e6ngde:<\/strong> 13 meter<\/li>\n<li><strong>Maksimal kapacitet:<\/strong> 22 passagerer<\/li>\n<\/ul>\n<h3>\ud83d\udcbc Hvad du skal tage med<\/h3>\n<ul>\n<li>Solcreme, solbriller, h\u00e5ndkl\u00e6de og et kamera til at fange dyrelivet og udsigten.<\/li>\n<li>En let jakke anbefales i de k\u00f8ligere m\u00e5neder.<\/li>\n<\/ul>\n<h3>\ud83d\udccb Afbestillingsregler<\/h3>\n<p>Vi forst\u00e5r, at planer kan \u00e6ndre sig. Her er afbestillingsbetingelserne for Neptuno Yacht:<\/p>\n<ul>\n<li><strong>Private charterrejser:<\/strong> Afbestilling mere end 7 dage f\u00f8r afrejse giver fuld refusion. Ingen refusion ved afbestilling inden for 7 dage eller udeblivelse.<\/li>\n<li><strong>D\u00e5rligt vejr:<\/strong> Hvis kaptajnen vurderer, at forholdene er usikre, vil du blive tilbudt en ny tid eller f\u00e5 alle pengene tilbage.<\/li>\n<li><strong>Tidlige afkast:<\/strong> Rejser, der afkortes p\u00e5 g\u00e6stens anmodning (f.eks. p\u00e5 grund af s\u00f8syge), refunderes ikke.<\/li>\n<\/ul>\n<h3>\ud83c\udf89 Hvorfor booke Neptuno Yacht med CanaryVIP<\/h3>\n<ul>\n<li><strong>Licens til hval- og delfinsafari:<\/strong> En af de f\u00e5 private yachter p\u00e5 Tenerife, der har lov til at n\u00e6rme sig disse fantastiske dyr.<\/li>\n<li><strong>Plads til store grupper:<\/strong> Tilladelse til op til 22 g\u00e6ster, perfekt til f\u00f8dselsdage, firmaarrangementer eller familiesammenkomster.<\/li>\n<li><strong>Fremragende v\u00e6rdi:<\/strong> En behagelig <a href=\"https:\/\/canaryvip.com\/da\/tenerife\/yacht-tenerife\/\">yacht Tenerife<\/a> mulighed med mad, drikke og en erfaren lokal bes\u00e6tning.<\/li>\n<\/ul>\n<h3>\ud83d\udccc Afsluttende tanker<\/h3>\n<p>Den <strong>Neptuno Yacht Charter Tenerife<\/strong> er mere end bare en b\u00e5dudlejning. Det er din indgang til hvalsafari, m\u00f8der med delfiner, sv\u00f8mning og afslapning med venner eller familie i fuldst\u00e6ndigt privatliv. Med charterture fra 3 til 8 timer, fleksibel catering og plads til 22 g\u00e6ster er det en af de bedste m\u00e5der at <a href=\"https:\/\/canaryvip.com\/da\/tenerife\/rent-a-boat-tenerife\/\">Lej en b\u00e5d p\u00e5 Tenerife<\/a> med selvtillid og stil.<\/p>\n<p>Book i dag med <strong>CanaryVIP<\/strong> og nyd en helt unik privat yacht-oplevelse p\u00e5 Atlanterhavet.<\/p>","protected":false},"excerpt":{"rendered":"<p><strong>\ud83d\udd0d Neptuno Yacht Tenerife:<\/strong><br \/>\n\u2705 Sikker betaling.<br \/>\n\ud83d\udd10 Private ture er tilg\u00e6ngelige<br \/>\n\ud83d\udc0b Observation af hvaler og delfiner.<br \/>\n\ud83d\ude80 Daglige ture<br \/>\n\ud83c\udf05 Solnedgangsture er tilg\u00e6ngelige.<br \/>\n\ud83e\uddc3 Mad og drikke inkluderet.<br \/>\n\ud83d\udc65 Op til 22 personer.<br \/>\n\ud83d\udebd Toilet om bord.<br \/>\n\ud83e\udd3f Snorkeludstyr stilles til r\u00e5dighed.<br \/>\n\ud83e\udd11 Garanteret bedste pris.<br \/>\n\ud83d\udc6a Rabatter aktiveret.<br \/>\n\ud83d\udd01 Op til 5 dages afbestilling.<br \/>\n\ud83c\udf0d Vejledninger p\u00e5 flere sprog.<br \/>\n\ud83c\udf1f Book nu og spar!<br \/>\n\ud83d\udccd Afgang fra <a href=\"https:\/\/maps.app.goo.gl\/HatmLZkFA7oLCfX57\">Los Cristianos<\/a>.<\/p>","protected":false},"featured_media":15725,"comment_status":"open","ping_status":"closed","template":"","meta":{"_acf_changed":false},"product_brand":[],"product_cat":[47],"product_tag":[],"class_list":{"0":"post-15724","1":"product","2":"type-product","3":"status-publish","4":"has-post-thumbnail","6":"product_cat-boat-hire-tenerife","7":"wcpa_has_options","9":"first","10":"instock","11":"sale","12":"virtual","13":"purchasable","14":"product-type-simple"},"acf":[],"wcpa_form_fields":{"wcpaData":{"product":{"product_price":765,"price_html":"From&nbsp;<del aria-hidden=\"true\"><span class=\"woocommerce-Price-amount amount\"><bdi>900,00&nbsp;<span class=\"woocommerce-Price-currencySymbol\">&euro;<\/span><\/bdi><\/span><\/del> <span class=\"screen-reader-text\">Den oprindelige pris var: 900,00&nbsp;&euro;.<\/span><ins aria-hidden=\"true\"><span class=\"woocommerce-Price-amount amount\"><bdi>765,00&nbsp;<span class=\"woocommerce-Price-currencySymbol\">&euro;<\/span><\/bdi><\/span><\/ins><span class=\"screen-reader-text\">Den aktuelle pris er: 765,00&nbsp;&euro;.<\/span>","original_product_price":900,"price_including_tax":765,"price_excluding_tax":765,"product_id":{"parent":15724,"variation":false},"is_variable":false,"stock_status":"instock","stock_quantity":null,"parent_sku":"CV15724","product_attributes":[],"custom_fields":[],"is_taxable":false,"product_name":"Neptuno Yacht Charter Tenerife","hasImage":false},"fields":{"sec_068b85c6eaafb2":{"extra":{"key":"sec_068b85c6eaafb2","section_id":"sec_068b85c6eaafb2","name":"Private Charter","status":1,"cl_rule":"show","enableCl":false,"relations":[{"operator":false,"rules":[{"operator":"AND","rules":{"cl_field":"radio-group_768b85c6eaaf46","cl_relation":"is","cl_val":"Private Charter"}}]}],"toggle":true,"title_tag":"h4","show_title":false,"showPrice":"default","repeater_section_field_label":"{field_label}","repeater_section_label":"{section_name}","repeater_bind":"","form_id":15819,"form_rules":{"exclude_from_discount":true,"fee_label":"Fee","disp_hide_options_price":true,"disp_show_section_price":false,"disp_show_field_price":true,"layout_option":"standard","pric_use_as_fee":false,"process_fee_as":"woo_fee"},"layout_option":"standard"},"fields":[[{"label":"\ud83d\udcc5 Date","active":true,"required":true,"elementId":"date_368b85c6eaafbc","picker_type":"custom","picker_mode":"single","placeholder":"","description":"","tooltip":"","name":"date_368b85c6eaafbc","label_position":"default","desc_position":"default","enablePrice":false,"className":"","enableCl":false,"relations":[{"operator":"and","rules":[{"operator":"AND","rules":{"cl_field":"radio-group_367e16bf8dd4f5","cl_relation":"is","cl_val":"3 Hour Trip"}}]}],"enableDesign":false,"LabelColor":"","date_pic_inline":true,"date_pic_inline_hide":true,"min_date":{"type":"days","val":"2"},"max_date":{"type":"days","val":"365"},"date_pic_conf":{"disabledWeeks":[]},"price":"","cl_rule":"show","col":6,"type":"date","error":false,"isWeightTemplate":false,"isTemplate":false,"min_quantity":"1","quantity_decimal":false,"quantity_step":"1","quantity_label":"Quantity","repeater_field_label":"{field_label}","repeater_bind":"","gt_translate_keys":["label","placeholder","description","tooltip","repeater_field_label","quantity_label"],"price_dependency":false,"cl_dependency":false,"value":""}],[{"active":true,"col":6,"relations":false,"cl_rule":"show","enableCl":false,"price":"","enablePrice":true,"className":"","label_position":"default","desc_position":"default","type":"select","required":false,"elementId":"select_668b85c6eaafc6","label":"\u231b\ufe0f Charter Duration (From 765\u20ac)","name":"select_668b85c6eaafc6","values":[{"label":"3 Hours (From 765\u20ac)","value":"3","selected":false,"tempId":"aco_3241","price":"765","options_cl":false,"relations":[{"operator":false,"rules":[{"operator":"AND","rules":{"cl_field":"","cl_relation":"","cl_val":""}}]}],"cl_rule":"show","gt_translate_keys":["label"]},{"label":"4 Hours (From 985\u20ac)","value":"4","selected":false,"tempId":"aco_2149","price":"985","gt_translate_keys":["label"]},{"label":"5 Hours (From 1.225\u20ac)","value":"5","selected":false,"tempId":"aco_468","price":"1225","gt_translate_keys":["label"]},{"label":"6 Hours (From 1.465\u20ac)","value":"6","selected":false,"tempId":"aco_505","price":"1465","gt_translate_keys":["label"]},{"label":"7 Hours (From 1.700\u20ac)","value":"7","selected":false,"tempId":"aco_542","price":"1700","gt_translate_keys":["label"]},{"label":"8 Hours (From 1.960\u20ac)","value":"8","selected":false,"tempId":"aco_579","price":"1960","gt_translate_keys":["label"]}],"dropdown_type":"basic","error":false,"placeholder":"Select Duration Time","priceOptions":"different_for_all","pricingType":"fixed","is_show_price":false,"isWeightTemplate":false,"isTemplate":false,"min_quantity":"1","quantity_decimal":false,"quantity_step":"1","quantity_label":"Quantity","repeater_field_label":"{field_label}","repeater_bind":"","gt_translate_keys":["label","placeholder","repeater_field_label","quantity_label"],"price_dependency":false,"cl_dependency":false,"value":""}],[{"label":"\u23f0 Departure","active":true,"required":true,"elementId":"select_468b85c6eaafd0","dropdown_type":"basic","placeholder":"Select Departure Time","name":"select_468b85c6eaafd0","label_position":"default","desc_position":"default","enablePrice":true,"className":"","enableCl":false,"relations":[{"operator":false,"rules":[{"operator":"AND","rules":{"cl_field":"date_367e16bf8dd504","cl_relation":"week_day_is","cl_val":[1]}}]}],"values":[{"label":"9:30","value":"9:30","selected":false,"tempId":"aco_2695","price":"0","gt_translate_keys":["label"]},{"label":"12:30","value":"12:30","selected":false,"tempId":"aco_2329","price":"0","gt_translate_keys":["label"]},{"label":"15:30","value":"15:30","selected":false,"tempId":"aco_2457","price":"0","gt_translate_keys":["label"]},{"label":"17:00","value":"17:00","selected":false,"tempId":"aco_19","price":"100","gt_translate_keys":["label"]}],"price":"","cl_rule":"show","col":6,"type":"select","error":false,"priceOptions":"different_for_all","pricingType":"fixed","is_show_price":true,"isWeightTemplate":false,"isTemplate":false,"min_quantity":"1","quantity_decimal":false,"quantity_step":"1","quantity_label":"Quantity","repeater_field_label":"{field_label}","repeater_bind":"","gt_translate_keys":["label","placeholder","repeater_field_label","quantity_label"],"price_dependency":false,"cl_dependency":false,"value":""}],[{"active":true,"col":6,"relations":false,"cl_rule":"show","enableCl":false,"price":"","enablePrice":true,"className":"","label_position":"default","desc_position":"default","type":"select","required":false,"elementId":"select_3142719928","label":"\ud83d\udc65 Amount of People","name":"select_3142719928","values":[{"label":"1 Person","value":"1 Person","selected":false,"tempId":"aco_1169","options_cl":false,"relations":[{"operator":false,"rules":[{"operator":"AND","rules":{"cl_field":"","cl_relation":"","cl_val":""}}]}],"cl_rule":"show","gt_translate_keys":["label"]},{"label":"2 People","value":"2 People","selected":false,"tempId":"aco_1170","gt_translate_keys":["label"]},{"label":"3 People","value":"3 People","selected":false,"tempId":"aco_1171","gt_translate_keys":["label"]},{"label":"4 People","value":"4 People","selected":false,"tempId":"aco_1397","gt_translate_keys":["label"]},{"label":"5 People (+20\u20ac)","value":"5 People","selected":false,"tempId":"aco_2351","price":"20","gt_translate_keys":["label"]},{"label":"6 People (+30\u20ac)","value":"6 People","selected":false,"tempId":"aco_1461","price":"30","gt_translate_keys":["label"]},{"label":"7 People (+40\u20ac)","value":"7 People","selected":false,"tempId":"aco_1507","price":"40","gt_translate_keys":["label"]},{"label":"8 People (+50\u20ac)","value":"8 People","selected":false,"tempId":"aco_1553","price":"50","gt_translate_keys":["label"]},{"label":"9 People (+60\u20ac)","value":"9 People","selected":false,"tempId":"aco_1563","price":"60","gt_translate_keys":["label"]},{"label":"10 People (+70\u20ac)","value":"10 People","selected":false,"tempId":"aco_1573","price":"70","gt_translate_keys":["label"]},{"label":"11 People (+80\u20ac)","value":"11 People","selected":false,"tempId":"aco_1583","price":"80","gt_translate_keys":["label"]},{"label":"12 People (+90\u20ac)","value":"12 People","selected":false,"tempId":"aco_1746","price":"90","gt_translate_keys":["label"]},{"label":"13 People (+100\u20ac)","value":"13 People","selected":false,"tempId":"aco_1756","price":"100","gt_translate_keys":["label"]},{"label":"14 People (+110\u20ac)","value":"14 People","selected":false,"tempId":"aco_1766","price":"110","gt_translate_keys":["label"]},{"label":"15 People (+120\u20ac)","value":"15 People","selected":false,"tempId":"aco_1911","price":"120","gt_translate_keys":["label"]},{"label":"16 People (+130\u20ac)","value":"16 People","selected":false,"tempId":"aco_1957","price":"130","gt_translate_keys":["label"]},{"label":"17 People (+140\u20ac)","value":"17 People","selected":false,"tempId":"aco_2003","price":"140","gt_translate_keys":["label"]},{"label":"18 People (+150\u20ac)","value":"18 People","selected":false,"tempId":"aco_2049","price":"150","gt_translate_keys":["label"]},{"label":"19 People (+160\u20ac)","value":"19 People","selected":false,"tempId":"aco_2113","price":"160","gt_translate_keys":["label"]},{"label":"20 People (+170\u20ac)","value":"20 People","selected":false,"tempId":"aco_2159","price":"170","gt_translate_keys":["label"]},{"label":"21 People (+180\u20ac)","value":"21 People","selected":false,"tempId":"aco_2205","price":"180","gt_translate_keys":["label"]},{"label":"22 People (+190\u20ac)","value":"22 People","selected":false,"tempId":"aco_2269","price":"190","gt_translate_keys":["label"]}],"isWeightTemplate":false,"error":false,"isTemplate":false,"min_quantity":"1","quantity_decimal":false,"quantity_step":"1","quantity_label":"Quantity","repeater_field_label":"{field_label}","repeater_bind":"","dropdown_type":"basic","priceOptions":"different_for_all","pricingType":"fixed","is_show_price":false,"gt_translate_keys":["label","repeater_field_label","quantity_label"],"price_dependency":false,"cl_dependency":false,"value":""}],[{"active":true,"col":6,"relations":false,"cl_rule":"show","enableCl":false,"price":"","enablePrice":false,"className":"","label_position":"default","desc_position":"default","type":"separator","required":false,"elementId":"separator_368b85c6eaafe4","label":"Separator Field","height":"3","separatorType":"blank","error":false,"gt_translate_keys":["label"],"price_dependency":false,"cl_dependency":false,"value":""}],[{"active":true,"col":6,"relations":[{"operator":false,"rules":[{"operator":"AND","rules":{"cl_field":"","cl_relation":"","cl_val":""}}]}],"cl_rule":"show","enableCl":false,"price":"","enablePrice":false,"className":"","label_position":"default","desc_position":"default","type":"content","required":false,"elementId":"content_1542895609","label":"","name":"content_1542895609","contentType":"rich","value":"<p>Please note that any tour that remains on the water after 17:00 will have an additional cost of \u20ac100, to be paid directly on the boat.<\/p>","isTemplate":false,"error":false,"enableDesign":true,"DescColor":"#0042ff","show_in_checkout":true,"gt_translate_keys":["label","value"],"price_dependency":false,"cl_dependency":false}]]}},"config":{"price_override":"always","enable_recaptcha":false,"bind_quantity":false,"quantity_bind_formula":false,"disp_summ_show_option_price":true,"disp_summ_show_product_price":false,"disp_summ_show_total_price":true,"disp_summ_show_fee":true,"disp_summ_show_discount":true,"summary_title":"","options_total_label":"Options Price","total_label":"Total Amount Now","options_product_label":"Product Price","fee_label":"Fee","discount_label":"Discount","has_price":true,"has_quantity_formula":false},"mc_unit":1,"tax_rate":1,"tax_rate_real":1,"discount":{"percentage":0,"fixed":0},"design":{"conf":{"LabelPosition":"above","DescPosition":"above","UploadField":"custom_1","QuantityFieldStyle":"custom_1"},"css":{"LeftLabelWidth":"120px"}},"formulas":{"fmla_1708364241278155361":"(({field.select_668b85c6eaafc6.value}>=4)?(150+({field.number_268b85c6eaafd9.value}*5)):(({field.select_668b85c6eaafc6.value}>=3)?(100+({field.number_268b85c6eaafd9.value}*5)):(0)))","fmla_1742826688120818082":"(({field.select_668b85c6eaafc6.value}>=4)?(1500+{field.select_468b85c6eaafd0.price}):(({field.select_668b85c6eaafc6.value}>=3)?(750+{field.select_468b85c6eaafd0.price}):(0)))"},"lookuptables":[],"clones":false,"cartKey":false}},"_links":{"self":[{"href":"https:\/\/canaryvip.com\/da\/wp-json\/wp\/v2\/product\/15724","targetHints":{"allow":["GET"]}}],"collection":[{"href":"https:\/\/canaryvip.com\/da\/wp-json\/wp\/v2\/product"}],"about":[{"href":"https:\/\/canaryvip.com\/da\/wp-json\/wp\/v2\/types\/product"}],"replies":[{"embeddable":true,"href":"https:\/\/canaryvip.com\/da\/wp-json\/wp\/v2\/comments?post=15724"}],"wp:featuredmedia":[{"embeddable":true,"href":"https:\/\/canaryvip.com\/da\/wp-json\/wp\/v2\/media\/15725"}],"wp:attachment":[{"href":"https:\/\/canaryvip.com\/da\/wp-json\/wp\/v2\/media?parent=15724"}],"wp:term":[{"taxonomy":"product_brand","embeddable":true,"href":"https:\/\/canaryvip.com\/da\/wp-json\/wp\/v2\/product_brand?post=15724"},{"taxonomy":"product_cat","embeddable":true,"href":"https:\/\/canaryvip.com\/da\/wp-json\/wp\/v2\/product_cat?post=15724"},{"taxonomy":"product_tag","embeddable":true,"href":"https:\/\/canaryvip.com\/da\/wp-json\/wp\/v2\/product_tag?post=15724"}],"curies":[{"name":"wp","href":"https:\/\/api.w.org\/{rel}","templated":true}]}}