{"id":15386,"date":"2025-08-07T14:09:56","date_gmt":"2025-08-07T13:09:56","guid":{"rendered":"https:\/\/canaryvip.com\/?post_type=product&#038;p=15386"},"modified":"2025-08-09T13:45:20","modified_gmt":"2025-08-09T12:45:20","slug":"crazy-ufo-twister-tenerife","status":"publish","type":"product","link":"https:\/\/canaryvip.com\/da\/shop\/crazy-ufo-twister-tenerife\/","title":{"rendered":"Sk\u00f8r UFO &amp; Twister Tenerife"},"content":{"rendered":"<h2><strong>\ud83d\ude80 Crazy UFO Tenerife - sjov i h\u00f8j fart p\u00e5 vandet<\/strong><\/h2>\n<p>Leder du efter en vild tur? Hop op p\u00e5 <strong>Sk\u00f8r UFO p\u00e5 Tenerife<\/strong> og g\u00f8r dig klar til en intens blanding af fart, plask og ren adrenalin. Dette er en af de mest sp\u00e6ndende <strong>Vandsport p\u00e5 Tenerife<\/strong>Det er perfekt for familier, par eller vennegrupper, der leder efter noget uforglemmeligt at lave i Costa Adeje.<\/p>\n<h3><strong>\ud83c\udf0a Afgang fra Puerto Col\u00f3n<\/strong><\/h3>\n<ul>\n<li><strong>Nem adgang:<\/strong> Dit eventyr starter fra <a href=\"https:\/\/maps.app.goo.gl\/bkqEhAxsobcjz9wG9\" target=\"_blank\" rel=\"noopener\">Puerto Col\u00f3n<\/a>Det er en af de mest popul\u00e6re havne p\u00e5 den sydlige del af Tenerife. Den er nem at komme til og omgivet af sk\u00f8nne strandvibes.<\/li>\n<li><strong>Hurtig briefing:<\/strong> F\u00f8r turen f\u00e5r du en sikkerhedsbriefing af den erfarne bes\u00e6tning for at sikre, at alt er klar til en sikker og sjov oplevelse.<\/li>\n<\/ul>\n<h3><strong>\u2728 Hvorfor v\u00e6lge den sk\u00f8re UFO-tur p\u00e5 Tenerife?<\/strong><\/h3>\n<ul>\n<li><strong>Intens adrenalin:<\/strong> Dette er ikke bare en almindelig oppustelig forlystelse. Crazy UFO drejer, glider og springer over b\u00f8lgerne p\u00e5 en m\u00e5de, der f\u00e5r dig til at grine og skrige p\u00e5 \u00e9n gang.<\/li>\n<li><strong>Perfekt til alle:<\/strong> Du beh\u00f8ver ikke at v\u00e6re professionel. Uanset om det er din f\u00f8rste vandaktivitet eller din tiende, er denne tur sikker og sjov for alle niveauer - fra begyndere til sp\u00e6ndingss\u00f8gende.<\/li>\n<li><strong>Fantastisk udsigt:<\/strong> Mens du flyver over havet, kan du tage et \u00f8jeblik til at beundre den smukke kystlinje ved Playa de las Am\u00e9ricas og det glitrende vand i Atlanterhavet.<\/li>\n<\/ul>\n<h3><strong>\ud83d\udcb6 Stor v\u00e6rdi for en kort, men intens tur<\/strong><\/h3>\n<ul>\n<li><strong>Varighed:<\/strong> En 15 minutter lang sp\u00e6ndingstur fyldt med action.<\/li>\n<li><strong>En overkommelig pris:<\/strong> En sjov og overkommelig mulighed for dem, der gerne vil pr\u00f8ve sp\u00e6ndende <strong>Vandaktiviteter p\u00e5 Tenerife<\/strong> uden at bruge en formue.<\/li>\n<li><strong>Fotos er tilg\u00e6ngelige:<\/strong> Glem ikke at tjekke de billeder af din tur, der kan k\u00f8bes - du vil gerne have bevis p\u00e5 de vilde ansigter!<\/li>\n<\/ul>\n<h3><strong>\u2696\ufe0f Fleksibel booking og afbestilling<\/strong><\/h3>\n<ul>\n<li><strong>Let at booke:<\/strong> Hos CanaryVIP g\u00f8r vi det nemt og hurtigt at booke din Crazy UFO-tur. Du skal bare v\u00e6lge din dato og sikre dig en plads.<\/li>\n<li><strong>Gratis afbestilling:<\/strong> \u00c6ndrede planer? Det er ikke noget problem. Du kan annullere din reservation op til 24 timer f\u00f8r aktiviteten og f\u00e5 alle pengene tilbage. Ingen stress, ingen bekymringer.<\/li>\n<\/ul>\n<h3><strong>\u2705 Hvad er inkluderet i den sk\u00f8re UFO Tenerife-tur?<\/strong><\/h3>\n<ul>\n<li>Redningsveste og sikkerhedsudstyr til alle deltagere.<\/li>\n<li>15 minutters action i h\u00f8j fart p\u00e5 den oppustelige Crazy UFO.<\/li>\n<li>Professionelt og venligt personale, der s\u00f8rger for en sikker og sjov oplevelse.<\/li>\n<li>Tag eventuelt billeder af din tur for at holde minderne i live.<\/li>\n<\/ul>\n<h3><strong>\ud83c\udfaf Hvorfor booke med CanaryVIP?<\/strong><\/h3>\n<ul>\n<li>Vi samarbejder med de bedste vandsportsfirmaer p\u00e5 Tenerife for kun at tilbyde de bedste og sikreste oplevelser.<\/li>\n<li>Vi har base p\u00e5 Tenerife og kan hj\u00e6lpe dig med lokale r\u00e5d, b\u00e5de f\u00f8r og efter din booking.<\/li>\n<li>Du kan kombinere dette med andre <strong>Vandaktiviteter p\u00e5 Tenerife<\/strong> som <a href=\"https:\/\/canaryvip.com\/da\/shop\/jetski-tenerife\/\">Jetski-ture<\/a>, <a href=\"https:\/\/canaryvip.com\/da\/shop\/parasailing-tenerife\/\">Parasailing<\/a> eller <a href=\"https:\/\/canaryvip.com\/da\/tenerife\/boat-excursions\/\">b\u00e5dture<\/a>-alle i samme omr\u00e5de!<\/li>\n<\/ul>\n<h3><strong>\ud83c\udf92 Hvad du skal tage med<\/strong><\/h3>\n<ul>\n<li><strong>Badet\u00f8j:<\/strong> Du kommer til at blive v\u00e5d! Kom kl\u00e6dt p\u00e5 til vand og klar til at have det sjovt.<\/li>\n<li><strong>Solbeskyttelse:<\/strong> Medbring solcreme, is\u00e6r p\u00e5 solrige dage.<\/li>\n<li><strong>Lad v\u00e6rdigenstande blive tilbage:<\/strong> Der er sikre opbevaringsomr\u00e5der i havnen, hvor du kan efterlade dine ting, mens du er p\u00e5 tur.<\/li>\n<\/ul>\n<h3>\u2753 <strong>Ofte stillede sp\u00f8rgsm\u00e5l<\/strong><\/h3>\n<ul>\n<li><strong>Er den sk\u00f8re UFO sikker?<\/strong> Helt sikkert. Sikkerhed er en topprioritet. Turen overv\u00e5ges af uddannede fagfolk, og alle deltagere b\u00e6rer redningsveste.<\/li>\n<li><strong>Skal jeg kunne sv\u00f8mme?<\/strong> Der kr\u00e6ves ingen sv\u00f8mmeerfaring. Du vil altid have en redningsvest p\u00e5.<\/li>\n<li><strong>Hvad er minimumsalderen?<\/strong> B\u00f8rn fra 10 \u00e5r og opefter kan normalt k\u00f8re med, men det er altid bedst at sp\u00f8rge os, f\u00f8r du booker, hvis du er i tvivl.<\/li>\n<\/ul>\n<h4><strong>\ud83c\udf1e G\u00f8r dig klar til at skrige, grine og plaske!<\/strong><\/h4>\n<p>G\u00e5 ikke glip af en af de sjoveste <strong>Vandsport p\u00e5 Tenerife<\/strong>. Bestil din <strong>Sk\u00f8r UFO p\u00e5 Tenerife<\/strong> K\u00f8r i dag med CanaryVIP, og oplev sp\u00e6ndingen ved at flyve over b\u00f8lgerne i en af de mest sp\u00e6ndende vandaktiviteter, \u00f8en har at byde p\u00e5.<\/p>","protected":false},"excerpt":{"rendered":"<p>\ud83d\udd0d<strong> Crazy UFO &amp; Twister Tenerife:<br \/>\n<\/strong>\u2705 Sikker betaling.<br \/>\n\ud83d\udc65 Op til 8 ryttere pr. tur.<br \/>\n\ud83d\ude80 Ture varer 15 minutter.<br \/>\n\ud83c\udfde\ufe0f H\u00f8jhastighedsture.<br \/>\n\ud83d\udd59 I l\u00f8bet af dagen.<br \/>\n\ud83d\udcc5 Tilg\u00e6ngelig hver dag.<br \/>\n\ud83e\udd11 Garanteret bedste pris.<br \/>\n\ud83d\udc6a Rabatter til grupper.<br \/>\n\ud83d\udd01 24 timers afbestillingspolitik.<br \/>\n\ud83c\udf0d Underst\u00f8ttelse af flere sprog.<br \/>\n\ud83c\udf1f Book p\u00e5 forh\u00e5nd for at spare.<br \/>\n\ud83d\udccd Afgang fra <a href=\"https:\/\/maps.app.goo.gl\/bkqEhAxsobcjz9wG9\">Puerto Col\u00f3n<\/a>.<\/p>","protected":false},"featured_media":15388,"comment_status":"open","ping_status":"closed","template":"","meta":{"_acf_changed":false},"product_brand":[],"product_cat":[53],"product_tag":[],"class_list":{"0":"post-15386","1":"product","2":"type-product","3":"status-publish","4":"has-post-thumbnail","6":"product_cat-water-sports","7":"wcpa_has_options","9":"first","10":"instock","11":"virtual","12":"purchasable","13":"product-type-simple"},"acf":[],"wcpa_form_fields":{"wcpaData":{"product":{"product_price":18,"price_html":"From&nbsp;<span class=\"woocommerce-Price-amount amount\"><bdi>18,00&nbsp;<span class=\"woocommerce-Price-currencySymbol\">&euro;<\/span><\/bdi><\/span>","original_product_price":18,"price_including_tax":18,"price_excluding_tax":18,"product_id":{"parent":15386,"variation":false},"is_variable":false,"stock_status":"instock","stock_quantity":null,"parent_sku":"CV15386","product_attributes":[],"custom_fields":[],"is_taxable":false,"product_name":"Crazy UFO & Twister Tenerife","hasImage":false},"fields":{"sec_16894ab7dd6246":{"extra":{"key":"sec_16894ab7dd6246","section_id":"sec_16894ab7dd6246","name":"Default","status":1,"cl_rule":"show","enableCl":false,"relations":[],"toggle":true,"title_tag":"h3","show_title":false,"showPrice":"default","form_id":15391,"form_rules":{"exclude_from_discount":true,"fee_label":"Fee","disp_hide_options_price":true,"disp_show_section_price":false,"disp_show_field_price":true,"layout_option":"standard","pric_use_as_fee":false,"process_fee_as":"woo_fee"},"layout_option":"standard"},"fields":[[{"label":"\ud83d\udcc5 Date","active":true,"required":true,"elementId":"date_26894ab7dd6265","picker_type":"custom","picker_mode":"single","placeholder":"","description":"","tooltip":"","name":"date_26894ab7dd6265","label_position":"default","desc_position":"default","enablePrice":false,"className":"","enableCl":false,"relations":[{"operator":"and","rules":[{"operator":"AND","rules":{"cl_field":"radio-group_5661bc90f5e8f5","cl_relation":"is_not_empty","cl_val":"3 Hour Trip"}}]}],"date_pic_inline":true,"date_pic_inline_hide":true,"min_date":{"type":"days","val":"1"},"max_date":{"type":"days","val":"365"},"date_pic_conf":{"disabledWeeks":[]},"price":"","cl_rule":"show","col":6,"type":"date","error":false,"enableDesign":false,"LabelColor":"","isWeightTemplate":false,"isTemplate":false,"min_quantity":"1","quantity_decimal":false,"quantity_step":"1","quantity_label":"Quantity","repeater_field_label":"{field_label}","repeater_bind":"","gt_translate_keys":["label","placeholder","description","tooltip","repeater_field_label","quantity_label"],"price_dependency":false,"cl_dependency":false,"value":""}],[{"active":true,"col":6,"relations":false,"cl_rule":"show","enableCl":false,"price":"","enablePrice":false,"className":"","label_position":"default","desc_position":"default","type":"select","required":true,"elementId":"select_66894ab7dd6273","label":"\u23f0 Departure Time","name":"select_66894ab7dd6273","values":[{"label":"Whichever Time is Best","value":"Whichever Time is Best","selected":false,"tempId":"aco_312","gt_translate_keys":["label"]},{"label":"10:00","value":"10:00","selected":false,"tempId":"aco_313","gt_translate_keys":["label"]},{"label":"11:00","value":"11:00","selected":false,"tempId":"aco_314","gt_translate_keys":["label"]},{"label":"12:00","value":"12:00","selected":false,"tempId":"aco_711","gt_translate_keys":["label"]},{"label":"13:00","value":"13:00","selected":false,"tempId":"aco_721","gt_translate_keys":["label"]},{"label":"14:00","value":"14:00","selected":false,"tempId":"aco_983","gt_translate_keys":["label"]},{"label":"15:00","value":"15:00","selected":false,"tempId":"aco_993","gt_translate_keys":["label"]},{"label":"16:00","value":"16:00","selected":false,"tempId":"aco_1183","gt_translate_keys":["label"]}],"dropdown_type":"basic","error":false,"multiple":false,"placeholder":"None","isWeightTemplate":false,"isTemplate":false,"min_quantity":"1","quantity_decimal":false,"quantity_step":"1","quantity_label":"Quantity","repeater_field_label":"{field_label}","repeater_bind":"","gt_translate_keys":["label","placeholder","repeater_field_label","quantity_label"],"price_dependency":false,"cl_dependency":false,"value":""}],[{"active":true,"col":6,"relations":[{"operator":false,"rules":[{"operator":"AND","rules":{"cl_field":"","cl_relation":"","cl_val":""}}]}],"cl_rule":"show","enableCl":true,"price":"18","enablePrice":true,"className":"","label_position":"default","desc_position":"default","type":"radio-group","required":false,"elementId":"radio-group_76894ab7dd6281","label":"","name":"radio-group_76894ab7dd6281","values":[{"label":"\ud83d\udc64 People (18\u20ac)","value":"People","selected":true,"tempId":"aco_32","tooltip":"","description":"","gt_translate_keys":["label","tooltip","description"]}],"layOut":"","error":false,"checkUi":"button","priceOptions":"fixed_for_all","pricingType":"fixed","enable_quantity":true,"quantity_label":"","min_quantity":"0","options_tooltip":true,"options_description":true,"is_show_price":true,"isWeightTemplate":false,"isTemplate":false,"quantity_decimal":false,"quantity_step":"1","repeater_field_label":"{field_label}","repeater_bind":"","gt_translate_keys":["label","repeater_field_label","quantity_label"],"price_dependency":false,"cl_dependency":false,"value":""}],[{"active":true,"col":6,"relations":false,"cl_rule":"show","enableCl":false,"price":"","enablePrice":false,"className":"","label_position":"default","desc_position":"default","type":"separator","required":false,"elementId":"separator_16894ab7dd628d","label":"Separator Field","height":"6","separatorType":"fill","error":false,"separatorColor":"#66a5b6","gt_translate_keys":["label"],"price_dependency":false,"cl_dependency":false,"value":""}],[{"active":true,"col":6,"relations":false,"cl_rule":"show","enableCl":false,"price":"{field.radio-group_76894ab7dd6281.quantity}*6","enablePrice":true,"className":"","label_position":"default","desc_position":"default","type":"content","required":false,"elementId":"content_66894ab7dd6297","label":"Deposit Now","name":"content_66894ab7dd6297","contentType":"plain","value":"","error":false,"subtype":"div","inline":true,"show_in_checkout":true,"pricingType":"custom","isTemplate":false,"gt_translate_keys":["label","value"],"price_dependency":false,"cl_dependency":false}],[{"contentType":"plain","active":true,"label":"Payment at Arrival","elementId":"content_96894ab7dd62a1","value":"","inline":true,"show_in_checkout":true,"name":"content_96894ab7dd62a1","enablePrice":true,"className":"","subtype":"div","enableCl":false,"relations":false,"pricingType":"custom","isTemplate":false,"price":"{field.radio-group_76894ab7dd6281.quantity}*12","is_show_price":true,"cl_rule":"show","col":6,"type":"content","error":false,"gt_translate_keys":["label","value"],"price_dependency":false,"cl_dependency":false}],[{"contentType":"plain","active":true,"label":"Total Price","elementId":"content_76894ab7dd62ab","value":"","inline":true,"show_in_checkout":true,"name":"content_76894ab7dd62ab","enablePrice":true,"className":"","subtype":"div","enableCl":false,"relations":false,"pricingType":"custom","isTemplate":false,"price":"{field.radio-group_76894ab7dd6281.quantity}*18","is_show_price":true,"cl_rule":"show","col":6,"type":"content","error":false,"gt_translate_keys":["label","value"],"price_dependency":false,"cl_dependency":false}]]}},"config":{"price_override":"always","enable_recaptcha":false,"bind_quantity":false,"quantity_bind_formula":false,"disp_summ_show_option_price":true,"disp_summ_show_product_price":false,"disp_summ_show_total_price":true,"disp_summ_show_fee":true,"disp_summ_show_discount":true,"summary_title":"","options_total_label":"Options Price","total_label":"Total Amount","options_product_label":"Product Price","fee_label":"Fee","discount_label":"Discount","has_price":true,"has_quantity_formula":false},"mc_unit":1,"tax_rate":1,"tax_rate_real":1,"discount":{"percentage":0,"fixed":0},"design":{"conf":{"LabelPosition":"above","DescPosition":"above","UploadField":"custom_1","QuantityFieldStyle":"custom_1"},"css":{"LeftLabelWidth":"120px"}},"formulas":[],"lookuptables":[],"clones":false,"cartKey":false}},"_links":{"self":[{"href":"https:\/\/canaryvip.com\/da\/wp-json\/wp\/v2\/product\/15386","targetHints":{"allow":["GET"]}}],"collection":[{"href":"https:\/\/canaryvip.com\/da\/wp-json\/wp\/v2\/product"}],"about":[{"href":"https:\/\/canaryvip.com\/da\/wp-json\/wp\/v2\/types\/product"}],"replies":[{"embeddable":true,"href":"https:\/\/canaryvip.com\/da\/wp-json\/wp\/v2\/comments?post=15386"}],"wp:featuredmedia":[{"embeddable":true,"href":"https:\/\/canaryvip.com\/da\/wp-json\/wp\/v2\/media\/15388"}],"wp:attachment":[{"href":"https:\/\/canaryvip.com\/da\/wp-json\/wp\/v2\/media?parent=15386"}],"wp:term":[{"taxonomy":"product_brand","embeddable":true,"href":"https:\/\/canaryvip.com\/da\/wp-json\/wp\/v2\/product_brand?post=15386"},{"taxonomy":"product_cat","embeddable":true,"href":"https:\/\/canaryvip.com\/da\/wp-json\/wp\/v2\/product_cat?post=15386"},{"taxonomy":"product_tag","embeddable":true,"href":"https:\/\/canaryvip.com\/da\/wp-json\/wp\/v2\/product_tag?post=15386"}],"curies":[{"name":"wp","href":"https:\/\/api.w.org\/{rel}","templated":true}]}}