{"id":15373,"date":"2025-08-07T12:36:55","date_gmt":"2025-08-07T11:36:55","guid":{"rendered":"https:\/\/canaryvip.com\/?post_type=product&#038;p=15373"},"modified":"2025-10-23T10:52:49","modified_gmt":"2025-10-23T09:52:49","slug":"bellini-luxury-yacht-tenerife","status":"publish","type":"product","link":"https:\/\/canaryvip.com\/da\/shop\/bellini-luxury-yacht-tenerife\/","title":{"rendered":"Bellini luksusyacht Tenerife"},"content":{"rendered":"<h2><strong>\ud83d\udee5\ufe0f Bellini Luksus Yacht Charter i Tenerife<\/strong><\/h2>\n<p class=\"translation-block\">Oplev et af de mest eksklusive b\u00e5dudlejningseventyr p\u00e5 \u00f8en med <strong>Bellini Luxury Yacht Tenerife<\/strong>. Med afgang fra den maleriske marina i <a href=\"https:\/\/maps.app.goo.gl\/Xq4LkTRqPjHQzRBE8\" target=\"_blank\" rel=\"noopener\">Puerto de Los Gigantes<\/a> giver dette private charter direkte adgang til nogle af de mest betagende landskaber p\u00e5 Tenerife, herunder de t\u00e5rnh\u00f8je klipper i Los Gigantes og den uber\u00f8rte kystlinje i Masca.<\/p>\n<p class=\"translation-block\">Uanset om du skal fejre en s\u00e6rlig begivenhed eller blot \u00f8nsker at <strong>leje en yacht p\u00e5 Tenerife<\/strong> til en luksusferie, er Bellini det perfekte valg, n\u00e5r det g\u00e6lder elegance, komfort og uforglemmelige udsigter.<\/p>\n<h3>\u2b50\ufe0f <strong>Hvorfor Bellini er en af de bedste luksusyachter p\u00e5 Tenerife<\/strong><\/h3>\n<p><span style=\"text-decoration: underline;\"><strong>Det, der adskiller Bellini fra andre:<\/strong><\/span><\/p>\n<p><strong>Eksklusivt velkommen:<\/strong> Hver charter begynder med en varm velkomst med et frisk anrettet udvalg af tropiske frugter og f\u00f8rsteklasses iberisk skinke fra 5J, som s\u00e6tter tonen for en sejladsoplevelse af h\u00f8j kvalitet.<\/p>\n<p><strong>\u00c5ben bar:<\/strong> Nyd ubegr\u00e6nsede drikkevarer, herunder vin, \u00f8l, vand, juice, sodavand og cava.<\/p>\n<p><strong>Privat adgang til skjulte strande:<\/strong> Takket v\u00e6re sin jolle-service giver Bellini g\u00e6sterne mulighed for at n\u00e5 skjulte bugter og strande for et virkelig eksklusivt stop langs kysten.<\/p>\n<h4>\ud83c\udf0a <strong>Inkluderede aktiviteter om bord<\/strong><\/h4>\n<p class=\"translation-block\">Denne <strong>luksusyacht p\u00e5 Tenerife<\/strong> handler om mere end bare at sejle, det handler om at skabe minder:<\/p>\n<ul>\n<li><strong>\ud83c\udfc4 Paddle Surf:<\/strong> Hav det sjovt p\u00e5 vandet med stand-up paddle boards, der er nemme for begyndere og afslappende for alle.<\/li>\n<li><strong>\ud83e\udd3f Snorkeludstyr:<\/strong> Dyk ned og opdag Tenerifes undervandsverden fyldt med marineliv og klart bl\u00e5t vand.<\/li>\n<li><strong>\ud83d\udcf8 GoPro &amp; Polaroid:<\/strong> Brug vores kameraer om bord til at forevige alle h\u00f8jdepunkter i din oplevelse, b\u00e5de over og under vandet.<\/li>\n<\/ul>\n<h4>\ud83c\udf7d\ufe0f <strong>Gourmet-paella fra den 5. time<\/strong><\/h4>\n<p>P\u00e5 charterture, der varer fem timer eller mere, er en frisklavet paella inkluderet. V\u00e6lg mellem k\u00f8d, kylling, vegetar eller fisk og skaldyr, tilberedt efter din smag og serveret frisk ombord.<\/p>\n<h3>\ud83d\udc8e <strong>Valgfrit ekstraudstyr til at skr\u00e6ddersy din oplevelse<\/strong><\/h3>\n<p class=\"translation-block\">Tag din <strong>yachtleje p\u00e5 Tenerife<\/strong> til et nyt niveau med disse eksklusive till\u00e6gsydelser (f\u00e5s p\u00e5 foresp\u00f8rgsel og afh\u00e6ngigt af tilg\u00e6ngelighed):<\/p>\n<ul>\n<li><strong>Privat kok:<\/strong> En professionel kok laver mad live om bord og skr\u00e6ddersyr menuen til dine pr\u00e6ferencer.<\/li>\n<li><strong>Erfaring som japansk kok:<\/strong> Nyd frisklavet sushi og andre japanske retter med f\u00f8rsteklasses ingredienser og ekspertteknik.<\/li>\n<li><strong>Michelin-stjernekok:<\/strong> Gl\u00e6d dig til haute cuisine af en kok, der er tilknyttet Michelin-guiden - serveret direkte om bord.<\/li>\n<li><strong>Smagning af champagne og kaviar:<\/strong> F\u00f8rsteklasses champagne perfekt parret med et kurateret udvalg af eksklusiv kaviar.<\/li>\n<li><strong>Parring af vin og gourmetkonserves:<\/strong> Elegant vinsmagning parret med f\u00f8rsteklasses konserves som muslinger, hjertemuslinger eller tunfisk.<\/li>\n<li><strong>Udlejning af jetski:<\/strong> Tilg\u00e6ngelig ved ankring n\u00e6r La Caleta, Masca eller Arme\u00f1ime.<\/li>\n<li><strong>Flyboard-oplevelse:<\/strong> Flyv over havet med fuld sikkerhed og opsyn.<\/li>\n<li><strong>Oppusteligt vandleget\u00f8j:<\/strong> Gruppesjov med bananb\u00e5de og andet, trukket af f\u00f8lgeb\u00e5den.<\/li>\n<li><strong>Dykning:<\/strong> Opdagelsesdyk med instrukt\u00f8r (ingen erfaring n\u00f8dvendig) eller certificeret dyk med lokal guide.<\/li>\n<li><strong>Sportsfiskeri:<\/strong> Alt n\u00f8dvendigt udstyr til dybhavsfiskeri med support om bord.<\/li>\n<\/ul>\n<h3>\ud83d\udea4 <strong>V\u00e6lg den varighed, der passer dig bedst<\/strong><\/h3>\n<p>Bellini tilbyder flere muligheder, s\u00e5 du kan designe den perfekte <strong>B\u00e5dudlejning p\u00e5 Tenerife<\/strong>:<\/p>\n<ul>\n<li><strong>3-timers charter:<\/strong> En kort luksusferie med spektakul\u00e6r udsigt, drinks og snacks om bord.<\/li>\n<li><strong>5-timers charter:<\/strong> Inkluderer alt det v\u00e6sentlige plus paella og ekstra tid til at nyde vandet og kysten.<\/li>\n<li><strong>8-timers charter:<\/strong> En hel dag p\u00e5 havet til at udforske Los Gigantes, Masca og meget mere! Ideel til dem, der vil have den komplette Bellini-oplevelse.<\/li>\n<\/ul>\n<h3>\u2705 <strong>Hvad er inkluderet i dit charter?<\/strong><\/h3>\n<ul>\n<li>Velkomsttallerken med frisk frugt<\/li>\n<li>5J Iberisk skinke &amp; premium p\u00e5l\u00e6g<\/li>\n<li>\u00c5ben bar: cava, vin, \u00f8l, vand, juice og l\u00e6skedrikke<\/li>\n<li>Velkomstsk\u00e5l med Chandon Spritz.<\/li>\n<li>Paddelsurfing, snorkling, brug af GoPro og Polaroid<\/li>\n<li>Gourmet-paella (inkluderet fra 5. time)<\/li>\n<li>Adgang til stranden med jolle<\/li>\n<li>Solbadning og skyggefulde omr\u00e5der om bord<\/li>\n<li>Erfaren, flersproget bes\u00e6tning<\/li>\n<\/ul>\n<h3>\ud83d\udccd <strong>Afgang fra Puerto de Los Gigantes<\/strong><\/h3>\n<p class=\"translation-block\">Bellini afg\u00e5r fra Tenerifes vestkyst, n\u00e6rmere bestemt fra <a href=\"https:\/\/maps.app.goo.gl\/Xq4LkTRqPjHQzRBE8\" target=\"_blank\" rel=\"noopener\">Puerto de Los Gigantes<\/a>. Denne placering giver adgang p\u00e5 f\u00f8rste r\u00e6kke til de majest\u00e6tiske klipper i Los Gigantes og den fantastiske Masca-kystlinje, nogle af de mest ikoniske og afsidesliggende dele af \u00f8en. Havnen er let at n\u00e5 i bil, og vi anbefaler, at man ankommer 15 minutter f\u00f8r afgang.<\/p>\n<h4>\ud83d\udcdc <strong>Enkel booking og fleksibel afbestillingspolitik<\/strong><\/h4>\n<p>Hos CanaryVIP \u00f8nsker vi, at din oplevelse skal v\u00e6re problemfri fra starten. Vores afbestillingsbetingelser er klare og fair:<\/p>\n<ul>\n<li><strong>Vejrgaranti:<\/strong> Hvis havforholdene er usikre, kan du ombooke eller bede om fuld refusion.<\/li>\n<li><strong>Gratis aflysninger:<\/strong> Afbestil eller oml\u00e6g gratis op til 4 dage f\u00f8r din rejse. Depositum refunderes ikke ved afbestilling inden for 4 dage f\u00f8r afrejse.<\/li>\n<\/ul>\n<h3>\ud83d\udd52 <strong>Mulighed for overnatning og flere dage<\/strong><\/h3>\n<p>Bellini er ikke kun til dagscharter - g\u00f8r din flugt endnu mere speciel:<\/p>\n<ul>\n<li>Tilbring natten om bord og v\u00e5gn op til lyden af havet.<\/li>\n<li>Lav din egen rejseplan til romantiske udflugter, festligheder eller flerdages sejlads.<\/li>\n<\/ul>\n<h3>\ud83d\udc68\u200d\u2708\ufe0f <strong>F\u00f8r du g\u00e5r om bord - hurtige tips<\/strong><\/h3>\n<p>For at f\u00e5 mest muligt ud af din rejse:<\/p>\n<ul>\n<li>Hav din CanaryVIP-bekr\u00e6ftelse klar (trykt eller digital).<\/li>\n<li>Medbring badet\u00f8j, h\u00e5ndkl\u00e6de og solcreme.<\/li>\n<li>Spis noget let og undg\u00e5 alkohol p\u00e5 forh\u00e5nd for at forebygge s\u00f8syge.<\/li>\n<li>V\u00e6lg dit yndlingssted - sol eller skygge - og g\u00f8r dig klar til at slappe af.<\/li>\n<\/ul>\n<h3>\ud83d\udcac <strong>Book nu med CanaryVIP<\/strong><\/h3>\n<p>Hos CanaryVIP s\u00e6tter vi rejsende i forbindelse med topbed\u00f8mte oplevelser p\u00e5 Tenerife. Hvis du \u00f8nsker at <strong>Lej en luksusyacht p\u00e5 Tenerife<\/strong> og opdage Los Gigantes eller Masca i \u00e6gte stil, er Bellini en af de bedste muligheder, der findes.<br \/>\n\ud83d\udc49 <a href=\"https:\/\/canaryvip.com\/da\/tenerife\/boat-hire-tenerife\/\">Tjek tilg\u00e6ngelighed og book din yacht-charter nu<\/a> - Dit luksuseventyr er kun f\u00e5 klik v\u00e6k.<\/p>","protected":false},"excerpt":{"rendered":"<p><strong>\ud83d\udd0d Bellini Yacht Charter:<\/strong><br \/>\n\u2705 Sikker betaling.<br \/>\n\ud83d\udee5\ufe0f 14m Yacht Comfort.<br \/>\n\u23f3 Daglige ture p\u00e5 3-8 timer.<br \/>\n\ud83d\udd59 Afgangstider, der kan tilpasses.<br \/>\n\ud83c\udf74 M\u00e5ltider og drikkevarer inkluderet.<br \/>\n\ud83d\udc65 Op til 10 g\u00e6ster.<br \/>\n\ud83c\udfc4\u200d\u2640\ufe0f Paddle Boards inkluderet.<br \/>\n\ud83e\udd3f Snorkeludstyr stilles til r\u00e5dighed.<br \/>\n\ud83e\udd11 Garanteret bedste pris.<br \/>\n\ud83d\udc6a Rabatter aktiveret.<br \/>\n\ud83d\udd01 Op til 4 dages afbestilling.<br \/>\n\ud83c\udf0d Flersproget bes\u00e6tning.<br \/>\n\ud83c\udf1f Book tidligt og spar!<br \/>\n\ud83d\udccd Afgang fra <a href=\"https:\/\/maps.app.goo.gl\/Xq4LkTRqPjHQzRBE8\">Los Gigantes<\/a>.<\/p>","protected":false},"featured_media":15376,"comment_status":"open","ping_status":"closed","template":"","meta":{"_acf_changed":false},"product_brand":[],"product_cat":[47],"product_tag":[],"class_list":{"0":"post-15373","1":"product","2":"type-product","3":"status-publish","4":"has-post-thumbnail","6":"product_cat-boat-hire-tenerife","7":"wcpa_has_options","9":"first","10":"instock","11":"virtual","12":"purchasable","13":"product-type-simple"},"acf":[],"wcpa_form_fields":{"wcpaData":{"product":{"product_price":1060,"price_html":"From&nbsp;<span class=\"woocommerce-Price-amount amount\"><bdi>1.060,00&nbsp;<span class=\"woocommerce-Price-currencySymbol\">&euro;<\/span><\/bdi><\/span>","original_product_price":1060,"price_including_tax":1060,"price_excluding_tax":1060,"product_id":{"parent":15373,"variation":false},"is_variable":false,"stock_status":"instock","stock_quantity":null,"parent_sku":"CV15373","product_attributes":[],"custom_fields":[],"is_taxable":false,"product_name":"Bellini Luxury Yacht Tenerife","hasImage":false},"fields":{"sec_968949ba2884ff":{"extra":{"key":"sec_968949ba2884ff","section_id":"sec_968949ba2884ff","name":"Default","status":1,"cl_rule":"show","enableCl":false,"relations":[],"toggle":true,"title_tag":"h3","show_title":false,"showPrice":"default","form_id":15383,"form_rules":{"exclude_from_discount":true,"fee_label":"Fee","disp_hide_options_price":true,"disp_show_section_price":false,"disp_show_field_price":true,"layout_option":"standard","pric_use_as_fee":false,"process_fee_as":"woo_fee"},"layout_option":"standard"},"fields":[[{"label":"\ud83d\udcc5 Date","active":true,"required":true,"elementId":"date_868949ba288522","picker_type":"custom","picker_mode":"single","placeholder":"","description":"","tooltip":"","name":"date_868949ba288522","label_position":"default","desc_position":"default","enablePrice":false,"className":"","enableCl":false,"relations":[{"operator":"and","rules":[{"operator":"AND","rules":{"cl_field":"radio-group_565c78ffa81208","cl_relation":"is","cl_val":"3 Hour Trip"}}]}],"date_pic_inline":true,"date_pic_inline_hide":true,"min_date":{"type":"days","val":"1"},"max_date":{"type":"days","val":"365"},"date_pic_conf":{"disabledWeeks":[],"disabledDates":["2025-04-18 to 2025-04-24"]},"price":"","cl_rule":"show","col":6,"type":"date","error":false,"enableDesign":false,"LabelColor":"","isWeightTemplate":false,"isTemplate":false,"min_quantity":"1","quantity_decimal":false,"quantity_step":"1","quantity_label":"Quantity","repeater_field_label":"{field_label}","repeater_bind":"","gt_translate_keys":["label","placeholder","description","tooltip","repeater_field_label","quantity_label"],"price_dependency":false,"cl_dependency":false,"value":""}],[{"elementId":"separator_268949ba28853d","separatorType":"blank","className":"","height":"3","enableCl":false,"relations":false,"cl_rule":"show","col":6,"type":"separator","error":false,"gt_translate_keys":[],"price_dependency":false,"cl_dependency":false,"value":""}],[{"active":true,"col":6,"relations":[{"operator":false,"rules":[{"operator":"AND","rules":{"cl_field":"radio-group_565c78ffa81208","cl_relation":"is","cl_val":"3 Hour Trip"}}]}],"cl_rule":"show","enableCl":false,"price":"","enablePrice":false,"className":"","label_position":"default","desc_position":"default","type":"select","required":false,"elementId":"select_468949ba288577","label":"\u23f0 Departure Time","name":"select_468949ba288577","values":[{"label":"09:00","value":"09:00","selected":false,"tempId":"aco_1471","gt_translate_keys":["label"]},{"label":"10:00","value":"10:00","selected":false,"tempId":"aco_1472","gt_translate_keys":["label"]},{"label":"11:00","value":"11:00","selected":false,"tempId":"aco_1500","gt_translate_keys":["label"]},{"label":"12:00","value":"12:00","selected":false,"tempId":"aco_1510","gt_translate_keys":["label"]},{"label":"13:00 (1:00 PM)","value":"13:00","selected":false,"tempId":"aco_1520","gt_translate_keys":["label"]},{"label":"14:00 (2:00 PM)","value":"14:00","selected":false,"tempId":"aco_1728","gt_translate_keys":["label"]},{"label":"15:00 (3:00 PM)","value":"15:00","selected":false,"tempId":"aco_1738","gt_translate_keys":["label"]}],"dropdown_type":"basic","error":false,"placeholder":"Whichever Time is Best","isWeightTemplate":false,"isTemplate":false,"min_quantity":"1","quantity_decimal":false,"quantity_step":"1","quantity_label":"Quantity","repeater_field_label":"{field_label}","repeater_bind":"","gt_translate_keys":["label","placeholder","repeater_field_label","quantity_label"],"price_dependency":false,"cl_dependency":false,"value":""}],[{"active":true,"col":6,"relations":false,"cl_rule":"show","enableCl":false,"price":"","enablePrice":true,"className":"","label_position":"default","desc_position":"default","type":"select","required":true,"elementId":"select_1068949ba288548","label":"\u23f3 Trip Duration","name":"select_1068949ba288548","values":[{"label":"3 Hours (1.060\u20ac)","value":"3h","selected":false,"tempId":"aco_556","price":"1060","gt_translate_keys":["label"]},{"label":"4 Hours (1.275\u20ac)","value":"4H","selected":false,"tempId":"aco_181","price":"1275","gt_translate_keys":["label"]},{"label":"5 Hours (1.490\u20ac)","value":"5h","selected":false,"tempId":"aco_281","price":"1490","gt_translate_keys":["label"]},{"label":"6 Hours (1.700\u20ac)","value":"6h","selected":false,"tempId":"aco_605","price":"1700","gt_translate_keys":["label"]},{"label":"7 Hours (1.915\u20ac)","value":"7h","selected":false,"tempId":"aco_381","price":"1915","gt_translate_keys":["label"]},{"label":"8 Hours (2.130\u20ac)","value":"8h","selected":false,"tempId":"aco_724","price":"2130","gt_translate_keys":["label"]}],"dropdown_type":"basic","error":false,"placeholder":"Select Trip Duration","priceOptions":"different_for_all","pricingType":"fixed","is_show_price":false,"isWeightTemplate":false,"isTemplate":false,"min_quantity":"1","quantity_decimal":false,"quantity_step":"1","quantity_label":"Quantity","repeater_field_label":"{field_label}","repeater_bind":"","gt_translate_keys":["label","placeholder","repeater_field_label","quantity_label"],"price_dependency":false,"cl_dependency":false,"value":""}],[{"label":"\u2705 Number of People","active":true,"required":true,"elementId":"select_168949ba28858b","dropdown_type":"basic","placeholder":"Select Number of People","name":"select_168949ba28858b","label_position":"default","desc_position":"default","enablePrice":true,"className":"","enableCl":false,"relations":[{"operator":false,"rules":[{"operator":"AND","rules":{"cl_field":"radio-group_565c78ffa81208","cl_relation":"is","cl_val":"3 Hour Trip"}}]}],"values":[{"label":"1 person","value":"1","selected":false,"tempId":"aco_1471","price":"0","gt_translate_keys":["label"]},{"label":"2 people","value":"2","selected":false,"tempId":"aco_1472","price":"0","gt_translate_keys":["label"]},{"label":"3 people","value":"3","selected":false,"tempId":"aco_1500","price":"0","gt_translate_keys":["label"]},{"label":"4 people","value":"4","selected":false,"tempId":"aco_1510","price":"0","gt_translate_keys":["label"]},{"label":"5 people","value":"5","selected":false,"tempId":"aco_1520","price":"0","gt_translate_keys":["label"]},{"label":"6 people (+120\u20ac)","value":"6","selected":false,"tempId":"aco_1728","price":"120","gt_translate_keys":["label"]},{"label":"7 people (+240\u20ac)","value":"7","selected":false,"tempId":"aco_1738","price":"240","gt_translate_keys":["label"]},{"label":"8 people (+360\u20ac)","value":"8","selected":false,"tempId":"aco_1922","price":"360","gt_translate_keys":["label"]},{"label":"9 People (+480\u20ac)","value":"9","selected":false,"tempId":"aco_220","price":"480","gt_translate_keys":["label"]},{"label":"10 People (+600\u20ac)","value":"10","selected":false,"tempId":"aco_311","price":"600","gt_translate_keys":["label"]}],"price":"","cl_rule":"show","col":6,"type":"select","error":false,"isWeightTemplate":false,"isTemplate":false,"min_quantity":"1","quantity_decimal":false,"quantity_step":"1","quantity_label":"Quantity","repeater_field_label":"{field_label}","repeater_bind":"","priceOptions":"different_for_all","pricingType":"fixed","gt_translate_keys":["label","placeholder","repeater_field_label","quantity_label"],"price_dependency":false,"cl_dependency":false,"value":""}],[{"active":true,"col":6,"relations":false,"cl_rule":"show","enableCl":false,"price":"","enablePrice":true,"className":"","label_position":"default","desc_position":"default","type":"select","required":false,"elementId":"select_368949ba288551","label":"\ud83d\udca6 Add jet-skis?","name":"select_368949ba288551","values":[{"label":"1 JetSki for 1 Hour (345\u20ac)","value":"1 x Jetski for 1 Hour","selected":false,"tempId":"aco_2501","price":"345","gt_translate_keys":["label"]},{"label":"2 JetSkis for 1 Hour (690\u20ac)","value":"2 x JetSki for 1 Hour","selected":false,"tempId":"aco_2502","price":"690","gt_translate_keys":["label"]}],"dropdown_type":"basic","error":false,"description":"Private JetSki tour from the boat with a JetSki instructor.","placeholder":"None","priceOptions":"different_for_all","pricingType":"fixed","is_show_price":false,"isWeightTemplate":false,"isTemplate":false,"min_quantity":"1","quantity_decimal":false,"quantity_step":"1","quantity_label":"Quantity","repeater_field_label":"{field_label}","repeater_bind":"","gt_translate_keys":["label","placeholder","description","repeater_field_label","quantity_label"],"price_dependency":false,"cl_dependency":false,"value":""}]]}},"config":{"price_override":"always","enable_recaptcha":false,"bind_quantity":false,"quantity_bind_formula":false,"disp_summ_show_option_price":true,"disp_summ_show_product_price":false,"disp_summ_show_total_price":true,"disp_summ_show_fee":true,"disp_summ_show_discount":true,"summary_title":"","options_total_label":"Options Price","total_label":"Total Amount","options_product_label":"Product Price","fee_label":"Fee","discount_label":"Discount","has_price":true,"has_quantity_formula":false},"mc_unit":1,"tax_rate":1,"tax_rate_real":1,"discount":{"percentage":0,"fixed":0},"design":{"conf":{"LabelPosition":"above","DescPosition":"above","UploadField":"custom_1","QuantityFieldStyle":"custom_1"},"css":{"LeftLabelWidth":"120px"}},"formulas":{"fmla_1708360988969136756":"(({field.select_56638eb5b235ae.value}>=3)?(1200):(({field.select_56638eb5b235ae.value}>=2)?(850):(({field.select_56638eb5b235ae.value}>=1)?(540):(0))))","fmla_1708364241278155361":"(({field.select_5841412719.value}>=8)?({field.select_5841412719.price}):(({field.select_5841412719.value}>=5)?({field.select_5841412719.price}):(({field.select_5841412719.value}>=3)?({field.select_5841412719.price}):(0))))"},"lookuptables":[],"clones":false,"cartKey":false}},"_links":{"self":[{"href":"https:\/\/canaryvip.com\/da\/wp-json\/wp\/v2\/product\/15373","targetHints":{"allow":["GET"]}}],"collection":[{"href":"https:\/\/canaryvip.com\/da\/wp-json\/wp\/v2\/product"}],"about":[{"href":"https:\/\/canaryvip.com\/da\/wp-json\/wp\/v2\/types\/product"}],"replies":[{"embeddable":true,"href":"https:\/\/canaryvip.com\/da\/wp-json\/wp\/v2\/comments?post=15373"}],"wp:featuredmedia":[{"embeddable":true,"href":"https:\/\/canaryvip.com\/da\/wp-json\/wp\/v2\/media\/15376"}],"wp:attachment":[{"href":"https:\/\/canaryvip.com\/da\/wp-json\/wp\/v2\/media?parent=15373"}],"wp:term":[{"taxonomy":"product_brand","embeddable":true,"href":"https:\/\/canaryvip.com\/da\/wp-json\/wp\/v2\/product_brand?post=15373"},{"taxonomy":"product_cat","embeddable":true,"href":"https:\/\/canaryvip.com\/da\/wp-json\/wp\/v2\/product_cat?post=15373"},{"taxonomy":"product_tag","embeddable":true,"href":"https:\/\/canaryvip.com\/da\/wp-json\/wp\/v2\/product_tag?post=15373"}],"curies":[{"name":"wp","href":"https:\/\/api.w.org\/{rel}","templated":true}]}}