{"id":14959,"date":"2025-07-02T19:45:06","date_gmt":"2025-07-02T18:45:06","guid":{"rendered":"https:\/\/canaryvip.com\/?post_type=product&#038;p=14959"},"modified":"2025-08-21T13:52:25","modified_gmt":"2025-08-21T12:52:25","slug":"habana-sunseeker-yacht-rental-tenerife","status":"publish","type":"product","link":"https:\/\/canaryvip.com\/da\/shop\/habana-sunseeker-yacht-rental-tenerife\/","title":{"rendered":"Habana Sunseeker: Yachtudlejning p\u00e5 Tenerife"},"content":{"rendered":"<h2>\ud83d\udee5\ufe0f Habana Sunseeker Boat Charter: Eksklusiv luksus p\u00e5 Atlanterhavet<\/h2>\n<p class=\"translation-block\">G\u00e5 om bord p\u00e5 <strong>Habana Sunseeker<\/strong>, en fantastisk 12 meter lang yacht, der er designet til dem, der \u00f8nsker at udforske Tenerifes kystlinje i total komfort og stil. Med plads til op til 8 g\u00e6ster er denne b\u00e5d perfekt til familier, venner eller andre, der \u00f8nsker en privat og uforglemmelig flugt til s\u00f8s.<\/p>\n<p class=\"translation-block\">N\u00e5r du <strong>bestiller en yacht p\u00e5 Tenerife<\/strong> hos os, v\u00e6lger du meget mere end bare en b\u00e5dtur. Habana Sunseeker kombinerer elegance, frihed og en afslappet atmosf\u00e6re, som g\u00f8r hvert \u00f8jeblik om bord til et s\u00e6rligt minde.<\/p>\n<p>Forestil dig at sejle langs kysten, m\u00e6rke havbrisen i ansigtet, din yndlingsmusik og en drink i h\u00e5nden. Uanset om du fejrer en s\u00e6rlig begivenhed, nyder en romantisk flugt eller bare kobler af med vennerne, er dette den perfekte m\u00e5de at opleve \u00f8en p\u00e5 fra et nyt perspektiv. Alt er forberedt, s\u00e5 du f\u00f8ler, at yachten er din for en dag.<\/p>\n<h3>\u2b50\ufe0f Komfort og stil til s\u00f8s<\/h3>\n<p><span style=\"text-decoration: underline;\"><strong>Topfunktioner, du vil nyde om bord:<\/strong><\/span><\/p>\n<ul>\n<li>Privat hytte, hvor du kan slappe af eller opbevare dine personlige ting sikkert.<\/li>\n<li>Rummelig badeplatform og en lettilg\u00e6ngelig stige, ideel til at sv\u00f8mme eller tage en forfriskende dukkert, n\u00e5r du har lyst.<\/li>\n<li>Stort sold\u00e6k i st\u00e6vnen, perfekt til solbadning, drinks eller bare til at nyde panoramaudsigten over Tenerifes kystlinje.<\/li>\n<li>Hyttebord og udend\u00f8rs plads til at dele snacks eller sk\u00e5le for en perfekt dag p\u00e5 vandet.<\/li>\n<li>Premium lydsystem til at skabe den perfekte atmosf\u00e6re, mens du sejler.<\/li>\n<\/ul>\n<h3>\ud83d\udea4 En yacht bygget til afslapning og fest<\/h3>\n<p>Habana Sunseeker handler ikke kun om at sejle, men om at skabe fantastiske \u00f8jeblikke. Med en motor p\u00e5 100 hk giver den en j\u00e6vn og behagelig tur, s\u00e5 du kan fokusere fuldt ud p\u00e5 at nyde oplevelsen.<\/p>\n<p>Brug dagen p\u00e5 at opdage skjulte steder, sv\u00f8mme i klart bl\u00e5t vand eller bare slappe af p\u00e5 d\u00e6kket i godt selskab. Med<\/p>\n<p>Med <strong>CanaryVIP<\/strong>kan du <strong>Lej en b\u00e5d p\u00e5 Tenerife<\/strong> der f\u00f8les som din egen private flydende lounge.<\/p>\n<h3>\ud83d\udd52 V\u00e6lg din perfekte oplevelse<\/h3>\n<ul>\n<li><strong>Privat 3-timers charter:<\/strong> En kort flugt langs kysten, perfekt til at slappe af og nyde havet p\u00e5 en mere intim m\u00e5de.<\/li>\n<li><strong>Privat 6-timers charter:<\/strong> Et l\u00e6ngere eventyr med masser af tid til at udforske, sv\u00f8mme og nyde hvert \u00f8jeblik p\u00e5 vandet.<\/li>\n<li><strong>Privat 9-timers charter:<\/strong> Den ultimative heldagsoplevelse, hvor du kan nyde Tenerifes kystlinje i dit eget tempo.<\/li>\n<li><strong>F\u00e6lles 3-timers tur:<\/strong> Tag med p\u00e5 en f\u00e6lles gruppetur (afh\u00e6ngig af tilg\u00e6ngelighed) til et sjovt og venligt kysteventyr. Efter booking bekr\u00e6ftes tilg\u00e6ngelighed senest inden for 12 timer.<\/li>\n<\/ul>\n<h3>\ud83c\udf7d\ufe0f Drikkevarer og snacks inkluderet<\/h3>\n<p>P\u00e5 alle ture er der inkluderet et l\u00e6kkert udvalg af lokal mad og drikke. Nyd skinke- og ostesandwiches, \u00e5rstidens friske frugt, traditionelle kartofler, chorizo-skiver, en oste- og salamitallerken og tun-empanadas. Alt er tilberedt til at dele og holde dig energisk hele din dag til s\u00f8s.<\/p>\n<h3>\u2705 Hvad er inkluderet i dit charter?<\/h3>\n<ul>\n<li>Fuld adgang til den private kahyt, sold\u00e6kket og alle faciliteter om bord for maksimal komfort og privatliv.<\/li>\n<li>Badeplatform og stige giver nem adgang til vandet, ideelt til sv\u00f8mning og afslapning i havet.<\/li>\n<li>Venlig og professionel bes\u00e6tning, der tager sig af alle detaljer, s\u00e5 du kan fokusere p\u00e5 at hygge dig.<\/li>\n<li>Snacks og drikkevarer er inkluderet, s\u00e5 du beh\u00f8ver ikke at bekymre dig om noget som helst.<\/li>\n<li>Fra det \u00f8jeblik, du tr\u00e6der om bord, er alt klar til dig. Tag din bedste energi med, og lad oplevelsen flyde. Vores team tager sig af alt andet, s\u00e5 du kan fokusere p\u00e5 at skabe uforglemmelige minder.<\/li>\n<\/ul>\n<h3>\ud83d\udd53 Fleksible afgangstider<\/h3>\n<ul>\n<li><strong>Morgen, eftermiddag eller solnedgang:<\/strong> V\u00e6lg det tidspunkt, der passer dig bedst, og oplev Tenerifes kystlinje fra et unikt perspektiv.<\/li>\n<\/ul>\n<h3>\ud83d\udccd Afgang fra Puerto Col\u00f3n, Costa Adeje<\/h3>\n<p class=\"translation-block\">Dit eventyr begynder i <a href=\"https:\/\/maps.app.goo.gl\/MeynoCCeyw2ALYxa9\" target=\"_blank\" rel=\"noopener\">Puerto Col\u00f3n i Costa Adeje<\/a>, en af de mest moderne og livlige marinaer p\u00e5 Tenerife. Det er nemt at parkere, og atmosf\u00e6ren er indbydende, hvilket g\u00f8r det til det perfekte udgangspunkt for din yachtoplevelse.<\/p>\n<h4>\ud83d\udcdc Klare og fleksible politikker<\/h4>\n<ul>\n<li><strong>Fleksibel afbestilling:<\/strong> For private ture kan du afbestille eller oml\u00e6gge gratis op til 7 dage f\u00f8r din afgang. For f\u00e6lles ture er gratis afbestilling eller oml\u00e6gning mulig op til 72 timer f\u00f8r afgang. Vi forst\u00e5r, at planer kan \u00e6ndre sig, og vi \u00f8nsker, at du booker i fuld tillid. Bem\u00e6rk venligst, at udeblivelser ikke kan refunderes.<\/li>\n<\/ul>\n<p class=\"translation-block\">Hos <strong>CanaryVIP<\/strong> mener vi, at alle fortjener en luksusoplevelse, der f\u00f8les personlig og uforglemmelig. N\u00e5r du v\u00e6lger en <a href=\"https:\/\/canaryvip.com\/da\/tenerife\/boat-charter-tenerife\/\" target=\"_self\"><strong>b\u00e5dcharter p\u00e5 Tenerife<\/strong><\/a> som Habana Sunseeker, booker du ikke bare en tur. Du v\u00e6lger en unik m\u00e5de at komme i kontakt med \u00f8en p\u00e5, dele meningsfulde \u00f8jeblikke og skabe historier, som du vil huske for evigt.<\/p>\n<p class=\"translation-block\">Vent ikke med at g\u00f8re din dr\u00f8mmedag p\u00e5 havet til virkelighed. Book din <strong>private yacht p\u00e5 Tenerife<\/strong> i dag, og g\u00f8r dig klar til en oplevelse, du vil have lyst til at genopleve igen og igen.<\/p>","protected":false},"excerpt":{"rendered":"<p><strong>\ud83d\udd0d Habana Sunseeker Yacht:<\/strong><br \/>\n\u2705 Sikker betaling.<br \/>\n\ud83d\udc65 F\u00e6lles ture er tilg\u00e6ngelige<br \/>\n\ud83d\udd10 Private ture er tilg\u00e6ngelige<br \/>\n\ud83d\udee5\ufe0f 12 meter luksusyacht.<br \/>\n\u23f3 Daglige ture p\u00e5 3-9 timer.<br \/>\n\ud83d\udd59 Afgangstider, der kan tilpasses.<br \/>\n\ud83c\udf05 Solnedgangsture er tilg\u00e6ngelige.<br \/>\n\ud83c\udf7b Drikkevarer og snacks inkluderet.<br \/>\n\ud83d\udc65 Op til 8 g\u00e6ster.<br \/>\n\ud83e\udd3f Snorkeludstyr stilles til r\u00e5dighed.<br \/>\n\ud83d\ude97 Transportservice tilg\u00e6ngelig.<br \/>\n\ud83e\udd11 Garanteret bedste pris.<br \/>\n\ud83d\udc6a Rabatter aktiveret.<br \/>\n\ud83d\udd01 Op til 7 dages afbestilling.<br \/>\n\ud83c\udf0d Flersproget bes\u00e6tning.<br \/>\n\ud83c\udf1f Book nu og spar!<br \/>\n\ud83d\udccd Afgang fra <a href=\"https:\/\/maps.app.goo.gl\/ocJuu7A8R1JWjPbS9\">Puerto Colon<\/a>.<\/p>","protected":false},"featured_media":14960,"comment_status":"open","ping_status":"closed","template":"","meta":{"_acf_changed":false},"product_brand":[],"product_cat":[47,46],"product_tag":[],"class_list":{"0":"post-14959","1":"product","2":"type-product","3":"status-publish","4":"has-post-thumbnail","6":"product_cat-boat-hire-tenerife","7":"product_cat-boat-excursions","8":"wcpa_has_options","10":"first","11":"instock","12":"sale","13":"virtual","14":"purchasable","15":"product-type-simple"},"acf":[],"wcpa_form_fields":{"wcpaData":{"product":{"product_price":75,"price_html":"From&nbsp;<del aria-hidden=\"true\"><span class=\"woocommerce-Price-amount amount\"><bdi>85,00&nbsp;<span class=\"woocommerce-Price-currencySymbol\">&euro;<\/span><\/bdi><\/span><\/del> <span class=\"screen-reader-text\">Den oprindelige pris var: 85,00&nbsp;&euro;.<\/span><ins aria-hidden=\"true\"><span class=\"woocommerce-Price-amount amount\"><bdi>75,00&nbsp;<span class=\"woocommerce-Price-currencySymbol\">&euro;<\/span><\/bdi><\/span><\/ins><span class=\"screen-reader-text\">Den aktuelle pris er: 75,00&nbsp;&euro;.<\/span>","original_product_price":85,"price_including_tax":75,"price_excluding_tax":75,"product_id":{"parent":14959,"variation":false},"is_variable":false,"stock_status":"instock","stock_quantity":null,"parent_sku":"CV14959","product_attributes":[],"custom_fields":[],"is_taxable":false,"product_name":"Habana Sunseeker: Yacht Rental Tenerife","hasImage":false},"fields":{"sec_268657f5ea9e83":{"extra":{"key":"sec_268657f5ea9e83","section_id":"sec_268657f5ea9e83","name":"Trip Duration","status":1,"cl_rule":"show","enableCl":false,"relations":[],"toggle":true,"title_tag":"h4","show_title":false,"showPrice":"default","form_id":14965,"form_rules":{"exclude_from_discount":true,"fee_label":"Fee","disp_hide_options_price":true,"disp_show_section_price":false,"disp_show_field_price":true,"layout_option":"standard","pric_use_as_fee":false,"process_fee_as":"woo_fee"},"layout_option":"standard"},"fields":[[{"active":true,"col":6,"relations":false,"cl_rule":"show","enableCl":false,"price":"","enablePrice":false,"className":"","label_position":"default","desc_position":"default","type":"radio-group","required":false,"elementId":"radio-group_268657f5ea9eaa","label":"\u231b\ufe0f Trip Duration","name":"radio-group_268657f5ea9eaa","values":[{"label":"3 Hour Shared Trip (75\u20ac)","value":"Shared 3H","selected":false,"tempId":"aco_148","description":"Join a shared yacht tour along Tenerife\u2019s coast. Enjoy local snacks, open bar, swim stops, and great views. 3-hour group charters, up to 8 guests.","gt_translate_keys":["label","description"]},{"label":"Private Charter (From 680\u20ac)","value":"Private Charter","selected":false,"tempId":"aco_149","description":"Sail Tenerife\u2019s coast on a private yacht. Enjoy local snacks, open bar, swim stops, and full comfort. Choose 3 to 9-hour charters for up to 8 guests.","gt_translate_keys":["label","description"]}],"layOut":"","error":false,"checkUi":"toggle","options_description":true,"gt_translate_keys":["label"],"price_dependency":false,"cl_dependency":[false,false],"value":""}]]},"sec_868657f5ea9eba":{"extra":{"key":"sec_868657f5ea9eba","section_id":"sec_868657f5ea9eba","name":"Shared Trip","status":1,"cl_rule":"show","enableCl":true,"relations":[{"operator":false,"rules":[{"operator":"AND","rules":{"cl_field":"radio-group_268657f5ea9eaa","cl_relation":"is","cl_val":"Shared 3H"}}]}],"toggle":true,"title_tag":"h4","show_title":false,"showPrice":"default","form_id":14965,"form_rules":{"exclude_from_discount":true,"fee_label":"Fee","disp_hide_options_price":true,"disp_show_section_price":false,"disp_show_field_price":true,"layout_option":"standard","pric_use_as_fee":false,"process_fee_as":"woo_fee"},"layout_option":"standard"},"fields":[[{"label":"\ud83d\udcc5 Date","active":true,"required":true,"elementId":"date_968657f5ea9ec6","picker_type":"custom","picker_mode":"single","placeholder":"","description":"","tooltip":"","name":"date_968657f5ea9ec6","label_position":"default","desc_position":"default","enablePrice":false,"className":"","enableCl":false,"relations":[{"operator":"and","rules":[{"operator":"AND","rules":{"cl_field":"radio-group_367e16bf8dd4f5","cl_relation":"is","cl_val":"3 Hour Trip"}}]}],"enableDesign":false,"LabelColor":"","date_pic_inline":true,"date_pic_inline_hide":true,"min_date":{"type":"days","val":"2"},"max_date":{"type":"days","val":"365"},"date_pic_conf":{"disabledWeeks":[]},"price":"","cl_rule":"show","col":6,"type":"date","error":false,"isWeightTemplate":false,"isTemplate":false,"min_quantity":"1","quantity_decimal":false,"quantity_step":"1","quantity_label":"Quantity","repeater_field_label":"{field_label}","repeater_bind":"","gt_translate_keys":["label","placeholder","description","tooltip","repeater_field_label","quantity_label"],"price_dependency":false,"cl_dependency":false,"value":""}],[{"label":"\u23f0 Departure","active":true,"required":true,"elementId":"select_368657f5ea9ed0","dropdown_type":"basic","placeholder":"Select Departure Time","name":"select_368657f5ea9ed0","label_position":"default","desc_position":"default","enablePrice":false,"className":"","enableCl":false,"relations":[{"operator":false,"rules":[{"operator":"AND","rules":{"cl_field":"date_367e16bf8dd504","cl_relation":"week_day_is","cl_val":[1]}}]}],"values":[{"label":"9:00","value":"9:00","selected":false,"tempId":"aco_2695","gt_translate_keys":["label"]},{"label":"12:00","value":"12:00","selected":false,"tempId":"aco_2329","gt_translate_keys":["label"]},{"label":"15:00 (3:00 PM)","value":"15:00 (3:00 PM)","selected":false,"tempId":"aco_419","gt_translate_keys":["label"]},{"label":"18:00 (6:00 PM)","value":"18:00 (6:00 PM)","selected":false,"tempId":"aco_573","gt_translate_keys":["label"]}],"price":"","cl_rule":"show","col":6,"type":"select","error":false,"gt_translate_keys":["label","placeholder"],"price_dependency":false,"cl_dependency":false,"value":""}],[{"active":true,"col":6,"relations":false,"cl_rule":"show","enableCl":false,"price":"","enablePrice":false,"className":"","label_position":"default","desc_position":"default","type":"separator","required":false,"elementId":"separator_668657f5ea9edc","label":"Separator Field","height":"4","separatorType":"blank","error":false,"gt_translate_keys":["label"],"price_dependency":false,"cl_dependency":false,"value":""}],[{"active":true,"col":6,"relations":false,"cl_rule":"show","enableCl":false,"price":"75","enablePrice":true,"className":"","label_position":"default","desc_position":"default","type":"radio-group","required":false,"elementId":"radio-group_1068657f5ea9ee7","label":"","name":"radio-group_1068657f5ea9ee7","values":[{"label":"\ud83d\udc64 Adult (75\u20ac)","value":"Adult","selected":true,"tempId":"aco_2419","tooltip":"+11 Years","price":"50","gt_translate_keys":["label","tooltip"]}],"layOut":"","error":false,"checkUi":"button","options_description":true,"options_tooltip":true,"priceOptions":"fixed_for_all","pricingType":"fixed","is_show_price":false,"enable_quantity":true,"quantity_decimal":false,"quantity_step":"1","quantity_label":"","min_quantity":"0","max_quantity":"22","isWeightTemplate":false,"isTemplate":false,"repeater_field_label":"{field_label}","repeater_bind":"","gt_translate_keys":["label","repeater_field_label","quantity_label"],"price_dependency":false,"cl_dependency":false,"value":""}],[{"label":"","active":true,"required":false,"elementId":"radio-group_168657f5ea9ef2","name":"radio-group_168657f5ea9ef2","label_position":"default","desc_position":"default","enablePrice":true,"className":"","enableCl":false,"relations":false,"enable_quantity":true,"quantity_label":"","quantity_step":"1","quantity_decimal":false,"min_quantity":"0","checkUi":"button","layOut":"","options_tooltip":true,"options_description":true,"values":[{"label":"\ud83d\udc66 Child (50\u20ac)","value":"Child","selected":true,"tempId":"aco_2419","tooltip":"1-11 Years","price":"40","gt_translate_keys":["label","tooltip"]}],"priceOptions":"fixed_for_all","pricingType":"fixed","price":"50","is_show_price":false,"cl_rule":"show","col":6,"type":"radio-group","error":false,"max_quantity":"22","isWeightTemplate":false,"isTemplate":false,"repeater_field_label":"{field_label}","repeater_bind":"","gt_translate_keys":["label","repeater_field_label","quantity_label"],"price_dependency":false,"cl_dependency":false,"value":""}],[{"label":"","active":true,"required":false,"elementId":"radio-group_168657f5ea9efd","name":"radio-group_168657f5ea9efd","label_position":"default","desc_position":"default","enablePrice":true,"className":"","enableCl":false,"relations":false,"enable_quantity":true,"quantity_label":"","quantity_step":"1","quantity_decimal":false,"min_quantity":"0","max_quantity":"22","checkUi":"button","layOut":"","options_tooltip":true,"options_description":true,"values":[{"label":"\ud83d\udc76 Baby (Free)","value":"Baby","selected":true,"tempId":"aco_2419","tooltip":"0-11 Months","price":"40","gt_translate_keys":["label","tooltip"]}],"priceOptions":"fixed_for_all","pricingType":"fixed","price":"0","is_show_price":false,"cl_rule":"show","col":6,"type":"radio-group","error":false,"isWeightTemplate":false,"isTemplate":false,"repeater_field_label":"{field_label}","repeater_bind":"","gt_translate_keys":["label","repeater_field_label","quantity_label"],"price_dependency":false,"cl_dependency":false,"value":""}],[{"active":true,"col":6,"relations":false,"cl_rule":"show","enableCl":false,"price":"","enablePrice":false,"className":"","label_position":"default","desc_position":"default","type":"text","subtype":"text","required":false,"elementId":"text_8925665281","label":"\ud83d\ude8c Pickup Location (+10\u20ac\/person)","name":"text_8925665281","value":"","caseType":"default","isWeightTemplate":false,"error":false,"isTemplate":false,"min_quantity":"1","quantity_decimal":false,"quantity_step":"1","quantity_label":"Quantity","repeater_field_label":"{field_label}","repeater_bind":"","description":"Pick-up service in Tenerife South from Los Cristianos to Costa Adeje. Availability depends on advance reservation timing and day, as the VAN has limited seats. If no pickup point is provided, you'll need to arrive at the starting point in Puerto Col\u00f3n on your own. The price is 10\u20ac extra per person at arrival. Simply provide your address or hotel name.","gt_translate_keys":["label","description","value","repeater_field_label","quantity_label"],"price_dependency":false,"cl_dependency":false}]]},"sec_068657f5ea9f26":{"extra":{"key":"sec_068657f5ea9f26","section_id":"sec_068657f5ea9f26","name":"Private Charter","status":1,"cl_rule":"show","enableCl":true,"relations":[{"operator":false,"rules":[{"operator":"AND","rules":{"cl_field":"radio-group_268657f5ea9eaa","cl_relation":"is","cl_val":"Private Charter"}}]}],"toggle":true,"title_tag":"h4","show_title":false,"showPrice":"default","form_id":14965,"form_rules":{"exclude_from_discount":true,"fee_label":"Fee","disp_hide_options_price":true,"disp_show_section_price":false,"disp_show_field_price":true,"layout_option":"standard","pric_use_as_fee":false,"process_fee_as":"woo_fee"},"layout_option":"standard"},"fields":[[{"label":"\ud83d\udcc5 Date","active":true,"required":true,"elementId":"date_768657f5ea9f2f","picker_type":"custom","picker_mode":"single","placeholder":"","description":"","tooltip":"","name":"date_768657f5ea9f2f","label_position":"default","desc_position":"default","enablePrice":false,"className":"","enableCl":false,"relations":[{"operator":"and","rules":[{"operator":"AND","rules":{"cl_field":"radio-group_367e16bf8dd4f5","cl_relation":"is","cl_val":"3 Hour Trip"}}]}],"enableDesign":false,"LabelColor":"","date_pic_inline":true,"date_pic_inline_hide":true,"min_date":{"type":"days","val":"0"},"max_date":{"type":"days","val":"365"},"date_pic_conf":{"disabledWeeks":[]},"price":"","cl_rule":"show","col":6,"type":"date","error":false,"gt_translate_keys":["label","placeholder","description","tooltip"],"price_dependency":false,"cl_dependency":false,"value":""}],[{"label":"\u23f0 Departure","active":true,"required":true,"elementId":"select_1068657f5ea9f39","dropdown_type":"basic","placeholder":"Select Departure Time","name":"select_1068657f5ea9f39","label_position":"default","desc_position":"default","enablePrice":false,"className":"","enableCl":false,"relations":[{"operator":false,"rules":[{"operator":"AND","rules":{"cl_field":"date_367e16bf8dd504","cl_relation":"week_day_is","cl_val":[1]}}]}],"values":[{"label":"9:00","value":"9:00","selected":false,"tempId":"aco_2695","price":"0","gt_translate_keys":["label"]},{"label":"12:00","value":"12:00","selected":false,"tempId":"aco_2329","price":"0","gt_translate_keys":["label"]},{"label":"15:00","value":"15:00","selected":false,"tempId":"aco_2457","price":"0","gt_translate_keys":["label"]},{"label":"18:00","value":"18:00","selected":false,"tempId":"aco_19","price":"100","gt_translate_keys":["label"]}],"price":"","cl_rule":"show","col":6,"type":"select","error":false,"priceOptions":"different_for_all","pricingType":"fixed","is_show_price":true,"gt_translate_keys":["label","placeholder"],"price_dependency":false,"cl_dependency":false,"value":""}],[{"active":true,"col":6,"relations":false,"cl_rule":"show","enableCl":false,"price":"","enablePrice":false,"className":"","label_position":"default","desc_position":"default","type":"select","required":false,"elementId":"select_668657f5ea9f42","label":"\ud83d\udc64 Number of People","name":"select_668657f5ea9f42","values":[{"label":"1 Person","value":"1 Person","selected":false,"tempId":"aco_2241","gt_translate_keys":["label"]},{"label":"2 People","value":"2 People","selected":false,"tempId":"aco_2242","gt_translate_keys":["label"]},{"label":"3 People","value":"3 People","selected":false,"tempId":"aco_2243","gt_translate_keys":["label"]},{"label":"4 People","value":"4 People","selected":false,"tempId":"aco_2469","gt_translate_keys":["label"]},{"label":"5 People","value":"5 People","selected":false,"tempId":"aco_2479","gt_translate_keys":["label"]},{"label":"6 People","value":"6 People","selected":false,"tempId":"aco_2552","gt_translate_keys":["label"]},{"label":"7 People","value":"7 People","selected":false,"tempId":"aco_2562","gt_translate_keys":["label"]},{"label":"8 People","value":"8 People","selected":false,"tempId":"aco_2626","gt_translate_keys":["label"]}],"dropdown_type":"basic","error":false,"placeholder":"Select Amount of People","gt_translate_keys":["label","placeholder"],"price_dependency":false,"cl_dependency":false,"value":""}],[{"active":true,"col":6,"relations":false,"cl_rule":"show","enableCl":false,"price":"","enablePrice":true,"className":"","label_position":"default","desc_position":"default","type":"select","required":false,"elementId":"select_568657f5ea9f4c","label":"\u231b\ufe0f Charter Duration (From 680\u20ac)","name":"select_568657f5ea9f4c","values":[{"label":"3 Hours (From 680\u20ac)","value":"3","selected":false,"tempId":"aco_3241","price":"680","gt_translate_keys":["label"]},{"label":"6 Hours (From 1.300\u20ac)","value":"6","selected":false,"tempId":"aco_2149","price":"1300","gt_translate_keys":["label"]},{"label":"9 Hours (From 1.950\u20ac)","value":"9","selected":false,"tempId":"aco_1724","price":"1950","gt_translate_keys":["label"]}],"dropdown_type":"basic","error":false,"placeholder":"Select Duration Time","priceOptions":"different_for_all","pricingType":"fixed","is_show_price":false,"isWeightTemplate":false,"isTemplate":false,"min_quantity":"1","quantity_decimal":false,"quantity_step":"1","quantity_label":"Quantity","repeater_field_label":"{field_label}","repeater_bind":"","gt_translate_keys":["label","placeholder","repeater_field_label","quantity_label"],"price_dependency":false,"cl_dependency":false,"value":""}],[{"active":true,"col":6,"relations":false,"cl_rule":"show","enableCl":false,"price":"","enablePrice":false,"className":"","label_position":"default","desc_position":"default","type":"separator","required":false,"elementId":"separator_868657f5ea9f56","label":"Separator Field","height":"3","separatorType":"blank","error":false,"gt_translate_keys":["label"],"price_dependency":false,"cl_dependency":false,"value":""}],[{"label":"\ud83d\ude8c Pickup Location (+30\u20ac\/Reservation)","active":true,"required":false,"elementId":"text-8945671315","value":"","description":"Pick-up service in Tenerife South from Los Cristianos to Costa Adeje. Availability depends on advance reservation timing and day, as the VAN has limited seats. If no pickup point is provided, you'll need to arrive at the starting point in Puerto Col\u00f3n on your own. The price is 30\u20ac extra for the entire reservation at arrival. Simply provide your address or hotel name.","name":"text-8945671315","label_position":"default","desc_position":"default","enablePrice":false,"className":"","enableCl":false,"relations":false,"repeater_bind":"","repeater_field_label":"{field_label}","quantity_label":"Quantity","quantity_step":"1","quantity_decimal":false,"min_quantity":"1","subtype":"text","caseType":"default","isTemplate":false,"price":"","isWeightTemplate":false,"cl_rule":"show","col":6,"type":"text","error":false,"gt_translate_keys":["label","description","value","repeater_field_label","quantity_label"],"price_dependency":false,"cl_dependency":false}]]}},"config":{"price_override":"always","enable_recaptcha":false,"bind_quantity":false,"quantity_bind_formula":false,"disp_summ_show_option_price":true,"disp_summ_show_product_price":false,"disp_summ_show_total_price":true,"disp_summ_show_fee":true,"disp_summ_show_discount":true,"summary_title":"","options_total_label":"Options Price","total_label":"Total Amount Now","options_product_label":"Product Price","fee_label":"Fee","discount_label":"Discount","has_price":true,"has_quantity_formula":false},"mc_unit":1,"tax_rate":1,"tax_rate_real":1,"discount":{"percentage":0,"fixed":0},"design":{"conf":{"LabelPosition":"above","DescPosition":"above","UploadField":"custom_1","QuantityFieldStyle":"custom_1"},"css":{"LeftLabelWidth":"120px"}},"formulas":{"fmla_1708364241278155361":"(({field.select_568657f5ea9f4c.value}>=9)?(450):(({field.select_568657f5ea9f4c.value}>=6)?(300):(({field.select_568657f5ea9f4c.value}>=3)?(180):(0))))","fmla_1742826688120818082":"(({field.select_568657f5ea9f4c.value}>=9)?(1500):(({field.select_568657f5ea9f4c.value}>=6)?(1000):(({field.select_568657f5ea9f4c.value}>=3)?(500):(0))))"},"lookuptables":[],"clones":false,"cartKey":false}},"_links":{"self":[{"href":"https:\/\/canaryvip.com\/da\/wp-json\/wp\/v2\/product\/14959","targetHints":{"allow":["GET"]}}],"collection":[{"href":"https:\/\/canaryvip.com\/da\/wp-json\/wp\/v2\/product"}],"about":[{"href":"https:\/\/canaryvip.com\/da\/wp-json\/wp\/v2\/types\/product"}],"replies":[{"embeddable":true,"href":"https:\/\/canaryvip.com\/da\/wp-json\/wp\/v2\/comments?post=14959"}],"wp:featuredmedia":[{"embeddable":true,"href":"https:\/\/canaryvip.com\/da\/wp-json\/wp\/v2\/media\/14960"}],"wp:attachment":[{"href":"https:\/\/canaryvip.com\/da\/wp-json\/wp\/v2\/media?parent=14959"}],"wp:term":[{"taxonomy":"product_brand","embeddable":true,"href":"https:\/\/canaryvip.com\/da\/wp-json\/wp\/v2\/product_brand?post=14959"},{"taxonomy":"product_cat","embeddable":true,"href":"https:\/\/canaryvip.com\/da\/wp-json\/wp\/v2\/product_cat?post=14959"},{"taxonomy":"product_tag","embeddable":true,"href":"https:\/\/canaryvip.com\/da\/wp-json\/wp\/v2\/product_tag?post=14959"}],"curies":[{"name":"wp","href":"https:\/\/api.w.org\/{rel}","templated":true}]}}