{"id":14185,"date":"2025-04-11T10:44:51","date_gmt":"2025-04-11T09:44:51","guid":{"rendered":"https:\/\/canaryvip.com\/?post_type=product&#038;p=14185"},"modified":"2025-08-09T13:53:28","modified_gmt":"2025-08-09T12:53:28","slug":"jetski-circuit-tenerife","status":"publish","type":"product","link":"https:\/\/canaryvip.com\/da\/shop\/jetski-circuit-tenerife\/","title":{"rendered":"JetSki Circuit Tenerife"},"content":{"rendered":"<h2>\ud83d\udea4 20 minutter Jetski Circuit Tenerife<\/h2>\n<p>Leder du efter en hurtig og sp\u00e6ndende aktivitet, der kan g\u00f8re din ferie p\u00e5 Tenerife endnu mere uforglemmelig? Den <strong>Jetski Circuit Tenerife<\/strong> er det perfekte valg, hvis du vil have fart, hav og adrenalin uden at bruge timer p\u00e5 en tur. Det er en 20-minutters oplevelse, der giver dig frihed til at k\u00f8re p\u00e5 jetski i dit eget tempo i sikre og kontrollerede omgivelser lige i havet n\u00e6r Playa Fa\u00f1ab\u00e9.<\/p>\n<h3>\ud83c\udf0a Hvad er Jetski Circuit?<\/h3>\n<p>Dette er ikke en <a href=\"https:\/\/canaryvip.com\/da\/shop\/jetski-tenerife\/\">JetSki guidet tur langs kysten<\/a> eller safari. Jetski-ruten er en afm\u00e6rket sl\u00f8jfe med b\u00f8jer ude p\u00e5 havet t\u00e6t p\u00e5 kysten mellem Puerto Col\u00f3n og Playa Fa\u00f1ab\u00e9. Du k\u00f8rer rundt p\u00e5 denne bane s\u00e5 mange gange, du vil, i l\u00f8bet af din 20-minutters session. Omr\u00e5det er under opsyn af instrukt\u00f8rer, s\u00e5 du kan nyde sp\u00e6ndingen med ro i sindet.<\/p>\n<p>Det er den ideelle m\u00e5de at pr\u00f8ve jetski p\u00e5, hvis du ikke har s\u00e5 meget tid, eller hvis du bare vil have en hurtig omgang sjov. Uanset om du g\u00f8r det alene, med venner eller som par, er det et garanteret energiboost p\u00e5 din stranddag.<\/p>\n<h3>\ud83d\udccd Hvor det sker, og hvordan man kommer derhen<\/h3>\n<p>Aktiviteten finder sted i havet lige ud for <a href=\"https:\/\/maps.app.goo.gl\/n9D5BT5K5VsxNcbH7\" target=\"_blank\" rel=\"noopener\"><strong>Puerto Col\u00f3n,<\/strong><\/a> Det er en af de st\u00f8rste marinaer i Costa Adeje. Du kan nemt komme dertil til fods eller med taxa, men hvis du er p\u00e5 stranden, g\u00f8r vi det endnu nemmere for dig - vi tilbyder en <strong>gratis afhentning af b\u00e5d<\/strong> service fra flere n\u00e6rliggende strande:<\/p>\n<ul>\n<li>\ud83c\udfd6\ufe0f Playa de Troya<\/li>\n<li>\ud83c\udfd6\ufe0f Playa Fa\u00f1ab\u00e9<\/li>\n<li>\ud83c\udfd6\ufe0f Playa Torviscas<\/li>\n<li>\ud83c\udfd6\ufe0f Playa del Duque<\/li>\n<li>\u26f5 Puerto Col\u00f3n selv<\/li>\n<\/ul>\n<p>Bare fort\u00e6l os din foretrukne opsamlingsstrand, n\u00e5r du booker, s\u00e5 kommer et af teammedlemmerne med b\u00e5d og bringer dig til startstedet. Det er hurtigt, nemt og en del af oplevelsen.<\/p>\n<h3>\u2699\ufe0f Hvad er inkluderet<\/h3>\n<p>Alt, hvad du har brug for til en sjov og sikker tur, er inkluderet:<\/p>\n<ul>\n<li>\u2705 20 minutters jetski i en afm\u00e6rket bane p\u00e5 \u00e5bent vand<\/li>\n<li>\u2705 Moderne Yamaha-jetski, nemme at h\u00e5ndtere og meget stabile<\/li>\n<li>\u2705 Redningsvest til alle deltagere.<\/li>\n<li>\u2705 Sikkerhedsbriefing og tilsyn af kvalificerede instrukt\u00f8rer<\/li>\n<\/ul>\n<p>Der er ikke brug for tidligere erfaring. F\u00f8r du g\u00e5r i gang, forklarer vores team, hvordan det hele fungerer, s\u00e5 du f\u00f8ler dig tryg og klar til at nyde oplevelsen fra f\u00f8rste sekund.<\/p>\n<h3>\ud83d\udc65 Hvem kan v\u00e6re med?<\/h3>\n<p>Denne aktivitet er velegnet til n\u00e6sten alle, s\u00e5 l\u00e6nge du er tryg ved at v\u00e6re i vandet. Det er en god mulighed for folk, der er p\u00e5 udkig efter lidt eventyr uden at forpligte sig til en heldagsplan.<\/p>\n<ul>\n<li>\u2714\ufe0f Chauff\u00f8rer skal v\u00e6re mindst 16 \u00e5r gamle med skriftlig tilladelse fra for\u00e6ldrene.<\/li>\n<li>\u2714\ufe0f Yngre deltagere kan komme med som passagerer sammen med en voksen<\/li>\n<li>\ud83d\udeab Ikke egnet til gravide g\u00e6ster.<\/li>\n<\/ul>\n<h3>\ud83d\udccb Godt at vide, f\u00f8r du tager afsted<\/h3>\n<ul>\n<li>\ud83d\udd52 Kom venligst 30 minutter f\u00f8r din bookede tid<\/li>\n<li>\ud83c\udf7d\ufe0f Undg\u00e5 at spise tunge m\u00e5ltider f\u00f8r aktiviteten for at forebygge ubehag<\/li>\n<li>\ud83d\udc59 Medbring badet\u00f8j, h\u00e5ndkl\u00e6de og solcreme.<\/li>\n<li>\ud83d\udc63 Dine sko og personlige ejendele vil blive opbevaret sikkert under turen<\/li>\n<\/ul>\n<h3>\ud83d\udcac Hvorfor v\u00e6lge Jetski Circuit Tenerife?<\/h3>\n<p>Denne oplevelse er hurtig, billig og fuld af sp\u00e6nding. Det er perfekt, hvis du vil have en smagspr\u00f8ve p\u00e5 jetski uden at tilbringe den halve dag p\u00e5 vandet. Banen ligger t\u00e6t p\u00e5 kysten, er let at komme til og er ideel for begyndere eller alle, der bare vil have lidt action p\u00e5 deres ferie.<\/p>\n<p>Du f\u00e5r samme sp\u00e6nding som p\u00e5 en l\u00e6ngere tur, men i en kort og fokuseret session, der passer perfekt ind i dine planer. Uanset om du bor i n\u00e6rheden eller er p\u00e5 bes\u00f8g for en dag, er dette et af de bedste hurtige eventyr i Costa Adeje.<\/p>\n<h3>\u2696\ufe0f Afbestillingsregler<\/h3>\n<p>Vi forst\u00e5r, at planer kan \u00e6ndre sig, is\u00e6r p\u00e5 en ferie. Derfor tilbyder vi en fleksibel afbestillingspolitik for Jetski Circuit:<\/p>\n<ul>\n<li>\u2705 Gratis afbestilling op til 24 timer f\u00f8r din planlagte session.<\/li>\n<li>\u2705 Fuld refusion, hvis aktiviteten aflyses p\u00e5 grund af vejr- eller sikkerhedsforhold.<\/li>\n<li>\u274c Aflysninger, der foretages mindre end 24 timer f\u00f8r aktiviteten, refunderes ikke.<\/li>\n<li>\u274c Udeblivelser refunderes ikke i nogen situation.<\/li>\n<\/ul>\n<p>Hvis du f\u00e5r brug for at aflyse eller flytte, skal du bare kontakte os s\u00e5 hurtigt som muligt, s\u00e5 vi kan hj\u00e6lpe dig. Vi er her for at hj\u00e6lpe dig med at nyde din oplevelse med ro i sindet.<\/p>\n<h3>\ud83c\udf1e Book din jetski-rute nu<\/h3>\n<p>G\u00e5 ikke glip af chancen for at ride p\u00e5 b\u00f8lgerne p\u00e5 et af de smukkeste steder p\u00e5 Tenerife. Uanset om du kommer alene eller i selskab, er <strong>Jetski Circuit Tenerife<\/strong> er den perfekte m\u00e5de at tilf\u00f8je lidt adrenalin og sjov til din tid p\u00e5 \u00f8en.<\/p>\n<p><strong>Reserver din plads i dag<\/strong> og g\u00f8r dig klar til 20 minutters non-stop action i vandet ved Puerto Col\u00f3n.<\/p>","protected":false},"excerpt":{"rendered":"<p><strong>\ud83d\udd0d JetSki Circuit Tenerife:<\/strong><br \/>\n<span>\u2705 Sikker betaling.<\/span><br \/>\n<span>\ud83c\udf1f Uforglemmelig oplevelse.<\/span><br \/>\n<span>\ud83d\ude80 20 minutters kredsl\u00f8b.<\/span><br \/>\n<span>\ud83d\udcc6 Tilg\u00e6ngelig hver dag.<\/span><br \/>\n<span>\ud83d\udd59 Flere tidsrammer.<\/span><br \/>\n<span>\ud83d\udc66 +7 \u00e5r kan deltage.<\/span><br \/>\n<span>\ud83d\udc64 +16 \u00e5r kan k\u00f8re.<\/span><br \/>\n<span>\ud83e\udd11 Garanteret bedste pris.<\/span><br \/>\n<span>\ud83d\udc6a Rabatter aktiveret.<\/span><br \/>\n<span>\ud83d\udd01 Op til 24 timers afbestilling.<\/span><br \/>\n<span>\ud83c\udf1f Book nu og spar!<\/span><span><br \/>\n\ud83d\udea4 Flere afhentningssteder.<br \/>\n\ud83d\udccd Beliggenhed: Puerto Col\u00f3n.<br \/>\n<\/span><\/p>","protected":false},"featured_media":14189,"comment_status":"open","ping_status":"closed","template":"","meta":{"_acf_changed":false},"product_brand":[],"product_cat":[53],"product_tag":[],"class_list":{"0":"post-14185","1":"product","2":"type-product","3":"status-publish","4":"has-post-thumbnail","6":"product_cat-water-sports","7":"wcpa_has_options","9":"first","10":"instock","11":"virtual","12":"purchasable","13":"product-type-simple"},"acf":[],"wcpa_form_fields":{"wcpaData":{"product":{"product_price":60,"price_html":"From&nbsp;<span class=\"woocommerce-Price-amount amount\"><bdi>60,00&nbsp;<span class=\"woocommerce-Price-currencySymbol\">&euro;<\/span><\/bdi><\/span>","original_product_price":60,"price_including_tax":60,"price_excluding_tax":60,"product_id":{"parent":14185,"variation":false},"is_variable":false,"stock_status":"instock","stock_quantity":null,"parent_sku":"CV14185","product_attributes":[],"custom_fields":[],"is_taxable":false,"product_name":"JetSki Circuit Tenerife","hasImage":false},"fields":{"sec_867f8e4dbaf8ed":{"extra":{"key":"sec_867f8e4dbaf8ed","section_id":"sec_867f8e4dbaf8ed","name":"Default","status":1,"cl_rule":"show","enableCl":false,"relations":[],"toggle":true,"title_tag":"h3","show_title":false,"showPrice":"default","form_id":14187,"form_rules":{"exclude_from_discount":true,"fee_label":"Fee","disp_hide_options_price":true,"disp_show_section_price":false,"disp_show_field_price":true,"layout_option":"standard","pric_use_as_fee":false,"process_fee_as":"woo_fee"},"layout_option":"standard"},"fields":[[{"label":"\ud83d\udcc5 Date","active":true,"required":true,"elementId":"date_1067f8e4dbaf91a","picker_type":"custom","picker_mode":"single","placeholder":"","description":"","tooltip":"","name":"date_1067f8e4dbaf91a","label_position":"default","desc_position":"default","enablePrice":false,"className":"","enableCl":false,"relations":[{"operator":"and","rules":[{"operator":"AND","rules":{"cl_field":"radio-group_667e15d3bd15b0","cl_relation":"is","cl_val":"3 Hour Trip"}}]}],"date_pic_inline":true,"date_pic_inline_hide":true,"min_date":{"type":"days","val":"0"},"max_date":{"type":"days","val":"365"},"date_pic_conf":{"disabledWeeks":[]},"price":"","cl_rule":"show","col":6,"type":"date","error":false,"enableDesign":false,"LabelColor":"","gt_translate_keys":["label","placeholder","description","tooltip"],"price_dependency":false,"cl_dependency":false,"value":""}],[{"active":true,"col":6,"relations":false,"cl_rule":"show","enableCl":false,"price":"","enablePrice":false,"className":"","label_position":"default","desc_position":"default","type":"select","required":false,"elementId":"select_067f8e4dbaf935","label":"\ud83d\udccd Departure Point","name":"select_067f8e4dbaf935","values":[{"label":"Puerto Col\u00f3n","value":"Puerto Col\u00f3n","selected":true,"tempId":"aco_841","gt_translate_keys":["label"]},{"label":"Troya Beach","value":"Troya Beach","selected":false,"tempId":"aco_481","gt_translate_keys":["label"]},{"label":"Fa\u00f1ab\u00e9 Beach","value":"Fa\u00f1ab\u00e9 Beach","selected":false,"tempId":"aco_482","gt_translate_keys":["label"]},{"label":"Torviscas Beach","value":"Torviscas Beach","selected":false,"tempId":"aco_515","gt_translate_keys":["label"]},{"label":"El Duque Beach","value":"El Duque Beach","selected":false,"tempId":"aco_678","gt_translate_keys":["label"]}],"dropdown_type":"basic","error":false,"gt_translate_keys":["label"],"price_dependency":false,"cl_dependency":false,"value":""}],[{"active":true,"col":6,"relations":[{"operator":false,"rules":[{"operator":"AND","rules":{"cl_field":"radio-group_667e15d3bd15b0","cl_relation":"is","cl_val":"3 Hour Trip"}}]}],"cl_rule":"show","enableCl":false,"price":"","enablePrice":false,"className":"","label_position":"default","desc_position":"default","type":"select","required":true,"elementId":"select_067f8e4dbaf94d","label":"\u23f0 Departure Time","name":"select_067f8e4dbaf94d","values":[{"label":"11:00","value":"11:00","selected":false,"tempId":"aco_281","gt_translate_keys":["label"]},{"label":"12:00","value":"12:00","selected":false,"tempId":"aco_381","gt_translate_keys":["label"]},{"label":"13:00","value":"13:00","selected":false,"tempId":"aco_1058","gt_translate_keys":["label"]},{"label":"15:00","value":"15:00","selected":false,"tempId":"aco_444","gt_translate_keys":["label"]},{"label":"16:00","value":"16:00","selected":false,"tempId":"aco_454","gt_translate_keys":["label"]}],"dropdown_type":"basic","error":false,"placeholder":"Select Departure Time","priceOptions":"different_for_all","pricingType":"custom","isTemplate":false,"is_show_price":true,"gt_translate_keys":["label","placeholder"],"price_dependency":false,"cl_dependency":false,"value":""}]]},"sec_767f8e4dbaf94e":{"extra":{"key":"sec_767f8e4dbaf94e","section_id":"sec_767f8e4dbaf94e","name":"20 min Circuit Puerto Col\u00f3n","status":1,"cl_rule":"show","enableCl":false,"relations":[{"operator":false,"rules":[{"operator":"AND","rules":{"cl_field":"radio-group_667e15d3bd15b0","cl_relation":"is","cl_val":"1 Hour Trip"}}]}],"toggle":true,"title_tag":"h4","show_title":false,"showPrice":"default","form_id":14187,"form_rules":{"exclude_from_discount":true,"fee_label":"Fee","disp_hide_options_price":true,"disp_show_section_price":false,"disp_show_field_price":true,"layout_option":"standard","pric_use_as_fee":false,"process_fee_as":"woo_fee"},"layout_option":"standard"},"fields":[[{"contentType":"rich","active":true,"label":"","elementId":"content_667f8e4dbaf968","value":"<p>\ud83c\udf9f\ufe0f <strong>Reservation<\/strong>: Pay only a deposit now to reserve; the rest is due on the day of the activity upon arrival.<\/p>","inline":true,"name":"content_667f8e4dbaf968","enablePrice":false,"className":"","subtype":"div","enableCl":false,"relations":false,"price":"","cl_rule":"show","col":6,"type":"content","error":false,"show_in_checkout":true,"enableDesign":true,"LabelSize":"14px","DescSize":"14px","gt_translate_keys":["label","value"],"price_dependency":false,"cl_dependency":false}],[{"active":true,"col":6,"relations":false,"cl_rule":"show","enableCl":false,"price":"","enablePrice":false,"className":"","label_position":"default","desc_position":"default","type":"content","required":false,"elementId":"content_567f8e4dbaf980","label":"Number of Jet Skis","name":"content_567f8e4dbaf980","contentType":"plain","value":"","error":false,"show_in_checkout":true,"inline":false,"gt_translate_keys":["label","value"],"price_dependency":false,"cl_dependency":false}],[{"active":true,"col":6,"relations":[{"operator":false,"rules":[{"operator":"AND","rules":{"cl_field":"","cl_relation":"","cl_val":""}}]}],"cl_rule":"show","enableCl":false,"price":"60","enablePrice":true,"className":"","label_position":"default","desc_position":"default","type":"radio-group","required":false,"elementId":"radio-group_667f8e4dbaf99e","label":"","name":"radio-group_667f8e4dbaf99e","values":[{"label":"\ud83d\udc64 Single JetSki (60\u20ac)","value":"Single JetSki","selected":true,"tempId":"aco_32","tooltip":"1 Person on the JetSki.","description":"","gt_translate_keys":["label","tooltip","description"]}],"layOut":"","error":false,"checkUi":"button","priceOptions":"fixed_for_all","pricingType":"fixed","enable_quantity":true,"quantity_label":"","min_quantity":"0","options_tooltip":true,"options_description":true,"is_show_price":true,"gt_translate_keys":["label","quantity_label"],"price_dependency":["content_467f8e4dbaf9f8","content_067f8e4dbafa11","content_467f8e4dbafa29"],"cl_dependency":false,"value":""}],[{"label":"","active":true,"required":false,"elementId":"radio-group_367f8e4dbaf9bb","name":"radio-group_367f8e4dbaf9bb","label_position":"default","desc_position":"default","enablePrice":true,"className":"","enableCl":false,"relations":false,"enable_quantity":true,"quantity_label":"","min_quantity":"0","checkUi":"button","layOut":"","values":[{"label":"\ud83d\udc65 Double JetSki (70\u20ac)","value":"Double JetSki","selected":true,"tempId":"aco_32","tooltip":"2 People on the same JetSki.","description":"","gt_translate_keys":["label","tooltip","description"]}],"priceOptions":"fixed_for_all","pricingType":"fixed","price":"70","cl_rule":"show","col":6,"type":"radio-group","error":false,"options_tooltip":true,"options_description":true,"is_show_price":true,"quantity_decimal":false,"quantity_step":"1","gt_translate_keys":["label","quantity_label"],"price_dependency":["content_467f8e4dbaf9f8","content_067f8e4dbafa11","content_467f8e4dbafa29"],"cl_dependency":false,"value":""}],[{"elementId":"separator_367f8e4dbaf9d6","separatorType":"fill","separatorColor":"#66a6b6","className":"","height":"3","enableCl":false,"relations":false,"cl_rule":"show","col":6,"type":"separator","gt_translate_keys":[],"price_dependency":false,"cl_dependency":false,"value":""}],[{"active":true,"col":6,"relations":false,"cl_rule":"show","enableCl":false,"price":"({field.radio-group_667f8e4dbaf99e.price}*0.30) + ({field.radio-group_367f8e4dbaf9bb.price}*0.30)","enablePrice":true,"className":"","label_position":"default","desc_position":"default","type":"content","required":false,"elementId":"content_467f8e4dbaf9f8","label":"Deposit Now","name":"content_467f8e4dbaf9f8","contentType":"plain","value":"","error":false,"pricingType":"custom","isTemplate":false,"is_show_price":false,"enableDesign":true,"scrollBar":false,"use_as_fee":false,"fee_label":"","inline":true,"show_in_checkout":true,"subtype":"div","LabelSize":"14px","LabelColor":"","gt_translate_keys":["label","value"],"price_dependency":false,"cl_dependency":false}],[{"contentType":"plain","active":true,"label":"Payment at Arrival","elementId":"content_067f8e4dbafa11","value":"","inline":true,"show_in_checkout":true,"name":"content_067f8e4dbafa11","enablePrice":true,"className":"","fee_label":"","subtype":"div","enableCl":false,"relations":[{"operator":false,"rules":[{"operator":"AND","rules":{"cl_field":"content_467f8e4dbaf9f8","cl_relation":"is_not_empty","cl_val":""}}]}],"scrollBar":false,"enableDesign":true,"pricingType":"custom","isTemplate":false,"price":"({field.radio-group_667f8e4dbaf99e.price}*0.70) + ({field.radio-group_367f8e4dbaf9bb.price}*0.70)","use_as_fee":false,"is_show_price":true,"cl_rule":"disable","col":6,"type":"content","error":false,"LabelSize":"14px","LabelColor":"","gt_translate_keys":["label","value"],"price_dependency":false,"cl_dependency":false}],[{"contentType":"plain","active":true,"label":"Total Amount","elementId":"content_467f8e4dbafa29","value":"","inline":true,"show_in_checkout":true,"name":"content_467f8e4dbafa29","enablePrice":true,"className":"","fee_label":"","subtype":"div","enableCl":false,"relations":[{"operator":false,"rules":[{"operator":"AND","rules":{"cl_field":"content_467f8e4dbaf9f8","cl_relation":"is_not_empty","cl_val":""}}]}],"scrollBar":false,"enableDesign":true,"LabelColor":"","LabelSize":"14px","pricingType":"custom","isTemplate":false,"price":"({field.radio-group_667f8e4dbaf99e.price}) + ({field.radio-group_367f8e4dbaf9bb.price})","use_as_fee":false,"is_show_price":true,"cl_rule":"disable","col":6,"type":"content","error":false,"gt_translate_keys":["label","value"],"price_dependency":false,"cl_dependency":false}]]},"sec_367f8e4dbafa2b":{"extra":{"key":"sec_367f8e4dbafa2b","section_id":"sec_367f8e4dbafa2b","name":"Pickup Location","status":1,"cl_rule":"show","enableCl":true,"relations":[{"operator":false,"rules":[{"operator":"AND","rules":{"cl_field":"radio-group_667e15d3bd15b0","cl_relation":"is_not","cl_val":"2.5 Hour Trip"}}]}],"toggle":true,"title_tag":"h4","show_title":false,"showPrice":"default","form_id":14187,"form_rules":{"exclude_from_discount":true,"fee_label":"Fee","disp_hide_options_price":true,"disp_show_section_price":false,"disp_show_field_price":true,"layout_option":"standard","pric_use_as_fee":false,"process_fee_as":"woo_fee"},"layout_option":"standard"},"fields":[[{"active":true,"col":6,"relations":false,"cl_rule":"show","enableCl":false,"price":"","enablePrice":false,"className":"","label_position":"default","desc_position":"default","type":"separator","required":false,"elementId":"separator_367f8e4dbafa53","label":"Separator Field","height":"1","separatorType":"blank","error":false,"gt_translate_keys":["label"],"price_dependency":false,"cl_dependency":false,"value":""}],[{"active":true,"col":6,"relations":[{"operator":false,"rules":[{"operator":false,"rules":{"cl_field":"radio-group_667e15d3bd15b0","cl_relation":"is_not","cl_val":"4.5 Hour Trip from North Tenerife"}}]}],"cl_rule":"show","enableCl":false,"price":"","enablePrice":false,"className":"","label_position":"default","desc_position":"default","type":"text","subtype":"text","required":false,"elementId":"text_867f8e4dbafa67","label":"\ud83d\ude8c Pickup Location","name":"text_867f8e4dbafa67","value":"","error":false,"description":"Pick-up service in some locations. Simply provide your address or hotel name. (+2\u20ac\/person paid at pickup to the driver)","repeater":false,"repeater_field_label":"{field_label}","repeater_bind":"","gt_translate_keys":["label","description","value","repeater_field_label"],"price_dependency":false,"cl_dependency":false}]]}},"config":{"price_override":"always","enable_recaptcha":false,"bind_quantity":false,"quantity_bind_formula":false,"disp_summ_show_option_price":true,"disp_summ_show_product_price":false,"disp_summ_show_total_price":false,"disp_summ_show_fee":true,"disp_summ_show_discount":true,"summary_title":"","options_total_label":"Options Price","total_label":"Deposit Amount","options_product_label":"Product Price","fee_label":"Fee","discount_label":"Discount","has_price":true,"has_quantity_formula":false},"mc_unit":1,"tax_rate":1,"tax_rate_real":1,"discount":{"percentage":0,"fixed":0},"design":{"conf":{"LabelPosition":"above","DescPosition":"above","UploadField":"custom_1","QuantityFieldStyle":"custom_1"},"css":{"LeftLabelWidth":"120px"}},"formulas":[],"lookuptables":[],"clones":false,"cartKey":false}},"_links":{"self":[{"href":"https:\/\/canaryvip.com\/da\/wp-json\/wp\/v2\/product\/14185","targetHints":{"allow":["GET"]}}],"collection":[{"href":"https:\/\/canaryvip.com\/da\/wp-json\/wp\/v2\/product"}],"about":[{"href":"https:\/\/canaryvip.com\/da\/wp-json\/wp\/v2\/types\/product"}],"replies":[{"embeddable":true,"href":"https:\/\/canaryvip.com\/da\/wp-json\/wp\/v2\/comments?post=14185"}],"wp:featuredmedia":[{"embeddable":true,"href":"https:\/\/canaryvip.com\/da\/wp-json\/wp\/v2\/media\/14189"}],"wp:attachment":[{"href":"https:\/\/canaryvip.com\/da\/wp-json\/wp\/v2\/media?parent=14185"}],"wp:term":[{"taxonomy":"product_brand","embeddable":true,"href":"https:\/\/canaryvip.com\/da\/wp-json\/wp\/v2\/product_brand?post=14185"},{"taxonomy":"product_cat","embeddable":true,"href":"https:\/\/canaryvip.com\/da\/wp-json\/wp\/v2\/product_cat?post=14185"},{"taxonomy":"product_tag","embeddable":true,"href":"https:\/\/canaryvip.com\/da\/wp-json\/wp\/v2\/product_tag?post=14185"}],"curies":[{"name":"wp","href":"https:\/\/api.w.org\/{rel}","templated":true}]}}