{"id":14103,"date":"2025-03-29T16:05:57","date_gmt":"2025-03-29T16:05:57","guid":{"rendered":"https:\/\/canaryvip.com\/?post_type=product&#038;p=14103"},"modified":"2025-08-09T14:09:03","modified_gmt":"2025-08-09T13:09:03","slug":"paladio-luxury-yacht-tenerife","status":"publish","type":"product","link":"https:\/\/canaryvip.com\/da\/shop\/paladio-luxury-yacht-tenerife\/","title":{"rendered":"Paladio luksusyacht Tenerife"},"content":{"rendered":"<h2><strong>\ud83d\udee5\ufe0f Oplev luksus p\u00e5 Paladio Yacht p\u00e5 Tenerife<\/strong><\/h2>\n<p>Hvis du \u00f8nsker at <strong>Lej en luksusyacht p\u00e5 Tenerife,<\/strong>\u00a0Paladio er en af de mest eksklusive muligheder, der findes. Denne fantastiske 24,5 meter lange Superphantom Italversil 80 er designet til at tilbyde komfort, plads og totalt privatliv til s\u00f8s med plads til op til 12 g\u00e6ster.<\/p>\n<p>Yachten er tilg\u00e6ngelig for charter fra <strong>December til maj,<\/strong>\u00a0og tager af sted fra den prestigefyldte <a href=\"https:\/\/www.google.com\/maps\/place\/Puerto+Col%C3%B3n\/@28.078002,-16.7394902,17z\/data=!3m2!4b1!5s0xc6a97433884bdf9:0x76d293b7b99db23a!4m6!3m5!1s0xc6a9743509c9ebf:0xd62345524f768247!8m2!3d28.078002!4d-16.7369153!16s%2Fg%2F11c6cqryw_?entry=tts&amp;g_ep=EgoyMDI0MDUwNS4wKgBIAVAD\" target=\"_blank\" rel=\"noopener\">Puerto Col\u00f3n<\/a> i Costa Adeje.<\/p>\n<p>Uanset om du skal fejre noget s\u00e6rligt eller bare vil slappe af med stil, s\u00e5 giver Paladio-yachten dig en uforglemmelig maritim oplevelse.<\/p>\n<h3>\u2b50\ufe0f <strong>Hvorfor v\u00e6lge Paladio Yacht p\u00e5 Tenerife?<\/strong><\/h3>\n<p><strong>\u2705 Privat og skr\u00e6ddersyet oplevelse:<\/strong> Uanset om du planl\u00e6gger en romantisk udflugt, en familiedag eller en fest med vennerne, giver Paladio dig fuldt privatliv og fleksibilitet til at forme dagen p\u00e5 din m\u00e5de.<\/p>\n<p><strong>\u2705 Nyligt renoveret:<\/strong> Efter en komplet ombygning i 2022 har denne yacht moderne finish, rummeligt interi\u00f8r og opgraderet komfort overalt.<\/p>\n<p><strong>\u2705 Masser af plads til at slappe af:<\/strong> Nyd solbadningsomr\u00e5der foran, chill-out-zoner i skyggen og panoramaudsigt fra flybridge.<\/p>\n<h3>\ud83c\udf0a <strong>Aktiviteter og sjov om bord<\/strong><\/h3>\n<p>Din dag om bord p\u00e5 Paladio handler ikke kun om at sejle - det handler om at f\u00e5 mest muligt ud af havet.<\/p>\n<ul>\n<li><strong>\ud83e\udd3f Snorkeludstyr:<\/strong> Udforsk det livlige undervandsliv i fredelige bugter med snorkeludstyr af h\u00f8j kvalitet.<\/li>\n<li><strong>\ud83e\uddf8 Sjovt vandleget\u00f8j:<\/strong> Der er et udvalg af hoppeborge og leget\u00f8j om bord, s\u00e5 alle aldre kan have det sjovt.<\/li>\n<li><strong>\ud83c\udfb6 Bluetooth-musiksystem:<\/strong> Tilslut din telefon og afspil dine yndlingsnumre for at skabe den perfekte stemning ombord.<\/li>\n<li><strong>\ud83c\udf7d\ufe0f L\u00e6kker mad inkluderet:<\/strong> Nyd en frisklavet paella med fisk og skaldyr eller kylling samt et udvalg af velsmagende snacks. Menuopgraderinger er tilg\u00e6ngelige efter anmodning.<\/li>\n<li><strong>\ud83c\udf7e Ubegr\u00e6nset antal drinks:<\/strong> Vand, l\u00e6skedrikke, \u00f8l, vin og cava er inkluderet p\u00e5 hele turen.<\/li>\n<\/ul>\n<h4>\ud83d\udea4 <strong>Chartermuligheder - fra 3 timer til 24 timer<\/strong><\/h4>\n<p>Paladio tilbyder fleksible chartertider, der passer til dine planer, uanset om du har kort tid eller vil have en heldagsoplevelse. V\u00e6lg mellem:<\/p>\n<ul>\n<li><strong>3-timers charter:<\/strong> En hurtig, men luksuri\u00f8s flugt - perfekt til par eller sm\u00e5 grupper, der vil have en smagspr\u00f8ve p\u00e5 yachtlivet uden at tilbringe hele dagen til s\u00f8s.<\/li>\n<li><strong>4-timers charter:<\/strong> En af de mest popul\u00e6re muligheder. Sv\u00f8m, slap af, nyd maden og tilbring kvalitetstid om bord uden at have travlt.<\/li>\n<li><strong>7-timers charter:<\/strong> En heldagsoplevelse, hvor du kan udforske Tenerifes sydkyst, snorkle i rolige bugter og virkelig koble af med alle faciliteter inkluderet.<\/li>\n<li><strong>24-timers charter:<\/strong> Vil du sove om bord og nyde en hel dag og nat til s\u00f8s? Denne mulighed er perfekt til uforglemmelige begivenheder, private fester eller bare en helt unik flugt.<\/li>\n<\/ul>\n<p>For dem, der s\u00f8ger efter <strong>B\u00e5dudlejning p\u00e5 Tenerife<\/strong> med et f\u00f8rsteklasses touch er Paladio et f\u00f8rsteklasses valg.<\/p>\n<h3>\ud83c\udf81 <strong>Premium-faciliteter inkluderet<\/strong><\/h3>\n<p>Alt om bord er designet til maksimal komfort og nydelse:<\/p>\n<ul>\n<li>Fuldt renoveret luksusinteri\u00f8r med rummelige opholdsomr\u00e5der.<\/li>\n<li>Store solbadningszoner og skyggefulde loungepladser.<\/li>\n<li>Bluetooth-lydsystem til at afspille din egen musik under rejsen.<\/li>\n<li>Sjovt vandleget\u00f8j og snorkeludstyr stilles til r\u00e5dighed.<\/li>\n<li>Professionel og flersproget bes\u00e6tning, der tager sig af dig.<\/li>\n<li>Valgfri VIP-service til f\u00f8dselsdage, frierier, forretningsarrangementer og meget mere.<\/li>\n<\/ul>\n<h3>\ud83d\udccd <strong>Afgangssted: Puerto Col\u00f3n, Costa Adeje<\/strong><\/h3>\n<p>Dit luksusyachteventyr starter i Puerto Col\u00f3n, en af de mest bekvemme og velforsynede marinaer i det sydlige Tenerife. Gode parkeringsmuligheder og nem check-in g\u00f8r det til en god start p\u00e5 dagen.<\/p>\n<h4>\ud83d\udcdc <strong>Booking- og afbestillingspolitik<\/strong><\/h4>\n<p>Vi arbejder t\u00e6t sammen med Paladio for at sikre, at din booking er sikker, overskuelig og fleksibel:<\/p>\n<ul>\n<li><strong>Vejrgaranti:<\/strong> Hvis vejrforholdene ikke er egnede til sejlads, vil du blive tilbudt en ny dato eller fuld refusion.<\/li>\n<li><strong>Gratis afbestilling op til 6 dage:<\/strong> Du kan afbestille eller ombooke gratis op til 6 dage f\u00f8r afrejse.<\/li>\n<li><strong>Delvis tilbagebetaling:<\/strong> Hvis du afbestiller mellem 72 og 48 timer f\u00f8r, f\u00e5r du 20% refunderet. Mindre end 48 timers varsel betyder ingen refusion.<\/li>\n<li><strong>Ingen tilbagebetaling ved tidlig returnering:<\/strong> Hvis du bliver s\u00f8syg eller beslutter dig for at vende tilbage f\u00f8r tid, g\u00e6lder der ingen tilbagebetaling. Bes\u00e6tningen vil g\u00f8re deres bedste for at hj\u00e6lpe dig.<\/li>\n<li><strong>Vigtig meddelelse:<\/strong> Alle aktiviteter om bord og p\u00e5 vandet sker p\u00e5 eget ansvar. Hverken CanaryVIP eller operat\u00f8ren kan holdes ansvarlig for eventuelle personlige h\u00e6ndelser eller tab.<\/li>\n<\/ul>\n<h3>\ud83d\udd52 <strong>Leder du efter noget ekstra?<\/strong><\/h3>\n<p>Vi kan hj\u00e6lpe dig med at planl\u00e6gge en s\u00e6rlig begivenhed om bord. Uanset om du er p\u00e5 udkig efter en romantisk middag ved solnedgang, en overnatning eller en privat fest til s\u00f8s, s\u00e5 lad os det vide, og vi vil hj\u00e6lpe dig med at f\u00e5 det til at ske.<\/p>\n<h3>\ud83d\udc68\u200d\u2708\ufe0f <strong>F\u00f8r du g\u00e5r om bord: Hvad du skal tage med<\/strong><\/h3>\n<p>For at f\u00e5 mest muligt ud af din oplevelse anbefaler vi, at du medbringer:<\/p>\n<ul>\n<li>Din CanaryVIP-bekr\u00e6ftelsesmail (p\u00e5 din telefon eller udskrevet).<\/li>\n<li>Badet\u00f8j, h\u00e5ndkl\u00e6de og solbeskyttelse.<\/li>\n<li>Et let m\u00e5ltid p\u00e5 forh\u00e5nd for at undg\u00e5 s\u00f8syge.<\/li>\n<li>Fort\u00e6l os p\u00e5 forh\u00e5nd, hvis du har s\u00e6rlige \u00f8nsker til mad eller service.<\/li>\n<\/ul>\n<p><strong>Er du klar til at s\u00e6tte sejl p\u00e5 en af de smukkeste yachter p\u00e5 De Kanariske \u00d8er?<\/strong><\/p>\n<p>Book nu med CanaryVIP og nyd den ultimative <a href=\"https:\/\/canaryvip.com\/da\/tenerife\/boat-hire-tenerife\/\">luksus yacht charter i Tenerife.<\/a><\/p>","protected":false},"excerpt":{"rendered":"<p>\ud83d\udd0d\u00a0<strong>Paladio detaljer:<\/strong><br \/>\n\u2705 Sikker betaling.<br \/>\n\ud83d\udd10 Private ture.<br \/>\n\ud83d\udee5\ufe0f 24,5 meter Yacht.<br \/>\n\u23f3 Daglige ture p\u00e5 3-24 timer.<br \/>\n\ud83d\udd59 Afgangstider, der kan tilpasses.<br \/>\n\ud83c\udf74 M\u00e5ltider og drikkevarer inkluderet.<br \/>\n\ud83d\udc65 Op til 12 g\u00e6ster.<br \/>\n\u26f7\ufe0f Vandski medf\u00f8lger.<br \/>\n\ud83c\udfc4\ud83c\udffc\u200d\u2642\ufe0f Wakeboard inkluderet.<br \/>\n\ud83c\udfc4\u200d\u2640\ufe0f Paddle Boards inkluderet.<br \/>\n\ud83e\udd29 Sjove hoppeborge.<br \/>\n\ud83e\udd3f Snorkeludstyr.<br \/>\n\ud83d\udd0a Spil din musik.<br \/>\n\ud83e\udd11 Garanteret bedste pris.<br \/>\n\ud83d\udc6a Rabatter aktiveret.<br \/>\n\ud83d\udd01 Op til 4 dages afbestilling.<br \/>\n\ud83c\udf0d Flersproget bes\u00e6tning.<br \/>\n\ud83c\udf1f Book tidligt og spar!<br \/>\n\ud83d\udccd Afgang fra\u00a0<a href=\"https:\/\/www.google.com\/maps\/place\/Puerto+Col%C3%B3n\/@28.078002,-16.7394902,17z\/data=!3m2!4b1!5s0xc6a97433884bdf9:0x76d293b7b99db23a!4m6!3m5!1s0xc6a9743509c9ebf:0xd62345524f768247!8m2!3d28.078002!4d-16.7369153!16s%2Fg%2F11c6cqryw_?entry=tts&amp;g_ep=EgoyMDI0MDUwNS4wKgBIAVAD\">Puerto Col\u00f3n<\/a>.<\/p>","protected":false},"featured_media":14106,"comment_status":"open","ping_status":"closed","template":"","meta":{"_acf_changed":false},"product_brand":[],"product_cat":[47],"product_tag":[],"class_list":{"0":"post-14103","1":"product","2":"type-product","3":"status-publish","4":"has-post-thumbnail","6":"product_cat-boat-hire-tenerife","7":"wcpa_has_options","9":"first","10":"instock","11":"virtual","12":"purchasable","13":"product-type-simple"},"acf":[],"wcpa_form_fields":{"wcpaData":{"product":{"product_price":2200,"price_html":"From&nbsp;<span class=\"woocommerce-Price-amount amount\"><bdi>2.200,00&nbsp;<span class=\"woocommerce-Price-currencySymbol\">&euro;<\/span><\/bdi><\/span>","original_product_price":2200,"price_including_tax":2200,"price_excluding_tax":2200,"product_id":{"parent":14103,"variation":false},"is_variable":false,"stock_status":"instock","stock_quantity":null,"parent_sku":"CV14103","product_attributes":[],"custom_fields":[],"is_taxable":false,"product_name":"Paladio Luxury Yacht Tenerife","hasImage":false},"fields":{"sec_567e82027e6f14":{"extra":{"key":"sec_567e82027e6f14","section_id":"sec_567e82027e6f14","name":"Default","status":1,"cl_rule":"show","enableCl":false,"relations":[],"toggle":true,"title_tag":"h3","show_title":false,"showPrice":"default","form_id":14104,"form_rules":{"exclude_from_discount":true,"fee_label":"Fee","disp_hide_options_price":true,"disp_show_section_price":false,"disp_show_field_price":true,"layout_option":"standard","pric_use_as_fee":false,"process_fee_as":"woo_fee"},"layout_option":"standard"},"fields":[[{"active":true,"col":6,"relations":false,"cl_rule":"show","enableCl":false,"price":"","enablePrice":false,"className":"","label_position":"default","desc_position":"default","type":"content","required":false,"elementId":"content_4435686418","label":"","name":"content_4435686418","contentType":"rich","value":"<p>Available from December till May<\/p>","error":false,"enableDesign":true,"DescColor":"#2400ff","isTemplate":false,"gt_translate_keys":["label","value"],"price_dependency":false,"cl_dependency":false}],[{"label":"\ud83d\udcc5 Date","active":true,"required":true,"elementId":"date_567e82027e6f47","picker_type":"custom","picker_mode":"single","placeholder":"","description":"","tooltip":"","name":"date_567e82027e6f47","label_position":"default","desc_position":"default","enablePrice":false,"className":"","enableCl":false,"relations":[{"operator":"and","rules":[{"operator":"AND","rules":{"cl_field":"radio-group_565c78ffa81208","cl_relation":"is","cl_val":"3 Hour Trip"}}]}],"date_pic_inline":true,"date_pic_inline_hide":true,"min_date":{"type":"days","val":"2"},"max_date":"","date_pic_conf":{"disabledWeeks":[],"enabledDates":["2025-12-15 to 2026-04-30"],"disabledDates":[]},"price":"","cl_rule":"show","col":6,"type":"date","error":false,"enableDesign":false,"LabelColor":"","isWeightTemplate":false,"isTemplate":false,"min_quantity":"1","quantity_decimal":false,"quantity_step":"1","quantity_label":"Quantity","repeater_field_label":"{field_label}","repeater_bind":"","gt_translate_keys":["label","placeholder","description","tooltip","repeater_field_label","quantity_label"],"price_dependency":false,"cl_dependency":false,"value":""}],[{"contentType":"rich","active":true,"label":"","elementId":"content_667e82027e6f64","value":"<p>\ud83c\udf9f\ufe0f <strong>Reservation<\/strong>: Pay only a deposit now to reserve; the rest is due on the day of the activity upon arrival.<\/p>","inline":false,"name":"content_667e82027e6f64","enablePrice":false,"className":"","subtype":"p","enableCl":true,"relations":[{"operator":false,"rules":[{"operator":"AND","rules":{"cl_field":"select_267e82027e6f95","cl_relation":"is","cl_val":"24H"}}]}],"price":"","cl_rule":"hide","col":6,"type":"content","error":false,"pricingType":"custom","isTemplate":false,"is_show_price":true,"show_in_checkout":true,"gt_translate_keys":["label","value"],"price_dependency":false,"cl_dependency":false}],[{"elementId":"separator_767e82027e6f7e","separatorType":"blank","className":"","height":"3","enableCl":false,"relations":false,"cl_rule":"show","col":6,"type":"separator","error":false,"gt_translate_keys":[],"price_dependency":false,"cl_dependency":false,"value":""}],[{"active":true,"col":6,"relations":false,"cl_rule":"show","enableCl":false,"price":"","enablePrice":false,"className":"","label_position":"default","desc_position":"default","type":"select","required":true,"elementId":"select_267e82027e6f95","label":"\u23f3 Trip Duration","name":"select_267e82027e6f95","values":[{"label":"3 Hours (1.900\u20ac)","value":"1900","selected":false,"tempId":"aco_556","price":"930","gt_translate_keys":["label"]},{"label":"4 Hours (2.200\u20ac)","value":"2200","selected":false,"tempId":"aco_640","price":"1150","gt_translate_keys":["label"]},{"label":"7 Hours (3.200\u20ac)","value":"3200","selected":false,"tempId":"aco_660","price":"1550","gt_translate_keys":["label"]},{"label":"24 Hours (Custom Request)","value":"24H","selected":false,"tempId":"aco_19","price":"1850","gt_translate_keys":["label"]}],"dropdown_type":"basic","error":false,"placeholder":"Select Trip Duration","priceOptions":"different_for_all","pricingType":"fixed","is_show_price":true,"isWeightTemplate":false,"isTemplate":false,"min_quantity":"1","quantity_decimal":false,"quantity_step":"1","quantity_label":"Quantity","repeater_field_label":"{field_label}","repeater_bind":"","gt_translate_keys":["label","placeholder","repeater_field_label","quantity_label"],"price_dependency":["content_967e82027e6fd8","content_567e82027e6fed"],"cl_dependency":["content_667e82027e6f64","content_967e82027e6fd8","content_567e82027e6fed","content_267e82027e7004","content_0692532320"],"value":""}],[{"active":true,"col":6,"relations":[{"operator":false,"rules":[{"operator":"AND","rules":{"cl_field":"select_267e82027e6f95","cl_relation":"is","cl_val":"24H"}}]}],"cl_rule":"hide","enableCl":true,"price":"({field.select_267e82027e6f95.value})*0.20","enablePrice":true,"className":"","label_position":"default","desc_position":"default","type":"content","required":false,"elementId":"content_967e82027e6fd8","label":"Deposit Payment","name":"content_967e82027e6fd8","contentType":"plain","value":"","error":false,"pricingType":"custom","isTemplate":false,"is_show_price":false,"enableDesign":true,"scrollBar":false,"use_as_fee":false,"fee_label":"Payment Now","inline":true,"show_in_checkout":true,"subtype":"div","formulaId":"fmla_1708364241278155361","LabelSize":"14px","gt_translate_keys":["label","value"],"price_dependency":["content_267e82027e7004"],"cl_dependency":false}],[{"contentType":"plain","active":true,"label":"Payment at Arrival","elementId":"content_567e82027e6fed","value":"","inline":true,"show_in_checkout":true,"name":"content_567e82027e6fed","enablePrice":true,"className":"","fee_label":"Payment at Arrival","subtype":"div","enableCl":true,"relations":[{"operator":false,"rules":[{"operator":"AND","rules":{"cl_field":"select_267e82027e6f95","cl_relation":"is","cl_val":"24H"}}]}],"scrollBar":false,"enableDesign":true,"pricingType":"custom","isTemplate":false,"price":"({field.select_267e82027e6f95.value})*0.80","use_as_fee":false,"is_show_price":true,"cl_rule":"hide","col":6,"type":"content","error":false,"formulaId":"fmla_1708360988969136756","LabelSize":"14px","gt_translate_keys":["label","value"],"price_dependency":["content_267e82027e7004"],"cl_dependency":false}],[{"contentType":"plain","active":true,"label":"Total Price","elementId":"content_267e82027e7004","value":"","inline":true,"show_in_checkout":true,"name":"content_267e82027e7004","enablePrice":true,"className":"","fee_label":"Payment at Arrival","subtype":"div","enableCl":true,"relations":[{"operator":false,"rules":[{"operator":"AND","rules":{"cl_field":"select_267e82027e6f95","cl_relation":"is","cl_val":"24H"}}]}],"scrollBar":false,"enableDesign":true,"LabelSize":"14px","pricingType":"custom","isTemplate":false,"price":"({field.content_967e82027e6fd8.price}) + ({field.content_567e82027e6fed.price})","formulaId":"fmla_1708360988969136756","use_as_fee":false,"is_show_price":true,"cl_rule":"hide","col":6,"type":"content","error":false,"gt_translate_keys":["label","value"],"price_dependency":false,"cl_dependency":false}],[{"active":true,"col":6,"relations":[{"operator":false,"rules":[{"operator":"AND","rules":{"cl_field":"select_267e82027e6f95","cl_relation":"is","cl_val":"24H"}}]}],"cl_rule":"show","enableCl":true,"price":"","enablePrice":false,"className":"","label_position":"default","desc_position":"default","type":"content","required":false,"elementId":"content_0692532320","label":"","name":"content_0692532320","contentType":"rich","value":"<p>This is a custom request booking. We\u2019ll contact you shortly via WhatsApp to discuss your interest in booking this boat for 24 hours. Please note this is not a confirmation, only a request.<\/p>","isTemplate":false,"error":false,"scrollBar":false,"enableDesign":true,"DescColor":"#e57900","LabelSize":"14px","gt_translate_keys":["label","value"],"price_dependency":false,"cl_dependency":false}],[{"elementId":"separator_1067e82027e701b","separatorType":"blank","className":"","height":"1","enableCl":false,"relations":false,"cl_rule":"show","col":6,"type":"separator","error":false,"gt_translate_keys":[],"price_dependency":false,"cl_dependency":false,"value":""}],[{"label":"\u2705 Number of People","active":true,"required":true,"elementId":"select_1067e82027e6fab","dropdown_type":"basic","placeholder":"Select Number of People","name":"select_1067e82027e6fab","label_position":"default","desc_position":"default","enablePrice":false,"className":"","enableCl":false,"relations":[{"operator":false,"rules":[{"operator":"AND","rules":{"cl_field":"radio-group_565c78ffa81208","cl_relation":"is","cl_val":"3 Hour Trip"}}]}],"values":[{"label":"1 person","value":"1","selected":false,"tempId":"aco_1471","price":"0","gt_translate_keys":["label"]},{"label":"2 people","value":"2","selected":false,"tempId":"aco_1472","price":"0","gt_translate_keys":["label"]},{"label":"3 people","value":"3","selected":false,"tempId":"aco_1500","price":"0","gt_translate_keys":["label"]},{"label":"4 people","value":"4","selected":false,"tempId":"aco_1510","price":"0","gt_translate_keys":["label"]},{"label":"5 people","value":"5","selected":false,"tempId":"aco_1520","price":"0","gt_translate_keys":["label"]},{"label":"6 people","value":"6","selected":false,"tempId":"aco_1728","price":"0","gt_translate_keys":["label"]},{"label":"7 people","value":"7","selected":false,"tempId":"aco_1738","price":"20","gt_translate_keys":["label"]},{"label":"8 people","value":"8","selected":false,"tempId":"aco_1748","price":"40","gt_translate_keys":["label"]},{"label":"9 people","value":"9","selected":false,"tempId":"aco_1912","price":"60","gt_translate_keys":["label"]},{"label":"10 people","value":"10","selected":false,"tempId":"aco_1922","price":"80","gt_translate_keys":["label"]},{"label":"11 people","value":"11","selected":false,"tempId":"aco_705","price":"100","gt_translate_keys":["label"]},{"label":"12 People","value":"12","selected":false,"tempId":"aco_85","gt_translate_keys":["label"]}],"price":"","cl_rule":"show","col":6,"type":"select","error":false,"priceOptions":"different_for_all","pricingType":"fixed","is_show_price":true,"gt_translate_keys":["label","placeholder"],"price_dependency":false,"cl_dependency":false,"value":""}],[{"active":true,"col":6,"relations":[{"operator":false,"rules":[{"operator":"AND","rules":{"cl_field":"radio-group_565c78ffa81208","cl_relation":"is","cl_val":"3 Hour Trip"}}]}],"cl_rule":"show","enableCl":false,"price":"","enablePrice":false,"className":"","label_position":"default","desc_position":"default","type":"select","required":false,"elementId":"select_1067e82027e7030","label":"\u23f0 Departure","name":"select_1067e82027e7030","values":[{"label":"09:00","value":"09:00","selected":false,"tempId":"aco_1471","gt_translate_keys":["label"]},{"label":"10:00","value":"10:00","selected":false,"tempId":"aco_1472","gt_translate_keys":["label"]},{"label":"11:00","value":"11:00","selected":false,"tempId":"aco_1500","gt_translate_keys":["label"]},{"label":"12:00","value":"12:00","selected":false,"tempId":"aco_1510","gt_translate_keys":["label"]},{"label":"13:00 (1:00 PM)","value":"13:00","selected":false,"tempId":"aco_1520","gt_translate_keys":["label"]},{"label":"14:00 (2:00A PM)","value":"14:00","selected":false,"tempId":"aco_1728","gt_translate_keys":["label"]},{"label":"15:00 (3:00 PM)","value":"15:00","selected":false,"tempId":"aco_1738","gt_translate_keys":["label"]}],"dropdown_type":"basic","error":false,"placeholder":"Whichever Time is Best","gt_translate_keys":["label","placeholder"],"price_dependency":false,"cl_dependency":false,"value":""}],[{"elementId":"separator_167e82027e7048","separatorType":"blank","className":"","height":"1","enableCl":false,"relations":false,"cl_rule":"show","col":6,"type":"separator","error":false,"gt_translate_keys":[],"price_dependency":false,"cl_dependency":false,"value":""}]]}},"config":{"price_override":"always","enable_recaptcha":false,"bind_quantity":false,"quantity_bind_formula":false,"disp_summ_show_option_price":true,"disp_summ_show_product_price":false,"disp_summ_show_total_price":false,"disp_summ_show_fee":true,"disp_summ_show_discount":true,"summary_title":"","options_total_label":"Options Price","total_label":"Deposit Amount","options_product_label":"Product Price","fee_label":"Fee","discount_label":"Discount","has_price":true,"has_quantity_formula":false},"mc_unit":1,"tax_rate":1,"tax_rate_real":1,"discount":{"percentage":0,"fixed":0},"design":{"conf":{"LabelPosition":"above","DescPosition":"above","UploadField":"custom_1","QuantityFieldStyle":"custom_1"},"css":{"LeftLabelWidth":"120px"}},"formulas":{"fmla_1708360988969136756":"(({field.select_2663a0ecdc488f.value}>=5)?(640):(({field.select_2663a0ecdc488f.value}>=4)?(520):(({field.select_2663a0ecdc488f.value}>=3)?(440):(0))))","fmla_1708364241278155361":"(({field.select_5841412719.value}>=8)?({field.select_5841412719.price}):(({field.select_5841412719.value}>=5)?({field.select_5841412719.price}):(({field.select_5841412719.value}>=3)?({field.select_5841412719.price}):(0))))"},"lookuptables":[],"clones":false,"cartKey":false}},"_links":{"self":[{"href":"https:\/\/canaryvip.com\/da\/wp-json\/wp\/v2\/product\/14103","targetHints":{"allow":["GET"]}}],"collection":[{"href":"https:\/\/canaryvip.com\/da\/wp-json\/wp\/v2\/product"}],"about":[{"href":"https:\/\/canaryvip.com\/da\/wp-json\/wp\/v2\/types\/product"}],"replies":[{"embeddable":true,"href":"https:\/\/canaryvip.com\/da\/wp-json\/wp\/v2\/comments?post=14103"}],"wp:featuredmedia":[{"embeddable":true,"href":"https:\/\/canaryvip.com\/da\/wp-json\/wp\/v2\/media\/14106"}],"wp:attachment":[{"href":"https:\/\/canaryvip.com\/da\/wp-json\/wp\/v2\/media?parent=14103"}],"wp:term":[{"taxonomy":"product_brand","embeddable":true,"href":"https:\/\/canaryvip.com\/da\/wp-json\/wp\/v2\/product_brand?post=14103"},{"taxonomy":"product_cat","embeddable":true,"href":"https:\/\/canaryvip.com\/da\/wp-json\/wp\/v2\/product_cat?post=14103"},{"taxonomy":"product_tag","embeddable":true,"href":"https:\/\/canaryvip.com\/da\/wp-json\/wp\/v2\/product_tag?post=14103"}],"curies":[{"name":"wp","href":"https:\/\/api.w.org\/{rel}","templated":true}]}}