{"id":13568,"date":"2025-01-14T17:37:29","date_gmt":"2025-01-14T17:37:29","guid":{"rendered":"https:\/\/canaryvip.com\/?post_type=product&#038;p=13568"},"modified":"2026-02-06T11:13:54","modified_gmt":"2026-02-06T11:13:54","slug":"peter-pan-pirate-ship-tenerife","status":"publish","type":"product","link":"https:\/\/canaryvip.com\/da\/shop\/peter-pan-pirate-ship-tenerife\/","title":{"rendered":"Peter Pan Piratskib Tenerife"},"content":{"rendered":"<section class=\"l-section wpb_row height_medium\"><div class=\"l-section-h i-cf\"><div class=\"g-cols vc_row via_flex valign_top type_default stacking_default\"><div class=\"vc_col-sm-12 wpb_column vc_column_container\"><div class=\"vc_column-inner\"><div class=\"wpb_wrapper\"><div class=\"wpb_text_column\"><div class=\"wpb_wrapper\"><h2>\ud83d\udea2 Oplev Peter Pan-piratskibet<\/h2>\n<p class=\"translation-block\">Leder du efter en anderledes <strong>b\u00e5dtur p\u00e5 Tenerife<\/strong>? G\u00e5 om bord p\u00e5 <strong>Peter Pan Pirate Ship<\/strong>, en autentisk portugisisk skonnert fuld af charme og eventyr. Uanset om du rejser med familie, venner eller din partner, byder denne oplevelse p\u00e5 den perfekte blanding af sp\u00e6nding, afslapning og en fantastisk udsigt over Tenerifes sydkyst.<\/p>\n<p>Skibet er fuldt udstyret med to badev\u00e6relser, et skyggefuldt loungeomr\u00e5de, et stort centralt bord og et \u00f8vre d\u00e6k, der er perfekt til solbadning, mens du sejler langs Atlanterhavet.<\/p>\n<h3>\ud83d\udc2c Se hvaler og delfiner i naturen<\/h3>\n<p class=\"translation-block\">Med afgang fra <strong>Los Cristianos havn<\/strong> tager denne <strong>Tenerife-b\u00e5dtur<\/strong> dig til et af de bedste steder p\u00e5 De Kanariske \u00d8er, hvor du kan se vilde delfiner og grindehvaler p\u00e5 t\u00e6t hold. Efter havsafarien ankrer b\u00e5den op i n\u00e6rheden af de smukke havreservater Palm-Mar eller La Caleta, hvor du f\u00e5r mulighed for at sv\u00f8mme i krystalklart vand.<\/p>\n<h3>\ud83d\udd52 Turmuligheder og tilg\u00e6ngelighed<\/h3>\n<ul>\n<li><strong>2-timers tur:<\/strong> Et hurtigt og sjovt s\u00f8eventyr for at spotte grindehvaler\/delfiner. <em>Mad og drikke er ikke inkluderet, men du kan k\u00f8be det om bord.<\/em><\/li>\n<li class=\"translation-block\"><strong>3-timers tur:<\/strong> Inkluderer sv\u00f8mning og en fuld frokost med drikkevarer. Afgang kl. 10.00. <strong>Denne version er kun tilg\u00e6ngelig i en begr\u00e6nset periode.<\/strong> Se bookingkalenderen for tilg\u00e6ngelige datoer.<\/li>\n<\/ul>\n<h3>\ud83c\udf7d\ufe0f Frokost og drikkevarer (kun inkluderet i 3-timers tur)<\/h3>\n<ul>\n<li><strong>Frokostmenu:<\/strong> Ris med gr\u00f8ntsager, k\u00f8dboller, salat, br\u00f8d og frisk frugt.<\/li>\n<li><strong>Drikkevarer:<\/strong> Vand og l\u00e6skedrikke. Der serveres \u00f8l og vin til frokost.<\/li>\n<\/ul>\n<h3>\ud83c\udf1f Hvorfor v\u00e6lge Peter Pan Boat Tour?<\/h3>\n<ul>\n<li>Familievenligt piratskib med masser af plads og skyggefulde siddepladser.<\/li>\n<li>\u00d8verste d\u00e6k til solelskere og uovertruffen udsigt over kystlinjen.<\/li>\n<li>Afg\u00e5r fra Los Cristianos, et praktisk og centralt sted p\u00e5 den sydlige del af Tenerife.<\/li>\n<\/ul>\n<h3>\ud83d\udcac Booking- og afbestillingspolitik<\/h3>\n<ul>\n<li><strong>Mere end 48 timer i forvejen:<\/strong> 90% tilbagebetaling (10% beholdes til behandling).<\/li>\n<li><strong>Mindre end 48 timer eller udeblivelse:<\/strong> Ingen tilbagebetaling.<\/li>\n<li>Hvis turen aflyses p\u00e5 grund af vejret eller af andre \u00e5rsager, f\u00e5r du alle pengene tilbage eller mulighed for at f\u00e5 en ny tid.<\/li>\n<\/ul>\n<h3>\ud83d\udccd Afgangssted<\/h3>\n<p class=\"translation-block\"><strong>Peter Pan Piratskib<\/strong> afg\u00e5r fra <a href=\"https:\/\/maps.app.goo.gl\/zqPYNAARb6LiE5tZ7\" target=\"_blank\" rel=\"noopener\">Los Cristianos Havn<\/a>. Ankom venligst mindst 30 minutter f\u00f8r din afgangstid for at sikre en problemfri ombordstigning.<\/p>\n<h3>\ud83c\udf34 Book din b\u00e5dtur p\u00e5 Tenerife med CanaryVIP<\/h3>\n<p class=\"translation-block\">Hos CanaryVIP har vi specialiseret os i <strong>forglemmelige b\u00e5dture p\u00e5 Tenerife<\/strong>. Peter Pan-piratskibet er et af vores mest popul\u00e6re valg - en blanding af eventyr, natur og afslapning p\u00e5 \u00e5bent hav.<\/p>\n<p>Uanset om du er p\u00e5 bes\u00f8g med b\u00f8rn, venner eller som par, er dette den perfekte m\u00e5de at nyde Tenerifes kystlinje og havliv p\u00e5.<\/p>\n<p class=\"translation-block\">\ud83d\udc49 <strong>G\u00e5 ikke glip af det - book din plads nu!<\/strong> Den 3-timers tur med frokost og drikkevarer er kun tilg\u00e6ngelig i en begr\u00e6nset periode.<\/p>\n<\/div><\/div><\/div><\/div><\/div><\/div><\/div><\/section>","protected":false},"excerpt":{"rendered":"<p><strong>\ud83d\udd0d Peter Pan Boat Tenerife:<\/strong><br \/>\n<span>\u2705 Sikker betaling.<\/span><br \/>\n<span>\ud83d\udc0b Observation af hvaler og delfiner.<br \/>\n<\/span><span>\ud83d\ude80 2H Tours.<br \/>\n\ud83d\udd59 Dagligt kl. 10:00, 12:00 og 14:00.<br \/>\n<\/span><span>\ud83d\udc65 Op til 60 personer.<\/span><span><br \/>\n\ud83d\ude8c Afhentning fra det sydlige Tenerife.<br \/>\n<\/span>\ud83d\udebd Toilet om bord.<br \/>\n<span>\ud83e\udd11 Garanteret bedste pris.<\/span><br \/>\n<span>\ud83d\udc6a Rabatter aktiveret.<\/span><br \/>\n<span>\ud83d\udd01 Op til 48 timer Annullering.<\/span><br \/>\n<span>\ud83c\udf0d Vejledninger p\u00e5 flere sprog.<\/span><br \/>\n<span>\ud83c\udf1f Book nu og spar!<\/span><br \/>\n<span>\ud83d\udccd Afgang fra <a href=\"https:\/\/maps.app.goo.gl\/US7ie1SCwfu1Mhxm7\">Los Cristianos<\/a>.<\/span><\/p>","protected":false},"featured_media":13574,"comment_status":"open","ping_status":"closed","template":"","meta":{"_acf_changed":false},"product_brand":[],"product_cat":[46],"product_tag":[],"class_list":{"0":"post-13568","1":"product","2":"type-product","3":"status-publish","4":"has-post-thumbnail","6":"product_cat-boat-excursions","7":"wcpa_has_options","9":"first","10":"instock","11":"virtual","12":"purchasable","13":"product-type-simple"},"acf":[],"wcpa_form_fields":{"wcpaData":{"product":{"product_price":27,"price_html":"From&nbsp;<span class=\"woocommerce-Price-amount amount\"><bdi>27,00&nbsp;<span class=\"woocommerce-Price-currencySymbol\">&euro;<\/span><\/bdi><\/span>","original_product_price":27,"price_including_tax":27,"price_excluding_tax":27,"product_id":{"parent":13568,"variation":false},"is_variable":false,"stock_status":"instock","stock_quantity":null,"parent_sku":"CV13568","product_attributes":[],"custom_fields":[],"is_taxable":false,"product_name":"Peter Pan Pirate Ship Tenerife","hasImage":false},"fields":{"sec_h1a2har211":{"extra":{"key":"sec_h1a2har211","section_id":"sec_h1a2har211","name":"Tour Duration","status":1,"cl_rule":"show","enableCl":false,"relations":[],"toggle":true,"title_tag":"h4","show_title":false,"showPrice":"default","form_id":13569,"form_rules":{"exclude_from_discount":true,"fee_label":"Fee","disp_hide_options_price":true,"disp_show_section_price":false,"disp_show_field_price":true,"layout_option":"standard","pric_use_as_fee":false,"process_fee_as":"woo_fee"},"layout_option":"standard"},"fields":[[{"active":true,"col":6,"relations":false,"cl_rule":"show","enableCl":false,"price":"","enablePrice":false,"className":"","label_position":"default","desc_position":"default","type":"content","required":false,"elementId":"content_7231531275","label":"","name":"content_7231531275","contentType":"rich","value":"<p><strong>Free Pick-up available only at 12:00.<\/strong><\/p>","error":false,"gt_translate_keys":["label","value"],"price_dependency":false,"cl_dependency":false}],[{"active":true,"col":6,"relations":false,"cl_rule":"show","enableCl":false,"price":"","enablePrice":false,"className":"","label_position":"default","desc_position":"default","type":"radio-group","required":false,"elementId":"radio_0409611974","label":"\u2693\ufe0f Select Tour","name":"radio_0409611974","values":[{"label":"2 Hour Tour (27\u20ac)","value":"2H Tour","selected":true,"tempId":"aco_2005","gt_translate_keys":["label"]}],"layOut":"","error":false,"checkUi":"toggle","gt_translate_keys":["label"],"price_dependency":false,"cl_dependency":[false],"value":""}]]},"sec_06786a3ea7a85a":{"extra":{"key":"sec_06786a3ea7a85a","section_id":"sec_06786a3ea7a85a","name":"2H Tour","status":1,"cl_rule":"show","enableCl":true,"relations":[{"operator":false,"rules":[{"operator":"AND","rules":{"cl_field":"radio_0409611974","cl_relation":"is","cl_val":"2H Tour"}}]}],"toggle":true,"title_tag":"h4","show_title":false,"showPrice":"default","form_id":13569,"form_rules":{"exclude_from_discount":true,"fee_label":"Fee","disp_hide_options_price":true,"disp_show_section_price":false,"disp_show_field_price":true,"layout_option":"standard","pric_use_as_fee":false,"process_fee_as":"woo_fee"},"layout_option":"standard"},"fields":[[{"active":true,"col":6,"relations":false,"cl_rule":"show","enableCl":false,"price":"","enablePrice":false,"className":"","label_position":"default","desc_position":"default","type":"select","required":true,"elementId":"select_7343277180","label":"\u23f0 Departure","name":"select_7343277180","values":[{"label":"10:00","value":"10:00","selected":false,"tempId":"aco_842","gt_translate_keys":["label"]},{"label":"12:00","value":"12:00","selected":false,"tempId":"aco_843","gt_translate_keys":["label"]},{"label":"14:00","value":"14:00","selected":false,"tempId":"aco_844","gt_translate_keys":["label"]}],"dropdown_type":"basic","error":false,"tooltip":"","placeholder":"Select Departure Time","isWeightTemplate":false,"isTemplate":false,"min_quantity":"1","quantity_decimal":false,"quantity_step":"1","quantity_label":"Quantity","repeater_field_label":"{field_label}","repeater_bind":"","gt_translate_keys":["label","placeholder","tooltip","repeater_field_label","quantity_label"],"price_dependency":false,"cl_dependency":["date_86786a3ea7a859","date-4560181145","date-0582083876","text_16786a3ea7a89a"],"value":""}],[{"label":"\ud83d\udcc5 Date","active":true,"required":true,"elementId":"date_86786a3ea7a859","picker_type":"custom","picker_mode":"single","placeholder":"","description":"","tooltip":"","name":"date_86786a3ea7a859","label_position":"default","desc_position":"default","enablePrice":false,"className":"","enableCl":true,"relations":[{"operator":"and","rules":[{"operator":"AND","rules":{"cl_field":"select_7343277180","cl_relation":"is","cl_val":"10:00"}}]}],"enableDesign":false,"LabelColor":"","date_pic_inline":true,"date_pic_inline_hide":true,"min_date":{"type":"days","val":"0"},"max_date":{"type":"days","val":"180"},"date_pic_conf":{"disabledWeeks":[],"disabledDates":["2025-03-12 to 2025-03-30","2025-04-17 to 2025-04-24","2025-05-10","2025-05-15","2025-05-20","2025-05-29","2026-02-18"]},"price":"","cl_rule":"show","col":6,"type":"date","error":false,"isWeightTemplate":false,"isTemplate":false,"min_quantity":"1","quantity_decimal":false,"quantity_step":"1","quantity_label":"Quantity","repeater_field_label":"{field_label}","repeater_bind":"","gt_translate_keys":["label","placeholder","description","tooltip","repeater_field_label","quantity_label"],"price_dependency":false,"cl_dependency":false,"value":""}],[{"label":"\ud83d\udcc5 Date","active":true,"required":true,"elementId":"date-4560181145","picker_type":"custom","picker_mode":"single","placeholder":"","description":"","tooltip":"","name":"date-4560181145","label_position":"default","desc_position":"default","enablePrice":false,"className":"","enableCl":true,"relations":[{"operator":"and","rules":[{"operator":"AND","rules":{"cl_field":"select_7343277180","cl_relation":"is","cl_val":"12:00"}}]}],"enableDesign":false,"LabelColor":"","date_pic_inline":true,"date_pic_inline_hide":true,"min_date":{"type":"days","val":"0"},"max_date":{"type":"days","val":"180"},"date_pic_conf":{"disabledWeeks":[],"disabledDates":["2025-01-18","2025-01-30","2025-02-09","2025-03-12 to 2025-03-30","2025-04-17 to 2025-04-24","2025-05-10","2025-05-15","2025-05-20","2026-02-18"]},"price":"","cl_rule":"show","col":6,"type":"date","error":false,"isWeightTemplate":false,"isTemplate":false,"min_quantity":"1","quantity_decimal":false,"quantity_step":"1","quantity_label":"Quantity","repeater_field_label":"{field_label}","repeater_bind":"","gt_translate_keys":["label","placeholder","description","tooltip","repeater_field_label","quantity_label"],"price_dependency":false,"cl_dependency":false,"value":""}],[{"label":"\ud83d\udcc5 Date","active":true,"required":true,"elementId":"date-0582083876","picker_type":"custom","picker_mode":"single","placeholder":"","description":"","tooltip":"","name":"date-0582083876","label_position":"default","desc_position":"default","enablePrice":false,"className":"","enableCl":true,"relations":[{"operator":"and","rules":[{"operator":"AND","rules":{"cl_field":"select_7343277180","cl_relation":"is","cl_val":"14:00"}}]}],"enableDesign":false,"LabelColor":"","date_pic_inline":true,"date_pic_inline_hide":true,"min_date":{"type":"days","val":"0"},"max_date":{"type":"days","val":"180"},"date_pic_conf":{"disabledWeeks":[],"disabledDates":["2025-01-18","2025-01-30","2025-02-09","2025-03-12 to 2025-03-30","2025-04-17 to 2025-04-24","2025-05-08","2025-05-10","2025-05-15","2025-05-20","2026-02-18"]},"price":"","cl_rule":"show","col":6,"type":"date","error":false,"isWeightTemplate":false,"isTemplate":false,"min_quantity":"1","quantity_decimal":false,"quantity_step":"1","quantity_label":"Quantity","repeater_field_label":"{field_label}","repeater_bind":"","gt_translate_keys":["label","placeholder","description","tooltip","repeater_field_label","quantity_label"],"price_dependency":false,"cl_dependency":false,"value":""}],[{"contentType":"plain","active":true,"label":"People","elementId":"content_16786a3ea7a866","value":"","inline":false,"show_in_checkout":true,"name":"content_16786a3ea7a866","enablePrice":false,"className":"","enableCl":false,"relations":false,"price":"","cl_rule":"show","col":6,"type":"content","gt_translate_keys":["label","value"],"price_dependency":false,"cl_dependency":false}],[{"label":"","active":true,"required":false,"elementId":"radio-group_66786a3ea7a871","name":"radio-group_66786a3ea7a871","label_position":"default","desc_position":"default","enablePrice":true,"className":"","enableCl":false,"relations":[{"operator":false,"rules":[{"operator":"AND","rules":{"cl_field":"","cl_relation":"","cl_val":""}}]}],"enable_quantity":true,"quantity_label":"","min_quantity":"0","checkUi":"button","layOut":"","options_tooltip":true,"options_description":true,"values":[{"label":"\ud83d\udc64 Adult (27\u20ac)","value":"Adult","selected":true,"tempId":"aco_32","tooltip":"+12 Years","description":"","gt_translate_keys":["label","tooltip","description"]}],"priceOptions":"fixed_for_all","pricingType":"fixed","price":"27","cl_rule":"show","col":6,"type":"radio-group","error":false,"gt_translate_keys":["label","quantity_label"],"price_dependency":false,"cl_dependency":false,"value":""}],[{"label":"","active":true,"required":false,"elementId":"radio-group_06786a3ea7a87c","name":"radio-group_06786a3ea7a87c","label_position":"default","desc_position":"default","enablePrice":true,"className":"","enableCl":false,"relations":false,"enable_quantity":true,"quantity_label":"","min_quantity":"0","checkUi":"button","layOut":"","options_tooltip":true,"options_description":true,"values":[{"label":"\ud83d\udc66 Child (13\u20ac)","value":"Child","selected":true,"tempId":"aco_32","tooltip":"3-11 Years","description":"","gt_translate_keys":["label","tooltip","description"]}],"priceOptions":"fixed_for_all","pricingType":"fixed","price":"13","cl_rule":"show","col":6,"type":"radio-group","error":false,"gt_translate_keys":["label","quantity_label"],"price_dependency":false,"cl_dependency":false,"value":""}],[{"label":"","active":true,"required":false,"elementId":"radio-group_86786a3ea7a887","name":"radio-group_86786a3ea7a887","label_position":"default","desc_position":"default","enablePrice":true,"className":"","enableCl":false,"relations":false,"enable_quantity":true,"quantity_label":"","min_quantity":"0","checkUi":"button","layOut":"","options_tooltip":true,"options_description":true,"values":[{"label":"\ud83d\udc76 Infant (Free)","value":"Infant","selected":true,"tempId":"aco_32","tooltip":"0-2 Years","description":"","gt_translate_keys":["label","tooltip","description"]}],"priceOptions":"fixed_for_all","pricingType":"fixed","price":"0","cl_rule":"show","col":6,"type":"radio-group","error":false,"gt_translate_keys":["label","quantity_label"],"price_dependency":false,"cl_dependency":false,"value":""}],[{"elementId":"separator_96786a3ea7a891","separatorType":"blank","className":"","height":"7","enableCl":false,"relations":false,"cl_rule":"show","col":6,"type":"separator","gt_translate_keys":[],"price_dependency":false,"cl_dependency":false,"value":""}],[{"label":"\ud83d\ude8c Pickup Location","active":true,"required":false,"elementId":"text_16786a3ea7a89a","value":"","description":"Free pick-up service in South Tenerife. Simply provide your address or hotel name.","name":"text_16786a3ea7a89a","label_position":"default","desc_position":"default","enablePrice":false,"className":"","enableCl":true,"relations":[{"operator":false,"rules":[{"operator":"AND","rules":{"cl_field":"select_7343277180","cl_relation":"is","cl_val":"12:00"}}]}],"subtype":"text","price":"{field.radio-group_66786a3ea7a871.quantity}*4.5","cl_rule":"show","col":6,"type":"text","error":false,"pricingType":"custom","isTemplate":false,"gt_translate_keys":["label","description","value"],"price_dependency":false,"cl_dependency":false}]]}},"config":{"price_override":"always","enable_recaptcha":false,"bind_quantity":false,"quantity_bind_formula":false,"disp_summ_show_option_price":true,"disp_summ_show_product_price":false,"disp_summ_show_total_price":true,"disp_summ_show_fee":true,"disp_summ_show_discount":true,"summary_title":"","options_total_label":"Options Price","total_label":"Total Amount","options_product_label":"Product Price","fee_label":"Fee","discount_label":"Discount","has_price":true,"has_quantity_formula":false},"mc_unit":1,"tax_rate":1,"tax_rate_real":1,"discount":{"percentage":0,"fixed":0},"design":{"conf":{"LabelPosition":"above","DescPosition":"above","UploadField":"custom_1","QuantityFieldStyle":"custom_1"},"css":{"LeftLabelWidth":"120px"}},"formulas":[],"lookuptables":[],"clones":false,"cartKey":false}},"_links":{"self":[{"href":"https:\/\/canaryvip.com\/da\/wp-json\/wp\/v2\/product\/13568","targetHints":{"allow":["GET"]}}],"collection":[{"href":"https:\/\/canaryvip.com\/da\/wp-json\/wp\/v2\/product"}],"about":[{"href":"https:\/\/canaryvip.com\/da\/wp-json\/wp\/v2\/types\/product"}],"replies":[{"embeddable":true,"href":"https:\/\/canaryvip.com\/da\/wp-json\/wp\/v2\/comments?post=13568"}],"wp:featuredmedia":[{"embeddable":true,"href":"https:\/\/canaryvip.com\/da\/wp-json\/wp\/v2\/media\/13574"}],"wp:attachment":[{"href":"https:\/\/canaryvip.com\/da\/wp-json\/wp\/v2\/media?parent=13568"}],"wp:term":[{"taxonomy":"product_brand","embeddable":true,"href":"https:\/\/canaryvip.com\/da\/wp-json\/wp\/v2\/product_brand?post=13568"},{"taxonomy":"product_cat","embeddable":true,"href":"https:\/\/canaryvip.com\/da\/wp-json\/wp\/v2\/product_cat?post=13568"},{"taxonomy":"product_tag","embeddable":true,"href":"https:\/\/canaryvip.com\/da\/wp-json\/wp\/v2\/product_tag?post=13568"}],"curies":[{"name":"wp","href":"https:\/\/api.w.org\/{rel}","templated":true}]}}