{"id":13561,"date":"2025-01-14T14:45:28","date_gmt":"2025-01-14T14:45:28","guid":{"rendered":"https:\/\/canaryvip.com\/?post_type=product&#038;p=13561"},"modified":"2025-09-18T12:18:23","modified_gmt":"2025-09-18T11:18:23","slug":"shogun-boat-tour-tenerife","status":"publish","type":"product","link":"https:\/\/canaryvip.com\/da\/shop\/shogun-boat-tour-tenerife\/","title":{"rendered":"Shogun-b\u00e5dtur p\u00e5 Tenerife"},"content":{"rendered":"<h2>\ud83d\udea2 Tag p\u00e5 Shogun-b\u00e5dtur p\u00e5 Tenerife<\/h2>\n<p class=\"translation-block\">Oplev magien ved <strong>Shogun boat tour,<\/strong> en uforglemmelig rejse om bord p\u00e5 en autentisk orientalsk sejlb\u00e5d, der oprindeligt var designet til privat brug for en arabisk sheik. Denne 26 meter lange sejlb\u00e5d er udelukkende fremstillet af h\u00e5rdt teaktr\u00e6 og tilbyder en unik og luksuri\u00f8s oplevelse for rejsende, der \u00f8nsker en enest\u00e5ende <a href=\"https:\/\/canaryvip.com\/da\/tenerife\/boat-excursions\/\" target=\"_self\"><strong>Tenerife b\u00e5dtur.<\/strong><\/a><\/p>\n<p class=\"translation-block\"><strong>Shogun Boat Tenerife<\/strong> skiller sig ikke kun ud ved sit fantastiske design, men ogs\u00e5 ved sin forpligtelse til at bevare livet i havet. Den viser stolt det gule flag med et bl\u00e5t b\u00e5dm\u00e6rke, der garanterer etisk hval- og delfinsafari, samtidig med at den prioriterer disse storsl\u00e5ede skabningers velf\u00e6rd.<\/p>\n<h3>\ud83d\udc0b Oplev spektakul\u00e6rt havliv<\/h3>\n<p class=\"translation-block\">Vandet ved Tenerifes sydkyst er et paradis for livet i havet takket v\u00e6re de varme temperaturer, der ligger mellem 17-24 \u00b0C \u00e5ret rundt. P\u00e5 denne <strong>Tenerife-b\u00e5dtur<\/strong> f\u00e5r du mulighed for at se hjemmeh\u00f8rende arter som grindehvaler og flaskehalsdelfiner samt vandrende arter som finhvaler, kaskelothvaler og almindelige delfiner.<\/p>\n<p class=\"translation-block\">Udflugten omfatter et 5-timers eventyr med afgang fra <strong>Puerto Col\u00f3n.<\/strong> Du begiver dig ud p\u00e5 en rejse for at spotte disse utrolige hvaler i deres naturlige habitat og bruger op til 30 minutter p\u00e5 at observere dem, f\u00f8r du s\u00e6tter kursen mod de dramatiske klipper ved Los Gigantes og den fredfyldte Masca-bugt. Her kan du nyde en forfriskende sv\u00f8mmetur og en solid frokost med en betagende udsigt.<\/p>\n<h3>\ud83c\udf0a H\u00f8jdepunkter p\u00e5 Shogun Boat Tour<\/h3>\n<h4>\ud83d\udd52 Varighed og tidsplan<\/h4>\n<ul>\n<li><strong>5-timers udflugt:<\/strong>\u00a0Inkluderer hval- og delfinsafari, et bes\u00f8g p\u00e5 Los Gigantes-klipperne og en sv\u00f8mmetur i Masca-bugten.<\/li>\n<li class=\"translation-block\"><strong>Daglige afgange kl. 11:00<\/strong> fra <strong>Puerto Col\u00f3n, Pontoon 14.<\/strong>.<\/li>\n<\/ul>\n<h4>\ud83c\udf7d\ufe0f Spisning om bord<\/h4>\n<ul>\n<li><strong>Frokostmenu:<\/strong>\u00a0Ris med gr\u00f8ntsager, stegt kyllingel\u00e5r, salat, br\u00f8d og frisk frugt.<\/li>\n<li><strong>Drikkevarer: <\/strong>Vand, l\u00e6skedrikke, \u00f8l og vin er inkluderet.<\/li>\n<\/ul>\n<h4>\ud83c\udf1f Unikke funktioner<\/h4>\n<ul>\n<li>\u00c5ben bar for ikke-alkoholiske drikkevarer.<\/li>\n<li>Rummelige siddepladser med et stort centralt bord til spisning.<\/li>\n<li>Tre badev\u00e6relser om bord, hvoraf det ene er fuldt tilg\u00e6ngeligt for passagerer med nedsat mobilitet.<\/li>\n<li>Gratis busforbindelse fra Tenerife Syd-omr\u00e5det for ekstra bekvemmelighed.<\/li>\n<\/ul>\n<h3>\ud83d\udee5\ufe0f Specifikationer for Shogun-b\u00e5den<\/h3>\n<ul>\n<li><strong>L\u00e6ngde: <\/strong>26 meter<\/li>\n<li><strong>Bredde:<\/strong>\u00a08 meter<\/li>\n<li><strong>Maksimal kapacitet:<\/strong>\u00a0135 passagerer<\/li>\n<\/ul>\n<p>Med to rummelige niveauer, masser af skyggefulde omr\u00e5der og en autentisk orientalsk \u00e6stetik tilbyder Shogun b\u00e5de komfort og elegance til en mindev\u00e6rdig oplevelse. <strong>B\u00e5dtur p\u00e5 Tenerife.<\/strong><\/p>\n<h3>\ud83d\udcbc Booking- og afbestillingspolitik<\/h3>\n<p class=\"translation-block\">Vi g\u00f8r booking af din <strong>Shogun-b\u00e5dtur<\/strong> enkel og problemfri med CanaryVIP. Det er dog vigtigt at gennemg\u00e5 afbestillingspolitikken for at undg\u00e5 overraskelser:<\/p>\n<ul>\n<li><strong>48+ timer f\u00f8r afrejse:<\/strong>\u00a0Modtag en 90%-refusion (10% tilbageholdes til behandlingsgebyrer).<\/li>\n<li class=\"translation-block\"><strong>Mindre end 48 timer f\u00f8r afrejse:<\/strong> Ingen tilbagebetaling mulig.<\/li>\n<\/ul>\n<p>Hvis turen aflyses p\u00e5 grund af force majeure, f.eks. d\u00e5rlige havforhold, vil der blive tilbudt fuld refusion eller en alternativ dato.<\/p>\n<h3>\ud83d\udee0\ufe0f Vigtig information<\/h3>\n<ul>\n<li><strong>Hvad du skal medbringe:<\/strong>\u00a0Badet\u00f8j, h\u00e5ndkl\u00e6de, solcreme og et kamera til at forevige de utrolige sev\u00e6rdigheder.<\/li>\n<li><strong>Tilg\u00e6ngelighed:<\/strong>\u00a0Shogun er udstyret til at rumme passagerer med nedsat mobilitet.<\/li>\n<li><strong>Retningslinjer for sikkerhed:<\/strong>\u00a0Rygning er kun tilladt i afm\u00e6rkede omr\u00e5der, og vi anbefaler at undg\u00e5 alkohol f\u00f8r ombordstigning for at minimere s\u00f8syge.<\/li>\n<\/ul>\n<h3>\ud83d\udccd Afgangssted<\/h3>\n<p>Shogun s\u00e6tter sejl fra <a href=\"https:\/\/maps.app.goo.gl\/DkCVRrpDHuiqsvc56\" target=\"_blank\" rel=\"noopener\"><strong>Puerto Col\u00f3n,<\/strong><\/a>\u00a0bekvemt placeret i Costa Adeje. Planl\u00e6g at ankomme mindst 30 minutter f\u00f8r afgang for at sikre en problemfri ombordstigning.<\/p>\n<h3>\ud83c\udf34 Book din Shogun-b\u00e5dtur med CanaryVIP<\/h3>\n<p class=\"translation-block\">Hos CanaryVIP er vi stolte af at kunne tilbyde de bedste <strong>Tenerife-b\u00e5dture,<\/strong> og Shogun-oplevelsen er en af vores mest ikoniske udflugter. Uanset om du er betaget af livet i havet, elsker at udforske fantastiske kystlandskaber eller bare vil slappe af om bord p\u00e5 en luksuri\u00f8s orientalsk sejlb\u00e5d, s\u00e5 har denne tur det hele.<\/p>\n<p>Reserver din plads i dag, og skab uforglemmelige minder med Shogun Boat Tenerife!<\/p>","protected":false},"excerpt":{"rendered":"<p><strong>\ud83d\udd0d Shogun Boat Tenerife:<\/strong><br \/>\n<span>\u2705 Sikker betaling.<\/span><br \/>\n<span>\ud83d\udc0b Observation af hvaler og delfiner.<br \/>\n\ud83d\ude80 5H Tours kl. 11:00.<br \/>\n\ud83d\udd59 Mandag, onsdag, torsdag, fredag og s\u00f8ndag.<br \/>\n<\/span>\ud83c\udfde\ufe0f Bes\u00f8g Los Gigantes-klipperne.<br \/>\n\ud83c\udf0a Sv\u00f8mmestop ved Masca Bay.<br \/>\n<span>\ud83e\uddc3 Mad og drikke inkluderet.<\/span><br \/>\n<span>\ud83d\udc65 Max 135 g\u00e6ster.<br \/>\n\ud83d\ude8c Afhentning fra det sydlige Tenerife.<br \/>\n\ud83d\ude8e Afhentning fra Puerto de la Cruz.<br \/>\n<\/span>\ud83d\udebd Toilet om bord.<br \/>\n\u267f Nedsat mobilitet.<br \/>\n<span>\ud83e\udd11 Garanteret bedste pris.<\/span><br \/>\n<span>\ud83d\udc6a Rabatter aktiveret.<\/span><br \/>\n<span>\ud83d\udd01 Op til 48 timer Annullering.<\/span><br \/>\n<span>\ud83c\udf0d Vejledninger p\u00e5 flere sprog.<\/span><br \/>\n<span>\ud83c\udf1f Book nu og spar!<\/span><br \/>\n<span>\ud83d\udccd Afgang fra\u00a0<\/span><a href=\"https:\/\/www.google.com\/maps\/place\/Puerto+Col%C3%B3n\/@28.0783432,-16.7368735,18.52z\/data=!4m6!3m5!1s0xc6a9743509c9ebf:0xd62345524f768247!8m2!3d28.0789928!4d-16.7359737!16s%2Fg%2F11c6cqryw_?entry=tts\">Puerto Colon<\/a><span>.<\/span><\/p>","protected":false},"featured_media":13564,"comment_status":"open","ping_status":"closed","template":"","meta":{"_acf_changed":false},"product_brand":[],"product_cat":[46],"product_tag":[],"class_list":{"0":"post-13561","1":"product","2":"type-product","3":"status-publish","4":"has-post-thumbnail","6":"product_cat-boat-excursions","7":"wcpa_has_options","9":"first","10":"instock","11":"virtual","12":"purchasable","13":"product-type-simple"},"acf":[],"wcpa_form_fields":{"wcpaData":{"product":{"product_price":61,"price_html":"From&nbsp;<span class=\"woocommerce-Price-amount amount\"><bdi>61,00&nbsp;<span class=\"woocommerce-Price-currencySymbol\">&euro;<\/span><\/bdi><\/span>","original_product_price":61,"price_including_tax":61,"price_excluding_tax":61,"product_id":{"parent":13561,"variation":false},"is_variable":false,"stock_status":"instock","stock_quantity":null,"parent_sku":"CV13561","product_attributes":[],"custom_fields":[],"is_taxable":false,"product_name":"Shogun Boat Tour Tenerife","hasImage":false},"fields":{"sec_567867dfb4552e":{"extra":{"key":"sec_567867dfb4552e","section_id":"sec_567867dfb4552e","name":"Pickup Location","status":1,"cl_rule":"show","enableCl":false,"relations":[],"toggle":true,"title_tag":"h4","show_title":false,"showPrice":"default","form_id":13563,"form_rules":{"exclude_from_discount":true,"fee_label":"Fee","disp_hide_options_price":true,"disp_show_section_price":false,"disp_show_field_price":true,"layout_option":"standard","pric_use_as_fee":false,"process_fee_as":"woo_fee"},"layout_option":"standard"},"fields":[[{"active":true,"col":6,"relations":false,"cl_rule":"show","enableCl":false,"price":"","enablePrice":false,"className":"","label_position":"default","desc_position":"default","type":"radio-group","required":false,"elementId":"radio-group_367867dfb4555f","label":"\u2693\ufe0f Select Tour","name":"radio-group_367867dfb4555f","values":[{"label":"5H Trip (61\u20ac)","value":"5h-south","selected":false,"tempId":"aco_2307","description":"Extended Shogun cruise with whale and dolphin sightings, Los Gigantes cliffs, swimming in Masca Bay, lunch, and drinks. Departs at 11:00 on Mondays, Wednesdays, Thursdays, Fridays & Sundays.","gt_translate_keys":["label","description"]},{"label":"5H Trip from North Tenerife (65\u20ac)","value":"5h-north","selected":false,"tempId":"aco_2308","description":"Pickup and drop-off in North Tenerife included. Extended Shogun cruise with whale and dolphin sightings, Los Gigantes cliffs, swimming in Masca Bay, lunch, and drinks. Departs at 11:00 on Mondays, Wednesdays, Thursdays, Fridays & Sundays.","gt_translate_keys":["label","description"]}],"layOut":"","error":false,"checkUi":"toggle","description":"","options_description":true,"gt_translate_keys":["label","description"],"price_dependency":false,"cl_dependency":[false,"date_367867dfb45579","select_8962103911",false,"select-1335554664","date-1329695634"],"value":""}]]},"sec_867867dfb45562":{"extra":{"key":"sec_867867dfb45562","section_id":"sec_867867dfb45562","name":"5H from South Tenerife","status":1,"cl_rule":"show","enableCl":true,"relations":[{"operator":false,"rules":[{"operator":"AND","rules":{"cl_field":"radio-group_367867dfb4555f","cl_relation":"is","cl_val":"5h-south"}}]}],"toggle":true,"title_tag":"h4","show_title":false,"showPrice":"default","form_id":13563,"form_rules":{"exclude_from_discount":true,"fee_label":"Fee","disp_hide_options_price":true,"disp_show_section_price":false,"disp_show_field_price":true,"layout_option":"standard","pric_use_as_fee":false,"process_fee_as":"woo_fee"},"layout_option":"standard"},"fields":[[{"label":"\ud83d\udcc5 Date","active":true,"required":true,"elementId":"date_367867dfb45579","picker_type":"custom","picker_mode":"single","placeholder":"","description":"","tooltip":"","name":"date_367867dfb45579","label_position":"default","desc_position":"default","enablePrice":false,"className":"","enableCl":true,"relations":[{"operator":"and","rules":[{"operator":"AND","rules":{"cl_field":"radio-group_367867dfb4555f","cl_relation":"is_not_empty","cl_val":"3 Hour Trip"}}]}],"enableDesign":false,"LabelColor":"","date_pic_inline":true,"date_pic_inline_hide":true,"min_date":{"type":"days","val":"1"},"max_date":{"type":"days","val":"365"},"date_pic_conf":{"disabledWeeks":[2,6,4],"disabledDates":["2025-10-20 to 2025-11-02"]},"price":"","cl_rule":"show","col":6,"type":"date","error":false,"date_conf_custom":{},"isWeightTemplate":false,"isTemplate":false,"min_quantity":"1","quantity_decimal":false,"quantity_step":"1","quantity_label":"Quantity","repeater_field_label":"{field_label}","repeater_bind":"","gt_translate_keys":["label","placeholder","description","tooltip","repeater_field_label","quantity_label"],"price_dependency":false,"cl_dependency":false,"value":""}],[{"active":true,"col":6,"relations":[{"operator":false,"rules":[{"operator":"AND","rules":{"cl_field":"radio-group_367867dfb4555f","cl_relation":"is_not_empty","cl_val":""}}]}],"cl_rule":"show","enableCl":true,"price":"","enablePrice":false,"className":"","label_position":"default","desc_position":"default","type":"select","required":false,"elementId":"select_8962103911","label":"\u23f0 Departure","name":"select_8962103911","values":[{"label":"12:00","value":"12:00","selected":true,"tempId":"aco_154","gt_translate_keys":["label"]}],"dropdown_type":"basic","error":false,"isWeightTemplate":false,"isTemplate":false,"min_quantity":"1","quantity_decimal":false,"quantity_step":"1","quantity_label":"Quantity","repeater_field_label":"{field_label}","repeater_bind":"","gt_translate_keys":["label","repeater_field_label","quantity_label"],"price_dependency":false,"cl_dependency":false,"value":""}],[{"contentType":"plain","active":true,"label":"People","elementId":"content_867867dfb455ae","value":"","inline":false,"show_in_checkout":true,"name":"content_867867dfb455ae","enablePrice":false,"className":"","enableCl":false,"relations":false,"price":"","cl_rule":"show","col":6,"type":"content","gt_translate_keys":["label","value"],"price_dependency":false,"cl_dependency":false}],[{"label":"","active":true,"required":false,"elementId":"radio-group_667867dfb455cc","name":"radio-group_667867dfb455cc","label_position":"default","desc_position":"default","enablePrice":true,"className":"","enableCl":false,"relations":[{"operator":false,"rules":[{"operator":"AND","rules":{"cl_field":"","cl_relation":"","cl_val":""}}]}],"enable_quantity":true,"quantity_label":"","min_quantity":"0","checkUi":"button","layOut":"","options_tooltip":true,"options_description":true,"values":[{"label":"\ud83d\udc64 Adult (61\u20ac)","value":"Adult","selected":true,"tempId":"aco_32","tooltip":"+12 Years","description":"","gt_translate_keys":["label","tooltip","description"]}],"priceOptions":"fixed_for_all","pricingType":"fixed","price":"61","cl_rule":"show","col":6,"type":"radio-group","error":false,"gt_translate_keys":["label","quantity_label"],"price_dependency":false,"cl_dependency":false,"value":""}],[{"label":"","active":true,"required":false,"elementId":"radio-group_667867dfb455e8","name":"radio-group_667867dfb455e8","label_position":"default","desc_position":"default","enablePrice":true,"className":"","enableCl":false,"relations":false,"enable_quantity":true,"quantity_label":"","min_quantity":"0","checkUi":"button","layOut":"","options_tooltip":true,"options_description":true,"values":[{"label":"\ud83d\udc66 Child (30\u20ac)","value":"Child","selected":true,"tempId":"aco_32","tooltip":"3-11 Years","description":"","gt_translate_keys":["label","tooltip","description"]}],"priceOptions":"fixed_for_all","pricingType":"fixed","price":"30","cl_rule":"show","col":6,"type":"radio-group","error":false,"gt_translate_keys":["label","quantity_label"],"price_dependency":false,"cl_dependency":false,"value":""}],[{"label":"","active":true,"required":false,"elementId":"radio-group-3115802518","name":"radio-group-3115802518","label_position":"default","desc_position":"default","enablePrice":true,"className":"","enableCl":false,"relations":false,"enable_quantity":true,"quantity_label":"","min_quantity":"0","checkUi":"button","layOut":"","options_tooltip":true,"options_description":true,"values":[{"label":"\ud83d\udc76 Infant (Free)","value":"Infant","selected":true,"tempId":"aco_32","tooltip":"0-2 Years","description":"","gt_translate_keys":["label","tooltip","description"]}],"priceOptions":"fixed_for_all","pricingType":"fixed","price":"0","cl_rule":"show","col":6,"type":"radio-group","error":false,"gt_translate_keys":["label","quantity_label"],"price_dependency":false,"cl_dependency":false,"value":""}],[{"elementId":"separator_567867dfb4561b","separatorType":"blank","className":"","height":"7","enableCl":false,"relations":false,"cl_rule":"show","col":6,"type":"separator","gt_translate_keys":[],"price_dependency":false,"cl_dependency":false,"value":""}],[{"label":"\ud83d\ude8c Pickup Location","active":true,"required":false,"elementId":"text_767867dfb45630","value":"","description":"Free pick-up service in South Tenerife. Simply provide your address or hotel name.","name":"text_767867dfb45630","label_position":"default","desc_position":"default","enablePrice":false,"className":"","enableCl":false,"relations":false,"subtype":"text","price":"","cl_rule":"show","col":6,"type":"text","error":false,"gt_translate_keys":["label","description","value"],"price_dependency":false,"cl_dependency":false}]]},"sec_1067867dfb45632":{"extra":{"key":"sec_1067867dfb45632","section_id":"sec_1067867dfb45632","name":"5H North Tenerife Pickup","status":1,"cl_rule":"show","enableCl":true,"relations":[{"operator":false,"rules":[{"operator":"AND","rules":{"cl_field":"radio-group_367867dfb4555f","cl_relation":"is","cl_val":"5h-north"}}]}],"toggle":true,"title_tag":"h4","show_title":false,"showPrice":"default","form_id":13563,"form_rules":{"exclude_from_discount":true,"fee_label":"Fee","disp_hide_options_price":true,"disp_show_section_price":false,"disp_show_field_price":true,"layout_option":"standard","pric_use_as_fee":false,"process_fee_as":"woo_fee"},"layout_option":"standard"},"fields":[[{"label":"\u23f0 Departure","active":true,"required":false,"elementId":"select-1335554664","dropdown_type":"basic","name":"select-1335554664","label_position":"default","desc_position":"default","enablePrice":false,"className":"","enableCl":true,"relations":[{"operator":false,"rules":[{"operator":"AND","rules":{"cl_field":"radio-group_367867dfb4555f","cl_relation":"is_not_empty","cl_val":""}}]}],"values":[{"label":"12:00","value":"12:00","selected":true,"tempId":"aco_154","gt_translate_keys":["label"]}],"price":"","cl_rule":"show","col":6,"type":"select","isWeightTemplate":false,"error":false,"isTemplate":false,"min_quantity":"1","quantity_decimal":false,"quantity_step":"1","quantity_label":"Quantity","repeater_field_label":"{field_label}","repeater_bind":"","gt_translate_keys":["label","repeater_field_label","quantity_label"],"price_dependency":false,"cl_dependency":false,"value":""}],[{"label":"\ud83d\udcc5 Date","active":true,"required":true,"elementId":"date-1329695634","picker_type":"custom","picker_mode":"single","placeholder":"","description":"","tooltip":"","name":"date-1329695634","label_position":"default","desc_position":"default","enablePrice":false,"className":"","enableCl":true,"relations":[{"operator":"and","rules":[{"operator":"AND","rules":{"cl_field":"radio-group_367867dfb4555f","cl_relation":"is_not_empty","cl_val":"3 Hour Trip"}}]}],"enableDesign":false,"LabelColor":"","date_pic_inline":true,"date_pic_inline_hide":true,"min_date":{"type":"days","val":"2"},"max_date":{"type":"days","val":"365"},"date_pic_conf":{"disabledWeeks":[2,6,4],"disabledDates":["2025-10-20 to 2025-11-01"]},"date_conf_custom":{},"price":"","cl_rule":"show","col":6,"type":"date","isWeightTemplate":false,"error":false,"isTemplate":false,"min_quantity":"1","quantity_decimal":false,"quantity_step":"1","quantity_label":"Quantity","repeater_field_label":"{field_label}","repeater_bind":"","gt_translate_keys":["label","placeholder","description","tooltip","repeater_field_label","quantity_label"],"price_dependency":false,"cl_dependency":false,"value":""}],[{"contentType":"plain","active":true,"label":"People","elementId":"content_067867dfb4567b","value":"","inline":false,"show_in_checkout":true,"name":"content_067867dfb4567b","enablePrice":false,"className":"","enableCl":false,"relations":false,"price":"","cl_rule":"show","col":6,"type":"content","gt_translate_keys":["label","value"],"price_dependency":false,"cl_dependency":false}],[{"label":"","active":true,"required":false,"elementId":"radio-group-3814002955","name":"radio-group-3814002955","label_position":"default","desc_position":"default","enablePrice":true,"className":"","enableCl":false,"relations":[{"operator":false,"rules":[{"operator":"AND","rules":{"cl_field":"","cl_relation":"","cl_val":""}}]}],"enable_quantity":true,"quantity_label":"","min_quantity":"0","checkUi":"button","layOut":"","options_tooltip":true,"options_description":true,"values":[{"label":"\ud83d\udc64 Adult (65\u20ac)","value":"Adult","selected":true,"tempId":"aco_32","tooltip":"+12 Years","description":"","gt_translate_keys":["label","tooltip","description"]}],"priceOptions":"fixed_for_all","pricingType":"fixed","price":"65","cl_rule":"show","col":6,"type":"radio-group","error":false,"gt_translate_keys":["label","quantity_label"],"price_dependency":false,"cl_dependency":false,"value":""}],[{"label":"","active":true,"required":false,"elementId":"radio-group-3909852983","name":"radio-group-3909852983","label_position":"default","desc_position":"default","enablePrice":true,"className":"","enableCl":false,"relations":false,"enable_quantity":true,"quantity_label":"","min_quantity":"0","checkUi":"button","layOut":"","options_tooltip":true,"options_description":true,"values":[{"label":"\ud83d\udc66 Child (32\u20ac)","value":"Child","selected":true,"tempId":"aco_32","tooltip":"3-11 Years","description":"","gt_translate_keys":["label","tooltip","description"]}],"priceOptions":"fixed_for_all","pricingType":"fixed","price":"32","cl_rule":"show","col":6,"type":"radio-group","error":false,"gt_translate_keys":["label","quantity_label"],"price_dependency":false,"cl_dependency":false,"value":""}],[{"label":"","active":true,"required":false,"elementId":"radio-group-3681862909","name":"radio-group-3681862909","label_position":"default","desc_position":"default","enablePrice":true,"className":"","enableCl":false,"relations":false,"enable_quantity":true,"quantity_label":"","min_quantity":"0","checkUi":"button","layOut":"","options_tooltip":true,"options_description":true,"values":[{"label":"\ud83d\udc76 Infant (Free)","value":"Infant","selected":true,"tempId":"aco_32","tooltip":"0-2 Years","description":"","gt_translate_keys":["label","tooltip","description"]}],"priceOptions":"fixed_for_all","pricingType":"fixed","price":"0","cl_rule":"show","col":6,"type":"radio-group","error":false,"gt_translate_keys":["label","quantity_label"],"price_dependency":false,"cl_dependency":false,"value":""}],[{"elementId":"separator_267867dfb456e7","separatorType":"blank","className":"","height":"7","enableCl":false,"relations":false,"cl_rule":"show","col":6,"type":"separator","gt_translate_keys":[],"price_dependency":false,"cl_dependency":false,"value":""}],[{"label":"\ud83d\ude8c Pickup Location","active":true,"required":true,"elementId":"text_967867dfb456fc","value":"","description":"Pick-up service from Puerto de la Cruz. Simply provide your address or hotel name.","name":"text_967867dfb456fc","label_position":"default","desc_position":"default","enablePrice":false,"className":"","enableCl":false,"relations":false,"subtype":"text","price":"","cl_rule":"show","col":6,"type":"text","error":false,"gt_translate_keys":["label","description","value"],"price_dependency":false,"cl_dependency":false}]]}},"config":{"price_override":"always","enable_recaptcha":false,"bind_quantity":false,"quantity_bind_formula":false,"disp_summ_show_option_price":true,"disp_summ_show_product_price":false,"disp_summ_show_total_price":true,"disp_summ_show_fee":true,"disp_summ_show_discount":true,"summary_title":"","options_total_label":"Options Price","total_label":"Total Amount","options_product_label":"Product Price","fee_label":"Fee","discount_label":"Discount","has_price":true,"has_quantity_formula":false},"mc_unit":1,"tax_rate":1,"tax_rate_real":1,"discount":{"percentage":0,"fixed":0},"design":{"conf":{"LabelPosition":"above","DescPosition":"above","UploadField":"custom_1","QuantityFieldStyle":"custom_1"},"css":{"LeftLabelWidth":"120px"}},"formulas":[],"lookuptables":[],"clones":false,"cartKey":false}},"_links":{"self":[{"href":"https:\/\/canaryvip.com\/da\/wp-json\/wp\/v2\/product\/13561","targetHints":{"allow":["GET"]}}],"collection":[{"href":"https:\/\/canaryvip.com\/da\/wp-json\/wp\/v2\/product"}],"about":[{"href":"https:\/\/canaryvip.com\/da\/wp-json\/wp\/v2\/types\/product"}],"replies":[{"embeddable":true,"href":"https:\/\/canaryvip.com\/da\/wp-json\/wp\/v2\/comments?post=13561"}],"wp:featuredmedia":[{"embeddable":true,"href":"https:\/\/canaryvip.com\/da\/wp-json\/wp\/v2\/media\/13564"}],"wp:attachment":[{"href":"https:\/\/canaryvip.com\/da\/wp-json\/wp\/v2\/media?parent=13561"}],"wp:term":[{"taxonomy":"product_brand","embeddable":true,"href":"https:\/\/canaryvip.com\/da\/wp-json\/wp\/v2\/product_brand?post=13561"},{"taxonomy":"product_cat","embeddable":true,"href":"https:\/\/canaryvip.com\/da\/wp-json\/wp\/v2\/product_cat?post=13561"},{"taxonomy":"product_tag","embeddable":true,"href":"https:\/\/canaryvip.com\/da\/wp-json\/wp\/v2\/product_tag?post=13561"}],"curies":[{"name":"wp","href":"https:\/\/api.w.org\/{rel}","templated":true}]}}