{"id":12949,"date":"2024-08-19T12:56:56","date_gmt":"2024-08-19T11:56:56","guid":{"rendered":"https:\/\/canaryvip.com\/?post_type=product&#038;p=12949"},"modified":"2025-08-09T13:58:46","modified_gmt":"2025-08-09T12:58:46","slug":"sunkiss-boat-charter-gran-canaria","status":"publish","type":"product","link":"https:\/\/canaryvip.com\/da\/shop\/sunkiss-boat-charter-gran-canaria\/","title":{"rendered":"Sunkiss b\u00e5dcharter<br\/>Gran Canaria"},"content":{"rendered":"<h2>\ud83d\udee5\ufe0f Sunkiss Boat Charter Gran Canaria<\/h2>\n<p>Oplev Gran Canarias sk\u00f8nhed fra komforten af <strong>Sunkiss b\u00e5dcharter<\/strong>En privat og luksuri\u00f8s m\u00e5de at udforske \u00f8ens fantastiske sydkyst p\u00e5. Med plads til op til 8 passagerer er denne eksklusive <strong>b\u00e5dudlejning i Gran Canaria<\/strong> er perfekt for par, familier eller sm\u00e5 grupper, der \u00f8nsker et unikt og afslappende eventyr.<\/p>\n<p>Hos CanaryVIP g\u00f8r vi booking til din <a href=\"https:\/\/canaryvip.com\/da\/gran-canaria\/\"><strong>Lej en b\u00e5d Puerto Mog\u00e1n<\/strong><\/a> oplevelsen let og behagelig og sikrer, at der bliver taget h\u00e5nd om alle detaljer til din perfekte dag p\u00e5 vandet.<\/p>\n<h3>\u2b50\ufe0f Hvorfor v\u00e6lge Sunkiss Boat Charter p\u00e5 Gran Canaria?<\/h3>\n<p>Her er grunden til, at <strong>Sunkiss b\u00e5dcharter<\/strong> er en af de bedste muligheder for en privat og uforglemmelig dag til s\u00f8s:<\/p>\n<h4><strong>Privat og intim oplevelse<\/strong><\/h4>\n<p>Nyd en eksklusiv rejse med kun din gruppe. Med en maksimal kapacitet p\u00e5 8 personer tilbyder denne private yacht personlige og fredelige omgivelser, der er ideelle til s\u00e6rlige lejligheder eller en afslappende ferie.<\/p>\n<h4><strong>Elegant komfort<\/strong><\/h4>\n<p>Sejl om bord p\u00e5 en smukt vedligeholdt 12 meter lang yacht med komfortable siddepladser, skyggefulde omr\u00e5der og et rummeligt d\u00e6k til solbadning. Nyd den fantastiske panoramaudsigt over Gran Canarias kystlinje, mens du slapper af med stil.<\/p>\n<h4><strong>Snorkeleventyr<\/strong><\/h4>\n<p>Ankre op ved en afsides bugt for at sv\u00f8mme i krystalklart vand og snorkle med det medf\u00f8lgende udstyr. Oplev det livlige marineliv p\u00e5 Gran Canaria, eller slap bare af p\u00e5 d\u00e6kket og nyd den rolige atmosf\u00e6re.<\/p>\n<h3>\ud83d\udea4 Muligheder for Sunkiss-b\u00e5dtur<\/h3>\n<p>V\u00e6lg den rejsevarighed, der passer til din tidsplan og dine \u00f8nsker:<\/p>\n<ul>\n<li><strong>3-timers privat charter:<\/strong> Et perfekt udflugtsm\u00e5l til at udforske Gran Canarias kystlinje og nyde en forfriskende sv\u00f8mmetur eller snorkling.<\/li>\n<li><strong>6 timers privat charter:<\/strong> Dyk dybere ned i \u00f8ens naturlige sk\u00f8nhed med mere tid til at slappe af og udforske skjulte steder.<\/li>\n<li><strong>8 timers privat charter:<\/strong> Et heldagseventyr, der giver dig mulighed for at opleve den ultimative afslapning og udforskning, med ekstra tid til at bes\u00f8ge flere bugter og nyde det bedste af Gran Canaria.<\/li>\n<\/ul>\n<h3>\ud83e\udd42 Hvad er inkluderet i dit Sunkiss-charter?<\/h3>\n<p>Din <strong>b\u00e5dudlejning i Gran Canaria<\/strong> inkluderer:<\/p>\n<ul>\n<li>Snacks, herunder chips og n\u00f8dder.<\/li>\n<li>Drikkevarer som \u00f8l, sodavand og vand.<\/li>\n<li>Snorkeludstyr (masker og finner) til at udforske undervandsverdenen.<\/li>\n<li>Forsikring for en bekymringsfri oplevelse.<\/li>\n<li>Valgfri transport til og fra hoteller p\u00e5 det sydlige Gran Canaria.<\/li>\n<li>Valgfri frokost (\u20ac10 pr. person, bedes oplyst ved booking).<\/li>\n<\/ul>\n<h3>\ud83d\udccd Detaljer om afrejse<\/h3>\n<ul>\n<li><strong>Placering:<\/strong> <a href=\"https:\/\/maps.app.goo.gl\/Xhe545W98um3rx6W8\" target=\"_new\" rel=\"noopener\"><span>Puerto<\/span><span> Mog\u00e1n<\/span><span>, Bedste<\/span><span> Canaria<\/span><\/a>.<\/li>\n<li><strong>Afgangstider:<\/strong> 09:00, 12:00 og 15:00.<\/li>\n<li><strong>Transport:<\/strong> Afhentningsservice tilg\u00e6ngelig for ekstra bekvemmelighed.<\/li>\n<\/ul>\n<p>Vi anbefaler, at du ankommer mindst 15 minutter f\u00f8r afgang for at sikre en god start p\u00e5 dit eventyr.<\/p>\n<h3>\u2705 Gennemsigtig afbestillingspolitik<\/h3>\n<p>Vi prioriterer din ro i sindet med klare og fleksible afbestillingsmuligheder:<\/p>\n<ul>\n<li><strong>Vejrgaranti:<\/strong> Omdispon\u00e9r eller f\u00e5 fuld refusion i tilf\u00e6lde af usikre vejrforhold.<\/li>\n<li><strong>Fleksible aflysninger:<\/strong> Du kan afbestille eller oml\u00e6gge gratis op til 8 dage f\u00f8r din rejse. Depositum refunderes ikke ved afbestilling inden for 8 dage f\u00f8r planlagt afgang.<\/li>\n<\/ul>\n<h3>\ud83d\udc68\u200d\u2708\ufe0f Tips til dit Sunkiss-b\u00e5deventyr<\/h3>\n<p>F\u00e5 mest muligt ud af din dag med disse enkle tips:<\/p>\n<ul>\n<li>Medbring badet\u00f8j, solcreme og et h\u00e5ndkl\u00e6de.<\/li>\n<li>Tag behageligt t\u00f8j p\u00e5, der passer til vejret.<\/li>\n<li>Hav din CanaryVIP-billet klar, enten p\u00e5 din telefon eller printet.<\/li>\n<li>Spis et let m\u00e5ltid p\u00e5 forh\u00e5nd for at undg\u00e5 s\u00f8syge.<\/li>\n<\/ul>\n<h3>\ud83c\udf1f Hvorfor booke med CanaryVIP<\/h3>\n<p>Hos CanaryVIP specialiserer vi os i at tilbyde de bedste <strong>Lej en b\u00e5d Puerto Mog\u00e1n<\/strong> og <strong>Udlejning af luksusyachter p\u00e5 Gran Canaria<\/strong>. Fra private charterture som Sunkiss til skr\u00e6ddersyede oplevelser sikrer vi, at hvert \u00f8jeblik p\u00e5 vandet er uforglemmeligt.<\/p>\n<p>Bestil din <strong>Sunkiss b\u00e5dcharter<\/strong> i dag og nyd en rejse fyldt med afslapning, eventyr og en betagende udsigt over Gran Canaria.<\/p>\n<p>\ud83d\udc49 <a href=\"https:\/\/canaryvip.com\/da\/\" target=\"_new\" rel=\"noopener\"><span>Reserve<\/span><span> Og nu<\/span><\/a> og skab minder, der varer hele livet!<\/p>","protected":false},"excerpt":{"rendered":"<p><strong>\ud83d\udd0d Magic Island Gran Canaria:<\/strong><br \/>\n\u2705 Sikker betaling.<br \/>\n\ud83d\udd10 Private ture.<br \/>\n\ud83d\udee5\ufe0f 12m Yacht Comfort.<br \/>\n\u23f3 Daglige ture p\u00e5 3 timer, 6 timer og 8 timer.<br \/>\n\ud83d\udd59 Forskellige afgangstider.<br \/>\n\ud83d\udc65 Op til 8 g\u00e6ster.<br \/>\n\ud83e\udd3f Snorkeludstyr stilles til r\u00e5dighed.<br \/>\n\ud83d\ude8c Afhentning og aflevering.<br \/>\n\ud83e\udd11 Garanteret bedste pris.<br \/>\n\ud83d\udc6a Rabatter aktiveret.<br \/>\n\ud83d\udd01 Op til 8 dages fortrydelsesret.<br \/>\n\ud83c\udf0d Flersproget bes\u00e6tning.<br \/>\n\ud83c\udf1f Book tidligt og spar!<br \/>\n\ud83d\udccd Afgang fra <a href=\"https:\/\/maps.app.goo.gl\/4TJkgAg6UBpnsyhm9\">Puerto de Mog\u00e1n<\/a>.<\/p>","protected":false},"featured_media":12950,"comment_status":"open","ping_status":"closed","template":"","meta":{"_acf_changed":false},"product_brand":[],"product_cat":[132],"product_tag":[],"class_list":{"0":"post-12949","1":"product","2":"type-product","3":"status-publish","4":"has-post-thumbnail","6":"product_cat-boat-hire-gran-canaria","7":"wcpa_has_options","9":"first","10":"instock","11":"virtual","12":"purchasable","13":"product-type-simple"},"acf":[],"wcpa_form_fields":{"wcpaData":{"product":{"product_price":399,"price_html":"From&nbsp;<span class=\"woocommerce-Price-amount amount\"><bdi>399,00&nbsp;<span class=\"woocommerce-Price-currencySymbol\">&euro;<\/span><\/bdi><\/span>","original_product_price":399,"price_including_tax":399,"price_excluding_tax":399,"product_id":{"parent":12949,"variation":false},"is_variable":false,"stock_status":"instock","stock_quantity":null,"parent_sku":"CV12949","product_attributes":[],"custom_fields":[],"is_taxable":false,"product_name":"Sunkiss Boat Charter<br\/>Gran Canaria","hasImage":false},"fields":{"sec_667811df8760f9":{"extra":{"key":"sec_667811df8760f9","section_id":"sec_667811df8760f9","name":"Default","status":1,"cl_rule":"show","enableCl":false,"relations":[],"toggle":true,"title_tag":"h3","show_title":false,"showPrice":"default","form_id":13536,"form_rules":{"exclude_from_discount":true,"fee_label":"Fee","disp_hide_options_price":true,"disp_show_section_price":false,"disp_show_field_price":true,"layout_option":"standard","pric_use_as_fee":false,"process_fee_as":"woo_fee"},"layout_option":"standard"},"fields":[[{"label":"\ud83d\udcc5 Date","active":true,"required":true,"elementId":"date_567811df876119","picker_type":"custom","picker_mode":"single","placeholder":"","description":"","tooltip":"","name":"date_567811df876119","label_position":"default","desc_position":"default","enablePrice":false,"className":"","enableCl":false,"relations":[{"operator":"and","rules":[{"operator":"AND","rules":{"cl_field":"radio-group_565c78ffa81208","cl_relation":"is","cl_val":"3 Hour Trip"}}]}],"date_pic_inline":true,"date_pic_inline_hide":true,"min_date":{"type":"days","val":"2"},"max_date":{"type":"days","val":"365"},"date_pic_conf":{"disabledWeeks":[]},"price":"","cl_rule":"show","col":6,"type":"date","error":false,"enableDesign":false,"LabelColor":"","gt_translate_keys":["label","placeholder","description","tooltip"],"price_dependency":false,"cl_dependency":false,"value":""}],[{"elementId":"separator_267811df876128","separatorType":"blank","className":"","height":"3","enableCl":false,"relations":false,"cl_rule":"show","col":6,"type":"separator","error":false,"gt_translate_keys":[],"price_dependency":false,"cl_dependency":false,"value":""}],[{"active":true,"col":6,"relations":false,"cl_rule":"show","enableCl":false,"price":"","enablePrice":true,"className":"","label_position":"default","desc_position":"default","type":"select","required":true,"elementId":"select_267811df876133","label":"\u23f3 Trip Duration","name":"select_267811df876133","values":[{"label":"3 Hours (399\u20ac)","value":"3","selected":false,"tempId":"aco_556","price":"399","gt_translate_keys":["label"]},{"label":"6 Hours (700\u20ac)","value":"6","selected":false,"tempId":"aco_122","price":"700","gt_translate_keys":["label"]},{"label":"8 Hours (900\u20ac)","value":"8","selected":false,"tempId":"aco_41","price":"900","gt_translate_keys":["label"]}],"dropdown_type":"basic","error":false,"placeholder":"Select Trip Duration","priceOptions":"different_for_all","pricingType":"fixed","is_show_price":false,"gt_translate_keys":["label","placeholder"],"price_dependency":false,"cl_dependency":false,"value":""}],[{"label":"\u2705 Number of People","active":true,"required":true,"elementId":"select_667811df87613d","dropdown_type":"basic","placeholder":"Select Number of People","name":"select_667811df87613d","label_position":"default","desc_position":"default","enablePrice":false,"className":"","enableCl":false,"relations":[{"operator":false,"rules":[{"operator":"AND","rules":{"cl_field":"radio-group_565c78ffa81208","cl_relation":"is","cl_val":"3 Hour Trip"}}]}],"values":[{"label":"1 person","value":"1","selected":false,"tempId":"aco_1471","price":"0","gt_translate_keys":["label"]},{"label":"2 people","value":"2","selected":false,"tempId":"aco_1472","price":"0","gt_translate_keys":["label"]},{"label":"3 people","value":"3","selected":false,"tempId":"aco_1500","price":"0","gt_translate_keys":["label"]},{"label":"4 people","value":"4","selected":false,"tempId":"aco_1510","price":"0","gt_translate_keys":["label"]},{"label":"5 people","value":"5","selected":false,"tempId":"aco_1520","price":"0","gt_translate_keys":["label"]},{"label":"6 people","value":"6","selected":false,"tempId":"aco_1728","price":"0","gt_translate_keys":["label"]},{"label":"7 people","value":"7","selected":false,"tempId":"aco_1738","price":"0","gt_translate_keys":["label"]},{"label":"8 people","value":"8","selected":false,"tempId":"aco_1748","price":"0","gt_translate_keys":["label"]}],"price":"","cl_rule":"show","col":6,"type":"select","error":false,"priceOptions":"different_for_all","pricingType":"fixed","is_show_price":false,"gt_translate_keys":["label","placeholder"],"price_dependency":["select_067811df876146"],"cl_dependency":false,"value":""}],[{"active":true,"col":6,"relations":false,"cl_rule":"show","enableCl":false,"price":"","enablePrice":true,"className":"","label_position":"default","desc_position":"default","type":"select","required":false,"elementId":"select_067811df876146","label":"\ud83c\udf57 Meal (+10\u20ac\/person)","name":"select_067811df876146","values":[{"label":"No","value":"No","selected":false,"tempId":"aco_2562","price":"","gt_translate_keys":["label"]},{"label":"Yes (+10\u20ac\/person)","value":"Yes","selected":false,"tempId":"aco_2563","price":"{field.select_667811df87613d.value}*10","gt_translate_keys":["label"]}],"dropdown_type":"basic","error":false,"description":"Snacks and drinks are included. If you want an extra meal, please select this option. The meal is marinated chicken with mojo potatoes and coleslaw. Payment due at arrival the day of the tour.","priceOptions":"different_for_all","pricingType":"custom","isTemplate":false,"is_show_price":true,"gt_translate_keys":["label","description"],"price_dependency":false,"cl_dependency":false,"value":""}]]},"sec_167811df876147":{"extra":{"key":"sec_167811df876147","section_id":"sec_167811df876147","name":"Pickup Location","status":1,"cl_rule":"show","enableCl":false,"relations":[],"toggle":true,"title_tag":"h4","show_title":false,"showPrice":"default","form_id":13536,"form_rules":{"exclude_from_discount":true,"fee_label":"Fee","disp_hide_options_price":true,"disp_show_section_price":false,"disp_show_field_price":true,"layout_option":"standard","pric_use_as_fee":false,"process_fee_as":"woo_fee"},"layout_option":"standard"},"fields":[[{"elementId":"separator_1067811df876152","separatorType":"blank","className":"","height":"3","enableCl":false,"relations":false,"cl_rule":"show","col":6,"type":"separator","error":false,"gt_translate_keys":[],"price_dependency":false,"cl_dependency":false,"value":""}],[{"active":true,"col":6,"relations":[{"operator":false,"rules":[{"operator":"AND","rules":{"cl_field":"radio-group_565c78ffa81208","cl_relation":"is","cl_val":"3 Hour Trip"}}]}],"cl_rule":"show","enableCl":false,"price":"","enablePrice":false,"className":"","label_position":"default","desc_position":"default","type":"select","required":false,"elementId":"select_667811df87615b","label":"\u23f0 Departure","name":"select_667811df87615b","values":[{"label":"09:00","value":"09:00","selected":false,"tempId":"aco_1471","gt_translate_keys":["label"]},{"label":"12:00","value":"12:00","selected":false,"tempId":"aco_1510","gt_translate_keys":["label"]},{"label":"15:00","value":"15:00","selected":false,"tempId":"aco_1738","gt_translate_keys":["label"]}],"dropdown_type":"basic","error":false,"placeholder":"Whichever Time is Best","gt_translate_keys":["label","placeholder"],"price_dependency":false,"cl_dependency":false,"value":""}],[{"elementId":"separator_767811df876165","separatorType":"blank","className":"","height":"1","enableCl":false,"relations":false,"cl_rule":"show","col":6,"type":"separator","gt_translate_keys":[],"price_dependency":false,"cl_dependency":false,"value":""}],[{"elementId":"separator_967811df876170","separatorType":"blank","className":"","height":"1","enableCl":false,"relations":false,"cl_rule":"show","col":6,"type":"separator","error":false,"gt_translate_keys":[],"price_dependency":false,"cl_dependency":false,"value":""}],[{"active":true,"col":6,"relations":false,"cl_rule":"show","enableCl":false,"price":"","enablePrice":false,"className":"","label_position":"default","desc_position":"default","type":"text","subtype":"text","required":false,"elementId":"text_967811df876178","label":"\ud83d\ude8c Pickup Location","name":"text_967811df876178","value":"","error":false,"description":"Pick-up service in some locations. Simply provide your address or hotel name. (+2\u20ac\/person paid at pickup to the driver)","gt_translate_keys":["label","description","value"],"price_dependency":false,"cl_dependency":false}]]}},"config":{"price_override":"always","enable_recaptcha":false,"bind_quantity":false,"quantity_bind_formula":false,"disp_summ_show_option_price":true,"disp_summ_show_product_price":false,"disp_summ_show_total_price":true,"disp_summ_show_fee":true,"disp_summ_show_discount":true,"summary_title":"","options_total_label":"Options Price","total_label":"Total Amount","options_product_label":"Product Price","fee_label":"Fee","discount_label":"Discount","has_price":true,"has_quantity_formula":false},"mc_unit":1,"tax_rate":1,"tax_rate_real":1,"discount":{"percentage":0,"fixed":0},"design":{"conf":{"LabelPosition":"above","DescPosition":"above","UploadField":"custom_1","QuantityFieldStyle":"custom_1"},"css":{"LeftLabelWidth":"120px"}},"formulas":{"fmla_1708364241278155361":"(({field.select_3666b1eb2b11fe.value}>=8)?(1400):(({field.select_3666b1eb2b11fe.value}>=7)?(1225):(({field.select_3666b1eb2b11fe.value}>=6)?(1050):(({field.select_3666b1eb2b11fe.value}>=5)?(875):(({field.select_3666b1eb2b11fe.value}>=4)?(700):(({field.select_3666b1eb2b11fe.value}>=3)?(500):(0)))))))","fmla_1718295979528641619":"(({field.select_3666b1eb2b11fe.value}>=8)?(280):(({field.select_3666b1eb2b11fe.value}>=7)?(205):(({field.select_3666b1eb2b11fe.value}>=6)?(150):(({field.select_3666b1eb2b11fe.value}>=5)?(175):(({field.select_3666b1eb2b11fe.value}>=4)?(200):(({field.select_3666b1eb2b11fe.value}>=3)?(150):(0)))))))"},"lookuptables":[],"clones":false,"cartKey":false}},"_links":{"self":[{"href":"https:\/\/canaryvip.com\/da\/wp-json\/wp\/v2\/product\/12949","targetHints":{"allow":["GET"]}}],"collection":[{"href":"https:\/\/canaryvip.com\/da\/wp-json\/wp\/v2\/product"}],"about":[{"href":"https:\/\/canaryvip.com\/da\/wp-json\/wp\/v2\/types\/product"}],"replies":[{"embeddable":true,"href":"https:\/\/canaryvip.com\/da\/wp-json\/wp\/v2\/comments?post=12949"}],"wp:featuredmedia":[{"embeddable":true,"href":"https:\/\/canaryvip.com\/da\/wp-json\/wp\/v2\/media\/12950"}],"wp:attachment":[{"href":"https:\/\/canaryvip.com\/da\/wp-json\/wp\/v2\/media?parent=12949"}],"wp:term":[{"taxonomy":"product_brand","embeddable":true,"href":"https:\/\/canaryvip.com\/da\/wp-json\/wp\/v2\/product_brand?post=12949"},{"taxonomy":"product_cat","embeddable":true,"href":"https:\/\/canaryvip.com\/da\/wp-json\/wp\/v2\/product_cat?post=12949"},{"taxonomy":"product_tag","embeddable":true,"href":"https:\/\/canaryvip.com\/da\/wp-json\/wp\/v2\/product_tag?post=12949"}],"curies":[{"name":"wp","href":"https:\/\/api.w.org\/{rel}","templated":true}]}}