{"id":12784,"date":"2024-08-05T16:50:08","date_gmt":"2024-08-05T15:50:08","guid":{"rendered":"https:\/\/canaryvip.com\/?post_type=product&#038;p=12784"},"modified":"2025-08-09T14:08:37","modified_gmt":"2025-08-09T13:08:37","slug":"self-drive-boat-hire-tenerife","status":"publish","type":"product","link":"https:\/\/canaryvip.com\/da\/shop\/self-drive-boat-hire-tenerife\/","title":{"rendered":"Selvk\u00f8rende b\u00e5dudlejning p\u00e5 Tenerife"},"content":{"rendered":"<h2>\ud83d\udea4 Lej en selvk\u00f8rende b\u00e5d uden k\u00f8rekort p\u00e5 Tenerife<\/h2>\n<p>Begynd p\u00e5 dit akvatiske eventyr ved at leje en selvk\u00f8rende b\u00e5d i <a href=\"https:\/\/canaryvip.com\/da\/tenerife\/\">Tenerife<\/a>Den er perfekt til dem, der \u00f8nsker friheden ved at navigere selv.<\/p>\n<p>Tag af sted fra den natursk\u00f8nne <a href=\"https:\/\/www.google.com\/maps\/place\/Puerto+Col%C3%B3n\/@28.078002,-16.7394902,1078m\/data=!3m2!1e3!4b1!4m6!3m5!1s0xc6a9743509c9ebf:0xd62345524f768247!8m2!3d28.078002!4d-16.7369153!16s%2Fg%2F11c6cqryw_?authuser=0&amp;entry=tts&amp;g_ep=EgoyMDI0MDgwNC4wKgBIAVAD\" target=\"_blank\" rel=\"noopener\">Puerto Col\u00f3n<\/a>hvor du har mulighed for at opdage afsidesliggende steder, slikke sol eller nyde en picnic p\u00e5 vandet omgivet af Atlanterhavets krystalklare b\u00f8lger.<\/p>\n<p>Forestil dig sp\u00e6ndingen ved selv at tage roret og navigere i Tenerifes fantastiske farvande. M\u00e6rk vinden i dit h\u00e5r og solen i dit ansigt, mens du s\u00e6tter din egen kurs. Vores b\u00e5de kan rumme op til 5 passagerer, hvilket g\u00f8r dem perfekte til halvdagsleje eller heldagseventyr.<\/p>\n<h3>\ud83d\udea4 Din rejse, din kommando<\/h3>\n<ul>\n<li><strong>Kompakt design:<\/strong> Nyd den smidige og komfortable sejlads med vores velholdte b\u00e5de.<\/li>\n<li><strong>Fantastisk landskab:<\/strong> Sejl t\u00e6t p\u00e5 Tenerifes smukke La Caleta eller Diego Hernandez-stranden, og nyd det livlige marineliv omkring dig.<\/li>\n<li><strong style=\"letter-spacing: 0em;\">Private Dips:<\/strong><span style=\"letter-spacing: 0em;\"> Kast anker i skjulte bugter, der er ideelle til sv\u00f8mning, snorkling eller solbadning.<\/span><\/li>\n<li><strong>Snacks p\u00e5 havet:<\/strong> Friheden til at medbringe og nyde din egen mad om bord forbedrer denne personlige oplevelse med selvk\u00f8rende b\u00e5dudlejning p\u00e5 Tenerife.<\/li>\n<li><strong>Ubesv\u00e6ret h\u00e5ndtering:<\/strong> Med brugervenligt design og stabile sejlegenskaber g\u00f8r vores b\u00e5de sejlads tilg\u00e6ngelig for alle.<\/li>\n<\/ul>\n<h3>\u2728 Vigtige detaljer om din udlejning af selvk\u00f8rende b\u00e5d<\/h3>\n<p><strong>Tilpasset til dine pr\u00e6ferencer:<\/strong> Vores b\u00e5de, der passer til op til 5 personer, er perfekte til en parferie eller en gruppeudflugt og er klar til enhver begivenhed. Der f\u00f8lger omfattende instruktioner med for at sikre en sikker og dejlig oplevelse p\u00e5 vandet.<\/p>\n<p><strong>Et alsidigt valg for alle:<\/strong> Vores selvk\u00f8rende b\u00e5de uden k\u00f8rekort er ideelle for familier, venner eller solo-opdagelsesrejsende, og de giver dig mulighed for at opleve en blanding af selvst\u00e6ndighed og natursk\u00f8n luksus p\u00e5 baggrund af Tenerifes kystlinje.<\/p>\n<h3>\ud83d\udea4 G\u00f8r dig klar til din udflugt<\/h3>\n<p>Forbered dig p\u00e5 en uforglemmelig dag p\u00e5 havet med badet\u00f8j og solcreme. Alle n\u00f8dvendige navigationsv\u00e6rkt\u00f8jer leveres af os, s\u00e5 du kan fokusere udelukkende p\u00e5 forn\u00f8jelsen ved at g\u00e5 p\u00e5 opdagelse.<\/p>\n<p>Glem ikke dit kamera, s\u00e5 du kan forevige den betagende udsigt over Tenerifes kyster og det vandliv, der blomstrer nedenunder.<\/p>\n<h3>\ud83d\udcdc Politikker for afbestilling og ombordstigning<\/h3>\n<p><strong>Privat b\u00e5dcharter:<\/strong> Du kan afbestille gratis op til 96 timer f\u00f8r afrejse. Hvis du afbestiller med mindre end 72 timers varsel, vil dit depositum ikke blive refunderet.<\/p>\n<p><strong>F\u00e6lles rejse:<\/strong> Gratis afbestilling op til 48 timer f\u00f8r din planlagte afgang. Hvis du afbestiller senere eller ikke dukker op, g\u00e5r depositummet tabt.<\/p>\n<p><strong>\ud83c\udf26\ufe0f Vejr og minimumsdeltagere:<\/strong> I tilf\u00e6lde af d\u00e5rligt vejr, eller hvis der ikke er nok deltagere, kan du v\u00e6lge at f\u00e5 alle pengene tilbage eller flytte turen til en anden dato.<\/p>\n<p><strong>\ud83d\udea2 Regler om bord:<\/strong> Ankom venligst til tiden! Der gives ikke refusion for forsinket ankomst eller \u00e6ndringer i rejseplanen p\u00e5 grund af s\u00f8syge.<\/p>\n<h3>\ud83d\ude99 Startpunkt og parkering<\/h3>\n<p><strong>Begynd ved <a href=\"https:\/\/www.google.com\/maps\/place\/Puerto+Col%C3%B3n\/@28.078002,-16.7394902,1078m\/data=!3m2!1e3!4b1!4m6!3m5!1s0xc6a9743509c9ebf:0xd62345524f768247!8m2!3d28.078002!4d-16.7369153!16s%2Fg%2F11c6cqryw_?authuser=0&amp;entry=tts&amp;g_ep=EgoyMDI0MDgwNC4wKgBIAVAD\" target=\"_blank\" rel=\"noopener\">Puerto Col\u00f3n<\/a>:<\/strong> Dit maritime eventyr starter ved <strong>Puerto Col\u00f3n<\/strong>Gode parkeringsmuligheder ved havnen g\u00f8r det nemt at starte dagen. Ankom lidt tidligt for at starte din rejse uden hastv\u00e6rk.<\/p>\n<h3>\ud83c\udf1f CanaryVIP's l\u00f8fte til dig<\/h3>\n<p>Hos CanaryVIP prioriterer vi din tilfredshed over alt andet. Nyd godt af fleksible afbestillingsregler, der giver sikkerhed, n\u00e5r du booker leje af din selvk\u00f8rende b\u00e5d. Vi er forpligtet til at levere fremragende service med fokus p\u00e5 sikkerhed og et \u00f8nske om at forbedre din oplevelse af Tenerifes majest\u00e6tiske farvande.<\/p>\n<p>Tag p\u00e5 eventyr med en selvk\u00f8rende b\u00e5d uden k\u00f8rekort, sejl p\u00e5 Tenerifes vidunderlige hav, og opdag de skjulte juveler langs kystlinjen. <strong>Puerto Col\u00f3n.<\/strong><\/p>\n<p>Reserver i dag til et eksklusivt nautisk eventyr, der forener uafh\u00e6ngighed, komfort og De Kanariske \u00d8ers uber\u00f8rte sk\u00f8nhed. Book nu og skab varige minder p\u00e5 havet!<\/p>","protected":false},"excerpt":{"rendered":"<p><strong>\ud83d\udd0d Selvk\u00f8rende b\u00e5d:<\/strong><br \/>\n<span>\u2705 Sikker betaling.<\/span><br \/>\n<span>\ud83e\udeaa Uden b\u00e5dlicens.<\/span><br \/>\n<span>\ud83d\udee5\ufe0f 5 meter lang.<\/span><br \/>\n<span>\u23f3 Daglig udlejning af 2-8 timer.<br \/>\n\u26fd Benzin inkluderet<\/span><br \/>\n<span>\ud83d\udd59 Afgangstider, der kan tilpasses.<\/span><br \/>\n<span>\ud83d\udc65 Op til 5 g\u00e6ster.<\/span><br \/>\n<span>\ud83e\udd3f Snorkeludstyr.<\/span><br \/>\n<span>\ud83e\udd11 Garanteret bedste pris.<\/span><br \/>\n<span>\ud83d\udc6a Rabatter aktiveret.<\/span><br \/>\n<span>\ud83d\udd01 Op til 4 dages afbestilling.<\/span><br \/>\n<span>\ud83c\udf0d Underst\u00f8ttelse af flere sprog.<\/span><br \/>\n<span>\ud83c\udf1f Book tidligt og spar!<br \/>\n\ud83d\udccd Afgang fra <a href=\"https:\/\/maps.app.goo.gl\/3EAT9KE3yNKvnqsz7\" target=\"_blank\" rel=\"noopener\">Puerto Col\u00f3n<\/a>.<br \/>\n<\/span><\/p>","protected":false},"featured_media":14654,"comment_status":"open","ping_status":"closed","template":"","meta":{"_acf_changed":false},"product_brand":[],"product_cat":[130],"product_tag":[],"class_list":{"0":"post-12784","1":"product","2":"type-product","3":"status-publish","4":"has-post-thumbnail","6":"product_cat-self-drive-boat-hire","7":"wcpa_has_options","9":"first","10":"instock","11":"sale","12":"virtual","13":"purchasable","14":"product-type-simple"},"acf":[],"wcpa_form_fields":{"wcpaData":{"product":{"product_price":180,"price_html":"From&nbsp;<del aria-hidden=\"true\"><span class=\"woocommerce-Price-amount amount\"><bdi>200,00&nbsp;<span class=\"woocommerce-Price-currencySymbol\">&euro;<\/span><\/bdi><\/span><\/del> <span class=\"screen-reader-text\">Den oprindelige pris var: 200,00&nbsp;&euro;.<\/span><ins aria-hidden=\"true\"><span class=\"woocommerce-Price-amount amount\"><bdi>180,00&nbsp;<span class=\"woocommerce-Price-currencySymbol\">&euro;<\/span><\/bdi><\/span><\/ins><span class=\"screen-reader-text\">Den aktuelle pris er: 180,00&nbsp;&euro;.<\/span>","original_product_price":200,"price_including_tax":180,"price_excluding_tax":180,"product_id":{"parent":12784,"variation":false},"is_variable":false,"stock_status":"instock","stock_quantity":null,"parent_sku":"CV12784","product_attributes":[],"custom_fields":[],"is_taxable":false,"product_name":"Self Drive Boat Hire Tenerife","hasImage":false},"fields":{"sec_666b2beb820739":{"extra":{"key":"sec_666b2beb820739","section_id":"sec_666b2beb820739","name":"Default","status":1,"cl_rule":"show","enableCl":false,"relations":[],"toggle":true,"title_tag":"h3","show_title":false,"showPrice":"default","form_id":12811,"form_rules":{"exclude_from_discount":true,"fee_label":"Fee","disp_hide_options_price":true,"disp_show_section_price":false,"disp_show_field_price":true,"layout_option":"standard","pric_use_as_fee":false,"process_fee_as":"woo_fee"},"layout_option":"standard"},"fields":[[{"label":"\ud83d\udcc5 Date","active":true,"required":true,"elementId":"date_466b2beb820758","picker_type":"custom","picker_mode":"single","placeholder":"","description":"","tooltip":"","name":"date_466b2beb820758","label_position":"default","desc_position":"default","enablePrice":false,"className":"","enableCl":false,"relations":[{"operator":"and","rules":[{"operator":"AND","rules":{"cl_field":"radio-group_565c78ffa81208","cl_relation":"is","cl_val":"3 Hour Trip"}}]}],"date_pic_inline":true,"date_pic_inline_hide":true,"min_date":{"type":"days","val":"0"},"max_date":{"type":"days","val":"365"},"date_pic_conf":{"disabledWeeks":[],"disabledDates":[]},"price":"","cl_rule":"show","col":6,"type":"date","error":false,"enableDesign":false,"LabelColor":"","gt_translate_keys":["label","placeholder","description","tooltip"],"price_dependency":false,"cl_dependency":false,"value":""}],[{"contentType":"rich","active":true,"label":"","elementId":"content_466b2beb820766","value":"<p>\ud83c\udf9f\ufe0f <strong>Reservation<\/strong>: Pay only a deposit now to reserve; the rest is due on the day of the activity upon arrival.<\/p>","inline":false,"name":"content_466b2beb820766","enablePrice":false,"className":"","subtype":"p","enableCl":false,"relations":false,"price":"","cl_rule":"show","col":6,"type":"content","error":false,"pricingType":"custom","isTemplate":false,"is_show_price":true,"show_in_checkout":true,"gt_translate_keys":["label","value"],"price_dependency":false,"cl_dependency":false}],[{"active":true,"col":6,"relations":false,"cl_rule":"show","enableCl":false,"price":"","enablePrice":true,"className":"","label_position":"default","desc_position":"default","type":"select","required":true,"elementId":"select_366b2beb82077c","label":"\u23f3 Trip Duration","name":"select_366b2beb82077c","values":[{"label":"2 Hours (180\u20ac)","value":"2","selected":false,"tempId":"aco_85","price":"180","gt_translate_keys":["label"]},{"label":"3 Hours (250\u20ac)","value":"3","selected":false,"tempId":"aco_556","price":"250","gt_translate_keys":["label"]},{"label":"4 Hours (320\u20ac)","value":"4","selected":false,"tempId":"aco_605","price":"320","gt_translate_keys":["label"]},{"label":"5 Hours (390\u20ac)","value":"5","selected":false,"tempId":"aco_724","price":"390","gt_translate_keys":["label"]},{"label":"6 Hours (460\u20ac)","value":"6","selected":false,"tempId":"aco_401","price":"460","gt_translate_keys":["label"]}],"dropdown_type":"basic","error":false,"placeholder":"Select Trip Duration","priceOptions":"different_for_all","pricingType":"fixed","is_show_price":true,"gt_translate_keys":["label","placeholder"],"price_dependency":["content_266b2beb82078f","content_266b2beb820799"],"cl_dependency":false,"value":""}],[{"active":true,"col":6,"relations":false,"cl_rule":"show","enableCl":false,"price":"","enablePrice":false,"className":"","label_position":"default","desc_position":"default","type":"separator","required":false,"elementId":"separator_8240912106","label":"Separator Field","height":"3","separatorType":"fill","error":false,"separatorColor":"#66a5b6","gt_translate_keys":["label"],"price_dependency":false,"cl_dependency":false,"value":""}],[{"active":true,"col":6,"relations":false,"cl_rule":"show","enableCl":false,"price":"({field.select_366b2beb82077c.price}*0.2)+({field.select_166b2beb820786.price}*0.1)","enablePrice":true,"className":"","label_position":"default","desc_position":"default","type":"content","required":false,"elementId":"content_266b2beb82078f","label":"Deposit Payment","name":"content_266b2beb82078f","contentType":"plain","value":"","error":false,"pricingType":"custom","isTemplate":true,"is_show_price":false,"enableDesign":true,"scrollBar":false,"use_as_fee":false,"fee_label":"Payment Now","inline":true,"show_in_checkout":true,"subtype":"div","formulaId":"fmla_1708364241278155361","LabelSize":"14px","gt_translate_keys":["label","value"],"price_dependency":["content_466b2beb8207a2"],"cl_dependency":false}],[{"contentType":"plain","active":true,"label":"Payment at Arrival","elementId":"content_266b2beb820799","value":"","inline":true,"show_in_checkout":true,"name":"content_266b2beb820799","enablePrice":true,"className":"","fee_label":"Payment at Arrival","subtype":"div","enableCl":false,"relations":false,"scrollBar":false,"enableDesign":true,"pricingType":"custom","isTemplate":true,"price":"({field.select_366b2beb82077c.price}*0.8)+({field.select_166b2beb820786.price}*0.9)","use_as_fee":false,"is_show_price":true,"cl_rule":"show","col":6,"type":"content","error":false,"formulaId":"fmla_172299064258378161","LabelSize":"14px","gt_translate_keys":["label","value"],"price_dependency":["content_466b2beb8207a2"],"cl_dependency":false}],[{"contentType":"plain","active":true,"label":"Total Price","elementId":"content_466b2beb8207a2","value":"","inline":true,"show_in_checkout":true,"name":"content_466b2beb8207a2","enablePrice":true,"className":"","fee_label":"Payment at Arrival","subtype":"div","enableCl":false,"relations":false,"scrollBar":false,"enableDesign":true,"LabelSize":"14px","pricingType":"custom","isTemplate":false,"price":"({field.content_266b2beb82078f.price})+({field.content_266b2beb820799.price})","formulaId":"fmla_1708360988969136756","use_as_fee":false,"is_show_price":true,"cl_rule":"show","col":6,"type":"content","error":false,"gt_translate_keys":["label","value"],"price_dependency":false,"cl_dependency":false}],[{"elementId":"separator-8320172123","separatorType":"fill","separatorColor":"#66a5b6","className":"","height":"3","enableCl":false,"relations":false,"cl_rule":"show","col":6,"type":"separator","gt_translate_keys":[],"price_dependency":false,"cl_dependency":false,"value":""}],[{"active":true,"col":6,"relations":[{"operator":false,"rules":[{"operator":"AND","rules":{"cl_field":"radio-group_565c78ffa81208","cl_relation":"is","cl_val":"3 Hour Trip"}}]}],"cl_rule":"show","enableCl":false,"price":"","enablePrice":false,"className":"","label_position":"default","desc_position":"default","type":"select","required":false,"elementId":"select_866b2beb8207ab","label":"\u23f0 Departure Time","name":"select_866b2beb8207ab","values":[{"label":"9:30","value":"9:30","selected":false,"tempId":"aco_1471","gt_translate_keys":["label"]},{"label":"10:30","value":"10:30","selected":false,"tempId":"aco_1472","gt_translate_keys":["label"]},{"label":"11:30","value":"11:30","selected":false,"tempId":"aco_1500","gt_translate_keys":["label"]},{"label":"12:30","value":"12:30","selected":false,"tempId":"aco_1510","gt_translate_keys":["label"]},{"label":"13:30","value":"13:30","selected":false,"tempId":"aco_1520","gt_translate_keys":["label"]},{"label":"14:30","value":"14:30","selected":false,"tempId":"aco_1728","gt_translate_keys":["label"]},{"label":"15:30","value":"15:30","selected":false,"tempId":"aco_1738","gt_translate_keys":["label"]}],"dropdown_type":"basic","error":false,"placeholder":"Whichever Time is Best","gt_translate_keys":["label","placeholder"],"price_dependency":false,"cl_dependency":false,"value":""}],[{"elementId":"separator_266b2beb8207b5","separatorType":"blank","className":"","height":"1","enableCl":false,"relations":false,"cl_rule":"show","col":6,"type":"separator","gt_translate_keys":[],"price_dependency":false,"cl_dependency":false,"value":""}],[{"label":"\u2705 Number of People","active":true,"required":true,"elementId":"select_466b2beb8207be","dropdown_type":"basic","placeholder":"Select Number of People","name":"select_466b2beb8207be","label_position":"default","desc_position":"default","enablePrice":false,"className":"","enableCl":false,"relations":[{"operator":false,"rules":[{"operator":"AND","rules":{"cl_field":"radio-group_565c78ffa81208","cl_relation":"is","cl_val":"3 Hour Trip"}}]}],"values":[{"label":"1 person","value":"1","selected":false,"tempId":"aco_1471","gt_translate_keys":["label"]},{"label":"2 people","value":"2","selected":false,"tempId":"aco_1472","gt_translate_keys":["label"]},{"label":"3 people","value":"3","selected":false,"tempId":"aco_1500","gt_translate_keys":["label"]},{"label":"4 people","value":"4","selected":false,"tempId":"aco_1510","gt_translate_keys":["label"]},{"label":"5 people","value":"5","selected":false,"tempId":"aco_1520","gt_translate_keys":["label"]},{"label":"6 people","value":"6","selected":false,"tempId":"aco_2006","gt_translate_keys":["label"]}],"price":"","cl_rule":"show","col":6,"type":"select","error":false,"gt_translate_keys":["label","placeholder"],"price_dependency":false,"cl_dependency":false,"value":""}]]}},"config":{"price_override":"always","enable_recaptcha":false,"bind_quantity":false,"quantity_bind_formula":false,"disp_summ_show_option_price":true,"disp_summ_show_product_price":false,"disp_summ_show_total_price":false,"disp_summ_show_fee":true,"disp_summ_show_discount":true,"summary_title":"","options_total_label":"Options Price","total_label":"Total Amount","options_product_label":"Product Price","fee_label":"Fee","discount_label":"Discount","has_price":true,"has_quantity_formula":false},"mc_unit":1,"tax_rate":1,"tax_rate_real":1,"discount":{"percentage":0,"fixed":0},"design":{"conf":{"LabelPosition":"above","DescPosition":"above","UploadField":"custom_1","QuantityFieldStyle":"custom_1"},"css":{"LeftLabelWidth":"120px"}},"formulas":{"fmla_1708364241278155361":"(({field.select_366b2beb82077c.value}>=6)?(130):(({field.select_366b2beb82077c.value}>=5)?(110):(({field.select_366b2beb82077c.value}>=4)?(90):(({field.select_366b2beb82077c.value}>=3)?(70):(({field.select_366b2beb82077c.value}>=2)?(60):(0))))))","fmla_172299064258378161":"(({field.select_366b2beb82077c.value}>=6)?(330):(({field.select_366b2beb82077c.value}>=5)?(280):(({field.select_366b2beb82077c.value}>=4)?(230):(({field.select_366b2beb82077c.value}>=3)?(180):(({field.select_366b2beb82077c.value}>=2)?(120):(0))))))"},"lookuptables":[],"clones":false,"cartKey":false}},"_links":{"self":[{"href":"https:\/\/canaryvip.com\/da\/wp-json\/wp\/v2\/product\/12784","targetHints":{"allow":["GET"]}}],"collection":[{"href":"https:\/\/canaryvip.com\/da\/wp-json\/wp\/v2\/product"}],"about":[{"href":"https:\/\/canaryvip.com\/da\/wp-json\/wp\/v2\/types\/product"}],"replies":[{"embeddable":true,"href":"https:\/\/canaryvip.com\/da\/wp-json\/wp\/v2\/comments?post=12784"}],"wp:featuredmedia":[{"embeddable":true,"href":"https:\/\/canaryvip.com\/da\/wp-json\/wp\/v2\/media\/14654"}],"wp:attachment":[{"href":"https:\/\/canaryvip.com\/da\/wp-json\/wp\/v2\/media?parent=12784"}],"wp:term":[{"taxonomy":"product_brand","embeddable":true,"href":"https:\/\/canaryvip.com\/da\/wp-json\/wp\/v2\/product_brand?post=12784"},{"taxonomy":"product_cat","embeddable":true,"href":"https:\/\/canaryvip.com\/da\/wp-json\/wp\/v2\/product_cat?post=12784"},{"taxonomy":"product_tag","embeddable":true,"href":"https:\/\/canaryvip.com\/da\/wp-json\/wp\/v2\/product_tag?post=12784"}],"curies":[{"name":"wp","href":"https:\/\/api.w.org\/{rel}","templated":true}]}}