{"id":12210,"date":"2024-07-03T15:52:34","date_gmt":"2024-07-03T14:52:34","guid":{"rendered":"https:\/\/canaryvip.com\/?post_type=product&#038;p=12210"},"modified":"2025-08-09T14:02:34","modified_gmt":"2025-08-09T13:02:34","slug":"magic-island-yacht-charter-gran-canaria","status":"publish","type":"product","link":"https:\/\/canaryvip.com\/da\/shop\/magic-island-yacht-charter-gran-canaria\/","title":{"rendered":"Magic Island: Yachtudlejning<br\/> Gran Canaria"},"content":{"rendered":"<h2>\ud83d\udee5\ufe0f Magic Island Yachtudlejning Gran Canaria med CanaryVIP<\/h2>\n<p>Oplev De Kanariske \u00d8ers sk\u00f8nhed fra komforten i en <strong>luksusyacht<\/strong> med vores Magic Island Yacht Hire p\u00e5 Gran Canaria. Denne <strong>privat b\u00e5dtur<\/strong> langs Gran Canarias betagende sydvestkyst er perfekt for familier, venner eller alle, der s\u00f8ger et VIP-eventyr. Hos CanaryVIP sikrer vi en problemfri bookingoplevelse til din dr\u00f8mmedag til s\u00f8s.<\/p>\n<h3>\u2b50\ufe0f Hvorfor v\u00e6lge Magic Island yachtudlejning i Gran Canaria<\/h3>\n<p>Her er, hvad der g\u00f8r Magic Island-yachten til et enest\u00e5ende valg til din n\u00e6ste <strong>udlejning af b\u00e5d i Gran Canaria<\/strong>:<\/p>\n<h4><strong>Eksklusiv privat oplevelse<\/strong><\/h4>\n<p>Nyd Atlanterhavets krystalklare vand helt privat. Med plads til op til 12 g\u00e6ster er Magic Island-yachten ideel til festligheder, familieudflugter eller endda forretningsarrangementer.<\/p>\n<h4><strong>Komfort og stil<\/strong><\/h4>\n<p>Slap af i det hyggelige og elegante interi\u00f8r, komplet med et lille sovev\u00e6relse, toilet, komfortable siddepladser og en spiseplads. Nyd den kanariske sol p\u00e5 den \u00f8verste solterrasse, eller slap af i skyggen, mens du sejler langs den vulkanske kystlinje.<\/p>\n<h4><strong>Sp\u00e6ndende vandaktiviteter<\/strong><\/h4>\n<p>G\u00f8r din oplevelse endnu bedre med sjove aktiviteter, der er inkluderet i din booking:<\/p>\n<ul>\n<li><strong>\ud83e\udd3f Snorkeludstyr:<\/strong> Udforsk undervandsverdenen med udstyr, der stilles til r\u00e5dighed om bord.<\/li>\n<li><strong>\ud83c\udf4c Tur i bananb\u00e5d:<\/strong> Tilf\u00f8j lidt adrenalin til din tur med denne sp\u00e6ndende aktivitet, som er inkluderet uden ekstra omkostninger.<\/li>\n<\/ul>\n<h3>\ud83d\udea4 Magic Island Yacht Trip muligheder<\/h3>\n<p>V\u00e6lg mellem to turvarigheder, der passer til din tidsplan og dine pr\u00e6ferencer:<\/p>\n<ul>\n<li><strong>3-timers tur:<\/strong> Ideel til en kort, men s\u00f8d introduktion til Gran Canarias kystsk\u00f8nhed. Sv\u00f8m, snorkel og nyd solen.<\/li>\n<li><strong>5-timers tur:<\/strong> Hvis du vil have en mere fordybende oplevelse, kan du tage dig tid til at udforske kysten, nyde vandaktiviteter og slappe af om bord med snacks og drikkevarer.<\/li>\n<\/ul>\n<h3>\ud83e\udd42 Hvad er inkluderet i din yacht-charter?<\/h3>\n<p>Din <strong>Yachtudlejning i Gran Canaria<\/strong> inkluderer:<\/p>\n<ul>\n<li>Snacks som chips og n\u00f8dder.<\/li>\n<li>Drikkevarer fra en \u00e5ben bar, herunder \u00f8l, sodavand, vand og juice.<\/li>\n<li>Snorkeludstyr og en sjov tur i bananb\u00e5d.<\/li>\n<li>Frokost f\u00e5s p\u00e5 foresp\u00f8rgsel (\u20ac10 pr. person, oplyses ved bestilling).<\/li>\n<li>Professionel bes\u00e6tning, der taler flydende engelsk og spansk, sikrer din komfort og sikkerhed under hele turen.<\/li>\n<\/ul>\n<h3>\ud83d\udccd Detaljer om afrejse<\/h3>\n<ul>\n<li><strong>Placering:<\/strong> <a href=\"https:\/\/maps.app.goo.gl\/iZBybc3i384tdR816\" target=\"_blank\" rel=\"noopener\">Puerto Base i Puerto Rico<\/a>Gran Canaria.<\/li>\n<li><strong>Tidspunkt:<\/strong> V\u00e6lg mellem afgang kl. 9.00 eller kl. 14.00.<\/li>\n<li><strong>Transport:<\/strong> Valgfri afhentningsservice for kun \u20ac2 pr. person.<\/li>\n<\/ul>\n<p>Vi anbefaler, at du ankommer mindst 15 minutter f\u00f8r afgang for at sikre en god start p\u00e5 dit eventyr.<\/p>\n<h3>\u2705 Gennemsigtig afbestillingspolitik<\/h3>\n<p>Vi forst\u00e5r, at planer kan \u00e6ndre sig, s\u00e5 vores afbestillingsregler er designet til at give dig ro i sindet:<\/p>\n<ul>\n<li><strong>Vejrgaranti:<\/strong> Hvis vejrforholdene er usikre, har du mulighed for at \u00e6ndre tidspunktet eller f\u00e5 pengene tilbage.<\/li>\n<li><strong>Fleksible aflysninger:<\/strong> Du kan afbestille eller oml\u00e6gge gratis op til 8 dage f\u00f8r din rejse. Depositum refunderes ikke ved afbestilling inden for 8 dage f\u00f8r planlagt afgang.<\/li>\n<\/ul>\n<h3>\ud83d\udc68\u200d\u2708\ufe0f Tips til dit Magic Island-eventyr<\/h3>\n<p>F\u00e5 mest muligt ud af din dag med disse enkle tips:<\/p>\n<ul>\n<li>Medbring badet\u00f8j, h\u00e5ndkl\u00e6de og solcreme.<\/li>\n<li>Tag behageligt t\u00f8j p\u00e5, der passer til vejret.<\/li>\n<li>Hav din CanaryVIP-billet klar p\u00e5 din telefon eller printet ud.<\/li>\n<li>Spis et let m\u00e5ltid p\u00e5 forh\u00e5nd for at undg\u00e5 s\u00f8syge.<\/li>\n<\/ul>\n<h3>\ud83c\udf1f Hvorfor booke med CanaryVIP<\/h3>\n<p>Hos CanaryVIP har vi specialiseret os i at tilbyde de bedste muligheder for <a href=\"https:\/\/canaryvip.com\/da\/gran-canaria\/\"><strong>b\u00e5dudlejning i Gran Canaria<\/strong><\/a>. Fra luksuri\u00f8se yachter som Magic Island til andre skr\u00e6ddersyede udflugter g\u00f8r vi det nemt for dig at skabe uforglemmelige minder p\u00e5 vandet.<\/p>\n<p>Bestil din <strong>Magic Island Yachtudlejning<\/strong> i dag og g\u00e5 i gang med en dag fyldt med sjov, afslapning og en betagende udsigt over Gran Canarias fantastiske kystlinje.<\/p>\n<p>\ud83d\udc49 <span>Reserve<\/span><span> Og nu<\/span> og l\u00f8ft din ferieoplevelse!<\/p>","protected":false},"excerpt":{"rendered":"<p><strong>\ud83d\udd0d Magic Island Gran Canaria:<\/strong><br \/>\n\u2705 Sikker betaling.<br \/>\n\ud83d\udd10 Private ture.<br \/>\n\ud83d\udee5\ufe0f 18m Yacht Comfort.<br \/>\n\u23f3 Daglige ture p\u00e5 3H &amp; 5H.<br \/>\n\ud83d\udd59 Afgangstider, der kan tilpasses.<br \/>\n\ud83d\udc65 Op til 12 g\u00e6ster.<br \/>\n\ud83c\udfc4\u200d\u2640\ufe0f Paddle Boards inkluderet.<br \/>\n\ud83e\udd3f Snorkeludstyr stilles til r\u00e5dighed.<br \/>\n\ud83d\udd0a Spil din musik.<br \/>\n\ud83d\ude8c Afhentning og aflevering.<br \/>\n\ud83e\udd11 Garanteret bedste pris.<br \/>\n\ud83d\udc6a Rabatter aktiveret.<br \/>\n\ud83d\udd01 Op til 8 dages fortrydelsesret.<br \/>\n\ud83c\udf0d Flersproget bes\u00e6tning.<br \/>\n\ud83c\udf1f Book tidligt og spar!<br \/>\n\ud83d\udccd Afgang fra <a href=\"https:\/\/maps.app.goo.gl\/836RSsqAzbptb2Qy5\">Puerto Base<\/a>.<\/p>","protected":false},"featured_media":12212,"comment_status":"open","ping_status":"closed","template":"","meta":{"_acf_changed":false},"product_brand":[],"product_cat":[132],"product_tag":[],"class_list":{"0":"post-12210","1":"product","2":"type-product","3":"status-publish","4":"has-post-thumbnail","6":"product_cat-boat-hire-gran-canaria","7":"wcpa_has_options","9":"first","10":"instock","11":"virtual","12":"purchasable","13":"product-type-simple"},"acf":[],"wcpa_form_fields":{"wcpaData":{"product":{"product_price":550,"price_html":"From&nbsp;<span class=\"woocommerce-Price-amount amount\"><bdi>550,00&nbsp;<span class=\"woocommerce-Price-currencySymbol\">&euro;<\/span><\/bdi><\/span>","original_product_price":550,"price_including_tax":550,"price_excluding_tax":550,"product_id":{"parent":12210,"variation":false},"is_variable":false,"stock_status":"instock","stock_quantity":null,"parent_sku":"CV12210","product_attributes":[],"custom_fields":[],"is_taxable":false,"product_name":"Magic Island: Yacht Hire<br\/> Gran Canaria","hasImage":false},"fields":{"sec_26686cb82841ff":{"extra":{"key":"sec_26686cb82841ff","section_id":"sec_26686cb82841ff","name":"Default","status":1,"cl_rule":"show","enableCl":false,"relations":[],"toggle":true,"title_tag":"h3","show_title":false,"showPrice":"default","form_id":12242,"form_rules":{"exclude_from_discount":true,"fee_label":"Fee","disp_hide_options_price":true,"disp_show_section_price":false,"disp_show_field_price":true,"layout_option":"standard","pric_use_as_fee":false,"process_fee_as":"woo_fee"},"layout_option":"standard"},"fields":[[{"label":"\ud83d\udcc5 Date","active":true,"required":true,"elementId":"date_56686cb8284220","picker_type":"custom","picker_mode":"single","placeholder":"","description":"","tooltip":"","name":"date_56686cb8284220","label_position":"default","desc_position":"default","enablePrice":false,"className":"","enableCl":false,"relations":[{"operator":"and","rules":[{"operator":"AND","rules":{"cl_field":"radio-group_565c78ffa81208","cl_relation":"is","cl_val":"3 Hour Trip"}}]}],"date_pic_inline":true,"date_pic_inline_hide":true,"min_date":{"type":"days","val":"2"},"max_date":{"type":"days","val":"365"},"date_pic_conf":{"disabledWeeks":[]},"price":"","cl_rule":"show","col":6,"type":"date","error":false,"enableDesign":false,"LabelColor":"","gt_translate_keys":["label","placeholder","description","tooltip"],"price_dependency":false,"cl_dependency":false,"value":""}],[{"elementId":"separator_26686cb828423c","separatorType":"blank","className":"","height":"3","enableCl":false,"relations":false,"cl_rule":"show","col":6,"type":"separator","error":false,"gt_translate_keys":[],"price_dependency":false,"cl_dependency":false,"value":""}],[{"active":true,"col":6,"relations":false,"cl_rule":"show","enableCl":false,"price":"","enablePrice":true,"className":"","label_position":"default","desc_position":"default","type":"select","required":true,"elementId":"select_36686cb8284247","label":"\u23f3 Trip Duration","name":"select_36686cb8284247","values":[{"label":"3 Hours (550\u20ac)","value":"3","selected":false,"tempId":"aco_556","price":"550","gt_translate_keys":["label"]},{"label":"5 Hours (995\u20ac)","value":"5","selected":false,"tempId":"aco_122","price":"995","gt_translate_keys":["label"]}],"dropdown_type":"basic","error":false,"placeholder":"Select Trip Duration","priceOptions":"different_for_all","pricingType":"fixed","is_show_price":false,"gt_translate_keys":["label","placeholder"],"price_dependency":false,"cl_dependency":false,"value":""}],[{"label":"\u2705 Number of People","active":true,"required":true,"elementId":"select_76686cb828429b","dropdown_type":"basic","placeholder":"Select Number of People","name":"select_76686cb828429b","label_position":"default","desc_position":"default","enablePrice":true,"className":"","enableCl":false,"relations":[{"operator":false,"rules":[{"operator":"AND","rules":{"cl_field":"radio-group_565c78ffa81208","cl_relation":"is","cl_val":"3 Hour Trip"}}]}],"values":[{"label":"1 person","value":"1","selected":false,"tempId":"aco_1471","price":"0","gt_translate_keys":["label"]},{"label":"2 people","value":"2","selected":false,"tempId":"aco_1472","price":"0","gt_translate_keys":["label"]},{"label":"3 people","value":"3","selected":false,"tempId":"aco_1500","price":"0","gt_translate_keys":["label"]},{"label":"4 people","value":"4","selected":false,"tempId":"aco_1510","price":"0","gt_translate_keys":["label"]},{"label":"5 people","value":"5","selected":false,"tempId":"aco_1520","price":"0","gt_translate_keys":["label"]},{"label":"6 people","value":"6","selected":false,"tempId":"aco_1728","price":"0","gt_translate_keys":["label"]},{"label":"7 people","value":"7","selected":false,"tempId":"aco_1738","price":"0","gt_translate_keys":["label"]},{"label":"8 people","value":"8","selected":false,"tempId":"aco_1748","price":"0","gt_translate_keys":["label"]},{"label":"9 people (+50\u20ac)","value":"9","selected":false,"tempId":"aco_1912","price":"50","gt_translate_keys":["label"]},{"label":"10 people (+100\u20ac)","value":"10","selected":false,"tempId":"aco_1922","price":"100","gt_translate_keys":["label"]},{"label":"11 people (+150\u20ac)","value":"11","selected":false,"tempId":"aco_84","price":"150","gt_translate_keys":["label"]},{"label":"12 people (+200\u20ac)","value":"12","selected":false,"tempId":"aco_94","price":"200","gt_translate_keys":["label"]}],"price":"","cl_rule":"show","col":6,"type":"select","error":false,"priceOptions":"different_for_all","pricingType":"fixed","is_show_price":false,"gt_translate_keys":["label","placeholder"],"price_dependency":["select_5959492541"],"cl_dependency":false,"value":""}],[{"active":true,"col":6,"relations":false,"cl_rule":"show","enableCl":false,"price":"","enablePrice":true,"className":"","label_position":"default","desc_position":"default","type":"select","required":false,"elementId":"select_5959492541","label":"\ud83c\udf57 Meal (+10\u20ac\/person)","name":"select_5959492541","values":[{"label":"No","value":"No","selected":false,"tempId":"aco_2562","price":"","gt_translate_keys":["label"]},{"label":"Yes (+10\u20ac\/person)","value":"Yes","selected":false,"tempId":"aco_2563","price":"{field.select_76686cb828429b.value}*10","gt_translate_keys":["label"]}],"dropdown_type":"basic","error":false,"description":"Snacks and drinks are included. For an extra meal, please select marinated chicken with mojo potatoes and coleslaw. Paella is available at a different price upon request. Meals are paid for on the day of the tour on the boat.","priceOptions":"different_for_all","pricingType":"custom","isTemplate":false,"is_show_price":true,"gt_translate_keys":["label","description"],"price_dependency":false,"cl_dependency":false,"value":""}]]},"sec_36686cb8284272":{"extra":{"key":"sec_36686cb8284272","section_id":"sec_36686cb8284272","name":"Pickup Location","status":1,"cl_rule":"show","enableCl":false,"relations":[],"toggle":true,"title_tag":"h4","show_title":false,"showPrice":"default","form_id":12242,"form_rules":{"exclude_from_discount":true,"fee_label":"Fee","disp_hide_options_price":true,"disp_show_section_price":false,"disp_show_field_price":true,"layout_option":"standard","pric_use_as_fee":false,"process_fee_as":"woo_fee"},"layout_option":"standard"},"fields":[[{"elementId":"separator_16686cb828427d","separatorType":"blank","className":"","height":"3","enableCl":false,"relations":false,"cl_rule":"show","col":6,"type":"separator","error":false,"gt_translate_keys":[],"price_dependency":false,"cl_dependency":false,"value":""}],[{"active":true,"col":6,"relations":[{"operator":false,"rules":[{"operator":"AND","rules":{"cl_field":"radio-group_565c78ffa81208","cl_relation":"is","cl_val":"3 Hour Trip"}}]}],"cl_rule":"show","enableCl":false,"price":"","enablePrice":false,"className":"","label_position":"default","desc_position":"default","type":"select","required":false,"elementId":"select_86686cb8284287","label":"\u23f0 Departure","name":"select_86686cb8284287","values":[{"label":"09:00","value":"09:00","selected":false,"tempId":"aco_1471","gt_translate_keys":["label"]},{"label":"12:00","value":"12:00","selected":false,"tempId":"aco_1510","gt_translate_keys":["label"]},{"label":"15:00","value":"15:00","selected":false,"tempId":"aco_1738","gt_translate_keys":["label"]}],"dropdown_type":"basic","error":false,"placeholder":"Whichever Time is Best","gt_translate_keys":["label","placeholder"],"price_dependency":false,"cl_dependency":false,"value":""}],[{"elementId":"separator_56686cb8284291","separatorType":"blank","className":"","height":"1","enableCl":false,"relations":false,"cl_rule":"show","col":6,"type":"separator","gt_translate_keys":[],"price_dependency":false,"cl_dependency":false,"value":""}],[{"elementId":"separator_76686cb82842a6","separatorType":"blank","className":"","height":"1","enableCl":false,"relations":false,"cl_rule":"show","col":6,"type":"separator","error":false,"gt_translate_keys":[],"price_dependency":false,"cl_dependency":false,"value":""}],[{"active":true,"col":6,"relations":false,"cl_rule":"show","enableCl":false,"price":"","enablePrice":false,"className":"","label_position":"default","desc_position":"default","type":"text","subtype":"text","required":false,"elementId":"text_06686cb82842af","label":"\ud83d\ude8c Pickup Location","name":"text_06686cb82842af","value":"","error":false,"description":"Pick-up service in some locations. Simply provide your address or hotel name. (+2\u20ac\/person paid at pickup to the driver)","gt_translate_keys":["label","description","value"],"price_dependency":false,"cl_dependency":false}]]}},"config":{"price_override":"always","enable_recaptcha":false,"bind_quantity":false,"quantity_bind_formula":false,"disp_summ_show_option_price":true,"disp_summ_show_product_price":false,"disp_summ_show_total_price":true,"disp_summ_show_fee":true,"disp_summ_show_discount":true,"summary_title":"","options_total_label":"Options Price","total_label":"Total Amount","options_product_label":"Product Price","fee_label":"Fee","discount_label":"Discount","has_price":true,"has_quantity_formula":false},"mc_unit":1,"tax_rate":1,"tax_rate_real":1,"discount":{"percentage":0,"fixed":0},"design":{"conf":{"LabelPosition":"above","DescPosition":"above","UploadField":"custom_1","QuantityFieldStyle":"custom_1"},"css":{"LeftLabelWidth":"120px"}},"formulas":{"fmla_1708364241278155361":"(({field.select_3666b1eb2b11fe.value}>=8)?(1400):(({field.select_3666b1eb2b11fe.value}>=7)?(1225):(({field.select_3666b1eb2b11fe.value}>=6)?(1050):(({field.select_3666b1eb2b11fe.value}>=5)?(875):(({field.select_3666b1eb2b11fe.value}>=4)?(700):(({field.select_3666b1eb2b11fe.value}>=3)?(500):(0)))))))","fmla_1718295979528641619":"(({field.select_3666b1eb2b11fe.value}>=8)?(280):(({field.select_3666b1eb2b11fe.value}>=7)?(205):(({field.select_3666b1eb2b11fe.value}>=6)?(150):(({field.select_3666b1eb2b11fe.value}>=5)?(175):(({field.select_3666b1eb2b11fe.value}>=4)?(200):(({field.select_3666b1eb2b11fe.value}>=3)?(150):(0)))))))"},"lookuptables":[],"clones":false,"cartKey":false}},"_links":{"self":[{"href":"https:\/\/canaryvip.com\/da\/wp-json\/wp\/v2\/product\/12210","targetHints":{"allow":["GET"]}}],"collection":[{"href":"https:\/\/canaryvip.com\/da\/wp-json\/wp\/v2\/product"}],"about":[{"href":"https:\/\/canaryvip.com\/da\/wp-json\/wp\/v2\/types\/product"}],"replies":[{"embeddable":true,"href":"https:\/\/canaryvip.com\/da\/wp-json\/wp\/v2\/comments?post=12210"}],"wp:featuredmedia":[{"embeddable":true,"href":"https:\/\/canaryvip.com\/da\/wp-json\/wp\/v2\/media\/12212"}],"wp:attachment":[{"href":"https:\/\/canaryvip.com\/da\/wp-json\/wp\/v2\/media?parent=12210"}],"wp:term":[{"taxonomy":"product_brand","embeddable":true,"href":"https:\/\/canaryvip.com\/da\/wp-json\/wp\/v2\/product_brand?post=12210"},{"taxonomy":"product_cat","embeddable":true,"href":"https:\/\/canaryvip.com\/da\/wp-json\/wp\/v2\/product_cat?post=12210"},{"taxonomy":"product_tag","embeddable":true,"href":"https:\/\/canaryvip.com\/da\/wp-json\/wp\/v2\/product_tag?post=12210"}],"curies":[{"name":"wp","href":"https:\/\/api.w.org\/{rel}","templated":true}]}}