{"id":11971,"date":"2024-06-22T22:45:14","date_gmt":"2024-06-22T21:45:14","guid":{"rendered":"https:\/\/canaryvip.com\/?post_type=product&#038;p=11971"},"modified":"2025-08-09T14:04:29","modified_gmt":"2025-08-09T13:04:29","slug":"silvia-yacht-charter-gran-canaria","status":"publish","type":"product","link":"https:\/\/canaryvip.com\/da\/shop\/silvia-yacht-charter-gran-canaria\/","title":{"rendered":"Silvia: Yacht-charter<br\/>Gran Canaria"},"content":{"rendered":"<h2>\ud83d\udee5\ufe0f Silvia Yacht Charter Gran Canaria med CanaryVIP<\/h2>\n<p>Oplev De Kanariske \u00d8ers magi om bord p\u00e5 <strong>Silvia Yacht Charter<\/strong>En eksklusiv og luksuri\u00f8s m\u00e5de at udforske Gran Canarias fantastiske kystlinje p\u00e5. Med plads til op til 8 g\u00e6ster er dette elegante <strong>privat b\u00e5dudlejning p\u00e5 Gran Canaria<\/strong> tilbyder den perfekte flugt for sm\u00e5 grupper, der s\u00f8ger afslapning, eventyr og uforglemmelige minder.<\/p>\n<p>Hos CanaryVIP g\u00f8r vi det nemt for dig at nyde dette <strong>Lej en yacht p\u00e5 Gran Canaria<\/strong> oplevelse med en problemfri bookingproces og enest\u00e5ende service.<\/p>\n<h3>\u2b50\ufe0f Hvorfor v\u00e6lge Silvia Yacht Charter p\u00e5 Gran Canaria<\/h3>\n<p>Her er grunden til, at <strong>Silvia Yacht Charter<\/strong> er en af de bedste muligheder for dit n\u00e6ste eventyr:<\/p>\n<h4><strong>Privat og eksklusiv oplevelse<\/strong><\/h4>\n<p>Med en samlet kapacitet p\u00e5 8 personer er denne private yacht perfekt til intime sammenkomster, uanset om det er en familieudflugt, en romantisk flugt eller en s\u00e6rlig fest.<\/p>\n<h4><strong>Komfort og raffinement<\/strong><\/h4>\n<p>Slap af i den rummelige 13 meter lange yacht, der har et velholdt og elegant interi\u00f8r. Nyd panoramaudsigten fra salonen, slap af p\u00e5 d\u00e6kket, eller nyd solen, mens du er omgivet af den betagende sk\u00f8nhed ved Gran Canarias kystlinje.<\/p>\n<h4><strong>Sp\u00e6ndende vandaktiviteter<\/strong><\/h4>\n<p>Din <strong>b\u00e5dudlejning i Gran Canaria<\/strong> kommer med masser af muligheder for at holde dig underholdt:<\/p>\n<ul>\n<li><strong>\ud83e\udd3f Snorkeludstyr:<\/strong> Oplev undervandsverdenen med den medf\u00f8lgende maske og finner.<\/li>\n<li><strong>\ud83c\udf4c Tur i bananb\u00e5d:<\/strong> G\u00f8r dagen mere sp\u00e6ndende med en gratis tur i bananb\u00e5d.<\/li>\n<li><strong>\ud83c\udfc4\u200d\u2640\ufe0f Paddle Board Anvendelse:<\/strong> Pr\u00f8v stand-up paddleboarding for en sjov og afslappende m\u00e5de at nyde det rolige vand p\u00e5.<\/li>\n<li>Der er ogs\u00e5 rabat p\u00e5 andre vandsportsaktiviteter, s\u00e5 man kan f\u00e5 et komplet eventyr.<\/li>\n<\/ul>\n<h3>\ud83d\udea4 Muligheder for Silvia Yacht-tur<\/h3>\n<p>V\u00e6lg mellem to turvarigheder, der passer til din tidsplan og dine pr\u00e6ferencer:<\/p>\n<ul>\n<li><strong>3-timers privat charter:<\/strong> En kort, men luksuri\u00f8s ferie med masser af tid til at sv\u00f8mme, snorkle og slappe af.\n<ul>\n<li>Afgangstider: 09:00-12:00, 12:00-15:00 eller 15:00-18:00.<\/li>\n<\/ul>\n<\/li>\n<li><strong>6 timers privat charter:<\/strong> En l\u00e6ngere rejse, hvor du kan fordybe dig fuldt ud i Gran Canarias naturlige sk\u00f8nhed.\n<ul>\n<li>Afgangstider: 09:00-15:00, 12:00-18:00 eller 15:00-21:00 (kun i sommers\u00e6sonen).<\/li>\n<\/ul>\n<\/li>\n<\/ul>\n<h3>\ud83e\udd42 Hvad er inkluderet i din yacht-charter?<\/h3>\n<p>Din <strong>Lej en yacht p\u00e5 Gran Canaria<\/strong> Oplevelsen omfatter alt, hvad du har brug for til en mindev\u00e6rdig dag til s\u00f8s:<\/p>\n<ul>\n<li>Snacks som chips og n\u00f8dder.<\/li>\n<li>Drikkevarer fra en \u00e5ben bar, herunder \u00f8l, sodavand og vand.<\/li>\n<li>Snorkeludstyr, brug af paddleboard og en gratis tur i bananb\u00e5d.<\/li>\n<li>Transport til og fra hoteller p\u00e5 den sydlige del af Gran Canaria (hvis det \u00f8nskes).<\/li>\n<li>Forsikring for din sj\u00e6lefred.<\/li>\n<li>Valgfri frokost (\u20ac10 pr. person, bedes oplyst ved booking).<\/li>\n<\/ul>\n<h3>\ud83d\udccd Detaljer om afrejse<\/h3>\n<ul>\n<li><strong>Placering:<\/strong> <a href=\"https:\/\/maps.app.goo.gl\/Xhe545W98um3rx6W8\" target=\"_blank\" rel=\"noopener\">Puerto de Mog\u00e1n<\/a>Gran Canaria.<\/li>\n<li><strong>Transport:<\/strong> Valgfri afhentningsservice tilg\u00e6ngelig for ekstra bekvemmelighed.<\/li>\n<li><strong>Tidspunkt:<\/strong> Flere daglige afgange, s\u00e5 det passer ind i din tidsplan.<\/li>\n<\/ul>\n<h3>\u2705 Gennemsigtig afbestillingspolitik<\/h3>\n<p>Vi prioriterer din ro i sindet med klare og fleksible afbestillingsregler:<\/p>\n<ul>\n<li><strong>Vejrgaranti:<\/strong> I tilf\u00e6lde af usikkert vejr kan du ombooke eller f\u00e5 pengene tilbage.<\/li>\n<li><strong>Fleksible aflysninger:<\/strong> Du kan afbestille eller oml\u00e6gge gratis op til 8 dage f\u00f8r din rejse. Depositum refunderes ikke ved afbestilling inden for 8 dage f\u00f8r planlagt afgang.<\/li>\n<\/ul>\n<h3>\ud83d\udc68\u200d\u2708\ufe0f Tips til dit Silvia Yacht-eventyr<\/h3>\n<p>F\u00e5 mest muligt ud af din dag p\u00e5 havet med disse tips:<\/p>\n<ul>\n<li>Medbring badet\u00f8j, h\u00e5ndkl\u00e6de og solcreme.<\/li>\n<li>Tag behageligt t\u00f8j p\u00e5, der passer til vejret.<\/li>\n<li>Hav din CanaryVIP-billet klar, enten p\u00e5 din telefon eller printet.<\/li>\n<li>Spis et let m\u00e5ltid p\u00e5 forh\u00e5nd for at undg\u00e5 s\u00f8syge.<\/li>\n<\/ul>\n<h3>\ud83c\udf1f Hvorfor booke med CanaryVIP<\/h3>\n<p>Hos CanaryVIP br\u00e6nder vi for at skabe uforglemmelige oplevelser p\u00e5 vandet. Uanset om du er p\u00e5 udkig efter en <strong>luksusyacht p\u00e5 Gran Canaria<\/strong> eller et sjovt eventyr, tilbyder vi det bedste <a href=\"https:\/\/canaryvip.com\/da\/shop\/magic-island-yacht-charter-gran-canaria\/\"><strong>b\u00e5dudlejning i Gran Canaria<\/strong><\/a> muligheder, skr\u00e6ddersyet til dine behov.<\/p>\n<p>Bestil din <strong>Silvia Yacht Charter<\/strong> i dag og s\u00e6t sejl p\u00e5 en rejse med afslapning, eventyr og betagende udsigter.<\/p>\n<p>\ud83d\udc49 <a href=\"https:\/\/canaryvip.com\/da\/\" target=\"_new\" rel=\"noopener\"><span>Reserve<\/span><span> Og nu<\/span><\/a> og l\u00f8ft din ferieoplevelse!<\/p>","protected":false},"excerpt":{"rendered":"<p><strong>\ud83d\udd0d Magic Island Gran Canaria:<\/strong><br \/>\n\u2705 Sikker betaling.<br \/>\n\ud83d\udd10 Private ture.<br \/>\n\ud83d\udee5\ufe0f 13m Yacht Comfort.<br \/>\n\u23f3 Daglige ture p\u00e5 3H &amp; 6H.<br \/>\n\ud83d\udd59 Forskellige afgangstider.<br \/>\n\ud83d\udc65 Op til 12 g\u00e6ster.<br \/>\n\ud83e\udd3f Snorkeludstyr stilles til r\u00e5dighed.<br \/>\n\ud83d\ude8c Afhentning og aflevering.<br \/>\n\ud83e\udd11 Garanteret bedste pris.<br \/>\n\ud83d\udc6a Rabatter aktiveret.<br \/>\n\ud83d\udd01 Op til 8 dages fortrydelsesret.<br \/>\n\ud83c\udf0d Flersproget bes\u00e6tning.<br \/>\n\ud83c\udf1f Book tidligt og spar!<br \/>\n\ud83d\udccd Afgang fra <a href=\"https:\/\/maps.app.goo.gl\/4TJkgAg6UBpnsyhm9\">Puerto de Mog\u00e1n<\/a>.<\/p>","protected":false},"featured_media":12219,"comment_status":"open","ping_status":"closed","template":"","meta":{"_acf_changed":false},"product_brand":[],"product_cat":[132],"product_tag":[],"class_list":{"0":"post-11971","1":"product","2":"type-product","3":"status-publish","4":"has-post-thumbnail","6":"product_cat-boat-hire-gran-canaria","7":"wcpa_has_options","9":"first","10":"instock","11":"virtual","12":"purchasable","13":"product-type-simple"},"acf":[],"wcpa_form_fields":{"wcpaData":{"product":{"product_price":450,"price_html":"From&nbsp;<span class=\"woocommerce-Price-amount amount\"><bdi>450,00&nbsp;<span class=\"woocommerce-Price-currencySymbol\">&euro;<\/span><\/bdi><\/span>","original_product_price":450,"price_including_tax":450,"price_excluding_tax":450,"product_id":{"parent":11971,"variation":false},"is_variable":false,"stock_status":"instock","stock_quantity":null,"parent_sku":"CV11971","product_attributes":[],"custom_fields":[],"is_taxable":false,"product_name":"Silvia: Yacht Charter<br\/>Gran Canaria","hasImage":false},"fields":{"sec_26687d4f04b1a4":{"extra":{"key":"sec_26687d4f04b1a4","section_id":"sec_26687d4f04b1a4","name":"Default","status":1,"cl_rule":"show","enableCl":false,"relations":[],"toggle":true,"title_tag":"h3","show_title":false,"showPrice":"default","form_id":12255,"form_rules":{"exclude_from_discount":true,"fee_label":"Fee","disp_hide_options_price":true,"disp_show_section_price":false,"disp_show_field_price":true,"layout_option":"standard","pric_use_as_fee":false,"process_fee_as":"woo_fee"},"layout_option":"standard"},"fields":[[{"label":"\ud83d\udcc5 Date","active":true,"required":true,"elementId":"date_106687d4f04b1c4","picker_type":"custom","picker_mode":"single","placeholder":"","description":"","tooltip":"","name":"date_106687d4f04b1c4","label_position":"default","desc_position":"default","enablePrice":false,"className":"","enableCl":false,"relations":[{"operator":"and","rules":[{"operator":"AND","rules":{"cl_field":"radio-group_565c78ffa81208","cl_relation":"is","cl_val":"3 Hour Trip"}}]}],"date_pic_inline":true,"date_pic_inline_hide":true,"min_date":{"type":"days","val":"2"},"max_date":{"type":"days","val":"365"},"date_pic_conf":{"disabledWeeks":[]},"price":"","cl_rule":"show","col":6,"type":"date","error":false,"enableDesign":false,"LabelColor":"","gt_translate_keys":["label","placeholder","description","tooltip"],"price_dependency":false,"cl_dependency":false,"value":""}],[{"elementId":"separator_76687d4f04b1e0","separatorType":"blank","className":"","height":"3","enableCl":false,"relations":false,"cl_rule":"show","col":6,"type":"separator","error":false,"gt_translate_keys":[],"price_dependency":false,"cl_dependency":false,"value":""}],[{"active":true,"col":6,"relations":false,"cl_rule":"show","enableCl":false,"price":"","enablePrice":true,"className":"","label_position":"default","desc_position":"default","type":"select","required":true,"elementId":"select_96687d4f04b1ea","label":"\u23f3 Trip Duration","name":"select_96687d4f04b1ea","values":[{"label":"3 Hours (450\u20ac)","value":"3","selected":false,"tempId":"aco_556","price":"450","gt_translate_keys":["label"]},{"label":"6 Hours (800\u20ac)","value":"6","selected":false,"tempId":"aco_122","price":"800","gt_translate_keys":["label"]}],"dropdown_type":"basic","error":false,"placeholder":"Select Trip Duration","priceOptions":"different_for_all","pricingType":"fixed","is_show_price":false,"gt_translate_keys":["label","placeholder"],"price_dependency":false,"cl_dependency":false,"value":""}],[{"label":"\u2705 Number of People","active":true,"required":true,"elementId":"select_86687d4f04b1f4","dropdown_type":"basic","placeholder":"Select Number of People","name":"select_86687d4f04b1f4","label_position":"default","desc_position":"default","enablePrice":false,"className":"","enableCl":false,"relations":[{"operator":false,"rules":[{"operator":"AND","rules":{"cl_field":"radio-group_565c78ffa81208","cl_relation":"is","cl_val":"3 Hour Trip"}}]}],"values":[{"label":"1 person","value":"1","selected":false,"tempId":"aco_1471","price":"0","gt_translate_keys":["label"]},{"label":"2 people","value":"2","selected":false,"tempId":"aco_1472","price":"0","gt_translate_keys":["label"]},{"label":"3 people","value":"3","selected":false,"tempId":"aco_1500","price":"0","gt_translate_keys":["label"]},{"label":"4 people","value":"4","selected":false,"tempId":"aco_1510","price":"0","gt_translate_keys":["label"]},{"label":"5 people","value":"5","selected":false,"tempId":"aco_1520","price":"0","gt_translate_keys":["label"]},{"label":"6 people","value":"6","selected":false,"tempId":"aco_1728","price":"0","gt_translate_keys":["label"]},{"label":"7 people","value":"7","selected":false,"tempId":"aco_1738","price":"0","gt_translate_keys":["label"]},{"label":"8 people","value":"8","selected":false,"tempId":"aco_1748","price":"0","gt_translate_keys":["label"]}],"price":"","cl_rule":"show","col":6,"type":"select","error":false,"priceOptions":"different_for_all","pricingType":"fixed","is_show_price":false,"gt_translate_keys":["label","placeholder"],"price_dependency":["select_86687d4f04b1fe"],"cl_dependency":false,"value":""}],[{"active":true,"col":6,"relations":false,"cl_rule":"show","enableCl":false,"price":"","enablePrice":true,"className":"","label_position":"default","desc_position":"default","type":"select","required":false,"elementId":"select_86687d4f04b1fe","label":"\ud83c\udf57 Meal (+10\u20ac\/person)","name":"select_86687d4f04b1fe","values":[{"label":"No","value":"No","selected":false,"tempId":"aco_2562","price":"","gt_translate_keys":["label"]},{"label":"Yes (+10\u20ac\/person)","value":"Yes","selected":false,"tempId":"aco_2563","price":"{field.select_86687d4f04b1f4.value}*10","gt_translate_keys":["label"]}],"dropdown_type":"basic","error":false,"description":"Snacks and drinks are included. If you want an extra meal, please select this option. The meal is marinated chicken with mojo potatoes and coleslaw.","priceOptions":"different_for_all","pricingType":"custom","isTemplate":false,"is_show_price":true,"gt_translate_keys":["label","description"],"price_dependency":false,"cl_dependency":false,"value":""}]]},"sec_106687d4f04b227":{"extra":{"key":"sec_106687d4f04b227","section_id":"sec_106687d4f04b227","name":"Pickup Location","status":1,"cl_rule":"show","enableCl":false,"relations":[],"toggle":true,"title_tag":"h4","show_title":false,"showPrice":"default","form_id":12255,"form_rules":{"exclude_from_discount":true,"fee_label":"Fee","disp_hide_options_price":true,"disp_show_section_price":false,"disp_show_field_price":true,"layout_option":"standard","pric_use_as_fee":false,"process_fee_as":"woo_fee"},"layout_option":"standard"},"fields":[[{"elementId":"separator_16687d4f04b232","separatorType":"blank","className":"","height":"3","enableCl":false,"relations":false,"cl_rule":"show","col":6,"type":"separator","error":false,"gt_translate_keys":[],"price_dependency":false,"cl_dependency":false,"value":""}],[{"active":true,"col":6,"relations":[{"operator":false,"rules":[{"operator":"AND","rules":{"cl_field":"radio-group_565c78ffa81208","cl_relation":"is","cl_val":"3 Hour Trip"}}]}],"cl_rule":"show","enableCl":false,"price":"","enablePrice":false,"className":"","label_position":"default","desc_position":"default","type":"select","required":false,"elementId":"select_66687d4f04b23c","label":"\u23f0 Departure","name":"select_66687d4f04b23c","values":[{"label":"09:00","value":"09:00","selected":false,"tempId":"aco_1471","gt_translate_keys":["label"]},{"label":"12:00","value":"12:00","selected":false,"tempId":"aco_1510","gt_translate_keys":["label"]},{"label":"15:00","value":"15:00","selected":false,"tempId":"aco_1738","gt_translate_keys":["label"]}],"dropdown_type":"basic","error":false,"placeholder":"Whichever Time is Best","gt_translate_keys":["label","placeholder"],"price_dependency":false,"cl_dependency":false,"value":""}],[{"elementId":"separator_86687d4f04b246","separatorType":"blank","className":"","height":"1","enableCl":false,"relations":false,"cl_rule":"show","col":6,"type":"separator","gt_translate_keys":[],"price_dependency":false,"cl_dependency":false,"value":""}],[{"elementId":"separator_86687d4f04b250","separatorType":"blank","className":"","height":"1","enableCl":false,"relations":false,"cl_rule":"show","col":6,"type":"separator","error":false,"gt_translate_keys":[],"price_dependency":false,"cl_dependency":false,"value":""}],[{"active":true,"col":6,"relations":false,"cl_rule":"show","enableCl":false,"price":"","enablePrice":false,"className":"","label_position":"default","desc_position":"default","type":"text","subtype":"text","required":false,"elementId":"text_66687d4f04b259","label":"\ud83d\ude8c Pickup Location","name":"text_66687d4f04b259","value":"","error":false,"description":"Pick-up service in some locations. Simply provide your address or hotel name. (+2\u20ac\/person paid at pickup to the driver)","gt_translate_keys":["label","description","value"],"price_dependency":false,"cl_dependency":false}]]}},"config":{"price_override":"always","enable_recaptcha":false,"bind_quantity":false,"quantity_bind_formula":false,"disp_summ_show_option_price":true,"disp_summ_show_product_price":false,"disp_summ_show_total_price":true,"disp_summ_show_fee":true,"disp_summ_show_discount":true,"summary_title":"","options_total_label":"Options Price","total_label":"Total Amount","options_product_label":"Product Price","fee_label":"Fee","discount_label":"Discount","has_price":true,"has_quantity_formula":false},"mc_unit":1,"tax_rate":1,"tax_rate_real":1,"discount":{"percentage":0,"fixed":0},"design":{"conf":{"LabelPosition":"above","DescPosition":"above","UploadField":"custom_1","QuantityFieldStyle":"custom_1"},"css":{"LeftLabelWidth":"120px"}},"formulas":{"fmla_1708364241278155361":"(({field.select_3666b1eb2b11fe.value}>=8)?(1400):(({field.select_3666b1eb2b11fe.value}>=7)?(1225):(({field.select_3666b1eb2b11fe.value}>=6)?(1050):(({field.select_3666b1eb2b11fe.value}>=5)?(875):(({field.select_3666b1eb2b11fe.value}>=4)?(700):(({field.select_3666b1eb2b11fe.value}>=3)?(500):(0)))))))","fmla_1718295979528641619":"(({field.select_3666b1eb2b11fe.value}>=8)?(280):(({field.select_3666b1eb2b11fe.value}>=7)?(205):(({field.select_3666b1eb2b11fe.value}>=6)?(150):(({field.select_3666b1eb2b11fe.value}>=5)?(175):(({field.select_3666b1eb2b11fe.value}>=4)?(200):(({field.select_3666b1eb2b11fe.value}>=3)?(150):(0)))))))"},"lookuptables":[],"clones":false,"cartKey":false}},"_links":{"self":[{"href":"https:\/\/canaryvip.com\/da\/wp-json\/wp\/v2\/product\/11971","targetHints":{"allow":["GET"]}}],"collection":[{"href":"https:\/\/canaryvip.com\/da\/wp-json\/wp\/v2\/product"}],"about":[{"href":"https:\/\/canaryvip.com\/da\/wp-json\/wp\/v2\/types\/product"}],"replies":[{"embeddable":true,"href":"https:\/\/canaryvip.com\/da\/wp-json\/wp\/v2\/comments?post=11971"}],"wp:featuredmedia":[{"embeddable":true,"href":"https:\/\/canaryvip.com\/da\/wp-json\/wp\/v2\/media\/12219"}],"wp:attachment":[{"href":"https:\/\/canaryvip.com\/da\/wp-json\/wp\/v2\/media?parent=11971"}],"wp:term":[{"taxonomy":"product_brand","embeddable":true,"href":"https:\/\/canaryvip.com\/da\/wp-json\/wp\/v2\/product_brand?post=11971"},{"taxonomy":"product_cat","embeddable":true,"href":"https:\/\/canaryvip.com\/da\/wp-json\/wp\/v2\/product_cat?post=11971"},{"taxonomy":"product_tag","embeddable":true,"href":"https:\/\/canaryvip.com\/da\/wp-json\/wp\/v2\/product_tag?post=11971"}],"curies":[{"name":"wp","href":"https:\/\/api.w.org\/{rel}","templated":true}]}}