{"id":11774,"date":"2024-06-13T17:09:15","date_gmt":"2024-06-13T16:09:15","guid":{"rendered":"https:\/\/canaryvip.com\/?post_type=product&#038;p=11774"},"modified":"2025-06-29T14:14:28","modified_gmt":"2025-06-29T13:14:28","slug":"yacht-charter-gran-canaria","status":"publish","type":"product","link":"https:\/\/canaryvip.com\/da\/shop\/yacht-charter-gran-canaria\/","title":{"rendered":"Yachtcharter Gran Canaria"},"content":{"rendered":"<h2><strong>\ud83d\udee5\ufe0f Gran Canaria Yacht Charter med CanaryVIP<\/strong><\/h2>\n<p>Tag p\u00e5 et luksuri\u00f8st s\u00f8eventyr med vores eksklusive Yacht Charter Gran Canaria. Hos CanaryVIP tilbyder vi de fineste private b\u00e5dture p\u00e5 Gran Canaria og sikrer en f\u00f8rsteklasses maritim oplevelse. Beliggende ved den maleriske marina i <a href=\"https:\/\/www.google.com\/maps\/place\/Puerto+de+Mog%C3%A1n\/@27.8168894,-15.7661037,16z\/data=!4m6!3m5!1s0xc4081a859086591:0xe494b559327a8db3!8m2!3d27.8173155!4d-15.7652521!16s%2Fg%2F11h6m6r2nn?entry=ttu\" target=\"_blank\" rel=\"noopener\">Puerto de Mog\u00e1n,<\/a>\u00a0Vores yachtcharter tilbyder en unik og intim flugt fra typiske b\u00e5dture.<\/p>\n<h3>\u2b50\ufe0f <strong>Hvorfor vores yachtudlejning skiller sig ud p\u00e5 Gran Canaria<\/strong><\/h3>\n<p><span style=\"text-decoration: underline;\"><strong>Vigtige grunde til at v\u00e6lge vores yachtudlejning:<\/strong><\/span><\/p>\n<p><strong>Eksklusive private ture:<\/strong> Vores chartere sikrer et personligt pr\u00e6g p\u00e5 hver rejse og skaber en skr\u00e6ddersyet oplevelse, der im\u00f8dekommer dine pr\u00e6ferencer med privatliv og eksklusivitet.<\/p>\n<p><strong>Luksuri\u00f8s komfort:<\/strong> Slap af p\u00e5 forskellige hyggelige steder p\u00e5 b\u00e5den, uanset om du nyder solen p\u00e5 det rummelige d\u00e6k eller en forfriskende drik i det skyggefulde loungeomr\u00e5de.<\/p>\n<p><strong>Sjove aktiviteter inkluderet:<\/strong> G\u00f8r dit eventyr endnu bedre med en r\u00e6kke sp\u00e6ndende aktiviteter. Vores yacht handler ikke kun om at sejle; den handler om at engagere sig i havet p\u00e5 sp\u00e6ndende og forn\u00f8jelige m\u00e5der.<\/p>\n<ul>\n<li><strong>\ud83c\udfc4\u200d\u2640\ufe0f Paddle Boards:<\/strong> Stand-up paddle boarding er en sjov og afslappende m\u00e5de at nyde havet p\u00e5, samtidig med at man f\u00e5r lidt motion. Uanset om du er nybegynder eller en erfaren padler, vil du synes, at det er en dejlig del af dit yachtcharter.<\/li>\n<li><strong>\ud83e\udd3f Snorkeludstyr:<\/strong> Oplev Gran Canarias livlige undervandsverden med vores snorkeludstyr. Vandet omkring \u00f8en vrimler med havliv og giver dig et glimt af et fortryllende \u00f8kosystem under vandet.<\/li>\n<li><strong>\ud83d\udd0a Spil din musik:<\/strong> Tilslut din playliste via vores Bluetooth-aktiverede lydsystem, og s\u00e6t lydsporet til dit s\u00f8fartseventyr. Uanset om det er afslappende melodier eller et livligt beat, vil din musik forbedre stemningen, mens du sejler.<\/li>\n<\/ul>\n<p>CanaryVIP giver en enest\u00e5ende charteroplevelse med sine luksuri\u00f8se faciliteter og en r\u00e6kke engagerende aktiviteter. Hvert aspekt af din rejse er designet til at tilbyde b\u00e5de afslapning og underholdning, hvilket sikrer et mindev\u00e6rdigt eventyr p\u00e5 Gran Canaria.<\/p>\n<h4>\ud83d\udea4 <strong>Muligheder for b\u00e5dcharter p\u00e5 Gran Canaria<\/strong><\/h4>\n<p>Vores yacht tilbyder en r\u00e6kke forskellige charterl\u00e6ngder, der hver is\u00e6r er designet til at im\u00f8dekomme forskellige \u00f8nsker og tidsrammer:<\/p>\n<ul>\n<li><strong>3-timers opdagelsesrejse langs kysten:<\/strong> En perfekt introduktion til Gran Canarias sydkyst. Sv\u00f8m i rolige bugter, og nyd vores udvalg af drikkevarer og snacks. Ideel til dem, der s\u00f8ger en hurtig, men forfriskende maritim flugt.<\/li>\n<li><strong>6-timers Grand Tour:<\/strong> Oplev den betagende udsigt og de afsondrede bugter. Forfrisk dig i det krystalklare vand med panoramaudsigt over de n\u00e6rliggende \u00f8er. Dyk dybere ned i Gran Canarias naturlige sk\u00f8nhed med mere tid til udforskning og afslapning.<\/li>\n<li><strong>8-timers heldagseventyr:<\/strong> Fordyb dig i den ultimative sejladsoplevelse med en hel dag om bord p\u00e5 Seaduction. Dette omfattende charter giver dig mulighed for at udforske Tenerifes mangfoldige kystlandskaber og rige havmilj\u00f8er fuldt ud. Nyd lange stop til snorkling, paddle-boarding og m\u00e5ske endda en solnedgangsfest. Med mere tid om bord kan du fork\u00e6le dig selv med et bredere udvalg af vores gourmettilbud og sikre dig en dag med luksuri\u00f8s afslapning og eventyr.<\/li>\n<\/ul>\n<p>Hver mulighed er designet til at give en unik og mindev\u00e6rdig oplevelse, s\u00e5 du kan v\u00e6lge den perfekte varighed for dit s\u00f8fartseventyr p\u00e5 Tenerife. Uanset om du er p\u00e5 udkig efter en kort introduktion til \u00f8ens farvande eller en heldagstur, tilbyder Seaduction Yacht den fleksibilitet og luksus, der g\u00f8r din tid til s\u00f8s uforglemmelig.<\/p>\n<h3>\u2705 <strong>Omfattende faciliteter til en perfekt dag til s\u00f8s<\/strong><\/h3>\n<p>Vores yacht handler ikke kun om beliggenhed, men om hele den luksuri\u00f8se oplevelse:<\/p>\n<ul>\n<li>Nyd et udvalg af inkluderede drikkevarer.<\/li>\n<li>Nyd et udvalg af gourmetsnacks eller et helt m\u00e5ltid afh\u00e6ngigt af rejsens varighed.<\/li>\n<li>Vores topmoderne lydsystem er Bluetooth-aktiveret, s\u00e5 du kan nyde dine yndlingsspillelister, mens du sejler.<\/li>\n<li>Yachten har solbadningsomr\u00e5der foran.<\/li>\n<li>Erfarne og flersprogede bes\u00e6tningsmedlemmer s\u00f8rger for din sikkerhed og komfort under hele turen.<\/li>\n<\/ul>\n<h3>\ud83d\udccd <strong>Afgang fra Puerto de Mog\u00e1n<\/strong><\/h3>\n<p>Start dit s\u00f8eventyr i hjertet af Gran Canaria med nem adgang og bekvem parkering ved havnen. For at sikre en god start anbefaler vi, at du ankommer 15 minutter f\u00f8r din planlagte afgang.<\/p>\n<h4>\ud83d\udcdc <strong>Problemfri booking og gennemskuelige afbestillingsregler<\/strong><\/h4>\n<p>Det er problemfrit at booke din yachtoplevelse med CanaryVIP, og vores klare afbestillingsregler sikrer ro i sindet:<\/p>\n<ul>\n<li><strong>Vejrgaranti:<\/strong> Vi overv\u00e5ger n\u00f8je vejrforholdene. I tilf\u00e6lde af aflysning p\u00e5 grund af usikkert vejr kan du enten ombooke eller v\u00e6lge fuld refusion, hvilket sikrer din sikkerhed og tilfredshed.<\/li>\n<li><strong>Fleksibel afbestilling:<\/strong> Planer \u00e6ndres, og det forst\u00e5r vi godt. Du kan afbestille eller oml\u00e6gge gratis op til 4 dage f\u00f8r din rejse. Indskud refunderes ikke, hvis aflysningen sker inden for 4 dage f\u00f8r den planlagte afgang.<\/li>\n<\/ul>\n<p><strong>Reserver din plads p\u00e5 vores Gran Canaria yachtcharter i dag gennem CanaryVIP, og s\u00e6t sejl til en dag fyldt med luksus, komfort og uforglemmelige marineoplevelser.<\/strong><\/p>\n<h3>\ud83d\udc68\u200d\u2708\ufe0f <strong>Klar til ombordstigning: Din tjekliste f\u00f8r rejsen<\/strong><\/h3>\n<p>S\u00f8rg for at g\u00f8re det, f\u00f8r du g\u00e5r om bord:<\/p>\n<ul>\n<li>Hav din CanaryVIP-billet klar, enten p\u00e5 din telefon eller printet.<\/li>\n<li>Medbring badet\u00f8j, h\u00e5ndkl\u00e6de og solcreme, s\u00e5 du kan nyde solen p\u00e5 en sikker m\u00e5de.<\/li>\n<li>Spis noget let for at undg\u00e5 s\u00f8syge, og begr\u00e6ns alkoholindtaget f\u00f8r rejsen.<\/li>\n<li>V\u00e6lg din ideelle plads p\u00e5 d\u00e6kket, uanset om du vil sole dig eller slappe af i skyggen.<\/li>\n<\/ul>\n<p>Book dit eventyr i dag, og g\u00f8r din ferie til en uforglemmelig oplevelse med denne <a href=\"https:\/\/canaryvip.com\/da\/gran-canaria\/boat-hire-gran-canaria\/\">eksklusiv b\u00e5dudlejning p\u00e5 Gran Canaria<\/a>.<\/p>","protected":false},"excerpt":{"rendered":"<p><strong>\ud83d\udd0d Lej en yacht p\u00e5 Gran Canaria:<\/strong><br \/>\n\u2705 Sikker betaling.<br \/>\n\ud83d\udd10 Private ture.<br \/>\n\ud83d\udee5\ufe0f 15m Yacht Comfort.<br \/>\n\u23f3 Daglige ture p\u00e5 3-8 timer.<br \/>\n\ud83d\udd59 Afgangstider, der kan tilpasses.<br \/>\n\ud83c\udf74 M\u00e5ltider og drikkevarer inkluderet.<br \/>\n\ud83d\udc65 Op til 12 g\u00e6ster.<br \/>\n\ud83e\udd29 Sjove hoppeborge.<br \/>\n\ud83c\udfc4\u200d\u2640\ufe0f Paddle Boards inkluderet.<br \/>\n\ud83e\udd3f Snorkeludstyr stilles til r\u00e5dighed.<br \/>\n\ud83d\udd0a Spil din musik.<br \/>\n\ud83d\ude8c Gratis afhentning og aflevering.<br \/>\n\ud83e\udd11 Garanteret bedste pris.<br \/>\n\ud83d\udc6a Rabatter aktiveret.<br \/>\n\ud83d\udd01 Op til 8 dages fortrydelsesret.<br \/>\n\ud83c\udf0d Flersproget bes\u00e6tning.<br \/>\n\ud83c\udf1f Book tidligt og spar!<br \/>\n\ud83d\udccd Afgang fra <a href=\"https:\/\/www.google.com\/maps\/place\/Puerto+de+Mog%C3%A1n\/@27.8189572,-15.7678314,16.46z\/data=!4m15!1m8!3m7!1s0xc4080919d1ed923:0xbd01a5a03326a09b!2sPuerto+de+Mog%C3%A1n,+35139+Lomo+Quiebre,+Las+Palmas!3b1!8m2!3d27.8234371!4d-15.7607916!16s%2Fg%2F12vsxzmby!3m5!1s0xc4081a859086591:0xe494b559327a8db3!8m2!3d27.8173155!4d-15.7652521!16s%2Fg%2F11h6m6r2nn?entry=ttu\">Mog\u00e1n havn<\/a>.<\/p>","protected":false},"featured_media":11780,"comment_status":"open","ping_status":"closed","template":"","meta":{"_acf_changed":false},"product_brand":[],"product_cat":[81,132],"product_tag":[],"class_list":{"0":"post-11774","1":"product","2":"type-product","3":"status-publish","4":"has-post-thumbnail","6":"product_cat-gran-canaria","7":"product_cat-boat-hire-gran-canaria","8":"wcpa_has_options","10":"first","11":"instock","12":"virtual","13":"purchasable","14":"product-type-simple"},"acf":[],"wcpa_form_fields":{"wcpaData":{"product":{"product_price":650,"price_html":"From&nbsp;<span class=\"woocommerce-Price-amount amount\"><bdi>650,00&nbsp;<span class=\"woocommerce-Price-currencySymbol\">&euro;<\/span><\/bdi><\/span>","original_product_price":650,"price_including_tax":650,"price_excluding_tax":650,"product_id":{"parent":11774,"variation":false},"is_variable":false,"stock_status":"instock","stock_quantity":null,"parent_sku":"CV11774","product_attributes":[],"custom_fields":[],"is_taxable":false,"product_name":"Yacht Charter Gran Canaria","hasImage":false},"fields":{"sec_1666b1eb2b11bb":{"extra":{"key":"sec_1666b1eb2b11bb","section_id":"sec_1666b1eb2b11bb","name":"Default","status":1,"cl_rule":"show","enableCl":false,"relations":[],"toggle":true,"title_tag":"h3","show_title":false,"showPrice":"default","form_id":11785,"form_rules":{"exclude_from_discount":true,"fee_label":"Fee","disp_hide_options_price":true,"disp_show_section_price":false,"disp_show_field_price":true,"layout_option":"standard","pric_use_as_fee":false,"process_fee_as":"woo_fee"},"layout_option":"standard"},"fields":[[{"label":"\ud83d\udcc5 Date","active":true,"required":true,"elementId":"date_9666b1eb2b11d9","picker_type":"custom","picker_mode":"single","placeholder":"","description":"","tooltip":"","name":"date_9666b1eb2b11d9","label_position":"default","desc_position":"default","enablePrice":false,"className":"","enableCl":false,"relations":[{"operator":"and","rules":[{"operator":"AND","rules":{"cl_field":"radio-group_565c78ffa81208","cl_relation":"is","cl_val":"3 Hour Trip"}}]}],"date_pic_inline":true,"date_pic_inline_hide":true,"min_date":{"type":"days","val":"5"},"max_date":{"type":"days","val":"365"},"date_pic_conf":{"disabledWeeks":[6,0],"disabledDates":["2024-07-27 to 2024-07-29","2024-08-11 to 2024-08-18"]},"price":"","cl_rule":"show","col":6,"type":"date","error":false,"enableDesign":false,"LabelColor":"","gt_translate_keys":["label","placeholder","description","tooltip"],"price_dependency":false,"cl_dependency":false,"value":""}],[{"contentType":"rich","active":true,"label":"","elementId":"content_10666b1eb2b11e8","value":"<p>\ud83c\udf9f\ufe0f <strong>Reservation<\/strong>: Pay only a deposit now to reserve; the rest is due on the day of the activity upon arrival.<\/p>","inline":false,"name":"content_10666b1eb2b11e8","enablePrice":false,"className":"","subtype":"p","enableCl":false,"relations":false,"price":"","cl_rule":"show","col":6,"type":"content","error":false,"pricingType":"custom","isTemplate":false,"is_show_price":true,"show_in_checkout":true,"gt_translate_keys":["label","value"],"price_dependency":false,"cl_dependency":false}],[{"elementId":"separator_9666b1eb2b11f4","separatorType":"blank","className":"","height":"3","enableCl":false,"relations":false,"cl_rule":"show","col":6,"type":"separator","error":false,"gt_translate_keys":[],"price_dependency":false,"cl_dependency":false,"value":""}],[{"active":true,"col":6,"relations":false,"cl_rule":"show","enableCl":false,"price":"","enablePrice":true,"className":"","label_position":"default","desc_position":"default","type":"select","required":true,"elementId":"select_3666b1eb2b11fe","label":"\u23f3 Trip Duration","name":"select_3666b1eb2b11fe","values":[{"label":"3 Hours (650\u20ac)","value":"3","selected":false,"tempId":"aco_556","price":"650","gt_translate_keys":["label"]},{"label":"4 Hours (900\u20ac)","value":"4","selected":false,"tempId":"aco_122","price":"900","gt_translate_keys":["label"]}],"dropdown_type":"basic","error":false,"placeholder":"Select Trip Duration","priceOptions":"different_for_all","pricingType":"fixed","is_show_price":true,"gt_translate_keys":["label","placeholder"],"price_dependency":["content_9666b1eb2b1212"],"cl_dependency":false,"value":""}],[{"elementId":"separator_0666b1eb2b1208","separatorType":"fill","className":"","height":"3","enableCl":false,"relations":false,"cl_rule":"show","col":6,"type":"separator","error":false,"separatorColor":"#66a6b6","gt_translate_keys":[],"price_dependency":false,"cl_dependency":false,"value":""}],[{"active":true,"col":6,"relations":false,"cl_rule":"show","enableCl":false,"price":"{field.select_3666b1eb2b11fe.price}","enablePrice":true,"className":"","label_position":"default","desc_position":"default","type":"content","required":false,"elementId":"content_9666b1eb2b1212","label":"Deposit Payment","name":"content_9666b1eb2b1212","contentType":"plain","value":"","error":false,"pricingType":"custom","isTemplate":true,"is_show_price":false,"enableDesign":true,"scrollBar":false,"use_as_fee":false,"fee_label":"Payment Now","inline":true,"show_in_checkout":true,"subtype":"div","formulaId":"fmla_1718295979528641619","LabelSize":"14px","gt_translate_keys":["label","value"],"price_dependency":["content_8666b1eb2b1224"],"cl_dependency":false}],[{"contentType":"plain","active":true,"label":"Payment at Arrival","elementId":"content_9666b1eb2b121b","value":"","inline":true,"show_in_checkout":true,"name":"content_9666b1eb2b121b","enablePrice":true,"className":"","fee_label":"Payment at Arrival","subtype":"div","enableCl":false,"relations":false,"scrollBar":false,"enableDesign":true,"pricingType":"custom","isTemplate":true,"price":"({field.radio-group_965c78ffa8129a.quantity}*22) + ({field.radio-group_865c78ffa812a3.quantity}*11)","use_as_fee":false,"is_show_price":true,"cl_rule":"show","col":6,"type":"content","error":false,"formulaId":"fmla_1708364241278155361","LabelSize":"14px","gt_translate_keys":["label","value"],"price_dependency":["content_8666b1eb2b1224"],"cl_dependency":false}],[{"contentType":"plain","active":true,"label":"Total Price","elementId":"content_8666b1eb2b1224","value":"","inline":true,"show_in_checkout":true,"name":"content_8666b1eb2b1224","enablePrice":true,"className":"","fee_label":"Payment at Arrival","subtype":"div","enableCl":false,"relations":false,"scrollBar":false,"enableDesign":true,"LabelSize":"14px","pricingType":"custom","isTemplate":false,"price":"({field.content_9666b1eb2b1212.price}) + ({field.content_9666b1eb2b121b.price})","formulaId":"fmla_1708360988969136756","use_as_fee":false,"is_show_price":true,"cl_rule":"show","col":6,"type":"content","error":false,"gt_translate_keys":["label","value"],"price_dependency":false,"cl_dependency":false}]]},"sec_0666b1eb2b1225":{"extra":{"key":"sec_0666b1eb2b1225","section_id":"sec_0666b1eb2b1225","name":"Pickup Location","status":1,"cl_rule":"show","enableCl":false,"relations":[],"toggle":true,"title_tag":"h4","show_title":false,"showPrice":"default","form_id":11785,"form_rules":{"exclude_from_discount":true,"fee_label":"Fee","disp_hide_options_price":true,"disp_show_section_price":false,"disp_show_field_price":true,"layout_option":"standard","pric_use_as_fee":false,"process_fee_as":"woo_fee"},"layout_option":"standard"},"fields":[[{"elementId":"separator_2666b1eb2b122f","separatorType":"blank","className":"","height":"3","enableCl":false,"relations":false,"cl_rule":"show","col":6,"type":"separator","error":false,"gt_translate_keys":[],"price_dependency":false,"cl_dependency":false,"value":""}],[{"active":true,"col":6,"relations":[{"operator":false,"rules":[{"operator":"AND","rules":{"cl_field":"radio-group_565c78ffa81208","cl_relation":"is","cl_val":"3 Hour Trip"}}]}],"cl_rule":"show","enableCl":false,"price":"","enablePrice":false,"className":"","label_position":"default","desc_position":"default","type":"select","required":false,"elementId":"select_2666b1eb2b1238","label":"\u23f0 Departure","name":"select_2666b1eb2b1238","values":[{"label":"09:00","value":"09:00","selected":false,"tempId":"aco_1471","gt_translate_keys":["label"]},{"label":"10:00","value":"10:00","selected":false,"tempId":"aco_1472","gt_translate_keys":["label"]},{"label":"11:00","value":"11:00","selected":false,"tempId":"aco_1500","gt_translate_keys":["label"]},{"label":"12:00","value":"12:00","selected":false,"tempId":"aco_1510","gt_translate_keys":["label"]},{"label":"13:00 (1:00 PM)","value":"13:00","selected":false,"tempId":"aco_1520","gt_translate_keys":["label"]},{"label":"14:00 (2:00 PM)","value":"14:00","selected":false,"tempId":"aco_1728","gt_translate_keys":["label"]},{"label":"15:00 (3:00 PM)","value":"15:00","selected":false,"tempId":"aco_1738","gt_translate_keys":["label"]}],"dropdown_type":"basic","error":false,"placeholder":"Whichever Time is Best","gt_translate_keys":["label","placeholder"],"price_dependency":false,"cl_dependency":false,"value":""}],[{"elementId":"separator_6666b1eb2b1242","separatorType":"blank","className":"","height":"1","enableCl":false,"relations":false,"cl_rule":"show","col":6,"type":"separator","gt_translate_keys":[],"price_dependency":false,"cl_dependency":false,"value":""}],[{"label":"\u2705 Number of People","active":true,"required":true,"elementId":"select_8666b1eb2b124b","dropdown_type":"basic","placeholder":"Select Number of People","name":"select_8666b1eb2b124b","label_position":"default","desc_position":"default","enablePrice":false,"className":"","enableCl":false,"relations":[{"operator":false,"rules":[{"operator":"AND","rules":{"cl_field":"radio-group_565c78ffa81208","cl_relation":"is","cl_val":"3 Hour Trip"}}]}],"values":[{"label":"1 person","value":"1","selected":false,"tempId":"aco_1471","gt_translate_keys":["label"]},{"label":"2 people","value":"2","selected":false,"tempId":"aco_1472","gt_translate_keys":["label"]},{"label":"3 people","value":"3","selected":false,"tempId":"aco_1500","gt_translate_keys":["label"]},{"label":"4 people","value":"4","selected":false,"tempId":"aco_1510","gt_translate_keys":["label"]},{"label":"5 people","value":"5","selected":false,"tempId":"aco_1520","gt_translate_keys":["label"]},{"label":"6 people","value":"6","selected":false,"tempId":"aco_1728","gt_translate_keys":["label"]},{"label":"7 people","value":"7","selected":false,"tempId":"aco_1738","gt_translate_keys":["label"]},{"label":"8 people","value":"8","selected":false,"tempId":"aco_1748","gt_translate_keys":["label"]},{"label":"9 people","value":"9","selected":false,"tempId":"aco_1912","gt_translate_keys":["label"]},{"label":"10 people","value":"10","selected":false,"tempId":"aco_1922","gt_translate_keys":["label"]},{"label":"11 people","value":"11","selected":false,"tempId":"aco_84","gt_translate_keys":["label"]},{"label":"12 people","value":"12","selected":false,"tempId":"aco_94","gt_translate_keys":["label"]}],"price":"","cl_rule":"show","col":6,"type":"select","error":false,"gt_translate_keys":["label","placeholder"],"price_dependency":false,"cl_dependency":false,"value":""}],[{"elementId":"separator_7666b1eb2b1254","separatorType":"blank","className":"","height":"1","enableCl":false,"relations":false,"cl_rule":"show","col":6,"type":"separator","error":false,"gt_translate_keys":[],"price_dependency":false,"cl_dependency":false,"value":""}],[{"active":true,"col":6,"relations":false,"cl_rule":"show","enableCl":false,"price":"","enablePrice":false,"className":"","label_position":"default","desc_position":"default","type":"text","subtype":"text","required":false,"elementId":"text_9666b1eb2b125d","label":"\ud83d\ude8c Pickup Location","name":"text_9666b1eb2b125d","value":"","error":false,"description":"Free pick-up service in some locations up to 8 people. Simply provide your address or hotel name.","gt_translate_keys":["label","description","value"],"price_dependency":false,"cl_dependency":false}]]}},"config":{"price_override":"always","enable_recaptcha":false,"bind_quantity":false,"quantity_bind_formula":false,"disp_summ_show_option_price":true,"disp_summ_show_product_price":false,"disp_summ_show_total_price":false,"disp_summ_show_fee":true,"disp_summ_show_discount":true,"summary_title":"","options_total_label":"Options Price","total_label":"Deposit Amount","options_product_label":"Product Price","fee_label":"Fee","discount_label":"Discount","has_price":true,"has_quantity_formula":false},"mc_unit":1,"tax_rate":1,"tax_rate_real":1,"discount":{"percentage":0,"fixed":0},"design":{"conf":{"LabelPosition":"above","DescPosition":"above","UploadField":"custom_1","QuantityFieldStyle":"custom_1"},"css":{"LeftLabelWidth":"120px"}},"formulas":{"fmla_1708364241278155361":"(({field.select_3666b1eb2b11fe.value}>=8)?(1400):(({field.select_3666b1eb2b11fe.value}>=7)?(1225):(({field.select_3666b1eb2b11fe.value}>=6)?(1050):(({field.select_3666b1eb2b11fe.value}>=5)?(875):(({field.select_3666b1eb2b11fe.value}>=4)?(700):(({field.select_3666b1eb2b11fe.value}>=3)?(500):(0)))))))","fmla_1718295979528641619":"(({field.select_3666b1eb2b11fe.value}>=8)?(280):(({field.select_3666b1eb2b11fe.value}>=7)?(205):(({field.select_3666b1eb2b11fe.value}>=6)?(150):(({field.select_3666b1eb2b11fe.value}>=5)?(175):(({field.select_3666b1eb2b11fe.value}>=4)?(200):(({field.select_3666b1eb2b11fe.value}>=3)?(150):(0)))))))"},"lookuptables":[],"clones":false,"cartKey":false}},"_links":{"self":[{"href":"https:\/\/canaryvip.com\/da\/wp-json\/wp\/v2\/product\/11774","targetHints":{"allow":["GET"]}}],"collection":[{"href":"https:\/\/canaryvip.com\/da\/wp-json\/wp\/v2\/product"}],"about":[{"href":"https:\/\/canaryvip.com\/da\/wp-json\/wp\/v2\/types\/product"}],"replies":[{"embeddable":true,"href":"https:\/\/canaryvip.com\/da\/wp-json\/wp\/v2\/comments?post=11774"}],"wp:featuredmedia":[{"embeddable":true,"href":"https:\/\/canaryvip.com\/da\/wp-json\/wp\/v2\/media\/11780"}],"wp:attachment":[{"href":"https:\/\/canaryvip.com\/da\/wp-json\/wp\/v2\/media?parent=11774"}],"wp:term":[{"taxonomy":"product_brand","embeddable":true,"href":"https:\/\/canaryvip.com\/da\/wp-json\/wp\/v2\/product_brand?post=11774"},{"taxonomy":"product_cat","embeddable":true,"href":"https:\/\/canaryvip.com\/da\/wp-json\/wp\/v2\/product_cat?post=11774"},{"taxonomy":"product_tag","embeddable":true,"href":"https:\/\/canaryvip.com\/da\/wp-json\/wp\/v2\/product_tag?post=11774"}],"curies":[{"name":"wp","href":"https:\/\/api.w.org\/{rel}","templated":true}]}}