{"id":11626,"date":"2024-06-06T11:14:41","date_gmt":"2024-06-06T10:14:41","guid":{"rendered":"https:\/\/canaryvip.com\/?post_type=product&#038;p=11626"},"modified":"2026-04-10T14:33:12","modified_gmt":"2026-04-10T13:33:12","slug":"natural-pools-masca-los-gigantes-tour","status":"publish","type":"product","link":"https:\/\/canaryvip.com\/da\/shop\/natural-pools-masca-los-gigantes-tour\/","title":{"rendered":"Tur til naturlige pools, Masca og Los Gigantes + picnic"},"content":{"rendered":"<h2>\ud83c\udf0a Om Masca, naturlige pools og Los Gigantes-turen<\/h2>\n<p>Oplev en af de mest komplette <strong>Guidede ture p\u00e5 Tenerife<\/strong> med denne uforglemmelige oplevelse, der kombinerer natur, lokal kultur og betagende udsigter. P\u00e5 CanaryVIP giver vi dig mulighed for at udforske \u00f8ens skjulte perler p\u00e5 denne <strong>guidet Masca-tur<\/strong>, med dramatiske klipper, traditionelle landsbyer og den ber\u00f8mte <strong>naturlige pools Tenerife<\/strong> er kendt for.<\/p>\n<p>Denne tur er designet til rejsende, der \u00f8nsker at se en anden side af Tenerife i en lille gruppe med en mere personlig og afslappet atmosf\u00e6re.<\/p>\n<h3>Turens h\u00f8jdepunkter: Masca, naturlige pools og Los Gigantes<\/h3>\n<ul>\n<li>\ud83c\udf04 <strong>Panoramisk udsigtspunkt:<\/strong> Nyd den fantastiske udsigt over Masca-dalen, som er et af de mest imponerende landskaber p\u00e5 Tenerife.<\/li>\n<li>\ud83c\udfd8\ufe0f <strong>Masca Village:<\/strong> Brug ca. 1 time p\u00e5 at udforske denne charmerende bjerglandsby. G\u00e5 gennem de smalle gader, opdag lokale produkter, og indsnus den unikke atmosf\u00e6re.<\/li>\n<li>\ud83c\udfd4\ufe0f <strong>Los Gigantes-klipperne:<\/strong> Bes\u00f8g de ber\u00f8mte klipper, der rejser sig op til 600 meter over havet, et af de mest ikoniske naturlige vartegn p\u00e5 \u00f8en.<\/li>\n<li>\ud83c\udfca <strong>Naturlige vulkanske pools og picnic:<\/strong> Forfrisk dig i naturlige vulkanske pools ved havet, og nyd en afslappende picnic i smukke kystomgivelser.<\/li>\n<\/ul>\n<h3>Hvad er inkluderet i din oplevelse?<\/h3>\n<ul>\n<li>\ud83e\uddd1\u200d\ud83c\udfeb Lokal ekspertguide med indg\u00e5ende kendskab til omr\u00e5det.<\/li>\n<li>\ud83d\udee0\ufe0f Alt n\u00f8dvendigt udstyr til aktiviteten.<\/li>\n<li>\ud83d\udee1\ufe0f Aktivitetsforsikring for din tryghed.<\/li>\n<li>\ud83d\ude90 Transport fra\/til m\u00f8destedet i en komfortabel 9-personers varevogn.<\/li>\n<li>\ud83d\udcf8 Fotos og videoer af din oplevelse, s\u00e5 du kan tage uforglemmelige minder med hjem.<\/li>\n<\/ul>\n<h3>Vigtige detaljer om turen<\/h3>\n<ul>\n<li>\ud83d\udd52 <strong>Starttidspunkt:<\/strong> Vinter kl. 15.00 | Sommer kl. 16.00.<\/li>\n<li>\u23f3 <strong>Varighed:<\/strong> Ca. 5 timer.<\/li>\n<li>\ud83d\udc65 <strong>Lille gruppeoplevelse:<\/strong> Der er begr\u00e6nsede pladser til en mere personlig rundvisning.<\/li>\n<li>\ud83d\udccd <strong>Transport:<\/strong> Rejs i en komfortabel 9-personers varevogn.<\/li>\n<li>\ud83e\udde5 <strong>Hvad du skal medbringe:<\/strong> Behageligt t\u00f8j, badet\u00f8j og et h\u00e5ndkl\u00e6de til de naturlige pools.<\/li>\n<\/ul>\n<h3>Vigtige oplysninger og politikker<\/h3>\n<ul>\n<li>\ud83d\udd04 <strong>Afbestillingsregler:<\/strong> Gratis afbestilling er mulig, hvis der anmodes om det mindst 72 timer i forvejen for bookinger p\u00e5 op til 2 personer. For bookinger p\u00e5 3 til 7 personer kr\u00e6ves mindst 5 dages varsel. For grupper p\u00e5 mere end 7 personer skal afbestilling ske mindst 10 dage i forvejen. P\u00e5 grund af begr\u00e6nset tilg\u00e6ngelighed og lille gruppest\u00f8rrelse kan sene aflysninger eller udeblivelser medf\u00f8re fuldt gebyr. Vi anbefaler altid at bekr\u00e6fte dine planer tidligt.<\/li>\n<li>\ud83d\udd52 <strong>Punktlighed:<\/strong> Kom venligst i god tid til m\u00f8destedet for at sikre en god start for gruppen.<\/li>\n<li>\u26a0\ufe0f <strong>Begr\u00e6nset tilg\u00e6ngelighed:<\/strong> Denne oplevelse foreg\u00e5r i sm\u00e5 grupper, s\u00e5 pladserne er meget begr\u00e6nsede og har tendens til at blive hurtigt udsolgt.<\/li>\n<\/ul>\n<h4>St\u00f8tte p\u00e5 turn\u00e9<\/h4>\n<ul>\n<li>\u2714\ufe0f Hos CanaryVIP udv\u00e6lger vi omhyggeligt erfaringer for at sikre kvalitet og sikkerhed.<\/li>\n<li>\ud83d\udde3\ufe0f Under turen kan du altid tale direkte med din guide, hvis du har brug for hj\u00e6lp.<\/li>\n<li>\ud83d\udcde Vores team st\u00e5r til r\u00e5dighed f\u00f8r og efter din booking, hvis du har brug for hj\u00e6lp eller har sp\u00f8rgsm\u00e5l.<\/li>\n<\/ul>\n<h3>\ud83c\udf0a\ud83c\udfd4\ufe0f Book din Masca &amp; Natural Pools-tur i dag<\/h3>\n<p>Hvis du er p\u00e5 udkig efter en af de bedste <strong>Guidede ture p\u00e5 Tenerife<\/strong>, Denne oplevelse kombinerer alt: bjerge, hav, kultur og afslapning. Fra Masca-landsbyens unikke charme til det forfriskende <strong>naturlige pools Tenerife<\/strong> tilbyder, er hvert \u00f8jeblik designet til at v\u00e6re mindev\u00e6rdigt.<\/p>\n<p>Hos CanaryVIP g\u00f8r vi det nemt og p\u00e5lideligt at booke, s\u00e5 du kan fokusere p\u00e5 at nyde din rejse. Uanset om du bes\u00f8ger Tenerife for f\u00f8rste gang eller vender tilbage for at udforske mere, er dette <strong>guidet Masca-tur<\/strong> er en must-do oplevelse.<\/p>\n<p>Sikr dig en plads nu, og oplev Tenerife p\u00e5 en anden m\u00e5de.<\/p>","protected":false},"excerpt":{"rendered":"<p><strong>\ud83d\udd0d Detaljer om turen:<\/strong><br \/>\n\u2705 Sikker betaling.<br \/>\n\ud83c\udf04 Udforsk Masca Village.<br \/>\n\ud83d\udca6 Opdag naturlige pools.<br \/>\n\ud83c\udfd4\ufe0f Bes\u00f8g Los Gigantes-klippen.<br \/>\n\ud83e\udd6a Picnic inkluderet.<br \/>\n\ud83d\udcc5 Hver dag.<br \/>\n\u23f0 Varighed Ca. 5 timer.<br \/>\n\ud83d\ude8c VAN op til 9 personer.<br \/>\n\ud83d\ude90 Afhentning og aflevering p\u00e5 hotellet.<br \/>\n\ud83d\udd04 72 timers gratis afbestilling.<br \/>\n\ud83e\udd11 Garanteret bedste pris.<br \/>\n\ud83c\udf81 Grupperabatter er tilg\u00e6ngelige.<br \/>\n\ud83c\udf1f Book nu og spar!<\/p>","protected":false},"featured_media":16977,"comment_status":"open","ping_status":"closed","template":"","meta":{"_acf_changed":false},"product_brand":[],"product_cat":[52],"product_tag":[],"class_list":{"0":"post-11626","1":"product","2":"type-product","3":"status-publish","4":"has-post-thumbnail","6":"product_cat-bus-tours","7":"wcpa_has_options","9":"first","10":"instock","11":"sale","12":"virtual","13":"purchasable","14":"product-type-simple"},"acf":[],"wcpa_form_fields":{"wcpaData":{"product":{"product_price":85,"price_html":"From&nbsp;<del aria-hidden=\"true\"><span class=\"woocommerce-Price-amount amount\"><bdi>90,00&nbsp;<span class=\"woocommerce-Price-currencySymbol\">&euro;<\/span><\/bdi><\/span><\/del> <span class=\"screen-reader-text\">Den oprindelige pris var: 90,00&nbsp;&euro;.<\/span><ins aria-hidden=\"true\"><span class=\"woocommerce-Price-amount amount\"><bdi>85,00&nbsp;<span class=\"woocommerce-Price-currencySymbol\">&euro;<\/span><\/bdi><\/span><\/ins><span class=\"screen-reader-text\">Den aktuelle pris er: 85,00&nbsp;&euro;.<\/span>","original_product_price":90,"price_including_tax":85,"price_excluding_tax":85,"product_id":{"parent":11626,"variation":false},"is_variable":false,"stock_status":"instock","stock_quantity":null,"parent_sku":"CV11626","product_attributes":[],"custom_fields":[],"is_taxable":false,"product_name":"Natural Pools, Masca & Los Gigantes Tour + Picnic","hasImage":false},"fields":{"sec_169cd3c7b1d53f":{"extra":{"key":"sec_169cd3c7b1d53f","section_id":"sec_169cd3c7b1d53f","name":"South Tenerife","status":1,"cl_rule":"show","enableCl":false,"relations":[{"operator":false,"rules":[{"operator":"AND","rules":{"cl_field":"radio-group_665df45fcbc30b","cl_relation":"is","cl_val":"Siam Park Regular Tickets"}}]}],"toggle":true,"title_tag":"h4","show_title":false,"showPrice":"default","form_id":16980,"form_rules":{"exclude_from_discount":true,"fee_label":"Fee","disp_hide_options_price":true,"disp_show_section_price":false,"disp_show_field_price":true,"layout_option":"standard","pric_use_as_fee":false,"process_fee_as":"woo_fee"},"layout_option":"standard"},"fields":[[{"label":"\ud83d\udcc5 Date","active":true,"required":true,"elementId":"date_869cd3c7b1d560","picker_type":"custom","picker_mode":"single","placeholder":"","description":"","tooltip":"","name":"date_869cd3c7b1d560","label_position":"default","desc_position":"default","enablePrice":false,"className":"","enableCl":false,"relations":[{"operator":"and","rules":[{"operator":"AND","rules":{"cl_field":"radio-group_665df45fcbc30b","cl_relation":"is","cl_val":"3 Hour Trip"}}]}],"date_pic_inline":true,"date_pic_inline_hide":true,"min_date":{"type":"days","val":"2"},"max_date":{"type":"days","val":"180"},"date_pic_conf":{"disabledWeeks":[],"enabledDates":[]},"price":"","cl_rule":"show","col":6,"type":"date","error":false,"enableDesign":false,"LabelColor":"","value":"2024-07-04","isWeightTemplate":false,"isTemplate":false,"min_quantity":"1","quantity_decimal":false,"quantity_step":"1","quantity_label":"Quantity","repeater_field_label":"{field_label}","repeater_bind":"","gt_translate_keys":["label","placeholder","description","value","tooltip","repeater_field_label","quantity_label"],"price_dependency":false,"cl_dependency":false}],[{"elementId":"separator_569cd3c7b1d57a","separatorType":"blank","className":"","height":"10","enableCl":false,"relations":false,"cl_rule":"show","col":6,"type":"separator","gt_translate_keys":[],"price_dependency":false,"cl_dependency":false,"value":""}],[{"active":true,"col":6,"relations":false,"cl_rule":"show","enableCl":false,"price":"","enablePrice":false,"className":"","label_position":"default","desc_position":"default","type":"content","required":false,"elementId":"content_369cd3c7b1d585","label":"People","name":"content_369cd3c7b1d585","contentType":"plain","value":"","error":false,"show_in_checkout":true,"inline":false,"gt_translate_keys":["label","value"],"price_dependency":false,"cl_dependency":false}],[{"active":true,"col":6,"relations":[{"operator":false,"rules":[{"operator":"AND","rules":{"cl_field":"","cl_relation":"","cl_val":""}}]}],"cl_rule":"show","enableCl":true,"price":"85","enablePrice":true,"className":"","label_position":"default","desc_position":"default","type":"radio-group","required":false,"elementId":"radio-group_969cd3c7b1d590","label":"","name":"radio-group_969cd3c7b1d590","values":[{"label":"\ud83d\udc64 People (85\u20ac)","value":"Adult","selected":true,"tempId":"aco_32","tooltip":"+12 Years","description":"","gt_translate_keys":["label","tooltip","description"]}],"layOut":"","error":false,"checkUi":"button","priceOptions":"fixed_for_all","pricingType":"fixed","enable_quantity":true,"quantity_label":"","min_quantity":"0","options_tooltip":true,"options_description":true,"isWeightTemplate":false,"isTemplate":false,"quantity_decimal":false,"quantity_step":"1","repeater_field_label":"{field_label}","repeater_bind":"","gt_translate_keys":["label","repeater_field_label","quantity_label"],"price_dependency":false,"cl_dependency":false,"value":""}],[{"active":true,"col":6,"relations":false,"cl_rule":"show","enableCl":false,"price":"","enablePrice":false,"className":"","label_position":"default","desc_position":"default","type":"separator","required":false,"elementId":"separator_269cd3c7b1d5af","label":"Separator Field","height":"7","separatorType":"blank","error":false,"gt_translate_keys":["label"],"price_dependency":false,"cl_dependency":false,"value":""}],[{"active":true,"col":6,"relations":false,"cl_rule":"show","enableCl":false,"price":"","enablePrice":false,"className":"","label_position":"default","desc_position":"default","type":"text","subtype":"text","required":false,"elementId":"text_369cd3c7b1d5b8","label":"\ud83d\ude8c Pickup Location","name":"text_369cd3c7b1d5b8","value":"","description":"Pick-up service in South Tenerife. Simply provide your address or hotel name.","error":false,"isWeightTemplate":false,"isTemplate":false,"min_quantity":"1","quantity_decimal":false,"quantity_step":"1","quantity_label":"Quantity","repeater_field_label":"{field_label}","repeater_bind":"","gt_translate_keys":["label","description","value","repeater_field_label","quantity_label"],"price_dependency":false,"cl_dependency":false}]]}},"config":{"price_override":"always","enable_recaptcha":false,"bind_quantity":false,"quantity_bind_formula":false,"disp_summ_show_option_price":true,"disp_summ_show_product_price":false,"disp_summ_show_total_price":true,"disp_summ_show_fee":true,"disp_summ_show_discount":true,"summary_title":"","options_total_label":"Options Price","total_label":"Total Amount","options_product_label":"Product Price","fee_label":"Fee","discount_label":"Discount","has_price":true,"has_quantity_formula":false},"mc_unit":1,"tax_rate":1,"tax_rate_real":1,"discount":{"percentage":0,"fixed":0},"design":{"conf":{"LabelPosition":"above","DescPosition":"above","UploadField":"custom_1","QuantityFieldStyle":"custom_1"},"css":{"LeftLabelWidth":"120px"}},"formulas":[],"lookuptables":[],"clones":false,"cartKey":false}},"_links":{"self":[{"href":"https:\/\/canaryvip.com\/da\/wp-json\/wp\/v2\/product\/11626","targetHints":{"allow":["GET"]}}],"collection":[{"href":"https:\/\/canaryvip.com\/da\/wp-json\/wp\/v2\/product"}],"about":[{"href":"https:\/\/canaryvip.com\/da\/wp-json\/wp\/v2\/types\/product"}],"replies":[{"embeddable":true,"href":"https:\/\/canaryvip.com\/da\/wp-json\/wp\/v2\/comments?post=11626"}],"wp:featuredmedia":[{"embeddable":true,"href":"https:\/\/canaryvip.com\/da\/wp-json\/wp\/v2\/media\/16977"}],"wp:attachment":[{"href":"https:\/\/canaryvip.com\/da\/wp-json\/wp\/v2\/media?parent=11626"}],"wp:term":[{"taxonomy":"product_brand","embeddable":true,"href":"https:\/\/canaryvip.com\/da\/wp-json\/wp\/v2\/product_brand?post=11626"},{"taxonomy":"product_cat","embeddable":true,"href":"https:\/\/canaryvip.com\/da\/wp-json\/wp\/v2\/product_cat?post=11626"},{"taxonomy":"product_tag","embeddable":true,"href":"https:\/\/canaryvip.com\/da\/wp-json\/wp\/v2\/product_tag?post=11626"}],"curies":[{"name":"wp","href":"https:\/\/api.w.org\/{rel}","templated":true}]}}