{"id":11582,"date":"2024-06-03T16:40:35","date_gmt":"2024-06-03T15:40:35","guid":{"rendered":"https:\/\/canaryvip.com\/?post_type=product&#038;p=11582"},"modified":"2025-12-11T18:13:25","modified_gmt":"2025-12-11T18:13:25","slug":"stargazing-tenerife-teide-by-night","status":"publish","type":"product","link":"https:\/\/canaryvip.com\/da\/shop\/stargazing-tenerife-teide-by-night\/","title":{"rendered":"Star Tour Tenerife:<br\/>Teide by Night + middag"},"content":{"rendered":"<h2>\ud83d\ude8c Om stjernekiggeri p\u00e5 Tenerife: Teide om natten<\/h2>\n<p>Den <strong>Teide om natten<\/strong> Turen, der tilbydes gennem CanaryVIP, er en af de mest specielle m\u00e5der at opleve Teide efter solnedgang. En lokal operat\u00f8r st\u00e5r for denne udflugt, der kombinerer et smukt stop ved solnedgangen, vulkansk landskab og en afslappet stjernekiggersession under en af Europas klareste himmel. Teide Nationalpark er certificeret som en Starlight Destination, hvilket betyder, at himlen er us\u00e6dvanlig ren og fri for lysforurening.<\/p>\n<h3>Turens h\u00f8jdepunkter: Teide om natten<\/h3>\n<ul>\n<li>\ud83c\udf04 <strong>Solnedgang Stop<\/strong>: Oplevelsen begynder med et stop for at nyde solnedgangen fra et af udsigtspunkterne inde i nationalparken. De skiftende farver p\u00e5 himlen skaber et roligt og mindev\u00e6rdigt \u00f8jeblik, der er ideelt til fotos inden aftenens stjernekig.<\/li>\n<li>\ud83d\udd2d <strong>Oplevelse af stjernekiggeri p\u00e5 Tenerife<\/strong>: N\u00e5r det bliver m\u00f8rkt, forklarer guiden stjernebillederne p\u00e5 en klar og venlig m\u00e5de ved hj\u00e6lp af en laserpointer. Der er et teleskop til r\u00e5dighed, s\u00e5 g\u00e6sterne kan observere stjerner, planeter og objekter i det fjerne univers, mens de l\u00e6rer interessante historier om nattehimlen.<\/li>\n<li>\ud83c\udfd4\ufe0f <strong>Teide-bjerget<\/strong>: Med en h\u00f8jde p\u00e5 3.715 meter er Teide det h\u00f8jeste bjerg i Spanien og et <a href=\"https:\/\/whc.unesco.org\/en\/list\/1258\/\" target=\"_blank\" rel=\"noopener\">UNESCO's verdensarv<\/a> sted. Dets vulkanske landskaber f\u00f8les n\u00e6sten overjordiske og er blevet brugt som filmkulisser for flere internationale produktioner.<\/li>\n<li>\ud83c\udf7d\ufe0f <strong>Middag<\/strong>: Middagen er inkluderet og serveres normalt p\u00e5 en kanarisk restaurant s\u00e5som Casa Sira, men den n\u00f8jagtige restaurant kan variere afh\u00e6ngigt af tilg\u00e6ngelighed. M\u00e5ltidet er enkelt og lokalt, velegnet inden man forts\u00e6tter med stjernekiggen om natten. Der er generelt mulighed for at v\u00e6lge mellem forskellige di\u00e6ter.<\/li>\n<\/ul>\n<h3>Dit stjernekiggeri p\u00e5 Tenerife inkluderer<\/h3>\n<ul>\n<li>\ud83d\ude8c Afhentning og aflevering fra dit hotel.<\/li>\n<li>\ud83d\udde3\ufe0f Engelsktalende guider, der giver forklaringer under hele oplevelsen.<\/li>\n<li>\ud83d\udcf8 Flere stop for at tage billeder, is\u00e6r ved solnedgang.<\/li>\n<li>\ud83d\udcdc En hel aften med udforskning af Teides landskaber og nattehimmel.<\/li>\n<li>\ud83d\udcb0 Bedste prisgaranti og fleksible afbestillingsbetingelser.<\/li>\n<\/ul>\n<h3>Essential Stargazing Tenerife Tour Detaljer<\/h3>\n<ul>\n<li>\ud83c\udf9f\ufe0f Medbring din digitale CanaryVIP-billet.<\/li>\n<li>\ud83d\udeab Bussen har ikke toilet om bord og er ikke tilpasset k\u00f8restolsbrugere.<\/li>\n<li>\ud83c\udf7d\ufe0f Middag er inkluderet.<\/li>\n<li>\u23f3 Turen varer cirka 6 timer.<\/li>\n<li>\ud83e\udde5 Varmt t\u00f8j er vigtigt, da temperaturen falder markant om natten.<\/li>\n<li>\ud83d\udccc Angiv venligst n\u00f8jagtige hoteloplysninger for at sikre korrekt afhentning.<\/li>\n<li>\ud83c\udf25\ufe0f <strong>Vejrmelding<\/strong>: Stjernekigging afh\u00e6nger af vejrforholdene og kan ikke garanteres fuldt ud. Operat\u00f8ren vil altid g\u00f8re sit bedste for at give dig denne oplevelse.<\/li>\n<\/ul>\n<h3>Etikette og regler for turen<\/h3>\n<ul>\n<li>\ud83d\udd04 <strong>Fleksibel afbestilling<\/strong>: Gratis afbestilling op til 48 timer f\u00f8r oplevelsen. Der g\u00e6lder s\u00e6rlige betingelser for grupper: Grupper p\u00e5 5 til 7 personer kan afbestille op til 72 timer i forvejen. Grupper p\u00e5 8 til 14 personer skal give 4 dages varsel. Grupper p\u00e5 15 personer eller flere skal afbestille mindst 6 dage i forvejen.<\/li>\n<li>\ud83d\udd52 <strong>Rettidighed<\/strong>: V\u00e6r klar ved det aftalte afhentningssted for at undg\u00e5 forsinkelser for resten af gruppen.<\/li>\n<li>\ud83d\udce2 <strong>F\u00f8lg tidsplanen<\/strong>: G\u00e6sterne skal f\u00f8lge guidens instruktioner for at sikre en god og behagelig oplevelse for alle.<\/li>\n<\/ul>\n<h4>Assistance og ansvar p\u00e5 turen<\/h4>\n<ul>\n<li>\u2714\ufe0f <strong>Serviceforpligtelse<\/strong>: CanaryVIP sikrer en smidig bookingproces og klar kommunikation inden turen. Selve aktiviteten udf\u00f8res af en lokal operat\u00f8r med licens.<\/li>\n<li>\ud83d\udde3\ufe0f <strong>Hj\u00e6lp under turen<\/strong>: Eventuelle sp\u00f8rgsm\u00e5l eller bekymringer under oplevelsen kan rettes direkte til guiden, som er til stede for at hj\u00e6lpe.<\/li>\n<li>\ud83d\udcb0 <strong>Refusionspolitik for problemer med ture<\/strong>: Hvis der opst\u00e5r uventede h\u00e6ndelser under aktiviteten, vil refusioner f\u00f8lge den fastlagte politik, hvor gennemsigtighed og g\u00e6sternes tilfredshed altid prioriteres.<\/li>\n<\/ul>\n<h3>\ud83c\udf0b\ud83d\ude8c\ud83c\udfde\ufe0f Book din Teide-tur nu<\/h3>\n<p>Teide by Night er en rolig og mindev\u00e6rdig m\u00e5de at opdage et af Tenerifes mest ikoniske steder. At se solnedgangen fra nationalparken og derefter observere nattehimlen g\u00f8r denne tur til en favorit for par, familier og alle, der \u00f8nsker at opleve Teide i et andet lys.<\/p>\n<p>Hvis du ogs\u00e5 gerne vil udforske parken om dagen, kan du tjekke vores <a href=\"https:\/\/canaryvip.com\/da\/shop\/teide-guided-bus-tour\/\">Teide halvdags bustur<\/a>. Denne dagstur omfatter vulkanske landskaber, udsigtspunkter, landsbyen Vilaflor og Roques de Garc\u00eda, med mulighed for en tur med sv\u00e6vebanen, hvis vejret tillader det.<\/p>\n<p>Ved at booke begge ture gennem CanaryVIP kan du nyde hele kontrasten p\u00e5 Teide, fra de lyse farver om dagen til de fredfyldte stjerneklare n\u00e6tter.<\/p>\n<p>Dit Teide-eventyr er klar, n\u00e5r du er.<\/p>","protected":false},"excerpt":{"rendered":"<p><strong>\ud83d\udd0d Teide om natten:<\/strong><br \/>\n\u2705 Sikker betaling.<br \/>\n\ud83d\uddfb Bes\u00f8g nationalparken Teide.<br \/>\n\ud83d\udd2d Professionelle teleskoper.<br \/>\n\ud83c\udf20 Se Stjerner og konstellationer.<br \/>\n\ud83c\udf7d\ufe0f Kanarisk m\u00e5ltid inkluderet.<br \/>\n\ud83e\uddc3 Drikkevarer inkluderet.<br \/>\n\ud83d\udcc5 Tir, ons, tor, fre, s\u00f8n.<br \/>\n\u23f0 Varighed Ca. 6 timer.<br \/>\n\ud83d\ude8c Afhentning og aflevering p\u00e5 hotellet.<br \/>\n\ud83d\udd04 48 timers gratis afbestilling.<br \/>\n\ud83e\udd11 Garanteret bedste pris.<br \/>\n\ud83c\udf81 Grupperabatter er tilg\u00e6ngelige.<br \/>\n\ud83c\udf0d Guider p\u00e5 dine sprog.<br \/>\n\ud83c\udf1f Book nu og spar!<\/p>","protected":false},"featured_media":11584,"comment_status":"open","ping_status":"closed","template":"","meta":{"_acf_changed":false},"product_brand":[],"product_cat":[52],"product_tag":[],"class_list":{"0":"post-11582","1":"product","2":"type-product","3":"status-publish","4":"has-post-thumbnail","6":"product_cat-bus-tours","7":"wcpa_has_options","9":"first","10":"instock","11":"sale","12":"virtual","13":"purchasable","14":"product-type-simple"},"acf":[],"wcpa_form_fields":{"wcpaData":{"product":{"product_price":79,"price_html":"From&nbsp;<del aria-hidden=\"true\"><span class=\"woocommerce-Price-amount amount\"><bdi>89,00&nbsp;<span class=\"woocommerce-Price-currencySymbol\">&euro;<\/span><\/bdi><\/span><\/del> <span class=\"screen-reader-text\">Den oprindelige pris var: 89,00&nbsp;&euro;.<\/span><ins aria-hidden=\"true\"><span class=\"woocommerce-Price-amount amount\"><bdi>79,00&nbsp;<span class=\"woocommerce-Price-currencySymbol\">&euro;<\/span><\/bdi><\/span><\/ins><span class=\"screen-reader-text\">Den aktuelle pris er: 79,00&nbsp;&euro;.<\/span>","original_product_price":89,"price_including_tax":79,"price_excluding_tax":79,"product_id":{"parent":11582,"variation":false},"is_variable":false,"stock_status":"instock","stock_quantity":null,"parent_sku":"CV11582","product_attributes":[],"custom_fields":[],"is_taxable":false,"product_name":"Star Tour Tenerife:<br\/>Teide by Night + Dinner","hasImage":false},"fields":{"sec_2665e36bde09f4":{"extra":{"key":"sec_2665e36bde09f4","section_id":"sec_2665e36bde09f4","name":"South Tenerife","status":1,"cl_rule":"show","enableCl":false,"relations":[{"operator":false,"rules":[{"operator":"AND","rules":{"cl_field":"radio-group_665df45fcbc30b","cl_relation":"is","cl_val":"Siam Park Regular Tickets"}}]}],"toggle":true,"title_tag":"h4","show_title":false,"showPrice":"default","form_id":11592,"form_rules":{"exclude_from_discount":true,"fee_label":"Fee","disp_hide_options_price":true,"disp_show_section_price":false,"disp_show_field_price":true,"layout_option":"standard","pric_use_as_fee":false,"process_fee_as":"woo_fee"},"layout_option":"standard"},"fields":[[{"label":"\ud83d\udcc5 Date","active":true,"required":true,"elementId":"date_10665e36bde0a12","picker_type":"custom","picker_mode":"single","placeholder":"","description":"","tooltip":"","name":"date_10665e36bde0a12","label_position":"default","desc_position":"default","enablePrice":false,"className":"","enableCl":false,"relations":[{"operator":"and","rules":[{"operator":"AND","rules":{"cl_field":"radio-group_665df45fcbc30b","cl_relation":"is","cl_val":"3 Hour Trip"}}]}],"date_pic_inline":true,"date_pic_inline_hide":true,"min_date":{"type":"days","val":"1"},"max_date":{"type":"days","val":"365"},"date_pic_conf":{"disabledWeeks":[1]},"price":"","cl_rule":"show","col":6,"type":"date","error":false,"enableDesign":false,"LabelColor":"","isWeightTemplate":false,"isTemplate":false,"min_quantity":"1","quantity_decimal":false,"quantity_step":"1","quantity_label":"Quantity","repeater_field_label":"{field_label}","repeater_bind":"","gt_translate_keys":["label","placeholder","description","tooltip","repeater_field_label","quantity_label"],"price_dependency":false,"cl_dependency":false,"value":""}],[{"elementId":"separator_8665e36bde0a21","separatorType":"blank","className":"","height":"10","enableCl":false,"relations":false,"cl_rule":"show","col":6,"type":"separator","gt_translate_keys":[],"price_dependency":false,"cl_dependency":false,"value":""}],[{"active":true,"col":6,"relations":false,"cl_rule":"show","enableCl":false,"price":"","enablePrice":false,"className":"","label_position":"default","desc_position":"default","type":"content","required":false,"elementId":"content_9665e36bde0a2d","label":"People","name":"content_9665e36bde0a2d","contentType":"plain","value":"","error":false,"show_in_checkout":true,"inline":false,"gt_translate_keys":["label","value"],"price_dependency":false,"cl_dependency":false}],[{"active":true,"col":6,"relations":[{"operator":false,"rules":[{"operator":"AND","rules":{"cl_field":"","cl_relation":"","cl_val":""}}]}],"cl_rule":"show","enableCl":true,"price":"79","enablePrice":true,"className":"","label_position":"default","desc_position":"default","type":"radio-group","required":false,"elementId":"radio-group_10665e36bde0a38","label":"","name":"radio-group_10665e36bde0a38","values":[{"label":"\ud83d\udc64 Adult (79\u20ac)","value":"Adult","selected":true,"tempId":"aco_32","tooltip":"+14 Years","description":"","gt_translate_keys":["label","tooltip","description"]}],"layOut":"","error":false,"checkUi":"button","priceOptions":"fixed_for_all","pricingType":"fixed","enable_quantity":true,"quantity_label":"","min_quantity":"0","options_tooltip":true,"options_description":true,"gt_translate_keys":["label","quantity_label"],"price_dependency":false,"cl_dependency":false,"value":""}],[{"label":"","active":true,"required":false,"elementId":"radio-group_10665e36bde0a43","name":"radio-group_10665e36bde0a43","label_position":"default","desc_position":"default","enablePrice":true,"className":"","enableCl":false,"relations":false,"enable_quantity":true,"quantity_label":"","min_quantity":"0","checkUi":"button","layOut":"","values":[{"label":"\ud83d\udc66 Child (49\u20ac)","value":"Child","selected":true,"tempId":"aco_32","tooltip":"4-13 Years","description":"","gt_translate_keys":["label","tooltip","description"]}],"priceOptions":"fixed_for_all","pricingType":"fixed","price":"49","cl_rule":"show","col":6,"type":"radio-group","error":false,"options_tooltip":true,"options_description":true,"gt_translate_keys":["label","quantity_label"],"price_dependency":false,"cl_dependency":false,"value":""}],[{"label":"","active":true,"required":false,"elementId":"radio-group-0497504259","name":"radio-group-0497504259","label_position":"default","desc_position":"default","enablePrice":true,"className":"","enableCl":false,"relations":false,"enable_quantity":true,"quantity_label":"","min_quantity":"0","checkUi":"button","layOut":"","options_tooltip":true,"options_description":true,"values":[{"label":"\ud83d\udc76 Infant (Free)","value":"Infant","selected":true,"tempId":"aco_32","tooltip":"0-3 Years","description":"","gt_translate_keys":["label","tooltip","description"]}],"priceOptions":"fixed_for_all","pricingType":"fixed","price":"0","cl_rule":"show","col":6,"type":"radio-group","error":false,"gt_translate_keys":["label","quantity_label"],"price_dependency":false,"cl_dependency":false,"value":""}],[{"active":true,"col":6,"relations":false,"cl_rule":"show","enableCl":false,"price":"","enablePrice":false,"className":"","label_position":"default","desc_position":"default","type":"select","required":false,"elementId":"select_5665e36bde0a4d","label":"\ud83c\udf0e Language","name":"select_5665e36bde0a4d","values":[{"label":"English","value":"English","selected":false,"tempId":"aco_389","gt_translate_keys":["label"]},{"label":"Spanish","value":"Spanish","selected":false,"tempId":"aco_390","gt_translate_keys":["label"]},{"label":"Deutsch","value":"Deutsch","selected":false,"tempId":"aco_409","gt_translate_keys":["label"]},{"label":"French","value":"French","selected":false,"tempId":"aco_581","gt_translate_keys":["label"]},{"label":"Dutch","value":"Dutch","selected":false,"tempId":"aco_672","gt_translate_keys":["label"]},{"label":"Italian","value":"Italian","selected":false,"tempId":"aco_700","gt_translate_keys":["label"]}],"dropdown_type":"basic","error":false,"isWeightTemplate":false,"isTemplate":false,"min_quantity":"1","quantity_decimal":false,"quantity_step":"1","quantity_label":"Quantity","repeater_field_label":"{field_label}","repeater_bind":"","placeholder":"Select Language","gt_translate_keys":["label","placeholder","repeater_field_label","quantity_label"],"price_dependency":false,"cl_dependency":false,"value":""}],[{"active":true,"col":6,"relations":false,"cl_rule":"show","enableCl":false,"price":"","enablePrice":false,"className":"","label_position":"default","desc_position":"default","type":"separator","required":false,"elementId":"separator_4665e36bde0a57","label":"Separator Field","height":"7","separatorType":"blank","error":false,"gt_translate_keys":["label"],"price_dependency":false,"cl_dependency":false,"value":""}],[{"active":true,"col":6,"relations":false,"cl_rule":"show","enableCl":false,"price":"","enablePrice":false,"className":"","label_position":"default","desc_position":"default","type":"text","subtype":"text","required":false,"elementId":"text_10665e36bde0a60","label":"\ud83d\ude8c Pickup Location","name":"text_10665e36bde0a60","value":"","description":"Included Pick-up service in South Tenerife. Simply provide your address or hotel name.","error":false,"gt_translate_keys":["label","description","value"],"price_dependency":false,"cl_dependency":false}]]}},"config":{"price_override":"always","enable_recaptcha":false,"bind_quantity":false,"quantity_bind_formula":false,"disp_summ_show_option_price":true,"disp_summ_show_product_price":false,"disp_summ_show_total_price":true,"disp_summ_show_fee":true,"disp_summ_show_discount":true,"summary_title":"","options_total_label":"Options Price","total_label":"Total Amount","options_product_label":"Product Price","fee_label":"Fee","discount_label":"Discount","has_price":true,"has_quantity_formula":false},"mc_unit":1,"tax_rate":1,"tax_rate_real":1,"discount":{"percentage":0,"fixed":0},"design":{"conf":{"LabelPosition":"above","DescPosition":"above","UploadField":"custom_1","QuantityFieldStyle":"custom_1"},"css":{"LeftLabelWidth":"120px"}},"formulas":[],"lookuptables":[],"clones":false,"cartKey":false}},"_links":{"self":[{"href":"https:\/\/canaryvip.com\/da\/wp-json\/wp\/v2\/product\/11582","targetHints":{"allow":["GET"]}}],"collection":[{"href":"https:\/\/canaryvip.com\/da\/wp-json\/wp\/v2\/product"}],"about":[{"href":"https:\/\/canaryvip.com\/da\/wp-json\/wp\/v2\/types\/product"}],"replies":[{"embeddable":true,"href":"https:\/\/canaryvip.com\/da\/wp-json\/wp\/v2\/comments?post=11582"}],"wp:featuredmedia":[{"embeddable":true,"href":"https:\/\/canaryvip.com\/da\/wp-json\/wp\/v2\/media\/11584"}],"wp:attachment":[{"href":"https:\/\/canaryvip.com\/da\/wp-json\/wp\/v2\/media?parent=11582"}],"wp:term":[{"taxonomy":"product_brand","embeddable":true,"href":"https:\/\/canaryvip.com\/da\/wp-json\/wp\/v2\/product_brand?post=11582"},{"taxonomy":"product_cat","embeddable":true,"href":"https:\/\/canaryvip.com\/da\/wp-json\/wp\/v2\/product_cat?post=11582"},{"taxonomy":"product_tag","embeddable":true,"href":"https:\/\/canaryvip.com\/da\/wp-json\/wp\/v2\/product_tag?post=11582"}],"curies":[{"name":"wp","href":"https:\/\/api.w.org\/{rel}","templated":true}]}}