{"id":11531,"date":"2024-05-21T11:43:07","date_gmt":"2024-05-21T10:43:07","guid":{"rendered":"https:\/\/canaryvip.com\/?post_type=product&#038;p=11531"},"modified":"2025-06-29T00:06:38","modified_gmt":"2025-06-28T23:06:38","slug":"history-music-tenerife","status":"publish","type":"product","link":"https:\/\/canaryvip.com\/da\/shop\/history-music-tenerife\/","title":{"rendered":"Historie, Musikkens udvikling:<br\/>Tenerife Night Show"},"content":{"rendered":"<h2>\ud83c\udfb6 Oplev historien og musikkens udvikling p\u00e5 Tenerife<\/h2>\n<p>Fordyb dig i en uforglemmelig musikalsk rejse p\u00e5 \"History: The Evolution of Music Show\" p\u00e5 Tenerife, som stolt pr\u00e6senteres af Auditorio Pir\u00e1mide de Arona. Denne spektakul\u00e6re begivenhed, som er tilg\u00e6ngelig via CanaryVIP, viser de mest ikoniske \u00f8jeblikke i musikhistorien med et mangfoldigt ensemble best\u00e5ende af 30 talentfulde kunstnere fra 15 forskellige lande.<\/p>\n<p>Oplev en f\u00e6ngslende aften med livemusik, levende dans og fantastiske koreografier, der hylder musikalske legender fra Mozart til Michael Jackson. Denne 2-timers forestilling med 15 minutters pause lover en aften fyldt med de rytmer og lyde, der har formet vores verden.<\/p>\n<h3>\ud83c\udf1f En rejse gennem musikalske epoker<\/h3>\n<p><strong>Musikkens udvikling:<\/strong> Dette show tager dig med p\u00e5 en fascinerende rejse gennem tiden og fejrer v\u00e6rker af Beethoven, Caruso, Elvis, The Beatles, Queen, ABBA, Pink Floyd og mange flere. Fra middelalderen til nutidens hits bliver hver \u00e6ra bragt til live med betagende audiovisuelle billeder og bl\u00e6ndende kostumer.<\/p>\n<p><strong>Dynamisk ydeevne:<\/strong> Showet kombinerer livemusik, dans, teater og akrobatik og skaber en dynamisk og engagerende oplevelse, der passer til alle aldre. De fantastiske forestillinger og live-fortolkninger af ber\u00f8mte soundtracks og Broadway-hits sikrer en mindev\u00e6rdig aften for alle deltagere.<\/p>\n<h3>\ud83d\udccd Sted og tidsplan<\/h3>\n<p><strong>Placering:<\/strong> Showet afholdes p\u00e5 det elegante <a href=\"https:\/\/www.google.com\/maps\/place\/Pir%C3%A1mide+de+Arona\/@28.05472,-16.7337319,17z\/data=!3m1!4b1!4m6!3m5!1s0xc6a977926d44d3d:0x16c097dc6a370b29!8m2!3d28.05472!4d-16.731157!16s%2Fg%2F1vyxknvw?entry=tts&amp;g_ep=EgoyMDI0MDUxOC4wKgBIAVAD\" target=\"_blank\" rel=\"noopener\">Auditorio Pir\u00e1mide de Arona<\/a>ligger i Playa de las Am\u00e9ricas p\u00e5 Tenerife. Der er rigelig med underjordisk parkering ved Oasis Shopping Center, lige foran stedet.<\/p>\n<p><strong>Tidsplan:<\/strong> Showet opf\u00f8res hver l\u00f8rdag, hvor d\u00f8rene \u00e5bner kl. 20.00, og forestillingen starter kl. 21.00. Pladserne er ikke fordelt, s\u00e5 det er f\u00f8rst til m\u00f8lle-princippet, der g\u00e6lder.<\/p>\n<h3>\ud83c\udf9f\ufe0f Billetmuligheder og priser<\/h3>\n<p>Hos CanaryVIP tilbyder vi billetter til \"History: The Evolution of Music Show\" med den bedste prisgaranti. Billetterne er prissat til \u20ac49 pr. person. Nyd godt af grupperabatter for en mere overkommelig oplevelse, hvilket g\u00f8r den perfekt til familier, venner og s\u00e6rlige lejligheder. Book nu for at sikre din plads til en uforglemmelig aften.<\/p>\n<h3>\ud83d\udcc5 Fleksibel reservations- og afbestillingspolitik<\/h3>\n<p><strong>Gratis aflysninger:<\/strong> Afbestil op til 24 timer f\u00f8r forestillingen for fuld refusion. Hvis du ikke aflyser eller ikke dukker op, har du ikke ret til at f\u00e5 pengene tilbage.<\/p>\n<p><strong>Private shows:<\/strong> Vi tilbyder ogs\u00e5 muligheden for at booke private shows til firmaudflugter og s\u00e6rlige arrangementer. <a href=\"https:\/\/canaryvip.com\/da\/contact\/\">Kontakt os<\/a> for mere information om at organisere et personligt arrangement.<\/p>\n<h3>\ud83d\udc57 Dresscode og yderligere information<\/h3>\n<p><strong>P\u00e5kl\u00e6dningskode:<\/strong> Smart og afslappet p\u00e5kl\u00e6dning anbefales for at komplementere de elegante omgivelser. Jeans og en p\u00e6n t-shirt er acceptabelt, men sportst\u00f8j og shorts frar\u00e5des for at bevare showets sofistikerede atmosf\u00e6re.<\/p>\n<p><strong>Indgang til showet:<\/strong> For at f\u00e5 nem adgang til \"History: The Evolution of Music Show\", bedes du bruge den s\u00e6rlige indgang p\u00e5 venstre side af hotellets hovedindgang. Denne indgang er specielt reserveret til showdeltagere, hvilket sikrer en problemfri adgang til stedet.<\/p>\n<h3>\ud83c\udfad Tag med os til en uforglemmelig aften<\/h3>\n<p>Oplev magien i \"History: The Evolution of Music Show\" med CanaryVIP. Lad os tage dig med p\u00e5 en rejse gennem musikkens rige historie med liveoptr\u00e6dener, der vil fortrylle og inspirere.<\/p>\n<p>K\u00f8b dine billetter nu til en aften med elegance, underholdning og kulturel fordybelse i hjertet af Tenerife.<\/p>\n<p>Book dine billetter til dette must-see aftenshow p\u00e5 Tenerife i dag! \ud83c\udf1f\ud83c\udfb6<\/p>","protected":false},"excerpt":{"rendered":"<p><strong>\ud83d\udd0d Musikshowet \"History\":<\/strong><br \/>\n\u2705 Sikker betaling.<br \/>\n\ud83c\udfa4 Musikshow.<br \/>\n\ud83c\udfb6 +30 talentfulde kunstnere.<br \/>\n\ud83d\udcc6 Hver l\u00f8rdag.<br \/>\n\u23f0 D\u00f8ren \u00e5bnes 20:00.<br \/>\n\ud83d\udd58 Showet starter kl. 21:00.<br \/>\n\u23f3 Varighed \u2248 2:15h<br \/>\n\ud83c\udf0d Engelsk v\u00e6rt.<br \/>\n\ud83d\ude80 Nyt show p\u00e5 Tenerife!<br \/>\n\ud83e\udd11 Garanteret bedste pris.<br \/>\n\ud83d\udc6a Rabatter til grupper.<br \/>\n\ud83d\udd01 Gratis afbestilling op til 24 timer.<br \/>\n\ud83d\udccd Sted p\u00e5 <a href=\"https:\/\/www.google.com\/maps\/place\/Pir%C3%A1mide+de+Arona\/@28.05472,-16.7337319,17z\/data=!3m1!4b1!4m6!3m5!1s0xc6a977926d44d3d:0x16c097dc6a370b29!8m2!3d28.05472!4d-16.731157!16s%2Fg%2F1vyxknvw?entry=tts&amp;g_ep=EgoyMDI0MDUxOC4wKgBIAVAD\">Pir\u00e1mide de Arona.<\/a><\/p>","protected":false},"featured_media":11532,"comment_status":"open","ping_status":"closed","template":"","meta":{"_acf_changed":false},"product_brand":[],"product_cat":[59],"product_tag":[],"class_list":{"0":"post-11531","1":"product","2":"type-product","3":"status-publish","4":"has-post-thumbnail","6":"product_cat-evening-shows","7":"wcpa_has_options","9":"first","10":"instock","11":"virtual","12":"purchasable","13":"product-type-simple"},"acf":[],"wcpa_form_fields":{"wcpaData":{"product":{"product_price":49,"price_html":"From&nbsp;<span class=\"woocommerce-Price-amount amount\"><bdi>49,00&nbsp;<span class=\"woocommerce-Price-currencySymbol\">&euro;<\/span><\/bdi><\/span>","original_product_price":49,"price_including_tax":49,"price_excluding_tax":49,"product_id":{"parent":11531,"variation":false},"is_variable":false,"stock_status":"instock","stock_quantity":null,"parent_sku":"CV11531","product_attributes":[],"custom_fields":[],"is_taxable":false,"product_name":"History, The Evolution of Music:<br\/>Tenerife Night Show","hasImage":false},"fields":{"sec_10664c7e1fdf7bf":{"extra":{"key":"sec_10664c7e1fdf7bf","section_id":"sec_10664c7e1fdf7bf","name":"Tickets","status":1,"cl_rule":"show","enableCl":false,"relations":[{"operator":false,"rules":[{"operator":"AND","rules":{"cl_field":"radio-group_5664c7e1fdf7be","cl_relation":"is","cl_val":"Gold Entrance"}}]}],"toggle":true,"title_tag":"h4","show_title":false,"showPrice":"default","form_id":11537,"form_rules":{"exclude_from_discount":true,"fee_label":"Fee","disp_hide_options_price":true,"disp_show_section_price":false,"disp_show_field_price":true,"layout_option":"standard","pric_use_as_fee":false,"process_fee_as":"woo_fee"},"layout_option":"standard"},"fields":[[{"label":"\ud83d\udcc5 Date","active":true,"required":true,"elementId":"date_7664c7e1fdf7ad","picker_type":"custom","picker_mode":"single","placeholder":"","description":"","tooltip":"","name":"date_7664c7e1fdf7ad","label_position":"default","desc_position":"default","enablePrice":false,"className":"","enableCl":false,"relations":[{"operator":"and","rules":[{"operator":"AND","rules":{"cl_field":"radio-group_5664c7e1fdf7be","cl_relation":"is_not_empty","cl_val":"3 Hour Trip"}}]}],"date_pic_inline":true,"date_pic_inline_hide":true,"min_date":{"type":"days","val":"0"},"max_date":{"type":"days","val":"365"},"date_pic_conf":{"disabledWeeks":[0,1,2,3,4,5],"disabledDates":["2025-09-20","2025-09-29","2025-10-04","2025-11-13 to 2025-12-13","2026-09-26","2026-10-10","2026-10-17"]},"price":"","cl_rule":"show","col":6,"type":"date","error":false,"enableDesign":false,"LabelColor":"","date_conf_custom":{"minDate":"let d = new Date();\nif (d.getHours() >= 21) {\n  d.setDate(d.getDate() + 1);\n} else {\n  d.setDate(d.getDate() + 0);\n}\nreturn d;"},"isWeightTemplate":false,"isTemplate":false,"min_quantity":"1","quantity_decimal":false,"quantity_step":"1","quantity_label":"Quantity","repeater_field_label":"{field_label}","repeater_bind":"","gt_translate_keys":["label","placeholder","description","tooltip","repeater_field_label","quantity_label"],"price_dependency":false,"cl_dependency":false,"value":""}],[{"active":true,"col":6,"relations":false,"cl_rule":"show","enableCl":false,"price":"","enablePrice":false,"className":"","label_position":"default","desc_position":"default","type":"separator","required":false,"elementId":"separator_7664c7e1fdf7cc","label":"Separator Field","height":"8","separatorType":"blank","error":false,"gt_translate_keys":["label"],"price_dependency":false,"cl_dependency":false,"value":""}],[{"active":true,"col":6,"relations":false,"cl_rule":"show","enableCl":false,"price":"","enablePrice":false,"className":"","label_position":"default","desc_position":"default","type":"content","required":false,"elementId":"content_1664c7e1fdf7d8","label":"People","name":"content_1664c7e1fdf7d8","contentType":"plain","value":"","error":false,"show_in_checkout":true,"inline":false,"gt_translate_keys":["label","value"],"price_dependency":false,"cl_dependency":false}],[{"active":true,"col":6,"relations":[{"operator":false,"rules":[{"operator":"AND","rules":{"cl_field":"","cl_relation":"","cl_val":""}}]}],"cl_rule":"show","enableCl":true,"price":"49","enablePrice":true,"className":"","label_position":"default","desc_position":"default","type":"radio-group","required":false,"elementId":"radio-group_9664c7e1fdf7e3","label":"","name":"radio-group_9664c7e1fdf7e3","values":[{"label":"\ud83d\udc64 Adult (49\u20ac)","value":"Adult (49\u20ac)","selected":true,"tempId":"aco_32","tooltip":"+16 Years","description":"","gt_translate_keys":["label","tooltip","description"]}],"layOut":"","error":false,"checkUi":"button","priceOptions":"fixed_for_all","pricingType":"fixed","enable_quantity":true,"quantity_label":"","min_quantity":"0","options_tooltip":true,"options_description":true,"gt_translate_keys":["label","quantity_label"],"price_dependency":false,"cl_dependency":false,"value":""}],[{"label":"","active":true,"required":false,"elementId":"radio-group_3664c7e1fdf7ef","name":"radio-group_3664c7e1fdf7ef","label_position":"default","desc_position":"default","enablePrice":true,"className":"","enableCl":true,"relations":[{"operator":false,"rules":[{"operator":"AND","rules":{"cl_field":"","cl_relation":"","cl_val":""}}]}],"enable_quantity":true,"quantity_label":"","min_quantity":"0","checkUi":"button","layOut":"","options_tooltip":true,"options_description":true,"values":[{"label":"\ud83d\udc66 Child (25\u20ac)","value":"Child","selected":true,"tempId":"aco_32","tooltip":"5-15 Years","description":"","gt_translate_keys":["label","tooltip","description"]}],"priceOptions":"fixed_for_all","pricingType":"fixed","price":"25","cl_rule":"show","col":6,"type":"radio-group","error":false,"gt_translate_keys":["label","quantity_label"],"price_dependency":false,"cl_dependency":false,"value":""}],[{"label":"","active":true,"required":false,"elementId":"radio-group-9164063374","name":"radio-group-9164063374","label_position":"default","desc_position":"default","enablePrice":true,"className":"","enableCl":true,"relations":[{"operator":false,"rules":[{"operator":"AND","rules":{"cl_field":"","cl_relation":"","cl_val":""}}]}],"enable_quantity":true,"quantity_label":"","min_quantity":"0","checkUi":"button","layOut":"","options_tooltip":true,"options_description":true,"values":[{"label":"\ud83d\udc76 Toddler (Free)","value":"Toddler","selected":true,"tempId":"aco_32","tooltip":"0-4 Years","description":"","gt_translate_keys":["label","tooltip","description"]}],"priceOptions":"fixed_for_all","pricingType":"fixed","price":"0","cl_rule":"show","col":6,"type":"radio-group","error":false,"gt_translate_keys":["label","quantity_label"],"price_dependency":false,"cl_dependency":false,"value":""}]]}},"config":{"price_override":"always","enable_recaptcha":false,"bind_quantity":false,"quantity_bind_formula":false,"disp_summ_show_option_price":true,"disp_summ_show_product_price":false,"disp_summ_show_total_price":true,"disp_summ_show_fee":true,"disp_summ_show_discount":true,"summary_title":"","options_total_label":"Options Price","total_label":"Total Amount","options_product_label":"Product Price","fee_label":"Fee","discount_label":"Discount","has_price":true,"has_quantity_formula":false},"mc_unit":1,"tax_rate":1,"tax_rate_real":1,"discount":{"percentage":0,"fixed":0},"design":{"conf":{"LabelPosition":"above","DescPosition":"above","UploadField":"custom_1","QuantityFieldStyle":"custom_1"},"css":{"LeftLabelWidth":"120px"}},"formulas":[],"lookuptables":[],"clones":false,"cartKey":false}},"_links":{"self":[{"href":"https:\/\/canaryvip.com\/da\/wp-json\/wp\/v2\/product\/11531","targetHints":{"allow":["GET"]}}],"collection":[{"href":"https:\/\/canaryvip.com\/da\/wp-json\/wp\/v2\/product"}],"about":[{"href":"https:\/\/canaryvip.com\/da\/wp-json\/wp\/v2\/types\/product"}],"replies":[{"embeddable":true,"href":"https:\/\/canaryvip.com\/da\/wp-json\/wp\/v2\/comments?post=11531"}],"wp:featuredmedia":[{"embeddable":true,"href":"https:\/\/canaryvip.com\/da\/wp-json\/wp\/v2\/media\/11532"}],"wp:attachment":[{"href":"https:\/\/canaryvip.com\/da\/wp-json\/wp\/v2\/media?parent=11531"}],"wp:term":[{"taxonomy":"product_brand","embeddable":true,"href":"https:\/\/canaryvip.com\/da\/wp-json\/wp\/v2\/product_brand?post=11531"},{"taxonomy":"product_cat","embeddable":true,"href":"https:\/\/canaryvip.com\/da\/wp-json\/wp\/v2\/product_cat?post=11531"},{"taxonomy":"product_tag","embeddable":true,"href":"https:\/\/canaryvip.com\/da\/wp-json\/wp\/v2\/product_tag?post=11531"}],"curies":[{"name":"wp","href":"https:\/\/api.w.org\/{rel}","templated":true}]}}