{"id":11456,"date":"2024-05-12T23:05:18","date_gmt":"2024-05-12T22:05:18","guid":{"rendered":"https:\/\/canaryvip.com\/?post_type=product&#038;p=11456"},"modified":"2026-03-05T17:06:36","modified_gmt":"2026-03-05T17:06:36","slug":"party-boat-tenerife","status":"publish","type":"product","link":"https:\/\/canaryvip.com\/da\/shop\/party-boat-tenerife\/","title":{"rendered":"Utopia Boat Party Tenerife"},"content":{"rendered":"<h2>\ud83c\udf89 Partyb\u00e5d Tenerife med CanaryVIP<\/h2>\n<p><strong>Oplev uforglemmelig sjov med CanaryVIP:<\/strong> Dyk ned i et ekstraordin\u00e6rt eventyr med vores billetter til Party Boat Tenerife. Denne sp\u00e6ndende rejse starter i Puerto Col\u00f3n og byder p\u00e5 livlig musik, fantastisk solskin og et kosmopolitisk publikum.<\/p>\n<p><strong>CanaryVIP<\/strong> CanaryVIP tilbyder billetter til de mest sp\u00e6ndende b\u00e5dfester p\u00e5 Tenerife og lover en unik og uforglemmelig oplevelse med en blanding af en sp\u00e6ndende forfest, en energisk b\u00e5dtur og en sp\u00e6ndende efterfest.<\/p>\n<p><strong>Den ultimative festoplevelse:<\/strong>\u00a0: Kom med til en fest uden lige. Bem\u00e6rkelsesv\u00e6rdig blanding af House, RnB, Hip Hop, DnB, EDM og Reggaeton, alt sammen drevet af et f\u00f8rsteklasses lydsystem. Professionelle DJ's og MC's s\u00f8rger for non-stop underholdning, hvilket g\u00f8r dette til den ultimative festb\u00e5dsoplevelse p\u00e5 Tenerife.<\/p>\n<h3>\ud83c\udf9f\ufe0f Billetmuligheder<\/h3>\n<p>Alle billetter inkluderer adgang til en legendarisk 3-timers b\u00e5dfest med House, RnB, Hip Hop, DnB, EDM og Reggaeton-musik fra de bedste resident DJs og MCs, et massivt Utopia-lydsystem p\u00e5 15.000 watt og gratis professionelle fotos online. V\u00e6lg mellem f\u00f8lgende billetmuligheder:<\/p>\n<ul>\n<li><strong>Grundl\u00e6ggende billet:<\/strong> Inkluderer 4 drinks fra et udvalg af lokal spiritus (rom, whisky, gin, vodka, kokoslik\u00f8r, amaretto), Victoria M\u00e1laga \u00f8l eller l\u00e6skedrikke (cola, appelsin, citron, sprite).<\/li>\n<li><strong>Standard \u00e5ben bar-billet:<\/strong> Inkluderer en ubegr\u00e6nset 3-timers \u00e5ben bar med lokale \u00f8l, spiritus og mixere.<\/li>\n<li><strong>Billet til premium-drinks:<\/strong> Inkluderer et ubegr\u00e6nset antal premium-spiritusm\u00e6rker som Absolut Vodka, Bacardi, Havana, Beefeater Gin (almindelig og pink), Disaronno, Malibu, Jim Beam, Ballantine's whisky samt Red Bull og premium-mixere.<\/li>\n<li><strong>VIP-billet:<\/strong> Inkluderer alle Premium-fordele plus prioriteret boarding og eksklusiv adgang til et privat VIP-omr\u00e5de og en dedikeret bar om bord.<\/li>\n<\/ul>\n<h3>\u2728 Detaljer om Party Boat Tenerife<\/h3>\n<p><strong>Omfattende festpakke:<\/strong> Din rejse begynder med en livlig forfest p\u00e5 <a href=\"https:\/\/maps.app.goo.gl\/Vt7HqjMeKHLczpy69\" target=\"_blank\" rel=\"noopener\">Black Pearl bar,<\/a> hvor du kan nyde en gratis drink og m\u00f8de andre festdeltagere. Hovedbegivenheden er en <strong>3-timers krydstogt<\/strong> om bord p\u00e5 <strong>Utopia festb\u00e5d,<\/strong>\u00a0med \u00e5ben bar og dynamisk musikscene, efterfulgt af en efterfest p\u00e5 Black Pearl bar med eksklusive tilbud.<\/p>\n<p><strong>Inkluderende for alle:<\/strong> Denne aktivitet henvender sig til alle festentusiaster og sikrer en afbalanceret blanding af sjov, musik og social interaktion. Det er det bedste valg for dem, der \u00f8nsker en livlig og mindev\u00e6rdig <a href=\"https:\/\/canaryvip.com\/da\/tenerife\/boat-excursions\/\">oplevelse med b\u00e5dtur.<\/a><\/p>\n<h3>\ud83c\udf0a Hvad du kan forvente p\u00e5 dit b\u00e5dparty-eventyr p\u00e5 Tenerife<\/h3>\n<ul>\n<li><strong>Sp\u00e6ndende musik og underholdning:<\/strong>\u00a0: Dans til rytmerne af House, RnB, Hip Hop, DnB, EDM og Reggaeton p\u00e5 denne fuldt udstyrede festb\u00e5d p\u00e5 Tenerife.<\/li>\n<li><strong>\u00c5ben bar:<\/strong>\u00a0: Nyd en 3-timers \u00e5ben bar med et udvalg af \u00f8l, lokal spiritus og mixere under din tur med partyb\u00e5den p\u00e5 Tenerife.<\/li>\n<li><strong>Komfort og faciliteter:<\/strong>\u00a0: Slap af med behagelige siddepladser, rene faciliteter og en livlig atmosf\u00e6re.<\/li>\n<li><strong>Natursk\u00f8nhed: <\/strong>: F\u00e5 en fantastisk udsigt over Tenerifes kystlinje, mens du fester p\u00e5 b\u00f8lgerne.<\/li>\n<li><strong>Sikkerhed f\u00f8rst: <\/strong>: Bes\u00e6tningen prioriterer din sikkerhed med klare retningslinjer og flersproget support.<\/li>\n<\/ul>\n<h3>\ud83d\udee5\ufe0f Forberedelse til dit partyb\u00e5ds-eventyr p\u00e5 Tenerife<\/h3>\n<p>S\u00f8rg for en god oplevelse ved at medbringe badet\u00f8j, solcreme og <strong>CanaryVIP<\/strong> billet, enten digitalt eller printet. Vi anbefaler, at du spiser et m\u00e5ltid p\u00e5 forh\u00e5nd og undg\u00e5r alkohol for at mindske risikoen for s\u00f8syge. Overvej at tage en tablet mod rejsesyge f\u00f8r afgang for at f\u00e5 en behagelig rejse.<\/p>\n<h3>\ud83d\udea4 Partyb\u00e5d p\u00e5 Tenerife: Din ultimative fest<\/h3>\n<p>V\u00e6lg CanaryVIP til din <strong>Partyb\u00e5d p\u00e5 Tenerife<\/strong> billetter og tilbyder uovertruffen v\u00e6rdi og enest\u00e5ende service.<br \/>\nKom og f\u00e5 den bedste oplevelse af en b\u00e5dfest:<\/p>\n<ul>\n<li><strong>De bedste priser garanteret:<\/strong> Nyd konkurrencedygtige priser for en uforglemmelig oplevelse med partyb\u00e5d p\u00e5 Tenerife.<\/li>\n<li><strong>Grupperabatter:<\/strong> Spar mere med vores s\u00e6rlige priser for grupper p\u00e5 vores festb\u00e5d p\u00e5 Tenerife.<\/li>\n<li><strong>Reservationer p\u00e5 forh\u00e5nd:<\/strong> Sikr dig en plads i god tid, s\u00e5 du ikke g\u00e5r glip af denne eksklusive partyb\u00e5d p\u00e5 Tenerife!<\/li>\n<li><strong>Fleksibel afbestillingspolitik:<\/strong> Drag fordel af vores kundevenlige afbestillingsbetingelser.<\/li>\n<li><strong>Betroet operat\u00f8r:<\/strong> Som f\u00f8rende billetudbyder p\u00e5 De Kanariske \u00d8er, <strong>CanaryVIP<\/strong> er det foretrukne valg for festb\u00e5dsentusiaster p\u00e5 Tenerife.<\/li>\n<\/ul>\n<h3>\ud83d\ude99 M\u00f8dested og parkering<\/h3>\n<p><strong>Slut dig til os p\u00e5 Puerto Col\u00f3n:<\/strong> M\u00f8d os p\u00e5 Black Pearl Bar til dit partyb\u00e5dseventyr p\u00e5 Tenerife. Ankom mindst 15 minutter f\u00f8r afgang for at sikre en problemfri ombordstigning. Der er rigeligt med parkeringspladser ved havnen, s\u00e5 det er nemt at komme med p\u00e5 vores partyb\u00e5d p\u00e5 Tenerife.<\/p>\n<h3>\ud83c\udf1f CanaryVIP's vilk\u00e5r og betingelser<\/h3>\n<p>F\u00e5 ro i sindet med vores omfattende forsikringer til dit eventyr. Her er, hvad du har brug for at vide:<\/p>\n<ul>\n<li><strong>Beredskabsplaner for vejret:<\/strong> I tilf\u00e6lde af farlige vejrforhold vil der v\u00e6re mulighed for oml\u00e6gning eller fuld refusion.<\/li>\n<li><strong>Fleksibel afbestillingspolitik:<\/strong>\n<ul>\n<li>Gratis afbestilling eller ombooking op til 7 dage i forvejen for individuelle bookinger.<\/li>\n<li>For grupper p\u00e5 mere end 10 personer er der gratis afbestilling op til 12 dage f\u00f8r arrangementet.<\/li>\n<li>For grupper over 20 personer er der gratis afbestilling op til 16 dage f\u00f8r arrangementet.<\/li>\n<li>Du bliver n\u00f8dt til at <a href=\"https:\/\/canaryvip.com\/da\/contact\/\">kontakt os<\/a> for anmodninger om annullering.<\/li>\n<\/ul>\n<\/li>\n<li><strong>No-show og sen ankomst:<\/strong> Der gives ikke refusion ved udeblivelse eller for sen ankomst. S\u00f8rg for at komme i god tid, da b\u00e5dfesten typisk er fuldt booket.<\/li>\n<li><strong>Opf\u00f8rsel om bord:<\/strong> G\u00e6sterne forventes at opretholde et sjovt og sikkert milj\u00f8. D\u00e5rlig opf\u00f8rsel kan resultere i, at man bliver fjernet fra b\u00e5den uden refusion.<\/li>\n<li><strong>S\u00f8syge og \u00e6ndringer i rejseplanen:<\/strong> Hvis der opst\u00e5r s\u00f8syge, og rejseplanen skal \u00e6ndres, vil der ikke blive givet refusion.<\/li>\n<li><strong>Klager:<\/strong> Eventuelle problemer skal l\u00f8ses med b\u00e5dens personale p\u00e5 dagen for arrangementet, da CanaryVIP's personale ikke er til stede p\u00e5 b\u00e5den.<\/li>\n<\/ul>\n<p>Book nu, og v\u00e6r med til en uforglemmelig fest p\u00e5 Tenerifes b\u00f8lger!<\/p>","protected":false},"excerpt":{"rendered":"<p><strong>\ud83d\udd0d B\u00e5dfest p\u00e5 Tenerife:<\/strong><br \/>\n\u2705 Sikker betaling.<br \/>\n\ud83d\ude80 3 timers party-b\u00e5dtur.<br \/>\n\ud83c\udf7b 3 timers OPEN BAR inkluderet.<br \/>\n\ud83d\udcc6 L\u00f8rdage kl. 12.30.<br \/>\n\ud83c\udfb6 DJs og musik.<br \/>\n\ud83d\udeab KUN +18 \u00e5r.<br \/>\n\ud83e\udd11 Garanteret bedste pris.<br \/>\n\ud83c\udf1f Book nu og spar!<br \/>\n\ud83d\udccd Afgang fra\u00a0<a href=\"https:\/\/www.google.com\/maps\/place\/Puerto+Col%C3%B3n\/@28.0783432,-16.7368735,18.52z\/data=!4m6!3m5!1s0xc6a9743509c9ebf:0xd62345524f768247!8m2!3d28.0789928!4d-16.7359737!16s%2Fg%2F11c6cqryw_?entry=tts\">Puerto Colon<\/a>.<\/p>","protected":false},"featured_media":11461,"comment_status":"open","ping_status":"closed","template":"","meta":{"_acf_changed":false},"product_brand":[],"product_cat":[46],"product_tag":[],"class_list":{"0":"post-11456","1":"product","2":"type-product","3":"status-publish","4":"has-post-thumbnail","6":"product_cat-boat-excursions","7":"wcpa_has_options","9":"first","10":"instock","11":"sale","12":"virtual","13":"purchasable","14":"product-type-simple"},"acf":[],"wcpa_form_fields":{"wcpaData":{"product":{"product_price":70,"price_html":"From&nbsp;<del aria-hidden=\"true\"><span class=\"woocommerce-Price-amount amount\"><bdi>75,00&nbsp;<span class=\"woocommerce-Price-currencySymbol\">&euro;<\/span><\/bdi><\/span><\/del> <span class=\"screen-reader-text\">Den oprindelige pris var: 75,00&nbsp;&euro;.<\/span><ins aria-hidden=\"true\"><span class=\"woocommerce-Price-amount amount\"><bdi>70,00&nbsp;<span class=\"woocommerce-Price-currencySymbol\">&euro;<\/span><\/bdi><\/span><\/ins><span class=\"screen-reader-text\">Den aktuelle pris er: 70,00&nbsp;&euro;.<\/span>","original_product_price":75,"price_including_tax":70,"price_excluding_tax":70,"product_id":{"parent":11456,"variation":false},"is_variable":false,"stock_status":"instock","stock_quantity":null,"parent_sku":"CV11456","product_attributes":[],"custom_fields":[],"is_taxable":false,"product_name":"Utopia Boat Party Tenerife","hasImage":false},"fields":{"sec_06641441f5ff23":{"extra":{"key":"sec_06641441f5ff23","section_id":"sec_06641441f5ff23","name":"Default","status":1,"cl_rule":"show","enableCl":false,"relations":[],"toggle":true,"title_tag":"h3","show_title":false,"showPrice":"default","form_id":11462,"form_rules":{"exclude_from_discount":true,"fee_label":"Fee","disp_hide_options_price":true,"disp_show_section_price":false,"disp_show_field_price":true,"layout_option":"standard","pric_use_as_fee":false,"process_fee_as":"woo_fee"},"layout_option":"standard"},"fields":[[{"active":true,"col":6,"relations":false,"cl_rule":"show","enableCl":false,"price":"","enablePrice":false,"className":"oferta-especial","label_position":"default","desc_position":"default","type":"content","required":false,"elementId":"content_1421636141","label":"","name":"content_1421636141","contentType":"rich","value":"<p><strong>\ud83d\udd25 Utopia Boat Party Limited Time Offer!<br>\n<\/strong>Exclusive 5% discount automatically applied at checkout.<\/p>","error":false,"isTemplate":false,"gt_translate_keys":["label","value"],"price_dependency":false,"cl_dependency":false}],[{"label":"\ud83d\udcc5 Date","active":true,"required":true,"elementId":"date_66641441f5ff41","picker_type":"custom","picker_mode":"single","placeholder":"","description":"","tooltip":"","name":"date_66641441f5ff41","label_position":"default","desc_position":"default","enablePrice":false,"className":"","enableCl":false,"relations":[{"operator":"and","rules":[{"operator":"AND","rules":{"cl_field":"radio-group_56641441f5ff51","cl_relation":"is_not_empty","cl_val":"3 Hour Trip"}}]}],"date_pic_inline":true,"date_pic_inline_hide":true,"min_date":{"type":"days","val":"1"},"max_date":"","date_pic_conf":{"disabledWeeks":[1,2,3,4,5,0],"disabledDates":["2024-05-19","2024-05-26","2025-04-06","2025-04-13","2025-04-16","2025-04-20","2025-04-27","2025-09-01 to 2025-09-30"]},"price":"","cl_rule":"show","col":6,"type":"date","error":false,"enableDesign":false,"LabelColor":"","isWeightTemplate":false,"isTemplate":false,"min_quantity":"1","quantity_decimal":false,"quantity_step":"1","quantity_label":"Quantity","repeater_field_label":"{field_label}","repeater_bind":"","gt_translate_keys":["label","placeholder","description","tooltip","repeater_field_label","quantity_label"],"price_dependency":false,"cl_dependency":false,"value":""}],[{"active":true,"col":6,"relations":[{"operator":false,"rules":[{"operator":"AND","rules":{"cl_field":"","cl_relation":"","cl_val":""}}]}],"cl_rule":"show","enableCl":true,"price":"70","enablePrice":true,"className":"","label_position":"default","desc_position":"below","type":"radio-group","required":false,"elementId":"radio-group_86641441f5ff75","label":"","name":"radio-group_86641441f5ff75","values":[{"label":"\ud83d\udfe2 Basic Ticket (70\u20ac)","value":"Basic Ticket","selected":true,"tempId":"aco_32","tooltip":"","description":"","gt_translate_keys":["label","tooltip","description"]}],"layOut":"","error":false,"checkUi":"button","priceOptions":"fixed_for_all","pricingType":"fixed","enable_quantity":true,"quantity_label":"","min_quantity":"0","options_tooltip":true,"options_description":true,"description":"Ideal for budget-friendly fun. Includes a drinks package with 4 beverages at a discounted price.","enableDesign":false,"gt_translate_keys":["label","description","quantity_label"],"price_dependency":false,"cl_dependency":false,"value":""}],[{"active":true,"col":6,"relations":false,"cl_rule":"show","enableCl":false,"price":"","enablePrice":false,"className":"","label_position":"default","desc_position":"default","type":"separator","required":false,"elementId":"separator_1097273251","label":"Separator Field","height":"3","separatorType":"fill","error":false,"separatorColor":"#4a90e2","gt_translate_keys":["label"],"price_dependency":false,"cl_dependency":false,"value":""}],[{"label":"","active":true,"required":false,"elementId":"radio-group-0169646210","description":"Open bar with unlimited beer, local spirits, and mixers. Perfect for music and drink lovers.","name":"radio-group-0169646210","label_position":"default","desc_position":"below","enablePrice":true,"className":"","enableCl":true,"relations":[{"operator":false,"rules":[{"operator":"AND","rules":{"cl_field":"","cl_relation":"","cl_val":""}}]}],"enableDesign":false,"enable_quantity":true,"quantity_label":"","min_quantity":"0","checkUi":"button","layOut":"","options_tooltip":true,"options_description":true,"values":[{"label":"\ud83c\udf9f\ufe0f Standard Ticket (90\u20ac)","value":"Standard Ticket","selected":true,"tempId":"aco_32","tooltip":"","description":"","gt_translate_keys":["label","tooltip","description"]}],"priceOptions":"fixed_for_all","pricingType":"fixed","price":"90","cl_rule":"show","col":6,"type":"radio-group","error":false,"gt_translate_keys":["label","description","quantity_label"],"price_dependency":false,"cl_dependency":false,"value":""}],[{"elementId":"separator-0973524418","separatorType":"fill","separatorColor":"#4a90e2","className":"","height":"3","enableCl":false,"relations":false,"cl_rule":"show","col":6,"type":"separator","gt_translate_keys":[],"price_dependency":false,"cl_dependency":false,"value":""}],[{"label":"","active":true,"required":false,"elementId":"radio-group_56641441f5ffa1","name":"radio-group_56641441f5ffa1","label_position":"default","desc_position":"below","enablePrice":true,"className":"","enableCl":false,"relations":[{"operator":false,"rules":[{"operator":"AND","rules":{"cl_field":"","cl_relation":"","cl_val":""}}]}],"enable_quantity":true,"quantity_label":"","min_quantity":"0","checkUi":"button","layOut":"","options_tooltip":true,"values":[{"label":"\u2b50\ufe0f Premium Ticket (110\u20ac)","value":"Premium Ticket (95\u20ac)","selected":true,"tempId":"aco_32","tooltip":"","description":"","gt_translate_keys":["label","tooltip","description"]}],"priceOptions":"fixed_for_all","pricingType":"fixed","price":"110","cl_rule":"show","col":6,"type":"radio-group","error":false,"description":"Upgrade your experience with premium spirits like Absolut, Bacardi, Havana, and more, plus Red Bull and premium mixers.","options_description":true,"gt_translate_keys":["label","description","quantity_label"],"price_dependency":false,"cl_dependency":false,"value":""}],[{"elementId":"separator-0973774727","separatorType":"fill","separatorColor":"#4a90e2","className":"","height":"3","enableCl":false,"relations":false,"cl_rule":"show","col":6,"type":"separator","gt_translate_keys":[],"price_dependency":false,"cl_dependency":false,"value":""}],[{"label":"","active":true,"required":false,"elementId":"radio-group-1821003227","description":"The ultimate luxury experience. Access the VIP area with open bar featuring premium spirits, Red Bull, and exclusive vibes.","name":"radio-group-1821003227","label_position":"default","desc_position":"below","enablePrice":true,"className":"","enableCl":false,"relations":[{"operator":false,"rules":[{"operator":"AND","rules":{"cl_field":"","cl_relation":"","cl_val":""}}]}],"enable_quantity":true,"quantity_label":"","min_quantity":"0","checkUi":"button","layOut":"","options_tooltip":true,"options_description":true,"values":[{"label":"\ud83d\udc8e VIP Ticket (130\u20ac)","value":"VIP Ticket","selected":true,"tempId":"aco_32","tooltip":"","description":"","gt_translate_keys":["label","tooltip","description"]}],"priceOptions":"fixed_for_all","pricingType":"fixed","price":"130","cl_rule":"show","col":6,"type":"radio-group","error":false,"gt_translate_keys":["label","description","quantity_label"],"price_dependency":false,"cl_dependency":false,"value":""}],[{"elementId":"separator-0974175336","separatorType":"fill","separatorColor":"#4a90e2","className":"","height":"3","enableCl":false,"relations":false,"cl_rule":"show","col":6,"type":"separator","gt_translate_keys":[],"price_dependency":false,"cl_dependency":false,"value":""}]]}},"config":{"price_override":"always","enable_recaptcha":false,"bind_quantity":false,"quantity_bind_formula":false,"disp_summ_show_option_price":true,"disp_summ_show_product_price":false,"disp_summ_show_total_price":true,"disp_summ_show_fee":true,"disp_summ_show_discount":true,"summary_title":"","options_total_label":"Options Price","total_label":"Total Amount","options_product_label":"Product Price","fee_label":"Fee","discount_label":"Discount","has_price":true,"has_quantity_formula":false},"mc_unit":1,"tax_rate":1,"tax_rate_real":1,"discount":{"percentage":0,"fixed":0},"design":{"conf":{"LabelPosition":"above","DescPosition":"above","UploadField":"custom_1","QuantityFieldStyle":"custom_1"},"css":{"LeftLabelWidth":"120px"}},"formulas":[],"lookuptables":[],"clones":false,"cartKey":false}},"_links":{"self":[{"href":"https:\/\/canaryvip.com\/da\/wp-json\/wp\/v2\/product\/11456","targetHints":{"allow":["GET"]}}],"collection":[{"href":"https:\/\/canaryvip.com\/da\/wp-json\/wp\/v2\/product"}],"about":[{"href":"https:\/\/canaryvip.com\/da\/wp-json\/wp\/v2\/types\/product"}],"replies":[{"embeddable":true,"href":"https:\/\/canaryvip.com\/da\/wp-json\/wp\/v2\/comments?post=11456"}],"wp:featuredmedia":[{"embeddable":true,"href":"https:\/\/canaryvip.com\/da\/wp-json\/wp\/v2\/media\/11461"}],"wp:attachment":[{"href":"https:\/\/canaryvip.com\/da\/wp-json\/wp\/v2\/media?parent=11456"}],"wp:term":[{"taxonomy":"product_brand","embeddable":true,"href":"https:\/\/canaryvip.com\/da\/wp-json\/wp\/v2\/product_brand?post=11456"},{"taxonomy":"product_cat","embeddable":true,"href":"https:\/\/canaryvip.com\/da\/wp-json\/wp\/v2\/product_cat?post=11456"},{"taxonomy":"product_tag","embeddable":true,"href":"https:\/\/canaryvip.com\/da\/wp-json\/wp\/v2\/product_tag?post=11456"}],"curies":[{"name":"wp","href":"https:\/\/api.w.org\/{rel}","templated":true}]}}