{"id":11438,"date":"2024-05-11T22:23:40","date_gmt":"2024-05-11T21:23:40","guid":{"rendered":"https:\/\/canaryvip.com\/?post_type=product&#038;p=11438"},"modified":"2025-11-04T12:52:18","modified_gmt":"2025-11-04T12:52:18","slug":"ole-flamenco-show-tenerife","status":"publish","type":"product","link":"https:\/\/canaryvip.com\/da\/shop\/ole-flamenco-show-tenerife\/","title":{"rendered":"OL\u00c9 Flamenco Show Tenerife"},"content":{"rendered":"<h2>\ud83c\udfad Oplev det bedste flamenco-show p\u00e5 Tenerife<\/h2>\n<p>Fordyb dig i Spaniens livlige \u00e5nd ved Ol\u00e9 Flamenco Show Tenerife, et f\u00f8rende flamenco-show. <a href=\"https:\/\/canaryvip.com\/da\/tenerife\/evening-shows\/\">show p\u00e5 Tenerife.<\/a> Oplev en f\u00e6ngslende aften med lidenskabelig musik, elektrificerende dans og rige kulturelle udtryk under den anerkendte Fran Chafinos kyndige ledelse.<\/p>\n<p>Denne 90 minutter lange forestilling lover en uforglemmelig aften, hvor traditionelle flamenco-stilarter blandes med moderne flair, alt sammen i den luksuri\u00f8se kulisse p\u00e5 GF Victoria Hotel.<\/p>\n<p>Fra det rytmiske fodarbejde til den sj\u00e6lfulde guitar og den udtryksfulde vokal er alle elementer i showet designet til at fortrylle og inspirere, hvilket g\u00f8r det til et must-see for b\u00e5de lokale og bes\u00f8gende, der \u00f8nsker en autentisk spansk oplevelse.<\/p>\n<h3>\ud83c\udf7d\ufe0f Luksuslokale p\u00e5 GF Victoria Hotel<\/h3>\n<p><strong>Placering:<\/strong> Den elegante <a href=\"https:\/\/www.google.com\/maps\/place\/GF+Victoria\/@28.0917871,-16.7412967,17z\/data=!3m1!4b1!4m9!3m8!1s0xc6a974d01c4268f:0x3c0e40669a61bb47!5m2!4m1!1i2!8m2!3d28.0917871!4d-16.7387218!16s%2Fg%2F11bvv59vv2?entry=ttu\" target=\"_new\" rel=\"noreferrer noopener\">GF Victoria Hotel<\/a> i Costa Adeje er v\u00e6rt for denne fortryllende begivenhed, der giver en sofistikeret atmosf\u00e6re til et mindev\u00e6rdigt flamencoshow p\u00e5 Tenerife.<\/p>\n<p><strong>Tidsplan:<\/strong> Forestillingen begynder kl. 21.00, og d\u00f8rene \u00e5bnes kl. 20.15. Der er en pause p\u00e5 15 minutter, og hele forestillingen slutter kl. 22.30.<\/p>\n<h3>\ud83c\udf9f\ufe0f V\u00e6lg din perfekte aften<\/h3>\n<p><strong>Guldbilletter:<\/strong> For \u20ac49 pr. person f\u00e5r du adgang til forestillingen. Denne plads giver en fantastisk udsigt over scenen og en livlig oplevelse for 140 g\u00e6ster.<\/p>\n<p><strong>Platinbilletter:<\/strong> For \u20ac59 pr. person inkluderer denne mulighed adgang, et glas vin og lette snacks. Platinum-zonen, t\u00e6ttere p\u00e5 scenen, giver en intim ramme for 80 g\u00e6ster.<\/p>\n<h3>\ud83c\udf1f Oplev autentisk flamenco<\/h3>\n<p><strong>M\u00f8d Fran Chafino:<\/strong> Showets stjerne, Fran Chafino, er ber\u00f8mt for sit ekstraordin\u00e6re talent og bringer autentisk flamenco til live, s\u00e5 alle g\u00e6ster bliver tryllebundet af forestillingen.<\/p>\n<p><strong>Rigt udvalg af handlinger:<\/strong> Fra buler\u00edas til alegr\u00edas byder showet p\u00e5 en dynamisk blanding af sang, guitar og dans, som tryllebinder publikum med hver eneste unikke optr\u00e6den.<\/p>\n<p><strong>Interaktiv atmosf\u00e6re:<\/strong> Selv om publikum ikke deltager i dansen, skaber de optr\u00e6dendes engagement en intim og energisk oplevelse.<\/p>\n<h3><a href=\"https:\/\/canaryvip.com\/da\/contact\/?swcfpc=1\">\ud83d\udd70\ufe0f<\/a> Vigtig information<\/h3>\n<p><strong>P\u00e5kl\u00e6dningskode:<\/strong> Smart og afslappet p\u00e5kl\u00e6dning anbefales for at komplementere de elegante omgivelser. Jeans og en p\u00e6n t-shirt er acceptabelt, men sportst\u00f8j og shorts frar\u00e5des for at bevare showets sofistikerede atmosf\u00e6re.<\/p>\n<p><strong>Information om parkering:<\/strong> Der er rigelig med parkeringspladser ved indk\u00f8bscentret Plaza del Duque, som ligger en kort g\u00e5tur fra stedet.<\/p>\n<p><strong>Indgang til showet:<\/strong> G\u00e5 ind gennem den anviste indgang p\u00e5 venstre side af hotellets hovedindgang for at f\u00e5 nem adgang til Las Olas Showroom.<\/p>\n<h3>\u2696\ufe0f Fleksibel reservations- og afbestillingspolitik<\/h3>\n<p><strong>Fordele ved forudbestilling:<\/strong> F\u00e5 de bedste priser, og g\u00f8r din planl\u00e6gning nemmere ved at booke tidligt.<\/p>\n<p><strong>Gratis aflysninger:<\/strong> Afbestil op til 48 timer f\u00f8r forestillingen for fuld refusion.<\/p>\n<p><strong>Gruppebookinger:<\/strong> For grupper p\u00e5 mere end seks personer kan du aflyse op til fire dage i forvejen uden beregning. Ved afbestilling 2-4 dage f\u00f8r arrangementet refunderes 50%.<\/p>\n<p><strong>Politik for udeblivelse:<\/strong> Ingen tilbagebetaling ved udeblivelse eller aflysning inden for 48 timer f\u00f8r arrangementet.<\/p>\n<h3>\ud83c\udf89 Private flamenco-arrangementer<\/h3>\n<p><strong>Eksklusive fejringer:<\/strong> CanaryVIP kan arrangere private flamencoshows, der er skr\u00e6ddersyet til f\u00f8dselsdage, firmaarrangementer og s\u00e6rlige sammenkomster, hvilket sikrer en personlig og mindev\u00e6rdig lejlighed. <a href=\"https:\/\/canaryvip.com\/da\/contact\/?swcfpc=1\">Kontakt os for mere information.<\/a><\/p>\n<h3>\ud83c\udfb6 Oplev flamencoens historie og lidenskab<\/h3>\n<p><strong>En rejse gennem flamencoens rige arv:<\/strong> Ol\u00e9 Flamenco Show Tenerife underholder ikke kun, men tilbyder ogs\u00e5 et dybt dyk ned i flamencoens historie og lidenskab. Flamenco stammer fra den andalusiske region i Spanien og er en dynamisk kunstform, der kombinerer sang (cante), guitarspil (toque) og dans (baile). Denne \u00e5rhundredgamle tradition er kendt for sin f\u00f8lelsesm\u00e6ssige intensitet og udtryksfulde historiefort\u00e6lling, der afspejler Spaniens kulturelle tapet.<\/p>\n<p><strong>Fran Chafinos kunstneriske vision:<\/strong> Under Fran Chafinos mesterlige ledelse bringer Ol\u00e9 Flamenco Show Tenerife denne rige arv til live med et moderne twist. Frans koreografi er en blanding af traditionelle teknikker og moderne elementer, som skaber en unik forestilling, der \u00e6rer flamencoens r\u00f8dder og samtidig tryllebinder det moderne publikum.<\/p>\n<p><strong>Forskellige flamenco-stilarter:<\/strong> Forestillingen indeholder en r\u00e6kke forskellige flamenco-stilarter, f.eks. de hurtige buler\u00edas og de glade alegr\u00edas, hver med sin egen rytme og stemning. Denne mangfoldighed sikrer en levende og engagerende oplevelse, der viser hele spektret af flamencoens f\u00f8lelsesm\u00e6ssige og musikalske sp\u00e6ndvidde.<\/p>\n<h3>\ud83c\udf1f Tag med os til en uforglemmelig aften<\/h3>\n<p>Oplev magien i flamenco-showet p\u00e5 Tenerife med CanaryVIP. Fordyb dig i en fascinerende blanding af lidenskabelig musik, levende dans og rig spansk kultur p\u00e5 det luksuri\u00f8se GF Victoria Hotel.<\/p>\n<p>Dette f\u00e6ngslende show, der er instrueret af den anerkendte Fran Chafino, lover en uforglemmelig aften fyldt med autentiske flamenco-stilarter og moderne flair. K\u00f8b dine billetter nu til en aften med elegance og underholdning, og lad dig fortrylle af de rytmiske rytmer og den udtryksfulde optr\u00e6den. G\u00e5 ikke glip af denne unikke kulturelle oplevelse i hjertet af Tenerife.<\/p>\n<p>Book dine billetter til Flamenco Show Tenerife i dag! \ud83c\udf0c\ud83d\udc83<\/p>","protected":false},"excerpt":{"rendered":"<p><strong>\ud83d\udd0d Flamenco-show p\u00e5 Tenerife:<\/strong><br \/>\n\u2705 Sikker betaling.<br \/>\n\ud83d\udc83 Autentisk flamenco-show.<br \/>\n\ud83d\udd59 Hver torsdag kl. 20.15.<br \/>\n\u23f3 Varighed \u2248 2 timer<br \/>\n\ud83d\ude80 Meget popul\u00e6r!<br \/>\n\ud83e\udd11 Garanteret bedste pris.<br \/>\n\ud83d\udc6a Rabatter ved gruppebookinger.<br \/>\n\ud83d\udd01 Gratis afbestilling op til 48 timer.<br \/>\n\ud83c\udf1f Book tidligt, der bliver hurtigt fyldt op!<br \/>\n\ud83d\udccd Sted p\u00e5\u00a0<a href=\"https:\/\/maps.app.goo.gl\/boB3JcWYHb8AiGY58\">Hotel GF Victoria<\/a>.<\/p>","protected":false},"featured_media":11440,"comment_status":"open","ping_status":"closed","template":"","meta":{"_acf_changed":false},"product_brand":[],"product_cat":[59],"product_tag":[],"class_list":{"0":"post-11438","1":"product","2":"type-product","3":"status-publish","4":"has-post-thumbnail","6":"product_cat-evening-shows","7":"wcpa_has_options","9":"first","10":"instock","11":"virtual","12":"purchasable","13":"product-type-simple"},"acf":[],"wcpa_form_fields":{"wcpaData":{"product":{"product_price":51,"price_html":"From&nbsp;<span class=\"woocommerce-Price-amount amount\"><bdi>51,00&nbsp;<span class=\"woocommerce-Price-currencySymbol\">&euro;<\/span><\/bdi><\/span>","original_product_price":51,"price_including_tax":51,"price_excluding_tax":51,"product_id":{"parent":11438,"variation":false},"is_variable":false,"stock_status":"instock","stock_quantity":null,"parent_sku":"CV11438","product_attributes":[],"custom_fields":[],"is_taxable":false,"product_name":"OL\u00c9 Flamenco Show Tenerife","hasImage":false},"fields":{"sec_5663fdb09e5296":{"extra":{"key":"sec_5663fdb09e5296","section_id":"sec_5663fdb09e5296","name":"Default","status":1,"cl_rule":"show","enableCl":false,"relations":[],"toggle":true,"title_tag":"h3","show_title":false,"showPrice":"default","form_id":11439,"form_rules":{"exclude_from_discount":true,"fee_label":"Fee","disp_hide_options_price":true,"disp_show_section_price":false,"disp_show_field_price":true,"layout_option":"standard","pric_use_as_fee":false,"process_fee_as":"woo_fee"},"layout_option":"standard"},"fields":[[{"label":"\ud83d\udcc5 Date","active":true,"required":true,"elementId":"date_2663fdb09e52b5","picker_type":"custom","picker_mode":"single","placeholder":"","description":"","tooltip":"","name":"date_2663fdb09e52b5","label_position":"default","desc_position":"default","enablePrice":false,"className":"","enableCl":false,"relations":[{"operator":"and","rules":[{"operator":"AND","rules":{"cl_field":"radio-group_4663fdb09e52c5","cl_relation":"is_not_empty","cl_val":"3 Hour Trip"}}]}],"date_pic_inline":true,"date_pic_inline_hide":true,"min_date":{"type":"days","val":"1"},"max_date":{"type":"days","val":"180"},"date_pic_conf":{"disabledWeeks":[0,1,3,5,6,2],"disabledDates":["2025-02-06","2025-06-27 to 2025-07-01","2026-01-01 to 2026-01-14","2026-03-12","2026-03-19"]},"price":"","cl_rule":"show","col":6,"type":"date","error":false,"enableDesign":false,"LabelColor":"","isWeightTemplate":false,"isTemplate":false,"min_quantity":"1","quantity_decimal":false,"quantity_step":"1","quantity_label":"Quantity","repeater_field_label":"{field_label}","repeater_bind":"","gt_translate_keys":["label","placeholder","description","tooltip","repeater_field_label","quantity_label"],"price_dependency":false,"cl_dependency":["radio-group_4663fdb09e52c5"],"value":""}],[{"active":true,"col":6,"relations":[{"operator":false,"rules":[{"operator":"AND","rules":{"cl_field":"","cl_relation":"","cl_val":""}}]}],"cl_rule":"show","enableCl":false,"price":"","enablePrice":false,"className":"","label_position":"default","desc_position":"default","type":"radio-group","required":true,"elementId":"radio-group_4663fdb09e52c5","label":"\ud83c\udf1f Type of Ticket","name":"radio-group_4663fdb09e52c5","values":[{"label":"Gold Entrance (51\u20ac)","value":"Gold Entrance","selected":false,"tempId":"aco_28","description":"Enjoy the live show.","options_cl":false,"relations":[{"operator":false,"rules":[{"operator":"AND","rules":{"cl_field":"","cl_relation":"","cl_val":""}}]}],"cl_rule":"show","gt_translate_keys":["label","description"]},{"label":"Platinum Entrance (61\u20ac)","value":"Platinum Entrance","selected":false,"tempId":"aco_29","description":"Enjoy the live show, wine, snacks and better seating.","options_cl":true,"relations":[{"operator":false,"rules":[{"operator":"AND","rules":{"cl_field":"date_2663fdb09e52b5","cl_relation":"is","cl_val":"2026-04-16"}}]}],"cl_rule":"hide","gt_translate_keys":["label","description"]}],"layOut":"","error":false,"checkUi":"toggle","enableDesign":false,"scrollBar":false,"description":"","other":false,"options_description":true,"show_selected_option":false,"isWeightTemplate":false,"isTemplate":false,"min_quantity":"1","quantity_decimal":false,"quantity_step":"1","quantity_label":"Quantity","repeater_field_label":"{field_label}","repeater_bind":"","gt_translate_keys":["label","description","repeater_field_label","quantity_label"],"price_dependency":false,"cl_dependency":[false,false],"value":""}]]},"sec_1663fdb09e52c7":{"extra":{"key":"sec_1663fdb09e52c7","section_id":"sec_1663fdb09e52c7","name":"Gold","status":1,"cl_rule":"show","enableCl":true,"relations":[{"operator":false,"rules":[{"operator":"AND","rules":{"cl_field":"radio-group_4663fdb09e52c5","cl_relation":"is","cl_val":"Gold Entrance"}}]}],"toggle":true,"title_tag":"h4","show_title":false,"showPrice":"default","form_id":11439,"form_rules":{"exclude_from_discount":true,"fee_label":"Fee","disp_hide_options_price":true,"disp_show_section_price":false,"disp_show_field_price":true,"layout_option":"standard","pric_use_as_fee":false,"process_fee_as":"woo_fee"},"layout_option":"standard"},"fields":[[{"active":true,"col":6,"relations":false,"cl_rule":"show","enableCl":false,"price":"","enablePrice":false,"className":"","label_position":"default","desc_position":"default","type":"separator","required":false,"elementId":"separator_6663fdb09e52d3","label":"Separator Field","height":"8","separatorType":"blank","error":false,"gt_translate_keys":["label"],"price_dependency":false,"cl_dependency":false,"value":""}],[{"active":true,"col":6,"relations":false,"cl_rule":"show","enableCl":false,"price":"","enablePrice":false,"className":"","label_position":"default","desc_position":"default","type":"content","required":false,"elementId":"content_6663fdb09e5310","label":"People","name":"content_6663fdb09e5310","contentType":"plain","value":"","error":false,"show_in_checkout":true,"inline":false,"gt_translate_keys":["label","value"],"price_dependency":false,"cl_dependency":false}],[{"active":true,"col":6,"relations":[{"operator":false,"rules":[{"operator":"AND","rules":{"cl_field":"","cl_relation":"","cl_val":""}}]}],"cl_rule":"show","enableCl":true,"price":"51","enablePrice":true,"className":"","label_position":"default","desc_position":"default","type":"radio-group","required":false,"elementId":"radio-group_0663fdb09e531c","label":"","name":"radio-group_0663fdb09e531c","values":[{"label":"\ud83d\udc64 Adult (51\u20ac)","value":"Adult","selected":true,"tempId":"aco_32","tooltip":"+13 Years","description":"","gt_translate_keys":["label","tooltip","description"]}],"layOut":"","error":false,"checkUi":"button","priceOptions":"fixed_for_all","pricingType":"fixed","enable_quantity":true,"quantity_label":"","min_quantity":"0","options_tooltip":true,"options_description":true,"gt_translate_keys":["label","quantity_label"],"price_dependency":false,"cl_dependency":false,"value":""}],[{"label":"","active":true,"required":false,"elementId":"radio-group-0980466659","name":"radio-group-0980466659","label_position":"default","desc_position":"default","enablePrice":true,"className":"","enableCl":true,"relations":[{"operator":false,"rules":[{"operator":"AND","rules":{"cl_field":"","cl_relation":"","cl_val":""}}]}],"enable_quantity":true,"quantity_label":"","min_quantity":"0","checkUi":"button","layOut":"","options_tooltip":true,"options_description":true,"values":[{"label":"\ud83d\udc66 Child (25,50\u20ac)","value":"Child","selected":true,"tempId":"aco_32","tooltip":"3-12 Years","description":"","gt_translate_keys":["label","tooltip","description"]}],"priceOptions":"fixed_for_all","pricingType":"fixed","price":"25,50","cl_rule":"show","col":6,"type":"radio-group","error":false,"gt_translate_keys":["label","quantity_label"],"price_dependency":false,"cl_dependency":false,"value":""}]]},"sec_2663fdb09e531d":{"extra":{"key":"sec_2663fdb09e531d","section_id":"sec_2663fdb09e531d","name":"Platinum","status":1,"cl_rule":"show","enableCl":true,"relations":[{"operator":false,"rules":[{"operator":"AND","rules":{"cl_field":"radio-group_4663fdb09e52c5","cl_relation":"is","cl_val":"Platinum Entrance"}}]}],"toggle":true,"title_tag":"h4","show_title":false,"showPrice":"default","form_id":11439,"form_rules":{"exclude_from_discount":true,"fee_label":"Fee","disp_hide_options_price":true,"disp_show_section_price":false,"disp_show_field_price":true,"layout_option":"standard","pric_use_as_fee":false,"process_fee_as":"woo_fee"},"layout_option":"standard"},"fields":[[{"elementId":"separator_6663fdb09e5327","separatorType":"blank","className":"","height":"8","enableCl":false,"relations":false,"cl_rule":"show","col":6,"type":"separator","error":false,"gt_translate_keys":[],"price_dependency":false,"cl_dependency":false,"value":""}],[{"contentType":"plain","active":true,"label":"People","elementId":"content_0663fdb09e5331","value":"","inline":false,"show_in_checkout":true,"name":"content_0663fdb09e5331","enablePrice":false,"className":"","enableCl":false,"relations":false,"price":"","cl_rule":"show","col":6,"type":"content","gt_translate_keys":["label","value"],"price_dependency":false,"cl_dependency":false}],[{"label":"","active":true,"required":false,"elementId":"radio-group_9663fdb09e533c","name":"radio-group_9663fdb09e533c","label_position":"default","desc_position":"default","enablePrice":true,"className":"","enableCl":false,"relations":[{"operator":false,"rules":[{"operator":"AND","rules":{"cl_field":"","cl_relation":"","cl_val":""}}]}],"enable_quantity":true,"quantity_label":"","min_quantity":"0","checkUi":"button","layOut":"","options_tooltip":true,"values":[{"label":"\ud83d\udc64 Adult (61\u20ac)","value":"Adult","selected":true,"tempId":"aco_32","tooltip":"+13 Years","gt_translate_keys":["label","tooltip"]}],"priceOptions":"fixed_for_all","pricingType":"fixed","price":"61","cl_rule":"show","col":6,"type":"radio-group","error":false,"gt_translate_keys":["label","quantity_label"],"price_dependency":false,"cl_dependency":false,"value":""}],[{"label":"","active":true,"required":false,"elementId":"radio-group-1037099900","name":"radio-group-1037099900","label_position":"default","desc_position":"default","enablePrice":true,"className":"","enableCl":true,"relations":[{"operator":false,"rules":[{"operator":"AND","rules":{"cl_field":"","cl_relation":"","cl_val":""}}]}],"enable_quantity":true,"quantity_label":"","min_quantity":"0","checkUi":"button","layOut":"","options_tooltip":true,"options_description":true,"values":[{"label":"\ud83d\udc66 Child (30,50\u20ac)","value":"Child","selected":true,"tempId":"aco_32","tooltip":"3-12 Years","description":"","gt_translate_keys":["label","tooltip","description"]}],"priceOptions":"fixed_for_all","pricingType":"fixed","price":"30,50","cl_rule":"show","col":6,"type":"radio-group","error":false,"gt_translate_keys":["label","quantity_label"],"price_dependency":false,"cl_dependency":false,"value":""}]]}},"config":{"price_override":"always","enable_recaptcha":false,"bind_quantity":false,"quantity_bind_formula":false,"disp_summ_show_option_price":true,"disp_summ_show_product_price":false,"disp_summ_show_total_price":true,"disp_summ_show_fee":true,"disp_summ_show_discount":true,"summary_title":"","options_total_label":"Options Price","total_label":"Total Amount","options_product_label":"Product Price","fee_label":"Fee","discount_label":"Discount","has_price":true,"has_quantity_formula":false},"mc_unit":1,"tax_rate":1,"tax_rate_real":1,"discount":{"percentage":0,"fixed":0},"design":{"conf":{"LabelPosition":"above","DescPosition":"above","UploadField":"custom_1","QuantityFieldStyle":"custom_1"},"css":{"LeftLabelWidth":"120px"}},"formulas":[],"lookuptables":[],"clones":false,"cartKey":false}},"_links":{"self":[{"href":"https:\/\/canaryvip.com\/da\/wp-json\/wp\/v2\/product\/11438","targetHints":{"allow":["GET"]}}],"collection":[{"href":"https:\/\/canaryvip.com\/da\/wp-json\/wp\/v2\/product"}],"about":[{"href":"https:\/\/canaryvip.com\/da\/wp-json\/wp\/v2\/types\/product"}],"replies":[{"embeddable":true,"href":"https:\/\/canaryvip.com\/da\/wp-json\/wp\/v2\/comments?post=11438"}],"wp:featuredmedia":[{"embeddable":true,"href":"https:\/\/canaryvip.com\/da\/wp-json\/wp\/v2\/media\/11440"}],"wp:attachment":[{"href":"https:\/\/canaryvip.com\/da\/wp-json\/wp\/v2\/media?parent=11438"}],"wp:term":[{"taxonomy":"product_brand","embeddable":true,"href":"https:\/\/canaryvip.com\/da\/wp-json\/wp\/v2\/product_brand?post=11438"},{"taxonomy":"product_cat","embeddable":true,"href":"https:\/\/canaryvip.com\/da\/wp-json\/wp\/v2\/product_cat?post=11438"},{"taxonomy":"product_tag","embeddable":true,"href":"https:\/\/canaryvip.com\/da\/wp-json\/wp\/v2\/product_tag?post=11438"}],"curies":[{"name":"wp","href":"https:\/\/api.w.org\/{rel}","templated":true}]}}