{"id":11400,"date":"2024-05-07T12:18:46","date_gmt":"2024-05-07T11:18:46","guid":{"rendered":"https:\/\/canaryvip.com\/?post_type=product&#038;p=11400"},"modified":"2025-08-09T12:37:17","modified_gmt":"2025-08-09T11:37:17","slug":"white-heaven-tenerife","status":"publish","type":"product","link":"https:\/\/canaryvip.com\/da\/shop\/white-heaven-tenerife\/","title":{"rendered":"White Heaven Boat Tenerife"},"content":{"rendered":"<h2><strong>\ud83d\udee5\ufe0f White Heaven Lej en b\u00e5d p\u00e5 Tenerife<\/strong><\/h2>\n<p>Oplev elegance og sp\u00e6nding i Tenerifes farvande med vores White Heaven Boat Charter, en af vores luksuri\u00f8se motorb\u00e5dsudlejninger, der f\u00e5s fra <a href=\"https:\/\/www.google.com\/maps\/place\/Puerto+Col%C3%B3n\/@28.078002,-16.7394902,17z\/data=!3m2!4b1!5s0xc6a97433884bdf9:0x76d293b7b99db23a!4m6!3m5!1s0xc6a9743509c9ebf:0xd62345524f768247!8m2!3d28.078002!4d-16.7369153!16s%2Fg%2F11c6cqryw_?entry=tts&amp;g_ep=EgoyMDI0MDUwNS4wKgBIAVAD\" target=\"_blank\" rel=\"noopener\">Puerto Col\u00f3n<\/a>. White Heaven er perfekt til b\u00e5de livlige fester og fredelige familieudflugter og er designet til at give en perfekt blanding af fart, komfort og uforglemmelige \u00f8jeblikke p\u00e5 vandet, hvilket g\u00f8r den til et ideelt valg for alle, der \u00f8nsker at... <a href=\"https:\/\/canaryvip.com\/da\/tenerife\/boat-hire-tenerife\/?swcfpc=1\">Lej en b\u00e5d p\u00e5 Tenerife<\/a>.<\/p>\n<h3>\u2b50\ufe0f <strong>Luksus og sp\u00e6nding om bord p\u00e5 White Heaven<\/strong><\/h3>\n<p><span style=\"text-decoration: underline;\"><strong>N\u00f8glefunktioner i White Heaven:<\/strong><\/span><\/p>\n<ul>\n<li>Drevet af en robust 700 HK-motor til hurtig og effektiv sejlads.<\/li>\n<li>Luksuri\u00f8st komfortable siddepladser og et skyggefuldt omr\u00e5de, hvor man kan nyde havbrisen uden direkte sollys.<\/li>\n<li>L\u00e6kre gourmetsnacks og et udvalg af kolde drikke til at holde dig forfrisket.<\/li>\n<li>En erfaren kaptajn og bes\u00e6tning s\u00f8rger for en sikker og forn\u00f8jelig oplevelse for alle.<\/li>\n<\/ul>\n<h4>\ud83d\udea4 <strong>Begynd dit s\u00f8fartseventyr<\/strong><\/h4>\n<p>Begynd din rejse fra Puerto Col\u00f3n i Costa Adeje, hvor den elegante White Heaven b\u00e5dudlejning p\u00e5 Tenerife venter. Dette charter er designet til intime grupper og begr\u00e6nser antallet af g\u00e6ster til 11, hvilket sikrer en personlig og eksklusiv oplevelse i Tenerifes smukke farvande. Det g\u00f8r den til et f\u00f8rstevalg for dem, der \u00f8nsker at leje en b\u00e5d p\u00e5 Tenerife.<\/p>\n<h4>\ud83c\udf0a <strong>Oplev sk\u00f8nheden i Tenerifes vand<\/strong><\/h4>\n<p>N\u00e5r du er ombord, vil du opdage, at Tenerifes fortryllende bl\u00e5 vand tilbyder mere end bare en udsigt - det er en legeplads for b\u00e5de eventyrere og afslapningss\u00f8gende. Uanset om du soler dig p\u00e5 det rummelige d\u00e6k eller s\u00f8ger komfort i de skyggefulde omr\u00e5der, er hvert \u00f8jeblik om bord p\u00e5 White Heaven designet til at gl\u00e6de og inspirere.<\/p>\n<h4>\ud83d\udc2c <strong>Elegance og v\u00e6rdi kombineret<\/strong><\/h4>\n<p>Hos CanaryVIP forbedrer vi din oplevelse med at leje en b\u00e5d p\u00e5 Tenerife ved at kombinere luksuri\u00f8se faciliteter med enest\u00e5ende v\u00e6rdi. Udforsk Tenerifes maleriske kyster om bord p\u00e5 White Heaven, hvor alle detaljer fra sikkerhed til underholdning er omhyggeligt styret for at sikre, at du f\u00e5r en uforglemmelig b\u00e5dtur p\u00e5 Tenerife.<\/p>\n<h3>\ud83d\udd52 <strong>V\u00e6lg din foretrukne rejsevarighed<\/strong><\/h3>\n<ul>\n<li><strong>3-timers kystskatte-tur<\/strong>: S\u00e6t sejl p\u00e5 en tre timer lang luksusyachttur langs Tenerifes sydkyst. Dyk ned i krystalklart vand for at snorkle, eller slap af og nyd panoramaudsigten. Denne korte charter inkluderer snacks, drikkevarer og alt n\u00f8dvendigt snorkeludstyr og giver et dejligt glimt af paradis, perfekt til en hurtig b\u00e5dtur p\u00e5 Tenerife.<\/li>\n<li><strong>4-timers udflugt til den sydlige kyst<\/strong>: Fordyb dig i luksus og eventyr p\u00e5 vores fire timer lange sejltur. Udforsk den smukke sydlige kystlinje, nyd at snorkle i havets dyb, og nyd den fantastiske udsigt fra et unikt perspektiv. Dette charter inkluderer alle m\u00e5ltider, drikkevarer og snorkeludstyr, perfekt til dem, der \u00f8nsker at l\u00f8fte deres ferie.<\/li>\n<li><strong>5-timers opdagelsesrejse<\/strong>: Tag p\u00e5 et virkelig episk eventyr med vores fem timers yachtudflugt. Rejs langs Tenerifes maleriske sydkyst, deltag i sp\u00e6ndende snorkelsessioner, og oplev det majest\u00e6tiske hav i al sin pragt. Dette omfattende charter kommer med alt inklusive m\u00e5ltider, drikkevarer og snorkeludstyr, hvilket g\u00f8r det ideelt til en uforglemmelig dag i Tenerifes farvande.<\/li>\n<\/ul>\n<p>Hver tur er designet til at rumme op til seks g\u00e6ster, med mulighed for at tilf\u00f8je flere deltagere mod et ekstra gebyr p\u00e5 20 euro pr. person, op til maksimalt elleve g\u00e6ster. Denne fleksibilitet sikrer, at din oplevelse bliver komfortabel, luksuri\u00f8s og mindev\u00e6rdig, uanset om du s\u00f8ger en kort flugt eller en l\u00e6ngere udforskning.<\/p>\n<h3>\u2705 <strong>Alt hvad du skal bruge til en perfekt dag til s\u00f8s<\/strong><\/h3>\n<ul>\n<li>Nyd ubegr\u00e6nsede gourmetbidder og drikkevarer, der passer til alle pr\u00e6ferencer og kostbehov.<\/li>\n<li>En flersproget og erfaren bes\u00e6tning, der er klar til at im\u00f8dekomme dine behov og sikre en problemfri og sikker rejse.<\/li>\n<\/ul>\n<h3>\ud83d\udccd <strong>S\u00e6tter sejl fra Puerto Col\u00f3n<\/strong><\/h3>\n<p>Dit b\u00e5dturseventyr p\u00e5 Tenerife starter i hjertet af Costa Adeje med White Heaven, der afg\u00e5r fra Puerto Col\u00f3n. Vi anbefaler, at du ankommer 15 minutter f\u00f8r afgang for at sikre en stressfri start p\u00e5 dagen. Der er praktisk parkering ved havnen, s\u00e5 du har nem adgang til din eksklusive chartertur.<\/p>\n<h4>\ud83d\udcdc <strong>Problemfri booking og klare afbestillingsregler<\/strong><\/h4>\n<p>Det er nemt at sikre sig en plads p\u00e5 Den Hvide Himmel med vores brugervenlige bookingsystem og klare retningslinjer:<\/p>\n<ul>\n<li><strong>Vejrgaranti<\/strong>: Vi overv\u00e5ger forholdene for at sikre problemfri sejlads. I tilf\u00e6lde af aflysning p\u00e5 grund af d\u00e5rligt vejr kan du v\u00e6lge mellem oml\u00e6gning eller fuld refusion, idet vi prioriterer din sikkerhed og tilfredshed.<\/li>\n<li><strong>Fleksibel afbestilling<\/strong>: Livet er uforudsigeligt. Annuller din booking op til 4 dage i forvejen og f\u00e5 det fulde bel\u00f8b refunderet. Inden for 4 dage refunderes det fulde bel\u00f8b ikke.<\/li>\n<li><strong>Digitale billetter<\/strong>: F\u00e5 nemt adgang til dine boardingkort via din telefon eller en trykt kopi.<\/li>\n<\/ul>\n<p><strong>Book din mindev\u00e6rdige rejse p\u00e5 White Heaven med CanaryVIP i dag, og sejl ind i en dag fyldt med luksus, komfort og uforglemmelige marineoplevelser.<\/strong><\/p>","protected":false},"excerpt":{"rendered":"<p>\ud83d\udd0d <strong>Hvid himmel Detaljer:<\/strong><br \/>\n\u2705 Sikker betaling.<br \/>\n\ud83d\udd10 Private ture.<br \/>\n\ud83d\udee5\ufe0f 11 meter b\u00e5d.<br \/>\n\u23f3 Daglige ture p\u00e5 3-5 timer.<br \/>\n\ud83d\udd59 Afgangstider, der kan tilpasses.<br \/>\n\ud83c\udf74 M\u00e5ltider og drikkevarer inkluderet.<br \/>\n\ud83d\udc65 Op til 11 g\u00e6ster.<br \/>\n\ud83e\udd3f Snorkeludstyr stilles til r\u00e5dighed.<br \/>\n\ud83e\udd11 Garanteret bedste pris.<br \/>\n\ud83d\udc6a Rabatter aktiveret.<br \/>\n\ud83d\udd01 Op til 4 dages afbestilling.<br \/>\n\ud83c\udf0d Flersproget bes\u00e6tning.<br \/>\n\ud83c\udf1f Book tidligt og spar!<br \/>\n\ud83d\udccd Afgang fra <a href=\"https:\/\/www.google.com\/maps\/place\/Puerto+Col%C3%B3n\/@28.078002,-16.7394902,17z\/data=!3m2!4b1!5s0xc6a97433884bdf9:0x76d293b7b99db23a!4m6!3m5!1s0xc6a9743509c9ebf:0xd62345524f768247!8m2!3d28.078002!4d-16.7369153!16s%2Fg%2F11c6cqryw_?entry=tts&amp;g_ep=EgoyMDI0MDUwNS4wKgBIAVAD\">Puerto Col\u00f3n<\/a>.<\/p>","protected":false},"featured_media":11401,"comment_status":"open","ping_status":"closed","template":"","meta":{"_acf_changed":false},"product_brand":[],"product_cat":[47],"product_tag":[],"class_list":{"0":"post-11400","1":"product","2":"type-product","3":"status-publish","4":"has-post-thumbnail","6":"product_cat-boat-hire-tenerife","7":"wcpa_has_options","9":"first","10":"instock","11":"virtual","12":"purchasable","13":"product-type-simple"},"acf":[],"wcpa_form_fields":{"wcpaData":{"product":{"product_price":600,"price_html":"From&nbsp;<span class=\"woocommerce-Price-amount amount\"><bdi>600,00&nbsp;<span class=\"woocommerce-Price-currencySymbol\">&euro;<\/span><\/bdi><\/span>","original_product_price":600,"price_including_tax":600,"price_excluding_tax":600,"product_id":{"parent":11400,"variation":false},"is_variable":false,"stock_status":"instock","stock_quantity":null,"parent_sku":"CV11400","product_attributes":[],"custom_fields":[],"is_taxable":false,"product_name":"White Heaven Boat Tenerife","hasImage":false},"fields":{"sec_4663a0ecdc484d":{"extra":{"key":"sec_4663a0ecdc484d","section_id":"sec_4663a0ecdc484d","name":"Default","status":1,"cl_rule":"show","enableCl":false,"relations":[],"toggle":true,"title_tag":"h3","show_title":false,"showPrice":"default","form_id":11405,"form_rules":{"exclude_from_discount":true,"fee_label":"Fee","disp_hide_options_price":true,"disp_show_section_price":false,"disp_show_field_price":true,"layout_option":"standard","pric_use_as_fee":false,"process_fee_as":"woo_fee"},"layout_option":"standard"},"fields":[[{"label":"\ud83d\udcc5 Date","active":true,"required":true,"elementId":"date_6663a0ecdc486b","picker_type":"custom","picker_mode":"single","placeholder":"","description":"","tooltip":"","name":"date_6663a0ecdc486b","label_position":"default","desc_position":"default","enablePrice":false,"className":"","enableCl":false,"relations":[{"operator":"and","rules":[{"operator":"AND","rules":{"cl_field":"radio-group_565c78ffa81208","cl_relation":"is","cl_val":"3 Hour Trip"}}]}],"date_pic_inline":true,"date_pic_inline_hide":true,"min_date":{"type":"days","val":"2"},"max_date":{"type":"days","val":"365"},"date_pic_conf":{"disabledWeeks":[]},"price":"","cl_rule":"show","col":6,"type":"date","error":false,"enableDesign":false,"LabelColor":"","gt_translate_keys":["label","placeholder","description","tooltip"],"price_dependency":false,"cl_dependency":false,"value":""}],[{"contentType":"rich","active":true,"label":"","elementId":"content_2663a0ecdc4879","value":"<p>\ud83c\udf9f\ufe0f <strong>Reservation<\/strong>: Pay only a deposit now to reserve; the rest is due on the day of the activity upon arrival.<\/p>","inline":false,"name":"content_2663a0ecdc4879","enablePrice":false,"className":"","subtype":"p","enableCl":false,"relations":false,"price":"","cl_rule":"show","col":6,"type":"content","error":false,"pricingType":"custom","isTemplate":false,"is_show_price":true,"show_in_checkout":true,"gt_translate_keys":["label","value"],"price_dependency":false,"cl_dependency":false}],[{"elementId":"separator_5663a0ecdc4885","separatorType":"blank","className":"","height":"3","enableCl":false,"relations":false,"cl_rule":"show","col":6,"type":"separator","error":false,"gt_translate_keys":[],"price_dependency":false,"cl_dependency":false,"value":""}],[{"active":true,"col":6,"relations":false,"cl_rule":"show","enableCl":false,"price":"","enablePrice":true,"className":"","label_position":"default","desc_position":"default","type":"select","required":true,"elementId":"select_2663a0ecdc488f","label":"\u23f3 Trip Duration","name":"select_2663a0ecdc488f","values":[{"label":"3 Hours (600\u20ac)","value":"3","selected":false,"tempId":"aco_556","price":"600","gt_translate_keys":["label"]},{"label":"4 Hours (800\u20ac)","value":"4","selected":false,"tempId":"aco_640","price":"800","gt_translate_keys":["label"]},{"label":"5 Hours (1000\u20ac)","value":"5","selected":false,"tempId":"aco_660","price":"1000","gt_translate_keys":["label"]}],"dropdown_type":"basic","error":false,"placeholder":"Select Trip Duration","priceOptions":"different_for_all","pricingType":"fixed","is_show_price":true,"gt_translate_keys":["label","placeholder"],"price_dependency":["content_8663a0ecdc48a2","content_9663a0ecdc48ab"],"cl_dependency":false,"value":""}],[{"label":"\u2705 Number of People","active":true,"required":true,"elementId":"select_6663a0ecdc48db","dropdown_type":"basic","placeholder":"Select Number of People","name":"select_6663a0ecdc48db","label_position":"default","desc_position":"default","enablePrice":true,"className":"","enableCl":false,"relations":[{"operator":false,"rules":[{"operator":"AND","rules":{"cl_field":"radio-group_565c78ffa81208","cl_relation":"is","cl_val":"3 Hour Trip"}}]}],"values":[{"label":"1 person","value":"1","selected":false,"tempId":"aco_1471","price":"0","gt_translate_keys":["label"]},{"label":"2 people","value":"2","selected":false,"tempId":"aco_1472","price":"0","gt_translate_keys":["label"]},{"label":"3 people","value":"3","selected":false,"tempId":"aco_1500","price":"0","gt_translate_keys":["label"]},{"label":"4 people","value":"4","selected":false,"tempId":"aco_1510","price":"0","gt_translate_keys":["label"]},{"label":"5 people","value":"5","selected":false,"tempId":"aco_1520","price":"0","gt_translate_keys":["label"]},{"label":"6 people","value":"6","selected":false,"tempId":"aco_1728","price":"0","gt_translate_keys":["label"]},{"label":"7 people (+20\u20ac)","value":"7","selected":false,"tempId":"aco_1738","price":"20","gt_translate_keys":["label"]},{"label":"8 people (+40\u20ac)","value":"8","selected":false,"tempId":"aco_1748","price":"40","gt_translate_keys":["label"]},{"label":"9 people (+60\u20ac)","value":"9","selected":false,"tempId":"aco_1912","price":"60","gt_translate_keys":["label"]},{"label":"10 people (+80\u20ac)","value":"10","selected":false,"tempId":"aco_1922","price":"80","gt_translate_keys":["label"]},{"label":"11 people (+100\u20ac)","value":"11","selected":false,"tempId":"aco_705","price":"100","gt_translate_keys":["label"]}],"price":"","cl_rule":"show","col":6,"type":"select","error":false,"priceOptions":"different_for_all","pricingType":"fixed","is_show_price":true,"gt_translate_keys":["label","placeholder"],"price_dependency":["content_8663a0ecdc48a2","content_9663a0ecdc48ab"],"cl_dependency":false,"value":""}],[{"elementId":"separator_6663a0ecdc4899","separatorType":"fill","className":"","height":"6","enableCl":false,"relations":false,"cl_rule":"show","col":6,"type":"separator","error":false,"separatorColor":"#66a6b6","gt_translate_keys":[],"price_dependency":false,"cl_dependency":false,"value":""}],[{"active":true,"col":6,"relations":false,"cl_rule":"show","enableCl":false,"price":"({field.select_2663a0ecdc488f.price} + {field.select_6663a0ecdc48db.price})*0.20","enablePrice":true,"className":"","label_position":"default","desc_position":"default","type":"content","required":false,"elementId":"content_8663a0ecdc48a2","label":"Deposit Payment","name":"content_8663a0ecdc48a2","contentType":"plain","value":"","error":false,"pricingType":"custom","isTemplate":false,"is_show_price":false,"enableDesign":true,"scrollBar":false,"use_as_fee":false,"fee_label":"Payment Now","inline":true,"show_in_checkout":true,"subtype":"div","formulaId":"fmla_1708364241278155361","LabelSize":"14px","gt_translate_keys":["label","value"],"price_dependency":["content_8663a0ecdc48b4"],"cl_dependency":false}],[{"contentType":"plain","active":true,"label":"Payment at Arrival","elementId":"content_9663a0ecdc48ab","value":"","inline":true,"show_in_checkout":true,"name":"content_9663a0ecdc48ab","enablePrice":true,"className":"","fee_label":"Payment at Arrival","subtype":"div","enableCl":false,"relations":false,"scrollBar":false,"enableDesign":true,"pricingType":"custom","isTemplate":false,"price":"({field.select_2663a0ecdc488f.price} + {field.select_6663a0ecdc48db.price})*0.80","use_as_fee":false,"is_show_price":true,"cl_rule":"show","col":6,"type":"content","error":false,"formulaId":"fmla_1708360988969136756","LabelSize":"14px","gt_translate_keys":["label","value"],"price_dependency":["content_8663a0ecdc48b4"],"cl_dependency":false}],[{"contentType":"plain","active":true,"label":"Total Price","elementId":"content_8663a0ecdc48b4","value":"","inline":true,"show_in_checkout":true,"name":"content_8663a0ecdc48b4","enablePrice":true,"className":"","fee_label":"Payment at Arrival","subtype":"div","enableCl":false,"relations":false,"scrollBar":false,"enableDesign":true,"LabelSize":"14px","pricingType":"custom","isTemplate":false,"price":"({field.content_8663a0ecdc48a2.price}) + ({field.content_9663a0ecdc48ab.price})","formulaId":"fmla_1708360988969136756","use_as_fee":false,"is_show_price":true,"cl_rule":"show","col":6,"type":"content","error":false,"gt_translate_keys":["label","value"],"price_dependency":false,"cl_dependency":false}],[{"elementId":"separator_1663a0ecdc48bf","separatorType":"blank","className":"","height":"3","enableCl":false,"relations":false,"cl_rule":"show","col":6,"type":"separator","error":false,"gt_translate_keys":[],"price_dependency":false,"cl_dependency":false,"value":""}],[{"active":true,"col":6,"relations":[{"operator":false,"rules":[{"operator":"AND","rules":{"cl_field":"radio-group_565c78ffa81208","cl_relation":"is","cl_val":"3 Hour Trip"}}]}],"cl_rule":"show","enableCl":false,"price":"","enablePrice":false,"className":"","label_position":"default","desc_position":"default","type":"select","required":false,"elementId":"select_7663a0ecdc48c8","label":"\u23f0 Departure","name":"select_7663a0ecdc48c8","values":[{"label":"09:00","value":"09:00","selected":false,"tempId":"aco_1471","gt_translate_keys":["label"]},{"label":"10:00","value":"10:00","selected":false,"tempId":"aco_1472","gt_translate_keys":["label"]},{"label":"11:00","value":"11:00","selected":false,"tempId":"aco_1500","gt_translate_keys":["label"]},{"label":"12:00","value":"12:00","selected":false,"tempId":"aco_1510","gt_translate_keys":["label"]},{"label":"13:00 (1:00 PM)","value":"13:00","selected":false,"tempId":"aco_1520","gt_translate_keys":["label"]},{"label":"14:00 (2:00 PM)","value":"14:00","selected":false,"tempId":"aco_1728","gt_translate_keys":["label"]},{"label":"15:00 (3:00 PM)","value":"15:00","selected":false,"tempId":"aco_1738","gt_translate_keys":["label"]}],"dropdown_type":"basic","error":false,"placeholder":"Whichever Time is Best","gt_translate_keys":["label","placeholder"],"price_dependency":false,"cl_dependency":false,"value":""}],[{"elementId":"separator_0663a0ecdc48d2","separatorType":"blank","className":"","height":"1","enableCl":false,"relations":false,"cl_rule":"show","col":6,"type":"separator","error":false,"gt_translate_keys":[],"price_dependency":false,"cl_dependency":false,"value":""}]]}},"config":{"price_override":"always","enable_recaptcha":false,"bind_quantity":false,"quantity_bind_formula":false,"disp_summ_show_option_price":true,"disp_summ_show_product_price":false,"disp_summ_show_total_price":false,"disp_summ_show_fee":true,"disp_summ_show_discount":true,"summary_title":"","options_total_label":"Options Price","total_label":"Deposit Amount","options_product_label":"Product Price","fee_label":"Fee","discount_label":"Discount","has_price":true,"has_quantity_formula":false},"mc_unit":1,"tax_rate":1,"tax_rate_real":1,"discount":{"percentage":0,"fixed":0},"design":{"conf":{"LabelPosition":"above","DescPosition":"above","UploadField":"custom_1","QuantityFieldStyle":"custom_1"},"css":{"LeftLabelWidth":"120px"}},"formulas":{"fmla_1708360988969136756":"(({field.select_2663a0ecdc488f.value}>=5)?(640):(({field.select_2663a0ecdc488f.value}>=4)?(520):(({field.select_2663a0ecdc488f.value}>=3)?(440):(0))))","fmla_1708364241278155361":"(({field.select_5841412719.value}>=8)?({field.select_5841412719.price}):(({field.select_5841412719.value}>=5)?({field.select_5841412719.price}):(({field.select_5841412719.value}>=3)?({field.select_5841412719.price}):(0))))"},"lookuptables":[],"clones":false,"cartKey":false}},"_links":{"self":[{"href":"https:\/\/canaryvip.com\/da\/wp-json\/wp\/v2\/product\/11400","targetHints":{"allow":["GET"]}}],"collection":[{"href":"https:\/\/canaryvip.com\/da\/wp-json\/wp\/v2\/product"}],"about":[{"href":"https:\/\/canaryvip.com\/da\/wp-json\/wp\/v2\/types\/product"}],"replies":[{"embeddable":true,"href":"https:\/\/canaryvip.com\/da\/wp-json\/wp\/v2\/comments?post=11400"}],"wp:featuredmedia":[{"embeddable":true,"href":"https:\/\/canaryvip.com\/da\/wp-json\/wp\/v2\/media\/11401"}],"wp:attachment":[{"href":"https:\/\/canaryvip.com\/da\/wp-json\/wp\/v2\/media?parent=11400"}],"wp:term":[{"taxonomy":"product_brand","embeddable":true,"href":"https:\/\/canaryvip.com\/da\/wp-json\/wp\/v2\/product_brand?post=11400"},{"taxonomy":"product_cat","embeddable":true,"href":"https:\/\/canaryvip.com\/da\/wp-json\/wp\/v2\/product_cat?post=11400"},{"taxonomy":"product_tag","embeddable":true,"href":"https:\/\/canaryvip.com\/da\/wp-json\/wp\/v2\/product_tag?post=11400"}],"curies":[{"name":"wp","href":"https:\/\/api.w.org\/{rel}","templated":true}]}}