{"id":11308,"date":"2024-04-16T23:45:59","date_gmt":"2024-04-16T22:45:59","guid":{"rendered":"https:\/\/canaryvip.com\/?post_type=product&#038;p=11308"},"modified":"2025-08-09T12:39:52","modified_gmt":"2025-08-09T11:39:52","slug":"banana-boat-tenerife","status":"publish","type":"product","link":"https:\/\/canaryvip.com\/da\/shop\/banana-boat-tenerife\/","title":{"rendered":"Banana Boat Tenerife"},"content":{"rendered":"<h2><strong>Banana Boat Tenerife - vilde b\u00f8lger og grin<\/strong><\/h2>\n<p>G\u00f8r dig klar til et st\u00e6nk af sjov med vores <strong>Banana Boat Tenerife<\/strong> forlystelser! Disse ture er ideelle for familier og grupper og kombinerer fart, plask og grin til en uforglemmelig dag p\u00e5 vandet. Vores <strong>Udflugter med bananb\u00e5d<\/strong> er en tidl\u00f8s m\u00e5de at opleve havets sp\u00e6nding p\u00e5 i Costa Adeje.<\/p>\n<h3><strong>\ud83c\udf0a Start dit eventyr i Puerto Col\u00f3n<\/strong><\/h3>\n<ul>\n<li><strong>Sp\u00e6ndende lancering:<\/strong> Din rejse med bananb\u00e5d begynder ved <a href=\"https:\/\/maps.app.goo.gl\/bkqEhAxsobcjz9wG9\" target=\"_blank\" rel=\"noopener\">Puerto Col\u00f3n,<\/a> hvor vores entusiastiske guider vil byde dig velkommen og give dig en hurtig sikkerhedsbriefing, f\u00f8r du hopper p\u00e5 den ikoniske gule t\u00f8mmerfl\u00e5de.<\/li>\n<li><strong>Sp\u00e6ndende tur:<\/strong> Hop om bord p\u00e5 den oppustelige banan, og hold godt fast, mens speedb\u00e5den tr\u00e6kker dig hen over b\u00f8lgerne. Forbered dig p\u00e5 dyk og bump, mens du griner og skriger af gl\u00e6de sammen med dine venner og familie!<\/li>\n<\/ul>\n<h3><strong>\u2728 Hvad g\u00f8r vores bananb\u00e5dsture til noget s\u00e6rligt?<\/strong><\/h3>\n<ul>\n<li><strong>Tilg\u00e6ngelig sjov:<\/strong> Kun 15 \u20ac pr. person sikrer en plads p\u00e5 denne popul\u00e6re vandsport, som ogs\u00e5 er perfekt for grupper. Det er en overkommelig og sp\u00e6ndende udflugt for alle!<\/li>\n<li><strong>Konsekvent ros:<\/strong> Vi er stolte af den gl\u00e6de og det grin, vores forlystelser bringer med sig, hvilket afspejles i de str\u00e5lende anmeldelser fra vores ryttere. Jeres sjov er vores prioritet!<\/li>\n<li><strong>Fleksible reservationer:<\/strong> \u00c6ndring af planer? Du kan afbestille op til 24 timer i forvejen og f\u00e5 alle pengene tilbage - vores forpligtelse til at im\u00f8dekomme dine feriebehov.<\/li>\n<\/ul>\n<h3><strong>\ud83d\ude80 K\u00f8r i bananb\u00e5d p\u00e5 Tenerife<\/strong><\/h3>\n<ul>\n<li><strong>Gruppedynamik:<\/strong> Oplev sp\u00e6ndingen med op til 12 ryttere. Den kollektive sp\u00e6nding og de f\u00e6lles reaktioner giver et uforglemmeligt eventyr.<\/li>\n<li><strong>I god behold:<\/strong> Vores uddannede bes\u00e6tning s\u00f8rger for en sikker tur fra start til slut og styrer b\u00e5den med kyndig omhu for at maksimere din forn\u00f8jelse og sikkerhed.<\/li>\n<\/ul>\n<h3><strong>\ud83c\udf1f Mere end bare bananb\u00e5de<\/strong><\/h3>\n<ul>\n<li>Udvid dine vandsportseventyr med muligheder som <a href=\"https:\/\/canaryvip.com\/da\/shop\/jetski-tenerife\/\">Jetski Tenerife<\/a>, <a href=\"https:\/\/canaryvip.com\/da\/shop\/parasailing-tenerife\/\">Parasailing Tenerife<\/a>og endda <a href=\"https:\/\/canaryvip.com\/da\/tenerife\/boat-excursions\/\">hvalsafari-ture<\/a>alle fra samme livlige sted i Puerto Col\u00f3n.<\/li>\n<\/ul>\n<h3>\ud83d\udcc5 <strong>Book din tur i bananb\u00e5d p\u00e5 Tenerife i dag<\/strong><\/h3>\n<p>Uanset om du er p\u00e5 udkig efter sp\u00e6nding eller en sjov gruppeaktivitet, tilbyder vores bananb\u00e5dsture den perfekte blanding af begge dele. Sikr dig en plads i dag, og forbered dig p\u00e5 en sp\u00e6ndende oplevelse p\u00e5 vandet.<\/p>\n<h3>\u2705 <strong>Hvad er inkluderet i din bananb\u00e5dstur?<\/strong><\/h3>\n<ul>\n<li>Fuld sikkerhedsbriefing og redningsveste til alle ryttere.<\/li>\n<li>En sp\u00e6ndende tur p\u00e5 10 minutter.<\/li>\n<li>Fotografier af dit eventyr kan k\u00f8bes, s\u00e5 du kan forevige de sjove \u00f8jeblikke.<\/li>\n<\/ul>\n<h3><strong>\u2696\ufe0f P\u00e5lidelig booking og nem afbestilling<\/strong><\/h3>\n<ul>\n<li><strong>Ubesv\u00e6ret booking:<\/strong> Book nemt og vid, at du kan afbestille op til 24 timer i forvejen med fuld refusion, hvis dine planer \u00e6ndrer sig.<\/li>\n<li><strong>Alle er inviteret:<\/strong> Velegnet til sp\u00e6ndingss\u00f8gende i alderen 10 til 65 \u00e5r. Vores forlystelser er designet til at v\u00e6re inkluderende og underholdende for alle.<\/li>\n<\/ul>\n<h3><strong>\ud83c\udf92 Forberedelse til din tur<\/strong><\/h3>\n<ul>\n<li><strong>Brug passende udstyr:<\/strong> Kom i badet\u00f8j og v\u00e6r klar til at blive v\u00e5d! Glem ikke at medbringe et h\u00e5ndkl\u00e6de og noget solcreme til at beskytte dig mod solen.<\/li>\n<li><strong>Hold v\u00e6rdigenstande i sikkerhed:<\/strong> Efterlad dine sko og skridsikre ting i vores sikre opbevaringsbokse ved kajen. Medbring et vandt\u00e6t kamera, hvis du \u00f8nsker at tage personlige billeder.<\/li>\n<li><strong>Sundhed og sikkerhed:<\/strong> Vores aktivitet er ikke egnet for gravide, men er fantastisk for n\u00e6sten alle andre! S\u00f8rg for, at du er klar til en fysisk tur.<\/li>\n<\/ul>\n<h3>\u2753 <strong>Ofte stillede sp\u00f8rgsm\u00e5l<\/strong><\/h3>\n<ul>\n<li><strong>Kan alle deltage i en tur i bananb\u00e5d?<\/strong> Ja, det g\u00f8r vi! Vores bananb\u00e5dsture er perfekte for alle mellem 10 og 65 \u00e5r. Ingen forudg\u00e5ende sv\u00f8mmef\u00e6rdigheder er n\u00f8dvendige, da alle deltagere vil blive udstyret med redningsveste.<\/li>\n<li><strong>Hvad kan jeg forvente under turen?<\/strong> Forvent at blive spr\u00f8jtet, plasket og grinet af (i godt hum\u00f8r)! Det hele handler om at have det sjovt og opleve sp\u00e6ndingen ved havet.<\/li>\n<\/ul>\n<h4><strong>\ud83c\udf1e Klar til at k\u00f8re?<\/strong><\/h4>\n<p>Dyk ned i sjov med vores bananb\u00e5dsture p\u00e5 <strong>CanaryVIP.<\/strong> Book nu, og g\u00f8r dig klar til at lave b\u00f8lger i Tenerifes smukke hav!<\/p>","protected":false},"excerpt":{"rendered":"<p>\ud83d\udd0d <strong>Banana Boat Tenerife:<br \/>\n<\/strong>\u2705 Sikker betaling.<br \/>\n\ud83d\udc65 Op til 12 ryttere pr. tur.<br \/>\n\ud83d\ude80 Ture varer 10 minutter.<br \/>\n\ud83c\udfde\ufe0f H\u00f8jhastighedsture.<br \/>\n\ud83d\udd59 I l\u00f8bet af dagen.<br \/>\n\ud83d\udcc5 Tilg\u00e6ngelig hver dag.<br \/>\n\ud83e\udd11 Garanteret bedste pris.<br \/>\n\ud83d\udc6a Rabatter til grupper.<br \/>\n\ud83d\udd01 24 timers afbestillingspolitik.<br \/>\n\ud83c\udf0d Underst\u00f8ttelse af flere sprog.<br \/>\n\ud83c\udf1f Book p\u00e5 forh\u00e5nd for at spare.<br \/>\n\ud83d\udccd Afgang fra <a href=\"https:\/\/maps.app.goo.gl\/bkqEhAxsobcjz9wG9\">Puerto Col\u00f3n<\/a>.<\/p>","protected":false},"featured_media":11311,"comment_status":"open","ping_status":"closed","template":"","meta":{"_acf_changed":false},"product_brand":[],"product_cat":[53],"product_tag":[],"class_list":{"0":"post-11308","1":"product","2":"type-product","3":"status-publish","4":"has-post-thumbnail","6":"product_cat-water-sports","7":"wcpa_has_options","9":"first","10":"instock","11":"virtual","12":"purchasable","13":"product-type-simple"},"acf":[],"wcpa_form_fields":{"wcpaData":{"product":{"product_price":18,"price_html":"From&nbsp;<span class=\"woocommerce-Price-amount amount\"><bdi>18,00&nbsp;<span class=\"woocommerce-Price-currencySymbol\">&euro;<\/span><\/bdi><\/span>","original_product_price":18,"price_including_tax":18,"price_excluding_tax":18,"product_id":{"parent":11308,"variation":false},"is_variable":false,"stock_status":"instock","stock_quantity":null,"parent_sku":"CV11308","product_attributes":[],"custom_fields":[],"is_taxable":false,"product_name":"Banana Boat Tenerife","hasImage":false},"fields":{"sec_7661f1665d94fb":{"extra":{"key":"sec_7661f1665d94fb","section_id":"sec_7661f1665d94fb","name":"Default","status":1,"cl_rule":"show","enableCl":false,"relations":[],"toggle":true,"title_tag":"h3","show_title":false,"showPrice":"default","form_id":11314,"form_rules":{"exclude_from_discount":true,"fee_label":"Fee","disp_hide_options_price":true,"disp_show_section_price":false,"disp_show_field_price":true,"layout_option":"standard","pric_use_as_fee":false,"process_fee_as":"woo_fee"},"layout_option":"standard"},"fields":[[{"label":"\ud83d\udcc5 Date","active":true,"required":true,"elementId":"date_3661f1665d951b","picker_type":"custom","picker_mode":"single","placeholder":"","description":"","tooltip":"","name":"date_3661f1665d951b","label_position":"default","desc_position":"default","enablePrice":false,"className":"","enableCl":false,"relations":[{"operator":"and","rules":[{"operator":"AND","rules":{"cl_field":"radio-group_5661bc90f5e8f5","cl_relation":"is_not_empty","cl_val":"3 Hour Trip"}}]}],"date_pic_inline":true,"date_pic_inline_hide":true,"min_date":{"type":"days","val":"1"},"max_date":{"type":"days","val":"365"},"date_pic_conf":{"disabledWeeks":[]},"price":"","cl_rule":"show","col":6,"type":"date","error":false,"enableDesign":false,"LabelColor":"","gt_translate_keys":["label","placeholder","description","tooltip"],"price_dependency":false,"cl_dependency":false,"value":""}],[{"active":true,"col":6,"relations":false,"cl_rule":"show","enableCl":false,"price":"","enablePrice":false,"className":"","label_position":"default","desc_position":"default","type":"select","required":true,"elementId":"select_3477053266","label":"\u23f0 Departure Time","name":"select_3477053266","values":[{"label":"Whichever Time is Best","value":"Whichever Time is Best","selected":false,"tempId":"aco_312","gt_translate_keys":["label"]},{"label":"10:30","value":"10:30","selected":false,"tempId":"aco_313","gt_translate_keys":["label"]},{"label":"11:30","value":"11:30","selected":false,"tempId":"aco_314","gt_translate_keys":["label"]},{"label":"12:30 ","value":"12:30","selected":false,"tempId":"aco_711","gt_translate_keys":["label"]},{"label":"13:30","value":"13:30","selected":false,"tempId":"aco_721","gt_translate_keys":["label"]},{"label":"14:30","value":"14:30","selected":false,"tempId":"aco_983","gt_translate_keys":["label"]},{"label":"15:30","value":"15:30","selected":false,"tempId":"aco_993","gt_translate_keys":["label"]},{"label":"16:30","value":"16:30","selected":false,"tempId":"aco_1183","gt_translate_keys":["label"]}],"dropdown_type":"basic","error":false,"multiple":false,"placeholder":"None","gt_translate_keys":["label","placeholder"],"price_dependency":false,"cl_dependency":false,"value":""}],[{"active":true,"col":6,"relations":[{"operator":false,"rules":[{"operator":"AND","rules":{"cl_field":"","cl_relation":"","cl_val":""}}]}],"cl_rule":"show","enableCl":true,"price":"18","enablePrice":true,"className":"","label_position":"default","desc_position":"default","type":"radio-group","required":false,"elementId":"radio-group_0661f1665d9537","label":"","name":"radio-group_0661f1665d9537","values":[{"label":"\ud83d\udc64 People (18\u20ac)","value":"People","selected":true,"tempId":"aco_32","tooltip":"","description":"","gt_translate_keys":["label","tooltip","description"]}],"layOut":"","error":false,"checkUi":"button","priceOptions":"fixed_for_all","pricingType":"fixed","enable_quantity":true,"quantity_label":"","min_quantity":"0","options_tooltip":true,"options_description":true,"is_show_price":true,"gt_translate_keys":["label","quantity_label"],"price_dependency":["content_2802764779","content-8155931385","content-8167489432"],"cl_dependency":false,"value":""}],[{"active":true,"col":6,"relations":false,"cl_rule":"show","enableCl":false,"price":"","enablePrice":false,"className":"","label_position":"default","desc_position":"default","type":"separator","required":false,"elementId":"separator_2804989181","label":"Separator Field","height":"6","separatorType":"fill","error":false,"separatorColor":"#66a5b6","gt_translate_keys":["label"],"price_dependency":false,"cl_dependency":false,"value":""}],[{"active":true,"col":6,"relations":false,"cl_rule":"show","enableCl":false,"price":"{field.radio-group_0661f1665d9537.price}*0.30","enablePrice":true,"className":"","label_position":"default","desc_position":"default","type":"content","required":false,"elementId":"content_2802764779","label":"Deposit Now","name":"content_2802764779","contentType":"plain","value":"","error":false,"subtype":"div","inline":true,"show_in_checkout":true,"pricingType":"custom","isTemplate":false,"gt_translate_keys":["label","value"],"price_dependency":false,"cl_dependency":false}],[{"contentType":"plain","active":true,"label":"Payment at Arrival","elementId":"content-8155931385","value":"","inline":true,"show_in_checkout":true,"name":"content-8155931385","enablePrice":true,"className":"","subtype":"div","enableCl":false,"relations":false,"pricingType":"custom","isTemplate":false,"price":"{field.radio-group_0661f1665d9537.price}*0.70","is_show_price":true,"cl_rule":"show","col":6,"type":"content","error":false,"gt_translate_keys":["label","value"],"price_dependency":false,"cl_dependency":false}],[{"contentType":"plain","active":true,"label":"Total Price","elementId":"content-8167489432","value":"","inline":true,"show_in_checkout":true,"name":"content-8167489432","enablePrice":true,"className":"","subtype":"div","enableCl":false,"relations":false,"pricingType":"custom","isTemplate":false,"price":"{field.radio-group_0661f1665d9537.price}","is_show_price":true,"cl_rule":"show","col":6,"type":"content","error":false,"gt_translate_keys":["label","value"],"price_dependency":false,"cl_dependency":false}]]}},"config":{"price_override":"always","enable_recaptcha":false,"bind_quantity":false,"quantity_bind_formula":false,"disp_summ_show_option_price":true,"disp_summ_show_product_price":false,"disp_summ_show_total_price":true,"disp_summ_show_fee":true,"disp_summ_show_discount":true,"summary_title":"","options_total_label":"Options Price","total_label":"Total Amount","options_product_label":"Product Price","fee_label":"Fee","discount_label":"Discount","has_price":true,"has_quantity_formula":false},"mc_unit":1,"tax_rate":1,"tax_rate_real":1,"discount":{"percentage":0,"fixed":0},"design":{"conf":{"LabelPosition":"above","DescPosition":"above","UploadField":"custom_1","QuantityFieldStyle":"custom_1"},"css":{"LeftLabelWidth":"120px"}},"formulas":[],"lookuptables":[],"clones":false,"cartKey":false}},"_links":{"self":[{"href":"https:\/\/canaryvip.com\/da\/wp-json\/wp\/v2\/product\/11308","targetHints":{"allow":["GET"]}}],"collection":[{"href":"https:\/\/canaryvip.com\/da\/wp-json\/wp\/v2\/product"}],"about":[{"href":"https:\/\/canaryvip.com\/da\/wp-json\/wp\/v2\/types\/product"}],"replies":[{"embeddable":true,"href":"https:\/\/canaryvip.com\/da\/wp-json\/wp\/v2\/comments?post=11308"}],"wp:featuredmedia":[{"embeddable":true,"href":"https:\/\/canaryvip.com\/da\/wp-json\/wp\/v2\/media\/11311"}],"wp:attachment":[{"href":"https:\/\/canaryvip.com\/da\/wp-json\/wp\/v2\/media?parent=11308"}],"wp:term":[{"taxonomy":"product_brand","embeddable":true,"href":"https:\/\/canaryvip.com\/da\/wp-json\/wp\/v2\/product_brand?post=11308"},{"taxonomy":"product_cat","embeddable":true,"href":"https:\/\/canaryvip.com\/da\/wp-json\/wp\/v2\/product_cat?post=11308"},{"taxonomy":"product_tag","embeddable":true,"href":"https:\/\/canaryvip.com\/da\/wp-json\/wp\/v2\/product_tag?post=11308"}],"curies":[{"name":"wp","href":"https:\/\/api.w.org\/{rel}","templated":true}]}}