{"id":11303,"date":"2024-04-16T23:11:21","date_gmt":"2024-04-16T22:11:21","guid":{"rendered":"https:\/\/canaryvip.com\/?post_type=product&#038;p=11303"},"modified":"2025-08-09T12:40:39","modified_gmt":"2025-08-09T11:40:39","slug":"flyfish-tenerife","status":"publish","type":"product","link":"https:\/\/canaryvip.com\/da\/shop\/flyfish-tenerife\/","title":{"rendered":"Fluefiskeri p\u00e5 Tenerife"},"content":{"rendered":"<h2><strong>\ud83c\udf0a FlyFish Tenerife - Rid p\u00e5 havets b\u00f8lger<\/strong><\/h2>\n<p>Forbered dig p\u00e5 en adrenalinpumpende oplevelse med vores <strong>Fluefiskeri p\u00e5 Tenerife<\/strong> Eventyr! M\u00e6rk suset ved at flyve over havet, mens du klamrer dig til vores specialdesignede oppustelige t\u00f8mmerfl\u00e5de. Vores <strong>FlyFish-udflugter<\/strong> Lov en uforglemmelig dag med vandsport i h\u00f8j fart i de smukke omgivelser p\u00e5 Costa Adeje.<\/p>\n<h3><strong>\ud83d\udea4 Start dit fluefiskeeventyr<\/strong><\/h3>\n<ul>\n<li><strong>Eventyret begynder:<\/strong> Din rejse starter direkte ved <a href=\"https:\/\/maps.app.goo.gl\/bkqEhAxsobcjz9wG9\" target=\"_blank\" rel=\"noopener\">Puerto Col\u00f3n,<\/a>\u00a0det officielle afgangssted for dit FlyFish-eventyr. Ved ankomsten vil du blive introduceret til den sp\u00e6ndende verden af FlyFish, modtage en omfattende sikkerhedsbriefing og blive udstyret til den sp\u00e6ndende tur, der venter dig.<\/li>\n<li><strong>The FlyFish Experience:<\/strong> Sp\u00e6nd dig fast, og hold godt fast, mens motorb\u00e5den pisker dig hen over b\u00f8lgerne. Nyd havvandets plask og vinden i dit ansigt p\u00e5 denne sp\u00e6ndende tur.<\/li>\n<\/ul>\n<p>&nbsp;<\/p>\n<h3><strong>\u2728 Hvorfor v\u00e6lge CanaryVIP til din fluefiskeoplevelse?<\/strong><\/h3>\n<ul>\n<li><strong>Konkurrencedygtige priser:<\/strong> Hop om bord for s\u00e5 lidt som 45 \u20ac pr. person, og der findes fantastiske gruppe- og tilskuerpriser. Kvalitet og sp\u00e6nding til en uovertruffen pris!<\/li>\n<li><strong>Ros fra kunderne:<\/strong> Vi er kendt for vores enest\u00e5ende service og er stolte af de fremragende anmeldelser fra vores g\u00e6ster. Din gode oplevelse er vores m\u00e5l!<\/li>\n<li><strong>Fleksibilitet ved booking:<\/strong> \u00c6ndrede planer? Ingen grund til bekymring - afbestil op til 24 timer f\u00f8r din rejse og f\u00e5 alle pengene tilbage med vores fleksible afbestillingsregler.<\/li>\n<\/ul>\n<h3><strong>\ud83d\ude80 Flyv h\u00f8jt med FlyFish Tenerife<\/strong><\/h3>\n<ul>\n<li><strong>Sp\u00e6ndende forlystelser:<\/strong> FlyFish tager dig med p\u00e5 en vild tur over vandet ved Playa de Las Am\u00e9ricas, hvor du sv\u00e6ver og dykker med b\u00f8lgerne i ca. 10 sp\u00e6ndende minutter.<\/li>\n<li><strong>Ekspertr\u00e5dgivning:<\/strong> Vores dygtige instrukt\u00f8rer s\u00f8rger for en sikker og mindev\u00e6rdig oplevelse og guider dig problemfrit fra start til slut.<\/li>\n<\/ul>\n<h3><strong>\ud83c\udf1f Mere end bare fluefiskeri<\/strong><\/h3>\n<ul>\n<li>Leder du efter mere? Vi tilbyder en bred vifte af <a href=\"https:\/\/canaryvip.com\/da\/tenerife\/water-sports\/\">vandaktiviteter p\u00e5 Tenerife,<\/a>\u00a0fra <a href=\"https:\/\/canaryvip.com\/da\/shop\/jetski-tenerife\/\">jetski<\/a> til parasailing, s\u00e5 der altid er noget nyt at pr\u00f8ve.<\/li>\n<li>Vores eventyr er ikke begr\u00e6nset til Tenerife - tjek vores tilbud p\u00e5 Gran Canaria for endnu mere vandsjov!<\/li>\n<\/ul>\n<h3>\ud83d\udcc5 <strong>Book din FlyFish-oplevelse i dag<\/strong><\/h3>\n<p>G\u00e5 ikke glip af dette unikke eventyr. Perfekt til adrenalins\u00f8gende og sp\u00e6ndingsentusiaster, der gerne vil have et plask. Book din FlyFish-tur nu, og tilf\u00f8j et strejf af sp\u00e6nding til din ferie p\u00e5 Tenerife.<\/p>\n<h3>\u2705 <strong>Hvad er inkluderet i din FlyFish-tur?<\/strong><\/h3>\n<ul>\n<li>Alt sikkerhedsudstyr og en fuld briefing f\u00f8r afgang.<\/li>\n<li>En 10-minutters FlyFish-tur, der lover at f\u00e5 din adrenalin til at stige.<\/li>\n<li>Professionel vejledning og fotomuligheder for at forevige dine dristige bedrifter (billeder kan k\u00f8bes).<\/li>\n<\/ul>\n<h3><strong>\u2696\ufe0f Trov\u00e6rdige muligheder for booking og afbestilling<\/strong><\/h3>\n<ul>\n<li><strong>Nem booking:<\/strong> Reserver din plads med lethed og tryghed, vel vidende at du kan afbestille op til 24 timer i forvejen og f\u00e5 alle pengene tilbage.<\/li>\n<li><strong>Inkluderende oplevelse:<\/strong> Vi byder alle velkommen, lige fra solorejsende, der s\u00f8ger sp\u00e6nding, til grupper, der er p\u00e5 udkig efter en sp\u00e6ndende udflugt. Fort\u00e6l os om dine pr\u00e6ferencer, s\u00e5 skr\u00e6ddersyr vi turen til dig.<\/li>\n<\/ul>\n<h3><strong>\ud83c\udf92 G\u00f8r dig klar til dit fluefiskeeventyr<\/strong><\/h3>\n<ul>\n<li><strong>Forbered dig p\u00e5 at blive v\u00e5d:<\/strong> Tag badet\u00f8j p\u00e5, medbring et h\u00e5ndkl\u00e6de, og sm\u00f8r dig ind i solcreme. Det bliver en sprudlende tur!<\/li>\n<li><strong>Det vigtigste ved et kamera:<\/strong> Medbring et vandt\u00e6t kamera eller en telefon med et beskyttende etui, s\u00e5 du kan forevige dine FlyFish-\u00f8jeblikke. Hold h\u00e6nderne fri til at vinke og holde fast!<\/li>\n<li><strong>Tilg\u00e6ngelighed:<\/strong> Denne aktivitet er fantastisk for alle mellem 10 og 65 \u00e5r. Bem\u00e6rk, at den ikke er egnet til gravide eller personer, der ikke er trygge ved vand.<\/li>\n<\/ul>\n<h3>\u2753 <strong>Ofte stillede sp\u00f8rgsm\u00e5l<\/strong><\/h3>\n<ul>\n<li><strong>Hvem kan deltage i FlyFish Tenerife?<\/strong> Eventyrere i alderen 10 til 65 \u00e5r er velkomne! Grundl\u00e6ggende sv\u00f8mmef\u00e6rdigheder er p\u00e5kr\u00e6vet af hensyn til sikkerheden.<\/li>\n<li><strong>Hvor sikker er FlyFish?<\/strong> Sikkerhed er vores prioritet. Alle deltagere er udstyret med redningsveste, og vores erfarne team er der for at sikre en sikker og forn\u00f8jelig oplevelse.<\/li>\n<\/ul>\n<h4><strong>\ud83c\udf1e Klar til at lave et plask?<\/strong><\/h4>\n<p>Oplev sp\u00e6ndingen ved fluefiskeri p\u00e5 Tenerife med <strong>CanaryVIP.<\/strong> Book dit eventyr i dag, og forbered dig p\u00e5 en uforglemmelig h\u00f8jhastighedstur over havets overflade!<\/p>","protected":false},"excerpt":{"rendered":"<p>\ud83d\udd0d <strong>FlyFish Tenerife:<\/strong><br \/>\n\u2705 Sikker betaling.<br \/>\n\ud83d\udc65 Op til 3 ryttere pr. tur.<br \/>\n\ud83d\ude80 Turen varer cirka 10 minutter.<br \/>\n\ud83c\udfde\ufe0f Vand i h\u00f8j hastighed.<br \/>\n\ud83d\udd59 Tilg\u00e6ngelig hele dagen.<br \/>\n\ud83d\udcc5 K\u00f8rsler er tilg\u00e6ngelige hver dag.<br \/>\n\ud83e\udd11 Garanteret bedste pris.<br \/>\n\ud83d\udc6a Rabatter til grupper.<br \/>\n\ud83d\udd01 24 timers afbestillingspolitik.<br \/>\n\ud83c\udf0d Underst\u00f8ttelse af flere sprog.<br \/>\n\ud83c\udf1f Book p\u00e5 forh\u00e5nd for at spare.<br \/>\n\ud83d\udccd Afgang fra <a href=\"https:\/\/maps.app.goo.gl\/bkqEhAxsobcjz9wG9\">Puerto Col\u00f3n.<\/a><\/p>","protected":false},"featured_media":11317,"comment_status":"open","ping_status":"closed","template":"","meta":{"_acf_changed":false},"product_brand":[],"product_cat":[53],"product_tag":[],"class_list":{"0":"post-11303","1":"product","2":"type-product","3":"status-publish","4":"has-post-thumbnail","6":"product_cat-water-sports","7":"wcpa_has_options","9":"first","10":"instock","11":"virtual","12":"purchasable","13":"product-type-simple"},"acf":[],"wcpa_form_fields":{"wcpaData":{"product":{"product_price":18,"price_html":"From&nbsp;<span class=\"woocommerce-Price-amount amount\"><bdi>18,00&nbsp;<span class=\"woocommerce-Price-currencySymbol\">&euro;<\/span><\/bdi><\/span>","original_product_price":18,"price_including_tax":18,"price_excluding_tax":18,"product_id":{"parent":11303,"variation":false},"is_variable":false,"stock_status":"instock","stock_quantity":null,"parent_sku":"CV11303","product_attributes":[],"custom_fields":[],"is_taxable":false,"product_name":"FlyFish Tenerife","hasImage":false},"fields":{"sec_7661f1665d94fb":{"extra":{"key":"sec_7661f1665d94fb","section_id":"sec_7661f1665d94fb","name":"Default","status":1,"cl_rule":"show","enableCl":false,"relations":[],"toggle":true,"title_tag":"h3","show_title":false,"showPrice":"default","form_id":11314,"form_rules":{"exclude_from_discount":true,"fee_label":"Fee","disp_hide_options_price":true,"disp_show_section_price":false,"disp_show_field_price":true,"layout_option":"standard","pric_use_as_fee":false,"process_fee_as":"woo_fee"},"layout_option":"standard"},"fields":[[{"label":"\ud83d\udcc5 Date","active":true,"required":true,"elementId":"date_3661f1665d951b","picker_type":"custom","picker_mode":"single","placeholder":"","description":"","tooltip":"","name":"date_3661f1665d951b","label_position":"default","desc_position":"default","enablePrice":false,"className":"","enableCl":false,"relations":[{"operator":"and","rules":[{"operator":"AND","rules":{"cl_field":"radio-group_5661bc90f5e8f5","cl_relation":"is_not_empty","cl_val":"3 Hour Trip"}}]}],"date_pic_inline":true,"date_pic_inline_hide":true,"min_date":{"type":"days","val":"1"},"max_date":{"type":"days","val":"365"},"date_pic_conf":{"disabledWeeks":[]},"price":"","cl_rule":"show","col":6,"type":"date","error":false,"enableDesign":false,"LabelColor":"","gt_translate_keys":["label","placeholder","description","tooltip"],"price_dependency":false,"cl_dependency":false,"value":""}],[{"active":true,"col":6,"relations":false,"cl_rule":"show","enableCl":false,"price":"","enablePrice":false,"className":"","label_position":"default","desc_position":"default","type":"select","required":true,"elementId":"select_3477053266","label":"\u23f0 Departure Time","name":"select_3477053266","values":[{"label":"Whichever Time is Best","value":"Whichever Time is Best","selected":false,"tempId":"aco_312","gt_translate_keys":["label"]},{"label":"10:30","value":"10:30","selected":false,"tempId":"aco_313","gt_translate_keys":["label"]},{"label":"11:30","value":"11:30","selected":false,"tempId":"aco_314","gt_translate_keys":["label"]},{"label":"12:30 ","value":"12:30","selected":false,"tempId":"aco_711","gt_translate_keys":["label"]},{"label":"13:30","value":"13:30","selected":false,"tempId":"aco_721","gt_translate_keys":["label"]},{"label":"14:30","value":"14:30","selected":false,"tempId":"aco_983","gt_translate_keys":["label"]},{"label":"15:30","value":"15:30","selected":false,"tempId":"aco_993","gt_translate_keys":["label"]},{"label":"16:30","value":"16:30","selected":false,"tempId":"aco_1183","gt_translate_keys":["label"]}],"dropdown_type":"basic","error":false,"multiple":false,"placeholder":"None","gt_translate_keys":["label","placeholder"],"price_dependency":false,"cl_dependency":false,"value":""}],[{"active":true,"col":6,"relations":[{"operator":false,"rules":[{"operator":"AND","rules":{"cl_field":"","cl_relation":"","cl_val":""}}]}],"cl_rule":"show","enableCl":true,"price":"18","enablePrice":true,"className":"","label_position":"default","desc_position":"default","type":"radio-group","required":false,"elementId":"radio-group_0661f1665d9537","label":"","name":"radio-group_0661f1665d9537","values":[{"label":"\ud83d\udc64 People (18\u20ac)","value":"People","selected":true,"tempId":"aco_32","tooltip":"","description":"","gt_translate_keys":["label","tooltip","description"]}],"layOut":"","error":false,"checkUi":"button","priceOptions":"fixed_for_all","pricingType":"fixed","enable_quantity":true,"quantity_label":"","min_quantity":"0","options_tooltip":true,"options_description":true,"is_show_price":true,"gt_translate_keys":["label","quantity_label"],"price_dependency":["content_2802764779","content-8155931385","content-8167489432"],"cl_dependency":false,"value":""}],[{"active":true,"col":6,"relations":false,"cl_rule":"show","enableCl":false,"price":"","enablePrice":false,"className":"","label_position":"default","desc_position":"default","type":"separator","required":false,"elementId":"separator_2804989181","label":"Separator Field","height":"6","separatorType":"fill","error":false,"separatorColor":"#66a5b6","gt_translate_keys":["label"],"price_dependency":false,"cl_dependency":false,"value":""}],[{"active":true,"col":6,"relations":false,"cl_rule":"show","enableCl":false,"price":"{field.radio-group_0661f1665d9537.price}*0.30","enablePrice":true,"className":"","label_position":"default","desc_position":"default","type":"content","required":false,"elementId":"content_2802764779","label":"Deposit Now","name":"content_2802764779","contentType":"plain","value":"","error":false,"subtype":"div","inline":true,"show_in_checkout":true,"pricingType":"custom","isTemplate":false,"gt_translate_keys":["label","value"],"price_dependency":false,"cl_dependency":false}],[{"contentType":"plain","active":true,"label":"Payment at Arrival","elementId":"content-8155931385","value":"","inline":true,"show_in_checkout":true,"name":"content-8155931385","enablePrice":true,"className":"","subtype":"div","enableCl":false,"relations":false,"pricingType":"custom","isTemplate":false,"price":"{field.radio-group_0661f1665d9537.price}*0.70","is_show_price":true,"cl_rule":"show","col":6,"type":"content","error":false,"gt_translate_keys":["label","value"],"price_dependency":false,"cl_dependency":false}],[{"contentType":"plain","active":true,"label":"Total Price","elementId":"content-8167489432","value":"","inline":true,"show_in_checkout":true,"name":"content-8167489432","enablePrice":true,"className":"","subtype":"div","enableCl":false,"relations":false,"pricingType":"custom","isTemplate":false,"price":"{field.radio-group_0661f1665d9537.price}","is_show_price":true,"cl_rule":"show","col":6,"type":"content","error":false,"gt_translate_keys":["label","value"],"price_dependency":false,"cl_dependency":false}]]}},"config":{"price_override":"always","enable_recaptcha":false,"bind_quantity":false,"quantity_bind_formula":false,"disp_summ_show_option_price":true,"disp_summ_show_product_price":false,"disp_summ_show_total_price":true,"disp_summ_show_fee":true,"disp_summ_show_discount":true,"summary_title":"","options_total_label":"Options Price","total_label":"Total Amount","options_product_label":"Product Price","fee_label":"Fee","discount_label":"Discount","has_price":true,"has_quantity_formula":false},"mc_unit":1,"tax_rate":1,"tax_rate_real":1,"discount":{"percentage":0,"fixed":0},"design":{"conf":{"LabelPosition":"above","DescPosition":"above","UploadField":"custom_1","QuantityFieldStyle":"custom_1"},"css":{"LeftLabelWidth":"120px"}},"formulas":[],"lookuptables":[],"clones":false,"cartKey":false}},"_links":{"self":[{"href":"https:\/\/canaryvip.com\/da\/wp-json\/wp\/v2\/product\/11303","targetHints":{"allow":["GET"]}}],"collection":[{"href":"https:\/\/canaryvip.com\/da\/wp-json\/wp\/v2\/product"}],"about":[{"href":"https:\/\/canaryvip.com\/da\/wp-json\/wp\/v2\/types\/product"}],"replies":[{"embeddable":true,"href":"https:\/\/canaryvip.com\/da\/wp-json\/wp\/v2\/comments?post=11303"}],"wp:featuredmedia":[{"embeddable":true,"href":"https:\/\/canaryvip.com\/da\/wp-json\/wp\/v2\/media\/11317"}],"wp:attachment":[{"href":"https:\/\/canaryvip.com\/da\/wp-json\/wp\/v2\/media?parent=11303"}],"wp:term":[{"taxonomy":"product_brand","embeddable":true,"href":"https:\/\/canaryvip.com\/da\/wp-json\/wp\/v2\/product_brand?post=11303"},{"taxonomy":"product_cat","embeddable":true,"href":"https:\/\/canaryvip.com\/da\/wp-json\/wp\/v2\/product_cat?post=11303"},{"taxonomy":"product_tag","embeddable":true,"href":"https:\/\/canaryvip.com\/da\/wp-json\/wp\/v2\/product_tag?post=11303"}],"curies":[{"name":"wp","href":"https:\/\/api.w.org\/{rel}","templated":true}]}}