{"id":11288,"date":"2024-04-16T15:31:07","date_gmt":"2024-04-16T14:31:07","guid":{"rendered":"https:\/\/canaryvip.com\/?post_type=product&#038;p=11288"},"modified":"2026-04-09T12:33:18","modified_gmt":"2026-04-09T11:33:18","slug":"helicopter-tour-tenerife","status":"publish","type":"product","link":"https:\/\/canaryvip.com\/da\/shop\/helicopter-tour-tenerife\/","title":{"rendered":"Helikoptertur Tenerife"},"content":{"rendered":"<h2><strong>\ud83d\ude81 Helikopterture p\u00e5 Tenerife - sv\u00e6v over landskabet<\/strong><\/h2>\n<p>Tag p\u00e5 en spektakul\u00e6r rejse i luften med vores <strong>Helikoptertur Tenerife<\/strong>. Uanset om du flyver alene, med familien eller skaber minder med vennerne, giver disse ture et unikt perspektiv p\u00e5 \u00f8ens landskaber fra luften. Hver flyvetur er et eventyr, du ikke m\u00e5 g\u00e5 glip af, lige fra hurtige, natursk\u00f8nne ture til omfattende udforskninger.<\/p>\n<h3><strong>\ud83d\ude80 Begynd dit lufteventyr p\u00e5 Tenerife<\/strong><\/h3>\n<ul>\n<li><strong>Kom godt i gang:<\/strong> Vores m\u00f8dested er bekvemt placeret i Adeje, let tilg\u00e6ngeligt for alle vores g\u00e6ster. Ved ankomsten gennemg\u00e5r du en kort, men grundig orientering for at g\u00f8re dig klar til din flyrejse. Husk at medbringe en gyldig form for identifikation.<\/li>\n<li><strong>Muligheder for tur:<\/strong> CanaryVIP tilbyder en r\u00e6kke forskellige helikopterture fra kun \u20ac98 pr. person. Hver flyvetur er designet til at give en uforglemmelig udsigt over Tenerife fra luften uden skjulte omkostninger.<\/li>\n<li><strong>Mindev\u00e6rdige tilf\u00f8jelser:<\/strong> G\u00f8r din oplevelse endnu bedre ved at v\u00e6lge fotopakken, der starter ved \u20ac35, for at forevige de fantastiske landskaber, du vil m\u00f8de. Vi er ogs\u00e5 glade for at kunne tilbyde ekstra komfort til vores plus size-g\u00e6ster.<\/li>\n<\/ul>\n<h3><strong>\ud83c\udf05 Udforsk Tenerifes fantastiske landskaber fra oven<\/strong><\/h3>\n<ul>\n<li><strong>V\u00e6lg dit synspunkt:<\/strong> Vores udvalg af helikopterture omfatter alt fra en 20 kilometer lang kystflyvning til et omfattende 120 kilometer langt eventyr rundt om den majest\u00e6tiske <a href=\"https:\/\/www.google.com\/maps\/place\/Acantilados+de+Los+Gigantes,+Santa+Cruz+de+Tenerife\/@28.244027,-16.8456497,15z\/data=!3m1!4b1!4m6!3m5!1s0xc6a8c153fdc6811:0xa0340f674cf6610!8m2!3d28.2408828!4d-16.8377834!16s%2Fm%2F026dqlb?entry=ttu\" target=\"_blank\" rel=\"noopener\">Los Gigantes<\/a> og <a href=\"https:\/\/canaryvip.com\/da\/discover-the-teide-the-ultimate-guide-iconic-volcano\/\">El Teide.<\/a> Find den perfekte tur, der passer til dine interesser og din tidsplan.<\/li>\n<li><strong>Detaljer om afrejse:<\/strong> Alle ture afg\u00e5r om morgenen (kl. 10-11) for at udnytte de optimale lysforhold, der giver den bedste sigtbarhed over Tenerifes varierede terr\u00e6n.<\/li>\n<li><strong>Privat og tilpasset:<\/strong> Leder du efter en mere personlig oplevelse? Vi tilbyder private ture, som kan tilpasses dine specifikke \u00f8nsker og behov.<\/li>\n<\/ul>\n<h3><strong>\ud83c\udf1f Hvad du kan forvente p\u00e5 din helikoptertur<\/strong><\/h3>\n<ul>\n<li><strong>Sikkerhed som en prioritet:<\/strong> Din sikkerhed er vores st\u00f8rste bekymring. Vi overholder strenge sikkerhedsprotokoller, herunder omfattende briefinger f\u00f8r flyvningen og omhyggelige tjek af udstyr for at sikre en sikker og forn\u00f8jelig oplevelse.<\/li>\n<li><strong>Ingen sproglige barrierer:<\/strong> Flyv trygt, mens vores dygtige piloter kommenterer p\u00e5 b\u00e5de engelsk og spansk, s\u00e5 din rejse bliver b\u00e5de informativ og engagerende.<\/li>\n<li><strong>Erfarne piloter:<\/strong> Vores piloter er ikke kun uddannet efter de h\u00f8jeste standarder, men har ogs\u00e5 et omfattende lokalkendskab, som kan berige din flyveoplevelse.<\/li>\n<\/ul>\n<h3>\ud83d\udcc5 <strong>Book din helikoptertur p\u00e5 Tenerife nu<\/strong><\/h3>\n<p>G\u00e5 ikke glip af denne unikke mulighed for at se Tenerife fra de bedste pladser p\u00e5 himlen. Med <strong>CanaryVIP<\/strong>N\u00e5r du flyver, er du garanteret en betagende udsigt og en uforglemmelig oplevelse. F\u00e5 plads p\u00e5 en af vores eksklusive helikopterture i dag, og se \u00f8en, som du aldrig har set den f\u00f8r.<\/p>\n<h3>\u2705 <strong>Hvad er inkluderet i din helikoptertur?<\/strong><\/h3>\n<ul>\n<li>Offentlige og private ture er tilg\u00e6ngelige, skr\u00e6ddersyet til dine pr\u00e6ferencer.<\/li>\n<li>Forskellige turl\u00e6ngder designet til at im\u00f8dekomme forskellige smage og tidsm\u00e6ssige muligheder.<\/li>\n<li>Alt n\u00f8dvendigt sikkerhedsudstyr er til r\u00e5dighed for at sikre en behagelig og sikker flyvetur.<\/li>\n<\/ul>\n<h3><strong>\u2696\ufe0f Booking og fleksibel afbestillingspolitik<\/strong><\/h3>\n<ul>\n<li style=\"text-align: left;\"><strong>Planl\u00e6g din rejse:<\/strong> Book p\u00e5 forh\u00e5nd for at sikre dig en plads.<\/li>\n<li><strong>Fleksible aflysninger:<\/strong> Livet er uforudsigeligt - det forst\u00e5r vi godt. Derfor kan du aflyse din booking op til 7 dage i forvejen og f\u00e5 alle pengene tilbage.<\/li>\n<li><strong>Tilg\u00e6ngelighed og komfort:<\/strong> Vores ture er designet til at v\u00e6re tilg\u00e6ngelige for en bred vifte af g\u00e6ster. Sp\u00f8rg venligst om specifikke behov eller v\u00e6gtbegr\u00e6nsninger, n\u00e5r du booker.<\/li>\n<\/ul>\n<h3>\u2753 <strong>Ofte stillede sp\u00f8rgsm\u00e5l om vores helikopterture<\/strong><\/h3>\n<ul>\n<li><strong>Hvad er inkluderet i helikopterturen?<\/strong> Hver flypakke inkluderer helikoptertur, pilotkommentarer (tilg\u00e6ngelige p\u00e5 engelsk og spansk) og alt n\u00f8dvendigt sikkerhedsudstyr. Der er mulighed for at tilk\u00f8be foto- og videopakker, s\u00e5 du kan forevige din oplevelse.<\/li>\n<li><strong>Hvad skal jeg tage med p\u00e5 min helikoptertur?<\/strong> Vi anbefaler, at du har behageligt t\u00f8j p\u00e5, som passer til vejret p\u00e5 dagen for din flyvning, lukkede sko og solbriller. Glem ikke dit kamera eller din smartphone, s\u00e5 du kan tage billeder af den fantastiske udsigt!<\/li>\n<li><strong>Er der nogen alders- eller v\u00e6gtbegr\u00e6nsninger?<\/strong> Vores helikopterture er velegnede til alle aldre. Af sikkerhedsm\u00e6ssige \u00e5rsager er der en v\u00e6gtgr\u00e6nse p\u00e5 110 kg pr. passager. Hvis en passager overskrider denne v\u00e6gt, kan det v\u00e6re n\u00f8dvendigt at bestille et ekstra s\u00e6de.<\/li>\n<li><strong>Kan jeg bede om en bestemt rute eller skr\u00e6ddersy min tur?<\/strong> Ja, vi tilbyder skr\u00e6ddersyede ture, hvor du kan v\u00e6lge specifikke sev\u00e6rdigheder, du gerne vil se. Kontakt os for at dr\u00f8fte dine pr\u00e6ferencer, s\u00e5 vil vi g\u00f8re vores bedste for at im\u00f8dekomme dine \u00f8nsker.<\/li>\n<li><strong>Hvad sker der, hvis vejret er d\u00e5rligt p\u00e5 turdagen?<\/strong> Sikkerhed er vores h\u00f8jeste prioritet. I tilf\u00e6lde af d\u00e5rlige vejrforhold kan turene blive flyttet eller aflyst. Hvis vi aflyser en tur, vil du blive tilbudt fuld refusion eller mulighed for at booke p\u00e5 en anden dato.<\/li>\n<li><strong>Hvor sikre er helikopterture?<\/strong> Sikkerhed er altafg\u00f8rende hos <strong>CanaryVIP.<\/strong> Piloterne er veluddannede, og helikopterne vedligeholdes i henhold til strenge lovm\u00e6ssige standarder. Vi gennemf\u00f8rer omfattende sikkerhedsbriefinger f\u00f8r hver flyvning.<\/li>\n<\/ul>\n<h4><strong>\ud83c\udf1e Klar til at stige til vejrs?<\/strong><\/h4>\n<p>Oplev det ultimative eventyr med <strong>CanaryVIP's<\/strong> helikopterture. Uanset om du vil indfange kystlinjerne, udforske bjergudsigter eller s\u00f8ge en unik m\u00e5de at fejre en s\u00e6rlig begivenhed p\u00e5, har vi den perfekte flyvetur til dig.<\/p>\n<p>Book din tur i dag, og kom op i luften og f\u00e5 en uforglemmelig oplevelse p\u00e5 Tenerife.<\/p>","protected":false},"excerpt":{"rendered":"<p>\ud83d\udd0d <strong>Helikoptertur p\u00e5 Tenerife:<br \/>\n<\/strong>\u2705 Sikker betaling.<br \/>\n\ud83d\udc65 Op til 4 g\u00e6ster pr. fly.<br \/>\n\ud83d\ude80 Fra 8 til 50 minutters flyvning.<br \/>\n\ud83c\udfde\ufe0f Flyv over strande og vulkaner.<br \/>\n\ud83d\udd59 Afgang kl. 10-11.<br \/>\n\ud83d\udcc5 Flyvninger er tilg\u00e6ngelige dagligt.<br \/>\n\ud83e\udd47 Muligheder for privatflyvning.<br \/>\n\ud83e\udd11 Konkurrencedygtige priser.<br \/>\n\ud83d\udc6a Velegnet til familier og grupper.<br \/>\n\ud83d\udd01 7 dages afbestillingspolitik.<br \/>\n\ud83c\udf0d Engelsk og spansk guide.<br \/>\n\ud83c\udf1f Book tidligt og spar!<br \/>\n\ud83d\udccd L\u00f8ft af fra <a href=\"https:\/\/maps.app.goo.gl\/JeZ8mY9P1jTF557e8\">Adeje<\/a>.<\/p>","protected":false},"featured_media":11296,"comment_status":"open","ping_status":"closed","template":"","meta":{"_acf_changed":false},"product_brand":[],"product_cat":[82],"product_tag":[],"class_list":{"0":"post-11288","1":"product","2":"type-product","3":"status-publish","4":"has-post-thumbnail","6":"product_cat-fun-activities","7":"wcpa_has_options","9":"first","10":"instock","11":"virtual","12":"purchasable","13":"product-type-simple"},"acf":[],"wcpa_form_fields":{"wcpaData":{"product":{"product_price":110,"price_html":"From&nbsp;<span class=\"woocommerce-Price-amount amount\"><bdi>110,00&nbsp;<span class=\"woocommerce-Price-currencySymbol\">&euro;<\/span><\/bdi><\/span>","original_product_price":110,"price_including_tax":110,"price_excluding_tax":110,"product_id":{"parent":11288,"variation":false},"is_variable":false,"stock_status":"instock","stock_quantity":null,"parent_sku":"CV11288","product_attributes":[],"custom_fields":[],"is_taxable":false,"product_name":"Helicopter Tour Tenerife","hasImage":false},"fields":{"sec_06627d7baa7f97":{"extra":{"key":"sec_06627d7baa7f97","section_id":"sec_06627d7baa7f97","name":"Default","status":1,"cl_rule":"show","enableCl":false,"relations":[],"toggle":true,"title_tag":"h3","show_title":false,"showPrice":"default","form_id":11343,"form_rules":{"exclude_from_discount":true,"fee_label":"Fee","disp_hide_options_price":true,"disp_show_section_price":false,"disp_show_field_price":true,"layout_option":"standard","pric_use_as_fee":false,"process_fee_as":"woo_fee"},"layout_option":"standard"},"fields":[[{"label":"\ud83d\udcc5 Date","active":true,"required":true,"elementId":"date_76627d7baa7fb8","picker_type":"custom","picker_mode":"single","placeholder":"","description":"","tooltip":"","name":"date_76627d7baa7fb8","label_position":"default","desc_position":"default","enablePrice":false,"className":"","enableCl":false,"relations":[{"operator":"and","rules":[{"operator":"AND","rules":{"cl_field":"radio-group_106627d7baa7fc7","cl_relation":"is","cl_val":"3 Hour Trip"}}]}],"date_pic_inline":true,"date_pic_inline_hide":true,"min_date":{"type":"days","val":"1"},"max_date":{"type":"days","val":"365"},"date_pic_conf":{"disabledWeeks":[0],"disabledDates":["2024-05-23 to 2024-06-02","2025-03-18 to 2025-03-20","2025-09-17 to 2025-09-19"]},"price":"","cl_rule":"show","col":6,"type":"date","error":false,"enableDesign":false,"LabelColor":"","date_conf_custom":{"minDate":"let d = new Date();\nd.setHours(0, 0, 0, 0);\nif (new Date().getHours() >= 17) {\n  d.setDate(d.getDate() + 2);\n} else {\n  d.setDate(d.getDate() + 1);\n}\nreturn d;"},"isWeightTemplate":false,"isTemplate":false,"min_quantity":"1","quantity_decimal":false,"quantity_step":"1","quantity_label":"Quantity","repeater_field_label":"{field_label}","repeater_bind":"","gt_translate_keys":["label","placeholder","description","tooltip","repeater_field_label","quantity_label"],"price_dependency":false,"cl_dependency":["textarea_5613841028"],"value":""}]]},"sec_h20481d279":{"extra":{"key":"sec_h20481d279","section_id":"sec_h20481d279","name":"DESDE 1 DE MAYO 2026","status":1,"cl_rule":"show","enableCl":false,"relations":[{"operator":false,"rules":[{"operator":"AND","rules":{"cl_field":"date_76627d7baa7fb8","cl_relation":"is_greater_or_equal","cl_val":"2026-05-01"}}]}],"toggle":true,"title_tag":"h3","show_title":false,"showPrice":"default","repeater_section_field_label":"{field_label}","repeater_section_label":"{section_name}","repeater_bind":"","form_id":11343,"form_rules":{"exclude_from_discount":true,"fee_label":"Fee","disp_hide_options_price":true,"disp_show_section_price":false,"disp_show_field_price":true,"layout_option":"standard","pric_use_as_fee":false,"process_fee_as":"woo_fee"},"layout_option":"standard"},"fields":[[{"label":"\u231b\ufe0f Trip Duration","active":true,"required":true,"elementId":"radio-group-0408498022","description":"","name":"radio-group-0408498022","label_position":"default","desc_position":"default","enablePrice":false,"className":"","enableCl":false,"relations":[{"operator":false,"rules":[{"operator":"AND","rules":{"cl_field":"","cl_relation":"","cl_val":""}}]}],"enableDesign":false,"checkUi":"toggle","layOut":"","options_description":true,"show_selected_option":false,"other":false,"scrollBar":false,"values":[{"label":"Souther Coasts - 20km (110\u20ac)","value":"Souther Coasts","selected":false,"tempId":"aco_32","description":"Explore top sights in just 8 minutes, including El Puertito de Arme\u00f1ime, La Caleta, Puerto Col\u00f3n, Playa de las Am\u00e9ricas, and Playa de los Cristianos. Experience vibrant marinas, serene beaches, and stunning views.","gt_translate_keys":["label","description"]},{"label":"Beaches and Ravines - 30km (159\u20ac)","value":"Beaches and Ravines","selected":false,"tempId":"aco_33","description":"Embark on a 12-minute journey to discover La Caleta, Puerto Col\u00f3n, Playa de las Am\u00e9ricas, Playa de los Cristianos, thrilling water parks, Roque del Conde, Los Dedos de Ifonche, and Barranco del Agua. Enjoy a mix of beaches, natural landmarks, and adventure spots.","gt_translate_keys":["label","description"]},{"label":"Los Gigantes - 50km (295\u20ac)","value":"Los Gigantes","selected":false,"tempId":"aco_838","description":"In 20 minutes, explore a range of attractions from Golf Costa Adeje to La Caleta, Playa San Juan, Alcal\u00e1, and Port of Santiago. Continue to Los Gigantes, Tamaimo, and enjoy spectacular views of the Teide volcano before concluding with a scenic coastal return.","gt_translate_keys":["label","description"]},{"label":"Lower Island - 85km (430\u20ac)","value":"Lower Island","selected":false,"tempId":"aco_1271","description":"Over a 30-minute helicopter tour, soar above beautiful spots such as Golf Costa Adeje, La Caleta, and Playa San Juan, continue over Alcal\u00e1 and Puerto Santiago, and admire the majestic cliffs at Los Gigantes. Fly through Santiago del Teide, Buenavista del Norte, and Garachico to view Chinyero Volcano, concluding with a scenic flight through the lush Corona Forestal.","gt_translate_keys":["label","description"]},{"label":"Teide Luxury - 120km (545\u20ac)","value":"Teide Luxury","selected":false,"tempId":"aco_1668","description":"Enjoy a 45-minute helicopter tour featuring iconic destinations like Golf Costa Adeje, La Caleta, and San Juan. Fly over Alcal\u00e1 Beach and Puerto Santiago, then on to Santiago del Teide. Take in stunning views of Teno before heading to Buenavista del Norte and Garachico. Conclude your aerial adventure with a return flight through the verdant Corona Forestal.","gt_translate_keys":["label","description"]}],"price":"","cl_rule":"show","col":6,"type":"radio-group","isWeightTemplate":false,"error":false,"isTemplate":false,"min_quantity":"1","quantity_decimal":false,"quantity_step":"1","quantity_label":"Quantity","repeater_field_label":"{field_label}","repeater_bind":"","gt_translate_keys":["label","description","repeater_field_label","quantity_label"],"price_dependency":false,"cl_dependency":["radio-group-0408498034","radio-group-0408498035","radio-group-0408498046","radio-group-0408498057","radio-group-0408498058"],"value":""}],[{"elementId":"separator-0408498023","separatorType":"blank","className":"","height":"10","enableCl":false,"relations":false,"cl_rule":"show","col":6,"type":"separator","gt_translate_keys":[],"price_dependency":false,"cl_dependency":false,"value":""}],[{"label":"","active":true,"required":true,"elementId":"radio-group-0408498034","name":"radio-group-0408498034","label_position":"default","desc_position":"default","enablePrice":true,"className":"","enableCl":true,"relations":[{"operator":false,"rules":[{"operator":"AND","rules":{"cl_field":"radio-group-0408498022","cl_relation":"is","cl_val":"Souther Coasts"}}]}],"enable_quantity":true,"quantity_label":"","min_quantity":"0","checkUi":"button","layOut":"","options_tooltip":true,"options_description":true,"values":[{"label":"\ud83d\udc64 People (110\u20ac)","value":"People (98\u20ac)","selected":true,"tempId":"aco_32","tooltip":"","description":"","gt_translate_keys":["label","tooltip","description"]}],"priceOptions":"fixed_for_all","pricingType":"fixed","price":"110","cl_rule":"show","col":6,"type":"radio-group","isWeightTemplate":false,"error":false,"isTemplate":false,"quantity_decimal":false,"quantity_step":"1","repeater_field_label":"{field_label}","repeater_bind":"","gt_translate_keys":["label","repeater_field_label","quantity_label"],"price_dependency":false,"cl_dependency":false,"value":""}],[{"label":"","active":true,"required":true,"elementId":"radio-group-0408498035","name":"radio-group-0408498035","label_position":"default","desc_position":"default","enablePrice":true,"className":"","enableCl":true,"relations":[{"operator":false,"rules":[{"operator":"AND","rules":{"cl_field":"radio-group-0408498022","cl_relation":"is","cl_val":"Beaches and Ravines"}}]}],"enable_quantity":true,"quantity_label":"","min_quantity":"0","checkUi":"button","layOut":"","options_tooltip":true,"options_description":true,"values":[{"label":"\ud83d\udc64 People (159\u20ac)","value":"People (145\u20ac)","selected":true,"tempId":"aco_32","tooltip":"","description":"","gt_translate_keys":["label","tooltip","description"]}],"priceOptions":"fixed_for_all","pricingType":"fixed","price":"159","cl_rule":"show","col":6,"type":"radio-group","isWeightTemplate":false,"error":false,"isTemplate":false,"quantity_decimal":false,"quantity_step":"1","repeater_field_label":"{field_label}","repeater_bind":"","gt_translate_keys":["label","repeater_field_label","quantity_label"],"price_dependency":false,"cl_dependency":false,"value":""}],[{"label":"","active":true,"required":true,"elementId":"radio-group-0408498046","name":"radio-group-0408498046","label_position":"default","desc_position":"default","enablePrice":true,"className":"","enableCl":true,"relations":[{"operator":false,"rules":[{"operator":"AND","rules":{"cl_field":"radio-group-0408498022","cl_relation":"is","cl_val":"Los Gigantes"}}]}],"enable_quantity":true,"quantity_label":"","min_quantity":"0","checkUi":"button","layOut":"","options_tooltip":true,"options_description":true,"values":[{"label":"\ud83d\udc64 People (295\u20ac)","value":"People (279\u20ac)","selected":true,"tempId":"aco_32","tooltip":"","description":"","gt_translate_keys":["label","tooltip","description"]}],"priceOptions":"fixed_for_all","pricingType":"fixed","price":"295","cl_rule":"show","col":6,"type":"radio-group","isWeightTemplate":false,"error":false,"isTemplate":false,"quantity_decimal":false,"quantity_step":"1","repeater_field_label":"{field_label}","repeater_bind":"","gt_translate_keys":["label","repeater_field_label","quantity_label"],"price_dependency":false,"cl_dependency":false,"value":""}],[{"label":"","active":true,"required":true,"elementId":"radio-group-0408498057","name":"radio-group-0408498057","label_position":"default","desc_position":"default","enablePrice":true,"className":"","enableCl":true,"relations":[{"operator":false,"rules":[{"operator":"AND","rules":{"cl_field":"radio-group-0408498022","cl_relation":"is","cl_val":"Lower Island"}}]}],"enable_quantity":true,"quantity_label":"","min_quantity":"0","checkUi":"button","layOut":"","options_tooltip":true,"options_description":true,"values":[{"label":"\ud83d\udc64 People (430\u20ac)","value":"People (390\u20ac)","selected":true,"tempId":"aco_32","tooltip":"","description":"","gt_translate_keys":["label","tooltip","description"]}],"priceOptions":"fixed_for_all","pricingType":"fixed","price":"430","cl_rule":"show","col":6,"type":"radio-group","isWeightTemplate":false,"error":false,"isTemplate":false,"quantity_decimal":false,"quantity_step":"1","repeater_field_label":"{field_label}","repeater_bind":"","gt_translate_keys":["label","repeater_field_label","quantity_label"],"price_dependency":false,"cl_dependency":false,"value":""}],[{"label":"","active":true,"required":true,"elementId":"radio-group-0408498058","name":"radio-group-0408498058","label_position":"default","desc_position":"default","enablePrice":true,"className":"","enableCl":true,"relations":[{"operator":false,"rules":[{"operator":"AND","rules":{"cl_field":"radio-group-0408498022","cl_relation":"is","cl_val":"Teide Luxury"}}]}],"enable_quantity":true,"quantity_label":"","min_quantity":"0","checkUi":"button","layOut":"","options_tooltip":true,"options_description":true,"values":[{"label":"\ud83d\udc64 People (545\u20ac)","value":"People (495\u20ac)","selected":true,"tempId":"aco_32","tooltip":"","description":"","gt_translate_keys":["label","tooltip","description"]}],"priceOptions":"fixed_for_all","pricingType":"fixed","price":"545","cl_rule":"show","col":6,"type":"radio-group","isWeightTemplate":false,"error":false,"isTemplate":false,"quantity_decimal":false,"quantity_step":"1","repeater_field_label":"{field_label}","repeater_bind":"","gt_translate_keys":["label","repeater_field_label","quantity_label"],"price_dependency":false,"cl_dependency":false,"value":""}]]},"sec_26627d7baa803f":{"extra":{"key":"sec_26627d7baa803f","section_id":"sec_26627d7baa803f","name":"Departure","status":1,"cl_rule":"show","enableCl":false,"relations":[],"toggle":true,"title_tag":"h4","show_title":false,"showPrice":"default","form_id":11343,"form_rules":{"exclude_from_discount":true,"fee_label":"Fee","disp_hide_options_price":true,"disp_show_section_price":false,"disp_show_field_price":true,"layout_option":"standard","pric_use_as_fee":false,"process_fee_as":"woo_fee"},"layout_option":"standard"},"fields":[[{"active":true,"col":6,"relations":false,"cl_rule":"show","enableCl":false,"price":"","enablePrice":false,"className":"","label_position":"default","desc_position":"default","type":"separator","required":false,"elementId":"separator_106627d7baa8049","label":"Separator Field","height":"5","separatorType":"blank","error":false,"gt_translate_keys":["label"],"price_dependency":false,"cl_dependency":false,"value":""}],[{"active":true,"col":6,"relations":[{"operator":false,"rules":[{"operator":"AND","rules":{"cl_field":"radio-group_106627d7baa7fc7","cl_relation":"is","cl_val":"3 Hour Trip"}}]}],"cl_rule":"show","enableCl":false,"price":"","enablePrice":false,"className":"","label_position":"default","desc_position":"default","type":"select","required":false,"elementId":"select_96627d7baa8052","label":"\u23f0 Departure Time","name":"select_96627d7baa8052","values":[{"label":"Morning","value":"Morning","selected":false,"tempId":"aco_1074","gt_translate_keys":["label"]}],"dropdown_type":"basic","error":false,"placeholder":"","gt_translate_keys":["label","placeholder"],"price_dependency":false,"cl_dependency":false,"value":""}],[{"active":true,"col":6,"relations":false,"cl_rule":"show","enableCl":false,"price":"","enablePrice":false,"className":"","label_position":"default","desc_position":"default","type":"separator","required":false,"elementId":"separator_7627431357","label":"Separator Field","height":"2","separatorType":"blank","error":false,"gt_translate_keys":["label"],"price_dependency":false,"cl_dependency":false,"value":""}],[{"active":true,"col":6,"relations":[{"operator":false,"rules":[{"operator":"AND","rules":{"cl_field":"date_76627d7baa7fb8","cl_relation":"is_not_empty","cl_val":""}}]}],"cl_rule":"show","enableCl":true,"price":"","enablePrice":false,"className":"","label_position":"default","desc_position":"default","type":"textarea","required":true,"elementId":"textarea_5613841028","label":"\ud83d\ude4b\ud83c\udffd\u200d\u2642\ufe0f Weight","name":"textarea_5613841028","value":"","rows":2,"error":false,"description":"Passenger weight is required. The maximum allowed per person is 110 kg. If a passenger weighs more than 110 kg, a surcharge equivalent to half of an additional ticket will apply.","placeholder":"For example:\n90kg\n77kg","isWeightTemplate":false,"isTemplate":false,"min_quantity":"1","quantity_decimal":false,"quantity_step":"1","quantity_label":"Quantity","repeater_field_label":"{field_label}","repeater_bind":"","gt_translate_keys":["label","placeholder","description","value","repeater_field_label","quantity_label"],"price_dependency":false,"cl_dependency":false}]]}},"config":{"price_override":"always","enable_recaptcha":false,"bind_quantity":false,"quantity_bind_formula":false,"disp_summ_show_option_price":true,"disp_summ_show_product_price":false,"disp_summ_show_total_price":true,"disp_summ_show_fee":true,"disp_summ_show_discount":true,"summary_title":"","options_total_label":"Options Price","total_label":"Total Amount","options_product_label":"Product Price","fee_label":"Fee","discount_label":"Discount","has_price":true,"has_quantity_formula":false},"mc_unit":1,"tax_rate":1,"tax_rate_real":1,"discount":{"percentage":0,"fixed":0},"design":{"conf":{"LabelPosition":"above","DescPosition":"above","UploadField":"custom_1","QuantityFieldStyle":"custom_1"},"css":{"LeftLabelWidth":"120px"}},"formulas":[],"lookuptables":[],"clones":false,"cartKey":false}},"_links":{"self":[{"href":"https:\/\/canaryvip.com\/da\/wp-json\/wp\/v2\/product\/11288","targetHints":{"allow":["GET"]}}],"collection":[{"href":"https:\/\/canaryvip.com\/da\/wp-json\/wp\/v2\/product"}],"about":[{"href":"https:\/\/canaryvip.com\/da\/wp-json\/wp\/v2\/types\/product"}],"replies":[{"embeddable":true,"href":"https:\/\/canaryvip.com\/da\/wp-json\/wp\/v2\/comments?post=11288"}],"wp:featuredmedia":[{"embeddable":true,"href":"https:\/\/canaryvip.com\/da\/wp-json\/wp\/v2\/media\/11296"}],"wp:attachment":[{"href":"https:\/\/canaryvip.com\/da\/wp-json\/wp\/v2\/media?parent=11288"}],"wp:term":[{"taxonomy":"product_brand","embeddable":true,"href":"https:\/\/canaryvip.com\/da\/wp-json\/wp\/v2\/product_brand?post=11288"},{"taxonomy":"product_cat","embeddable":true,"href":"https:\/\/canaryvip.com\/da\/wp-json\/wp\/v2\/product_cat?post=11288"},{"taxonomy":"product_tag","embeddable":true,"href":"https:\/\/canaryvip.com\/da\/wp-json\/wp\/v2\/product_tag?post=11288"}],"curies":[{"name":"wp","href":"https:\/\/api.w.org\/{rel}","templated":true}]}}