{"id":11261,"date":"2024-04-14T23:07:38","date_gmt":"2024-04-14T22:07:38","guid":{"rendered":"https:\/\/canaryvip.com\/?post_type=product&#038;p=11261"},"modified":"2025-06-29T14:59:11","modified_gmt":"2025-06-29T13:59:11","slug":"gladiux-show-tenerife","status":"publish","type":"product","link":"https:\/\/canaryvip.com\/da\/shop\/gladiux-show-tenerife\/","title":{"rendered":"Gladiux Show Tenerife"},"content":{"rendered":"<h2>\ud83d\udee1\ufe0f Oplev sp\u00e6ndingen fra det gamle Rom: Gladiux Show Tenerife<\/h2>\n<p>Tag med p\u00e5 en sp\u00e6ndende rejse tilbage til det gamle Rom med vores Gladiux Show i det majest\u00e6tiske <strong>Gladiux Xanadu p\u00e5 Tenerife.<\/strong> Dette show er perfekt for historieentusiaster og dem, der leder efter en aften med unik underholdning, og det kombinerer sp\u00e6ndingen fra gladiatorkampe med elegancen fra middelalderens musik og dans.<\/p>\n<h3>\ud83c\udfdf\ufe0f A Night of Roman Valor: Rejseplan og h\u00f8jdepunkter<\/h3>\n<ul>\n<li><strong>Tidsplan:<\/strong> Kom med om onsdagen kl. 21.00 til en adrenalinpumpende opvisning eller om l\u00f8rdagen kl. 19.30 til vores mest popul\u00e6re fest med en overd\u00e5dig grillmiddag.<\/li>\n<li><strong>Placering:<\/strong> Gladiux Xanadu ligger kun 20 minutter fra Costa Adeje og byder p\u00e5 maleriske omgivelser, der f\u00f8rer dig direkte tilbage til gladiatorernes og de romerske vognes tid.<\/li>\n<li><strong>K\u00f8kken:<\/strong> Nyd en blandet grillmiddag om l\u00f8rdagen, eller v\u00e6lg at spise \u00e0 la carte om onsdagen. Suppler dit m\u00e5ltid med et udvalg af sangria, vin og l\u00e6skedrikke.<\/li>\n<\/ul>\n<h3>\ud83c\udf9f\ufe0f Skr\u00e6ddersy din gladiatoroplevelse<\/h3>\n<ul>\n<li><strong>Billetter:<\/strong> Fordyb dig i den sp\u00e6ndende atmosf\u00e6re i Gladiux Xanadu med vores fleksible billetmuligheder, der er designet til at im\u00f8dekomme en r\u00e6kke forskellige pr\u00e6ferencer og gruppest\u00f8rrelser.<\/li>\n<li><strong>Gruppebookinger:<\/strong> Perfekt til firmaarrangementer, private fester, f\u00f8dselsdage og meget mere. Tilpas din begivenhed med tematiske gladiatorkostumer, engagerende optr\u00e6den og skr\u00e6ddersyede underholdningspakker. Bes\u00f8g CanaryVIP <a href=\"https:\/\/canaryvip.com\/da\/contact\/\">kontaktside<\/a> for detaljerede oplysninger og for at planl\u00e6gge en uforglemmelig oplevelse, der er skr\u00e6ddersyet til dine specifikke behov.<\/li>\n<\/ul>\n<h3>\ud83d\udde1\ufe0f Dyk ind i arenaen<\/h3>\n<ul>\n<li><strong>Kampene:<\/strong> Oplev sp\u00e6ndende gladiatorkampe udf\u00f8rt af dygtige ryttere, designet til at vise den romerske kamps storhed uden at g\u00e5 p\u00e5 kompromis med sikkerheden.<\/li>\n<li><strong>Interaktiv underholdning:<\/strong> M\u00e6rk pulsen fra det gamle Rom, n\u00e5r du st\u00f8tter din yndlingsgladiator midt i sammenst\u00f8det mellem st\u00e5l og jubel.<\/li>\n<\/ul>\n<h3>\ud83c\udf89 Event-hosting hos Gladiux Xanadu<\/h3>\n<ul>\n<li><strong>Private arrangementer:<\/strong> Gladiux Xanadu er ikke kun et spektakul\u00e6rt showsted, men kan ogs\u00e5 bookes privat. Ideel til temafester med gladiatorkostumer og forestillinger, der er skr\u00e6ddersyet til dine behov.<\/li>\n<\/ul>\n<h3>\ud83c\udf56 Fest som en romer<\/h3>\n<p><strong>Menuindstillinger:<\/strong> Fork\u00e6l dig selv med vores s\u00e6rlige grillede blanding l\u00f8rdag aften, eller v\u00e6lg mellem vores vegetariske og glutenfri muligheder hver aften. Nyd traditionelle romerske retter parret med lokale delikatesser.<\/p>\n<p><strong>MIDDAG:<\/strong><\/p>\n<ul>\n<li><strong>Velkommen til:<\/strong> Et glas cava<\/li>\n<li><strong>Starter:<\/strong> Br\u00f8d og sm\u00f8r<\/li>\n<li><strong>Specialitet:<\/strong>\n<ul>\n<li><strong>F\u00f8rste ret:<\/strong> Gr\u00f8ntsagssuppe<\/li>\n<li><strong>Anden ret:<\/strong> K\u00f8d p\u00e5 grill: Kylling, svinekotelet og grillet chorizo, tomat- og ostesalat, chips, Xanad\u00fa kanarisk mojo<\/li>\n<\/ul>\n<\/li>\n<li><strong>Dessert:<\/strong> Typisk kanarisk vaniljecreme og fl\u00f8de<\/li>\n<li><strong>Drikkevarer:<\/strong> Vin, sangria, forfriskninger, \u00f8l og vand<\/li>\n<\/ul>\n<p><strong>Valgfrit:<\/strong> Vegetarisk\/glutenfri menu<\/p>\n<h3>\u2696\ufe0f Booking- og afbestillingspolitik<\/h3>\n<ul>\n<li><strong>Forh\u00e5ndsbestilling:<\/strong> Sikr dig dine pladser tidligt gennem <strong>CanaryVIP<\/strong> for at nyde godt af konkurrencedygtige priser og sikre et veltilrettelagt bes\u00f8g.<\/li>\n<li><strong>Fleksible aflysninger:<\/strong> Vi tilbyder gratis afbestilling op til 24 timer f\u00f8r din bookede session for individuelle bookinger og udvidede afbestillingsmuligheder for grupper. Se vores detaljerede politik for gruppeaflysninger p\u00e5 vores hjemmeside.<\/li>\n<\/ul>\n<h3>\ud83d\ude97 Planl\u00e6g dit bes\u00f8g<\/h3>\n<ul>\n<li><strong>Adgang til placering:<\/strong> Gladiux Xanadu er let tilg\u00e6ngelig med gratis parkering p\u00e5 stedet eller en valgfri shuttleservice mod et nominelt gebyr fra det sydlige Tenerife.<\/li>\n<li><strong>Event-aftener:<\/strong> Gladiux-shows er tilg\u00e6ngelige hver onsdag og l\u00f8rdag, og de andre dage er der \u00e5bent for afslappet spisning eller rideoplevelser p\u00e5 stedet.<\/li>\n<\/ul>\n<h3>\ud83c\udf1f Tr\u00e6d ind i historiens arena<\/h3>\n<p>G\u00e5 ikke glip af denne unikke mulighed for at opleve en aften med historisk drama og romersk spektakel ved Gladiux Show Tenerife.<\/p>\n<p>Reserver din plads i dag, og lad de gamle gladiatorers storhed og middelalderens festivitas berige dit rejseeventyr. Book nu og s\u00f8rg for en uforglemmelig aften med historie, skuespil og kulinariske l\u00e6kkerier! \ud83c\udff0\ud83c\udf57<\/p>","protected":false},"excerpt":{"rendered":"<p>\ud83d\udd0d <strong>H\u00f8jdepunkter fra Gladiux-showet:<\/strong><br \/>\n\u2705 Sikker betaling.<br \/>\n\ud83d\udd25 Sp\u00e6ndende gladiatorkampe.<br \/>\n\ud83d\udcc5 Onsdage og l\u00f8rdage.<br \/>\n\u23f0 Udstilling: 19:30 - 21:00.<br \/>\n\ud83c\udf56 Grillet middag inkluderet.<br \/>\n\ud83c\udf77 Sangria, vin og l\u00e6skedrikke.<br \/>\n\ud83c\udf0d Viser p\u00e5 engelsk.<br \/>\n\ud83d\ude97 Gratis parkering og valgfri transport.<br \/>\n\ud83e\udd11 Garanteret bedste pris.<br \/>\n\ud83d\udc65 Grupperabatter er tilg\u00e6ngelige.<br \/>\n\ud83d\udd04 Gratis afbestilling op til 24 timer.<br \/>\n\ud83c\udf1f Reserver tidligt, popul\u00e6r begivenhed!<br \/>\n\ud83c\udfdb\ufe0f Lokalitet p\u00e5 <a href=\"https:\/\/maps.app.goo.gl\/R9fiHWAcP4tLy9Mu9\">Xanadu<\/a>Tenerife.<\/p>","protected":false},"featured_media":11279,"comment_status":"open","ping_status":"closed","template":"","meta":{"_acf_changed":false},"product_brand":[],"product_cat":[59],"product_tag":[],"class_list":{"0":"post-11261","1":"product","2":"type-product","3":"status-publish","4":"has-post-thumbnail","6":"product_cat-evening-shows","7":"wcpa_has_options","9":"first","10":"instock","11":"virtual","12":"purchasable","13":"product-type-simple"},"acf":[],"wcpa_form_fields":{"wcpaData":{"product":{"product_price":35,"price_html":"From&nbsp;<span class=\"woocommerce-Price-amount amount\"><bdi>35,00&nbsp;<span class=\"woocommerce-Price-currencySymbol\">&euro;<\/span><\/bdi><\/span>","original_product_price":35,"price_including_tax":35,"price_excluding_tax":35,"product_id":{"parent":11261,"variation":false},"is_variable":false,"stock_status":"instock","stock_quantity":null,"parent_sku":"CV11261","product_attributes":[],"custom_fields":[],"is_taxable":false,"product_name":"Gladiux Show Tenerife","hasImage":false},"fields":{"sec_h102qb2r1b7":{"extra":{"key":"sec_h102qb2r1b7","section_id":"sec_h102qb2r1b7","name":"Calendar","status":1,"cl_rule":"show","enableCl":false,"relations":[],"toggle":true,"title_tag":"h4","show_title":false,"showPrice":"default","form_id":11474,"form_rules":{"exclude_from_discount":true,"fee_label":"Fee","disp_hide_options_price":true,"disp_show_section_price":false,"disp_show_field_price":true,"layout_option":"standard","pric_use_as_fee":false,"process_fee_as":"woo_fee"},"layout_option":"standard"},"fields":[[{"active":true,"col":6,"relations":false,"cl_rule":"show","enableCl":false,"price":"","enablePrice":false,"className":"","label_position":"default","desc_position":"default","type":"content","required":false,"elementId":"content_8084577962","label":"","name":"content_8084577962","contentType":"rich","value":"<p><strong>Show not available at this moment.<\/strong><\/p>","error":false,"enableDesign":true,"DescColor":"#ff0700","gt_translate_keys":["label","value"],"price_dependency":false,"cl_dependency":false}],[{"label":"\ud83d\udcc5 Date","active":true,"required":true,"elementId":"date_96641647ba4193","picker_type":"custom","picker_mode":"single","placeholder":"","description":"","tooltip":"","name":"date_96641647ba4193","label_position":"default","desc_position":"default","enablePrice":false,"className":"","enableCl":false,"relations":[{"operator":"and","rules":[{"operator":"AND","rules":{"cl_field":"radio-group_96641647ba41a2","cl_relation":"is_not_empty","cl_val":"3 Hour Trip"}}]}],"date_pic_inline":true,"date_pic_inline_hide":true,"min_date":{"type":"days","val":"3"},"max_date":{"type":"days","val":"365"},"date_pic_conf":{"disabledWeeks":[0,1,2,3,4,5,6]},"price":"","cl_rule":"show","col":6,"type":"date","error":false,"enableDesign":false,"LabelColor":"","gt_translate_keys":["label","placeholder","description","tooltip"],"price_dependency":false,"cl_dependency":[false,false],"value":""}]]},"sec_106641647ba41a3":{"extra":{"key":"sec_106641647ba41a3","section_id":"sec_106641647ba41a3","name":"Regular","status":1,"cl_rule":"show","enableCl":true,"relations":[{"operator":false,"rules":[{"operator":"AND","rules":{"cl_field":"date_96641647ba4193","cl_relation":"is_not_empty","cl_val":""}}]}],"toggle":true,"title_tag":"h4","show_title":false,"showPrice":"default","form_id":11474,"form_rules":{"exclude_from_discount":true,"fee_label":"Fee","disp_hide_options_price":true,"disp_show_section_price":false,"disp_show_field_price":true,"layout_option":"standard","pric_use_as_fee":false,"process_fee_as":"woo_fee"},"layout_option":"standard"},"fields":[[{"active":true,"col":6,"relations":false,"cl_rule":"show","enableCl":false,"price":"","enablePrice":false,"className":"","label_position":"default","desc_position":"default","type":"separator","required":false,"elementId":"separator_76641647ba41af","label":"Separator Field","height":"1","separatorType":"blank","error":false,"gt_translate_keys":["label"],"price_dependency":false,"cl_dependency":false,"value":""}],[{"active":true,"col":6,"relations":false,"cl_rule":"show","enableCl":false,"price":"","enablePrice":false,"className":"","label_position":"default","desc_position":"default","type":"content","required":false,"elementId":"content_76641647ba41c3","label":"People","name":"content_76641647ba41c3","contentType":"plain","value":"","error":false,"show_in_checkout":true,"inline":false,"gt_translate_keys":["label","value"],"price_dependency":false,"cl_dependency":false}],[{"active":true,"col":6,"relations":[{"operator":false,"rules":[{"operator":"AND","rules":{"cl_field":"","cl_relation":"","cl_val":""}}]}],"cl_rule":"show","enableCl":false,"price":"45","enablePrice":true,"className":"","label_position":"default","desc_position":"default","type":"radio-group","required":false,"elementId":"radio-group_66641647ba41cd","label":"","name":"radio-group_66641647ba41cd","values":[{"label":"\ud83d\udc64 Adult (45\u20ac)","value":"Adult (45\u20ac)","selected":true,"tempId":"aco_32","tooltip":"+13 Years","description":"","gt_translate_keys":["label","tooltip","description"]}],"layOut":"","error":false,"checkUi":"button","priceOptions":"fixed_for_all","pricingType":"fixed","enable_quantity":true,"quantity_label":"","min_quantity":"0","options_tooltip":true,"options_description":true,"is_show_price":true,"isWeightTemplate":false,"isTemplate":false,"quantity_decimal":false,"quantity_step":"1","repeater_field_label":"{field_label}","repeater_bind":"","gt_translate_keys":["label","repeater_field_label","quantity_label"],"price_dependency":["content_3820311617","content-5561342072","content-5624102109"],"cl_dependency":false,"value":""}],[{"label":"","active":true,"required":false,"elementId":"radio-group_46641647ba41d8","name":"radio-group_46641647ba41d8","label_position":"default","desc_position":"default","enablePrice":true,"className":"","enableCl":false,"relations":[{"operator":false,"rules":[{"operator":"AND","rules":{"cl_field":"","cl_relation":"","cl_val":""}}]}],"enable_quantity":true,"quantity_label":"","min_quantity":"0","checkUi":"button","layOut":"","options_tooltip":true,"options_description":true,"values":[{"label":"\ud83d\udc66 Child (22,50\u20ac)","value":"Child (22,50\u20ac)","selected":true,"tempId":"aco_32","tooltip":"4-12 Years","description":"","gt_translate_keys":["label","tooltip","description"]}],"priceOptions":"fixed_for_all","pricingType":"fixed","price":"22.50","cl_rule":"show","col":6,"type":"radio-group","error":false,"is_show_price":true,"isWeightTemplate":false,"isTemplate":false,"quantity_decimal":false,"quantity_step":"1","repeater_field_label":"{field_label}","repeater_bind":"","gt_translate_keys":["label","repeater_field_label","quantity_label"],"price_dependency":["content_3820311617","content-5561342072","content-5624102109"],"cl_dependency":false,"value":""}],[{"label":"","active":true,"required":false,"elementId":"radio-group-1941437839","name":"radio-group-1941437839","label_position":"default","desc_position":"default","enablePrice":true,"className":"","enableCl":false,"relations":[{"operator":false,"rules":[{"operator":"AND","rules":{"cl_field":"","cl_relation":"","cl_val":""}}]}],"enable_quantity":true,"quantity_label":"","min_quantity":"0","checkUi":"button","layOut":"","options_tooltip":true,"options_description":true,"values":[{"label":"\ud83d\udc76 Toddle (Free)","value":"Toddle (Free)","selected":true,"tempId":"aco_32","tooltip":"0-3 Years","description":"","gt_translate_keys":["label","tooltip","description"]}],"priceOptions":"fixed_for_all","pricingType":"fixed","price":"0","cl_rule":"show","col":6,"type":"radio-group","error":false,"is_show_price":true,"isWeightTemplate":false,"isTemplate":false,"quantity_decimal":false,"quantity_step":"1","repeater_field_label":"{field_label}","repeater_bind":"","gt_translate_keys":["label","repeater_field_label","quantity_label"],"price_dependency":false,"cl_dependency":false,"value":""}],[{"elementId":"separator_96641647ba41b9","separatorType":"fill","className":"","height":"6","enableCl":false,"relations":false,"cl_rule":"show","col":6,"type":"separator","error":false,"separatorColor":"#66a6b6","gt_translate_keys":[],"price_dependency":false,"cl_dependency":false,"value":""}],[{"active":true,"col":6,"relations":false,"cl_rule":"show","enableCl":false,"price":"({field.radio-group_66641647ba41cd.price}*0.3)+({field.radio-group_46641647ba41d8.price}*0.3)","enablePrice":true,"className":"","label_position":"default","desc_position":"default","type":"content","required":false,"elementId":"content_3820311617","label":"Deposit Now","name":"content_3820311617","contentType":"plain","value":"","error":false,"inline":true,"show_in_checkout":true,"subtype":"div","enableDesign":true,"LabelSize":"14px","pricingType":"custom","isTemplate":false,"gt_translate_keys":["label","value"],"price_dependency":false,"cl_dependency":false}],[{"contentType":"plain","active":true,"label":"Payment at Arrival","elementId":"content-5561342072","value":"","inline":true,"show_in_checkout":true,"name":"content-5561342072","enablePrice":true,"className":"","subtype":"div","enableCl":false,"relations":false,"enableDesign":true,"LabelSize":"14px","pricingType":"custom","isTemplate":false,"price":"({field.radio-group_66641647ba41cd.price}*0.7)+({field.radio-group_46641647ba41d8.price}*0.7)","cl_rule":"show","col":6,"type":"content","error":false,"is_show_price":true,"gt_translate_keys":["label","value"],"price_dependency":false,"cl_dependency":false}],[{"contentType":"plain","active":true,"label":"Total Amount","elementId":"content-5624102109","value":"","inline":true,"show_in_checkout":true,"name":"content-5624102109","enablePrice":true,"className":"","subtype":"div","enableCl":false,"relations":false,"enableDesign":true,"LabelSize":"14px","pricingType":"custom","isTemplate":false,"price":"({field.radio-group_66641647ba41cd.price})+({field.radio-group_46641647ba41d8.price})","is_show_price":true,"cl_rule":"show","col":6,"type":"content","error":false,"gt_translate_keys":["label","value"],"price_dependency":false,"cl_dependency":false}]]},"sec_26641647ba4202":{"extra":{"key":"sec_26641647ba4202","section_id":"sec_26641647ba4202","name":"Shuttle Service?","status":1,"cl_rule":"show","enableCl":true,"relations":[{"operator":false,"rules":[{"operator":"AND","rules":{"cl_field":"date_96641647ba4193","cl_relation":"is_not_empty","cl_val":""}}]}],"toggle":true,"title_tag":"h4","show_title":false,"showPrice":"default","form_id":11474,"form_rules":{"exclude_from_discount":true,"fee_label":"Fee","disp_hide_options_price":true,"disp_show_section_price":false,"disp_show_field_price":true,"layout_option":"standard","pric_use_as_fee":false,"process_fee_as":"woo_fee"},"layout_option":"standard"},"fields":[[{"active":true,"col":6,"relations":false,"cl_rule":"show","enableCl":false,"price":"","enablePrice":false,"className":"","label_position":"default","desc_position":"below","type":"checkbox","required":false,"elementId":"checkbox_16641647ba420b","label":"Bus Transfer? (15\u20ac)","name":"checkbox_16641647ba420b","value":"","check_value":"Yes","checkUi":"toggle","error":false,"description":"Pick-up from your hotel in south Tenerife. PAID AT ARRIVAL.","gt_translate_keys":["label","description","value","check_value"],"price_dependency":false,"cl_dependency":["content_106641647ba4214","radio-group_06641647ba421f","radio-group-1726047280","text_16641647ba4231"]}],[{"active":true,"col":6,"relations":false,"cl_rule":"show","enableCl":false,"price":"","enablePrice":false,"className":"","label_position":"default","desc_position":"default","type":"separator","required":false,"elementId":"separator_9863862717","label":"Separator Field","height":"5","separatorType":"blank","error":false,"gt_translate_keys":["label"],"price_dependency":false,"cl_dependency":false,"value":""}],[{"contentType":"plain","active":true,"label":"People for Bus Transfer (Paid at Arrival)","elementId":"content_106641647ba4214","value":"","inline":false,"show_in_checkout":true,"name":"content_106641647ba4214","enablePrice":false,"className":"","enableCl":true,"relations":[{"operator":false,"rules":[{"operator":"AND","rules":{"cl_field":"checkbox_16641647ba420b","cl_relation":"is","cl_val":true}}]}],"price":"","cl_rule":"show","col":6,"type":"content","error":false,"gt_translate_keys":["label","value"],"price_dependency":false,"cl_dependency":false}],[{"label":"","active":true,"required":false,"elementId":"radio-group_06641647ba421f","name":"radio-group_06641647ba421f","label_position":"default","desc_position":"default","enablePrice":true,"className":"","enableCl":true,"relations":[{"operator":false,"rules":[{"operator":"AND","rules":{"cl_field":"checkbox_16641647ba420b","cl_relation":"is","cl_val":true}}]}],"enable_quantity":true,"quantity_label":"","min_quantity":"0","checkUi":"button","layOut":"","options_tooltip":true,"values":[{"label":"\ud83d\udc64 Transport (15\u20ac)","value":"Transport (15\u20ac)","selected":true,"tempId":"aco_32","tooltip":"+4 Years","gt_translate_keys":["label","tooltip"]}],"priceOptions":"fixed_for_all","pricingType":"fixed","price":"15","cl_rule":"show","col":6,"type":"radio-group","error":false,"is_show_price":true,"gt_translate_keys":["label","quantity_label"],"price_dependency":false,"cl_dependency":false,"value":""}],[{"label":"","active":true,"required":false,"elementId":"radio-group-1726047280","name":"radio-group-1726047280","label_position":"default","desc_position":"default","enablePrice":true,"className":"","enableCl":true,"relations":[{"operator":false,"rules":[{"operator":"AND","rules":{"cl_field":"checkbox_16641647ba420b","cl_relation":"is","cl_val":true}}]}],"enable_quantity":true,"quantity_label":"","min_quantity":"0","checkUi":"button","layOut":"","options_tooltip":true,"values":[{"label":"\ud83d\udc76 Toddler Transport (Free)","value":"Toddler Transport (Free)","selected":true,"tempId":"aco_32","tooltip":"0-3 Years","gt_translate_keys":["label","tooltip"]}],"priceOptions":"fixed_for_all","pricingType":"fixed","price":"0","cl_rule":"show","col":6,"type":"radio-group","error":false,"gt_translate_keys":["label","quantity_label"],"price_dependency":false,"cl_dependency":false,"value":""}],[{"active":true,"col":6,"relations":[{"operator":false,"rules":[{"operator":"AND","rules":{"cl_field":"checkbox_16641647ba420b","cl_relation":"is","cl_val":true}}]}],"cl_rule":"show","enableCl":true,"price":"","enablePrice":false,"className":"","label_position":"default","desc_position":"default","type":"text","subtype":"text","required":false,"elementId":"text_16641647ba4231","label":"\ud83d\ude8c Pickup Location","name":"text_16641647ba4231","value":"","error":false,"description":"Pick-up service in Tenerife South. Simply provide your address or hotel name.","gt_translate_keys":["label","description","value"],"price_dependency":false,"cl_dependency":false}]]}},"config":{"price_override":"always","enable_recaptcha":false,"bind_quantity":false,"quantity_bind_formula":false,"disp_summ_show_option_price":false,"disp_summ_show_product_price":false,"disp_summ_show_total_price":false,"disp_summ_show_fee":false,"disp_summ_show_discount":false,"summary_title":"","options_total_label":"Options Price","total_label":"Total Amount","options_product_label":"Product Price","fee_label":"Fee","discount_label":"Discount","has_price":true,"has_quantity_formula":false},"mc_unit":1,"tax_rate":1,"tax_rate_real":1,"discount":{"percentage":0,"fixed":0},"design":{"conf":{"LabelPosition":"above","DescPosition":"above","UploadField":"custom_1","QuantityFieldStyle":"custom_1"},"css":{"LeftLabelWidth":"120px"}},"formulas":[],"lookuptables":[],"clones":false,"cartKey":false}},"_links":{"self":[{"href":"https:\/\/canaryvip.com\/da\/wp-json\/wp\/v2\/product\/11261","targetHints":{"allow":["GET"]}}],"collection":[{"href":"https:\/\/canaryvip.com\/da\/wp-json\/wp\/v2\/product"}],"about":[{"href":"https:\/\/canaryvip.com\/da\/wp-json\/wp\/v2\/types\/product"}],"replies":[{"embeddable":true,"href":"https:\/\/canaryvip.com\/da\/wp-json\/wp\/v2\/comments?post=11261"}],"wp:featuredmedia":[{"embeddable":true,"href":"https:\/\/canaryvip.com\/da\/wp-json\/wp\/v2\/media\/11279"}],"wp:attachment":[{"href":"https:\/\/canaryvip.com\/da\/wp-json\/wp\/v2\/media?parent=11261"}],"wp:term":[{"taxonomy":"product_brand","embeddable":true,"href":"https:\/\/canaryvip.com\/da\/wp-json\/wp\/v2\/product_brand?post=11261"},{"taxonomy":"product_cat","embeddable":true,"href":"https:\/\/canaryvip.com\/da\/wp-json\/wp\/v2\/product_cat?post=11261"},{"taxonomy":"product_tag","embeddable":true,"href":"https:\/\/canaryvip.com\/da\/wp-json\/wp\/v2\/product_tag?post=11261"}],"curies":[{"name":"wp","href":"https:\/\/api.w.org\/{rel}","templated":true}]}}